{"id":40650,"date":"2023-04-14T02:06:24","date_gmt":"2023-04-13T18:06:24","guid":{"rendered":"https:\/\/zxdoll.com\/?post_type=product&#038;p=40650"},"modified":"2025-09-08T03:11:30","modified_gmt":"2025-09-07T19:11:30","slug":"full-size-realistic-adult-female-real-doll","status":"publish","type":"product","link":"https:\/\/zxdoll.com\/sv\/product\/full-size-realistic-adult-female-real-doll\/","title":{"rendered":"Full storlek Realistisk Vuxen Kvinna \u00c4kta Docka Kathrin 166cm"},"content":{"rendered":"<h4><strong>Sexdockabilder<\/strong><\/h4>\n\t                <ul class=\"easy-image-gallery thumbnails-23 linked\">\r\n                    <li><a data-fancybox=\"gallery496\" href=\"https:\/\/zxdoll.com\/wp-content\/uploads\/2023\/04\/thicc-realdoll-6u7u1-533x800.jpg\" class=\"eig-popup\" title=\"\" data-caption=\"\" target=\"_blank\"><i class=\"icon-view\"><\/i><span class=\"overlay\"><\/span><img decoding=\"async\" width=\"150\" height=\"150\" src=\"https:\/\/zxdoll.com\/wp-content\/uploads\/2023\/04\/thicc-realdoll-6u7u1-150x150.jpg\" class=\"attachment-thumbnail size-thumbnail\" alt=\"\" title=\"\"><\/a><\/li><li><a data-fancybox=\"gallery496\" href=\"https:\/\/zxdoll.com\/wp-content\/uploads\/2023\/04\/thicc-realdoll-6u7u3-533x800.jpg\" class=\"eig-popup\" title=\"\" data-caption=\"\" target=\"_blank\"><i class=\"icon-view\"><\/i><span class=\"overlay\"><\/span><img decoding=\"async\" width=\"150\" height=\"150\" src=\"https:\/\/zxdoll.com\/wp-content\/uploads\/2023\/04\/thicc-realdoll-6u7u3-150x150.jpg\" class=\"attachment-thumbnail size-thumbnail\" alt=\"\" title=\"\"><\/a><\/li><li><a data-fancybox=\"gallery496\" href=\"https:\/\/zxdoll.com\/wp-content\/uploads\/2023\/04\/thicc-realdoll-6u7u16-533x800.jpg\" class=\"eig-popup\" title=\"\" data-caption=\"\" target=\"_blank\"><i class=\"icon-view\"><\/i><span class=\"overlay\"><\/span><img decoding=\"async\" width=\"150\" height=\"150\" src=\"https:\/\/zxdoll.com\/wp-content\/uploads\/2023\/04\/thicc-realdoll-6u7u16-150x150.jpg\" class=\"attachment-thumbnail size-thumbnail\" alt=\"\" title=\"\"><\/a><\/li><li><a data-fancybox=\"gallery496\" href=\"https:\/\/zxdoll.com\/wp-content\/uploads\/2023\/04\/thicc-realdoll-6u7u26-533x800.jpg\" class=\"eig-popup\" title=\"\" data-caption=\"\" target=\"_blank\"><i class=\"icon-view\"><\/i><span class=\"overlay\"><\/span><img loading=\"lazy\" decoding=\"async\" width=\"150\" height=\"150\" src=\"https:\/\/zxdoll.com\/wp-content\/uploads\/2023\/04\/thicc-realdoll-6u7u26-150x150.jpg\" class=\"attachment-thumbnail size-thumbnail\" alt=\"\" title=\"\"><\/a><\/li><li><a data-fancybox=\"gallery496\" href=\"https:\/\/zxdoll.com\/wp-content\/uploads\/2023\/04\/thicc-realdoll-6u7u31-533x800.jpg\" class=\"eig-popup\" title=\"\" data-caption=\"\" target=\"_blank\"><i class=\"icon-view\"><\/i><span class=\"overlay\"><\/span><img loading=\"lazy\" decoding=\"async\" width=\"150\" height=\"150\" src=\"https:\/\/zxdoll.com\/wp-content\/uploads\/2023\/04\/thicc-realdoll-6u7u31-150x150.jpg\" class=\"attachment-thumbnail size-thumbnail\" alt=\"\" title=\"\"><\/a><\/li><li><a data-fancybox=\"gallery496\" href=\"https:\/\/zxdoll.com\/wp-content\/uploads\/2023\/04\/thicc-realdoll-6u7u33-533x800.jpg\" class=\"eig-popup\" title=\"\" data-caption=\"\" target=\"_blank\"><i class=\"icon-view\"><\/i><span class=\"overlay\"><\/span><img loading=\"lazy\" decoding=\"async\" width=\"150\" height=\"150\" src=\"https:\/\/zxdoll.com\/wp-content\/uploads\/2023\/04\/thicc-realdoll-6u7u33-150x150.jpg\" class=\"attachment-thumbnail size-thumbnail\" alt=\"\" title=\"\"><\/a><\/li><li><a data-fancybox=\"gallery496\" href=\"https:\/\/zxdoll.com\/wp-content\/uploads\/2023\/04\/thicc-realdoll-6u7u36-533x800.jpg\" class=\"eig-popup\" title=\"\" data-caption=\"\" target=\"_blank\"><i class=\"icon-view\"><\/i><span class=\"overlay\"><\/span><img loading=\"lazy\" decoding=\"async\" width=\"150\" height=\"150\" src=\"https:\/\/zxdoll.com\/wp-content\/uploads\/2023\/04\/thicc-realdoll-6u7u36-150x150.jpg\" class=\"attachment-thumbnail size-thumbnail\" alt=\"\" title=\"\"><\/a><\/li><li><a data-fancybox=\"gallery496\" href=\"https:\/\/zxdoll.com\/wp-content\/uploads\/2023\/04\/thicc-realdoll-6u7u41-533x800.jpg\" class=\"eig-popup\" title=\"\" data-caption=\"\" target=\"_blank\"><i class=\"icon-view\"><\/i><span class=\"overlay\"><\/span><img loading=\"lazy\" decoding=\"async\" width=\"150\" height=\"150\" src=\"https:\/\/zxdoll.com\/wp-content\/uploads\/2023\/04\/thicc-realdoll-6u7u41-150x150.jpg\" class=\"attachment-thumbnail size-thumbnail\" alt=\"\" title=\"\"><\/a><\/li><li><a data-fancybox=\"gallery496\" href=\"https:\/\/zxdoll.com\/wp-content\/uploads\/2023\/04\/thicc-realdoll-6u7u44-533x800.jpg\" class=\"eig-popup\" title=\"\" data-caption=\"\" target=\"_blank\"><i class=\"icon-view\"><\/i><span class=\"overlay\"><\/span><img loading=\"lazy\" decoding=\"async\" width=\"150\" height=\"150\" src=\"https:\/\/zxdoll.com\/wp-content\/uploads\/2023\/04\/thicc-realdoll-6u7u44-150x150.jpg\" class=\"attachment-thumbnail size-thumbnail\" alt=\"\" title=\"\"><\/a><\/li><li><a data-fancybox=\"gallery496\" href=\"https:\/\/zxdoll.com\/wp-content\/uploads\/2023\/04\/thicc-realdoll-6u7u45-533x800.jpg\" class=\"eig-popup\" title=\"\" data-caption=\"\" target=\"_blank\"><i class=\"icon-view\"><\/i><span class=\"overlay\"><\/span><img loading=\"lazy\" decoding=\"async\" width=\"150\" height=\"150\" src=\"https:\/\/zxdoll.com\/wp-content\/uploads\/2023\/04\/thicc-realdoll-6u7u45-150x150.jpg\" class=\"attachment-thumbnail size-thumbnail\" alt=\"\" title=\"\"><\/a><\/li><li><a data-fancybox=\"gallery496\" href=\"https:\/\/zxdoll.com\/wp-content\/uploads\/2023\/04\/thicc-realdoll-6u7u46-533x800.jpg\" class=\"eig-popup\" title=\"\" data-caption=\"\" target=\"_blank\"><i class=\"icon-view\"><\/i><span class=\"overlay\"><\/span><img loading=\"lazy\" decoding=\"async\" width=\"150\" height=\"150\" src=\"https:\/\/zxdoll.com\/wp-content\/uploads\/2023\/04\/thicc-realdoll-6u7u46-150x150.jpg\" class=\"attachment-thumbnail size-thumbnail\" alt=\"\" title=\"\"><\/a><\/li><li><a data-fancybox=\"gallery496\" href=\"https:\/\/zxdoll.com\/wp-content\/uploads\/2023\/04\/thicc-realdoll-6u7u48-533x800.jpg\" class=\"eig-popup\" title=\"\" data-caption=\"\" target=\"_blank\"><i class=\"icon-view\"><\/i><span class=\"overlay\"><\/span><img loading=\"lazy\" decoding=\"async\" width=\"150\" height=\"150\" src=\"https:\/\/zxdoll.com\/wp-content\/uploads\/2023\/04\/thicc-realdoll-6u7u48-150x150.jpg\" class=\"attachment-thumbnail size-thumbnail\" alt=\"\" title=\"\"><\/a><\/li><li><a data-fancybox=\"gallery496\" href=\"https:\/\/zxdoll.com\/wp-content\/uploads\/2023\/04\/thicc-realdoll-6u7u49-533x800.jpg\" class=\"eig-popup\" title=\"\" data-caption=\"\" target=\"_blank\"><i class=\"icon-view\"><\/i><span class=\"overlay\"><\/span><img loading=\"lazy\" decoding=\"async\" width=\"150\" height=\"150\" src=\"https:\/\/zxdoll.com\/wp-content\/uploads\/2023\/04\/thicc-realdoll-6u7u49-150x150.jpg\" class=\"attachment-thumbnail size-thumbnail\" alt=\"\" title=\"\"><\/a><\/li><li><a data-fancybox=\"gallery496\" href=\"https:\/\/zxdoll.com\/wp-content\/uploads\/2023\/04\/thicc-realdoll-6u7u50-533x800.jpg\" class=\"eig-popup\" title=\"\" data-caption=\"\" target=\"_blank\"><i class=\"icon-view\"><\/i><span class=\"overlay\"><\/span><img loading=\"lazy\" decoding=\"async\" width=\"150\" height=\"150\" src=\"https:\/\/zxdoll.com\/wp-content\/uploads\/2023\/04\/thicc-realdoll-6u7u50-150x150.jpg\" class=\"attachment-thumbnail size-thumbnail\" alt=\"\" title=\"\"><\/a><\/li><li><a data-fancybox=\"gallery496\" href=\"https:\/\/zxdoll.com\/wp-content\/uploads\/2023\/04\/thicc-realdoll-6u7u51-533x800.jpg\" class=\"eig-popup\" title=\"\" data-caption=\"\" target=\"_blank\"><i class=\"icon-view\"><\/i><span class=\"overlay\"><\/span><img loading=\"lazy\" decoding=\"async\" width=\"150\" height=\"150\" src=\"https:\/\/zxdoll.com\/wp-content\/uploads\/2023\/04\/thicc-realdoll-6u7u51-150x150.jpg\" class=\"attachment-thumbnail size-thumbnail\" alt=\"\" title=\"\"><\/a><\/li><li><a data-fancybox=\"gallery496\" href=\"https:\/\/zxdoll.com\/wp-content\/uploads\/2023\/04\/thicc-realdoll-6u7u52.jpg\" class=\"eig-popup\" title=\"\" data-caption=\"\" target=\"_blank\"><i class=\"icon-view\"><\/i><span class=\"overlay\"><\/span><img loading=\"lazy\" decoding=\"async\" width=\"150\" height=\"150\" src=\"https:\/\/zxdoll.com\/wp-content\/uploads\/2023\/04\/thicc-realdoll-6u7u52-150x150.jpg\" class=\"attachment-thumbnail size-thumbnail\" alt=\"\" title=\"\"><\/a><\/li><li><a data-fancybox=\"gallery496\" href=\"https:\/\/zxdoll.com\/wp-content\/uploads\/2023\/04\/thicc-realdoll-6u7u53.jpg\" class=\"eig-popup\" title=\"\" data-caption=\"\" target=\"_blank\"><i class=\"icon-view\"><\/i><span class=\"overlay\"><\/span><img loading=\"lazy\" decoding=\"async\" width=\"150\" height=\"150\" src=\"https:\/\/zxdoll.com\/wp-content\/uploads\/2023\/04\/thicc-realdoll-6u7u53-150x150.jpg\" class=\"attachment-thumbnail size-thumbnail\" alt=\"\" title=\"\"><\/a><\/li><li><a data-fancybox=\"gallery496\" href=\"https:\/\/zxdoll.com\/wp-content\/uploads\/2023\/04\/thicc-realdoll-6u7u55-533x800.jpg\" class=\"eig-popup\" title=\"\" data-caption=\"\" target=\"_blank\"><i class=\"icon-view\"><\/i><span class=\"overlay\"><\/span><img loading=\"lazy\" decoding=\"async\" width=\"150\" height=\"150\" src=\"https:\/\/zxdoll.com\/wp-content\/uploads\/2023\/04\/thicc-realdoll-6u7u55-150x150.jpg\" class=\"attachment-thumbnail size-thumbnail\" alt=\"\" title=\"\"><\/a><\/li><li><a data-fancybox=\"gallery496\" href=\"https:\/\/zxdoll.com\/wp-content\/uploads\/2023\/04\/thicc-realdoll-6u7u56.jpg\" class=\"eig-popup\" title=\"\" data-caption=\"\" target=\"_blank\"><i class=\"icon-view\"><\/i><span class=\"overlay\"><\/span><img loading=\"lazy\" decoding=\"async\" width=\"150\" height=\"150\" src=\"https:\/\/zxdoll.com\/wp-content\/uploads\/2023\/04\/thicc-realdoll-6u7u56-150x150.jpg\" class=\"attachment-thumbnail size-thumbnail\" alt=\"\" title=\"\"><\/a><\/li><li><a data-fancybox=\"gallery496\" href=\"https:\/\/zxdoll.com\/wp-content\/uploads\/2023\/04\/thicc-realdoll-6u7u57.jpg\" class=\"eig-popup\" title=\"\" data-caption=\"\" target=\"_blank\"><i class=\"icon-view\"><\/i><span class=\"overlay\"><\/span><img loading=\"lazy\" decoding=\"async\" width=\"150\" height=\"150\" src=\"https:\/\/zxdoll.com\/wp-content\/uploads\/2023\/04\/thicc-realdoll-6u7u57-150x150.jpg\" class=\"attachment-thumbnail size-thumbnail\" alt=\"\" title=\"\"><\/a><\/li><li><a data-fancybox=\"gallery496\" href=\"https:\/\/zxdoll.com\/wp-content\/uploads\/2023\/04\/thicc-realdoll-6u7u58-533x800.jpg\" class=\"eig-popup\" title=\"\" data-caption=\"\" target=\"_blank\"><i class=\"icon-view\"><\/i><span class=\"overlay\"><\/span><img loading=\"lazy\" decoding=\"async\" width=\"150\" height=\"150\" src=\"https:\/\/zxdoll.com\/wp-content\/uploads\/2023\/04\/thicc-realdoll-6u7u58-150x150.jpg\" class=\"attachment-thumbnail size-thumbnail\" alt=\"\" title=\"\"><\/a><\/li><li><a data-fancybox=\"gallery496\" href=\"https:\/\/zxdoll.com\/wp-content\/uploads\/2023\/04\/thicc-realdoll-6u7u59-533x800.jpg\" class=\"eig-popup\" title=\"\" data-caption=\"\" target=\"_blank\"><i class=\"icon-view\"><\/i><span class=\"overlay\"><\/span><img loading=\"lazy\" decoding=\"async\" width=\"150\" height=\"150\" src=\"https:\/\/zxdoll.com\/wp-content\/uploads\/2023\/04\/thicc-realdoll-6u7u59-150x150.jpg\" class=\"attachment-thumbnail size-thumbnail\" alt=\"\" title=\"\"><\/a><\/li><li><a data-fancybox=\"gallery496\" href=\"https:\/\/zxdoll.com\/wp-content\/uploads\/2023\/04\/thicc-realdoll-6u7u60-533x800.jpg\" class=\"eig-popup\" title=\"\" data-caption=\"\" target=\"_blank\"><i class=\"icon-view\"><\/i><span class=\"overlay\"><\/span><img loading=\"lazy\" decoding=\"async\" width=\"150\" height=\"150\" src=\"https:\/\/zxdoll.com\/wp-content\/uploads\/2023\/04\/thicc-realdoll-6u7u60-150x150.jpg\" class=\"attachment-thumbnail size-thumbnail\" alt=\"\" title=\"\"><\/a><\/li><\/ul>\n<h4>Storlekstabeller<\/h4>\n<table width=\"269\">\n<tbody>\n<tr>\n<td width=\"130\">Material<\/td>\n<td width=\"139\">TPE<\/td>\n<\/tr>\n<tr>\n<td>H\u00f6jd<\/td>\n<td>166 cm<\/td>\n<\/tr>\n<tr>\n<td>Br\u00f6stlinje<\/td>\n<td>92 cm<\/td>\n<\/tr>\n<tr>\n<td>Midjelinje<\/td>\n<td>61 cm<\/td>\n<\/tr>\n<tr>\n<td>Hip Line<\/td>\n<td>96 cm<\/td>\n<\/tr>\n<tr>\n<td>Axel bredd<\/td>\n<td>36 cm<\/td>\n<\/tr>\n<tr>\n<td>Benl\u00e4ngd<\/td>\n<td>79 cm<\/td>\n<\/tr>\n<tr>\n<td>Arml\u00e4ngd<\/td>\n<td>61 cm<\/td>\n<\/tr>\n<tr>\n<td>L\u00e5rlinje<\/td>\n<td>46 cm<\/td>\n<\/tr>\n<tr>\n<td>Kalvlinje<\/td>\n<td>31 cm<\/td>\n<\/tr>\n<tr>\n<td>F\u00f6tter Storlek<\/td>\n<td>21 cm<\/td>\n<\/tr>\n<tr>\n<td>Nettovikt<\/td>\n<td>42 kg<\/td>\n<\/tr>\n<tr>\n<td>Oralt djup<\/td>\n<td>13 cm<\/td>\n<\/tr>\n<tr>\n<td>Vaginadjup<\/td>\n<td>18 cm<\/td>\n<\/tr>\n<tr>\n<td>Analt djup<\/td>\n<td>16 cm<\/td>\n<\/tr>\n<\/tbody>\n<\/table>\n<h4>Om Sexdockan<\/h4>\n<p>riktiga kvinnliga dockor har blivit ganska popul\u00e4ra sedan tillv\u00e4xten i sexdockorindustrin, och detta beror p\u00e5 att den kvinnliga riktiga dockan \u00e4r ganska ung j\u00e4mf\u00f6rt med andra dockor, och \u00e4ven om hon \u00e4r en vuxen riktig docka \u00e4r hon fortfarande mycket mer f\u00f6redragen \u00e4n andra vuxna riktiga dockor. Med sexdockan i full storlek i ditt liv finns det mindre saker att oroa sig f\u00f6r och fler f\u00f6rdelar, varav en \u00e4r att hon \u00e4r b\u00e4rbar. Du kan ta med henne p\u00e5 en resa eller aff\u00e4rsresa och ingen skulle ens veta det. Den riktiga sexdockan i naturlig storlek \u00e4r en pour femme-docka; hon \u00e4r elegant och ett smart val. Hon kommer med en smal kropp; du kan missta henne. V\u00e5r realistiska sexdocka har ocks\u00e5 realistisk hud; hon ser v\u00e4ldigt m\u00e4nsklig ut och att ha sex med den h\u00e4r dockan skulle ge dig samma upplevelse som att ha sex med en riktig m\u00e4nniska. G\u00f6r r\u00e4tt val och v\u00e4lj r\u00e4tt docka. V\u00e5ra riktiga sexdockor i naturlig storlek s\u00e4ljs till ett \u00f6verkomligt pris, vilket g\u00f6r det enkelt f\u00f6r m\u00e4nniskor att k\u00f6pa realistiska sexdockor. Hon kostar inte mycket, och hon \u00e4r v\u00e4ldigt lojal.<\/p>","protected":false},"excerpt":{"rendered":"<p>Sexdocka Bilder Storlekstabell Material TPE H\u00f6jd 166cm Br\u00f6stlinje 92cm Midjelinje 61cm H\u00f6ftlinje 96cm Axelbredd<\/p>","protected":false},"featured_media":40657,"comment_status":"open","ping_status":"closed","template":"","meta":[],"product_brand":[],"product_cat":[119,75,231,80,77,116,115,101],"product_tag":[],"class_list":{"0":"post-40650","1":"product","2":"type-product","3":"status-publish","4":"has-post-thumbnail","6":"product_cat-tpe-sex-doll","7":"product_cat-160cm-170cm-sex-dolls","8":"product_cat-41kg-45kg","9":"product_cat-asian-sex-doll","10":"product_cat-bbw-sex-doll","11":"product_cat-big-boobs-sex-doll","12":"product_cat-big-booty-sex-doll","13":"product_cat-lesbian-sex-doll","14":"pa_brand-af-doll","15":"tm-has-options","17":"first","18":"instock","19":"sale","20":"shipping-taxable","21":"purchasable","22":"product-type-simple"},"_links":{"self":[{"href":"https:\/\/zxdoll.com\/sv\/wp-json\/wp\/v2\/product\/40650","targetHints":{"allow":["GET"]}}],"collection":[{"href":"https:\/\/zxdoll.com\/sv\/wp-json\/wp\/v2\/product"}],"about":[{"href":"https:\/\/zxdoll.com\/sv\/wp-json\/wp\/v2\/types\/product"}],"replies":[{"embeddable":true,"href":"https:\/\/zxdoll.com\/sv\/wp-json\/wp\/v2\/comments?post=40650"}],"version-history":[{"count":1,"href":"https:\/\/zxdoll.com\/sv\/wp-json\/wp\/v2\/product\/40650\/revisions"}],"predecessor-version":[{"id":101743,"href":"https:\/\/zxdoll.com\/sv\/wp-json\/wp\/v2\/product\/40650\/revisions\/101743"}],"wp:featuredmedia":[{"embeddable":true,"href":"https:\/\/zxdoll.com\/sv\/wp-json\/wp\/v2\/media\/40657"}],"wp:attachment":[{"href":"https:\/\/zxdoll.com\/sv\/wp-json\/wp\/v2\/media?parent=40650"}],"wp:term":[{"taxonomy":"product_brand","embeddable":true,"href":"https:\/\/zxdoll.com\/sv\/wp-json\/wp\/v2\/product_brand?post=40650"},{"taxonomy":"product_cat","embeddable":true,"href":"https:\/\/zxdoll.com\/sv\/wp-json\/wp\/v2\/product_cat?post=40650"},{"taxonomy":"product_tag","embeddable":true,"href":"https:\/\/zxdoll.com\/sv\/wp-json\/wp\/v2\/product_tag?post=40650"}],"curies":[{"name":"wp","href":"https:\/\/api.w.org\/{rel}","templated":true}]}}