{"id":40615,"date":"2023-04-14T02:00:07","date_gmt":"2023-04-13T18:00:07","guid":{"rendered":"https:\/\/zxdoll.com\/?post_type=product&#038;p=40615"},"modified":"2025-09-08T03:06:41","modified_gmt":"2025-09-07T19:06:41","slug":"role-play-curly-female-porn-sex-doll","status":"publish","type":"product","link":"https:\/\/zxdoll.com\/sv\/product\/role-play-curly-female-porn-sex-doll\/","title":{"rendered":"Rollspel Lockig kvinnlig porr Sexdocka Koressa 165cm"},"content":{"rendered":"<h4><strong>Sexdockabilder<\/strong><\/h4>\n\t                <ul class=\"easy-image-gallery thumbnails-12 linked\">\r\n                    <li><a data-fancybox=\"gallery419\" href=\"https:\/\/zxdoll.com\/wp-content\/uploads\/2023\/04\/lovedoll-porn-4t5b1-533x800.jpg\" class=\"eig-popup\" title=\"\" data-caption=\"\" target=\"_blank\"><i class=\"icon-view\"><\/i><span class=\"overlay\"><\/span><img decoding=\"async\" width=\"150\" height=\"150\" src=\"https:\/\/zxdoll.com\/wp-content\/uploads\/2023\/04\/lovedoll-porn-4t5b1-150x150.jpg\" class=\"attachment-thumbnail size-thumbnail\" alt=\"\" title=\"\"><\/a><\/li><li><a data-fancybox=\"gallery419\" href=\"https:\/\/zxdoll.com\/wp-content\/uploads\/2023\/04\/lovedoll-porn-4t5b4-533x800.jpg\" class=\"eig-popup\" title=\"\" data-caption=\"\" target=\"_blank\"><i class=\"icon-view\"><\/i><span class=\"overlay\"><\/span><img decoding=\"async\" width=\"150\" height=\"150\" src=\"https:\/\/zxdoll.com\/wp-content\/uploads\/2023\/04\/lovedoll-porn-4t5b4-150x150.jpg\" class=\"attachment-thumbnail size-thumbnail\" alt=\"\" title=\"\"><\/a><\/li><li><a data-fancybox=\"gallery419\" href=\"https:\/\/zxdoll.com\/wp-content\/uploads\/2023\/04\/lovedoll-porn-4t5b8-533x800.jpg\" class=\"eig-popup\" title=\"\" data-caption=\"\" target=\"_blank\"><i class=\"icon-view\"><\/i><span class=\"overlay\"><\/span><img decoding=\"async\" width=\"150\" height=\"150\" src=\"https:\/\/zxdoll.com\/wp-content\/uploads\/2023\/04\/lovedoll-porn-4t5b8-150x150.jpg\" class=\"attachment-thumbnail size-thumbnail\" alt=\"\" title=\"\"><\/a><\/li><li><a data-fancybox=\"gallery419\" href=\"https:\/\/zxdoll.com\/wp-content\/uploads\/2023\/04\/lovedoll-porn-4t5b17-533x800.jpg\" class=\"eig-popup\" title=\"\" data-caption=\"\" target=\"_blank\"><i class=\"icon-view\"><\/i><span class=\"overlay\"><\/span><img loading=\"lazy\" decoding=\"async\" width=\"150\" height=\"150\" src=\"https:\/\/zxdoll.com\/wp-content\/uploads\/2023\/04\/lovedoll-porn-4t5b17-150x150.jpg\" class=\"attachment-thumbnail size-thumbnail\" alt=\"\" title=\"\"><\/a><\/li><li><a data-fancybox=\"gallery419\" href=\"https:\/\/zxdoll.com\/wp-content\/uploads\/2023\/04\/lovedoll-porn-4t5b22-533x800.jpg\" class=\"eig-popup\" title=\"\" data-caption=\"\" target=\"_blank\"><i class=\"icon-view\"><\/i><span class=\"overlay\"><\/span><img loading=\"lazy\" decoding=\"async\" width=\"150\" height=\"150\" src=\"https:\/\/zxdoll.com\/wp-content\/uploads\/2023\/04\/lovedoll-porn-4t5b22-150x150.jpg\" class=\"attachment-thumbnail size-thumbnail\" alt=\"\" title=\"\"><\/a><\/li><li><a data-fancybox=\"gallery419\" href=\"https:\/\/zxdoll.com\/wp-content\/uploads\/2023\/04\/lovedoll-porn-4t5b23-533x800.jpg\" class=\"eig-popup\" title=\"\" data-caption=\"\" target=\"_blank\"><i class=\"icon-view\"><\/i><span class=\"overlay\"><\/span><img loading=\"lazy\" decoding=\"async\" width=\"150\" height=\"150\" src=\"https:\/\/zxdoll.com\/wp-content\/uploads\/2023\/04\/lovedoll-porn-4t5b23-150x150.jpg\" class=\"attachment-thumbnail size-thumbnail\" alt=\"\" title=\"\"><\/a><\/li><li><a data-fancybox=\"gallery419\" href=\"https:\/\/zxdoll.com\/wp-content\/uploads\/2023\/04\/lovedoll-porn-4t5b33-533x800.jpg\" class=\"eig-popup\" title=\"\" data-caption=\"\" target=\"_blank\"><i class=\"icon-view\"><\/i><span class=\"overlay\"><\/span><img loading=\"lazy\" decoding=\"async\" width=\"150\" height=\"150\" src=\"https:\/\/zxdoll.com\/wp-content\/uploads\/2023\/04\/lovedoll-porn-4t5b33-150x150.jpg\" class=\"attachment-thumbnail size-thumbnail\" alt=\"\" title=\"\"><\/a><\/li><li><a data-fancybox=\"gallery419\" href=\"https:\/\/zxdoll.com\/wp-content\/uploads\/2023\/04\/lovedoll-porn-4t5b38-533x800.jpg\" class=\"eig-popup\" title=\"\" data-caption=\"\" target=\"_blank\"><i class=\"icon-view\"><\/i><span class=\"overlay\"><\/span><img loading=\"lazy\" decoding=\"async\" width=\"150\" height=\"150\" src=\"https:\/\/zxdoll.com\/wp-content\/uploads\/2023\/04\/lovedoll-porn-4t5b38-150x150.jpg\" class=\"attachment-thumbnail size-thumbnail\" alt=\"\" title=\"\"><\/a><\/li><li><a data-fancybox=\"gallery419\" href=\"https:\/\/zxdoll.com\/wp-content\/uploads\/2023\/04\/lovedoll-porn-4t5b39-533x800.jpg\" class=\"eig-popup\" title=\"\" data-caption=\"\" target=\"_blank\"><i class=\"icon-view\"><\/i><span class=\"overlay\"><\/span><img loading=\"lazy\" decoding=\"async\" width=\"150\" height=\"150\" src=\"https:\/\/zxdoll.com\/wp-content\/uploads\/2023\/04\/lovedoll-porn-4t5b39-150x150.jpg\" class=\"attachment-thumbnail size-thumbnail\" alt=\"\" title=\"\"><\/a><\/li><li><a data-fancybox=\"gallery419\" href=\"https:\/\/zxdoll.com\/wp-content\/uploads\/2023\/04\/lovedoll-porn-4t5b44-533x800.jpg\" class=\"eig-popup\" title=\"\" data-caption=\"\" target=\"_blank\"><i class=\"icon-view\"><\/i><span class=\"overlay\"><\/span><img loading=\"lazy\" decoding=\"async\" width=\"150\" height=\"150\" src=\"https:\/\/zxdoll.com\/wp-content\/uploads\/2023\/04\/lovedoll-porn-4t5b44-150x150.jpg\" class=\"attachment-thumbnail size-thumbnail\" alt=\"\" title=\"\"><\/a><\/li><li><a data-fancybox=\"gallery419\" href=\"https:\/\/zxdoll.com\/wp-content\/uploads\/2023\/04\/lovedoll-porn-4t5b45.jpg\" class=\"eig-popup\" title=\"\" data-caption=\"\" target=\"_blank\"><i class=\"icon-view\"><\/i><span class=\"overlay\"><\/span><img loading=\"lazy\" decoding=\"async\" width=\"150\" height=\"150\" src=\"https:\/\/zxdoll.com\/wp-content\/uploads\/2023\/04\/lovedoll-porn-4t5b45-150x150.jpg\" class=\"attachment-thumbnail size-thumbnail\" alt=\"\" title=\"\"><\/a><\/li><li><a data-fancybox=\"gallery419\" href=\"https:\/\/zxdoll.com\/wp-content\/uploads\/2023\/04\/lovedoll-porn-4t5b46-533x800.jpg\" class=\"eig-popup\" title=\"\" data-caption=\"\" target=\"_blank\"><i class=\"icon-view\"><\/i><span class=\"overlay\"><\/span><img loading=\"lazy\" decoding=\"async\" width=\"150\" height=\"150\" src=\"https:\/\/zxdoll.com\/wp-content\/uploads\/2023\/04\/lovedoll-porn-4t5b46-150x150.jpg\" class=\"attachment-thumbnail size-thumbnail\" alt=\"\" title=\"\"><\/a><\/li><\/ul>\n<h4>Storlekstabeller<\/h4>\n<table width=\"269\">\n<tbody>\n<tr>\n<td width=\"130\">Material<\/td>\n<td width=\"139\">TPE<\/td>\n<\/tr>\n<tr>\n<td>H\u00f6jd<\/td>\n<td>165 cm<\/td>\n<\/tr>\n<tr>\n<td>Br\u00f6stlinje<\/td>\n<td>88 cm<\/td>\n<\/tr>\n<tr>\n<td>Midjelinje<\/td>\n<td>55 cm<\/td>\n<\/tr>\n<tr>\n<td>Hip Line<\/td>\n<td>86 cm<\/td>\n<\/tr>\n<tr>\n<td>Axel bredd<\/td>\n<td>37 cm<\/td>\n<\/tr>\n<tr>\n<td>Benl\u00e4ngd<\/td>\n<td>85 cm<\/td>\n<\/tr>\n<tr>\n<td>Arml\u00e4ngd<\/td>\n<td>58 cm<\/td>\n<\/tr>\n<tr>\n<td>L\u00e5rlinje<\/td>\n<td>44 cm<\/td>\n<\/tr>\n<tr>\n<td>Kalvlinje<\/td>\n<td>29 cm<\/td>\n<\/tr>\n<tr>\n<td>F\u00f6tter Storlek<\/td>\n<td>21 cm<\/td>\n<\/tr>\n<tr>\n<td>Nettovikt<\/td>\n<td>36 kg<\/td>\n<\/tr>\n<tr>\n<td>Oralt djup<\/td>\n<td>13 cm<\/td>\n<\/tr>\n<tr>\n<td>Vaginadjup<\/td>\n<td>18 cm<\/td>\n<\/tr>\n<tr>\n<td>Analt djup<\/td>\n<td>16 cm<\/td>\n<\/tr>\n<\/tbody>\n<\/table>\n<h4>Om Sexdockan<\/h4>\n<p>Det finns faktiskt dockor som kommer med ett lockigt huvud; vi kallar dem &quot;dockor med lockigt h\u00e5r&quot;, och dessa dockor \u00e4r kattdockor; de ser h\u00e5rda och farliga ut, vilket g\u00f6r dem mer sexuellt tilltalande f\u00f6r m\u00e4ns \u00f6gon. V\u00e5r Kik-docka \u00e4r en piperporrdocka; hon \u00e4r ett odjur i sovrummet, och hon har inget emot ett litet rollspel f\u00f6r att piffa upp sex. Denna kvinnliga porr-sexdocka \u00e4r inte bara en sexpartner; du kan anv\u00e4nda henne i dina porrfilmer och se henne utf\u00f6ra sin magi. Wendy-dockan kan ocks\u00e5 anv\u00e4ndas av homosexuella, och hon har en video f\u00f6r gay-sexdockor tillg\u00e4nglig f\u00f6r din visning p\u00e5 v\u00e5r hemsida. Detta lockiga dockhuvud b\u00f6r underh\u00e5llas om du vill att hon ska forts\u00e4tta vara attraktiv, och det faktum att hon \u00e4r en sexporrdocka i silikon betyder att hon skulle h\u00e5lla l\u00e4nge om du tog hand om din docka ordentligt. Om du inte vet det r\u00e4tta s\u00e4ttet, se d\u00e5 n\u00e4r vi guidar dig om hur du lagrar dockor p\u00e5 l\u00e5ng sikt. Detta hj\u00e4lper dig att spara pengar. V\u00e5ra dockor kostar inte mycket, och att k\u00f6pa dem \u00e4r billigare \u00e4n du kanske trodde.<\/p>","protected":false},"excerpt":{"rendered":"<p>Sexdocka Bilder Storlekstabell Material TPE H\u00f6jd 165cm Br\u00f6stlinje 88cm Midjelinje 55cm H\u00f6ftlinje 86cm Axelbredd<\/p>","protected":false},"featured_media":40618,"comment_status":"open","ping_status":"closed","template":"","meta":[],"product_brand":[],"product_cat":[119,75,230,101,107,117],"product_tag":[],"class_list":{"0":"post-40615","1":"product","2":"type-product","3":"status-publish","4":"has-post-thumbnail","6":"product_cat-tpe-sex-doll","7":"product_cat-160cm-170cm-sex-dolls","8":"product_cat-36kg-40kg","9":"product_cat-lesbian-sex-doll","10":"product_cat-skinny-sex-dolls","11":"product_cat-small-breast-sex-doll","12":"pa_brand-af-doll","13":"tm-has-options","15":"first","16":"instock","17":"sale","18":"shipping-taxable","19":"purchasable","20":"product-type-simple"},"_links":{"self":[{"href":"https:\/\/zxdoll.com\/sv\/wp-json\/wp\/v2\/product\/40615","targetHints":{"allow":["GET"]}}],"collection":[{"href":"https:\/\/zxdoll.com\/sv\/wp-json\/wp\/v2\/product"}],"about":[{"href":"https:\/\/zxdoll.com\/sv\/wp-json\/wp\/v2\/types\/product"}],"replies":[{"embeddable":true,"href":"https:\/\/zxdoll.com\/sv\/wp-json\/wp\/v2\/comments?post=40615"}],"version-history":[{"count":2,"href":"https:\/\/zxdoll.com\/sv\/wp-json\/wp\/v2\/product\/40615\/revisions"}],"predecessor-version":[{"id":155388,"href":"https:\/\/zxdoll.com\/sv\/wp-json\/wp\/v2\/product\/40615\/revisions\/155388"}],"wp:featuredmedia":[{"embeddable":true,"href":"https:\/\/zxdoll.com\/sv\/wp-json\/wp\/v2\/media\/40618"}],"wp:attachment":[{"href":"https:\/\/zxdoll.com\/sv\/wp-json\/wp\/v2\/media?parent=40615"}],"wp:term":[{"taxonomy":"product_brand","embeddable":true,"href":"https:\/\/zxdoll.com\/sv\/wp-json\/wp\/v2\/product_brand?post=40615"},{"taxonomy":"product_cat","embeddable":true,"href":"https:\/\/zxdoll.com\/sv\/wp-json\/wp\/v2\/product_cat?post=40615"},{"taxonomy":"product_tag","embeddable":true,"href":"https:\/\/zxdoll.com\/sv\/wp-json\/wp\/v2\/product_tag?post=40615"}],"curies":[{"name":"wp","href":"https:\/\/api.w.org\/{rel}","templated":true}]}}