{"id":36503,"date":"2023-04-09T04:11:12","date_gmt":"2023-04-08T20:11:12","guid":{"rendered":"https:\/\/zxdoll.com\/?post_type=product&#038;p=36503"},"modified":"2025-09-08T01:36:02","modified_gmt":"2025-09-07T17:36:02","slug":"sexy-beauty-affordable-lady-doll","status":"publish","type":"product","link":"https:\/\/zxdoll.com\/sv\/product\/sexy-beauty-affordable-lady-doll\/","title":{"rendered":"Sexig sk\u00f6nhet Prisv\u00e4rd Lady Doll Tameika 158cm"},"content":{"rendered":"<h4><strong>Sexdockabilder<\/strong><\/h4>\n\t                <ul class=\"easy-image-gallery thumbnails-20 linked\">\r\n                    <li><a data-fancybox=\"gallery558\" href=\"https:\/\/zxdoll.com\/wp-content\/uploads\/2023\/04\/life-size-love-dolls-5t6c1-533x800.jpg\" class=\"eig-popup\" title=\"\" data-caption=\"\" target=\"_blank\"><i class=\"icon-view\"><\/i><span class=\"overlay\"><\/span><img decoding=\"async\" width=\"150\" height=\"150\" src=\"https:\/\/zxdoll.com\/wp-content\/uploads\/2023\/04\/life-size-love-dolls-5t6c1-150x150.jpg\" class=\"attachment-thumbnail size-thumbnail\" alt=\"\" title=\"\"><\/a><\/li><li><a data-fancybox=\"gallery558\" href=\"https:\/\/zxdoll.com\/wp-content\/uploads\/2023\/04\/life-size-love-dolls-5t6c3-533x800.jpg\" class=\"eig-popup\" title=\"\" data-caption=\"\" target=\"_blank\"><i class=\"icon-view\"><\/i><span class=\"overlay\"><\/span><img decoding=\"async\" width=\"150\" height=\"150\" src=\"https:\/\/zxdoll.com\/wp-content\/uploads\/2023\/04\/life-size-love-dolls-5t6c3-150x150.jpg\" class=\"attachment-thumbnail size-thumbnail\" alt=\"\" title=\"\"><\/a><\/li><li><a data-fancybox=\"gallery558\" href=\"https:\/\/zxdoll.com\/wp-content\/uploads\/2023\/04\/life-size-love-dolls-5t6c6-533x800.jpg\" class=\"eig-popup\" title=\"\" data-caption=\"\" target=\"_blank\"><i class=\"icon-view\"><\/i><span class=\"overlay\"><\/span><img decoding=\"async\" width=\"150\" height=\"150\" src=\"https:\/\/zxdoll.com\/wp-content\/uploads\/2023\/04\/life-size-love-dolls-5t6c6-150x150.jpg\" class=\"attachment-thumbnail size-thumbnail\" alt=\"\" title=\"\"><\/a><\/li><li><a data-fancybox=\"gallery558\" href=\"https:\/\/zxdoll.com\/wp-content\/uploads\/2023\/04\/life-size-love-dolls-5t6c8-533x800.jpg\" class=\"eig-popup\" title=\"\" data-caption=\"\" target=\"_blank\"><i class=\"icon-view\"><\/i><span class=\"overlay\"><\/span><img loading=\"lazy\" decoding=\"async\" width=\"150\" height=\"150\" src=\"https:\/\/zxdoll.com\/wp-content\/uploads\/2023\/04\/life-size-love-dolls-5t6c8-150x150.jpg\" class=\"attachment-thumbnail size-thumbnail\" alt=\"\" title=\"\"><\/a><\/li><li><a data-fancybox=\"gallery558\" href=\"https:\/\/zxdoll.com\/wp-content\/uploads\/2023\/04\/life-size-love-dolls-5t6c10-533x800.jpg\" class=\"eig-popup\" title=\"\" data-caption=\"\" target=\"_blank\"><i class=\"icon-view\"><\/i><span class=\"overlay\"><\/span><img loading=\"lazy\" decoding=\"async\" width=\"150\" height=\"150\" src=\"https:\/\/zxdoll.com\/wp-content\/uploads\/2023\/04\/life-size-love-dolls-5t6c10-150x150.jpg\" class=\"attachment-thumbnail size-thumbnail\" alt=\"\" title=\"\"><\/a><\/li><li><a data-fancybox=\"gallery558\" href=\"https:\/\/zxdoll.com\/wp-content\/uploads\/2023\/04\/life-size-love-dolls-5t6c13-533x800.jpg\" class=\"eig-popup\" title=\"\" data-caption=\"\" target=\"_blank\"><i class=\"icon-view\"><\/i><span class=\"overlay\"><\/span><img loading=\"lazy\" decoding=\"async\" width=\"150\" height=\"150\" src=\"https:\/\/zxdoll.com\/wp-content\/uploads\/2023\/04\/life-size-love-dolls-5t6c13-150x150.jpg\" class=\"attachment-thumbnail size-thumbnail\" alt=\"\" title=\"\"><\/a><\/li><li><a data-fancybox=\"gallery558\" href=\"https:\/\/zxdoll.com\/wp-content\/uploads\/2023\/04\/life-size-love-dolls-5t6c14-533x800.jpg\" class=\"eig-popup\" title=\"\" data-caption=\"\" target=\"_blank\"><i class=\"icon-view\"><\/i><span class=\"overlay\"><\/span><img loading=\"lazy\" decoding=\"async\" width=\"150\" height=\"150\" src=\"https:\/\/zxdoll.com\/wp-content\/uploads\/2023\/04\/life-size-love-dolls-5t6c14-150x150.jpg\" class=\"attachment-thumbnail size-thumbnail\" alt=\"\" title=\"\"><\/a><\/li><li><a data-fancybox=\"gallery558\" href=\"https:\/\/zxdoll.com\/wp-content\/uploads\/2023\/04\/life-size-love-dolls-5t6c15-533x800.jpg\" class=\"eig-popup\" title=\"\" data-caption=\"\" target=\"_blank\"><i class=\"icon-view\"><\/i><span class=\"overlay\"><\/span><img loading=\"lazy\" decoding=\"async\" width=\"150\" height=\"150\" src=\"https:\/\/zxdoll.com\/wp-content\/uploads\/2023\/04\/life-size-love-dolls-5t6c15-150x150.jpg\" class=\"attachment-thumbnail size-thumbnail\" alt=\"\" title=\"\"><\/a><\/li><li><a data-fancybox=\"gallery558\" href=\"https:\/\/zxdoll.com\/wp-content\/uploads\/2023\/04\/life-size-love-dolls-5t6c17-533x800.jpg\" class=\"eig-popup\" title=\"\" data-caption=\"\" target=\"_blank\"><i class=\"icon-view\"><\/i><span class=\"overlay\"><\/span><img loading=\"lazy\" decoding=\"async\" width=\"150\" height=\"150\" src=\"https:\/\/zxdoll.com\/wp-content\/uploads\/2023\/04\/life-size-love-dolls-5t6c17-150x150.jpg\" class=\"attachment-thumbnail size-thumbnail\" alt=\"\" title=\"\"><\/a><\/li><li><a data-fancybox=\"gallery558\" href=\"https:\/\/zxdoll.com\/wp-content\/uploads\/2023\/04\/life-size-love-dolls-5t6c19-533x800.jpg\" class=\"eig-popup\" title=\"\" data-caption=\"\" target=\"_blank\"><i class=\"icon-view\"><\/i><span class=\"overlay\"><\/span><img loading=\"lazy\" decoding=\"async\" width=\"150\" height=\"150\" src=\"https:\/\/zxdoll.com\/wp-content\/uploads\/2023\/04\/life-size-love-dolls-5t6c19-150x150.jpg\" class=\"attachment-thumbnail size-thumbnail\" alt=\"\" title=\"\"><\/a><\/li><li><a data-fancybox=\"gallery558\" href=\"https:\/\/zxdoll.com\/wp-content\/uploads\/2023\/04\/life-size-love-dolls-5t6c20-533x800.jpg\" class=\"eig-popup\" title=\"\" data-caption=\"\" target=\"_blank\"><i class=\"icon-view\"><\/i><span class=\"overlay\"><\/span><img loading=\"lazy\" decoding=\"async\" width=\"150\" height=\"150\" src=\"https:\/\/zxdoll.com\/wp-content\/uploads\/2023\/04\/life-size-love-dolls-5t6c20-150x150.jpg\" class=\"attachment-thumbnail size-thumbnail\" alt=\"\" title=\"\"><\/a><\/li><li><a data-fancybox=\"gallery558\" href=\"https:\/\/zxdoll.com\/wp-content\/uploads\/2023\/04\/life-size-love-dolls-5t6c21-533x800.jpg\" class=\"eig-popup\" title=\"\" data-caption=\"\" target=\"_blank\"><i class=\"icon-view\"><\/i><span class=\"overlay\"><\/span><img loading=\"lazy\" decoding=\"async\" width=\"150\" height=\"150\" src=\"https:\/\/zxdoll.com\/wp-content\/uploads\/2023\/04\/life-size-love-dolls-5t6c21-150x150.jpg\" class=\"attachment-thumbnail size-thumbnail\" alt=\"\" title=\"\"><\/a><\/li><li><a data-fancybox=\"gallery558\" href=\"https:\/\/zxdoll.com\/wp-content\/uploads\/2023\/04\/life-size-love-dolls-5t6c23-533x800.jpg\" class=\"eig-popup\" title=\"\" data-caption=\"\" target=\"_blank\"><i class=\"icon-view\"><\/i><span class=\"overlay\"><\/span><img loading=\"lazy\" decoding=\"async\" width=\"150\" height=\"150\" src=\"https:\/\/zxdoll.com\/wp-content\/uploads\/2023\/04\/life-size-love-dolls-5t6c23-150x150.jpg\" class=\"attachment-thumbnail size-thumbnail\" alt=\"\" title=\"\"><\/a><\/li><li><a data-fancybox=\"gallery558\" href=\"https:\/\/zxdoll.com\/wp-content\/uploads\/2023\/04\/life-size-love-dolls-5t6c24-533x800.jpg\" class=\"eig-popup\" title=\"\" data-caption=\"\" target=\"_blank\"><i class=\"icon-view\"><\/i><span class=\"overlay\"><\/span><img loading=\"lazy\" decoding=\"async\" width=\"150\" height=\"150\" src=\"https:\/\/zxdoll.com\/wp-content\/uploads\/2023\/04\/life-size-love-dolls-5t6c24-150x150.jpg\" class=\"attachment-thumbnail size-thumbnail\" alt=\"\" title=\"\"><\/a><\/li><li><a data-fancybox=\"gallery558\" href=\"https:\/\/zxdoll.com\/wp-content\/uploads\/2023\/04\/life-size-love-dolls-5t6c25-533x800.jpg\" class=\"eig-popup\" title=\"\" data-caption=\"\" target=\"_blank\"><i class=\"icon-view\"><\/i><span class=\"overlay\"><\/span><img loading=\"lazy\" decoding=\"async\" width=\"150\" height=\"150\" src=\"https:\/\/zxdoll.com\/wp-content\/uploads\/2023\/04\/life-size-love-dolls-5t6c25-150x150.jpg\" class=\"attachment-thumbnail size-thumbnail\" alt=\"\" title=\"\"><\/a><\/li><li><a data-fancybox=\"gallery558\" href=\"https:\/\/zxdoll.com\/wp-content\/uploads\/2023\/04\/life-size-love-dolls-5t6c26-533x800.jpg\" class=\"eig-popup\" title=\"\" data-caption=\"\" target=\"_blank\"><i class=\"icon-view\"><\/i><span class=\"overlay\"><\/span><img loading=\"lazy\" decoding=\"async\" width=\"150\" height=\"150\" src=\"https:\/\/zxdoll.com\/wp-content\/uploads\/2023\/04\/life-size-love-dolls-5t6c26-150x150.jpg\" class=\"attachment-thumbnail size-thumbnail\" alt=\"\" title=\"\"><\/a><\/li><li><a data-fancybox=\"gallery558\" href=\"https:\/\/zxdoll.com\/wp-content\/uploads\/2023\/04\/life-size-love-dolls-5t6c28-533x800.jpg\" class=\"eig-popup\" title=\"\" data-caption=\"\" target=\"_blank\"><i class=\"icon-view\"><\/i><span class=\"overlay\"><\/span><img loading=\"lazy\" decoding=\"async\" width=\"150\" height=\"150\" src=\"https:\/\/zxdoll.com\/wp-content\/uploads\/2023\/04\/life-size-love-dolls-5t6c28-150x150.jpg\" class=\"attachment-thumbnail size-thumbnail\" alt=\"\" title=\"\"><\/a><\/li><li><a data-fancybox=\"gallery558\" href=\"https:\/\/zxdoll.com\/wp-content\/uploads\/2023\/04\/life-size-love-dolls-5t6c29-533x800.jpg\" class=\"eig-popup\" title=\"\" data-caption=\"\" target=\"_blank\"><i class=\"icon-view\"><\/i><span class=\"overlay\"><\/span><img loading=\"lazy\" decoding=\"async\" width=\"150\" height=\"150\" src=\"https:\/\/zxdoll.com\/wp-content\/uploads\/2023\/04\/life-size-love-dolls-5t6c29-150x150.jpg\" class=\"attachment-thumbnail size-thumbnail\" alt=\"\" title=\"\"><\/a><\/li><li><a data-fancybox=\"gallery558\" href=\"https:\/\/zxdoll.com\/wp-content\/uploads\/2023\/04\/life-size-love-dolls-5t6c31-533x800.jpg\" class=\"eig-popup\" title=\"\" data-caption=\"\" target=\"_blank\"><i class=\"icon-view\"><\/i><span class=\"overlay\"><\/span><img loading=\"lazy\" decoding=\"async\" width=\"150\" height=\"150\" src=\"https:\/\/zxdoll.com\/wp-content\/uploads\/2023\/04\/life-size-love-dolls-5t6c31-150x150.jpg\" class=\"attachment-thumbnail size-thumbnail\" alt=\"\" title=\"\"><\/a><\/li><li><a data-fancybox=\"gallery558\" href=\"https:\/\/zxdoll.com\/wp-content\/uploads\/2023\/04\/life-size-love-dolls-5t6c32-533x800.jpg\" class=\"eig-popup\" title=\"\" data-caption=\"\" target=\"_blank\"><i class=\"icon-view\"><\/i><span class=\"overlay\"><\/span><img loading=\"lazy\" decoding=\"async\" width=\"150\" height=\"150\" src=\"https:\/\/zxdoll.com\/wp-content\/uploads\/2023\/04\/life-size-love-dolls-5t6c32-150x150.jpg\" class=\"attachment-thumbnail size-thumbnail\" alt=\"\" title=\"\"><\/a><\/li><\/ul>\n<h4>Storlekstabeller<\/h4>\n<table width=\"292\">\n<tbody>\n<tr>\n<td width=\"153\">Material<\/td>\n<td width=\"139\">TPE<\/td>\n<\/tr>\n<tr>\n<td>H\u00f6jd<\/td>\n<td>158 cm<\/td>\n<\/tr>\n<tr>\n<td>S\u00e4tta dit<\/td>\n<td>87 cm<\/td>\n<\/tr>\n<tr>\n<td>Midja<\/td>\n<td>60 cm<\/td>\n<\/tr>\n<tr>\n<td>H\u00f6ft<\/td>\n<td>99 cm<\/td>\n<\/tr>\n<tr>\n<td>Arml\u00e4ngd<\/td>\n<td>63 cm<\/td>\n<\/tr>\n<tr>\n<td>Fot<\/td>\n<td>22 cm<\/td>\n<\/tr>\n<tr>\n<td>Nettovikt<\/td>\n<td>41 kg<\/td>\n<\/tr>\n<tr>\n<td>Oralt djup<\/td>\n<td>13 cm<\/td>\n<\/tr>\n<tr>\n<td>Vaginadjup<\/td>\n<td>18 cm<\/td>\n<\/tr>\n<tr>\n<td>Analt djup<\/td>\n<td>16 cm<\/td>\n<\/tr>\n<\/tbody>\n<\/table>\n<h4>Om Sexdockan<\/h4>\n<p>vi presenterar v\u00e5r h\u00e4ftiga lilla Dracula samlardocka perfekt f\u00f6r den mer fantasi\u00e4lskande anv\u00e4ndaren. Denna edgy sexiga sk\u00f6nhet har alla de b\u00e4sta egenskaperna hos en docka med slutande \u00f6gon. Allts\u00e5 att l\u00e4gga till en niv\u00e5 av djup till det redan v\u00e4l detaljerade verklighetstrogna utseendet. Dessutom till ett s\u00e5dant snyggt utseende. Den h\u00e4r ryska kodockan \u00e4r fulladdad med alla realistiska detaljer som g\u00f6r den till ett s\u00e5 lockande paket. Detta beror p\u00e5 att denna street fighter-docka \u00e4r v\u00e4lutrustad med en rad fantastiska funktioner och funktionella kroppsdelar. Detta ger ett mycket realistiskt sexuellt m\u00f6te vid varje anv\u00e4ndning.<\/p>\n<p>Dessutom \u00e4r denna kvinnliga sexdocka byggd f\u00f6r att h\u00e5lla. Tack vare de h\u00f6gkvalitativa ebenholtsdockor tpe material som anv\u00e4nds i tillverkningsprocessen. S\u00e5ledes, med denna varma k\u00e4rleksdocka, f\u00e5r du njuta av en v\u00e4l detaljerad och verklighetstrogen design. Detta ger denna svarta dam dimitresu docka en helt uppslukande atmosf\u00e4r. S\u00e5ledes \u00e4r denna Mackenzie sexdocka perfekt f\u00f6r din unika sexuella aptit.<\/p>\n<p>Dessutom l\u00e4mnar v\u00e5r serie sexiga sexdockor inga detaljer obevakade. Detta inneb\u00e4r att fr\u00e5n det petite oskyldiga snygga ansiktet till den sexiga feminina kroppen. Du kommer inte bara att njuta av ett visuellt tilltalande spektakel, tack vare de verklighetstrogna detaljerna. Du kommer ocks\u00e5 att njuta av en fullt funktionell och k\u00f6ttliknande konsistens.<\/p>","protected":false},"excerpt":{"rendered":"<p>Sexdocka Bilder Storlekstabell Material TPE H\u00f6jd 158cm Byst 87cm Midja 60cm H\u00f6ft 99cm Arml\u00e4ngd 63cm Fot 22cm<\/p>","protected":false},"featured_media":36530,"comment_status":"open","ping_status":"closed","template":"","meta":[],"product_brand":[],"product_cat":[103,112,231,116,115,118,119],"product_tag":[],"class_list":{"0":"post-36503","1":"product","2":"type-product","3":"status-publish","4":"has-post-thumbnail","6":"product_cat-2b-sex-doll","7":"product_cat-150cm-159cm-sex-dolls","8":"product_cat-41kg-45kg","9":"product_cat-big-boobs-sex-doll","10":"product_cat-big-booty-sex-doll","11":"product_cat-ebony-sex-doll","12":"product_cat-tpe-sex-doll","13":"pa_brand-aibei-doll","14":"tm-has-options","16":"first","17":"instock","18":"sale","19":"shipping-taxable","20":"purchasable","21":"product-type-simple"},"_links":{"self":[{"href":"https:\/\/zxdoll.com\/sv\/wp-json\/wp\/v2\/product\/36503","targetHints":{"allow":["GET"]}}],"collection":[{"href":"https:\/\/zxdoll.com\/sv\/wp-json\/wp\/v2\/product"}],"about":[{"href":"https:\/\/zxdoll.com\/sv\/wp-json\/wp\/v2\/types\/product"}],"replies":[{"embeddable":true,"href":"https:\/\/zxdoll.com\/sv\/wp-json\/wp\/v2\/comments?post=36503"}],"version-history":[{"count":4,"href":"https:\/\/zxdoll.com\/sv\/wp-json\/wp\/v2\/product\/36503\/revisions"}],"predecessor-version":[{"id":186697,"href":"https:\/\/zxdoll.com\/sv\/wp-json\/wp\/v2\/product\/36503\/revisions\/186697"}],"wp:featuredmedia":[{"embeddable":true,"href":"https:\/\/zxdoll.com\/sv\/wp-json\/wp\/v2\/media\/36530"}],"wp:attachment":[{"href":"https:\/\/zxdoll.com\/sv\/wp-json\/wp\/v2\/media?parent=36503"}],"wp:term":[{"taxonomy":"product_brand","embeddable":true,"href":"https:\/\/zxdoll.com\/sv\/wp-json\/wp\/v2\/product_brand?post=36503"},{"taxonomy":"product_cat","embeddable":true,"href":"https:\/\/zxdoll.com\/sv\/wp-json\/wp\/v2\/product_cat?post=36503"},{"taxonomy":"product_tag","embeddable":true,"href":"https:\/\/zxdoll.com\/sv\/wp-json\/wp\/v2\/product_tag?post=36503"}],"curies":[{"name":"wp","href":"https:\/\/api.w.org\/{rel}","templated":true}]}}