{"id":35441,"date":"2023-04-08T04:42:20","date_gmt":"2023-04-07T20:42:20","guid":{"rendered":"https:\/\/zxdoll.com\/?post_type=product&#038;p=35441"},"modified":"2025-09-07T01:53:17","modified_gmt":"2025-09-06T17:53:17","slug":"pretty-quality-cheap-full-size-love-dolls","status":"publish","type":"product","link":"https:\/\/zxdoll.com\/sv\/product\/pretty-quality-cheap-full-size-love-dolls\/","title":{"rendered":"Ganska Kvalitet Billiga Full Size Love Dolls Vallie 148cm"},"content":{"rendered":"<h4><strong>Sexdockabilder<\/strong><\/h4>\n\t                <ul class=\"easy-image-gallery thumbnails-18 linked\">\r\n                    <li><a data-fancybox=\"gallery741\" href=\"https:\/\/zxdoll.com\/wp-content\/uploads\/2023\/04\/sex-dolls-buy-5r2s1-533x800.jpg\" class=\"eig-popup\" title=\"\" data-caption=\"\" target=\"_blank\"><i class=\"icon-view\"><\/i><span class=\"overlay\"><\/span><img decoding=\"async\" width=\"150\" height=\"150\" src=\"https:\/\/zxdoll.com\/wp-content\/uploads\/2023\/04\/sex-dolls-buy-5r2s1-150x150.jpg\" class=\"attachment-thumbnail size-thumbnail\" alt=\"\" title=\"\"><\/a><\/li><li><a data-fancybox=\"gallery741\" href=\"https:\/\/zxdoll.com\/wp-content\/uploads\/2023\/04\/sex-dolls-buy-5r2s2.jpg\" class=\"eig-popup\" title=\"\" data-caption=\"\" target=\"_blank\"><i class=\"icon-view\"><\/i><span class=\"overlay\"><\/span><img decoding=\"async\" width=\"150\" height=\"150\" src=\"https:\/\/zxdoll.com\/wp-content\/uploads\/2023\/04\/sex-dolls-buy-5r2s2-150x150.jpg\" class=\"attachment-thumbnail size-thumbnail\" alt=\"\" title=\"\"><\/a><\/li><li><a data-fancybox=\"gallery741\" href=\"https:\/\/zxdoll.com\/wp-content\/uploads\/2023\/04\/sex-dolls-buy-5r2s3-533x800.jpg\" class=\"eig-popup\" title=\"\" data-caption=\"\" target=\"_blank\"><i class=\"icon-view\"><\/i><span class=\"overlay\"><\/span><img decoding=\"async\" width=\"150\" height=\"150\" src=\"https:\/\/zxdoll.com\/wp-content\/uploads\/2023\/04\/sex-dolls-buy-5r2s3-150x150.jpg\" class=\"attachment-thumbnail size-thumbnail\" alt=\"\" title=\"\"><\/a><\/li><li><a data-fancybox=\"gallery741\" href=\"https:\/\/zxdoll.com\/wp-content\/uploads\/2023\/04\/sex-dolls-buy-5r2s4-533x800.jpg\" class=\"eig-popup\" title=\"\" data-caption=\"\" target=\"_blank\"><i class=\"icon-view\"><\/i><span class=\"overlay\"><\/span><img loading=\"lazy\" decoding=\"async\" width=\"150\" height=\"150\" src=\"https:\/\/zxdoll.com\/wp-content\/uploads\/2023\/04\/sex-dolls-buy-5r2s4-150x150.jpg\" class=\"attachment-thumbnail size-thumbnail\" alt=\"\" title=\"\"><\/a><\/li><li><a data-fancybox=\"gallery741\" href=\"https:\/\/zxdoll.com\/wp-content\/uploads\/2023\/04\/sex-dolls-buy-5r2s6-533x800.jpg\" class=\"eig-popup\" title=\"\" data-caption=\"\" target=\"_blank\"><i class=\"icon-view\"><\/i><span class=\"overlay\"><\/span><img loading=\"lazy\" decoding=\"async\" width=\"150\" height=\"150\" src=\"https:\/\/zxdoll.com\/wp-content\/uploads\/2023\/04\/sex-dolls-buy-5r2s6-150x150.jpg\" class=\"attachment-thumbnail size-thumbnail\" alt=\"\" title=\"\"><\/a><\/li><li><a data-fancybox=\"gallery741\" href=\"https:\/\/zxdoll.com\/wp-content\/uploads\/2023\/04\/sex-dolls-buy-5r2s7-533x800.jpg\" class=\"eig-popup\" title=\"\" data-caption=\"\" target=\"_blank\"><i class=\"icon-view\"><\/i><span class=\"overlay\"><\/span><img loading=\"lazy\" decoding=\"async\" width=\"150\" height=\"150\" src=\"https:\/\/zxdoll.com\/wp-content\/uploads\/2023\/04\/sex-dolls-buy-5r2s7-150x150.jpg\" class=\"attachment-thumbnail size-thumbnail\" alt=\"\" title=\"\"><\/a><\/li><li><a data-fancybox=\"gallery741\" href=\"https:\/\/zxdoll.com\/wp-content\/uploads\/2023\/04\/sex-dolls-buy-5r2s8-533x800.jpg\" class=\"eig-popup\" title=\"\" data-caption=\"\" target=\"_blank\"><i class=\"icon-view\"><\/i><span class=\"overlay\"><\/span><img loading=\"lazy\" decoding=\"async\" width=\"150\" height=\"150\" src=\"https:\/\/zxdoll.com\/wp-content\/uploads\/2023\/04\/sex-dolls-buy-5r2s8-150x150.jpg\" class=\"attachment-thumbnail size-thumbnail\" alt=\"\" title=\"\"><\/a><\/li><li><a data-fancybox=\"gallery741\" href=\"https:\/\/zxdoll.com\/wp-content\/uploads\/2023\/04\/sex-dolls-buy-5r2s9-533x800.jpg\" class=\"eig-popup\" title=\"\" data-caption=\"\" target=\"_blank\"><i class=\"icon-view\"><\/i><span class=\"overlay\"><\/span><img loading=\"lazy\" decoding=\"async\" width=\"150\" height=\"150\" src=\"https:\/\/zxdoll.com\/wp-content\/uploads\/2023\/04\/sex-dolls-buy-5r2s9-150x150.jpg\" class=\"attachment-thumbnail size-thumbnail\" alt=\"\" title=\"\"><\/a><\/li><li><a data-fancybox=\"gallery741\" href=\"https:\/\/zxdoll.com\/wp-content\/uploads\/2023\/04\/sex-dolls-buy-5r2s10-533x800.jpg\" class=\"eig-popup\" title=\"\" data-caption=\"\" target=\"_blank\"><i class=\"icon-view\"><\/i><span class=\"overlay\"><\/span><img loading=\"lazy\" decoding=\"async\" width=\"150\" height=\"150\" src=\"https:\/\/zxdoll.com\/wp-content\/uploads\/2023\/04\/sex-dolls-buy-5r2s10-150x150.jpg\" class=\"attachment-thumbnail size-thumbnail\" alt=\"\" title=\"\"><\/a><\/li><li><a data-fancybox=\"gallery741\" href=\"https:\/\/zxdoll.com\/wp-content\/uploads\/2023\/04\/sex-dolls-buy-5r2s11-533x800.jpg\" class=\"eig-popup\" title=\"\" data-caption=\"\" target=\"_blank\"><i class=\"icon-view\"><\/i><span class=\"overlay\"><\/span><img loading=\"lazy\" decoding=\"async\" width=\"150\" height=\"150\" src=\"https:\/\/zxdoll.com\/wp-content\/uploads\/2023\/04\/sex-dolls-buy-5r2s11-150x150.jpg\" class=\"attachment-thumbnail size-thumbnail\" alt=\"\" title=\"\"><\/a><\/li><li><a data-fancybox=\"gallery741\" href=\"https:\/\/zxdoll.com\/wp-content\/uploads\/2023\/04\/sex-dolls-buy-5r2s12-533x800.jpg\" class=\"eig-popup\" title=\"\" data-caption=\"\" target=\"_blank\"><i class=\"icon-view\"><\/i><span class=\"overlay\"><\/span><img loading=\"lazy\" decoding=\"async\" width=\"150\" height=\"150\" src=\"https:\/\/zxdoll.com\/wp-content\/uploads\/2023\/04\/sex-dolls-buy-5r2s12-150x150.jpg\" class=\"attachment-thumbnail size-thumbnail\" alt=\"\" title=\"\"><\/a><\/li><li><a data-fancybox=\"gallery741\" href=\"https:\/\/zxdoll.com\/wp-content\/uploads\/2023\/04\/sex-dolls-buy-5r2s13-533x800.jpg\" class=\"eig-popup\" title=\"\" data-caption=\"\" target=\"_blank\"><i class=\"icon-view\"><\/i><span class=\"overlay\"><\/span><img loading=\"lazy\" decoding=\"async\" width=\"150\" height=\"150\" src=\"https:\/\/zxdoll.com\/wp-content\/uploads\/2023\/04\/sex-dolls-buy-5r2s13-150x150.jpg\" class=\"attachment-thumbnail size-thumbnail\" alt=\"\" title=\"\"><\/a><\/li><li><a data-fancybox=\"gallery741\" href=\"https:\/\/zxdoll.com\/wp-content\/uploads\/2023\/04\/sex-dolls-buy-5r2s14-533x800.jpg\" class=\"eig-popup\" title=\"\" data-caption=\"\" target=\"_blank\"><i class=\"icon-view\"><\/i><span class=\"overlay\"><\/span><img loading=\"lazy\" decoding=\"async\" width=\"150\" height=\"150\" src=\"https:\/\/zxdoll.com\/wp-content\/uploads\/2023\/04\/sex-dolls-buy-5r2s14-150x150.jpg\" class=\"attachment-thumbnail size-thumbnail\" alt=\"\" title=\"\"><\/a><\/li><li><a data-fancybox=\"gallery741\" href=\"https:\/\/zxdoll.com\/wp-content\/uploads\/2023\/04\/sex-dolls-buy-5r2s15-533x800.jpg\" class=\"eig-popup\" title=\"\" data-caption=\"\" target=\"_blank\"><i class=\"icon-view\"><\/i><span class=\"overlay\"><\/span><img loading=\"lazy\" decoding=\"async\" width=\"150\" height=\"150\" src=\"https:\/\/zxdoll.com\/wp-content\/uploads\/2023\/04\/sex-dolls-buy-5r2s15-150x150.jpg\" class=\"attachment-thumbnail size-thumbnail\" alt=\"\" title=\"\"><\/a><\/li><li><a data-fancybox=\"gallery741\" href=\"https:\/\/zxdoll.com\/wp-content\/uploads\/2023\/04\/sex-dolls-buy-5r2s16-533x800.jpg\" class=\"eig-popup\" title=\"\" data-caption=\"\" target=\"_blank\"><i class=\"icon-view\"><\/i><span class=\"overlay\"><\/span><img loading=\"lazy\" decoding=\"async\" width=\"150\" height=\"150\" src=\"https:\/\/zxdoll.com\/wp-content\/uploads\/2023\/04\/sex-dolls-buy-5r2s16-150x150.jpg\" class=\"attachment-thumbnail size-thumbnail\" alt=\"\" title=\"\"><\/a><\/li><li><a data-fancybox=\"gallery741\" href=\"https:\/\/zxdoll.com\/wp-content\/uploads\/2023\/04\/sex-dolls-buy-5r2s17-533x800.jpg\" class=\"eig-popup\" title=\"\" data-caption=\"\" target=\"_blank\"><i class=\"icon-view\"><\/i><span class=\"overlay\"><\/span><img loading=\"lazy\" decoding=\"async\" width=\"150\" height=\"150\" src=\"https:\/\/zxdoll.com\/wp-content\/uploads\/2023\/04\/sex-dolls-buy-5r2s17-150x150.jpg\" class=\"attachment-thumbnail size-thumbnail\" alt=\"\" title=\"\"><\/a><\/li><li><a data-fancybox=\"gallery741\" href=\"https:\/\/zxdoll.com\/wp-content\/uploads\/2023\/04\/sex-dolls-buy-5r2s18-533x800.jpg\" class=\"eig-popup\" title=\"\" data-caption=\"\" target=\"_blank\"><i class=\"icon-view\"><\/i><span class=\"overlay\"><\/span><img loading=\"lazy\" decoding=\"async\" width=\"150\" height=\"150\" src=\"https:\/\/zxdoll.com\/wp-content\/uploads\/2023\/04\/sex-dolls-buy-5r2s18-150x150.jpg\" class=\"attachment-thumbnail size-thumbnail\" alt=\"\" title=\"\"><\/a><\/li><li><a data-fancybox=\"gallery741\" href=\"https:\/\/zxdoll.com\/wp-content\/uploads\/2023\/04\/sex-dolls-buy-5r2s19.jpg\" class=\"eig-popup\" title=\"\" data-caption=\"\" target=\"_blank\"><i class=\"icon-view\"><\/i><span class=\"overlay\"><\/span><img loading=\"lazy\" decoding=\"async\" width=\"150\" height=\"150\" src=\"https:\/\/zxdoll.com\/wp-content\/uploads\/2023\/04\/sex-dolls-buy-5r2s19-150x150.jpg\" class=\"attachment-thumbnail size-thumbnail\" alt=\"\" title=\"\"><\/a><\/li><\/ul>\n<h4>Storlekstabeller<\/h4>\n<table width=\"292\">\n<tbody>\n<tr>\n<td width=\"153\">Material<\/td>\n<td width=\"139\">TPE<\/td>\n<\/tr>\n<tr>\n<td>H\u00f6jd<\/td>\n<td>148 cm<\/td>\n<\/tr>\n<tr>\n<td>S\u00e4tta dit<\/td>\n<td>76 cm<\/td>\n<\/tr>\n<tr>\n<td>Midja<\/td>\n<td>48 cm<\/td>\n<\/tr>\n<tr>\n<td>H\u00f6ft<\/td>\n<td>75 cm<\/td>\n<\/tr>\n<tr>\n<td>Arml\u00e4ngd<\/td>\n<td>57 cm<\/td>\n<\/tr>\n<tr>\n<td>Fot<\/td>\n<td>20 cm<\/td>\n<\/tr>\n<tr>\n<td>Nettovikt<\/td>\n<td>28 kg<\/td>\n<\/tr>\n<tr>\n<td>Oralt djup<\/td>\n<td>13 cm<\/td>\n<\/tr>\n<tr>\n<td>Vaginadjup<\/td>\n<td>18 cm<\/td>\n<\/tr>\n<tr>\n<td>Analt djup<\/td>\n<td>16 cm<\/td>\n<\/tr>\n<\/tbody>\n<\/table>\n<h4>Om Sexdockan<\/h4>\n<p>Vi presenterar v\u00e5r linje av billiga k\u00e4rleksdockor, speciellt designade f\u00f6r \u00e4lskare av en petite ram som finns i en kvinnlig sexdocka. Denna lilla br\u00f6stdocka har de mjuka sexiga kurvorna och den petita kroppen du \u00e4lskar. Ut\u00f6ver detta \u00e4r v\u00e5r riktiga sexdocka ett bra komplement till alla sexdockors gallerier. Tack vare detaljniv\u00e5n som reflekteras fr\u00e5n hennes underbara kopparblonda h\u00e5r till hennes vackra verklighetstrogna ansikte. D\u00e4rf\u00f6r, om du letar efter en av de b\u00e4sta kvalitativa billiga sexdockorna i full storlek. Denna b cup sexdocka \u00e4r det perfekta valet f\u00f6r dig.<\/p>\n<p>Dessutom som sexdockan i naturlig storlek byggd med h\u00f6gsta kvalitet. Denna kanin-sexdocka \u00e4r utrustad med s\u00e5 m\u00e5nga funktioner. D\u00e4rf\u00f6r, f\u00f6r priset av en billig sexdocka \u00f6verkropp, erbjuder denna kanin-sexdocka s\u00e5 mycket mer. Det \u00e4r d\u00e4rf\u00f6r som de b\u00e4sta samuraj-sexdockorna, erbjuder denna underbara v\u00e4lbyggda riktiga docka s\u00e5 mycket mer. fr\u00e5n ett vackert ansikte till en het sexig kropp. Denna riktiga k\u00e4rleksdocka \u00e4r fulladdad med funktioner som s\u00e4kerst\u00e4ller sexuell stimulans. Fr\u00e5n en v\u00e4ldetaljerad sexig kropp till verklighetstrogen ansikte. Denna riktiga docka i naturlig storlek designades f\u00f6r att likna den \u00e4kta varan.<\/p>","protected":false},"excerpt":{"rendered":"<p>Sexdocka Bilder Storlekstabell Material TPE H\u00f6jd 148cm Byst 76cm Midja 48cm H\u00f6ft 75cm Arml\u00e4ngd 57cm Fot 20cm<\/p>","protected":false},"featured_media":35442,"comment_status":"open","ping_status":"closed","template":"","meta":[],"product_brand":[],"product_cat":[103,74,228,80,107,117,119],"product_tag":[],"class_list":{"0":"post-35441","1":"product","2":"type-product","3":"status-publish","4":"has-post-thumbnail","6":"product_cat-2b-sex-doll","7":"product_cat-140cm-149cm-sex-dolls","8":"product_cat-26kg-30kg","9":"product_cat-asian-sex-doll","10":"product_cat-skinny-sex-dolls","11":"product_cat-small-breast-sex-doll","12":"product_cat-tpe-sex-doll","13":"pa_brand-aibei-doll","14":"tm-has-options","16":"first","17":"instock","18":"sale","19":"shipping-taxable","20":"purchasable","21":"product-type-simple"},"_links":{"self":[{"href":"https:\/\/zxdoll.com\/sv\/wp-json\/wp\/v2\/product\/35441","targetHints":{"allow":["GET"]}}],"collection":[{"href":"https:\/\/zxdoll.com\/sv\/wp-json\/wp\/v2\/product"}],"about":[{"href":"https:\/\/zxdoll.com\/sv\/wp-json\/wp\/v2\/types\/product"}],"replies":[{"embeddable":true,"href":"https:\/\/zxdoll.com\/sv\/wp-json\/wp\/v2\/comments?post=35441"}],"version-history":[{"count":1,"href":"https:\/\/zxdoll.com\/sv\/wp-json\/wp\/v2\/product\/35441\/revisions"}],"predecessor-version":[{"id":101420,"href":"https:\/\/zxdoll.com\/sv\/wp-json\/wp\/v2\/product\/35441\/revisions\/101420"}],"wp:featuredmedia":[{"embeddable":true,"href":"https:\/\/zxdoll.com\/sv\/wp-json\/wp\/v2\/media\/35442"}],"wp:attachment":[{"href":"https:\/\/zxdoll.com\/sv\/wp-json\/wp\/v2\/media?parent=35441"}],"wp:term":[{"taxonomy":"product_brand","embeddable":true,"href":"https:\/\/zxdoll.com\/sv\/wp-json\/wp\/v2\/product_brand?post=35441"},{"taxonomy":"product_cat","embeddable":true,"href":"https:\/\/zxdoll.com\/sv\/wp-json\/wp\/v2\/product_cat?post=35441"},{"taxonomy":"product_tag","embeddable":true,"href":"https:\/\/zxdoll.com\/sv\/wp-json\/wp\/v2\/product_tag?post=35441"}],"curies":[{"name":"wp","href":"https:\/\/api.w.org\/{rel}","templated":true}]}}