{"id":33230,"date":"2023-04-05T04:45:13","date_gmt":"2023-04-04T20:45:13","guid":{"rendered":"https:\/\/zxdoll.com\/?post_type=product&#038;p=33230"},"modified":"2025-09-12T11:41:51","modified_gmt":"2025-09-12T03:41:51","slug":"man-fuck-me-silly-toy-doll","status":"publish","type":"product","link":"https:\/\/zxdoll.com\/sv\/product\/man-fuck-me-silly-toy-doll\/","title":{"rendered":"Man Fuck Me Silly Toy Doll Dorinda 164cm"},"content":{"rendered":"<h4><strong>Sexdockabilder<\/strong><\/h4>\n\t                <ul class=\"easy-image-gallery thumbnails-25 linked\">\r\n                    <li><a data-fancybox=\"gallery316\" href=\"https:\/\/zxdoll.com\/wp-content\/uploads\/2023\/04\/staci-doll-sex-5r6u1-533x800.jpg\" class=\"eig-popup\" title=\"\" data-caption=\"\" target=\"_blank\"><i class=\"icon-view\"><\/i><span class=\"overlay\"><\/span><img decoding=\"async\" width=\"150\" height=\"150\" src=\"https:\/\/zxdoll.com\/wp-content\/uploads\/2023\/04\/staci-doll-sex-5r6u1-150x150.jpg\" class=\"attachment-thumbnail size-thumbnail\" alt=\"\" title=\"\"><\/a><\/li><li><a data-fancybox=\"gallery316\" href=\"https:\/\/zxdoll.com\/wp-content\/uploads\/2023\/04\/staci-doll-sex-5r6u2-533x800.jpg\" class=\"eig-popup\" title=\"\" data-caption=\"\" target=\"_blank\"><i class=\"icon-view\"><\/i><span class=\"overlay\"><\/span><img decoding=\"async\" width=\"150\" height=\"150\" src=\"https:\/\/zxdoll.com\/wp-content\/uploads\/2023\/04\/staci-doll-sex-5r6u2-150x150.jpg\" class=\"attachment-thumbnail size-thumbnail\" alt=\"\" title=\"\"><\/a><\/li><li><a data-fancybox=\"gallery316\" href=\"https:\/\/zxdoll.com\/wp-content\/uploads\/2023\/04\/staci-doll-sex-5r6u3-533x800.jpg\" class=\"eig-popup\" title=\"\" data-caption=\"\" target=\"_blank\"><i class=\"icon-view\"><\/i><span class=\"overlay\"><\/span><img decoding=\"async\" width=\"150\" height=\"150\" src=\"https:\/\/zxdoll.com\/wp-content\/uploads\/2023\/04\/staci-doll-sex-5r6u3-150x150.jpg\" class=\"attachment-thumbnail size-thumbnail\" alt=\"\" title=\"\"><\/a><\/li><li><a data-fancybox=\"gallery316\" href=\"https:\/\/zxdoll.com\/wp-content\/uploads\/2023\/04\/staci-doll-sex-5r6u5-533x800.jpg\" class=\"eig-popup\" title=\"\" data-caption=\"\" target=\"_blank\"><i class=\"icon-view\"><\/i><span class=\"overlay\"><\/span><img loading=\"lazy\" decoding=\"async\" width=\"150\" height=\"150\" src=\"https:\/\/zxdoll.com\/wp-content\/uploads\/2023\/04\/staci-doll-sex-5r6u5-150x150.jpg\" class=\"attachment-thumbnail size-thumbnail\" alt=\"\" title=\"\"><\/a><\/li><li><a data-fancybox=\"gallery316\" href=\"https:\/\/zxdoll.com\/wp-content\/uploads\/2023\/04\/staci-doll-sex-5r6u6-533x800.jpg\" class=\"eig-popup\" title=\"\" data-caption=\"\" target=\"_blank\"><i class=\"icon-view\"><\/i><span class=\"overlay\"><\/span><img loading=\"lazy\" decoding=\"async\" width=\"150\" height=\"150\" src=\"https:\/\/zxdoll.com\/wp-content\/uploads\/2023\/04\/staci-doll-sex-5r6u6-150x150.jpg\" class=\"attachment-thumbnail size-thumbnail\" alt=\"\" title=\"\"><\/a><\/li><li><a data-fancybox=\"gallery316\" href=\"https:\/\/zxdoll.com\/wp-content\/uploads\/2023\/04\/staci-doll-sex-5r6u7-533x800.jpg\" class=\"eig-popup\" title=\"\" data-caption=\"\" target=\"_blank\"><i class=\"icon-view\"><\/i><span class=\"overlay\"><\/span><img loading=\"lazy\" decoding=\"async\" width=\"150\" height=\"150\" src=\"https:\/\/zxdoll.com\/wp-content\/uploads\/2023\/04\/staci-doll-sex-5r6u7-150x150.jpg\" class=\"attachment-thumbnail size-thumbnail\" alt=\"\" title=\"\"><\/a><\/li><li><a data-fancybox=\"gallery316\" href=\"https:\/\/zxdoll.com\/wp-content\/uploads\/2023\/04\/staci-doll-sex-5r6u8-533x800.jpg\" class=\"eig-popup\" title=\"\" data-caption=\"\" target=\"_blank\"><i class=\"icon-view\"><\/i><span class=\"overlay\"><\/span><img loading=\"lazy\" decoding=\"async\" width=\"150\" height=\"150\" src=\"https:\/\/zxdoll.com\/wp-content\/uploads\/2023\/04\/staci-doll-sex-5r6u8-150x150.jpg\" class=\"attachment-thumbnail size-thumbnail\" alt=\"\" title=\"\"><\/a><\/li><li><a data-fancybox=\"gallery316\" href=\"https:\/\/zxdoll.com\/wp-content\/uploads\/2023\/04\/staci-doll-sex-5r6u9-533x800.jpg\" class=\"eig-popup\" title=\"\" data-caption=\"\" target=\"_blank\"><i class=\"icon-view\"><\/i><span class=\"overlay\"><\/span><img loading=\"lazy\" decoding=\"async\" width=\"150\" height=\"150\" src=\"https:\/\/zxdoll.com\/wp-content\/uploads\/2023\/04\/staci-doll-sex-5r6u9-150x150.jpg\" class=\"attachment-thumbnail size-thumbnail\" alt=\"\" title=\"\"><\/a><\/li><li><a data-fancybox=\"gallery316\" href=\"https:\/\/zxdoll.com\/wp-content\/uploads\/2023\/04\/staci-doll-sex-5r6u10-533x800.jpg\" class=\"eig-popup\" title=\"\" data-caption=\"\" target=\"_blank\"><i class=\"icon-view\"><\/i><span class=\"overlay\"><\/span><img loading=\"lazy\" decoding=\"async\" width=\"150\" height=\"150\" src=\"https:\/\/zxdoll.com\/wp-content\/uploads\/2023\/04\/staci-doll-sex-5r6u10-150x150.jpg\" class=\"attachment-thumbnail size-thumbnail\" alt=\"\" title=\"\"><\/a><\/li><li><a data-fancybox=\"gallery316\" href=\"https:\/\/zxdoll.com\/wp-content\/uploads\/2023\/04\/staci-doll-sex-5r6u12-533x800.jpg\" class=\"eig-popup\" title=\"\" data-caption=\"\" target=\"_blank\"><i class=\"icon-view\"><\/i><span class=\"overlay\"><\/span><img loading=\"lazy\" decoding=\"async\" width=\"150\" height=\"150\" src=\"https:\/\/zxdoll.com\/wp-content\/uploads\/2023\/04\/staci-doll-sex-5r6u12-150x150.jpg\" class=\"attachment-thumbnail size-thumbnail\" alt=\"\" title=\"\"><\/a><\/li><li><a data-fancybox=\"gallery316\" href=\"https:\/\/zxdoll.com\/wp-content\/uploads\/2023\/04\/staci-doll-sex-5r6u15-533x800.jpg\" class=\"eig-popup\" title=\"\" data-caption=\"\" target=\"_blank\"><i class=\"icon-view\"><\/i><span class=\"overlay\"><\/span><img loading=\"lazy\" decoding=\"async\" width=\"150\" height=\"150\" src=\"https:\/\/zxdoll.com\/wp-content\/uploads\/2023\/04\/staci-doll-sex-5r6u15-150x150.jpg\" class=\"attachment-thumbnail size-thumbnail\" alt=\"\" title=\"\"><\/a><\/li><li><a data-fancybox=\"gallery316\" href=\"https:\/\/zxdoll.com\/wp-content\/uploads\/2023\/04\/staci-doll-sex-5r6u16-533x800.jpg\" class=\"eig-popup\" title=\"\" data-caption=\"\" target=\"_blank\"><i class=\"icon-view\"><\/i><span class=\"overlay\"><\/span><img loading=\"lazy\" decoding=\"async\" width=\"150\" height=\"150\" src=\"https:\/\/zxdoll.com\/wp-content\/uploads\/2023\/04\/staci-doll-sex-5r6u16-150x150.jpg\" class=\"attachment-thumbnail size-thumbnail\" alt=\"\" title=\"\"><\/a><\/li><li><a data-fancybox=\"gallery316\" href=\"https:\/\/zxdoll.com\/wp-content\/uploads\/2023\/04\/staci-doll-sex-5r6u17-533x800.jpg\" class=\"eig-popup\" title=\"\" data-caption=\"\" target=\"_blank\"><i class=\"icon-view\"><\/i><span class=\"overlay\"><\/span><img loading=\"lazy\" decoding=\"async\" width=\"150\" height=\"150\" src=\"https:\/\/zxdoll.com\/wp-content\/uploads\/2023\/04\/staci-doll-sex-5r6u17-150x150.jpg\" class=\"attachment-thumbnail size-thumbnail\" alt=\"\" title=\"\"><\/a><\/li><li><a data-fancybox=\"gallery316\" href=\"https:\/\/zxdoll.com\/wp-content\/uploads\/2023\/04\/staci-doll-sex-5r6u19-533x800.jpg\" class=\"eig-popup\" title=\"\" data-caption=\"\" target=\"_blank\"><i class=\"icon-view\"><\/i><span class=\"overlay\"><\/span><img loading=\"lazy\" decoding=\"async\" width=\"150\" height=\"150\" src=\"https:\/\/zxdoll.com\/wp-content\/uploads\/2023\/04\/staci-doll-sex-5r6u19-150x150.jpg\" class=\"attachment-thumbnail size-thumbnail\" alt=\"\" title=\"\"><\/a><\/li><li><a data-fancybox=\"gallery316\" href=\"https:\/\/zxdoll.com\/wp-content\/uploads\/2023\/04\/staci-doll-sex-5r6u21-533x800.jpg\" class=\"eig-popup\" title=\"\" data-caption=\"\" target=\"_blank\"><i class=\"icon-view\"><\/i><span class=\"overlay\"><\/span><img loading=\"lazy\" decoding=\"async\" width=\"150\" height=\"150\" src=\"https:\/\/zxdoll.com\/wp-content\/uploads\/2023\/04\/staci-doll-sex-5r6u21-150x150.jpg\" class=\"attachment-thumbnail size-thumbnail\" alt=\"\" title=\"\"><\/a><\/li><li><a data-fancybox=\"gallery316\" href=\"https:\/\/zxdoll.com\/wp-content\/uploads\/2023\/04\/staci-doll-sex-5r6u22-533x800.jpg\" class=\"eig-popup\" title=\"\" data-caption=\"\" target=\"_blank\"><i class=\"icon-view\"><\/i><span class=\"overlay\"><\/span><img loading=\"lazy\" decoding=\"async\" width=\"150\" height=\"150\" src=\"https:\/\/zxdoll.com\/wp-content\/uploads\/2023\/04\/staci-doll-sex-5r6u22-150x150.jpg\" class=\"attachment-thumbnail size-thumbnail\" alt=\"\" title=\"\"><\/a><\/li><li><a data-fancybox=\"gallery316\" href=\"https:\/\/zxdoll.com\/wp-content\/uploads\/2023\/04\/staci-doll-sex-5r6u24-533x800.jpg\" class=\"eig-popup\" title=\"\" data-caption=\"\" target=\"_blank\"><i class=\"icon-view\"><\/i><span class=\"overlay\"><\/span><img loading=\"lazy\" decoding=\"async\" width=\"150\" height=\"150\" src=\"https:\/\/zxdoll.com\/wp-content\/uploads\/2023\/04\/staci-doll-sex-5r6u24-150x150.jpg\" class=\"attachment-thumbnail size-thumbnail\" alt=\"\" title=\"\"><\/a><\/li><li><a data-fancybox=\"gallery316\" href=\"https:\/\/zxdoll.com\/wp-content\/uploads\/2023\/04\/staci-doll-sex-5r6u25-533x800.jpg\" class=\"eig-popup\" title=\"\" data-caption=\"\" target=\"_blank\"><i class=\"icon-view\"><\/i><span class=\"overlay\"><\/span><img loading=\"lazy\" decoding=\"async\" width=\"150\" height=\"150\" src=\"https:\/\/zxdoll.com\/wp-content\/uploads\/2023\/04\/staci-doll-sex-5r6u25-150x150.jpg\" class=\"attachment-thumbnail size-thumbnail\" alt=\"\" title=\"\"><\/a><\/li><li><a data-fancybox=\"gallery316\" href=\"https:\/\/zxdoll.com\/wp-content\/uploads\/2023\/04\/staci-doll-sex-5r6u27-533x800.jpg\" class=\"eig-popup\" title=\"\" data-caption=\"\" target=\"_blank\"><i class=\"icon-view\"><\/i><span class=\"overlay\"><\/span><img loading=\"lazy\" decoding=\"async\" width=\"150\" height=\"150\" src=\"https:\/\/zxdoll.com\/wp-content\/uploads\/2023\/04\/staci-doll-sex-5r6u27-150x150.jpg\" class=\"attachment-thumbnail size-thumbnail\" alt=\"\" title=\"\"><\/a><\/li><li><a data-fancybox=\"gallery316\" href=\"https:\/\/zxdoll.com\/wp-content\/uploads\/2023\/04\/staci-doll-sex-5r6u28-533x800.jpg\" class=\"eig-popup\" title=\"\" data-caption=\"\" target=\"_blank\"><i class=\"icon-view\"><\/i><span class=\"overlay\"><\/span><img loading=\"lazy\" decoding=\"async\" width=\"150\" height=\"150\" src=\"https:\/\/zxdoll.com\/wp-content\/uploads\/2023\/04\/staci-doll-sex-5r6u28-150x150.jpg\" class=\"attachment-thumbnail size-thumbnail\" alt=\"\" title=\"\"><\/a><\/li><li><a data-fancybox=\"gallery316\" href=\"https:\/\/zxdoll.com\/wp-content\/uploads\/2023\/04\/staci-doll-sex-5r6u30-533x800.jpg\" class=\"eig-popup\" title=\"\" data-caption=\"\" target=\"_blank\"><i class=\"icon-view\"><\/i><span class=\"overlay\"><\/span><img loading=\"lazy\" decoding=\"async\" width=\"150\" height=\"150\" src=\"https:\/\/zxdoll.com\/wp-content\/uploads\/2023\/04\/staci-doll-sex-5r6u30-150x150.jpg\" class=\"attachment-thumbnail size-thumbnail\" alt=\"\" title=\"\"><\/a><\/li><li><a data-fancybox=\"gallery316\" href=\"https:\/\/zxdoll.com\/wp-content\/uploads\/2023\/04\/staci-doll-sex-5r6u32-533x800.jpg\" class=\"eig-popup\" title=\"\" data-caption=\"\" target=\"_blank\"><i class=\"icon-view\"><\/i><span class=\"overlay\"><\/span><img loading=\"lazy\" decoding=\"async\" width=\"150\" height=\"150\" src=\"https:\/\/zxdoll.com\/wp-content\/uploads\/2023\/04\/staci-doll-sex-5r6u32-150x150.jpg\" class=\"attachment-thumbnail size-thumbnail\" alt=\"\" title=\"\"><\/a><\/li><li><a data-fancybox=\"gallery316\" href=\"https:\/\/zxdoll.com\/wp-content\/uploads\/2023\/04\/staci-doll-sex-5r6u33-533x800.jpg\" class=\"eig-popup\" title=\"\" data-caption=\"\" target=\"_blank\"><i class=\"icon-view\"><\/i><span class=\"overlay\"><\/span><img loading=\"lazy\" decoding=\"async\" width=\"150\" height=\"150\" src=\"https:\/\/zxdoll.com\/wp-content\/uploads\/2023\/04\/staci-doll-sex-5r6u33-150x150.jpg\" class=\"attachment-thumbnail size-thumbnail\" alt=\"\" title=\"\"><\/a><\/li><li><a data-fancybox=\"gallery316\" href=\"https:\/\/zxdoll.com\/wp-content\/uploads\/2023\/04\/staci-doll-sex-5r6u34-533x800.jpg\" class=\"eig-popup\" title=\"\" data-caption=\"\" target=\"_blank\"><i class=\"icon-view\"><\/i><span class=\"overlay\"><\/span><img loading=\"lazy\" decoding=\"async\" width=\"150\" height=\"150\" src=\"https:\/\/zxdoll.com\/wp-content\/uploads\/2023\/04\/staci-doll-sex-5r6u34-150x150.jpg\" class=\"attachment-thumbnail size-thumbnail\" alt=\"\" title=\"\"><\/a><\/li><li><a data-fancybox=\"gallery316\" href=\"https:\/\/zxdoll.com\/wp-content\/uploads\/2023\/04\/staci-doll-sex-5r6u35-533x800.jpg\" class=\"eig-popup\" title=\"\" data-caption=\"\" target=\"_blank\"><i class=\"icon-view\"><\/i><span class=\"overlay\"><\/span><img loading=\"lazy\" decoding=\"async\" width=\"150\" height=\"150\" src=\"https:\/\/zxdoll.com\/wp-content\/uploads\/2023\/04\/staci-doll-sex-5r6u35-150x150.jpg\" class=\"attachment-thumbnail size-thumbnail\" alt=\"\" title=\"\"><\/a><\/li><\/ul>\n<h4>Storlekstabeller<\/h4>\n<table width=\"269\">\n<tbody>\n<tr>\n<td width=\"130\">Material<\/td>\n<td width=\"139\">TPE<\/td>\n<\/tr>\n<tr>\n<td>H\u00f6jd<\/td>\n<td>164 cm plus<\/td>\n<\/tr>\n<tr>\n<td>Br\u00f6stlinje<\/td>\n<td>81 cm<\/td>\n<\/tr>\n<tr>\n<td>Midjelinje<\/td>\n<td>59 cm<\/td>\n<\/tr>\n<tr>\n<td>Hip Line<\/td>\n<td>103 cm<\/td>\n<\/tr>\n<tr>\n<td>Arml\u00e4ngd<\/td>\n<td>63 cm<\/td>\n<\/tr>\n<tr>\n<td>Axel bredd<\/td>\n<td>38 cm<\/td>\n<\/tr>\n<tr>\n<td>Kalvlinje<\/td>\n<td>34 cm<\/td>\n<\/tr>\n<tr>\n<td>L\u00e5rlinje<\/td>\n<td>59 cm<\/td>\n<\/tr>\n<tr>\n<td>Benl\u00e4ngd<\/td>\n<td>79 cm<\/td>\n<\/tr>\n<tr>\n<td>F\u00f6tter Storlek<\/td>\n<td>22 cm<\/td>\n<\/tr>\n<tr>\n<td>Nettovikt<\/td>\n<td>45 kg<\/td>\n<\/tr>\n<tr>\n<td>Oralt djup<\/td>\n<td>12 cm<\/td>\n<\/tr>\n<tr>\n<td>Vaginadjup<\/td>\n<td>18 cm<\/td>\n<\/tr>\n<tr>\n<td>Analt djup<\/td>\n<td>16 cm<\/td>\n<\/tr>\n<\/tbody>\n<\/table>\n<h4>Om Sexdockan<\/h4>\n<p>\u00c4r det inte underbart att \u00e4ntligen ha en underbar flickv\u00e4n, speciellt den h\u00e4r ansiktstypen? Har du en k\u00e4nslig plats f\u00f6r smala tjejer med l\u00e4ngd? Det finns goda nyheter f\u00f6r dig; den b\u00e4sta svarta sexdockan \u00e4r tillg\u00e4nglig f\u00f6r dig att utan anstr\u00e4ngning v\u00e4lja den riktiga dockan du f\u00f6redrar och l\u00e4gga henne p\u00e5 s\u00e4ngen och knulla henne passionerat. \u00c5h, vad elegant och tillfredsst\u00e4llande det \u00e4r att ha sex med en hippie docka \u00e4lskare.<\/p>\n<p>Denna ber\u00f6mda tillverkare av bekymmersdockor \u00e4r popul\u00e4r och bra f\u00f6r rak sex. Det som \u00e4r bra med denna j\u00e4vla dumma leksaksdocka \u00e4r att du kan komma ner med henne n\u00e4r som helst och vilken dag som helst, var som helst, hur som helst.<\/p>\n<p>Hon br\u00e5kar aldrig och kommer inte heller att f\u00f6rd\u00f6ma dig. Allt hon kommer att g\u00f6ra \u00e4r att bada dig med stor k\u00e4rlek. Olojalitet och dubbelhet kommer aldrig att finnas hos henne. Hon kommer alltid att st\u00e5 till dig f\u00f6r att g\u00f6ra ditt bud.<\/p>\n<p>Med all denna sexdockarecension, vad sl\u00e4nger du efter? Dra den h\u00e4r levande dockdansfabriken till ditt hem och utforska olika sexuella positioner med henne. D\u00e5 vet du att hon verkligen \u00e4r en riktig docka och en dockpenis. Med en sl\u00e5ende modellform som passar din fantasi b\u00e4st<\/p>","protected":false},"excerpt":{"rendered":"<p>Sexdocka Bilder Storlekstabell Material TPE H\u00f6jd 164cm plus Br\u00f6stlinje 81cm Midjelinje 59cm H\u00f6ftlinje 103cm Arm<\/p>","protected":false},"featured_media":33277,"comment_status":"open","ping_status":"closed","template":"","meta":[],"product_brand":[],"product_cat":[97,75,231,116,115,118,119],"product_tag":[],"class_list":{"0":"post-33230","1":"product","2":"type-product","3":"status-publish","4":"has-post-thumbnail","6":"product_cat-real-life-sex-dolls","7":"product_cat-160cm-170cm-sex-dolls","8":"product_cat-41kg-45kg","9":"product_cat-big-boobs-sex-doll","10":"product_cat-big-booty-sex-doll","11":"product_cat-ebony-sex-doll","12":"product_cat-tpe-sex-doll","13":"pa_brand-irontech-doll","14":"tm-has-options","16":"first","17":"instock","18":"sale","19":"shipping-taxable","20":"purchasable","21":"product-type-simple"},"_links":{"self":[{"href":"https:\/\/zxdoll.com\/sv\/wp-json\/wp\/v2\/product\/33230","targetHints":{"allow":["GET"]}}],"collection":[{"href":"https:\/\/zxdoll.com\/sv\/wp-json\/wp\/v2\/product"}],"about":[{"href":"https:\/\/zxdoll.com\/sv\/wp-json\/wp\/v2\/types\/product"}],"replies":[{"embeddable":true,"href":"https:\/\/zxdoll.com\/sv\/wp-json\/wp\/v2\/comments?post=33230"}],"version-history":[{"count":5,"href":"https:\/\/zxdoll.com\/sv\/wp-json\/wp\/v2\/product\/33230\/revisions"}],"predecessor-version":[{"id":186702,"href":"https:\/\/zxdoll.com\/sv\/wp-json\/wp\/v2\/product\/33230\/revisions\/186702"}],"wp:featuredmedia":[{"embeddable":true,"href":"https:\/\/zxdoll.com\/sv\/wp-json\/wp\/v2\/media\/33277"}],"wp:attachment":[{"href":"https:\/\/zxdoll.com\/sv\/wp-json\/wp\/v2\/media?parent=33230"}],"wp:term":[{"taxonomy":"product_brand","embeddable":true,"href":"https:\/\/zxdoll.com\/sv\/wp-json\/wp\/v2\/product_brand?post=33230"},{"taxonomy":"product_cat","embeddable":true,"href":"https:\/\/zxdoll.com\/sv\/wp-json\/wp\/v2\/product_cat?post=33230"},{"taxonomy":"product_tag","embeddable":true,"href":"https:\/\/zxdoll.com\/sv\/wp-json\/wp\/v2\/product_tag?post=33230"}],"curies":[{"name":"wp","href":"https:\/\/api.w.org\/{rel}","templated":true}]}}