{"id":31222,"date":"2023-04-03T04:05:49","date_gmt":"2023-04-02T20:05:49","guid":{"rendered":"https:\/\/zxdoll.com\/?post_type=product&#038;p=31222"},"modified":"2025-09-12T10:08:08","modified_gmt":"2025-09-12T02:08:08","slug":"affordable-amazing-female-solid-doll","status":"publish","type":"product","link":"https:\/\/zxdoll.com\/sv\/product\/affordable-amazing-female-solid-doll\/","title":{"rendered":"Prisv\u00e4rd fantastisk kvinnlig solid docka Liora 161cm"},"content":{"rendered":"<h4><strong>Sexdockabilder<\/strong><\/h4>\n\t                <ul class=\"easy-image-gallery thumbnails-22 linked\">\r\n                    <li><a data-fancybox=\"gallery461\" href=\"https:\/\/zxdoll.com\/wp-content\/uploads\/2023\/04\/akira-sex-doll-8w3e1-533x800.jpg\" class=\"eig-popup\" title=\"\" data-caption=\"\" target=\"_blank\"><i class=\"icon-view\"><\/i><span class=\"overlay\"><\/span><img decoding=\"async\" width=\"150\" height=\"150\" src=\"https:\/\/zxdoll.com\/wp-content\/uploads\/2023\/04\/akira-sex-doll-8w3e1-150x150.jpg\" class=\"attachment-thumbnail size-thumbnail\" alt=\"\" title=\"\"><\/a><\/li><li><a data-fancybox=\"gallery461\" href=\"https:\/\/zxdoll.com\/wp-content\/uploads\/2023\/04\/akira-sex-doll-8w3e3-533x800.jpg\" class=\"eig-popup\" title=\"\" data-caption=\"\" target=\"_blank\"><i class=\"icon-view\"><\/i><span class=\"overlay\"><\/span><img decoding=\"async\" width=\"150\" height=\"150\" src=\"https:\/\/zxdoll.com\/wp-content\/uploads\/2023\/04\/akira-sex-doll-8w3e3-150x150.jpg\" class=\"attachment-thumbnail size-thumbnail\" alt=\"\" title=\"\"><\/a><\/li><li><a data-fancybox=\"gallery461\" href=\"https:\/\/zxdoll.com\/wp-content\/uploads\/2023\/04\/akira-sex-doll-8w3e8-533x800.jpg\" class=\"eig-popup\" title=\"\" data-caption=\"\" target=\"_blank\"><i class=\"icon-view\"><\/i><span class=\"overlay\"><\/span><img decoding=\"async\" width=\"150\" height=\"150\" src=\"https:\/\/zxdoll.com\/wp-content\/uploads\/2023\/04\/akira-sex-doll-8w3e8-150x150.jpg\" class=\"attachment-thumbnail size-thumbnail\" alt=\"\" title=\"\"><\/a><\/li><li><a data-fancybox=\"gallery461\" href=\"https:\/\/zxdoll.com\/wp-content\/uploads\/2023\/04\/akira-sex-doll-8w3e9-533x800.jpg\" class=\"eig-popup\" title=\"\" data-caption=\"\" target=\"_blank\"><i class=\"icon-view\"><\/i><span class=\"overlay\"><\/span><img loading=\"lazy\" decoding=\"async\" width=\"150\" height=\"150\" src=\"https:\/\/zxdoll.com\/wp-content\/uploads\/2023\/04\/akira-sex-doll-8w3e9-150x150.jpg\" class=\"attachment-thumbnail size-thumbnail\" alt=\"\" title=\"\"><\/a><\/li><li><a data-fancybox=\"gallery461\" href=\"https:\/\/zxdoll.com\/wp-content\/uploads\/2023\/04\/akira-sex-doll-8w3e10-533x800.jpg\" class=\"eig-popup\" title=\"\" data-caption=\"\" target=\"_blank\"><i class=\"icon-view\"><\/i><span class=\"overlay\"><\/span><img loading=\"lazy\" decoding=\"async\" width=\"150\" height=\"150\" src=\"https:\/\/zxdoll.com\/wp-content\/uploads\/2023\/04\/akira-sex-doll-8w3e10-150x150.jpg\" class=\"attachment-thumbnail size-thumbnail\" alt=\"\" title=\"\"><\/a><\/li><li><a data-fancybox=\"gallery461\" href=\"https:\/\/zxdoll.com\/wp-content\/uploads\/2023\/04\/akira-sex-doll-8w3e11-533x800.jpg\" class=\"eig-popup\" title=\"\" data-caption=\"\" target=\"_blank\"><i class=\"icon-view\"><\/i><span class=\"overlay\"><\/span><img loading=\"lazy\" decoding=\"async\" width=\"150\" height=\"150\" src=\"https:\/\/zxdoll.com\/wp-content\/uploads\/2023\/04\/akira-sex-doll-8w3e11-150x150.jpg\" class=\"attachment-thumbnail size-thumbnail\" alt=\"\" title=\"\"><\/a><\/li><li><a data-fancybox=\"gallery461\" href=\"https:\/\/zxdoll.com\/wp-content\/uploads\/2023\/04\/akira-sex-doll-8w3e12-533x800.jpg\" class=\"eig-popup\" title=\"\" data-caption=\"\" target=\"_blank\"><i class=\"icon-view\"><\/i><span class=\"overlay\"><\/span><img loading=\"lazy\" decoding=\"async\" width=\"150\" height=\"150\" src=\"https:\/\/zxdoll.com\/wp-content\/uploads\/2023\/04\/akira-sex-doll-8w3e12-150x150.jpg\" class=\"attachment-thumbnail size-thumbnail\" alt=\"\" title=\"\"><\/a><\/li><li><a data-fancybox=\"gallery461\" href=\"https:\/\/zxdoll.com\/wp-content\/uploads\/2023\/04\/akira-sex-doll-8w3e14-533x800.jpg\" class=\"eig-popup\" title=\"\" data-caption=\"\" target=\"_blank\"><i class=\"icon-view\"><\/i><span class=\"overlay\"><\/span><img loading=\"lazy\" decoding=\"async\" width=\"150\" height=\"150\" src=\"https:\/\/zxdoll.com\/wp-content\/uploads\/2023\/04\/akira-sex-doll-8w3e14-150x150.jpg\" class=\"attachment-thumbnail size-thumbnail\" alt=\"\" title=\"\"><\/a><\/li><li><a data-fancybox=\"gallery461\" href=\"https:\/\/zxdoll.com\/wp-content\/uploads\/2023\/04\/akira-sex-doll-8w3e17-533x800.jpg\" class=\"eig-popup\" title=\"\" data-caption=\"\" target=\"_blank\"><i class=\"icon-view\"><\/i><span class=\"overlay\"><\/span><img loading=\"lazy\" decoding=\"async\" width=\"150\" height=\"150\" src=\"https:\/\/zxdoll.com\/wp-content\/uploads\/2023\/04\/akira-sex-doll-8w3e17-150x150.jpg\" class=\"attachment-thumbnail size-thumbnail\" alt=\"\" title=\"\"><\/a><\/li><li><a data-fancybox=\"gallery461\" href=\"https:\/\/zxdoll.com\/wp-content\/uploads\/2023\/04\/akira-sex-doll-8w3e21-533x800.jpg\" class=\"eig-popup\" title=\"\" data-caption=\"\" target=\"_blank\"><i class=\"icon-view\"><\/i><span class=\"overlay\"><\/span><img loading=\"lazy\" decoding=\"async\" width=\"150\" height=\"150\" src=\"https:\/\/zxdoll.com\/wp-content\/uploads\/2023\/04\/akira-sex-doll-8w3e21-150x150.jpg\" class=\"attachment-thumbnail size-thumbnail\" alt=\"\" title=\"\"><\/a><\/li><li><a data-fancybox=\"gallery461\" href=\"https:\/\/zxdoll.com\/wp-content\/uploads\/2023\/04\/akira-sex-doll-8w3e23-533x800.jpg\" class=\"eig-popup\" title=\"\" data-caption=\"\" target=\"_blank\"><i class=\"icon-view\"><\/i><span class=\"overlay\"><\/span><img loading=\"lazy\" decoding=\"async\" width=\"150\" height=\"150\" src=\"https:\/\/zxdoll.com\/wp-content\/uploads\/2023\/04\/akira-sex-doll-8w3e23-150x150.jpg\" class=\"attachment-thumbnail size-thumbnail\" alt=\"\" title=\"\"><\/a><\/li><li><a data-fancybox=\"gallery461\" href=\"https:\/\/zxdoll.com\/wp-content\/uploads\/2023\/04\/akira-sex-doll-8w3e26-533x800.jpg\" class=\"eig-popup\" title=\"\" data-caption=\"\" target=\"_blank\"><i class=\"icon-view\"><\/i><span class=\"overlay\"><\/span><img loading=\"lazy\" decoding=\"async\" width=\"150\" height=\"150\" src=\"https:\/\/zxdoll.com\/wp-content\/uploads\/2023\/04\/akira-sex-doll-8w3e26-150x150.jpg\" class=\"attachment-thumbnail size-thumbnail\" alt=\"\" title=\"\"><\/a><\/li><li><a data-fancybox=\"gallery461\" href=\"https:\/\/zxdoll.com\/wp-content\/uploads\/2023\/04\/akira-sex-doll-8w3e31-533x800.jpg\" class=\"eig-popup\" title=\"\" data-caption=\"\" target=\"_blank\"><i class=\"icon-view\"><\/i><span class=\"overlay\"><\/span><img loading=\"lazy\" decoding=\"async\" width=\"150\" height=\"150\" src=\"https:\/\/zxdoll.com\/wp-content\/uploads\/2023\/04\/akira-sex-doll-8w3e31-150x150.jpg\" class=\"attachment-thumbnail size-thumbnail\" alt=\"\" title=\"\"><\/a><\/li><li><a data-fancybox=\"gallery461\" href=\"https:\/\/zxdoll.com\/wp-content\/uploads\/2023\/04\/akira-sex-doll-8w3e32-533x800.jpg\" class=\"eig-popup\" title=\"\" data-caption=\"\" target=\"_blank\"><i class=\"icon-view\"><\/i><span class=\"overlay\"><\/span><img loading=\"lazy\" decoding=\"async\" width=\"150\" height=\"150\" src=\"https:\/\/zxdoll.com\/wp-content\/uploads\/2023\/04\/akira-sex-doll-8w3e32-150x150.jpg\" class=\"attachment-thumbnail size-thumbnail\" alt=\"\" title=\"\"><\/a><\/li><li><a data-fancybox=\"gallery461\" href=\"https:\/\/zxdoll.com\/wp-content\/uploads\/2023\/04\/akira-sex-doll-8w3e33-533x800.jpg\" class=\"eig-popup\" title=\"\" data-caption=\"\" target=\"_blank\"><i class=\"icon-view\"><\/i><span class=\"overlay\"><\/span><img loading=\"lazy\" decoding=\"async\" width=\"150\" height=\"150\" src=\"https:\/\/zxdoll.com\/wp-content\/uploads\/2023\/04\/akira-sex-doll-8w3e33-150x150.jpg\" class=\"attachment-thumbnail size-thumbnail\" alt=\"\" title=\"\"><\/a><\/li><li><a data-fancybox=\"gallery461\" href=\"https:\/\/zxdoll.com\/wp-content\/uploads\/2023\/04\/akira-sex-doll-8w3e34-533x800.jpg\" class=\"eig-popup\" title=\"\" data-caption=\"\" target=\"_blank\"><i class=\"icon-view\"><\/i><span class=\"overlay\"><\/span><img loading=\"lazy\" decoding=\"async\" width=\"150\" height=\"150\" src=\"https:\/\/zxdoll.com\/wp-content\/uploads\/2023\/04\/akira-sex-doll-8w3e34-150x150.jpg\" class=\"attachment-thumbnail size-thumbnail\" alt=\"\" title=\"\"><\/a><\/li><li><a data-fancybox=\"gallery461\" href=\"https:\/\/zxdoll.com\/wp-content\/uploads\/2023\/04\/akira-sex-doll-8w3e37-533x800.jpg\" class=\"eig-popup\" title=\"\" data-caption=\"\" target=\"_blank\"><i class=\"icon-view\"><\/i><span class=\"overlay\"><\/span><img loading=\"lazy\" decoding=\"async\" width=\"150\" height=\"150\" src=\"https:\/\/zxdoll.com\/wp-content\/uploads\/2023\/04\/akira-sex-doll-8w3e37-150x150.jpg\" class=\"attachment-thumbnail size-thumbnail\" alt=\"\" title=\"\"><\/a><\/li><li><a data-fancybox=\"gallery461\" href=\"https:\/\/zxdoll.com\/wp-content\/uploads\/2023\/04\/akira-sex-doll-8w3e38-533x800.jpg\" class=\"eig-popup\" title=\"\" data-caption=\"\" target=\"_blank\"><i class=\"icon-view\"><\/i><span class=\"overlay\"><\/span><img loading=\"lazy\" decoding=\"async\" width=\"150\" height=\"150\" src=\"https:\/\/zxdoll.com\/wp-content\/uploads\/2023\/04\/akira-sex-doll-8w3e38-150x150.jpg\" class=\"attachment-thumbnail size-thumbnail\" alt=\"\" title=\"\"><\/a><\/li><li><a data-fancybox=\"gallery461\" href=\"https:\/\/zxdoll.com\/wp-content\/uploads\/2023\/04\/akira-sex-doll-8w3e39-533x800.jpg\" class=\"eig-popup\" title=\"\" data-caption=\"\" target=\"_blank\"><i class=\"icon-view\"><\/i><span class=\"overlay\"><\/span><img loading=\"lazy\" decoding=\"async\" width=\"150\" height=\"150\" src=\"https:\/\/zxdoll.com\/wp-content\/uploads\/2023\/04\/akira-sex-doll-8w3e39-150x150.jpg\" class=\"attachment-thumbnail size-thumbnail\" alt=\"\" title=\"\"><\/a><\/li><li><a data-fancybox=\"gallery461\" href=\"https:\/\/zxdoll.com\/wp-content\/uploads\/2023\/04\/akira-sex-doll-8w3e40-533x800.jpg\" class=\"eig-popup\" title=\"\" data-caption=\"\" target=\"_blank\"><i class=\"icon-view\"><\/i><span class=\"overlay\"><\/span><img loading=\"lazy\" decoding=\"async\" width=\"150\" height=\"150\" src=\"https:\/\/zxdoll.com\/wp-content\/uploads\/2023\/04\/akira-sex-doll-8w3e40-150x150.jpg\" class=\"attachment-thumbnail size-thumbnail\" alt=\"\" title=\"\"><\/a><\/li><li><a data-fancybox=\"gallery461\" href=\"https:\/\/zxdoll.com\/wp-content\/uploads\/2023\/04\/akira-sex-doll-8w3e41-533x800.jpg\" class=\"eig-popup\" title=\"\" data-caption=\"\" target=\"_blank\"><i class=\"icon-view\"><\/i><span class=\"overlay\"><\/span><img loading=\"lazy\" decoding=\"async\" width=\"150\" height=\"150\" src=\"https:\/\/zxdoll.com\/wp-content\/uploads\/2023\/04\/akira-sex-doll-8w3e41-150x150.jpg\" class=\"attachment-thumbnail size-thumbnail\" alt=\"\" title=\"\"><\/a><\/li><li><a data-fancybox=\"gallery461\" href=\"https:\/\/zxdoll.com\/wp-content\/uploads\/2023\/04\/akira-sex-doll-8w3e44-533x800.jpg\" class=\"eig-popup\" title=\"\" data-caption=\"\" target=\"_blank\"><i class=\"icon-view\"><\/i><span class=\"overlay\"><\/span><img loading=\"lazy\" decoding=\"async\" width=\"150\" height=\"150\" src=\"https:\/\/zxdoll.com\/wp-content\/uploads\/2023\/04\/akira-sex-doll-8w3e44-150x150.jpg\" class=\"attachment-thumbnail size-thumbnail\" alt=\"\" title=\"\"><\/a><\/li><\/ul>\n<h4>Storlekstabeller<\/h4>\n<table width=\"269\">\n<tbody>\n<tr>\n<td width=\"130\">Material<\/td>\n<td width=\"139\">TPE<\/td>\n<\/tr>\n<tr>\n<td>H\u00f6jd<\/td>\n<td>161 cm<\/td>\n<\/tr>\n<tr>\n<td>Br\u00f6stlinje<\/td>\n<td>93 cm<\/td>\n<\/tr>\n<tr>\n<td>Midjelinje<\/td>\n<td>66 cm<\/td>\n<\/tr>\n<tr>\n<td>Hip Line<\/td>\n<td>101 cm<\/td>\n<\/tr>\n<tr>\n<td>Arml\u00e4ngd<\/td>\n<td>57 cm<\/td>\n<\/tr>\n<tr>\n<td>Axel bredd<\/td>\n<td>36 cm<\/td>\n<\/tr>\n<tr>\n<td>Kalvlinje<\/td>\n<td>34 cm<\/td>\n<\/tr>\n<tr>\n<td>L\u00e5rlinje<\/td>\n<td>58 cm<\/td>\n<\/tr>\n<tr>\n<td>Benl\u00e4ngd<\/td>\n<td>89 cm<\/td>\n<\/tr>\n<tr>\n<td>F\u00f6tter Storlek<\/td>\n<td>22 cm<\/td>\n<\/tr>\n<tr>\n<td>Nettovikt<\/td>\n<td>43 kg<\/td>\n<\/tr>\n<tr>\n<td>Oralt djup<\/td>\n<td>12 cm<\/td>\n<\/tr>\n<tr>\n<td>Vaginadjup<\/td>\n<td>18 cm<\/td>\n<\/tr>\n<tr>\n<td>Analt djup<\/td>\n<td>16 cm<\/td>\n<\/tr>\n<\/tbody>\n<\/table>\n<h4>Om Sexdockan<\/h4>\n<p>Det \u00e4r inte m\u00e5nga som k\u00e4nner till den kvinnliga sexdockan med artificiell intelligens; det h\u00e4r \u00e4r n\u00e5got du inte har sett f\u00f6rut. TS Sexdockan \u00e4r Korina Nova-dockan; hon \u00e4r en av de solida dockorna som delar fysiska egenskaper med riktiga m\u00e4nniskor. F\u00f6rutom att vara en robot sexdocka och en av sexdockorna som r\u00f6r sig, har TS riktiga vuxendocka gjort sig ett namn som en av de b\u00e4sta Gall Gadot 161cm sexdockorna.<\/p>\n<p>Fr\u00e5n den finaste samlingen av Korina Kova-dockor kommer Gall Gadot sexdocka, en 161 cm sexdocka som r\u00f6r sig under penetration. Den kvinnliga sexdockan med artificiell intelligens fungerar som en riktig docka, vilket s\u00e5klart ger det b\u00e4sta uppbl\u00e5sningssexet. Det h\u00e4r \u00e4r varje mans sexdocka och favoritperson f\u00f6r spr\u00e4ngdocka. En man f\u00f6rtj\u00e4nar att ha fantastiskt sex. Om du tycker att det \u00e4r sv\u00e5rt att f\u00e5 fantastiskt sex som man, d\u00e5 m\u00e5ste du t\u00e4nka p\u00e5 att skaffa den 161 cm l\u00e5nga sexdockan f\u00f6r m\u00e4n; hon \u00e4r allt du n\u00e5gonsin har f\u00f6rest\u00e4llt dig. V\u00e5r docka \u00e4r billig och prisv\u00e4rd, och du beh\u00f6ver inte spendera mycket pengar innan du kan g\u00f6ra henne till din egen. Det vackra med sexdockan \u00e4r att man kan anv\u00e4nda dem l\u00e4nge.<\/p>","protected":false},"excerpt":{"rendered":"<p>Sexdocka Bilder Storlekstabell Material TPE H\u00f6jd 161cm Br\u00f6stlinje 93cm Midjelinje 66cm H\u00f6ftlinje 101cm Arml\u00e4ngd<\/p>","protected":false},"featured_media":31242,"comment_status":"open","ping_status":"closed","template":"","meta":[],"product_brand":[],"product_cat":[97,75,231,80,116,115,119],"product_tag":[],"class_list":{"0":"post-31222","1":"product","2":"type-product","3":"status-publish","4":"has-post-thumbnail","6":"product_cat-real-life-sex-dolls","7":"product_cat-160cm-170cm-sex-dolls","8":"product_cat-41kg-45kg","9":"product_cat-asian-sex-doll","10":"product_cat-big-boobs-sex-doll","11":"product_cat-big-booty-sex-doll","12":"product_cat-tpe-sex-doll","13":"pa_brand-irontech-doll","14":"tm-has-options","16":"first","17":"instock","18":"sale","19":"shipping-taxable","20":"purchasable","21":"product-type-simple"},"_links":{"self":[{"href":"https:\/\/zxdoll.com\/sv\/wp-json\/wp\/v2\/product\/31222","targetHints":{"allow":["GET"]}}],"collection":[{"href":"https:\/\/zxdoll.com\/sv\/wp-json\/wp\/v2\/product"}],"about":[{"href":"https:\/\/zxdoll.com\/sv\/wp-json\/wp\/v2\/types\/product"}],"replies":[{"embeddable":true,"href":"https:\/\/zxdoll.com\/sv\/wp-json\/wp\/v2\/comments?post=31222"}],"version-history":[{"count":3,"href":"https:\/\/zxdoll.com\/sv\/wp-json\/wp\/v2\/product\/31222\/revisions"}],"predecessor-version":[{"id":101315,"href":"https:\/\/zxdoll.com\/sv\/wp-json\/wp\/v2\/product\/31222\/revisions\/101315"}],"wp:featuredmedia":[{"embeddable":true,"href":"https:\/\/zxdoll.com\/sv\/wp-json\/wp\/v2\/media\/31242"}],"wp:attachment":[{"href":"https:\/\/zxdoll.com\/sv\/wp-json\/wp\/v2\/media?parent=31222"}],"wp:term":[{"taxonomy":"product_brand","embeddable":true,"href":"https:\/\/zxdoll.com\/sv\/wp-json\/wp\/v2\/product_brand?post=31222"},{"taxonomy":"product_cat","embeddable":true,"href":"https:\/\/zxdoll.com\/sv\/wp-json\/wp\/v2\/product_cat?post=31222"},{"taxonomy":"product_tag","embeddable":true,"href":"https:\/\/zxdoll.com\/sv\/wp-json\/wp\/v2\/product_tag?post=31222"}],"curies":[{"name":"wp","href":"https:\/\/api.w.org\/{rel}","templated":true}]}}