{"id":31085,"date":"2023-04-03T03:52:11","date_gmt":"2023-04-02T19:52:11","guid":{"rendered":"https:\/\/zxdoll.com\/?post_type=product&#038;p=31085"},"modified":"2025-09-12T10:03:43","modified_gmt":"2025-09-12T02:03:43","slug":"real-life-huge-booty-female-love-doll","status":"publish","type":"product","link":"https:\/\/zxdoll.com\/sv\/product\/real-life-huge-booty-female-love-doll\/","title":{"rendered":"Real Life Huge Booty Kvinnlig Love Doll Matty 161cm"},"content":{"rendered":"<h4><strong>Sexdockabilder<\/strong><\/h4>\n\t                <ul class=\"easy-image-gallery thumbnails-20 linked\">\r\n                    <li><a data-fancybox=\"gallery709\" href=\"https:\/\/zxdoll.com\/wp-content\/uploads\/2023\/04\/real-fuck-dolls-6y8h1-533x800.jpg\" class=\"eig-popup\" title=\"\" data-caption=\"\" target=\"_blank\"><i class=\"icon-view\"><\/i><span class=\"overlay\"><\/span><img decoding=\"async\" width=\"150\" height=\"150\" src=\"https:\/\/zxdoll.com\/wp-content\/uploads\/2023\/04\/real-fuck-dolls-6y8h1-150x150.jpg\" class=\"attachment-thumbnail size-thumbnail\" alt=\"\" title=\"\"><\/a><\/li><li><a data-fancybox=\"gallery709\" href=\"https:\/\/zxdoll.com\/wp-content\/uploads\/2023\/04\/real-fuck-dolls-6y8h2-533x800.jpg\" class=\"eig-popup\" title=\"\" data-caption=\"\" target=\"_blank\"><i class=\"icon-view\"><\/i><span class=\"overlay\"><\/span><img decoding=\"async\" width=\"150\" height=\"150\" src=\"https:\/\/zxdoll.com\/wp-content\/uploads\/2023\/04\/real-fuck-dolls-6y8h2-150x150.jpg\" class=\"attachment-thumbnail size-thumbnail\" alt=\"\" title=\"\"><\/a><\/li><li><a data-fancybox=\"gallery709\" href=\"https:\/\/zxdoll.com\/wp-content\/uploads\/2023\/04\/real-fuck-dolls-6y8h3-533x800.jpg\" class=\"eig-popup\" title=\"\" data-caption=\"\" target=\"_blank\"><i class=\"icon-view\"><\/i><span class=\"overlay\"><\/span><img decoding=\"async\" width=\"150\" height=\"150\" src=\"https:\/\/zxdoll.com\/wp-content\/uploads\/2023\/04\/real-fuck-dolls-6y8h3-150x150.jpg\" class=\"attachment-thumbnail size-thumbnail\" alt=\"\" title=\"\"><\/a><\/li><li><a data-fancybox=\"gallery709\" href=\"https:\/\/zxdoll.com\/wp-content\/uploads\/2023\/04\/real-fuck-dolls-6y8h4-533x800.jpg\" class=\"eig-popup\" title=\"\" data-caption=\"\" target=\"_blank\"><i class=\"icon-view\"><\/i><span class=\"overlay\"><\/span><img loading=\"lazy\" decoding=\"async\" width=\"150\" height=\"150\" src=\"https:\/\/zxdoll.com\/wp-content\/uploads\/2023\/04\/real-fuck-dolls-6y8h4-150x150.jpg\" class=\"attachment-thumbnail size-thumbnail\" alt=\"\" title=\"\"><\/a><\/li><li><a data-fancybox=\"gallery709\" href=\"https:\/\/zxdoll.com\/wp-content\/uploads\/2023\/04\/real-fuck-dolls-6y8h5-533x800.jpg\" class=\"eig-popup\" title=\"\" data-caption=\"\" target=\"_blank\"><i class=\"icon-view\"><\/i><span class=\"overlay\"><\/span><img loading=\"lazy\" decoding=\"async\" width=\"150\" height=\"150\" src=\"https:\/\/zxdoll.com\/wp-content\/uploads\/2023\/04\/real-fuck-dolls-6y8h5-150x150.jpg\" class=\"attachment-thumbnail size-thumbnail\" alt=\"\" title=\"\"><\/a><\/li><li><a data-fancybox=\"gallery709\" href=\"https:\/\/zxdoll.com\/wp-content\/uploads\/2023\/04\/real-fuck-dolls-6y8h6-533x800.jpg\" class=\"eig-popup\" title=\"\" data-caption=\"\" target=\"_blank\"><i class=\"icon-view\"><\/i><span class=\"overlay\"><\/span><img loading=\"lazy\" decoding=\"async\" width=\"150\" height=\"150\" src=\"https:\/\/zxdoll.com\/wp-content\/uploads\/2023\/04\/real-fuck-dolls-6y8h6-150x150.jpg\" class=\"attachment-thumbnail size-thumbnail\" alt=\"\" title=\"\"><\/a><\/li><li><a data-fancybox=\"gallery709\" href=\"https:\/\/zxdoll.com\/wp-content\/uploads\/2023\/04\/real-fuck-dolls-6y8h7-533x800.jpg\" class=\"eig-popup\" title=\"\" data-caption=\"\" target=\"_blank\"><i class=\"icon-view\"><\/i><span class=\"overlay\"><\/span><img loading=\"lazy\" decoding=\"async\" width=\"150\" height=\"150\" src=\"https:\/\/zxdoll.com\/wp-content\/uploads\/2023\/04\/real-fuck-dolls-6y8h7-150x150.jpg\" class=\"attachment-thumbnail size-thumbnail\" alt=\"\" title=\"\"><\/a><\/li><li><a data-fancybox=\"gallery709\" href=\"https:\/\/zxdoll.com\/wp-content\/uploads\/2023\/04\/real-fuck-dolls-6y8h8-533x800.jpg\" class=\"eig-popup\" title=\"\" data-caption=\"\" target=\"_blank\"><i class=\"icon-view\"><\/i><span class=\"overlay\"><\/span><img loading=\"lazy\" decoding=\"async\" width=\"150\" height=\"150\" src=\"https:\/\/zxdoll.com\/wp-content\/uploads\/2023\/04\/real-fuck-dolls-6y8h8-150x150.jpg\" class=\"attachment-thumbnail size-thumbnail\" alt=\"\" title=\"\"><\/a><\/li><li><a data-fancybox=\"gallery709\" href=\"https:\/\/zxdoll.com\/wp-content\/uploads\/2023\/04\/real-fuck-dolls-6y8h9-533x800.jpg\" class=\"eig-popup\" title=\"\" data-caption=\"\" target=\"_blank\"><i class=\"icon-view\"><\/i><span class=\"overlay\"><\/span><img loading=\"lazy\" decoding=\"async\" width=\"150\" height=\"150\" src=\"https:\/\/zxdoll.com\/wp-content\/uploads\/2023\/04\/real-fuck-dolls-6y8h9-150x150.jpg\" class=\"attachment-thumbnail size-thumbnail\" alt=\"\" title=\"\"><\/a><\/li><li><a data-fancybox=\"gallery709\" href=\"https:\/\/zxdoll.com\/wp-content\/uploads\/2023\/04\/real-fuck-dolls-6y8h10-533x800.jpg\" class=\"eig-popup\" title=\"\" data-caption=\"\" target=\"_blank\"><i class=\"icon-view\"><\/i><span class=\"overlay\"><\/span><img loading=\"lazy\" decoding=\"async\" width=\"150\" height=\"150\" src=\"https:\/\/zxdoll.com\/wp-content\/uploads\/2023\/04\/real-fuck-dolls-6y8h10-150x150.jpg\" class=\"attachment-thumbnail size-thumbnail\" alt=\"\" title=\"\"><\/a><\/li><li><a data-fancybox=\"gallery709\" href=\"https:\/\/zxdoll.com\/wp-content\/uploads\/2023\/04\/real-fuck-dolls-6y8h12-533x800.jpg\" class=\"eig-popup\" title=\"\" data-caption=\"\" target=\"_blank\"><i class=\"icon-view\"><\/i><span class=\"overlay\"><\/span><img loading=\"lazy\" decoding=\"async\" width=\"150\" height=\"150\" src=\"https:\/\/zxdoll.com\/wp-content\/uploads\/2023\/04\/real-fuck-dolls-6y8h12-150x150.jpg\" class=\"attachment-thumbnail size-thumbnail\" alt=\"\" title=\"\"><\/a><\/li><li><a data-fancybox=\"gallery709\" href=\"https:\/\/zxdoll.com\/wp-content\/uploads\/2023\/04\/real-fuck-dolls-6y8h13-533x800.jpg\" class=\"eig-popup\" title=\"\" data-caption=\"\" target=\"_blank\"><i class=\"icon-view\"><\/i><span class=\"overlay\"><\/span><img loading=\"lazy\" decoding=\"async\" width=\"150\" height=\"150\" src=\"https:\/\/zxdoll.com\/wp-content\/uploads\/2023\/04\/real-fuck-dolls-6y8h13-150x150.jpg\" class=\"attachment-thumbnail size-thumbnail\" alt=\"\" title=\"\"><\/a><\/li><li><a data-fancybox=\"gallery709\" href=\"https:\/\/zxdoll.com\/wp-content\/uploads\/2023\/04\/real-fuck-dolls-6y8h15-533x800.jpg\" class=\"eig-popup\" title=\"\" data-caption=\"\" target=\"_blank\"><i class=\"icon-view\"><\/i><span class=\"overlay\"><\/span><img loading=\"lazy\" decoding=\"async\" width=\"150\" height=\"150\" src=\"https:\/\/zxdoll.com\/wp-content\/uploads\/2023\/04\/real-fuck-dolls-6y8h15-150x150.jpg\" class=\"attachment-thumbnail size-thumbnail\" alt=\"\" title=\"\"><\/a><\/li><li><a data-fancybox=\"gallery709\" href=\"https:\/\/zxdoll.com\/wp-content\/uploads\/2023\/04\/real-fuck-dolls-6y8h17-533x800.jpg\" class=\"eig-popup\" title=\"\" data-caption=\"\" target=\"_blank\"><i class=\"icon-view\"><\/i><span class=\"overlay\"><\/span><img loading=\"lazy\" decoding=\"async\" width=\"150\" height=\"150\" src=\"https:\/\/zxdoll.com\/wp-content\/uploads\/2023\/04\/real-fuck-dolls-6y8h17-150x150.jpg\" class=\"attachment-thumbnail size-thumbnail\" alt=\"\" title=\"\"><\/a><\/li><li><a data-fancybox=\"gallery709\" href=\"https:\/\/zxdoll.com\/wp-content\/uploads\/2023\/04\/real-fuck-dolls-6y8h18-533x800.jpg\" class=\"eig-popup\" title=\"\" data-caption=\"\" target=\"_blank\"><i class=\"icon-view\"><\/i><span class=\"overlay\"><\/span><img loading=\"lazy\" decoding=\"async\" width=\"150\" height=\"150\" src=\"https:\/\/zxdoll.com\/wp-content\/uploads\/2023\/04\/real-fuck-dolls-6y8h18-150x150.jpg\" class=\"attachment-thumbnail size-thumbnail\" alt=\"\" title=\"\"><\/a><\/li><li><a data-fancybox=\"gallery709\" href=\"https:\/\/zxdoll.com\/wp-content\/uploads\/2023\/04\/real-fuck-dolls-6y8h19-533x800.jpg\" class=\"eig-popup\" title=\"\" data-caption=\"\" target=\"_blank\"><i class=\"icon-view\"><\/i><span class=\"overlay\"><\/span><img loading=\"lazy\" decoding=\"async\" width=\"150\" height=\"150\" src=\"https:\/\/zxdoll.com\/wp-content\/uploads\/2023\/04\/real-fuck-dolls-6y8h19-150x150.jpg\" class=\"attachment-thumbnail size-thumbnail\" alt=\"\" title=\"\"><\/a><\/li><li><a data-fancybox=\"gallery709\" href=\"https:\/\/zxdoll.com\/wp-content\/uploads\/2023\/04\/real-fuck-dolls-6y8h20-533x800.jpg\" class=\"eig-popup\" title=\"\" data-caption=\"\" target=\"_blank\"><i class=\"icon-view\"><\/i><span class=\"overlay\"><\/span><img loading=\"lazy\" decoding=\"async\" width=\"150\" height=\"150\" src=\"https:\/\/zxdoll.com\/wp-content\/uploads\/2023\/04\/real-fuck-dolls-6y8h20-150x150.jpg\" class=\"attachment-thumbnail size-thumbnail\" alt=\"\" title=\"\"><\/a><\/li><li><a data-fancybox=\"gallery709\" href=\"https:\/\/zxdoll.com\/wp-content\/uploads\/2023\/04\/real-fuck-dolls-6y8h21-533x800.jpg\" class=\"eig-popup\" title=\"\" data-caption=\"\" target=\"_blank\"><i class=\"icon-view\"><\/i><span class=\"overlay\"><\/span><img loading=\"lazy\" decoding=\"async\" width=\"150\" height=\"150\" src=\"https:\/\/zxdoll.com\/wp-content\/uploads\/2023\/04\/real-fuck-dolls-6y8h21-150x150.jpg\" class=\"attachment-thumbnail size-thumbnail\" alt=\"\" title=\"\"><\/a><\/li><li><a data-fancybox=\"gallery709\" href=\"https:\/\/zxdoll.com\/wp-content\/uploads\/2023\/04\/real-fuck-dolls-6y8h22-533x800.jpg\" class=\"eig-popup\" title=\"\" data-caption=\"\" target=\"_blank\"><i class=\"icon-view\"><\/i><span class=\"overlay\"><\/span><img loading=\"lazy\" decoding=\"async\" width=\"150\" height=\"150\" src=\"https:\/\/zxdoll.com\/wp-content\/uploads\/2023\/04\/real-fuck-dolls-6y8h22-150x150.jpg\" class=\"attachment-thumbnail size-thumbnail\" alt=\"\" title=\"\"><\/a><\/li><li><a data-fancybox=\"gallery709\" href=\"https:\/\/zxdoll.com\/wp-content\/uploads\/2023\/04\/real-fuck-dolls-6y8h23-533x800.jpg\" class=\"eig-popup\" title=\"\" data-caption=\"\" target=\"_blank\"><i class=\"icon-view\"><\/i><span class=\"overlay\"><\/span><img loading=\"lazy\" decoding=\"async\" width=\"150\" height=\"150\" src=\"https:\/\/zxdoll.com\/wp-content\/uploads\/2023\/04\/real-fuck-dolls-6y8h23-150x150.jpg\" class=\"attachment-thumbnail size-thumbnail\" alt=\"\" title=\"\"><\/a><\/li><\/ul>\n<h4>Storlekstabeller<\/h4>\n<table width=\"269\">\n<tbody>\n<tr>\n<td width=\"130\">Material<\/td>\n<td width=\"139\">TPE<\/td>\n<\/tr>\n<tr>\n<td>H\u00f6jd<\/td>\n<td>161 cm<\/td>\n<\/tr>\n<tr>\n<td>Br\u00f6stlinje<\/td>\n<td>93 cm<\/td>\n<\/tr>\n<tr>\n<td>Midjelinje<\/td>\n<td>66 cm<\/td>\n<\/tr>\n<tr>\n<td>Hip Line<\/td>\n<td>101 cm<\/td>\n<\/tr>\n<tr>\n<td>Arml\u00e4ngd<\/td>\n<td>57 cm<\/td>\n<\/tr>\n<tr>\n<td>Axel bredd<\/td>\n<td>36 cm<\/td>\n<\/tr>\n<tr>\n<td>Kalvlinje<\/td>\n<td>34 cm<\/td>\n<\/tr>\n<tr>\n<td>L\u00e5rlinje<\/td>\n<td>58 cm<\/td>\n<\/tr>\n<tr>\n<td>Benl\u00e4ngd<\/td>\n<td>89 cm<\/td>\n<\/tr>\n<tr>\n<td>F\u00f6tter Storlek<\/td>\n<td>22 cm<\/td>\n<\/tr>\n<tr>\n<td>Nettovikt<\/td>\n<td>43 kg<\/td>\n<\/tr>\n<tr>\n<td>Oralt djup<\/td>\n<td>12 cm<\/td>\n<\/tr>\n<tr>\n<td>Vaginadjup<\/td>\n<td>18 cm<\/td>\n<\/tr>\n<tr>\n<td>Analt djup<\/td>\n<td>16 cm<\/td>\n<\/tr>\n<\/tbody>\n<\/table>\n<h4>Om Sexdockan<\/h4>\n<p>Den kvinnliga k\u00e4rleksdockan \u00e4r ett av de b\u00e4sta besluten m\u00e5nga har tagit. Detta beror p\u00e5 att den livliga sexdockan kan anv\u00e4ndas av gamla, medel\u00e5lders och unga m\u00e4n. En av de b\u00e4sta sexdockorna 2022 \u00e4r den &quot;verkliga&quot; kvinnliga sexdockan; termen &quot;verkliga livet&quot; anv\u00e4nds f\u00f6r att hon ser v\u00e4ldigt realistisk ut och har s\u00e5 m\u00e5nga feminina egenskaper som g\u00f6r henne till mer \u00e4n bara en leksak. WM-sexdockan \u00e4r en enorm bytedocka; hennes br\u00f6st kan sugas, smekas, lekas med och till och med l\u00e4ggas p\u00e5. Att veta hur en sexdocka k\u00e4nns kan inte avg\u00f6ras f\u00f6rr\u00e4n du skaffar en sj\u00e4lv och har sex med henne. Att ha sex med Den verkliga kvinnliga sexdockan f\u00e5r dig att k\u00e4nna att du har sex med en riktig kvinna. Om du har undrat hur en sexdocka k\u00e4nns eller om du har letat efter en kvinnlig k\u00e4rleksdocka f\u00f6r att ha fantastisk sexdockaporr, d\u00e5 \u00e4r denna sexdocka f\u00f6r kvinnor fr\u00e5n Wm Sex Doll den b\u00e4sta sexdockan 2022. med stora br\u00f6st och erbjuder verkliga kvinnliga sexupplevelser med enorma br\u00f6st som g\u00f6r upplevelsen \u00e4nnu roligare och sp\u00e4nnande.<\/p>","protected":false},"excerpt":{"rendered":"<p>Sexdocka Bilder Storlekstabell Material TPE H\u00f6jd 161cm Br\u00f6stlinje 93cm Midjelinje 66cm H\u00f6ftlinje 101cm Arml\u00e4ngd<\/p>","protected":false},"featured_media":31103,"comment_status":"open","ping_status":"closed","template":"","meta":[],"product_brand":[],"product_cat":[97,75,231,115,117,119],"product_tag":[],"class_list":{"0":"post-31085","1":"product","2":"type-product","3":"status-publish","4":"has-post-thumbnail","6":"product_cat-real-life-sex-dolls","7":"product_cat-160cm-170cm-sex-dolls","8":"product_cat-41kg-45kg","9":"product_cat-big-booty-sex-doll","10":"product_cat-small-breast-sex-doll","11":"product_cat-tpe-sex-doll","12":"pa_brand-irontech-doll","13":"tm-has-options","15":"first","16":"instock","17":"sale","18":"shipping-taxable","19":"purchasable","20":"product-type-simple"},"_links":{"self":[{"href":"https:\/\/zxdoll.com\/sv\/wp-json\/wp\/v2\/product\/31085","targetHints":{"allow":["GET"]}}],"collection":[{"href":"https:\/\/zxdoll.com\/sv\/wp-json\/wp\/v2\/product"}],"about":[{"href":"https:\/\/zxdoll.com\/sv\/wp-json\/wp\/v2\/types\/product"}],"replies":[{"embeddable":true,"href":"https:\/\/zxdoll.com\/sv\/wp-json\/wp\/v2\/comments?post=31085"}],"version-history":[{"count":3,"href":"https:\/\/zxdoll.com\/sv\/wp-json\/wp\/v2\/product\/31085\/revisions"}],"predecessor-version":[{"id":101339,"href":"https:\/\/zxdoll.com\/sv\/wp-json\/wp\/v2\/product\/31085\/revisions\/101339"}],"wp:featuredmedia":[{"embeddable":true,"href":"https:\/\/zxdoll.com\/sv\/wp-json\/wp\/v2\/media\/31103"}],"wp:attachment":[{"href":"https:\/\/zxdoll.com\/sv\/wp-json\/wp\/v2\/media?parent=31085"}],"wp:term":[{"taxonomy":"product_brand","embeddable":true,"href":"https:\/\/zxdoll.com\/sv\/wp-json\/wp\/v2\/product_brand?post=31085"},{"taxonomy":"product_cat","embeddable":true,"href":"https:\/\/zxdoll.com\/sv\/wp-json\/wp\/v2\/product_cat?post=31085"},{"taxonomy":"product_tag","embeddable":true,"href":"https:\/\/zxdoll.com\/sv\/wp-json\/wp\/v2\/product_tag?post=31085"}],"curies":[{"name":"wp","href":"https:\/\/api.w.org\/{rel}","templated":true}]}}