{"id":30807,"date":"2023-04-03T03:18:02","date_gmt":"2023-04-02T19:18:02","guid":{"rendered":"https:\/\/zxdoll.com\/?post_type=product&#038;p=30807"},"modified":"2025-09-12T10:02:05","modified_gmt":"2025-09-12T02:02:05","slug":"big-booty-affordable-female-real-doll","status":"publish","type":"product","link":"https:\/\/zxdoll.com\/sv\/product\/big-booty-affordable-female-real-doll\/","title":{"rendered":"Big Booty Prisv\u00e4rd Kvinna Real Doll Leiah 160cm"},"content":{"rendered":"<h4><strong>Sexdockabilder<\/strong><\/h4>\n\t                <ul class=\"easy-image-gallery thumbnails-21 linked\">\r\n                    <li><a data-fancybox=\"gallery681\" href=\"https:\/\/zxdoll.com\/wp-content\/uploads\/2023\/04\/busty-love-doll-7u8x2-533x800.jpg\" class=\"eig-popup\" title=\"\" data-caption=\"\" target=\"_blank\"><i class=\"icon-view\"><\/i><span class=\"overlay\"><\/span><img decoding=\"async\" width=\"150\" height=\"150\" src=\"https:\/\/zxdoll.com\/wp-content\/uploads\/2023\/04\/busty-love-doll-7u8x2-150x150.jpg\" class=\"attachment-thumbnail size-thumbnail\" alt=\"\" title=\"\"><\/a><\/li><li><a data-fancybox=\"gallery681\" href=\"https:\/\/zxdoll.com\/wp-content\/uploads\/2023\/04\/busty-love-doll-7u8x3-533x800.jpg\" class=\"eig-popup\" title=\"\" data-caption=\"\" target=\"_blank\"><i class=\"icon-view\"><\/i><span class=\"overlay\"><\/span><img decoding=\"async\" width=\"150\" height=\"150\" src=\"https:\/\/zxdoll.com\/wp-content\/uploads\/2023\/04\/busty-love-doll-7u8x3-150x150.jpg\" class=\"attachment-thumbnail size-thumbnail\" alt=\"\" title=\"\"><\/a><\/li><li><a data-fancybox=\"gallery681\" href=\"https:\/\/zxdoll.com\/wp-content\/uploads\/2023\/04\/busty-love-doll-7u8x4-533x800.jpg\" class=\"eig-popup\" title=\"\" data-caption=\"\" target=\"_blank\"><i class=\"icon-view\"><\/i><span class=\"overlay\"><\/span><img decoding=\"async\" width=\"150\" height=\"150\" src=\"https:\/\/zxdoll.com\/wp-content\/uploads\/2023\/04\/busty-love-doll-7u8x4-150x150.jpg\" class=\"attachment-thumbnail size-thumbnail\" alt=\"\" title=\"\"><\/a><\/li><li><a data-fancybox=\"gallery681\" href=\"https:\/\/zxdoll.com\/wp-content\/uploads\/2023\/04\/busty-love-doll-7u8x5-533x800.jpg\" class=\"eig-popup\" title=\"\" data-caption=\"\" target=\"_blank\"><i class=\"icon-view\"><\/i><span class=\"overlay\"><\/span><img loading=\"lazy\" decoding=\"async\" width=\"150\" height=\"150\" src=\"https:\/\/zxdoll.com\/wp-content\/uploads\/2023\/04\/busty-love-doll-7u8x5-150x150.jpg\" class=\"attachment-thumbnail size-thumbnail\" alt=\"\" title=\"\"><\/a><\/li><li><a data-fancybox=\"gallery681\" href=\"https:\/\/zxdoll.com\/wp-content\/uploads\/2023\/04\/busty-love-doll-7u8x6-533x800.jpg\" class=\"eig-popup\" title=\"\" data-caption=\"\" target=\"_blank\"><i class=\"icon-view\"><\/i><span class=\"overlay\"><\/span><img loading=\"lazy\" decoding=\"async\" width=\"150\" height=\"150\" src=\"https:\/\/zxdoll.com\/wp-content\/uploads\/2023\/04\/busty-love-doll-7u8x6-150x150.jpg\" class=\"attachment-thumbnail size-thumbnail\" alt=\"\" title=\"\"><\/a><\/li><li><a data-fancybox=\"gallery681\" href=\"https:\/\/zxdoll.com\/wp-content\/uploads\/2023\/04\/busty-love-doll-7u8x8-533x800.jpg\" class=\"eig-popup\" title=\"\" data-caption=\"\" target=\"_blank\"><i class=\"icon-view\"><\/i><span class=\"overlay\"><\/span><img loading=\"lazy\" decoding=\"async\" width=\"150\" height=\"150\" src=\"https:\/\/zxdoll.com\/wp-content\/uploads\/2023\/04\/busty-love-doll-7u8x8-150x150.jpg\" class=\"attachment-thumbnail size-thumbnail\" alt=\"\" title=\"\"><\/a><\/li><li><a data-fancybox=\"gallery681\" href=\"https:\/\/zxdoll.com\/wp-content\/uploads\/2023\/04\/busty-love-doll-7u8x10-533x800.jpg\" class=\"eig-popup\" title=\"\" data-caption=\"\" target=\"_blank\"><i class=\"icon-view\"><\/i><span class=\"overlay\"><\/span><img loading=\"lazy\" decoding=\"async\" width=\"150\" height=\"150\" src=\"https:\/\/zxdoll.com\/wp-content\/uploads\/2023\/04\/busty-love-doll-7u8x10-150x150.jpg\" class=\"attachment-thumbnail size-thumbnail\" alt=\"\" title=\"\"><\/a><\/li><li><a data-fancybox=\"gallery681\" href=\"https:\/\/zxdoll.com\/wp-content\/uploads\/2023\/04\/busty-love-doll-7u8x11-533x800.jpg\" class=\"eig-popup\" title=\"\" data-caption=\"\" target=\"_blank\"><i class=\"icon-view\"><\/i><span class=\"overlay\"><\/span><img loading=\"lazy\" decoding=\"async\" width=\"150\" height=\"150\" src=\"https:\/\/zxdoll.com\/wp-content\/uploads\/2023\/04\/busty-love-doll-7u8x11-150x150.jpg\" class=\"attachment-thumbnail size-thumbnail\" alt=\"\" title=\"\"><\/a><\/li><li><a data-fancybox=\"gallery681\" href=\"https:\/\/zxdoll.com\/wp-content\/uploads\/2023\/04\/busty-love-doll-7u8x14-533x800.jpg\" class=\"eig-popup\" title=\"\" data-caption=\"\" target=\"_blank\"><i class=\"icon-view\"><\/i><span class=\"overlay\"><\/span><img loading=\"lazy\" decoding=\"async\" width=\"150\" height=\"150\" src=\"https:\/\/zxdoll.com\/wp-content\/uploads\/2023\/04\/busty-love-doll-7u8x14-150x150.jpg\" class=\"attachment-thumbnail size-thumbnail\" alt=\"\" title=\"\"><\/a><\/li><li><a data-fancybox=\"gallery681\" href=\"https:\/\/zxdoll.com\/wp-content\/uploads\/2023\/04\/busty-love-doll-7u8x18-533x800.jpg\" class=\"eig-popup\" title=\"\" data-caption=\"\" target=\"_blank\"><i class=\"icon-view\"><\/i><span class=\"overlay\"><\/span><img loading=\"lazy\" decoding=\"async\" width=\"150\" height=\"150\" src=\"https:\/\/zxdoll.com\/wp-content\/uploads\/2023\/04\/busty-love-doll-7u8x18-150x150.jpg\" class=\"attachment-thumbnail size-thumbnail\" alt=\"\" title=\"\"><\/a><\/li><li><a data-fancybox=\"gallery681\" href=\"https:\/\/zxdoll.com\/wp-content\/uploads\/2023\/04\/busty-love-doll-7u8x20-533x800.jpg\" class=\"eig-popup\" title=\"\" data-caption=\"\" target=\"_blank\"><i class=\"icon-view\"><\/i><span class=\"overlay\"><\/span><img loading=\"lazy\" decoding=\"async\" width=\"150\" height=\"150\" src=\"https:\/\/zxdoll.com\/wp-content\/uploads\/2023\/04\/busty-love-doll-7u8x20-150x150.jpg\" class=\"attachment-thumbnail size-thumbnail\" alt=\"\" title=\"\"><\/a><\/li><li><a data-fancybox=\"gallery681\" href=\"https:\/\/zxdoll.com\/wp-content\/uploads\/2023\/04\/busty-love-doll-7u8x21-533x800.jpg\" class=\"eig-popup\" title=\"\" data-caption=\"\" target=\"_blank\"><i class=\"icon-view\"><\/i><span class=\"overlay\"><\/span><img loading=\"lazy\" decoding=\"async\" width=\"150\" height=\"150\" src=\"https:\/\/zxdoll.com\/wp-content\/uploads\/2023\/04\/busty-love-doll-7u8x21-150x150.jpg\" class=\"attachment-thumbnail size-thumbnail\" alt=\"\" title=\"\"><\/a><\/li><li><a data-fancybox=\"gallery681\" href=\"https:\/\/zxdoll.com\/wp-content\/uploads\/2023\/04\/busty-love-doll-7u8x23-533x800.jpg\" class=\"eig-popup\" title=\"\" data-caption=\"\" target=\"_blank\"><i class=\"icon-view\"><\/i><span class=\"overlay\"><\/span><img loading=\"lazy\" decoding=\"async\" width=\"150\" height=\"150\" src=\"https:\/\/zxdoll.com\/wp-content\/uploads\/2023\/04\/busty-love-doll-7u8x23-150x150.jpg\" class=\"attachment-thumbnail size-thumbnail\" alt=\"\" title=\"\"><\/a><\/li><li><a data-fancybox=\"gallery681\" href=\"https:\/\/zxdoll.com\/wp-content\/uploads\/2023\/04\/busty-love-doll-7u8x26-533x800.jpg\" class=\"eig-popup\" title=\"\" data-caption=\"\" target=\"_blank\"><i class=\"icon-view\"><\/i><span class=\"overlay\"><\/span><img loading=\"lazy\" decoding=\"async\" width=\"150\" height=\"150\" src=\"https:\/\/zxdoll.com\/wp-content\/uploads\/2023\/04\/busty-love-doll-7u8x26-150x150.jpg\" class=\"attachment-thumbnail size-thumbnail\" alt=\"\" title=\"\"><\/a><\/li><li><a data-fancybox=\"gallery681\" href=\"https:\/\/zxdoll.com\/wp-content\/uploads\/2023\/04\/busty-love-doll-7u8x27-533x800.jpg\" class=\"eig-popup\" title=\"\" data-caption=\"\" target=\"_blank\"><i class=\"icon-view\"><\/i><span class=\"overlay\"><\/span><img loading=\"lazy\" decoding=\"async\" width=\"150\" height=\"150\" src=\"https:\/\/zxdoll.com\/wp-content\/uploads\/2023\/04\/busty-love-doll-7u8x27-150x150.jpg\" class=\"attachment-thumbnail size-thumbnail\" alt=\"\" title=\"\"><\/a><\/li><li><a data-fancybox=\"gallery681\" href=\"https:\/\/zxdoll.com\/wp-content\/uploads\/2023\/04\/busty-love-doll-7u8x29-533x800.jpg\" class=\"eig-popup\" title=\"\" data-caption=\"\" target=\"_blank\"><i class=\"icon-view\"><\/i><span class=\"overlay\"><\/span><img loading=\"lazy\" decoding=\"async\" width=\"150\" height=\"150\" src=\"https:\/\/zxdoll.com\/wp-content\/uploads\/2023\/04\/busty-love-doll-7u8x29-150x150.jpg\" class=\"attachment-thumbnail size-thumbnail\" alt=\"\" title=\"\"><\/a><\/li><li><a data-fancybox=\"gallery681\" href=\"https:\/\/zxdoll.com\/wp-content\/uploads\/2023\/04\/busty-love-doll-7u8x30-533x800.jpg\" class=\"eig-popup\" title=\"\" data-caption=\"\" target=\"_blank\"><i class=\"icon-view\"><\/i><span class=\"overlay\"><\/span><img loading=\"lazy\" decoding=\"async\" width=\"150\" height=\"150\" src=\"https:\/\/zxdoll.com\/wp-content\/uploads\/2023\/04\/busty-love-doll-7u8x30-150x150.jpg\" class=\"attachment-thumbnail size-thumbnail\" alt=\"\" title=\"\"><\/a><\/li><li><a data-fancybox=\"gallery681\" href=\"https:\/\/zxdoll.com\/wp-content\/uploads\/2023\/04\/busty-love-doll-7u8x31-533x800.jpg\" class=\"eig-popup\" title=\"\" data-caption=\"\" target=\"_blank\"><i class=\"icon-view\"><\/i><span class=\"overlay\"><\/span><img loading=\"lazy\" decoding=\"async\" width=\"150\" height=\"150\" src=\"https:\/\/zxdoll.com\/wp-content\/uploads\/2023\/04\/busty-love-doll-7u8x31-150x150.jpg\" class=\"attachment-thumbnail size-thumbnail\" alt=\"\" title=\"\"><\/a><\/li><li><a data-fancybox=\"gallery681\" href=\"https:\/\/zxdoll.com\/wp-content\/uploads\/2023\/04\/busty-love-doll-7u8x36-533x800.jpg\" class=\"eig-popup\" title=\"\" data-caption=\"\" target=\"_blank\"><i class=\"icon-view\"><\/i><span class=\"overlay\"><\/span><img loading=\"lazy\" decoding=\"async\" width=\"150\" height=\"150\" src=\"https:\/\/zxdoll.com\/wp-content\/uploads\/2023\/04\/busty-love-doll-7u8x36-150x150.jpg\" class=\"attachment-thumbnail size-thumbnail\" alt=\"\" title=\"\"><\/a><\/li><li><a data-fancybox=\"gallery681\" href=\"https:\/\/zxdoll.com\/wp-content\/uploads\/2023\/04\/busty-love-doll-7u8x37-533x800.jpg\" class=\"eig-popup\" title=\"\" data-caption=\"\" target=\"_blank\"><i class=\"icon-view\"><\/i><span class=\"overlay\"><\/span><img loading=\"lazy\" decoding=\"async\" width=\"150\" height=\"150\" src=\"https:\/\/zxdoll.com\/wp-content\/uploads\/2023\/04\/busty-love-doll-7u8x37-150x150.jpg\" class=\"attachment-thumbnail size-thumbnail\" alt=\"\" title=\"\"><\/a><\/li><li><a data-fancybox=\"gallery681\" href=\"https:\/\/zxdoll.com\/wp-content\/uploads\/2023\/04\/busty-love-doll-7u8x38-533x800.jpg\" class=\"eig-popup\" title=\"\" data-caption=\"\" target=\"_blank\"><i class=\"icon-view\"><\/i><span class=\"overlay\"><\/span><img loading=\"lazy\" decoding=\"async\" width=\"150\" height=\"150\" src=\"https:\/\/zxdoll.com\/wp-content\/uploads\/2023\/04\/busty-love-doll-7u8x38-150x150.jpg\" class=\"attachment-thumbnail size-thumbnail\" alt=\"\" title=\"\"><\/a><\/li><\/ul>\n<h4>Storlekstabeller<\/h4>\n<table width=\"269\">\n<tbody>\n<tr>\n<td width=\"130\">Material<\/td>\n<td width=\"139\">TPE<\/td>\n<\/tr>\n<tr>\n<td>H\u00f6jd<\/td>\n<td>160 cm minus<\/td>\n<\/tr>\n<tr>\n<td>Br\u00f6stlinje<\/td>\n<td>81 cm<\/td>\n<\/tr>\n<tr>\n<td>Midjelinje<\/td>\n<td>57 cm<\/td>\n<\/tr>\n<tr>\n<td>Hip Line<\/td>\n<td>98 cm<\/td>\n<\/tr>\n<tr>\n<td>Nettovikt<\/td>\n<td>38 kg<\/td>\n<\/tr>\n<tr>\n<td>Oralt djup<\/td>\n<td>12 cm<\/td>\n<\/tr>\n<tr>\n<td>Vaginadjup<\/td>\n<td>18 cm<\/td>\n<\/tr>\n<tr>\n<td>Analt djup<\/td>\n<td>16 cm<\/td>\n<\/tr>\n<\/tbody>\n<\/table>\n<h4>Om Sexdockan<\/h4>\n<p>Detta \u00e4r en riktig sexdocka som har allt som kr\u00e4vs f\u00f6r att garantera din fulla tillfredsst\u00e4llelse. Detta beror p\u00e5 att denna livsliknande k\u00e4rleksdocka har samma niv\u00e5 av h\u00f6g kvalitet som den b\u00e4sta livet som sexdockor i h\u00f6guppl\u00f6sta k\u00e4rleksdockorporrfilmer online. F\u00f6rutom en s\u00e5 h\u00f6g kvalitetsniv\u00e5 kommer denna latexdocka v\u00e4lutrustad med alla funktioner du utan tvekan kommer att njuta av.<\/p>\n<p>Dessutom kommer denna h\u00e4rliga sexdocka utrustad med livliknande detaljer p\u00e5 alla hennes kroppsdelar. D\u00e4rf\u00f6r, om du tycker om en bra sexdocka creampie, d\u00e5 har du hittat en idealisk sexpartner som du kan utforska till dig sj\u00e4lv. D\u00e4rf\u00f6r, om du tycker om att titta p\u00e5 porrfilmer med man knullar sexdockor, s\u00e5 kommer du att uppskatta egenskaperna och realismen i denna kvinnliga riktiga docka.<\/p>\n<p>Dessutom \u00e4r denna riktiga docka i naturlig storlek den perfekta sexdockans stora byte som ger massor av positiv feedback i toppdockforumet. Tack vare en s\u00e5 h\u00f6g kvalitetsniv\u00e5 erbjuder denna sexdocka i verkligheten fullst\u00e4ndig tillfredsst\u00e4llelse. Detta beror p\u00e5 den djupt tillfredsst\u00e4llande visuella och taktila stimuleringen som kommer som en direkt effekt av kvalitets- och livsdetaljerna.<\/p>","protected":false},"excerpt":{"rendered":"<p>Sexdocka Bilder Storlekstabell Material TPE H\u00f6jd 160cm minus Br\u00f6stlinje 81cm Midjelinje 57cm H\u00f6ftlinje 98cm N\u00e4t<\/p>","protected":false},"featured_media":30852,"comment_status":"open","ping_status":"closed","template":"","meta":[],"product_brand":[],"product_cat":[97,75,230,115,117,119],"product_tag":[],"class_list":{"0":"post-30807","1":"product","2":"type-product","3":"status-publish","4":"has-post-thumbnail","6":"product_cat-real-life-sex-dolls","7":"product_cat-160cm-170cm-sex-dolls","8":"product_cat-36kg-40kg","9":"product_cat-big-booty-sex-doll","10":"product_cat-small-breast-sex-doll","11":"product_cat-tpe-sex-doll","12":"pa_brand-irontech-doll","13":"tm-has-options","15":"first","16":"instock","17":"sale","18":"shipping-taxable","19":"purchasable","20":"product-type-simple"},"_links":{"self":[{"href":"https:\/\/zxdoll.com\/sv\/wp-json\/wp\/v2\/product\/30807","targetHints":{"allow":["GET"]}}],"collection":[{"href":"https:\/\/zxdoll.com\/sv\/wp-json\/wp\/v2\/product"}],"about":[{"href":"https:\/\/zxdoll.com\/sv\/wp-json\/wp\/v2\/types\/product"}],"replies":[{"embeddable":true,"href":"https:\/\/zxdoll.com\/sv\/wp-json\/wp\/v2\/comments?post=30807"}],"version-history":[{"count":3,"href":"https:\/\/zxdoll.com\/sv\/wp-json\/wp\/v2\/product\/30807\/revisions"}],"predecessor-version":[{"id":101300,"href":"https:\/\/zxdoll.com\/sv\/wp-json\/wp\/v2\/product\/30807\/revisions\/101300"}],"wp:featuredmedia":[{"embeddable":true,"href":"https:\/\/zxdoll.com\/sv\/wp-json\/wp\/v2\/media\/30852"}],"wp:attachment":[{"href":"https:\/\/zxdoll.com\/sv\/wp-json\/wp\/v2\/media?parent=30807"}],"wp:term":[{"taxonomy":"product_brand","embeddable":true,"href":"https:\/\/zxdoll.com\/sv\/wp-json\/wp\/v2\/product_brand?post=30807"},{"taxonomy":"product_cat","embeddable":true,"href":"https:\/\/zxdoll.com\/sv\/wp-json\/wp\/v2\/product_cat?post=30807"},{"taxonomy":"product_tag","embeddable":true,"href":"https:\/\/zxdoll.com\/sv\/wp-json\/wp\/v2\/product_tag?post=30807"}],"curies":[{"name":"wp","href":"https:\/\/api.w.org\/{rel}","templated":true}]}}