{"id":25447,"date":"2023-03-29T01:07:05","date_gmt":"2023-03-28T17:07:05","guid":{"rendered":"https:\/\/zxdoll.com\/?post_type=product&#038;p=25447"},"modified":"2025-09-16T01:07:34","modified_gmt":"2025-09-15T17:07:34","slug":"realistic-small-breast-affordable-fuck-doll","status":"publish","type":"product","link":"https:\/\/zxdoll.com\/sv\/product\/realistic-small-breast-affordable-fuck-doll\/","title":{"rendered":"Realistiskt litet br\u00f6st Prisv\u00e4rt knulldocka Alease 160cm"},"content":{"rendered":"<h4><strong>Sexdockabilder<\/strong><\/h4>\n\t                <ul class=\"easy-image-gallery thumbnails-14 linked\">\r\n                    <li><a data-fancybox=\"gallery707\" href=\"https:\/\/zxdoll.com\/wp-content\/uploads\/2023\/03\/the-sliver-doll-2a8x1-533x800.jpg\" class=\"eig-popup\" title=\"\" data-caption=\"\" target=\"_blank\"><i class=\"icon-view\"><\/i><span class=\"overlay\"><\/span><img decoding=\"async\" width=\"150\" height=\"150\" src=\"https:\/\/zxdoll.com\/wp-content\/uploads\/2023\/03\/the-sliver-doll-2a8x1-150x150.jpg\" class=\"attachment-thumbnail size-thumbnail\" alt=\"\" title=\"\"><\/a><\/li><li><a data-fancybox=\"gallery707\" href=\"https:\/\/zxdoll.com\/wp-content\/uploads\/2023\/03\/the-sliver-doll-2a8x3-533x800.jpg\" class=\"eig-popup\" title=\"\" data-caption=\"\" target=\"_blank\"><i class=\"icon-view\"><\/i><span class=\"overlay\"><\/span><img decoding=\"async\" width=\"150\" height=\"150\" src=\"https:\/\/zxdoll.com\/wp-content\/uploads\/2023\/03\/the-sliver-doll-2a8x3-150x150.jpg\" class=\"attachment-thumbnail size-thumbnail\" alt=\"\" title=\"\"><\/a><\/li><li><a data-fancybox=\"gallery707\" href=\"https:\/\/zxdoll.com\/wp-content\/uploads\/2023\/03\/the-sliver-doll-2a8x4.jpg\" class=\"eig-popup\" title=\"\" data-caption=\"\" target=\"_blank\"><i class=\"icon-view\"><\/i><span class=\"overlay\"><\/span><img decoding=\"async\" width=\"150\" height=\"150\" src=\"https:\/\/zxdoll.com\/wp-content\/uploads\/2023\/03\/the-sliver-doll-2a8x4-150x150.jpg\" class=\"attachment-thumbnail size-thumbnail\" alt=\"\" title=\"\"><\/a><\/li><li><a data-fancybox=\"gallery707\" href=\"https:\/\/zxdoll.com\/wp-content\/uploads\/2023\/03\/the-sliver-doll-2a8x5-524x800.jpg\" class=\"eig-popup\" title=\"\" data-caption=\"\" target=\"_blank\"><i class=\"icon-view\"><\/i><span class=\"overlay\"><\/span><img loading=\"lazy\" decoding=\"async\" width=\"150\" height=\"150\" src=\"https:\/\/zxdoll.com\/wp-content\/uploads\/2023\/03\/the-sliver-doll-2a8x5-150x150.jpg\" class=\"attachment-thumbnail size-thumbnail\" alt=\"\" title=\"\"><\/a><\/li><li><a data-fancybox=\"gallery707\" href=\"https:\/\/zxdoll.com\/wp-content\/uploads\/2023\/03\/the-sliver-doll-2a8x6-497x800.jpg\" class=\"eig-popup\" title=\"\" data-caption=\"\" target=\"_blank\"><i class=\"icon-view\"><\/i><span class=\"overlay\"><\/span><img loading=\"lazy\" decoding=\"async\" width=\"150\" height=\"150\" src=\"https:\/\/zxdoll.com\/wp-content\/uploads\/2023\/03\/the-sliver-doll-2a8x6-150x150.jpg\" class=\"attachment-thumbnail size-thumbnail\" alt=\"\" title=\"\"><\/a><\/li><li><a data-fancybox=\"gallery707\" href=\"https:\/\/zxdoll.com\/wp-content\/uploads\/2023\/03\/the-sliver-doll-2a8x7-800x800.jpg\" class=\"eig-popup\" title=\"\" data-caption=\"\" target=\"_blank\"><i class=\"icon-view\"><\/i><span class=\"overlay\"><\/span><img loading=\"lazy\" decoding=\"async\" width=\"150\" height=\"150\" src=\"https:\/\/zxdoll.com\/wp-content\/uploads\/2023\/03\/the-sliver-doll-2a8x7-150x150.jpg\" class=\"attachment-thumbnail size-thumbnail\" alt=\"\" srcset=\"https:\/\/zxdoll.com\/wp-content\/uploads\/2023\/03\/the-sliver-doll-2a8x7-150x150.jpg 150w, https:\/\/zxdoll.com\/wp-content\/uploads\/2023\/03\/the-sliver-doll-2a8x7-300x300.jpg 300w, https:\/\/zxdoll.com\/wp-content\/uploads\/2023\/03\/the-sliver-doll-2a8x7-800x800.jpg 800w, https:\/\/zxdoll.com\/wp-content\/uploads\/2023\/03\/the-sliver-doll-2a8x7-768x768.jpg 768w, https:\/\/zxdoll.com\/wp-content\/uploads\/2023\/03\/the-sliver-doll-2a8x7-12x12.jpg 12w, https:\/\/zxdoll.com\/wp-content\/uploads\/2023\/03\/the-sliver-doll-2a8x7-860x860.jpg 860w, https:\/\/zxdoll.com\/wp-content\/uploads\/2023\/03\/the-sliver-doll-2a8x7-430x430.jpg 430w, https:\/\/zxdoll.com\/wp-content\/uploads\/2023\/03\/the-sliver-doll-2a8x7-700x700.jpg 700w, https:\/\/zxdoll.com\/wp-content\/uploads\/2023\/03\/the-sliver-doll-2a8x7.jpg 1001w\" sizes=\"(max-width: 150px) 100vw, 150px\" title=\"\"><\/a><\/li><li><a data-fancybox=\"gallery707\" href=\"https:\/\/zxdoll.com\/wp-content\/uploads\/2023\/03\/the-sliver-doll-2a8x8-800x800.jpg\" class=\"eig-popup\" title=\"\" data-caption=\"\" target=\"_blank\"><i class=\"icon-view\"><\/i><span class=\"overlay\"><\/span><img loading=\"lazy\" decoding=\"async\" width=\"150\" height=\"150\" src=\"https:\/\/zxdoll.com\/wp-content\/uploads\/2023\/03\/the-sliver-doll-2a8x8-150x150.jpg\" class=\"attachment-thumbnail size-thumbnail\" alt=\"\" srcset=\"https:\/\/zxdoll.com\/wp-content\/uploads\/2023\/03\/the-sliver-doll-2a8x8-150x150.jpg 150w, https:\/\/zxdoll.com\/wp-content\/uploads\/2023\/03\/the-sliver-doll-2a8x8-300x300.jpg 300w, https:\/\/zxdoll.com\/wp-content\/uploads\/2023\/03\/the-sliver-doll-2a8x8-800x800.jpg 800w, https:\/\/zxdoll.com\/wp-content\/uploads\/2023\/03\/the-sliver-doll-2a8x8-768x768.jpg 768w, https:\/\/zxdoll.com\/wp-content\/uploads\/2023\/03\/the-sliver-doll-2a8x8-12x12.jpg 12w, https:\/\/zxdoll.com\/wp-content\/uploads\/2023\/03\/the-sliver-doll-2a8x8-860x860.jpg 860w, https:\/\/zxdoll.com\/wp-content\/uploads\/2023\/03\/the-sliver-doll-2a8x8-430x430.jpg 430w, https:\/\/zxdoll.com\/wp-content\/uploads\/2023\/03\/the-sliver-doll-2a8x8-700x700.jpg 700w, https:\/\/zxdoll.com\/wp-content\/uploads\/2023\/03\/the-sliver-doll-2a8x8.jpg 1001w\" sizes=\"(max-width: 150px) 100vw, 150px\" title=\"\"><\/a><\/li><li><a data-fancybox=\"gallery707\" href=\"https:\/\/zxdoll.com\/wp-content\/uploads\/2023\/03\/the-sliver-doll-2a8x9-800x800.jpg\" class=\"eig-popup\" title=\"\" data-caption=\"\" target=\"_blank\"><i class=\"icon-view\"><\/i><span class=\"overlay\"><\/span><img loading=\"lazy\" decoding=\"async\" width=\"150\" height=\"150\" src=\"https:\/\/zxdoll.com\/wp-content\/uploads\/2023\/03\/the-sliver-doll-2a8x9-150x150.jpg\" class=\"attachment-thumbnail size-thumbnail\" alt=\"\" srcset=\"https:\/\/zxdoll.com\/wp-content\/uploads\/2023\/03\/the-sliver-doll-2a8x9-150x150.jpg 150w, https:\/\/zxdoll.com\/wp-content\/uploads\/2023\/03\/the-sliver-doll-2a8x9-300x300.jpg 300w, https:\/\/zxdoll.com\/wp-content\/uploads\/2023\/03\/the-sliver-doll-2a8x9-800x800.jpg 800w, https:\/\/zxdoll.com\/wp-content\/uploads\/2023\/03\/the-sliver-doll-2a8x9-768x768.jpg 768w, https:\/\/zxdoll.com\/wp-content\/uploads\/2023\/03\/the-sliver-doll-2a8x9-12x12.jpg 12w, https:\/\/zxdoll.com\/wp-content\/uploads\/2023\/03\/the-sliver-doll-2a8x9-860x860.jpg 860w, https:\/\/zxdoll.com\/wp-content\/uploads\/2023\/03\/the-sliver-doll-2a8x9-430x430.jpg 430w, https:\/\/zxdoll.com\/wp-content\/uploads\/2023\/03\/the-sliver-doll-2a8x9-700x700.jpg 700w, https:\/\/zxdoll.com\/wp-content\/uploads\/2023\/03\/the-sliver-doll-2a8x9.jpg 1001w\" sizes=\"(max-width: 150px) 100vw, 150px\" title=\"\"><\/a><\/li><li><a data-fancybox=\"gallery707\" href=\"https:\/\/zxdoll.com\/wp-content\/uploads\/2023\/03\/the-sliver-doll-2a8x10-800x800.jpg\" class=\"eig-popup\" title=\"\" data-caption=\"\" target=\"_blank\"><i class=\"icon-view\"><\/i><span class=\"overlay\"><\/span><img loading=\"lazy\" decoding=\"async\" width=\"150\" height=\"150\" src=\"https:\/\/zxdoll.com\/wp-content\/uploads\/2023\/03\/the-sliver-doll-2a8x10-150x150.jpg\" class=\"attachment-thumbnail size-thumbnail\" alt=\"\" srcset=\"https:\/\/zxdoll.com\/wp-content\/uploads\/2023\/03\/the-sliver-doll-2a8x10-150x150.jpg 150w, https:\/\/zxdoll.com\/wp-content\/uploads\/2023\/03\/the-sliver-doll-2a8x10-300x300.jpg 300w, https:\/\/zxdoll.com\/wp-content\/uploads\/2023\/03\/the-sliver-doll-2a8x10-800x800.jpg 800w, https:\/\/zxdoll.com\/wp-content\/uploads\/2023\/03\/the-sliver-doll-2a8x10-768x768.jpg 768w, https:\/\/zxdoll.com\/wp-content\/uploads\/2023\/03\/the-sliver-doll-2a8x10-12x12.jpg 12w, https:\/\/zxdoll.com\/wp-content\/uploads\/2023\/03\/the-sliver-doll-2a8x10-860x860.jpg 860w, https:\/\/zxdoll.com\/wp-content\/uploads\/2023\/03\/the-sliver-doll-2a8x10-430x430.jpg 430w, https:\/\/zxdoll.com\/wp-content\/uploads\/2023\/03\/the-sliver-doll-2a8x10-700x700.jpg 700w, https:\/\/zxdoll.com\/wp-content\/uploads\/2023\/03\/the-sliver-doll-2a8x10.jpg 1001w\" sizes=\"(max-width: 150px) 100vw, 150px\" title=\"\"><\/a><\/li><li><a data-fancybox=\"gallery707\" href=\"https:\/\/zxdoll.com\/wp-content\/uploads\/2023\/03\/the-sliver-doll-2a8x11-800x800.jpg\" class=\"eig-popup\" title=\"\" data-caption=\"\" target=\"_blank\"><i class=\"icon-view\"><\/i><span class=\"overlay\"><\/span><img loading=\"lazy\" decoding=\"async\" width=\"150\" height=\"150\" src=\"https:\/\/zxdoll.com\/wp-content\/uploads\/2023\/03\/the-sliver-doll-2a8x11-150x150.jpg\" class=\"attachment-thumbnail size-thumbnail\" alt=\"\" srcset=\"https:\/\/zxdoll.com\/wp-content\/uploads\/2023\/03\/the-sliver-doll-2a8x11-150x150.jpg 150w, https:\/\/zxdoll.com\/wp-content\/uploads\/2023\/03\/the-sliver-doll-2a8x11-300x300.jpg 300w, https:\/\/zxdoll.com\/wp-content\/uploads\/2023\/03\/the-sliver-doll-2a8x11-800x800.jpg 800w, https:\/\/zxdoll.com\/wp-content\/uploads\/2023\/03\/the-sliver-doll-2a8x11-768x768.jpg 768w, https:\/\/zxdoll.com\/wp-content\/uploads\/2023\/03\/the-sliver-doll-2a8x11-12x12.jpg 12w, https:\/\/zxdoll.com\/wp-content\/uploads\/2023\/03\/the-sliver-doll-2a8x11-860x860.jpg 860w, https:\/\/zxdoll.com\/wp-content\/uploads\/2023\/03\/the-sliver-doll-2a8x11-430x430.jpg 430w, https:\/\/zxdoll.com\/wp-content\/uploads\/2023\/03\/the-sliver-doll-2a8x11-700x700.jpg 700w, https:\/\/zxdoll.com\/wp-content\/uploads\/2023\/03\/the-sliver-doll-2a8x11.jpg 1001w\" sizes=\"(max-width: 150px) 100vw, 150px\" title=\"\"><\/a><\/li><li><a data-fancybox=\"gallery707\" href=\"https:\/\/zxdoll.com\/wp-content\/uploads\/2023\/03\/the-sliver-doll-2a8x12-800x800.jpg\" class=\"eig-popup\" title=\"\" data-caption=\"\" target=\"_blank\"><i class=\"icon-view\"><\/i><span class=\"overlay\"><\/span><img loading=\"lazy\" decoding=\"async\" width=\"150\" height=\"150\" src=\"https:\/\/zxdoll.com\/wp-content\/uploads\/2023\/03\/the-sliver-doll-2a8x12-150x150.jpg\" class=\"attachment-thumbnail size-thumbnail\" alt=\"\" srcset=\"https:\/\/zxdoll.com\/wp-content\/uploads\/2023\/03\/the-sliver-doll-2a8x12-150x150.jpg 150w, https:\/\/zxdoll.com\/wp-content\/uploads\/2023\/03\/the-sliver-doll-2a8x12-300x300.jpg 300w, https:\/\/zxdoll.com\/wp-content\/uploads\/2023\/03\/the-sliver-doll-2a8x12-800x800.jpg 800w, https:\/\/zxdoll.com\/wp-content\/uploads\/2023\/03\/the-sliver-doll-2a8x12-768x768.jpg 768w, https:\/\/zxdoll.com\/wp-content\/uploads\/2023\/03\/the-sliver-doll-2a8x12-12x12.jpg 12w, https:\/\/zxdoll.com\/wp-content\/uploads\/2023\/03\/the-sliver-doll-2a8x12-860x860.jpg 860w, https:\/\/zxdoll.com\/wp-content\/uploads\/2023\/03\/the-sliver-doll-2a8x12-430x430.jpg 430w, https:\/\/zxdoll.com\/wp-content\/uploads\/2023\/03\/the-sliver-doll-2a8x12-700x700.jpg 700w, https:\/\/zxdoll.com\/wp-content\/uploads\/2023\/03\/the-sliver-doll-2a8x12.jpg 1001w\" sizes=\"(max-width: 150px) 100vw, 150px\" title=\"\"><\/a><\/li><li><a data-fancybox=\"gallery707\" href=\"https:\/\/zxdoll.com\/wp-content\/uploads\/2023\/03\/the-sliver-doll-2a8x13-800x800.jpg\" class=\"eig-popup\" title=\"\" data-caption=\"\" target=\"_blank\"><i class=\"icon-view\"><\/i><span class=\"overlay\"><\/span><img loading=\"lazy\" decoding=\"async\" width=\"150\" height=\"150\" src=\"https:\/\/zxdoll.com\/wp-content\/uploads\/2023\/03\/the-sliver-doll-2a8x13-150x150.jpg\" class=\"attachment-thumbnail size-thumbnail\" alt=\"\" srcset=\"https:\/\/zxdoll.com\/wp-content\/uploads\/2023\/03\/the-sliver-doll-2a8x13-150x150.jpg 150w, https:\/\/zxdoll.com\/wp-content\/uploads\/2023\/03\/the-sliver-doll-2a8x13-300x300.jpg 300w, https:\/\/zxdoll.com\/wp-content\/uploads\/2023\/03\/the-sliver-doll-2a8x13-800x800.jpg 800w, https:\/\/zxdoll.com\/wp-content\/uploads\/2023\/03\/the-sliver-doll-2a8x13-768x768.jpg 768w, https:\/\/zxdoll.com\/wp-content\/uploads\/2023\/03\/the-sliver-doll-2a8x13-12x12.jpg 12w, https:\/\/zxdoll.com\/wp-content\/uploads\/2023\/03\/the-sliver-doll-2a8x13-860x860.jpg 860w, https:\/\/zxdoll.com\/wp-content\/uploads\/2023\/03\/the-sliver-doll-2a8x13-430x430.jpg 430w, https:\/\/zxdoll.com\/wp-content\/uploads\/2023\/03\/the-sliver-doll-2a8x13-700x700.jpg 700w, https:\/\/zxdoll.com\/wp-content\/uploads\/2023\/03\/the-sliver-doll-2a8x13.jpg 1001w\" sizes=\"(max-width: 150px) 100vw, 150px\" title=\"\"><\/a><\/li><li><a data-fancybox=\"gallery707\" href=\"https:\/\/zxdoll.com\/wp-content\/uploads\/2023\/03\/the-sliver-doll-2a8x14-800x800.jpg\" class=\"eig-popup\" title=\"\" data-caption=\"\" target=\"_blank\"><i class=\"icon-view\"><\/i><span class=\"overlay\"><\/span><img loading=\"lazy\" decoding=\"async\" width=\"150\" height=\"150\" src=\"https:\/\/zxdoll.com\/wp-content\/uploads\/2023\/03\/the-sliver-doll-2a8x14-150x150.jpg\" class=\"attachment-thumbnail size-thumbnail\" alt=\"\" srcset=\"https:\/\/zxdoll.com\/wp-content\/uploads\/2023\/03\/the-sliver-doll-2a8x14-150x150.jpg 150w, https:\/\/zxdoll.com\/wp-content\/uploads\/2023\/03\/the-sliver-doll-2a8x14-300x300.jpg 300w, https:\/\/zxdoll.com\/wp-content\/uploads\/2023\/03\/the-sliver-doll-2a8x14-800x800.jpg 800w, https:\/\/zxdoll.com\/wp-content\/uploads\/2023\/03\/the-sliver-doll-2a8x14-768x768.jpg 768w, https:\/\/zxdoll.com\/wp-content\/uploads\/2023\/03\/the-sliver-doll-2a8x14-12x12.jpg 12w, https:\/\/zxdoll.com\/wp-content\/uploads\/2023\/03\/the-sliver-doll-2a8x14-860x860.jpg 860w, https:\/\/zxdoll.com\/wp-content\/uploads\/2023\/03\/the-sliver-doll-2a8x14-430x430.jpg 430w, https:\/\/zxdoll.com\/wp-content\/uploads\/2023\/03\/the-sliver-doll-2a8x14-700x700.jpg 700w, https:\/\/zxdoll.com\/wp-content\/uploads\/2023\/03\/the-sliver-doll-2a8x14.jpg 1001w\" sizes=\"(max-width: 150px) 100vw, 150px\" title=\"\"><\/a><\/li><li><a data-fancybox=\"gallery707\" href=\"https:\/\/zxdoll.com\/wp-content\/uploads\/2023\/03\/the-sliver-doll-2a8x15-533x800.jpg\" class=\"eig-popup\" title=\"\" data-caption=\"\" target=\"_blank\"><i class=\"icon-view\"><\/i><span class=\"overlay\"><\/span><img loading=\"lazy\" decoding=\"async\" width=\"150\" height=\"150\" src=\"https:\/\/zxdoll.com\/wp-content\/uploads\/2023\/03\/the-sliver-doll-2a8x15-150x150.jpg\" class=\"attachment-thumbnail size-thumbnail\" alt=\"\" title=\"\"><\/a><\/li><\/ul>\n<h4>Storlekstabeller<\/h4>\n<table width=\"203\">\n<tbody>\n<tr>\n<td width=\"124\">Material<\/td>\n<td width=\"79\">TPE<\/td>\n<\/tr>\n<tr>\n<td>H\u00f6jd<\/td>\n<td>160 cm<\/td>\n<\/tr>\n<tr>\n<td>S\u00e4tta dit<\/td>\n<td>77 cm<\/td>\n<\/tr>\n<tr>\n<td>Midja<\/td>\n<td>51 cm<\/td>\n<\/tr>\n<tr>\n<td>H\u00f6ft<\/td>\n<td>78 cm<\/td>\n<\/tr>\n<tr>\n<td>Axel<\/td>\n<td>35 cm<\/td>\n<\/tr>\n<tr>\n<td>\u00c4rm<\/td>\n<td>50 cm<\/td>\n<\/tr>\n<tr>\n<td>Ben<\/td>\n<td>85 cm<\/td>\n<\/tr>\n<tr>\n<td width=\"124\">Fot<\/td>\n<td>21 cm<\/td>\n<\/tr>\n<tr>\n<td width=\"124\">Nettovikt<\/td>\n<td>29 kg<\/td>\n<\/tr>\n<tr>\n<td>Oralt djup<\/td>\n<td>13 cm<\/td>\n<\/tr>\n<tr>\n<td>Vaginadjup<\/td>\n<td>18 cm<\/td>\n<\/tr>\n<tr>\n<td>Analt djup<\/td>\n<td>17 cm<\/td>\n<\/tr>\n<\/tbody>\n<\/table>\n<h4>Om Sexdockan<\/h4>\n<p>Det r\u00e5der ingen brist p\u00e5 ensamhet i den h\u00e4r v\u00e4rlden. Ett par \u00e5rs pandemiisolering visade bara detta faktum. F\u00f6r vissa m\u00e4nniskor \u00e4r det bara f\u00f6r att de saknar v\u00e4nner eller familj, medan f\u00f6r andra finns det en tomhet i deras liv som borde fyllas med romantisk k\u00e4rlek. F\u00f6r vissa m\u00e4nniskor kan det verka skr\u00e4mmande att fylla dessa luckor. En realistisk sexdocka kan g\u00f6ra en enorm skillnad i detta avseende, och erbjuda individer en m\u00f6jlighet att relatera p\u00e5 ett s\u00e4tt som \u00e4r mer naturligt \u00e4n vad vissa kanske tror. Den bioniska kvinnan dockan har f\u00e5tt sitt namn fr\u00e5n den bioniska kvinnan, en tv-karakt\u00e4r den kvinnliga versionen av bionisk man, det \u00e4r en anv\u00e4ndarv\u00e4nlig prisv\u00e4rd j\u00e4vla docka med ett litet br\u00f6st som passar perfekt i handflatorna f\u00f6r koppning. Med henne beh\u00f6ver du inte oroa dig f\u00f6r ensamhet, hon kan vara allt i ett: en v\u00e4n som lyssnar, en f\u00f6ljeslagare som inte kommer att f\u00f6rr\u00e5da dig, en sexpartner som inte trotsar dig och \u00e4r villig att vara din det varje \u00f6gonblick.<\/p>","protected":false},"excerpt":{"rendered":"<p>Sexdocka Bilder Storlekstabell Material TPE H\u00f6jd 160cm Byst 77cm Midja 51cm H\u00f6ft 78cm Axel 35cm Arm 50cm Ben<\/p>","protected":false},"featured_media":25449,"comment_status":"open","ping_status":"closed","template":"","meta":[],"product_brand":[],"product_cat":[96,75,228,107,117,119],"product_tag":[],"class_list":{"0":"post-25447","1":"product","2":"type-product","3":"status-publish","4":"has-post-thumbnail","6":"product_cat-real-sex-dolls","7":"product_cat-160cm-170cm-sex-dolls","8":"product_cat-26kg-30kg","9":"product_cat-skinny-sex-dolls","10":"product_cat-small-breast-sex-doll","11":"product_cat-tpe-sex-doll","12":"pa_brand-sy-doll","13":"tm-has-options","15":"first","16":"instock","17":"sale","18":"shipping-taxable","19":"purchasable","20":"product-type-simple"},"_links":{"self":[{"href":"https:\/\/zxdoll.com\/sv\/wp-json\/wp\/v2\/product\/25447","targetHints":{"allow":["GET"]}}],"collection":[{"href":"https:\/\/zxdoll.com\/sv\/wp-json\/wp\/v2\/product"}],"about":[{"href":"https:\/\/zxdoll.com\/sv\/wp-json\/wp\/v2\/types\/product"}],"replies":[{"embeddable":true,"href":"https:\/\/zxdoll.com\/sv\/wp-json\/wp\/v2\/comments?post=25447"}],"version-history":[{"count":1,"href":"https:\/\/zxdoll.com\/sv\/wp-json\/wp\/v2\/product\/25447\/revisions"}],"predecessor-version":[{"id":101471,"href":"https:\/\/zxdoll.com\/sv\/wp-json\/wp\/v2\/product\/25447\/revisions\/101471"}],"wp:featuredmedia":[{"embeddable":true,"href":"https:\/\/zxdoll.com\/sv\/wp-json\/wp\/v2\/media\/25449"}],"wp:attachment":[{"href":"https:\/\/zxdoll.com\/sv\/wp-json\/wp\/v2\/media?parent=25447"}],"wp:term":[{"taxonomy":"product_brand","embeddable":true,"href":"https:\/\/zxdoll.com\/sv\/wp-json\/wp\/v2\/product_brand?post=25447"},{"taxonomy":"product_cat","embeddable":true,"href":"https:\/\/zxdoll.com\/sv\/wp-json\/wp\/v2\/product_cat?post=25447"},{"taxonomy":"product_tag","embeddable":true,"href":"https:\/\/zxdoll.com\/sv\/wp-json\/wp\/v2\/product_tag?post=25447"}],"curies":[{"name":"wp","href":"https:\/\/api.w.org\/{rel}","templated":true}]}}