{"id":23653,"date":"2023-03-27T01:48:29","date_gmt":"2023-03-26T17:48:29","guid":{"rendered":"https:\/\/zxdoll.com\/?post_type=product&#038;p=23653"},"modified":"2025-09-15T02:17:48","modified_gmt":"2025-09-14T18:17:48","slug":"beautiful-quality-sex-dolls-for-adult-men","status":"publish","type":"product","link":"https:\/\/zxdoll.com\/sv\/product\/beautiful-quality-sex-dolls-for-adult-men\/","title":{"rendered":"Vackra Kvalitets Sexdockor F\u00f6r Vuxna M\u00e4n Norry 140cm"},"content":{"rendered":"<h4><strong>Sexdockabilder<\/strong><\/h4>\n\t                <ul class=\"easy-image-gallery thumbnails-11 linked\">\r\n                    <li><a data-fancybox=\"gallery264\" href=\"https:\/\/zxdoll.com\/wp-content\/uploads\/2023\/03\/sex-dolls-australia-s3t1-533x800.jpg\" class=\"eig-popup\" title=\"\" data-caption=\"\" target=\"_blank\"><i class=\"icon-view\"><\/i><span class=\"overlay\"><\/span><img decoding=\"async\" width=\"150\" height=\"150\" src=\"https:\/\/zxdoll.com\/wp-content\/uploads\/2023\/03\/sex-dolls-australia-s3t1-150x150.jpg\" class=\"attachment-thumbnail size-thumbnail\" alt=\"\" title=\"\"><\/a><\/li><li><a data-fancybox=\"gallery264\" href=\"https:\/\/zxdoll.com\/wp-content\/uploads\/2023\/03\/sex-dolls-australia-s3t3-533x800.jpg\" class=\"eig-popup\" title=\"\" data-caption=\"\" target=\"_blank\"><i class=\"icon-view\"><\/i><span class=\"overlay\"><\/span><img decoding=\"async\" width=\"150\" height=\"150\" src=\"https:\/\/zxdoll.com\/wp-content\/uploads\/2023\/03\/sex-dolls-australia-s3t3-150x150.jpg\" class=\"attachment-thumbnail size-thumbnail\" alt=\"\" title=\"\"><\/a><\/li><li><a data-fancybox=\"gallery264\" href=\"https:\/\/zxdoll.com\/wp-content\/uploads\/2023\/03\/sex-dolls-australia-s3t7-800x800.jpg\" class=\"eig-popup\" title=\"\" data-caption=\"\" target=\"_blank\"><i class=\"icon-view\"><\/i><span class=\"overlay\"><\/span><img decoding=\"async\" width=\"150\" height=\"150\" src=\"https:\/\/zxdoll.com\/wp-content\/uploads\/2023\/03\/sex-dolls-australia-s3t7-150x150.jpg\" class=\"attachment-thumbnail size-thumbnail\" alt=\"\" srcset=\"https:\/\/zxdoll.com\/wp-content\/uploads\/2023\/03\/sex-dolls-australia-s3t7-150x150.jpg 150w, https:\/\/zxdoll.com\/wp-content\/uploads\/2023\/03\/sex-dolls-australia-s3t7-300x300.jpg 300w, https:\/\/zxdoll.com\/wp-content\/uploads\/2023\/03\/sex-dolls-australia-s3t7-800x800.jpg 800w, https:\/\/zxdoll.com\/wp-content\/uploads\/2023\/03\/sex-dolls-australia-s3t7-768x768.jpg 768w, https:\/\/zxdoll.com\/wp-content\/uploads\/2023\/03\/sex-dolls-australia-s3t7-12x12.jpg 12w, https:\/\/zxdoll.com\/wp-content\/uploads\/2023\/03\/sex-dolls-australia-s3t7-860x860.jpg 860w, https:\/\/zxdoll.com\/wp-content\/uploads\/2023\/03\/sex-dolls-australia-s3t7-430x430.jpg 430w, https:\/\/zxdoll.com\/wp-content\/uploads\/2023\/03\/sex-dolls-australia-s3t7-700x700.jpg 700w, https:\/\/zxdoll.com\/wp-content\/uploads\/2023\/03\/sex-dolls-australia-s3t7.jpg 1001w\" sizes=\"(max-width: 150px) 100vw, 150px\" title=\"\"><\/a><\/li><li><a data-fancybox=\"gallery264\" href=\"https:\/\/zxdoll.com\/wp-content\/uploads\/2023\/03\/sex-dolls-australia-s3t8-800x800.jpg\" class=\"eig-popup\" title=\"\" data-caption=\"\" target=\"_blank\"><i class=\"icon-view\"><\/i><span class=\"overlay\"><\/span><img loading=\"lazy\" decoding=\"async\" width=\"150\" height=\"150\" src=\"https:\/\/zxdoll.com\/wp-content\/uploads\/2023\/03\/sex-dolls-australia-s3t8-150x150.jpg\" class=\"attachment-thumbnail size-thumbnail\" alt=\"\" srcset=\"https:\/\/zxdoll.com\/wp-content\/uploads\/2023\/03\/sex-dolls-australia-s3t8-150x150.jpg 150w, https:\/\/zxdoll.com\/wp-content\/uploads\/2023\/03\/sex-dolls-australia-s3t8-300x300.jpg 300w, https:\/\/zxdoll.com\/wp-content\/uploads\/2023\/03\/sex-dolls-australia-s3t8-800x800.jpg 800w, https:\/\/zxdoll.com\/wp-content\/uploads\/2023\/03\/sex-dolls-australia-s3t8-768x768.jpg 768w, https:\/\/zxdoll.com\/wp-content\/uploads\/2023\/03\/sex-dolls-australia-s3t8-12x12.jpg 12w, https:\/\/zxdoll.com\/wp-content\/uploads\/2023\/03\/sex-dolls-australia-s3t8-860x860.jpg 860w, https:\/\/zxdoll.com\/wp-content\/uploads\/2023\/03\/sex-dolls-australia-s3t8-430x430.jpg 430w, https:\/\/zxdoll.com\/wp-content\/uploads\/2023\/03\/sex-dolls-australia-s3t8-700x700.jpg 700w, https:\/\/zxdoll.com\/wp-content\/uploads\/2023\/03\/sex-dolls-australia-s3t8.jpg 1001w\" sizes=\"(max-width: 150px) 100vw, 150px\" title=\"\"><\/a><\/li><li><a data-fancybox=\"gallery264\" href=\"https:\/\/zxdoll.com\/wp-content\/uploads\/2023\/03\/sex-dolls-australia-s3t9-800x800.jpg\" class=\"eig-popup\" title=\"\" data-caption=\"\" target=\"_blank\"><i class=\"icon-view\"><\/i><span class=\"overlay\"><\/span><img loading=\"lazy\" decoding=\"async\" width=\"150\" height=\"150\" src=\"https:\/\/zxdoll.com\/wp-content\/uploads\/2023\/03\/sex-dolls-australia-s3t9-150x150.jpg\" class=\"attachment-thumbnail size-thumbnail\" alt=\"\" srcset=\"https:\/\/zxdoll.com\/wp-content\/uploads\/2023\/03\/sex-dolls-australia-s3t9-150x150.jpg 150w, https:\/\/zxdoll.com\/wp-content\/uploads\/2023\/03\/sex-dolls-australia-s3t9-300x300.jpg 300w, https:\/\/zxdoll.com\/wp-content\/uploads\/2023\/03\/sex-dolls-australia-s3t9-800x800.jpg 800w, https:\/\/zxdoll.com\/wp-content\/uploads\/2023\/03\/sex-dolls-australia-s3t9-768x768.jpg 768w, https:\/\/zxdoll.com\/wp-content\/uploads\/2023\/03\/sex-dolls-australia-s3t9-12x12.jpg 12w, https:\/\/zxdoll.com\/wp-content\/uploads\/2023\/03\/sex-dolls-australia-s3t9-860x860.jpg 860w, https:\/\/zxdoll.com\/wp-content\/uploads\/2023\/03\/sex-dolls-australia-s3t9-430x430.jpg 430w, https:\/\/zxdoll.com\/wp-content\/uploads\/2023\/03\/sex-dolls-australia-s3t9-700x700.jpg 700w, https:\/\/zxdoll.com\/wp-content\/uploads\/2023\/03\/sex-dolls-australia-s3t9.jpg 1001w\" sizes=\"(max-width: 150px) 100vw, 150px\" title=\"\"><\/a><\/li><li><a data-fancybox=\"gallery264\" href=\"https:\/\/zxdoll.com\/wp-content\/uploads\/2023\/03\/sex-dolls-australia-s3t10-800x800.jpg\" class=\"eig-popup\" title=\"\" data-caption=\"\" target=\"_blank\"><i class=\"icon-view\"><\/i><span class=\"overlay\"><\/span><img loading=\"lazy\" decoding=\"async\" width=\"150\" height=\"150\" src=\"https:\/\/zxdoll.com\/wp-content\/uploads\/2023\/03\/sex-dolls-australia-s3t10-150x150.jpg\" class=\"attachment-thumbnail size-thumbnail\" alt=\"\" srcset=\"https:\/\/zxdoll.com\/wp-content\/uploads\/2023\/03\/sex-dolls-australia-s3t10-150x150.jpg 150w, https:\/\/zxdoll.com\/wp-content\/uploads\/2023\/03\/sex-dolls-australia-s3t10-300x300.jpg 300w, https:\/\/zxdoll.com\/wp-content\/uploads\/2023\/03\/sex-dolls-australia-s3t10-800x800.jpg 800w, https:\/\/zxdoll.com\/wp-content\/uploads\/2023\/03\/sex-dolls-australia-s3t10-768x768.jpg 768w, https:\/\/zxdoll.com\/wp-content\/uploads\/2023\/03\/sex-dolls-australia-s3t10-12x12.jpg 12w, https:\/\/zxdoll.com\/wp-content\/uploads\/2023\/03\/sex-dolls-australia-s3t10-860x860.jpg 860w, https:\/\/zxdoll.com\/wp-content\/uploads\/2023\/03\/sex-dolls-australia-s3t10-430x430.jpg 430w, https:\/\/zxdoll.com\/wp-content\/uploads\/2023\/03\/sex-dolls-australia-s3t10-700x700.jpg 700w, https:\/\/zxdoll.com\/wp-content\/uploads\/2023\/03\/sex-dolls-australia-s3t10.jpg 1001w\" sizes=\"(max-width: 150px) 100vw, 150px\" title=\"\"><\/a><\/li><li><a data-fancybox=\"gallery264\" href=\"https:\/\/zxdoll.com\/wp-content\/uploads\/2023\/03\/sex-dolls-australia-s3t11-800x800.jpg\" class=\"eig-popup\" title=\"\" data-caption=\"\" target=\"_blank\"><i class=\"icon-view\"><\/i><span class=\"overlay\"><\/span><img loading=\"lazy\" decoding=\"async\" width=\"150\" height=\"150\" src=\"https:\/\/zxdoll.com\/wp-content\/uploads\/2023\/03\/sex-dolls-australia-s3t11-150x150.jpg\" class=\"attachment-thumbnail size-thumbnail\" alt=\"\" srcset=\"https:\/\/zxdoll.com\/wp-content\/uploads\/2023\/03\/sex-dolls-australia-s3t11-150x150.jpg 150w, https:\/\/zxdoll.com\/wp-content\/uploads\/2023\/03\/sex-dolls-australia-s3t11-300x300.jpg 300w, https:\/\/zxdoll.com\/wp-content\/uploads\/2023\/03\/sex-dolls-australia-s3t11-800x800.jpg 800w, https:\/\/zxdoll.com\/wp-content\/uploads\/2023\/03\/sex-dolls-australia-s3t11-768x768.jpg 768w, https:\/\/zxdoll.com\/wp-content\/uploads\/2023\/03\/sex-dolls-australia-s3t11-12x12.jpg 12w, https:\/\/zxdoll.com\/wp-content\/uploads\/2023\/03\/sex-dolls-australia-s3t11-860x860.jpg 860w, https:\/\/zxdoll.com\/wp-content\/uploads\/2023\/03\/sex-dolls-australia-s3t11-430x430.jpg 430w, https:\/\/zxdoll.com\/wp-content\/uploads\/2023\/03\/sex-dolls-australia-s3t11-700x700.jpg 700w, https:\/\/zxdoll.com\/wp-content\/uploads\/2023\/03\/sex-dolls-australia-s3t11.jpg 1001w\" sizes=\"(max-width: 150px) 100vw, 150px\" title=\"\"><\/a><\/li><li><a data-fancybox=\"gallery264\" href=\"https:\/\/zxdoll.com\/wp-content\/uploads\/2023\/03\/sex-dolls-australia-s3t12-800x800.jpg\" class=\"eig-popup\" title=\"\" data-caption=\"\" target=\"_blank\"><i class=\"icon-view\"><\/i><span class=\"overlay\"><\/span><img loading=\"lazy\" decoding=\"async\" width=\"150\" height=\"150\" src=\"https:\/\/zxdoll.com\/wp-content\/uploads\/2023\/03\/sex-dolls-australia-s3t12-150x150.jpg\" class=\"attachment-thumbnail size-thumbnail\" alt=\"\" srcset=\"https:\/\/zxdoll.com\/wp-content\/uploads\/2023\/03\/sex-dolls-australia-s3t12-150x150.jpg 150w, https:\/\/zxdoll.com\/wp-content\/uploads\/2023\/03\/sex-dolls-australia-s3t12-300x300.jpg 300w, https:\/\/zxdoll.com\/wp-content\/uploads\/2023\/03\/sex-dolls-australia-s3t12-800x800.jpg 800w, https:\/\/zxdoll.com\/wp-content\/uploads\/2023\/03\/sex-dolls-australia-s3t12-768x768.jpg 768w, https:\/\/zxdoll.com\/wp-content\/uploads\/2023\/03\/sex-dolls-australia-s3t12-12x12.jpg 12w, https:\/\/zxdoll.com\/wp-content\/uploads\/2023\/03\/sex-dolls-australia-s3t12-860x860.jpg 860w, https:\/\/zxdoll.com\/wp-content\/uploads\/2023\/03\/sex-dolls-australia-s3t12-430x430.jpg 430w, https:\/\/zxdoll.com\/wp-content\/uploads\/2023\/03\/sex-dolls-australia-s3t12-700x700.jpg 700w, https:\/\/zxdoll.com\/wp-content\/uploads\/2023\/03\/sex-dolls-australia-s3t12.jpg 1001w\" sizes=\"(max-width: 150px) 100vw, 150px\" title=\"\"><\/a><\/li><li><a data-fancybox=\"gallery264\" href=\"https:\/\/zxdoll.com\/wp-content\/uploads\/2023\/03\/sex-dolls-australia-s3t13-533x800.jpg\" class=\"eig-popup\" title=\"\" data-caption=\"\" target=\"_blank\"><i class=\"icon-view\"><\/i><span class=\"overlay\"><\/span><img loading=\"lazy\" decoding=\"async\" width=\"150\" height=\"150\" src=\"https:\/\/zxdoll.com\/wp-content\/uploads\/2023\/03\/sex-dolls-australia-s3t13-150x150.jpg\" class=\"attachment-thumbnail size-thumbnail\" alt=\"\" title=\"\"><\/a><\/li><li><a data-fancybox=\"gallery264\" href=\"https:\/\/zxdoll.com\/wp-content\/uploads\/2023\/03\/sex-dolls-australia-s3t14-533x800.jpg\" class=\"eig-popup\" title=\"\" data-caption=\"\" target=\"_blank\"><i class=\"icon-view\"><\/i><span class=\"overlay\"><\/span><img loading=\"lazy\" decoding=\"async\" width=\"150\" height=\"150\" src=\"https:\/\/zxdoll.com\/wp-content\/uploads\/2023\/03\/sex-dolls-australia-s3t14-150x150.jpg\" class=\"attachment-thumbnail size-thumbnail\" alt=\"\" title=\"\"><\/a><\/li><li><a data-fancybox=\"gallery264\" href=\"https:\/\/zxdoll.com\/wp-content\/uploads\/2023\/03\/sex-dolls-australia-s3t15-533x800.jpg\" class=\"eig-popup\" title=\"\" data-caption=\"\" target=\"_blank\"><i class=\"icon-view\"><\/i><span class=\"overlay\"><\/span><img loading=\"lazy\" decoding=\"async\" width=\"150\" height=\"150\" src=\"https:\/\/zxdoll.com\/wp-content\/uploads\/2023\/03\/sex-dolls-australia-s3t15-150x150.jpg\" class=\"attachment-thumbnail size-thumbnail\" alt=\"\" title=\"\"><\/a><\/li><\/ul>\n<h4>Storlekstabeller<\/h4>\n<table width=\"203\">\n<tbody>\n<tr>\n<td width=\"124\">Material<\/td>\n<td width=\"79\">TPE<\/td>\n<\/tr>\n<tr>\n<td>H\u00f6jd<\/td>\n<td>140 cm<\/td>\n<\/tr>\n<tr>\n<td>S\u00e4tta dit<\/td>\n<td>71 cm<\/td>\n<\/tr>\n<tr>\n<td>Midja<\/td>\n<td>51 cm<\/td>\n<\/tr>\n<tr>\n<td>H\u00f6ft<\/td>\n<td>79 cm<\/td>\n<\/tr>\n<tr>\n<td>Axel<\/td>\n<td>32 cm<\/td>\n<\/tr>\n<tr>\n<td>\u00c4rm<\/td>\n<td>40 cm<\/td>\n<\/tr>\n<tr>\n<td>Ben<\/td>\n<td>70 cm<\/td>\n<\/tr>\n<tr>\n<td width=\"124\">Fot<\/td>\n<td>15 cm<\/td>\n<\/tr>\n<tr>\n<td width=\"124\">Nettovikt<\/td>\n<td>24 kg<\/td>\n<\/tr>\n<tr>\n<td>Oralt djup<\/td>\n<td>13 cm<\/td>\n<\/tr>\n<tr>\n<td>Vaginadjup<\/td>\n<td>18 cm<\/td>\n<\/tr>\n<tr>\n<td>Analt djup<\/td>\n<td>17 cm<\/td>\n<\/tr>\n<\/tbody>\n<\/table>\n<h4>Om Sexdockan<\/h4>\n<p>Barbie sexdockor \u00e4r en av de vackraste upps\u00e4ttningarna av sexdockor av h\u00f6gsta kvalitet f\u00f6r vuxna m\u00e4n; dessa vuxna k\u00e4rleksdockor \u00e4r v\u00e4ldigt vackra; de har en mjuk, realistisk hud som k\u00e4nns som en riktig m\u00e4nniskas; de har ett sexdockaskelett; deras flexibla skelett g\u00f6r att de kan flyttas och placeras i sexiga positioner.<\/p>\n<p>V\u00e5r sexiga sexdocka \u00e4r ocks\u00e5 en 110 cm docka, vilket g\u00f6r att hon inte \u00e4r l\u00e5ng vilket \u00e4r en f\u00f6rdel eftersom det g\u00f6r det l\u00e4tt f\u00f6r dig att b\u00e4ra runt henne. En fantastisk sak med den virtuella sexdockan \u00e4r att du kan ha henne n\u00e4r du vill; hon klagar inte, och hon \u00e4r redo att utforska med dig. De plyschiga sexdockorna \u00e4r ocks\u00e5 gratis sexdockor; de kommer till ett \u00f6verkomligt pris, och de gjordes med de b\u00e4sta materialen. Hennes hud \u00e4r mjuk, hennes slida \u00e4r smord och hennes anus brinner.<\/p>\n<p>Vi till\u00e5ter leverans till alla delar av v\u00e4rlden, och det tar minst tre till fem dagar f\u00f6r dina sexiga sexdockor att komma fram till din plats. Vi skickar \u00e4ven v\u00e5ra Barbie-sexdockor i diskreta f\u00f6rpackningar, vilket hj\u00e4lper till att skydda v\u00e5ra anv\u00e4ndares identiteter<\/p>","protected":false},"excerpt":{"rendered":"<p>Sexdocka Bilder Storlekstabell Material TPE H\u00f6jd 140cm Byst 71cm Midja 51cm H\u00f6ft 79cm Axel 32cm Arm 40cm Ben<\/p>","protected":false},"featured_media":23654,"comment_status":"open","ping_status":"closed","template":"","meta":[],"product_brand":[],"product_cat":[96,74,107,117,119,227],"product_tag":[],"class_list":{"0":"post-23653","1":"product","2":"type-product","3":"status-publish","4":"has-post-thumbnail","6":"product_cat-real-sex-dolls","7":"product_cat-140cm-149cm-sex-dolls","8":"product_cat-skinny-sex-dolls","9":"product_cat-small-breast-sex-doll","10":"product_cat-tpe-sex-doll","11":"product_cat-under-25kg","12":"pa_brand-sy-doll","13":"tm-has-options","15":"first","16":"instock","17":"sale","18":"shipping-taxable","19":"purchasable","20":"product-type-simple"},"_links":{"self":[{"href":"https:\/\/zxdoll.com\/sv\/wp-json\/wp\/v2\/product\/23653","targetHints":{"allow":["GET"]}}],"collection":[{"href":"https:\/\/zxdoll.com\/sv\/wp-json\/wp\/v2\/product"}],"about":[{"href":"https:\/\/zxdoll.com\/sv\/wp-json\/wp\/v2\/types\/product"}],"replies":[{"embeddable":true,"href":"https:\/\/zxdoll.com\/sv\/wp-json\/wp\/v2\/comments?post=23653"}],"version-history":[{"count":1,"href":"https:\/\/zxdoll.com\/sv\/wp-json\/wp\/v2\/product\/23653\/revisions"}],"predecessor-version":[{"id":101358,"href":"https:\/\/zxdoll.com\/sv\/wp-json\/wp\/v2\/product\/23653\/revisions\/101358"}],"wp:featuredmedia":[{"embeddable":true,"href":"https:\/\/zxdoll.com\/sv\/wp-json\/wp\/v2\/media\/23654"}],"wp:attachment":[{"href":"https:\/\/zxdoll.com\/sv\/wp-json\/wp\/v2\/media?parent=23653"}],"wp:term":[{"taxonomy":"product_brand","embeddable":true,"href":"https:\/\/zxdoll.com\/sv\/wp-json\/wp\/v2\/product_brand?post=23653"},{"taxonomy":"product_cat","embeddable":true,"href":"https:\/\/zxdoll.com\/sv\/wp-json\/wp\/v2\/product_cat?post=23653"},{"taxonomy":"product_tag","embeddable":true,"href":"https:\/\/zxdoll.com\/sv\/wp-json\/wp\/v2\/product_tag?post=23653"}],"curies":[{"name":"wp","href":"https:\/\/api.w.org\/{rel}","templated":true}]}}