{"id":16252,"date":"2023-02-28T05:34:45","date_gmt":"2023-02-27T21:34:45","guid":{"rendered":"https:\/\/zxdoll.com\/?post_type=product&#038;p=16252"},"modified":"2025-09-17T00:20:06","modified_gmt":"2025-09-16T16:20:06","slug":"hot-entity-tpe-solid-love-doll","status":"publish","type":"product","link":"https:\/\/zxdoll.com\/sv\/product\/hot-entity-tpe-solid-love-doll\/","title":{"rendered":"Hot Entity TPE Solid Love Doll Myrta 155cm"},"content":{"rendered":"<h4><strong>Sexdockabilder<\/strong><\/h4>\n\t                <ul class=\"easy-image-gallery thumbnails-12 linked\">\r\n                    <li><a data-fancybox=\"gallery770\" href=\"https:\/\/zxdoll.com\/wp-content\/uploads\/2023\/02\/hedy-sex-doll-s7u23-533x800.jpg\" class=\"eig-popup\" title=\"\" data-caption=\"\" target=\"_blank\"><i class=\"icon-view\"><\/i><span class=\"overlay\"><\/span><img decoding=\"async\" width=\"150\" height=\"150\" src=\"https:\/\/zxdoll.com\/wp-content\/uploads\/2023\/02\/hedy-sex-doll-s7u23-150x150.jpg\" class=\"attachment-thumbnail size-thumbnail\" alt=\"\" title=\"\"><\/a><\/li><li><a data-fancybox=\"gallery770\" href=\"https:\/\/zxdoll.com\/wp-content\/uploads\/2023\/02\/hedy-sex-doll-s7u22-533x800.jpg\" class=\"eig-popup\" title=\"\" data-caption=\"\" target=\"_blank\"><i class=\"icon-view\"><\/i><span class=\"overlay\"><\/span><img decoding=\"async\" width=\"150\" height=\"150\" src=\"https:\/\/zxdoll.com\/wp-content\/uploads\/2023\/02\/hedy-sex-doll-s7u22-150x150.jpg\" class=\"attachment-thumbnail size-thumbnail\" alt=\"\" title=\"\"><\/a><\/li><li><a data-fancybox=\"gallery770\" href=\"https:\/\/zxdoll.com\/wp-content\/uploads\/2023\/02\/hedy-sex-doll-s7u21-533x800.jpg\" class=\"eig-popup\" title=\"\" data-caption=\"\" target=\"_blank\"><i class=\"icon-view\"><\/i><span class=\"overlay\"><\/span><img decoding=\"async\" width=\"150\" height=\"150\" src=\"https:\/\/zxdoll.com\/wp-content\/uploads\/2023\/02\/hedy-sex-doll-s7u21-150x150.jpg\" class=\"attachment-thumbnail size-thumbnail\" alt=\"\" title=\"\"><\/a><\/li><li><a data-fancybox=\"gallery770\" href=\"https:\/\/zxdoll.com\/wp-content\/uploads\/2023\/02\/hedy-sex-doll-s7u20-533x800.jpg\" class=\"eig-popup\" title=\"\" data-caption=\"\" target=\"_blank\"><i class=\"icon-view\"><\/i><span class=\"overlay\"><\/span><img loading=\"lazy\" decoding=\"async\" width=\"150\" height=\"150\" src=\"https:\/\/zxdoll.com\/wp-content\/uploads\/2023\/02\/hedy-sex-doll-s7u20-150x150.jpg\" class=\"attachment-thumbnail size-thumbnail\" alt=\"\" title=\"\"><\/a><\/li><li><a data-fancybox=\"gallery770\" href=\"https:\/\/zxdoll.com\/wp-content\/uploads\/2023\/02\/hedy-sex-doll-s7u19-533x800.jpg\" class=\"eig-popup\" title=\"\" data-caption=\"\" target=\"_blank\"><i class=\"icon-view\"><\/i><span class=\"overlay\"><\/span><img loading=\"lazy\" decoding=\"async\" width=\"150\" height=\"150\" src=\"https:\/\/zxdoll.com\/wp-content\/uploads\/2023\/02\/hedy-sex-doll-s7u19-150x150.jpg\" class=\"attachment-thumbnail size-thumbnail\" alt=\"\" title=\"\"><\/a><\/li><li><a data-fancybox=\"gallery770\" href=\"https:\/\/zxdoll.com\/wp-content\/uploads\/2023\/02\/hedy-sex-doll-s7u18-533x800.jpg\" class=\"eig-popup\" title=\"\" data-caption=\"\" target=\"_blank\"><i class=\"icon-view\"><\/i><span class=\"overlay\"><\/span><img loading=\"lazy\" decoding=\"async\" width=\"150\" height=\"150\" src=\"https:\/\/zxdoll.com\/wp-content\/uploads\/2023\/02\/hedy-sex-doll-s7u18-150x150.jpg\" class=\"attachment-thumbnail size-thumbnail\" alt=\"\" title=\"\"><\/a><\/li><li><a data-fancybox=\"gallery770\" href=\"https:\/\/zxdoll.com\/wp-content\/uploads\/2023\/02\/hedy-sex-doll-s7u17-533x800.jpg\" class=\"eig-popup\" title=\"\" data-caption=\"\" target=\"_blank\"><i class=\"icon-view\"><\/i><span class=\"overlay\"><\/span><img loading=\"lazy\" decoding=\"async\" width=\"150\" height=\"150\" src=\"https:\/\/zxdoll.com\/wp-content\/uploads\/2023\/02\/hedy-sex-doll-s7u17-150x150.jpg\" class=\"attachment-thumbnail size-thumbnail\" alt=\"\" title=\"\"><\/a><\/li><li><a data-fancybox=\"gallery770\" href=\"https:\/\/zxdoll.com\/wp-content\/uploads\/2023\/02\/hedy-sex-doll-s7u16-533x800.jpg\" class=\"eig-popup\" title=\"\" data-caption=\"\" target=\"_blank\"><i class=\"icon-view\"><\/i><span class=\"overlay\"><\/span><img loading=\"lazy\" decoding=\"async\" width=\"150\" height=\"150\" src=\"https:\/\/zxdoll.com\/wp-content\/uploads\/2023\/02\/hedy-sex-doll-s7u16-150x150.jpg\" class=\"attachment-thumbnail size-thumbnail\" alt=\"\" title=\"\"><\/a><\/li><li><a data-fancybox=\"gallery770\" href=\"https:\/\/zxdoll.com\/wp-content\/uploads\/2023\/02\/hedy-sex-doll-s7u15-533x800.jpg\" class=\"eig-popup\" title=\"\" data-caption=\"\" target=\"_blank\"><i class=\"icon-view\"><\/i><span class=\"overlay\"><\/span><img loading=\"lazy\" decoding=\"async\" width=\"150\" height=\"150\" src=\"https:\/\/zxdoll.com\/wp-content\/uploads\/2023\/02\/hedy-sex-doll-s7u15-150x150.jpg\" class=\"attachment-thumbnail size-thumbnail\" alt=\"\" title=\"\"><\/a><\/li><li><a data-fancybox=\"gallery770\" href=\"https:\/\/zxdoll.com\/wp-content\/uploads\/2023\/02\/hedy-sex-doll-s7u14-533x800.jpg\" class=\"eig-popup\" title=\"\" data-caption=\"\" target=\"_blank\"><i class=\"icon-view\"><\/i><span class=\"overlay\"><\/span><img loading=\"lazy\" decoding=\"async\" width=\"150\" height=\"150\" src=\"https:\/\/zxdoll.com\/wp-content\/uploads\/2023\/02\/hedy-sex-doll-s7u14-150x150.jpg\" class=\"attachment-thumbnail size-thumbnail\" alt=\"\" title=\"\"><\/a><\/li><li><a data-fancybox=\"gallery770\" href=\"https:\/\/zxdoll.com\/wp-content\/uploads\/2023\/02\/hedy-sex-doll-s7u13-533x800.jpg\" class=\"eig-popup\" title=\"\" data-caption=\"\" target=\"_blank\"><i class=\"icon-view\"><\/i><span class=\"overlay\"><\/span><img loading=\"lazy\" decoding=\"async\" width=\"150\" height=\"150\" src=\"https:\/\/zxdoll.com\/wp-content\/uploads\/2023\/02\/hedy-sex-doll-s7u13-150x150.jpg\" class=\"attachment-thumbnail size-thumbnail\" alt=\"\" title=\"\"><\/a><\/li><li><a data-fancybox=\"gallery770\" href=\"https:\/\/zxdoll.com\/wp-content\/uploads\/2023\/02\/hedy-sex-doll-s7u12-533x800.jpg\" class=\"eig-popup\" title=\"\" data-caption=\"\" target=\"_blank\"><i class=\"icon-view\"><\/i><span class=\"overlay\"><\/span><img loading=\"lazy\" decoding=\"async\" width=\"150\" height=\"150\" src=\"https:\/\/zxdoll.com\/wp-content\/uploads\/2023\/02\/hedy-sex-doll-s7u12-150x150.jpg\" class=\"attachment-thumbnail size-thumbnail\" alt=\"\" title=\"\"><\/a><\/li><\/ul>\n<h4>Storlekstabeller<\/h4>\n<table width=\"269\">\n<tbody>\n<tr>\n<td width=\"130\">Material<\/td>\n<td width=\"139\">TPE<\/td>\n<\/tr>\n<tr>\n<td width=\"130\">H\u00f6jd<\/td>\n<td width=\"139\">155 cm<\/td>\n<\/tr>\n<tr>\n<td>Br\u00f6st<\/td>\n<td>90 cm<\/td>\n<\/tr>\n<tr>\n<td>Midja<\/td>\n<td>45 cm<\/td>\n<\/tr>\n<tr>\n<td>H\u00f6ft<\/td>\n<td>88 cm<\/td>\n<\/tr>\n<tr>\n<td>Axel<\/td>\n<td>34 cm<\/td>\n<\/tr>\n<tr>\n<td>Benl\u00e4ngd<\/td>\n<td>75 cm<\/td>\n<\/tr>\n<tr>\n<td>Arml\u00e4ngd<\/td>\n<td>56 cm<\/td>\n<\/tr>\n<tr>\n<td>Fotl\u00e4ngd<\/td>\n<td>18 cm<\/td>\n<\/tr>\n<tr>\n<td>Nettovikt<\/td>\n<td>32 kg<\/td>\n<\/tr>\n<tr>\n<td>Oralt djup<\/td>\n<td>13 cm<\/td>\n<\/tr>\n<tr>\n<td>Vaginalt djup<\/td>\n<td>17 cm<\/td>\n<\/tr>\n<tr>\n<td>Analt djup<\/td>\n<td>16 cm<\/td>\n<\/tr>\n<\/tbody>\n<\/table>\n<h4>Om Sexdockan<\/h4>\n<p>De b\u00e4sta sexdockorna \u00e4r m\u00e4stare p\u00e5 sovrumsn\u00f6jen. Dessa solida k\u00e4rleksdockor har f\u00f6rm\u00e5gan att hj\u00e4lpa en att hantera sexbrister, \u00e4ven i ett l\u00e5ngdistansf\u00f6rh\u00e5llande. Att ha sex med en halvfast sexdocka kan inte betecknas som fusk, och du kan till och med f\u00e5 din partners samtycke.<\/p>\n<p>En solid sexloviedocka har en sexgudinnas kropp. Hennes ljuvliga l\u00e5r \u00e4r underbara och ger gl\u00e4djen att g\u00f6ra n\u00e5gra l\u00e5tsasljud under sex. Vissa entitets-TPE-dockor har fint detaljerade fittl\u00e4ppar som du kan smaka.<\/p>\n<p>Entity dockor har slitstarka material, s\u00e5 du kan ha en sexdocka l\u00e4nge. Du kan till och med namnge henne. Det st\u00f6rsta n\u00f6jet ligger i penetrationen av dessa heta sexdockor. De inre kanalerna sveper in dig s\u00e5 t\u00e4tt och g\u00f6r att du vill sl\u00e4ppa n\u00e4stan direkt.<\/p>\n<p>Om du \u00e4r n\u00e5gon som tycker mycket om br\u00f6st \u00e4r en sexdocka i latex det b\u00e4sta alternativet f\u00f6r dig. Den har studsiga, fylliga, pigga br\u00f6st som kan suga och sippra \u00f6verallt. Maximera dina sexuella fantasier med v\u00e5ra TPE-sexdockor. TPE sexdockor \u00e4r fantastiska f\u00f6r ridning och smackning. De erbjuder till och med att f\u00e5 dig att tro det.<\/p>","protected":false},"excerpt":{"rendered":"<p>Sexdocka Bilder Storlekstabell Material TPE H\u00f6jd 155cm Br\u00f6st 90cm Midja 45cm H\u00f6ft 88cm Axel 34cm Benl\u00e4ngd 75cm<\/p>","protected":false},"featured_media":16274,"comment_status":"open","ping_status":"closed","template":"","meta":[],"product_brand":[],"product_cat":[112,229,80,77,116,99,119],"product_tag":[],"class_list":{"0":"post-16252","1":"product","2":"type-product","3":"status-publish","4":"has-post-thumbnail","6":"product_cat-150cm-159cm-sex-dolls","7":"product_cat-31kg-35kg","8":"product_cat-asian-sex-doll","9":"product_cat-bbw-sex-doll","10":"product_cat-big-boobs-sex-doll","11":"product_cat-life-size-sex-dolls","12":"product_cat-tpe-sex-doll","13":"pa_brand-6ye-doll","14":"tm-has-options","16":"first","17":"instock","18":"sale","19":"shipping-taxable","20":"purchasable","21":"product-type-simple"},"_links":{"self":[{"href":"https:\/\/zxdoll.com\/sv\/wp-json\/wp\/v2\/product\/16252","targetHints":{"allow":["GET"]}}],"collection":[{"href":"https:\/\/zxdoll.com\/sv\/wp-json\/wp\/v2\/product"}],"about":[{"href":"https:\/\/zxdoll.com\/sv\/wp-json\/wp\/v2\/types\/product"}],"replies":[{"embeddable":true,"href":"https:\/\/zxdoll.com\/sv\/wp-json\/wp\/v2\/comments?post=16252"}],"version-history":[{"count":1,"href":"https:\/\/zxdoll.com\/sv\/wp-json\/wp\/v2\/product\/16252\/revisions"}],"predecessor-version":[{"id":197848,"href":"https:\/\/zxdoll.com\/sv\/wp-json\/wp\/v2\/product\/16252\/revisions\/197848"}],"wp:featuredmedia":[{"embeddable":true,"href":"https:\/\/zxdoll.com\/sv\/wp-json\/wp\/v2\/media\/16274"}],"wp:attachment":[{"href":"https:\/\/zxdoll.com\/sv\/wp-json\/wp\/v2\/media?parent=16252"}],"wp:term":[{"taxonomy":"product_brand","embeddable":true,"href":"https:\/\/zxdoll.com\/sv\/wp-json\/wp\/v2\/product_brand?post=16252"},{"taxonomy":"product_cat","embeddable":true,"href":"https:\/\/zxdoll.com\/sv\/wp-json\/wp\/v2\/product_cat?post=16252"},{"taxonomy":"product_tag","embeddable":true,"href":"https:\/\/zxdoll.com\/sv\/wp-json\/wp\/v2\/product_tag?post=16252"}],"curies":[{"name":"wp","href":"https:\/\/api.w.org\/{rel}","templated":true}]}}