{"id":153608,"date":"2023-08-09T02:58:08","date_gmt":"2023-08-08T18:58:08","guid":{"rendered":"https:\/\/zxdoll.com\/?post_type=product&#038;p=153608"},"modified":"2025-09-09T00:45:18","modified_gmt":"2025-09-08T16:45:18","slug":"wife-becomes-adult-sex-doll-ass","status":"publish","type":"product","link":"https:\/\/zxdoll.com\/sv\/product\/wife-becomes-adult-sex-doll-ass\/","title":{"rendered":"Fru Blir Vuxen Sexdocka Ass Britt 160cm"},"content":{"rendered":"<h4><strong>Sexdockabilder<\/strong><\/h4>\n\t                <ul class=\"easy-image-gallery thumbnails-23 linked\">\r\n                    <li><a data-fancybox=\"gallery875\" href=\"https:\/\/zxdoll.com\/wp-content\/uploads\/2023\/08\/fantasy-dolls-d4ea1-533x800.jpg\" class=\"eig-popup\" title=\"\" data-caption=\"\" target=\"_blank\"><i class=\"icon-view\"><\/i><span class=\"overlay\"><\/span><img decoding=\"async\" width=\"150\" height=\"150\" src=\"https:\/\/zxdoll.com\/wp-content\/uploads\/2023\/08\/fantasy-dolls-d4ea1-150x150.jpg\" class=\"attachment-thumbnail size-thumbnail\" alt=\"\" title=\"\"><\/a><\/li><li><a data-fancybox=\"gallery875\" href=\"https:\/\/zxdoll.com\/wp-content\/uploads\/2023\/08\/fantasy-dolls-d4ea2-533x800.jpg\" class=\"eig-popup\" title=\"\" data-caption=\"\" target=\"_blank\"><i class=\"icon-view\"><\/i><span class=\"overlay\"><\/span><img decoding=\"async\" width=\"150\" height=\"150\" src=\"https:\/\/zxdoll.com\/wp-content\/uploads\/2023\/08\/fantasy-dolls-d4ea2-150x150.jpg\" class=\"attachment-thumbnail size-thumbnail\" alt=\"\" title=\"\"><\/a><\/li><li><a data-fancybox=\"gallery875\" href=\"https:\/\/zxdoll.com\/wp-content\/uploads\/2023\/08\/fantasy-dolls-d4ea3-533x800.jpg\" class=\"eig-popup\" title=\"\" data-caption=\"\" target=\"_blank\"><i class=\"icon-view\"><\/i><span class=\"overlay\"><\/span><img decoding=\"async\" width=\"150\" height=\"150\" src=\"https:\/\/zxdoll.com\/wp-content\/uploads\/2023\/08\/fantasy-dolls-d4ea3-150x150.jpg\" class=\"attachment-thumbnail size-thumbnail\" alt=\"\" title=\"\"><\/a><\/li><li><a data-fancybox=\"gallery875\" href=\"https:\/\/zxdoll.com\/wp-content\/uploads\/2023\/08\/fantasy-dolls-d4ea4.jpg\" class=\"eig-popup\" title=\"\" data-caption=\"\" target=\"_blank\"><i class=\"icon-view\"><\/i><span class=\"overlay\"><\/span><img loading=\"lazy\" decoding=\"async\" width=\"150\" height=\"150\" src=\"https:\/\/zxdoll.com\/wp-content\/uploads\/2023\/08\/fantasy-dolls-d4ea4-150x150.jpg\" class=\"attachment-thumbnail size-thumbnail\" alt=\"\" title=\"\"><\/a><\/li><li><a data-fancybox=\"gallery875\" href=\"https:\/\/zxdoll.com\/wp-content\/uploads\/2023\/08\/fantasy-dolls-d4ea5-533x800.jpg\" class=\"eig-popup\" title=\"\" data-caption=\"\" target=\"_blank\"><i class=\"icon-view\"><\/i><span class=\"overlay\"><\/span><img loading=\"lazy\" decoding=\"async\" width=\"150\" height=\"150\" src=\"https:\/\/zxdoll.com\/wp-content\/uploads\/2023\/08\/fantasy-dolls-d4ea5-150x150.jpg\" class=\"attachment-thumbnail size-thumbnail\" alt=\"\" title=\"\"><\/a><\/li><li><a data-fancybox=\"gallery875\" href=\"https:\/\/zxdoll.com\/wp-content\/uploads\/2023\/08\/fantasy-dolls-d4ea7.jpg\" class=\"eig-popup\" title=\"\" data-caption=\"\" target=\"_blank\"><i class=\"icon-view\"><\/i><span class=\"overlay\"><\/span><img loading=\"lazy\" decoding=\"async\" width=\"150\" height=\"150\" src=\"https:\/\/zxdoll.com\/wp-content\/uploads\/2023\/08\/fantasy-dolls-d4ea7-150x150.jpg\" class=\"attachment-thumbnail size-thumbnail\" alt=\"\" title=\"\"><\/a><\/li><li><a data-fancybox=\"gallery875\" href=\"https:\/\/zxdoll.com\/wp-content\/uploads\/2023\/08\/fantasy-dolls-d4ea8-533x800.jpg\" class=\"eig-popup\" title=\"\" data-caption=\"\" target=\"_blank\"><i class=\"icon-view\"><\/i><span class=\"overlay\"><\/span><img loading=\"lazy\" decoding=\"async\" width=\"150\" height=\"150\" src=\"https:\/\/zxdoll.com\/wp-content\/uploads\/2023\/08\/fantasy-dolls-d4ea8-150x150.jpg\" class=\"attachment-thumbnail size-thumbnail\" alt=\"\" title=\"\"><\/a><\/li><li><a data-fancybox=\"gallery875\" href=\"https:\/\/zxdoll.com\/wp-content\/uploads\/2023\/08\/fantasy-dolls-d4ea9-533x800.jpg\" class=\"eig-popup\" title=\"\" data-caption=\"\" target=\"_blank\"><i class=\"icon-view\"><\/i><span class=\"overlay\"><\/span><img loading=\"lazy\" decoding=\"async\" width=\"150\" height=\"150\" src=\"https:\/\/zxdoll.com\/wp-content\/uploads\/2023\/08\/fantasy-dolls-d4ea9-150x150.jpg\" class=\"attachment-thumbnail size-thumbnail\" alt=\"\" title=\"\"><\/a><\/li><li><a data-fancybox=\"gallery875\" href=\"https:\/\/zxdoll.com\/wp-content\/uploads\/2023\/08\/fantasy-dolls-d4ea11-533x800.jpg\" class=\"eig-popup\" title=\"\" data-caption=\"\" target=\"_blank\"><i class=\"icon-view\"><\/i><span class=\"overlay\"><\/span><img loading=\"lazy\" decoding=\"async\" width=\"150\" height=\"150\" src=\"https:\/\/zxdoll.com\/wp-content\/uploads\/2023\/08\/fantasy-dolls-d4ea11-150x150.jpg\" class=\"attachment-thumbnail size-thumbnail\" alt=\"\" title=\"\"><\/a><\/li><li><a data-fancybox=\"gallery875\" href=\"https:\/\/zxdoll.com\/wp-content\/uploads\/2023\/08\/fantasy-dolls-d4ea13-533x800.jpg\" class=\"eig-popup\" title=\"\" data-caption=\"\" target=\"_blank\"><i class=\"icon-view\"><\/i><span class=\"overlay\"><\/span><img loading=\"lazy\" decoding=\"async\" width=\"150\" height=\"150\" src=\"https:\/\/zxdoll.com\/wp-content\/uploads\/2023\/08\/fantasy-dolls-d4ea13-150x150.jpg\" class=\"attachment-thumbnail size-thumbnail\" alt=\"\" title=\"\"><\/a><\/li><li><a data-fancybox=\"gallery875\" href=\"https:\/\/zxdoll.com\/wp-content\/uploads\/2023\/08\/fantasy-dolls-d4ea14.jpg\" class=\"eig-popup\" title=\"\" data-caption=\"\" target=\"_blank\"><i class=\"icon-view\"><\/i><span class=\"overlay\"><\/span><img loading=\"lazy\" decoding=\"async\" width=\"150\" height=\"150\" src=\"https:\/\/zxdoll.com\/wp-content\/uploads\/2023\/08\/fantasy-dolls-d4ea14-150x150.jpg\" class=\"attachment-thumbnail size-thumbnail\" alt=\"\" title=\"\"><\/a><\/li><li><a data-fancybox=\"gallery875\" href=\"https:\/\/zxdoll.com\/wp-content\/uploads\/2023\/08\/fantasy-dolls-d4ea15-533x800.jpg\" class=\"eig-popup\" title=\"\" data-caption=\"\" target=\"_blank\"><i class=\"icon-view\"><\/i><span class=\"overlay\"><\/span><img loading=\"lazy\" decoding=\"async\" width=\"150\" height=\"150\" src=\"https:\/\/zxdoll.com\/wp-content\/uploads\/2023\/08\/fantasy-dolls-d4ea15-150x150.jpg\" class=\"attachment-thumbnail size-thumbnail\" alt=\"\" title=\"\"><\/a><\/li><li><a data-fancybox=\"gallery875\" href=\"https:\/\/zxdoll.com\/wp-content\/uploads\/2023\/08\/fantasy-dolls-d4ea16.jpg\" class=\"eig-popup\" title=\"\" data-caption=\"\" target=\"_blank\"><i class=\"icon-view\"><\/i><span class=\"overlay\"><\/span><img loading=\"lazy\" decoding=\"async\" width=\"150\" height=\"150\" src=\"https:\/\/zxdoll.com\/wp-content\/uploads\/2023\/08\/fantasy-dolls-d4ea16-150x150.jpg\" class=\"attachment-thumbnail size-thumbnail\" alt=\"\" title=\"\"><\/a><\/li><li><a data-fancybox=\"gallery875\" href=\"https:\/\/zxdoll.com\/wp-content\/uploads\/2023\/08\/fantasy-dolls-d4ea17-533x800.jpg\" class=\"eig-popup\" title=\"\" data-caption=\"\" target=\"_blank\"><i class=\"icon-view\"><\/i><span class=\"overlay\"><\/span><img loading=\"lazy\" decoding=\"async\" width=\"150\" height=\"150\" src=\"https:\/\/zxdoll.com\/wp-content\/uploads\/2023\/08\/fantasy-dolls-d4ea17-150x150.jpg\" class=\"attachment-thumbnail size-thumbnail\" alt=\"\" title=\"\"><\/a><\/li><li><a data-fancybox=\"gallery875\" href=\"https:\/\/zxdoll.com\/wp-content\/uploads\/2023\/08\/fantasy-dolls-d4ea18-533x800.jpg\" class=\"eig-popup\" title=\"\" data-caption=\"\" target=\"_blank\"><i class=\"icon-view\"><\/i><span class=\"overlay\"><\/span><img loading=\"lazy\" decoding=\"async\" width=\"150\" height=\"150\" src=\"https:\/\/zxdoll.com\/wp-content\/uploads\/2023\/08\/fantasy-dolls-d4ea18-150x150.jpg\" class=\"attachment-thumbnail size-thumbnail\" alt=\"\" title=\"\"><\/a><\/li><li><a data-fancybox=\"gallery875\" href=\"https:\/\/zxdoll.com\/wp-content\/uploads\/2023\/08\/fantasy-dolls-d4ea19-533x800.jpg\" class=\"eig-popup\" title=\"\" data-caption=\"\" target=\"_blank\"><i class=\"icon-view\"><\/i><span class=\"overlay\"><\/span><img loading=\"lazy\" decoding=\"async\" width=\"150\" height=\"150\" src=\"https:\/\/zxdoll.com\/wp-content\/uploads\/2023\/08\/fantasy-dolls-d4ea19-150x150.jpg\" class=\"attachment-thumbnail size-thumbnail\" alt=\"\" title=\"\"><\/a><\/li><li><a data-fancybox=\"gallery875\" href=\"https:\/\/zxdoll.com\/wp-content\/uploads\/2023\/08\/fantasy-dolls-d4ea20.jpg\" class=\"eig-popup\" title=\"\" data-caption=\"\" target=\"_blank\"><i class=\"icon-view\"><\/i><span class=\"overlay\"><\/span><img loading=\"lazy\" decoding=\"async\" width=\"150\" height=\"150\" src=\"https:\/\/zxdoll.com\/wp-content\/uploads\/2023\/08\/fantasy-dolls-d4ea20-150x150.jpg\" class=\"attachment-thumbnail size-thumbnail\" alt=\"\" title=\"\"><\/a><\/li><li><a data-fancybox=\"gallery875\" href=\"https:\/\/zxdoll.com\/wp-content\/uploads\/2023\/08\/fantasy-dolls-d4ea21-533x800.jpg\" class=\"eig-popup\" title=\"\" data-caption=\"\" target=\"_blank\"><i class=\"icon-view\"><\/i><span class=\"overlay\"><\/span><img loading=\"lazy\" decoding=\"async\" width=\"150\" height=\"150\" src=\"https:\/\/zxdoll.com\/wp-content\/uploads\/2023\/08\/fantasy-dolls-d4ea21-150x150.jpg\" class=\"attachment-thumbnail size-thumbnail\" alt=\"\" title=\"\"><\/a><\/li><li><a data-fancybox=\"gallery875\" href=\"https:\/\/zxdoll.com\/wp-content\/uploads\/2023\/08\/fantasy-dolls-d4ea22.jpg\" class=\"eig-popup\" title=\"\" data-caption=\"\" target=\"_blank\"><i class=\"icon-view\"><\/i><span class=\"overlay\"><\/span><img loading=\"lazy\" decoding=\"async\" width=\"150\" height=\"150\" src=\"https:\/\/zxdoll.com\/wp-content\/uploads\/2023\/08\/fantasy-dolls-d4ea22-150x150.jpg\" class=\"attachment-thumbnail size-thumbnail\" alt=\"\" title=\"\"><\/a><\/li><li><a data-fancybox=\"gallery875\" href=\"https:\/\/zxdoll.com\/wp-content\/uploads\/2023\/08\/fantasy-dolls-d4ea23-533x800.jpg\" class=\"eig-popup\" title=\"\" data-caption=\"\" target=\"_blank\"><i class=\"icon-view\"><\/i><span class=\"overlay\"><\/span><img loading=\"lazy\" decoding=\"async\" width=\"150\" height=\"150\" src=\"https:\/\/zxdoll.com\/wp-content\/uploads\/2023\/08\/fantasy-dolls-d4ea23-150x150.jpg\" class=\"attachment-thumbnail size-thumbnail\" alt=\"\" title=\"\"><\/a><\/li><li><a data-fancybox=\"gallery875\" href=\"https:\/\/zxdoll.com\/wp-content\/uploads\/2023\/08\/fantasy-dolls-d4ea24.jpg\" class=\"eig-popup\" title=\"\" data-caption=\"\" target=\"_blank\"><i class=\"icon-view\"><\/i><span class=\"overlay\"><\/span><img loading=\"lazy\" decoding=\"async\" width=\"150\" height=\"150\" src=\"https:\/\/zxdoll.com\/wp-content\/uploads\/2023\/08\/fantasy-dolls-d4ea24-150x150.jpg\" class=\"attachment-thumbnail size-thumbnail\" alt=\"\" title=\"\"><\/a><\/li><li><a data-fancybox=\"gallery875\" href=\"https:\/\/zxdoll.com\/wp-content\/uploads\/2023\/08\/fantasy-dolls-d4ea25-533x800.jpg\" class=\"eig-popup\" title=\"\" data-caption=\"\" target=\"_blank\"><i class=\"icon-view\"><\/i><span class=\"overlay\"><\/span><img loading=\"lazy\" decoding=\"async\" width=\"150\" height=\"150\" src=\"https:\/\/zxdoll.com\/wp-content\/uploads\/2023\/08\/fantasy-dolls-d4ea25-150x150.jpg\" class=\"attachment-thumbnail size-thumbnail\" alt=\"\" title=\"\"><\/a><\/li><li><a data-fancybox=\"gallery875\" href=\"https:\/\/zxdoll.com\/wp-content\/uploads\/2023\/08\/fantasy-dolls-d4ea26-533x800.jpg\" class=\"eig-popup\" title=\"\" data-caption=\"\" target=\"_blank\"><i class=\"icon-view\"><\/i><span class=\"overlay\"><\/span><img loading=\"lazy\" decoding=\"async\" width=\"150\" height=\"150\" src=\"https:\/\/zxdoll.com\/wp-content\/uploads\/2023\/08\/fantasy-dolls-d4ea26-150x150.jpg\" class=\"attachment-thumbnail size-thumbnail\" alt=\"\" title=\"\"><\/a><\/li><\/ul>\n<h4>Storlekstabeller<\/h4>\n<table width=\"333\">\n<tbody>\n<tr>\n<td width=\"145\">Material<\/td>\n<td width=\"188\">TPE<\/td>\n<\/tr>\n<tr>\n<td>H\u00f6jd<\/td>\n<td width=\"188\">160 cm<\/td>\n<\/tr>\n<tr>\n<td width=\"145\">\u00d6vre br\u00f6stet<\/td>\n<td>106 cm<\/td>\n<\/tr>\n<tr>\n<td width=\"145\">Nedre br\u00f6stet<\/td>\n<td>70 cm<\/td>\n<\/tr>\n<tr>\n<td width=\"145\">Midja<\/td>\n<td>63 cm<\/td>\n<\/tr>\n<tr>\n<td width=\"145\">H\u00f6ft<\/td>\n<td>102 cm<\/td>\n<\/tr>\n<tr>\n<td width=\"145\">Axel<\/td>\n<td>36 cm<\/td>\n<\/tr>\n<tr>\n<td width=\"145\">Benl\u00e4ngd<\/td>\n<td>77 cm<\/td>\n<\/tr>\n<tr>\n<td width=\"145\">L\u00e5r<\/td>\n<td>58 cm<\/td>\n<\/tr>\n<tr>\n<td width=\"145\">Arml\u00e4ngd<\/td>\n<td>63 cm<\/td>\n<\/tr>\n<tr>\n<td width=\"145\">Enda<\/td>\n<td>21 cm<\/td>\n<\/tr>\n<tr>\n<td width=\"145\">Vaginalt djup<\/td>\n<td>18 cm<\/td>\n<\/tr>\n<tr>\n<td width=\"145\">Oralt djup<\/td>\n<td>10 cm<\/td>\n<\/tr>\n<tr>\n<td width=\"145\">Analt djup<\/td>\n<td>15 cm<\/td>\n<\/tr>\n<tr>\n<td width=\"145\">Nettovikt<\/td>\n<td>45 kg<\/td>\n<\/tr>\n<\/tbody>\n<\/table>\n<h4>Om Sexdockan<\/h4>\n<p>&nbsp;<\/p>","protected":false},"excerpt":{"rendered":"<p>Sexdocka Bilder Storlekstabell Material TPE H\u00f6jd 160cm \u00d6vre br\u00f6st 106cm Nedre br\u00f6st 70cm Midja 63cm H\u00f6ft 102cm Axel<\/p>","protected":false},"featured_media":153681,"comment_status":"open","ping_status":"closed","template":"","meta":[],"product_brand":[],"product_cat":[119,75,231,170,116,115,107],"product_tag":[],"class_list":{"0":"post-153608","1":"product","2":"type-product","3":"status-publish","4":"has-post-thumbnail","6":"product_cat-tpe-sex-doll","7":"product_cat-160cm-170cm-sex-dolls","8":"product_cat-41kg-45kg","9":"product_cat-adult-sex-doll","10":"product_cat-big-boobs-sex-doll","11":"product_cat-big-booty-sex-doll","12":"product_cat-skinny-sex-dolls","13":"pa_brand-climax-doll","14":"tm-has-options","16":"first","17":"instock","18":"sale","19":"shipping-taxable","20":"purchasable","21":"product-type-simple"},"_links":{"self":[{"href":"https:\/\/zxdoll.com\/sv\/wp-json\/wp\/v2\/product\/153608","targetHints":{"allow":["GET"]}}],"collection":[{"href":"https:\/\/zxdoll.com\/sv\/wp-json\/wp\/v2\/product"}],"about":[{"href":"https:\/\/zxdoll.com\/sv\/wp-json\/wp\/v2\/types\/product"}],"replies":[{"embeddable":true,"href":"https:\/\/zxdoll.com\/sv\/wp-json\/wp\/v2\/comments?post=153608"}],"version-history":[{"count":1,"href":"https:\/\/zxdoll.com\/sv\/wp-json\/wp\/v2\/product\/153608\/revisions"}],"predecessor-version":[{"id":153704,"href":"https:\/\/zxdoll.com\/sv\/wp-json\/wp\/v2\/product\/153608\/revisions\/153704"}],"wp:featuredmedia":[{"embeddable":true,"href":"https:\/\/zxdoll.com\/sv\/wp-json\/wp\/v2\/media\/153681"}],"wp:attachment":[{"href":"https:\/\/zxdoll.com\/sv\/wp-json\/wp\/v2\/media?parent=153608"}],"wp:term":[{"taxonomy":"product_brand","embeddable":true,"href":"https:\/\/zxdoll.com\/sv\/wp-json\/wp\/v2\/product_brand?post=153608"},{"taxonomy":"product_cat","embeddable":true,"href":"https:\/\/zxdoll.com\/sv\/wp-json\/wp\/v2\/product_cat?post=153608"},{"taxonomy":"product_tag","embeddable":true,"href":"https:\/\/zxdoll.com\/sv\/wp-json\/wp\/v2\/product_tag?post=153608"}],"curies":[{"name":"wp","href":"https:\/\/api.w.org\/{rel}","templated":true}]}}