{"id":137786,"date":"2023-08-04T03:22:25","date_gmt":"2023-08-03T19:22:25","guid":{"rendered":"https:\/\/zxdoll.com\/?post_type=product&#038;p=137786"},"modified":"2025-09-17T08:34:31","modified_gmt":"2025-09-17T00:34:31","slug":"francine-smith-sex-doll-big-ass","status":"publish","type":"product","link":"https:\/\/zxdoll.com\/sv\/product\/francine-smith-sex-doll-big-ass\/","title":{"rendered":"Francine Smith Sexdocka Big Ass Jacynth 165cm"},"content":{"rendered":"<h4><strong>Sexdockabilder<\/strong><\/h4>\n\t                <ul class=\"easy-image-gallery thumbnails-7 linked\">\r\n                    <li><a data-fancybox=\"gallery749\" href=\"https:\/\/zxdoll.com\/wp-content\/uploads\/2023\/08\/sofia-dolls-e34x1-800x800.jpg\" class=\"eig-popup\" title=\"\" data-caption=\"\" target=\"_blank\"><i class=\"icon-view\"><\/i><span class=\"overlay\"><\/span><img decoding=\"async\" width=\"150\" height=\"150\" src=\"https:\/\/zxdoll.com\/wp-content\/uploads\/2023\/08\/sofia-dolls-e34x1-150x150.jpg\" class=\"attachment-thumbnail size-thumbnail\" alt=\"\" srcset=\"https:\/\/zxdoll.com\/wp-content\/uploads\/2023\/08\/sofia-dolls-e34x1-150x150.jpg 150w, https:\/\/zxdoll.com\/wp-content\/uploads\/2023\/08\/sofia-dolls-e34x1-300x300.jpg 300w, https:\/\/zxdoll.com\/wp-content\/uploads\/2023\/08\/sofia-dolls-e34x1-800x800.jpg 800w, https:\/\/zxdoll.com\/wp-content\/uploads\/2023\/08\/sofia-dolls-e34x1-768x768.jpg 768w, https:\/\/zxdoll.com\/wp-content\/uploads\/2023\/08\/sofia-dolls-e34x1-12x12.jpg 12w, https:\/\/zxdoll.com\/wp-content\/uploads\/2023\/08\/sofia-dolls-e34x1-860x860.jpg 860w, https:\/\/zxdoll.com\/wp-content\/uploads\/2023\/08\/sofia-dolls-e34x1-430x430.jpg 430w, https:\/\/zxdoll.com\/wp-content\/uploads\/2023\/08\/sofia-dolls-e34x1-700x700.jpg 700w, https:\/\/zxdoll.com\/wp-content\/uploads\/2023\/08\/sofia-dolls-e34x1.jpg 1000w\" sizes=\"(max-width: 150px) 100vw, 150px\" title=\"\"><\/a><\/li><li><a data-fancybox=\"gallery749\" href=\"https:\/\/zxdoll.com\/wp-content\/uploads\/2023\/08\/sofia-dolls-e34x2-800x800.jpg\" class=\"eig-popup\" title=\"\" data-caption=\"\" target=\"_blank\"><i class=\"icon-view\"><\/i><span class=\"overlay\"><\/span><img decoding=\"async\" width=\"150\" height=\"150\" src=\"https:\/\/zxdoll.com\/wp-content\/uploads\/2023\/08\/sofia-dolls-e34x2-150x150.jpg\" class=\"attachment-thumbnail size-thumbnail\" alt=\"\" srcset=\"https:\/\/zxdoll.com\/wp-content\/uploads\/2023\/08\/sofia-dolls-e34x2-150x150.jpg 150w, https:\/\/zxdoll.com\/wp-content\/uploads\/2023\/08\/sofia-dolls-e34x2-300x300.jpg 300w, https:\/\/zxdoll.com\/wp-content\/uploads\/2023\/08\/sofia-dolls-e34x2-800x800.jpg 800w, https:\/\/zxdoll.com\/wp-content\/uploads\/2023\/08\/sofia-dolls-e34x2-768x768.jpg 768w, https:\/\/zxdoll.com\/wp-content\/uploads\/2023\/08\/sofia-dolls-e34x2-12x12.jpg 12w, https:\/\/zxdoll.com\/wp-content\/uploads\/2023\/08\/sofia-dolls-e34x2-860x860.jpg 860w, https:\/\/zxdoll.com\/wp-content\/uploads\/2023\/08\/sofia-dolls-e34x2-430x430.jpg 430w, https:\/\/zxdoll.com\/wp-content\/uploads\/2023\/08\/sofia-dolls-e34x2-700x700.jpg 700w, https:\/\/zxdoll.com\/wp-content\/uploads\/2023\/08\/sofia-dolls-e34x2.jpg 1000w\" sizes=\"(max-width: 150px) 100vw, 150px\" title=\"\"><\/a><\/li><li><a data-fancybox=\"gallery749\" href=\"https:\/\/zxdoll.com\/wp-content\/uploads\/2023\/08\/sofia-dolls-e34x3-800x800.jpg\" class=\"eig-popup\" title=\"\" data-caption=\"\" target=\"_blank\"><i class=\"icon-view\"><\/i><span class=\"overlay\"><\/span><img decoding=\"async\" width=\"150\" height=\"150\" src=\"https:\/\/zxdoll.com\/wp-content\/uploads\/2023\/08\/sofia-dolls-e34x3-150x150.jpg\" class=\"attachment-thumbnail size-thumbnail\" alt=\"\" srcset=\"https:\/\/zxdoll.com\/wp-content\/uploads\/2023\/08\/sofia-dolls-e34x3-150x150.jpg 150w, https:\/\/zxdoll.com\/wp-content\/uploads\/2023\/08\/sofia-dolls-e34x3-300x300.jpg 300w, https:\/\/zxdoll.com\/wp-content\/uploads\/2023\/08\/sofia-dolls-e34x3-800x800.jpg 800w, https:\/\/zxdoll.com\/wp-content\/uploads\/2023\/08\/sofia-dolls-e34x3-768x768.jpg 768w, https:\/\/zxdoll.com\/wp-content\/uploads\/2023\/08\/sofia-dolls-e34x3-12x12.jpg 12w, https:\/\/zxdoll.com\/wp-content\/uploads\/2023\/08\/sofia-dolls-e34x3-860x860.jpg 860w, https:\/\/zxdoll.com\/wp-content\/uploads\/2023\/08\/sofia-dolls-e34x3-430x430.jpg 430w, https:\/\/zxdoll.com\/wp-content\/uploads\/2023\/08\/sofia-dolls-e34x3-700x700.jpg 700w, https:\/\/zxdoll.com\/wp-content\/uploads\/2023\/08\/sofia-dolls-e34x3.jpg 1000w\" sizes=\"(max-width: 150px) 100vw, 150px\" title=\"\"><\/a><\/li><li><a data-fancybox=\"gallery749\" href=\"https:\/\/zxdoll.com\/wp-content\/uploads\/2023\/08\/sofia-dolls-e34x4-800x800.jpg\" class=\"eig-popup\" title=\"\" data-caption=\"\" target=\"_blank\"><i class=\"icon-view\"><\/i><span class=\"overlay\"><\/span><img loading=\"lazy\" decoding=\"async\" width=\"150\" height=\"150\" src=\"https:\/\/zxdoll.com\/wp-content\/uploads\/2023\/08\/sofia-dolls-e34x4-150x150.jpg\" class=\"attachment-thumbnail size-thumbnail\" alt=\"\" srcset=\"https:\/\/zxdoll.com\/wp-content\/uploads\/2023\/08\/sofia-dolls-e34x4-150x150.jpg 150w, https:\/\/zxdoll.com\/wp-content\/uploads\/2023\/08\/sofia-dolls-e34x4-300x300.jpg 300w, https:\/\/zxdoll.com\/wp-content\/uploads\/2023\/08\/sofia-dolls-e34x4-800x800.jpg 800w, https:\/\/zxdoll.com\/wp-content\/uploads\/2023\/08\/sofia-dolls-e34x4-768x768.jpg 768w, https:\/\/zxdoll.com\/wp-content\/uploads\/2023\/08\/sofia-dolls-e34x4-12x12.jpg 12w, https:\/\/zxdoll.com\/wp-content\/uploads\/2023\/08\/sofia-dolls-e34x4-860x860.jpg 860w, https:\/\/zxdoll.com\/wp-content\/uploads\/2023\/08\/sofia-dolls-e34x4-430x430.jpg 430w, https:\/\/zxdoll.com\/wp-content\/uploads\/2023\/08\/sofia-dolls-e34x4-700x700.jpg 700w, https:\/\/zxdoll.com\/wp-content\/uploads\/2023\/08\/sofia-dolls-e34x4.jpg 1000w\" sizes=\"(max-width: 150px) 100vw, 150px\" title=\"\"><\/a><\/li><li><a data-fancybox=\"gallery749\" href=\"https:\/\/zxdoll.com\/wp-content\/uploads\/2023\/08\/sofia-dolls-e34x5-800x800.jpg\" class=\"eig-popup\" title=\"\" data-caption=\"\" target=\"_blank\"><i class=\"icon-view\"><\/i><span class=\"overlay\"><\/span><img loading=\"lazy\" decoding=\"async\" width=\"150\" height=\"150\" src=\"https:\/\/zxdoll.com\/wp-content\/uploads\/2023\/08\/sofia-dolls-e34x5-150x150.jpg\" class=\"attachment-thumbnail size-thumbnail\" alt=\"\" srcset=\"https:\/\/zxdoll.com\/wp-content\/uploads\/2023\/08\/sofia-dolls-e34x5-150x150.jpg 150w, https:\/\/zxdoll.com\/wp-content\/uploads\/2023\/08\/sofia-dolls-e34x5-300x300.jpg 300w, https:\/\/zxdoll.com\/wp-content\/uploads\/2023\/08\/sofia-dolls-e34x5-800x800.jpg 800w, https:\/\/zxdoll.com\/wp-content\/uploads\/2023\/08\/sofia-dolls-e34x5-768x768.jpg 768w, https:\/\/zxdoll.com\/wp-content\/uploads\/2023\/08\/sofia-dolls-e34x5-12x12.jpg 12w, https:\/\/zxdoll.com\/wp-content\/uploads\/2023\/08\/sofia-dolls-e34x5-860x860.jpg 860w, https:\/\/zxdoll.com\/wp-content\/uploads\/2023\/08\/sofia-dolls-e34x5-430x430.jpg 430w, https:\/\/zxdoll.com\/wp-content\/uploads\/2023\/08\/sofia-dolls-e34x5-700x700.jpg 700w, https:\/\/zxdoll.com\/wp-content\/uploads\/2023\/08\/sofia-dolls-e34x5.jpg 1000w\" sizes=\"(max-width: 150px) 100vw, 150px\" title=\"\"><\/a><\/li><li><a data-fancybox=\"gallery749\" href=\"https:\/\/zxdoll.com\/wp-content\/uploads\/2023\/08\/sofia-dolls-e34x6-800x800.jpg\" class=\"eig-popup\" title=\"\" data-caption=\"\" target=\"_blank\"><i class=\"icon-view\"><\/i><span class=\"overlay\"><\/span><img loading=\"lazy\" decoding=\"async\" width=\"150\" height=\"150\" src=\"https:\/\/zxdoll.com\/wp-content\/uploads\/2023\/08\/sofia-dolls-e34x6-150x150.jpg\" class=\"attachment-thumbnail size-thumbnail\" alt=\"\" srcset=\"https:\/\/zxdoll.com\/wp-content\/uploads\/2023\/08\/sofia-dolls-e34x6-150x150.jpg 150w, https:\/\/zxdoll.com\/wp-content\/uploads\/2023\/08\/sofia-dolls-e34x6-300x300.jpg 300w, https:\/\/zxdoll.com\/wp-content\/uploads\/2023\/08\/sofia-dolls-e34x6-800x800.jpg 800w, https:\/\/zxdoll.com\/wp-content\/uploads\/2023\/08\/sofia-dolls-e34x6-768x768.jpg 768w, https:\/\/zxdoll.com\/wp-content\/uploads\/2023\/08\/sofia-dolls-e34x6-12x12.jpg 12w, https:\/\/zxdoll.com\/wp-content\/uploads\/2023\/08\/sofia-dolls-e34x6-860x860.jpg 860w, https:\/\/zxdoll.com\/wp-content\/uploads\/2023\/08\/sofia-dolls-e34x6-430x430.jpg 430w, https:\/\/zxdoll.com\/wp-content\/uploads\/2023\/08\/sofia-dolls-e34x6-700x700.jpg 700w, https:\/\/zxdoll.com\/wp-content\/uploads\/2023\/08\/sofia-dolls-e34x6.jpg 1000w\" sizes=\"(max-width: 150px) 100vw, 150px\" title=\"\"><\/a><\/li><li><a data-fancybox=\"gallery749\" href=\"https:\/\/zxdoll.com\/wp-content\/uploads\/2023\/08\/sofia-dolls-e34x7-800x800.jpg\" class=\"eig-popup\" title=\"\" data-caption=\"\" target=\"_blank\"><i class=\"icon-view\"><\/i><span class=\"overlay\"><\/span><img loading=\"lazy\" decoding=\"async\" width=\"150\" height=\"150\" src=\"https:\/\/zxdoll.com\/wp-content\/uploads\/2023\/08\/sofia-dolls-e34x7-150x150.jpg\" class=\"attachment-thumbnail size-thumbnail\" alt=\"\" srcset=\"https:\/\/zxdoll.com\/wp-content\/uploads\/2023\/08\/sofia-dolls-e34x7-150x150.jpg 150w, https:\/\/zxdoll.com\/wp-content\/uploads\/2023\/08\/sofia-dolls-e34x7-300x300.jpg 300w, https:\/\/zxdoll.com\/wp-content\/uploads\/2023\/08\/sofia-dolls-e34x7-800x800.jpg 800w, https:\/\/zxdoll.com\/wp-content\/uploads\/2023\/08\/sofia-dolls-e34x7-768x768.jpg 768w, https:\/\/zxdoll.com\/wp-content\/uploads\/2023\/08\/sofia-dolls-e34x7-12x12.jpg 12w, https:\/\/zxdoll.com\/wp-content\/uploads\/2023\/08\/sofia-dolls-e34x7-860x860.jpg 860w, https:\/\/zxdoll.com\/wp-content\/uploads\/2023\/08\/sofia-dolls-e34x7-430x430.jpg 430w, https:\/\/zxdoll.com\/wp-content\/uploads\/2023\/08\/sofia-dolls-e34x7-700x700.jpg 700w, https:\/\/zxdoll.com\/wp-content\/uploads\/2023\/08\/sofia-dolls-e34x7.jpg 1000w\" sizes=\"(max-width: 150px) 100vw, 150px\" title=\"\"><\/a><\/li><\/ul>\n<h4>Storlekstabeller<\/h4>\n<table width=\"334\">\n<tbody>\n<tr>\n<td width=\"145\">Material<\/td>\n<td width=\"189\">Silikonhuvud + TPE-kropp<\/td>\n<\/tr>\n<tr>\n<td>H\u00f6jd<\/td>\n<td>165 cm<\/td>\n<\/tr>\n<tr>\n<td>Br\u00f6st<\/td>\n<td>84 cm<\/td>\n<\/tr>\n<tr>\n<td>Midja<\/td>\n<td>59 cm<\/td>\n<\/tr>\n<tr>\n<td>H\u00f6ft<\/td>\n<td>87 cm<\/td>\n<\/tr>\n<tr>\n<td>Vaginadjup<\/td>\n<td>17 cm<\/td>\n<\/tr>\n<tr>\n<td>Analt djup<\/td>\n<td>17 cm<\/td>\n<\/tr>\n<tr>\n<td>Nettovikt<\/td>\n<td>35 kg<\/td>\n<\/tr>\n<\/tbody>\n<\/table>\n<h4>Om Sexdockan<\/h4>\n<p>&nbsp;<\/p>","protected":false},"excerpt":{"rendered":"<p>Sexdocka Bilder Storlekstabell Material Silikonhuvud + TPE Kroppsh\u00f6jd 165cm Br\u00f6st 84cm Midja 59cm H\u00f6ft 87cm Slidan<\/p>","protected":false},"featured_media":154781,"comment_status":"open","ping_status":"closed","template":"","meta":[],"product_brand":[],"product_cat":[75,229,80,192,200,107,117],"product_tag":[],"class_list":{"0":"post-137786","1":"product","2":"type-product","3":"status-publish","4":"has-post-thumbnail","6":"product_cat-160cm-170cm-sex-dolls","7":"product_cat-31kg-35kg","8":"product_cat-asian-sex-doll","9":"product_cat-hybrid-doll","10":"product_cat-sex-with-doll","11":"product_cat-skinny-sex-dolls","12":"product_cat-small-breast-sex-doll","13":"pa_brand-cos-doll","14":"tm-has-options","16":"first","17":"instock","18":"sale","19":"shipping-taxable","20":"purchasable","21":"product-type-simple"},"_links":{"self":[{"href":"https:\/\/zxdoll.com\/sv\/wp-json\/wp\/v2\/product\/137786","targetHints":{"allow":["GET"]}}],"collection":[{"href":"https:\/\/zxdoll.com\/sv\/wp-json\/wp\/v2\/product"}],"about":[{"href":"https:\/\/zxdoll.com\/sv\/wp-json\/wp\/v2\/types\/product"}],"replies":[{"embeddable":true,"href":"https:\/\/zxdoll.com\/sv\/wp-json\/wp\/v2\/comments?post=137786"}],"version-history":[{"count":3,"href":"https:\/\/zxdoll.com\/sv\/wp-json\/wp\/v2\/product\/137786\/revisions"}],"predecessor-version":[{"id":197954,"href":"https:\/\/zxdoll.com\/sv\/wp-json\/wp\/v2\/product\/137786\/revisions\/197954"}],"wp:featuredmedia":[{"embeddable":true,"href":"https:\/\/zxdoll.com\/sv\/wp-json\/wp\/v2\/media\/154781"}],"wp:attachment":[{"href":"https:\/\/zxdoll.com\/sv\/wp-json\/wp\/v2\/media?parent=137786"}],"wp:term":[{"taxonomy":"product_brand","embeddable":true,"href":"https:\/\/zxdoll.com\/sv\/wp-json\/wp\/v2\/product_brand?post=137786"},{"taxonomy":"product_cat","embeddable":true,"href":"https:\/\/zxdoll.com\/sv\/wp-json\/wp\/v2\/product_cat?post=137786"},{"taxonomy":"product_tag","embeddable":true,"href":"https:\/\/zxdoll.com\/sv\/wp-json\/wp\/v2\/product_tag?post=137786"}],"curies":[{"name":"wp","href":"https:\/\/api.w.org\/{rel}","templated":true}]}}