{"id":102020,"date":"2023-07-18T02:15:55","date_gmt":"2023-07-17T18:15:55","guid":{"rendered":"https:\/\/zxdoll.com\/?post_type=product&#038;p=102020"},"modified":"2023-09-26T17:29:54","modified_gmt":"2023-09-26T09:29:54","slug":"romantic-fucking-tip-sex-doll-weight","status":"publish","type":"product","link":"https:\/\/zxdoll.com\/sv\/product\/romantic-fucking-tip-sex-doll-weight\/","title":{"rendered":"Romantisk J\u00e4vla Tips Sexdocka Vikt Franky 32cm"},"content":{"rendered":"<h4><strong>Sexdockabilder<\/strong><\/h4>\n\t                <ul class=\"easy-image-gallery thumbnails-18 linked\">\r\n                    <li><a data-fancybox=\"gallery246\" href=\"https:\/\/zxdoll.com\/wp-content\/uploads\/2023\/07\/sex-doll-toy-hgfe1-533x800.jpg\" class=\"eig-popup\" title=\"\" data-caption=\"\" target=\"_blank\"><i class=\"icon-view\"><\/i><span class=\"overlay\"><\/span><img decoding=\"async\" width=\"150\" height=\"150\" src=\"https:\/\/zxdoll.com\/wp-content\/uploads\/2023\/07\/sex-doll-toy-hgfe1-150x150.jpg\" class=\"attachment-thumbnail size-thumbnail\" alt=\"\" title=\"\"><\/a><\/li><li><a data-fancybox=\"gallery246\" href=\"https:\/\/zxdoll.com\/wp-content\/uploads\/2023\/07\/sex-doll-toy-hgfe2-533x800.jpg\" class=\"eig-popup\" title=\"\" data-caption=\"\" target=\"_blank\"><i class=\"icon-view\"><\/i><span class=\"overlay\"><\/span><img decoding=\"async\" width=\"150\" height=\"150\" src=\"https:\/\/zxdoll.com\/wp-content\/uploads\/2023\/07\/sex-doll-toy-hgfe2-150x150.jpg\" class=\"attachment-thumbnail size-thumbnail\" alt=\"\" title=\"\"><\/a><\/li><li><a data-fancybox=\"gallery246\" href=\"https:\/\/zxdoll.com\/wp-content\/uploads\/2023\/07\/sex-doll-toy-hgfe3-533x800.jpg\" class=\"eig-popup\" title=\"\" data-caption=\"\" target=\"_blank\"><i class=\"icon-view\"><\/i><span class=\"overlay\"><\/span><img decoding=\"async\" width=\"150\" height=\"150\" src=\"https:\/\/zxdoll.com\/wp-content\/uploads\/2023\/07\/sex-doll-toy-hgfe3-150x150.jpg\" class=\"attachment-thumbnail size-thumbnail\" alt=\"\" title=\"\"><\/a><\/li><li><a data-fancybox=\"gallery246\" href=\"https:\/\/zxdoll.com\/wp-content\/uploads\/2023\/07\/sex-doll-toy-hgfe4.jpg\" class=\"eig-popup\" title=\"\" data-caption=\"\" target=\"_blank\"><i class=\"icon-view\"><\/i><span class=\"overlay\"><\/span><img loading=\"lazy\" decoding=\"async\" width=\"150\" height=\"150\" src=\"https:\/\/zxdoll.com\/wp-content\/uploads\/2023\/07\/sex-doll-toy-hgfe4-150x150.jpg\" class=\"attachment-thumbnail size-thumbnail\" alt=\"\" title=\"\"><\/a><\/li><li><a data-fancybox=\"gallery246\" href=\"https:\/\/zxdoll.com\/wp-content\/uploads\/2023\/07\/sex-doll-toy-hgfe5.jpg\" class=\"eig-popup\" title=\"\" data-caption=\"\" target=\"_blank\"><i class=\"icon-view\"><\/i><span class=\"overlay\"><\/span><img loading=\"lazy\" decoding=\"async\" width=\"150\" height=\"150\" src=\"https:\/\/zxdoll.com\/wp-content\/uploads\/2023\/07\/sex-doll-toy-hgfe5-150x150.jpg\" class=\"attachment-thumbnail size-thumbnail\" alt=\"\" title=\"\"><\/a><\/li><li><a data-fancybox=\"gallery246\" href=\"https:\/\/zxdoll.com\/wp-content\/uploads\/2023\/07\/sex-doll-toy-hgfe6-533x800.jpg\" class=\"eig-popup\" title=\"\" data-caption=\"\" target=\"_blank\"><i class=\"icon-view\"><\/i><span class=\"overlay\"><\/span><img loading=\"lazy\" decoding=\"async\" width=\"150\" height=\"150\" src=\"https:\/\/zxdoll.com\/wp-content\/uploads\/2023\/07\/sex-doll-toy-hgfe6-150x150.jpg\" class=\"attachment-thumbnail size-thumbnail\" alt=\"\" title=\"\"><\/a><\/li><li><a data-fancybox=\"gallery246\" href=\"https:\/\/zxdoll.com\/wp-content\/uploads\/2023\/07\/sex-doll-toy-hgfe7-533x800.jpg\" class=\"eig-popup\" title=\"\" data-caption=\"\" target=\"_blank\"><i class=\"icon-view\"><\/i><span class=\"overlay\"><\/span><img loading=\"lazy\" decoding=\"async\" width=\"150\" height=\"150\" src=\"https:\/\/zxdoll.com\/wp-content\/uploads\/2023\/07\/sex-doll-toy-hgfe7-150x150.jpg\" class=\"attachment-thumbnail size-thumbnail\" alt=\"\" title=\"\"><\/a><\/li><li><a data-fancybox=\"gallery246\" href=\"https:\/\/zxdoll.com\/wp-content\/uploads\/2023\/07\/sex-doll-toy-hgfe8-533x800.jpg\" class=\"eig-popup\" title=\"\" data-caption=\"\" target=\"_blank\"><i class=\"icon-view\"><\/i><span class=\"overlay\"><\/span><img loading=\"lazy\" decoding=\"async\" width=\"150\" height=\"150\" src=\"https:\/\/zxdoll.com\/wp-content\/uploads\/2023\/07\/sex-doll-toy-hgfe8-150x150.jpg\" class=\"attachment-thumbnail size-thumbnail\" alt=\"\" title=\"\"><\/a><\/li><li><a data-fancybox=\"gallery246\" href=\"https:\/\/zxdoll.com\/wp-content\/uploads\/2023\/07\/sex-doll-toy-hgfe9-533x800.jpg\" class=\"eig-popup\" title=\"\" data-caption=\"\" target=\"_blank\"><i class=\"icon-view\"><\/i><span class=\"overlay\"><\/span><img loading=\"lazy\" decoding=\"async\" width=\"150\" height=\"150\" src=\"https:\/\/zxdoll.com\/wp-content\/uploads\/2023\/07\/sex-doll-toy-hgfe9-150x150.jpg\" class=\"attachment-thumbnail size-thumbnail\" alt=\"\" title=\"\"><\/a><\/li><li><a data-fancybox=\"gallery246\" href=\"https:\/\/zxdoll.com\/wp-content\/uploads\/2023\/07\/sex-doll-toy-hgfe10-533x800.jpg\" class=\"eig-popup\" title=\"\" data-caption=\"\" target=\"_blank\"><i class=\"icon-view\"><\/i><span class=\"overlay\"><\/span><img loading=\"lazy\" decoding=\"async\" width=\"150\" height=\"150\" src=\"https:\/\/zxdoll.com\/wp-content\/uploads\/2023\/07\/sex-doll-toy-hgfe10-150x150.jpg\" class=\"attachment-thumbnail size-thumbnail\" alt=\"\" title=\"\"><\/a><\/li><li><a data-fancybox=\"gallery246\" href=\"https:\/\/zxdoll.com\/wp-content\/uploads\/2023\/07\/sex-doll-toy-hgfe11-533x800.jpg\" class=\"eig-popup\" title=\"\" data-caption=\"\" target=\"_blank\"><i class=\"icon-view\"><\/i><span class=\"overlay\"><\/span><img loading=\"lazy\" decoding=\"async\" width=\"150\" height=\"150\" src=\"https:\/\/zxdoll.com\/wp-content\/uploads\/2023\/07\/sex-doll-toy-hgfe11-150x150.jpg\" class=\"attachment-thumbnail size-thumbnail\" alt=\"\" title=\"\"><\/a><\/li><li><a data-fancybox=\"gallery246\" href=\"https:\/\/zxdoll.com\/wp-content\/uploads\/2023\/07\/sex-doll-toy-hgfe12.jpg\" class=\"eig-popup\" title=\"\" data-caption=\"\" target=\"_blank\"><i class=\"icon-view\"><\/i><span class=\"overlay\"><\/span><img loading=\"lazy\" decoding=\"async\" width=\"150\" height=\"150\" src=\"https:\/\/zxdoll.com\/wp-content\/uploads\/2023\/07\/sex-doll-toy-hgfe12-150x150.jpg\" class=\"attachment-thumbnail size-thumbnail\" alt=\"\" title=\"\"><\/a><\/li><li><a data-fancybox=\"gallery246\" href=\"https:\/\/zxdoll.com\/wp-content\/uploads\/2023\/07\/sex-doll-toy-hgfe13-533x800.jpg\" class=\"eig-popup\" title=\"\" data-caption=\"\" target=\"_blank\"><i class=\"icon-view\"><\/i><span class=\"overlay\"><\/span><img loading=\"lazy\" decoding=\"async\" width=\"150\" height=\"150\" src=\"https:\/\/zxdoll.com\/wp-content\/uploads\/2023\/07\/sex-doll-toy-hgfe13-150x150.jpg\" class=\"attachment-thumbnail size-thumbnail\" alt=\"\" title=\"\"><\/a><\/li><li><a data-fancybox=\"gallery246\" href=\"https:\/\/zxdoll.com\/wp-content\/uploads\/2023\/07\/sex-doll-toy-hgfe17-533x800.jpg\" class=\"eig-popup\" title=\"\" data-caption=\"\" target=\"_blank\"><i class=\"icon-view\"><\/i><span class=\"overlay\"><\/span><img loading=\"lazy\" decoding=\"async\" width=\"150\" height=\"150\" src=\"https:\/\/zxdoll.com\/wp-content\/uploads\/2023\/07\/sex-doll-toy-hgfe17-150x150.jpg\" class=\"attachment-thumbnail size-thumbnail\" alt=\"\" title=\"\"><\/a><\/li><li><a data-fancybox=\"gallery246\" href=\"https:\/\/zxdoll.com\/wp-content\/uploads\/2023\/07\/sex-doll-toy-hgfe20-533x800.jpg\" class=\"eig-popup\" title=\"\" data-caption=\"\" target=\"_blank\"><i class=\"icon-view\"><\/i><span class=\"overlay\"><\/span><img loading=\"lazy\" decoding=\"async\" width=\"150\" height=\"150\" src=\"https:\/\/zxdoll.com\/wp-content\/uploads\/2023\/07\/sex-doll-toy-hgfe20-150x150.jpg\" class=\"attachment-thumbnail size-thumbnail\" alt=\"\" title=\"\"><\/a><\/li><li><a data-fancybox=\"gallery246\" href=\"https:\/\/zxdoll.com\/wp-content\/uploads\/2023\/07\/sex-doll-toy-hgfe21.jpg\" class=\"eig-popup\" title=\"\" data-caption=\"\" target=\"_blank\"><i class=\"icon-view\"><\/i><span class=\"overlay\"><\/span><img loading=\"lazy\" decoding=\"async\" width=\"150\" height=\"150\" src=\"https:\/\/zxdoll.com\/wp-content\/uploads\/2023\/07\/sex-doll-toy-hgfe21-150x150.jpg\" class=\"attachment-thumbnail size-thumbnail\" alt=\"\" title=\"\"><\/a><\/li><li><a data-fancybox=\"gallery246\" href=\"https:\/\/zxdoll.com\/wp-content\/uploads\/2023\/07\/sex-doll-toy-hgfe22-533x800.jpg\" class=\"eig-popup\" title=\"\" data-caption=\"\" target=\"_blank\"><i class=\"icon-view\"><\/i><span class=\"overlay\"><\/span><img loading=\"lazy\" decoding=\"async\" width=\"150\" height=\"150\" src=\"https:\/\/zxdoll.com\/wp-content\/uploads\/2023\/07\/sex-doll-toy-hgfe22-150x150.jpg\" class=\"attachment-thumbnail size-thumbnail\" alt=\"\" title=\"\"><\/a><\/li><li><a data-fancybox=\"gallery246\" href=\"https:\/\/zxdoll.com\/wp-content\/uploads\/2023\/07\/sex-doll-toy-hgfe23.jpg\" class=\"eig-popup\" title=\"\" data-caption=\"\" target=\"_blank\"><i class=\"icon-view\"><\/i><span class=\"overlay\"><\/span><img loading=\"lazy\" decoding=\"async\" width=\"150\" height=\"150\" src=\"https:\/\/zxdoll.com\/wp-content\/uploads\/2023\/07\/sex-doll-toy-hgfe23-150x150.jpg\" class=\"attachment-thumbnail size-thumbnail\" alt=\"\" title=\"\"><\/a><\/li><\/ul>\n<h4>Storlekstabeller<\/h4>\n<table width=\"269\">\n<tbody>\n<tr>\n<td width=\"130\">Material<\/td>\n<td width=\"139\">TPE<\/td>\n<\/tr>\n<tr>\n<td>L\u00e4ngd<\/td>\n<td>32 cm<\/td>\n<\/tr>\n<tr>\n<td>Bredd<\/td>\n<td>30 cm<\/td>\n<\/tr>\n<tr>\n<td>H\u00f6jd<\/td>\n<td>20 cm<\/td>\n<\/tr>\n<tr>\n<td>Midja<\/td>\n<td>52 cm<\/td>\n<\/tr>\n<tr>\n<td>H\u00f6ft<\/td>\n<td>92,5 cm<\/td>\n<\/tr>\n<tr>\n<td>Vagina<\/td>\n<td>18 cm<\/td>\n<\/tr>\n<tr>\n<td>Anal<\/td>\n<td>15 cm<\/td>\n<\/tr>\n<tr>\n<td width=\"130\">Nettovikt<\/td>\n<td>9 kg<\/td>\n<\/tr>\n<\/tbody>\n<\/table>\n<h4>Om Sexdockan<\/h4>\n<p>&nbsp;<\/p>","protected":false},"excerpt":{"rendered":"<p>Sexdocka Bilder Storlekstabell Material TPE L\u00e4ngd 32cm Bredd 30cm H\u00f6jd 20cm Midja 52cm H\u00f6ft 92,5cm Slidan 18cm Anal<\/p>","protected":false},"featured_media":102052,"comment_status":"open","ping_status":"closed","template":"","meta":[],"product_brand":[],"product_cat":[119,121],"product_tag":[],"class_list":{"0":"post-102020","1":"product","2":"type-product","3":"status-publish","4":"has-post-thumbnail","6":"product_cat-tpe-sex-doll","7":"product_cat-torso-sex-doll","8":"tm-has-options","10":"first","11":"instock","12":"sale","13":"shipping-taxable","14":"purchasable","15":"product-type-simple"},"_links":{"self":[{"href":"https:\/\/zxdoll.com\/sv\/wp-json\/wp\/v2\/product\/102020","targetHints":{"allow":["GET"]}}],"collection":[{"href":"https:\/\/zxdoll.com\/sv\/wp-json\/wp\/v2\/product"}],"about":[{"href":"https:\/\/zxdoll.com\/sv\/wp-json\/wp\/v2\/types\/product"}],"replies":[{"embeddable":true,"href":"https:\/\/zxdoll.com\/sv\/wp-json\/wp\/v2\/comments?post=102020"}],"version-history":[{"count":2,"href":"https:\/\/zxdoll.com\/sv\/wp-json\/wp\/v2\/product\/102020\/revisions"}],"predecessor-version":[{"id":154502,"href":"https:\/\/zxdoll.com\/sv\/wp-json\/wp\/v2\/product\/102020\/revisions\/154502"}],"wp:featuredmedia":[{"embeddable":true,"href":"https:\/\/zxdoll.com\/sv\/wp-json\/wp\/v2\/media\/102052"}],"wp:attachment":[{"href":"https:\/\/zxdoll.com\/sv\/wp-json\/wp\/v2\/media?parent=102020"}],"wp:term":[{"taxonomy":"product_brand","embeddable":true,"href":"https:\/\/zxdoll.com\/sv\/wp-json\/wp\/v2\/product_brand?post=102020"},{"taxonomy":"product_cat","embeddable":true,"href":"https:\/\/zxdoll.com\/sv\/wp-json\/wp\/v2\/product_cat?post=102020"},{"taxonomy":"product_tag","embeddable":true,"href":"https:\/\/zxdoll.com\/sv\/wp-json\/wp\/v2\/product_tag?post=102020"}],"curies":[{"name":"wp","href":"https:\/\/api.w.org\/{rel}","templated":true}]}}