{"id":8534,"date":"2022-12-07T07:19:14","date_gmt":"2022-12-07T07:19:14","guid":{"rendered":"https:\/\/hoxdoll.com\/?page_id=8534"},"modified":"2024-04-03T14:00:52","modified_gmt":"2024-04-03T06:00:52","slug":"terms-and-conditions","status":"publish","type":"page","link":"https:\/\/zxdoll.com\/sv\/terms-and-conditions\/","title":{"rendered":"Villkor"},"content":{"rendered":"<div data-elementor-type=\"wp-page\" data-elementor-id=\"8534\" class=\"elementor elementor-8534\" data-elementor-post-type=\"page\">\n\t\t\t\t\t\t<section class=\"wd-negative-gap elementor-section elementor-top-section elementor-element elementor-element-6c754541 elementor-section-boxed elementor-section-height-default elementor-section-height-default\" data-id=\"6c754541\" data-element_type=\"section\" data-e-type=\"section\">\n\t\t\t\t\t\t<div class=\"elementor-container elementor-column-gap-default\">\n\t\t\t\t\t<div class=\"elementor-column elementor-col-100 elementor-top-column elementor-element elementor-element-7446fdb\" data-id=\"7446fdb\" data-element_type=\"column\" data-e-type=\"column\">\n\t\t\t<div class=\"elementor-widget-wrap elementor-element-populated\">\n\t\t\t\t\t\t<div class=\"elementor-element elementor-element-4d0f3a76 color-scheme-inherit text-left elementor-widget elementor-widget-text-editor\" data-id=\"4d0f3a76\" data-element_type=\"widget\" data-e-type=\"widget\" data-widget_type=\"text-editor.default\">\n\t\t\t\t<div class=\"elementor-widget-container\">\n\t\t\t\t\t\t\t\t\t\n<h2 class=\"wp-block-heading\">\u00d6versikt<\/h2>\n\n<p>F\u00f6ljande villkor r\u00e5der \u00f6ver din anv\u00e4ndning av denna webbplats. Genom att anv\u00e4nda webbplatsen accepterar du dessa villkor till fullo. Om du av en slump inte godk\u00e4nner n\u00e5gon av dessa villkor eller n\u00e5gon del av dem, f\u00e5r du inte anv\u00e4nda denna webbplats.<\/p>\n<p>Denna webbplats anv\u00e4nder sig av cookies, och genom att anv\u00e4nda denna webbplats och samtycker till v\u00e5ra villkor samtycker du till zxdoll.coms anv\u00e4ndning av cookies enligt zxdoll.coms integritets-\/cookiespolicy.<\/p>\n<p>Du m\u00e5ste notera att adressen zxdoll.coms webbplats kan ha inneh\u00e5ll som vissa anv\u00e4ndare kanske inte tycker \u00e4r tilltalande, och den \u00e4r endast avsedd f\u00f6r vuxna personer. Du kan endast anv\u00e4nda webbplatsen om du \u00e4r 18 \u00e5r och \u00e4ldre.<\/p>\n\t\t\t\t\t\t\t\t<\/div>\n\t\t\t\t<\/div>\n\t\t\t\t<div class=\"elementor-element elementor-element-f327b42 color-scheme-inherit text-left elementor-widget elementor-widget-text-editor\" data-id=\"f327b42\" data-element_type=\"widget\" data-e-type=\"widget\" data-widget_type=\"text-editor.default\">\n\t\t\t\t<div class=\"elementor-widget-container\">\n\t\t\t\t\t\t\t\t\t\n<h2 class=\"wp-block-heading\">Du f\u00e5r inte:<\/h2>\n\n\n\n<ul>\n<li>Redigera eller \u00e5teranv\u00e4nd allt material fr\u00e5n v\u00e5rt (inklusive kopiering till en copycat-webbplats.)<\/li>\n<li>\nS\u00e4lj, hyr ut eller piratkopiera material fr\u00e5n v\u00e5r webbplats.\n<\/li>\n<li>\nVisa allt material fr\u00e5n v\u00e5r webbplats offentligt.\n<\/li>\n<li>\nReplikera, kopiera eller reproducera eller p\u00e5 annat s\u00e4tt dra nytta av n\u00e5got material p\u00e5 denna webbplats f\u00f6r kommersiella \u00e4ndam\u00e5l.\n<\/li>\n<li>\nRedigera eller p\u00e5 n\u00e5got s\u00e4tt \u00e4ndra n\u00e5got p\u00e5 webbplatsen.\n<\/li>\n<li>\n\u00c5tervinn material fr\u00e5n webbplatsen om inte dess inneh\u00e5ll g\u00f6rs f\u00f6r\/g\u00f6rs tillg\u00e4ngligt f\u00f6r vidaredistribution.\n<\/li>\n<\/ul>\n\t\t\t\t\t\t\t\t<\/div>\n\t\t\t\t<\/div>\n\t\t\t\t<div class=\"elementor-element elementor-element-9f37b95 color-scheme-inherit text-left elementor-widget elementor-widget-text-editor\" data-id=\"9f37b95\" data-element_type=\"widget\" data-e-type=\"widget\" data-widget_type=\"text-editor.default\">\n\t\t\t\t<div class=\"elementor-widget-container\">\n\t\t\t\t\t\t\t\t\t\n<h2 class=\"wp-block-heading\">Anv\u00e4ndarinneh\u00e5ll:<\/h2>\n\n<ul>\n<li>I villkoren betyder det &quot;anv\u00e4ndar\u00e4gda inneh\u00e5llet&quot; detaljer (inklusive och utan begr\u00e4nsningar till text, bilder, ljuddetaljer, videodetaljer och audiovisuell information) som skickas till webbplatsen n\u00e4r som helst.<\/li>\n<li>Du ger zxdoll.com globala, explicita, royaltyfria licenser f\u00f6r att anv\u00e4nda, reproducera, modifiera, \u00f6vers\u00e4tta och \u00e4ven distribuera ditt anv\u00e4ndar\u00e4gda inneh\u00e5ll i befintliga eller framtida media.<\/li>\n<li>Du ger ocks\u00e5 zxdoll.com r\u00e4tten att underlicensiera r\u00e4ttigheterna och r\u00e4tten att vidta \u00e5tg\u00e4rder f\u00f6r intr\u00e5ng i n\u00e5gon form av dessa r\u00e4ttigheter.<\/li>\n<li>Ditt anv\u00e4ndarinneh\u00e5ll m\u00e5ste vara inom lagens begr\u00e4nsningar och f\u00e5r inte g\u00f6ra intr\u00e5ng i tredje parts juridiska r\u00e4ttigheter. Det f\u00e5r inte heller vara av det slag som kan leda till en juridisk strid mot dig, zxdoll.com eller en tredje part enligt alla till\u00e4mpliga lagar.<\/li>\n<li>Du kan inte skicka in n\u00e5got inneh\u00e5ll som har varit f\u00f6rem\u00e5l f\u00f6r hotade eller juridiska klagom\u00e5l till webbplatsen.<\/li>\n<li>Zdoll.com f\u00f6rbeh\u00e5ller sig r\u00e4tten att redigera eller ta bort material som skickats in eller lagrats p\u00e5 v\u00e5ra servrar, v\u00e4rd eller publicerats p\u00e5 v\u00e5r webbplats.<\/li>\n<li>Oavsett zxdoll.coms r\u00e4ttigheter enligt villkoren f\u00f6r anv\u00e4ndarinneh\u00e5ll, \u00e5tar vi oss aldrig att \u00f6vervaka inl\u00e4mning eller publicering av s\u00e5dant inneh\u00e5ll p\u00e5 v\u00e5r webbplats.<\/li>\n<\/ul>\n\t\t\t\t\t\t\t\t<\/div>\n\t\t\t\t<\/div>\n\t\t\t\t<div class=\"elementor-element elementor-element-9cc508b color-scheme-inherit text-left elementor-widget elementor-widget-text-editor\" data-id=\"9cc508b\" data-element_type=\"widget\" data-e-type=\"widget\" data-widget_type=\"text-editor.default\">\n\t\t\t\t<div class=\"elementor-widget-container\">\n\t\t\t\t\t\t\t\t\t\n<h2 class=\"wp-block-heading\">Andra partier:<\/h2>\n\n<p>Du samtycker till att zxdoll.com som ett f\u00f6retag med begr\u00e4nsat ansvar har intressen av att begr\u00e4nsa det personliga ansvaret f\u00f6r alla dess tj\u00e4nstem\u00e4n och anst\u00e4llda. Vi samtycker till att du inte kommer att g\u00f6ra n\u00e5gra anspr\u00e5k personligen till v\u00e5ra tj\u00e4nstem\u00e4n eller anst\u00e4llda ang\u00e5ende eventuella f\u00f6rluster som du kan lida i samband med webbplatsen.<\/p>\n<p>Utan att det p\u00e5verkar f\u00f6reg\u00e5ende stycke samtycker du till att de garantier och ansvar som beskrivs i denna webbplatss ansvarsfriskrivning kommer att skydda zxdoll.coms tj\u00e4nstem\u00e4n, anst\u00e4llda, agenter, dotterbolag, \u00f6verl\u00e5tare, eftertr\u00e4dare, underleverant\u00f6rer och zxdoll.com sj\u00e4lv.<\/p>\n\t\t\t\t\t\t\t\t<\/div>\n\t\t\t\t<\/div>\n\t\t\t\t<div class=\"elementor-element elementor-element-1357fd3 color-scheme-inherit text-left elementor-widget elementor-widget-text-editor\" data-id=\"1357fd3\" data-element_type=\"widget\" data-e-type=\"widget\" data-widget_type=\"text-editor.default\">\n\t\t\t\t<div class=\"elementor-widget-container\">\n\t\t\t\t\t\t\t\t\t\n<h2 class=\"wp-block-heading\">Brott mot dessa villkor:<\/h2>\n\n<p>Utan n\u00e5gon predisposition f\u00f6r zxdoll.coms andra r\u00e4ttigheter enligt villkoren, om det finns ett brott fr\u00e5n din sida p\u00e5 n\u00e5got s\u00e4tt, kan zxdoll.com vidta alla \u00e5tg\u00e4rder som den finner l\u00e4mpliga f\u00f6r att hantera intr\u00e5nget inklusive:<\/p>\n<p>antingen st\u00e4nga av din \u00e5tkomst till webbplatsen, eller f\u00f6rbjuda dig att komma in, blockera datorer under din IP-adress fr\u00e5n att komma in p\u00e5 webbplatsen, beg\u00e4ra att din tj\u00e4nsteleverant\u00f6r blockerar din \u00e5tkomst till webbplatsen eller inleda domstolsf\u00f6rfaranden mot dig.<\/p>\n\t\t\t\t\t\t\t\t<\/div>\n\t\t\t\t<\/div>\n\t\t\t\t<div class=\"elementor-element elementor-element-1a84d8e color-scheme-inherit text-left elementor-widget elementor-widget-text-editor\" data-id=\"1a84d8e\" data-element_type=\"widget\" data-e-type=\"widget\" data-widget_type=\"text-editor.default\">\n\t\t\t\t<div class=\"elementor-widget-container\">\n\t\t\t\t\t\t\t\t\t\n<h2 class=\"wp-block-heading\">Uppdrag:<\/h2>\n\n<p>zxdoll.com beh\u00e5ller r\u00e4tten att \u00f6verf\u00f6ra, hyra ut i andra hand eller p\u00e5 annat s\u00e4tt hantera zxdoll.coms r\u00e4ttigheter och\/eller skyldigheter enligt villkoren utan att beh\u00f6va meddela dig eller beg\u00e4ra ditt tillst\u00e5nd.<\/p>\n<p>Du f\u00e5r inte \u00f6verl\u00e5ta, hyra ut i andra hand eller p\u00e5 annat s\u00e4tt hantera zxdoll r\u00e4ttigheter och\/eller skyldigheter enligt dessa villkor.<\/p>\n\t\t\t\t\t\t\t\t<\/div>\n\t\t\t\t<\/div>\n\t\t\t\t<div class=\"elementor-element elementor-element-6ce1024 color-scheme-inherit text-left elementor-widget elementor-widget-text-editor\" data-id=\"6ce1024\" data-element_type=\"widget\" data-e-type=\"widget\" data-widget_type=\"text-editor.default\">\n\t\t\t\t<div class=\"elementor-widget-container\">\n\t\t\t\t\t\t\t\t\t\n<h2 class=\"wp-block-heading\">Hela avtalet:<\/h2>\n\n<p>Dessa villkor tillsammans med zxdolls integritetspolicy utg\u00f6r hela avtalet mellan dig och zxdoll.com i f\u00f6rh\u00e5llande till din anv\u00e4ndning av denna webbplats och \u00e5l\u00e4gger alla tidigare avtal om din anv\u00e4ndning av webbplatsen.<\/p>\n\t\t\t\t\t\t\t\t<\/div>\n\t\t\t\t<\/div>\n\t\t\t\t<div class=\"elementor-element elementor-element-5a0ea1b color-scheme-inherit text-left elementor-widget elementor-widget-text-editor\" data-id=\"5a0ea1b\" data-element_type=\"widget\" data-e-type=\"widget\" data-widget_type=\"text-editor.default\">\n\t\t\t\t<div class=\"elementor-widget-container\">\n\t\t\t\t\t\t\t\t\t\n<h2 class=\"wp-block-heading\">Licens att anv\u00e4nda webbplatsen:<\/h2>\n\n<p>Om inte annat anges \u00e4ger www.zxdoll.com och dess licensgivare materialet och hela immateriella r\u00e4ttigheter p\u00e5 webbplatsen. Med f\u00f6rbeh\u00e5ll f\u00f6r licens, alla dessa immateriella r\u00e4ttigheter innehas.<\/p>\n<p>Du f\u00e5r endast ladda ner och visa f\u00f6r cachning (endast!), skriva ut sidor, anv\u00e4ndarmanualer och annan produktinformation f\u00f6r personligt bruk, om du omfattas av de begr\u00e4nsningar som anges nedan i dessa villkor.<\/p>\n\t\t\t\t\t\t\t\t<\/div>\n\t\t\t\t<\/div>\n\t\t\t\t<div class=\"elementor-element elementor-element-58dcb3e color-scheme-inherit text-left elementor-widget elementor-widget-text-editor\" data-id=\"58dcb3e\" data-element_type=\"widget\" data-e-type=\"widget\" data-widget_type=\"text-editor.default\">\n\t\t\t\t<div class=\"elementor-widget-container\">\n\t\t\t\t\t\t\t\t\t\n<h2 class=\"wp-block-heading\">Acceptabel anv\u00e4ndning:<\/h2>\n<ul>\n<li>Du f\u00e5r inte anv\u00e4nda webbplatsen p\u00e5 ett eller flera s\u00e4tt som orsakar eller kan orsaka skada p\u00e5 webbplatsen eller f\u00f6rs\u00e4mring av webbplatsens tillg\u00e4nglighet eller tillg\u00e4nglighet eller p\u00e5 n\u00e5got s\u00e4tt som \u00e4r eller \u00e4r i samband med olagligt, olagligt, bedr\u00e4gligt eller skadliga syften eller aktiviteter<\/li>\n<li>Du f\u00e5r inte anv\u00e4nda webbplatsen f\u00f6r att duplicera, lagra, hosta, skicka, anv\u00e4nda, ta emot, publicera eller distribuera data som har (eller \u00e4r l\u00e4nkad till) spionprogram, datavirus, trojanska h\u00e4star, maskar, rootkits, tangenttryckningsloggare eller annan skadlig dator programvara.<\/li>\n<li>Du f\u00e5r inte bedriva systematisk eller automatiserad datainsamlingstj\u00e4nst (inklusive och inte begr\u00e4nsat till skrapning, datautvinning, utvinning och sk\u00f6rd) i relation till denna webbplats utan v\u00e5rt uttryckliga, skriftliga tillst\u00e5nd.<\/li>\n<li>Du f\u00e5r inte anv\u00e4nda denna webbplats f\u00f6r att \u00f6verf\u00f6ra eller skicka o\u00f6nskade kommersiella konversationer.<\/li>\n<li>Du f\u00e5r inte anv\u00e4nda denna webbplats f\u00f6r \u00e4ndam\u00e5l som h\u00e4nf\u00f6r sig till marknadsf\u00f6ring utan zxdoll.coms absoluta skriftliga medgivande.<\/li>\n<\/ul>\n\t\t\t\t\t\t\t\t<\/div>\n\t\t\t\t<\/div>\n\t\t\t\t<div class=\"elementor-element elementor-element-d382a76 color-scheme-inherit text-left elementor-widget elementor-widget-text-editor\" data-id=\"d382a76\" data-element_type=\"widget\" data-e-type=\"widget\" data-widget_type=\"text-editor.default\">\n\t\t\t\t<div class=\"elementor-widget-container\">\n\t\t\t\t\t\t\t\t\t\n<h2 class=\"wp-block-heading\">Ansvarsbegr\u00e4nsningar:<\/h2>\n\n<p>Zxdoll kommer inte att h\u00e5llas ansvarigt gentemot dig (enligt skadest\u00e5ndslagen, kontaktlagen eller p\u00e5 annat s\u00e4tt) i samband med inneh\u00e5llet eller p\u00e5 annat s\u00e4tt i samband med denna webbplats, s\u00e4rskilt eftersom webbplatsen tillhandah\u00e5lls utan kostnad f\u00f6r direkta f\u00f6rluster.<\/p>\n<p>F\u00f6r alla indirekta, speciella eller betydande f\u00f6rluster eller f\u00f6r aff\u00e4rsf\u00f6rluster, inkomstf\u00f6rluster, inkomster, vinster eller f\u00f6rv\u00e4ntade besparingar, kontraktsf\u00f6rlust eller aff\u00e4rsrelationer, en fl\u00e4ck av rykte eller goodwill, f\u00f6rlust eller skada av information eller data.<\/p>\n<p>Dessa begr\u00e4nsningar g\u00e4ller f\u00f6r skulderna \u00e4ven om zxdoll.com tydligt och \u00e4rligt har informerats om den potentiella f\u00f6rlusten.<\/p>\n\t\t\t\t\t\t\t\t<\/div>\n\t\t\t\t<\/div>\n\t\t\t\t<div class=\"elementor-element elementor-element-092f8a7 color-scheme-inherit text-left elementor-widget elementor-widget-text-editor\" data-id=\"092f8a7\" data-element_type=\"widget\" data-e-type=\"widget\" data-widget_type=\"text-editor.default\">\n\t\t\t\t<div class=\"elementor-widget-container\">\n\t\t\t\t\t\t\t\t\t\n<h2 class=\"wp-block-heading\">Rimlighet:<\/h2>\n\n\n\n<p>Genom att anv\u00e4nda denna webbplats samtycker du till att de undantag och ansvarsbegr\u00e4nsningar som anges i webbplatsens ansvarsfriskrivning \u00e4r rimliga.<\/p>\n<p>Om du inte h\u00e5ller med om det f\u00e5r du inte anv\u00e4nda denna webbplats. <\/p>\n\t\t\t\t\t\t\t\t<\/div>\n\t\t\t\t<\/div>\n\t\t\t\t<div class=\"elementor-element elementor-element-9900a6d color-scheme-inherit text-left elementor-widget elementor-widget-text-editor\" data-id=\"9900a6d\" data-element_type=\"widget\" data-e-type=\"widget\" data-widget_type=\"text-editor.default\">\n\t\t\t\t<div class=\"elementor-widget-container\">\n\t\t\t\t\t\t\t\t\t\n<h2 class=\"wp-block-heading\">Ej verkst\u00e4llbara best\u00e4mmelser:<\/h2>\n\n\n\n<p>Om n\u00e5gra best\u00e4mmelser i webbplatsens ansvarsfriskrivning visar sig vara om\u00f6jliga enligt de lagar som g\u00e4ller, kommer de andra best\u00e4mmelserna i webbplatsens ansvarsfriskrivning att fungera, eftersom de inte kommer att p\u00e5verkas.<\/p>\n\t\t\t\t\t\t\t\t<\/div>\n\t\t\t\t<\/div>\n\t\t\t\t<div class=\"elementor-element elementor-element-81b2ecb color-scheme-inherit text-left elementor-widget elementor-widget-text-editor\" data-id=\"81b2ecb\" data-element_type=\"widget\" data-e-type=\"widget\" data-widget_type=\"text-editor.default\">\n\t\t\t\t<div class=\"elementor-widget-container\">\n\t\t\t\t\t\t\t\t\t\n<h2 class=\"wp-block-heading\">Ers\u00e4ttning:<\/h2>\n\n<p>Fram\u00f6ver h\u00e5ller du zxdoll.com skadesl\u00f6s och \u00e5tar dig att h\u00e5lla zxdoll.com skadesl\u00f6s mot alla f\u00f6rluster, skador, kostnader, ansvar och utgifter (utan begr\u00e4nsningar f\u00f6r juridiska kostnader eller belopp som betalas av zxdoll.com till en tredje part f\u00f6r att l\u00f6sa anspr\u00e5k eller tvister p\u00e5 inr\u00e5dan av zxdoll.coms juridiska r\u00e5dgivare) som f\u00f6rv\u00e4rvats eller drabbats av zxdoll.com p\u00e5 grund av eventuella felsteg fr\u00e5n din sida av dessa villkor, eller uppst\u00e5tt p\u00e5 grund av eventuella p\u00e5st\u00e5enden om att du bryter mot n\u00e5got av dessa villkor.<\/p>\n\t\t\t\t\t\t\t\t<\/div>\n\t\t\t\t<\/div>\n\t\t\t\t<div class=\"elementor-element elementor-element-2c7d2f2 color-scheme-inherit text-left elementor-widget elementor-widget-text-editor\" data-id=\"2c7d2f2\" data-element_type=\"widget\" data-e-type=\"widget\" data-widget_type=\"text-editor.default\">\n\t\t\t\t<div class=\"elementor-widget-container\">\n\t\t\t\t\t\t\t\t\t\n<h2 class=\"wp-block-heading\">Variation:<\/h2>\n\n<p>Zxdoll.com kan ibland \u00e4ndra dessa villkor. De reviderade villkoren b\u00f6rjar fr\u00e5n och med publiceringsdatumet f\u00f6r de reviderade villkoren p\u00e5 denna webbplats. V\u00e4nligen kontrollera sidan regelbundet f\u00f6r att s\u00e4kerst\u00e4lla att du alltid \u00e4r bekant med de aktuella versionerna.<\/p>\n\t\t\t\t\t\t\t\t<\/div>\n\t\t\t\t<\/div>\n\t\t\t\t<div class=\"elementor-element elementor-element-e355b0c color-scheme-inherit text-left elementor-widget elementor-widget-text-editor\" data-id=\"e355b0c\" data-element_type=\"widget\" data-e-type=\"widget\" data-widget_type=\"text-editor.default\">\n\t\t\t\t<div class=\"elementor-widget-container\">\n\t\t\t\t\t\t\t\t\t\n<h2 class=\"wp-block-heading\">Avskiljbarhet:<\/h2>\n\n\n\n<p>Om en leverans av dessa villkor av en domstol eller brottsbek\u00e4mpande myndighet anses vara olaglig eller om\u00f6jlig att verkst\u00e4lla, kommer de andra kodicilerna att forts\u00e4tta att fungera. Om n\u00e5gon del av den bed\u00f6mdes vara ofunktionell eller olaglig, skulle den delen anses raderad men resten av best\u00e4mmelsen kommer fortfarande att vara i kraft.<\/p>\n\t\t\t\t\t\t\t\t<\/div>\n\t\t\t\t<\/div>\n\t\t\t\t<div class=\"elementor-element elementor-element-800a0e3 color-scheme-inherit text-left elementor-widget elementor-widget-text-editor\" data-id=\"800a0e3\" data-element_type=\"widget\" data-e-type=\"widget\" data-widget_type=\"text-editor.default\">\n\t\t\t\t<div class=\"elementor-widget-container\">\n\t\t\t\t\t\t\t\t\t\n<h2 class=\"wp-block-heading\">Lag och jurisdiktion:<\/h2>\n\n\n\n<p>Dessa anv\u00e4ndarvillkor och alla andra avtal som vi tillhandah\u00e5ller dig ska styras av och verkst\u00e4llas enligt lagarna i Storbritannien, och alla tvister ang\u00e5ende dessa villkor kommer nu att vara f\u00f6rem\u00e5l f\u00f6r de lokala domstolarnas s\u00e4rskilda jurisdiktion.<\/p>\n\t\t\t\t\t\t\t\t<\/div>\n\t\t\t\t<\/div>\n\t\t\t\t\t<\/div>\n\t\t<\/div>\n\t\t\t\t\t<\/div>\n\t\t<\/section>\n\t\t\t\t<\/div>","protected":false},"excerpt":{"rendered":"<p>\u00d6versikt F\u00f6ljande villkor styr din anv\u00e4ndning av denna webbplats. Genom att anv\u00e4nda webbplatsen kan du<\/p>","protected":false},"author":4,"featured_media":0,"parent":0,"menu_order":0,"comment_status":"closed","ping_status":"closed","template":"","meta":{"footnotes":""},"class_list":["post-8534","page","type-page","status-publish","hentry"],"_links":{"self":[{"href":"https:\/\/zxdoll.com\/sv\/wp-json\/wp\/v2\/pages\/8534","targetHints":{"allow":["GET"]}}],"collection":[{"href":"https:\/\/zxdoll.com\/sv\/wp-json\/wp\/v2\/pages"}],"about":[{"href":"https:\/\/zxdoll.com\/sv\/wp-json\/wp\/v2\/types\/page"}],"author":[{"embeddable":true,"href":"https:\/\/zxdoll.com\/sv\/wp-json\/wp\/v2\/users\/4"}],"replies":[{"embeddable":true,"href":"https:\/\/zxdoll.com\/sv\/wp-json\/wp\/v2\/comments?post=8534"}],"version-history":[{"count":1,"href":"https:\/\/zxdoll.com\/sv\/wp-json\/wp\/v2\/pages\/8534\/revisions"}],"predecessor-version":[{"id":155674,"href":"https:\/\/zxdoll.com\/sv\/wp-json\/wp\/v2\/pages\/8534\/revisions\/155674"}],"wp:attachment":[{"href":"https:\/\/zxdoll.com\/sv\/wp-json\/wp\/v2\/media?parent=8534"}],"curies":[{"name":"wp","href":"https:\/\/api.w.org\/{rel}","templated":true}]}}