{"id":43015,"date":"2023-04-17T01:33:10","date_gmt":"2023-04-16T17:33:10","guid":{"rendered":"https:\/\/zxdoll.com\/?post_type=product&#038;p=43015"},"modified":"2025-09-10T01:19:11","modified_gmt":"2025-09-09T17:19:11","slug":"perfect-small-body-entire-naked-sex-doll","status":"publish","type":"product","link":"https:\/\/zxdoll.com\/pl\/product\/perfect-small-body-entire-naked-sex-doll\/","title":{"rendered":"Idealna ma\u0142a lalka z ca\u0142ym nagim seksem Trudy 166 cm"},"content":{"rendered":"<h4><strong>Zdj\u0119cia lalek erotycznych<\/strong><\/h4>\n\t                <ul class=\"easy-image-gallery thumbnails-19 linked\">\r\n                    <li><a data-fancybox=\"gallery461\" href=\"https:\/\/zxdoll.com\/wp-content\/uploads\/2023\/04\/crac-dolls-6y7h1-533x800.jpg\" class=\"eig-popup\" title=\"\" data-caption=\"\" target=\"_blank\"><i class=\"icon-view\"><\/i><span class=\"overlay\"><\/span><img decoding=\"async\" width=\"150\" height=\"150\" src=\"https:\/\/zxdoll.com\/wp-content\/uploads\/2023\/04\/crac-dolls-6y7h1-150x150.jpg\" class=\"attachment-thumbnail size-thumbnail\" alt=\"\" title=\"\"><\/a><\/li><li><a data-fancybox=\"gallery461\" href=\"https:\/\/zxdoll.com\/wp-content\/uploads\/2023\/04\/crac-dolls-6y7h3-533x800.jpg\" class=\"eig-popup\" title=\"\" data-caption=\"\" target=\"_blank\"><i class=\"icon-view\"><\/i><span class=\"overlay\"><\/span><img decoding=\"async\" width=\"150\" height=\"150\" src=\"https:\/\/zxdoll.com\/wp-content\/uploads\/2023\/04\/crac-dolls-6y7h3-150x150.jpg\" class=\"attachment-thumbnail size-thumbnail\" alt=\"\" title=\"\"><\/a><\/li><li><a data-fancybox=\"gallery461\" href=\"https:\/\/zxdoll.com\/wp-content\/uploads\/2023\/04\/crac-dolls-6y7h4-533x800.jpg\" class=\"eig-popup\" title=\"\" data-caption=\"\" target=\"_blank\"><i class=\"icon-view\"><\/i><span class=\"overlay\"><\/span><img decoding=\"async\" width=\"150\" height=\"150\" src=\"https:\/\/zxdoll.com\/wp-content\/uploads\/2023\/04\/crac-dolls-6y7h4-150x150.jpg\" class=\"attachment-thumbnail size-thumbnail\" alt=\"\" title=\"\"><\/a><\/li><li><a data-fancybox=\"gallery461\" href=\"https:\/\/zxdoll.com\/wp-content\/uploads\/2023\/04\/crac-dolls-6y7h5-533x800.jpg\" class=\"eig-popup\" title=\"\" data-caption=\"\" target=\"_blank\"><i class=\"icon-view\"><\/i><span class=\"overlay\"><\/span><img loading=\"lazy\" decoding=\"async\" width=\"150\" height=\"150\" src=\"https:\/\/zxdoll.com\/wp-content\/uploads\/2023\/04\/crac-dolls-6y7h5-150x150.jpg\" class=\"attachment-thumbnail size-thumbnail\" alt=\"\" title=\"\"><\/a><\/li><li><a data-fancybox=\"gallery461\" href=\"https:\/\/zxdoll.com\/wp-content\/uploads\/2023\/04\/crac-dolls-6y7h6-533x800.jpg\" class=\"eig-popup\" title=\"\" data-caption=\"\" target=\"_blank\"><i class=\"icon-view\"><\/i><span class=\"overlay\"><\/span><img loading=\"lazy\" decoding=\"async\" width=\"150\" height=\"150\" src=\"https:\/\/zxdoll.com\/wp-content\/uploads\/2023\/04\/crac-dolls-6y7h6-150x150.jpg\" class=\"attachment-thumbnail size-thumbnail\" alt=\"\" title=\"\"><\/a><\/li><li><a data-fancybox=\"gallery461\" href=\"https:\/\/zxdoll.com\/wp-content\/uploads\/2023\/04\/crac-dolls-6y7h7.jpg\" class=\"eig-popup\" title=\"\" data-caption=\"\" target=\"_blank\"><i class=\"icon-view\"><\/i><span class=\"overlay\"><\/span><img loading=\"lazy\" decoding=\"async\" width=\"150\" height=\"150\" src=\"https:\/\/zxdoll.com\/wp-content\/uploads\/2023\/04\/crac-dolls-6y7h7-150x150.jpg\" class=\"attachment-thumbnail size-thumbnail\" alt=\"\" title=\"\"><\/a><\/li><li><a data-fancybox=\"gallery461\" href=\"https:\/\/zxdoll.com\/wp-content\/uploads\/2023\/04\/crac-dolls-6y7h8.jpg\" class=\"eig-popup\" title=\"\" data-caption=\"\" target=\"_blank\"><i class=\"icon-view\"><\/i><span class=\"overlay\"><\/span><img loading=\"lazy\" decoding=\"async\" width=\"150\" height=\"150\" src=\"https:\/\/zxdoll.com\/wp-content\/uploads\/2023\/04\/crac-dolls-6y7h8-150x150.jpg\" class=\"attachment-thumbnail size-thumbnail\" alt=\"\" title=\"\"><\/a><\/li><li><a data-fancybox=\"gallery461\" href=\"https:\/\/zxdoll.com\/wp-content\/uploads\/2023\/04\/crac-dolls-6y7h9.jpg\" class=\"eig-popup\" title=\"\" data-caption=\"\" target=\"_blank\"><i class=\"icon-view\"><\/i><span class=\"overlay\"><\/span><img loading=\"lazy\" decoding=\"async\" width=\"150\" height=\"150\" src=\"https:\/\/zxdoll.com\/wp-content\/uploads\/2023\/04\/crac-dolls-6y7h9-150x150.jpg\" class=\"attachment-thumbnail size-thumbnail\" alt=\"\" title=\"\"><\/a><\/li><li><a data-fancybox=\"gallery461\" href=\"https:\/\/zxdoll.com\/wp-content\/uploads\/2023\/04\/crac-dolls-6y7h10-533x800.jpg\" class=\"eig-popup\" title=\"\" data-caption=\"\" target=\"_blank\"><i class=\"icon-view\"><\/i><span class=\"overlay\"><\/span><img loading=\"lazy\" decoding=\"async\" width=\"150\" height=\"150\" src=\"https:\/\/zxdoll.com\/wp-content\/uploads\/2023\/04\/crac-dolls-6y7h10-150x150.jpg\" class=\"attachment-thumbnail size-thumbnail\" alt=\"\" title=\"\"><\/a><\/li><li><a data-fancybox=\"gallery461\" href=\"https:\/\/zxdoll.com\/wp-content\/uploads\/2023\/04\/crac-dolls-6y7h11.jpg\" class=\"eig-popup\" title=\"\" data-caption=\"\" target=\"_blank\"><i class=\"icon-view\"><\/i><span class=\"overlay\"><\/span><img loading=\"lazy\" decoding=\"async\" width=\"150\" height=\"150\" src=\"https:\/\/zxdoll.com\/wp-content\/uploads\/2023\/04\/crac-dolls-6y7h11-150x150.jpg\" class=\"attachment-thumbnail size-thumbnail\" alt=\"\" title=\"\"><\/a><\/li><li><a data-fancybox=\"gallery461\" href=\"https:\/\/zxdoll.com\/wp-content\/uploads\/2023\/04\/crac-dolls-6y7h12.jpg\" class=\"eig-popup\" title=\"\" data-caption=\"\" target=\"_blank\"><i class=\"icon-view\"><\/i><span class=\"overlay\"><\/span><img loading=\"lazy\" decoding=\"async\" width=\"150\" height=\"150\" src=\"https:\/\/zxdoll.com\/wp-content\/uploads\/2023\/04\/crac-dolls-6y7h12-150x150.jpg\" class=\"attachment-thumbnail size-thumbnail\" alt=\"\" title=\"\"><\/a><\/li><li><a data-fancybox=\"gallery461\" href=\"https:\/\/zxdoll.com\/wp-content\/uploads\/2023\/04\/crac-dolls-6y7h13.jpg\" class=\"eig-popup\" title=\"\" data-caption=\"\" target=\"_blank\"><i class=\"icon-view\"><\/i><span class=\"overlay\"><\/span><img loading=\"lazy\" decoding=\"async\" width=\"150\" height=\"150\" src=\"https:\/\/zxdoll.com\/wp-content\/uploads\/2023\/04\/crac-dolls-6y7h13-150x150.jpg\" class=\"attachment-thumbnail size-thumbnail\" alt=\"\" title=\"\"><\/a><\/li><li><a data-fancybox=\"gallery461\" href=\"https:\/\/zxdoll.com\/wp-content\/uploads\/2023\/04\/crac-dolls-6y7h14-533x800.jpg\" class=\"eig-popup\" title=\"\" data-caption=\"\" target=\"_blank\"><i class=\"icon-view\"><\/i><span class=\"overlay\"><\/span><img loading=\"lazy\" decoding=\"async\" width=\"150\" height=\"150\" src=\"https:\/\/zxdoll.com\/wp-content\/uploads\/2023\/04\/crac-dolls-6y7h14-150x150.jpg\" class=\"attachment-thumbnail size-thumbnail\" alt=\"\" title=\"\"><\/a><\/li><li><a data-fancybox=\"gallery461\" href=\"https:\/\/zxdoll.com\/wp-content\/uploads\/2023\/04\/crac-dolls-6y7h15.jpg\" class=\"eig-popup\" title=\"\" data-caption=\"\" target=\"_blank\"><i class=\"icon-view\"><\/i><span class=\"overlay\"><\/span><img loading=\"lazy\" decoding=\"async\" width=\"150\" height=\"150\" src=\"https:\/\/zxdoll.com\/wp-content\/uploads\/2023\/04\/crac-dolls-6y7h15-150x150.jpg\" class=\"attachment-thumbnail size-thumbnail\" alt=\"\" title=\"\"><\/a><\/li><li><a data-fancybox=\"gallery461\" href=\"https:\/\/zxdoll.com\/wp-content\/uploads\/2023\/04\/crac-dolls-6y7h16.jpg\" class=\"eig-popup\" title=\"\" data-caption=\"\" target=\"_blank\"><i class=\"icon-view\"><\/i><span class=\"overlay\"><\/span><img loading=\"lazy\" decoding=\"async\" width=\"150\" height=\"150\" src=\"https:\/\/zxdoll.com\/wp-content\/uploads\/2023\/04\/crac-dolls-6y7h16-150x150.jpg\" class=\"attachment-thumbnail size-thumbnail\" alt=\"\" title=\"\"><\/a><\/li><li><a data-fancybox=\"gallery461\" href=\"https:\/\/zxdoll.com\/wp-content\/uploads\/2023\/04\/crac-dolls-6y7h17.jpg\" class=\"eig-popup\" title=\"\" data-caption=\"\" target=\"_blank\"><i class=\"icon-view\"><\/i><span class=\"overlay\"><\/span><img loading=\"lazy\" decoding=\"async\" width=\"150\" height=\"150\" src=\"https:\/\/zxdoll.com\/wp-content\/uploads\/2023\/04\/crac-dolls-6y7h17-150x150.jpg\" class=\"attachment-thumbnail size-thumbnail\" alt=\"\" title=\"\"><\/a><\/li><li><a data-fancybox=\"gallery461\" href=\"https:\/\/zxdoll.com\/wp-content\/uploads\/2023\/04\/crac-dolls-6y7h18.jpg\" class=\"eig-popup\" title=\"\" data-caption=\"\" target=\"_blank\"><i class=\"icon-view\"><\/i><span class=\"overlay\"><\/span><img loading=\"lazy\" decoding=\"async\" width=\"150\" height=\"150\" src=\"https:\/\/zxdoll.com\/wp-content\/uploads\/2023\/04\/crac-dolls-6y7h18-150x150.jpg\" class=\"attachment-thumbnail size-thumbnail\" alt=\"\" title=\"\"><\/a><\/li><li><a data-fancybox=\"gallery461\" href=\"https:\/\/zxdoll.com\/wp-content\/uploads\/2023\/04\/crac-dolls-6y7h19-533x800.jpg\" class=\"eig-popup\" title=\"\" data-caption=\"\" target=\"_blank\"><i class=\"icon-view\"><\/i><span class=\"overlay\"><\/span><img loading=\"lazy\" decoding=\"async\" width=\"150\" height=\"150\" src=\"https:\/\/zxdoll.com\/wp-content\/uploads\/2023\/04\/crac-dolls-6y7h19-150x150.jpg\" class=\"attachment-thumbnail size-thumbnail\" alt=\"\" title=\"\"><\/a><\/li><li><a data-fancybox=\"gallery461\" href=\"https:\/\/zxdoll.com\/wp-content\/uploads\/2023\/04\/crac-dolls-6y7h20-533x800.jpg\" class=\"eig-popup\" title=\"\" data-caption=\"\" target=\"_blank\"><i class=\"icon-view\"><\/i><span class=\"overlay\"><\/span><img loading=\"lazy\" decoding=\"async\" width=\"150\" height=\"150\" src=\"https:\/\/zxdoll.com\/wp-content\/uploads\/2023\/04\/crac-dolls-6y7h20-150x150.jpg\" class=\"attachment-thumbnail size-thumbnail\" alt=\"\" title=\"\"><\/a><\/li><\/ul>\n<h4>Tabele rozmiar\u00f3w<\/h4>\n<table width=\"292\">\n<tbody>\n<tr>\n<td width=\"153\">Materia\u0142<\/td>\n<td width=\"139\">TPE<\/td>\n<\/tr>\n<tr>\n<td>Wysoko\u015b\u0107<\/td>\n<td>166 cm<\/td>\n<\/tr>\n<tr>\n<td>Linia piersi<\/td>\n<td>80cm<\/td>\n<\/tr>\n<tr>\n<td>Linia talii<\/td>\n<td>57,5 cm<\/td>\n<\/tr>\n<tr>\n<td>Linia bioder<\/td>\n<td>87cm<\/td>\n<\/tr>\n<tr>\n<td>Szeroko\u015b\u0107 ramienia<\/td>\n<td>38 cm<\/td>\n<\/tr>\n<tr>\n<td>D\u0142ugo\u015b\u0107 ramienia<\/td>\n<td>67 cm<\/td>\n<\/tr>\n<tr>\n<td>D\u0142ugo\u015b\u0107 n\u00f3g<\/td>\n<td>104 cm<\/td>\n<\/tr>\n<tr>\n<td>Rozmiar stopy<\/td>\n<td>21cm<\/td>\n<\/tr>\n<tr>\n<td>Linia uda<\/td>\n<td>46cm<\/td>\n<\/tr>\n<tr>\n<td>Linia \u0142ydek<\/td>\n<td>30cm<\/td>\n<\/tr>\n<tr>\n<td>Waga netto<\/td>\n<td>37kg<\/td>\n<\/tr>\n<tr>\n<td>G\u0142\u0119bia jamy ustnej<\/td>\n<td>13 cm<\/td>\n<\/tr>\n<tr>\n<td>G\u0142\u0119boko\u015b\u0107 pochwy<\/td>\n<td>18 cm<\/td>\n<\/tr>\n<tr>\n<td>G\u0142\u0119boko\u015b\u0107 odbytu<\/td>\n<td>16cm<\/td>\n<\/tr>\n<\/tbody>\n<\/table>\n<h4>O Sex Doll<\/h4>\n<p>Jest co\u015b w kobiecie w mundurze, co co\u015b z nami robi. Mimo to, je\u015bli wolisz seks lalk\u0119 nago, mo\u017cesz bardzo szybko zdj\u0105\u0107 str\u00f3j tej \u0142adnej dziewczyny. Je\u015bli kiedykolwiek protekcjonowa\u0142e\u015b lalk\u0119 mi\u0142o\u015bci France lub podoba ci si\u0119 wygl\u0105d drobnej lalki erotycznej przed tob\u0105, pokochasz ca\u0142\u0105 t\u0119 lini\u0119 lalek erotycznych.<\/p>\n<p>Urocze, u\u015bmiechni\u0119te twarze i idealne ma\u0142e cia\u0142ko, te silikonowe lalki s\u0105 idealne, a ona szczeg\u00f3lnie. Z parysk\u0105 atmosfer\u0105, ta lalka mi\u0142osna pojawia si\u0119 w wielu filmach hentai z lalkami, a je\u015bli nigdy nie uprawia\u0142e\u015b seksu z lalk\u0105 porno, to na pewno nie uprawia\u0142e\u015b seksu.<\/p>\n<p>Mo\u017cesz powoli zsun\u0105\u0107 jej mundurek, rozwi\u0105za\u0107 krawat i rozpi\u0105\u0107 koszul\u0119. Im wolniej, tym lepiej. Mo\u017cesz uwie\u015b\u0107 swoj\u0105 lalk\u0119 mi\u0142o\u015bci i \u0107wiczy\u0107 na niej wszystkie swoje ruchy. Jest napalona, gor\u0105ca i g\u0142odna ciebie. Nie zaspokoisz jej?<\/p>\n<p>Jest bardzo dobra w przyjmowaniu wielu pozycji, sk\u0142adaniu pod r\u00f3\u017cnymi k\u0105tami i przyjmowaniu wszystkich uderze\u0144. Nie musisz si\u0119 martwi\u0107 o podgrzanie swojej lalki mi\u0142osnej tpe. Wyposa\u017cona jest we wk\u0142adk\u0119 grzewcz\u0105, dzi\u0119ki czemu mo\u017cna j\u0105 ogrza\u0107.<\/p>\n<p>Je\u015bli jeste\u015b we Francji, sprawd\u017a Love Doll France dla swojej lalki erotycznej Homme, doll adulte, \u00e9t poupee sex doll. Nie po\u017ca\u0142ujesz.<\/p>","protected":false},"excerpt":{"rendered":"<p>Sex Doll Obrazy Tabele rozmiar\u00f3w Materia\u0142 TPE Wysoko\u015b\u0107 166 cm Linia piersi 80 cm Linia talii 57,5 cm Linia bioder 87 cm Szeroko\u015b\u0107 ramion<\/p>","protected":false},"featured_media":43034,"comment_status":"open","ping_status":"closed","template":"","meta":[],"product_brand":[],"product_cat":[119,75,230,80,102,107,117],"product_tag":[],"class_list":{"0":"post-43015","1":"product","2":"type-product","3":"status-publish","4":"has-post-thumbnail","6":"product_cat-tpe-sex-doll","7":"product_cat-160cm-170cm-sex-dolls","8":"product_cat-36kg-40kg","9":"product_cat-asian-sex-doll","10":"product_cat-fantasy-sex-dolls","11":"product_cat-skinny-sex-dolls","12":"product_cat-small-breast-sex-doll","13":"pa_brand-fire-doll","14":"tm-has-options","16":"first","17":"instock","18":"sale","19":"shipping-taxable","20":"purchasable","21":"product-type-simple"},"_links":{"self":[{"href":"https:\/\/zxdoll.com\/pl\/wp-json\/wp\/v2\/product\/43015","targetHints":{"allow":["GET"]}}],"collection":[{"href":"https:\/\/zxdoll.com\/pl\/wp-json\/wp\/v2\/product"}],"about":[{"href":"https:\/\/zxdoll.com\/pl\/wp-json\/wp\/v2\/types\/product"}],"replies":[{"embeddable":true,"href":"https:\/\/zxdoll.com\/pl\/wp-json\/wp\/v2\/comments?post=43015"}],"version-history":[{"count":1,"href":"https:\/\/zxdoll.com\/pl\/wp-json\/wp\/v2\/product\/43015\/revisions"}],"predecessor-version":[{"id":101672,"href":"https:\/\/zxdoll.com\/pl\/wp-json\/wp\/v2\/product\/43015\/revisions\/101672"}],"wp:featuredmedia":[{"embeddable":true,"href":"https:\/\/zxdoll.com\/pl\/wp-json\/wp\/v2\/media\/43034"}],"wp:attachment":[{"href":"https:\/\/zxdoll.com\/pl\/wp-json\/wp\/v2\/media?parent=43015"}],"wp:term":[{"taxonomy":"product_brand","embeddable":true,"href":"https:\/\/zxdoll.com\/pl\/wp-json\/wp\/v2\/product_brand?post=43015"},{"taxonomy":"product_cat","embeddable":true,"href":"https:\/\/zxdoll.com\/pl\/wp-json\/wp\/v2\/product_cat?post=43015"},{"taxonomy":"product_tag","embeddable":true,"href":"https:\/\/zxdoll.com\/pl\/wp-json\/wp\/v2\/product_tag?post=43015"}],"curies":[{"name":"wp","href":"https:\/\/api.w.org\/{rel}","templated":true}]}}