{"id":42218,"date":"2023-04-15T04:44:25","date_gmt":"2023-04-14T20:44:25","guid":{"rendered":"https:\/\/zxdoll.com\/?post_type=product&#038;p=42218"},"modified":"2025-09-10T01:10:06","modified_gmt":"2025-09-09T17:10:06","slug":"beautiful-artificial-intelligence-sex-dolls-for-men","status":"publish","type":"product","link":"https:\/\/zxdoll.com\/pl\/product\/beautiful-artificial-intelligence-sex-dolls-for-men\/","title":{"rendered":"Pi\u0119kne lalki erotyczne ze sztuczn\u0105 inteligencj\u0105 dla m\u0119\u017cczyzn Leanora 158 cm"},"content":{"rendered":"<h4><strong>Zdj\u0119cia lalek erotycznych<\/strong><\/h4>\n\t                <ul class=\"easy-image-gallery thumbnails-19 linked\">\r\n                    <li><a data-fancybox=\"gallery380\" href=\"https:\/\/zxdoll.com\/wp-content\/uploads\/2023\/04\/strapon-dolls-4e5v2-533x800.jpg\" class=\"eig-popup\" title=\"\" data-caption=\"\" target=\"_blank\"><i class=\"icon-view\"><\/i><span class=\"overlay\"><\/span><img decoding=\"async\" width=\"150\" height=\"150\" src=\"https:\/\/zxdoll.com\/wp-content\/uploads\/2023\/04\/strapon-dolls-4e5v2-150x150.jpg\" class=\"attachment-thumbnail size-thumbnail\" alt=\"\" title=\"\"><\/a><\/li><li><a data-fancybox=\"gallery380\" href=\"https:\/\/zxdoll.com\/wp-content\/uploads\/2023\/04\/strapon-dolls-4e5v3-533x800.jpg\" class=\"eig-popup\" title=\"\" data-caption=\"\" target=\"_blank\"><i class=\"icon-view\"><\/i><span class=\"overlay\"><\/span><img decoding=\"async\" width=\"150\" height=\"150\" src=\"https:\/\/zxdoll.com\/wp-content\/uploads\/2023\/04\/strapon-dolls-4e5v3-150x150.jpg\" class=\"attachment-thumbnail size-thumbnail\" alt=\"\" title=\"\"><\/a><\/li><li><a data-fancybox=\"gallery380\" href=\"https:\/\/zxdoll.com\/wp-content\/uploads\/2023\/04\/strapon-dolls-4e5v5-520x800.jpg\" class=\"eig-popup\" title=\"\" data-caption=\"\" target=\"_blank\"><i class=\"icon-view\"><\/i><span class=\"overlay\"><\/span><img decoding=\"async\" width=\"150\" height=\"150\" src=\"https:\/\/zxdoll.com\/wp-content\/uploads\/2023\/04\/strapon-dolls-4e5v5-150x150.jpg\" class=\"attachment-thumbnail size-thumbnail\" alt=\"\" title=\"\"><\/a><\/li><li><a data-fancybox=\"gallery380\" href=\"https:\/\/zxdoll.com\/wp-content\/uploads\/2023\/04\/strapon-dolls-4e5v7-533x800.jpg\" class=\"eig-popup\" title=\"\" data-caption=\"\" target=\"_blank\"><i class=\"icon-view\"><\/i><span class=\"overlay\"><\/span><img loading=\"lazy\" decoding=\"async\" width=\"150\" height=\"150\" src=\"https:\/\/zxdoll.com\/wp-content\/uploads\/2023\/04\/strapon-dolls-4e5v7-150x150.jpg\" class=\"attachment-thumbnail size-thumbnail\" alt=\"\" title=\"\"><\/a><\/li><li><a data-fancybox=\"gallery380\" href=\"https:\/\/zxdoll.com\/wp-content\/uploads\/2023\/04\/strapon-dolls-4e5v8-523x800.jpg\" class=\"eig-popup\" title=\"\" data-caption=\"\" target=\"_blank\"><i class=\"icon-view\"><\/i><span class=\"overlay\"><\/span><img loading=\"lazy\" decoding=\"async\" width=\"150\" height=\"150\" src=\"https:\/\/zxdoll.com\/wp-content\/uploads\/2023\/04\/strapon-dolls-4e5v8-150x150.jpg\" class=\"attachment-thumbnail size-thumbnail\" alt=\"\" title=\"\"><\/a><\/li><li><a data-fancybox=\"gallery380\" href=\"https:\/\/zxdoll.com\/wp-content\/uploads\/2023\/04\/strapon-dolls-4e5v9-533x800.jpg\" class=\"eig-popup\" title=\"\" data-caption=\"\" target=\"_blank\"><i class=\"icon-view\"><\/i><span class=\"overlay\"><\/span><img loading=\"lazy\" decoding=\"async\" width=\"150\" height=\"150\" src=\"https:\/\/zxdoll.com\/wp-content\/uploads\/2023\/04\/strapon-dolls-4e5v9-150x150.jpg\" class=\"attachment-thumbnail size-thumbnail\" alt=\"\" title=\"\"><\/a><\/li><li><a data-fancybox=\"gallery380\" href=\"https:\/\/zxdoll.com\/wp-content\/uploads\/2023\/04\/strapon-dolls-4e5v10-533x800.jpg\" class=\"eig-popup\" title=\"\" data-caption=\"\" target=\"_blank\"><i class=\"icon-view\"><\/i><span class=\"overlay\"><\/span><img loading=\"lazy\" decoding=\"async\" width=\"150\" height=\"150\" src=\"https:\/\/zxdoll.com\/wp-content\/uploads\/2023\/04\/strapon-dolls-4e5v10-150x150.jpg\" class=\"attachment-thumbnail size-thumbnail\" alt=\"\" title=\"\"><\/a><\/li><li><a data-fancybox=\"gallery380\" href=\"https:\/\/zxdoll.com\/wp-content\/uploads\/2023\/04\/strapon-dolls-4e5v11-533x800.jpg\" class=\"eig-popup\" title=\"\" data-caption=\"\" target=\"_blank\"><i class=\"icon-view\"><\/i><span class=\"overlay\"><\/span><img loading=\"lazy\" decoding=\"async\" width=\"150\" height=\"150\" src=\"https:\/\/zxdoll.com\/wp-content\/uploads\/2023\/04\/strapon-dolls-4e5v11-150x150.jpg\" class=\"attachment-thumbnail size-thumbnail\" alt=\"\" title=\"\"><\/a><\/li><li><a data-fancybox=\"gallery380\" href=\"https:\/\/zxdoll.com\/wp-content\/uploads\/2023\/04\/strapon-dolls-4e5v12-533x800.jpg\" class=\"eig-popup\" title=\"\" data-caption=\"\" target=\"_blank\"><i class=\"icon-view\"><\/i><span class=\"overlay\"><\/span><img loading=\"lazy\" decoding=\"async\" width=\"150\" height=\"150\" src=\"https:\/\/zxdoll.com\/wp-content\/uploads\/2023\/04\/strapon-dolls-4e5v12-150x150.jpg\" class=\"attachment-thumbnail size-thumbnail\" alt=\"\" title=\"\"><\/a><\/li><li><a data-fancybox=\"gallery380\" href=\"https:\/\/zxdoll.com\/wp-content\/uploads\/2023\/04\/strapon-dolls-4e5v13-533x800.jpg\" class=\"eig-popup\" title=\"\" data-caption=\"\" target=\"_blank\"><i class=\"icon-view\"><\/i><span class=\"overlay\"><\/span><img loading=\"lazy\" decoding=\"async\" width=\"150\" height=\"150\" src=\"https:\/\/zxdoll.com\/wp-content\/uploads\/2023\/04\/strapon-dolls-4e5v13-150x150.jpg\" class=\"attachment-thumbnail size-thumbnail\" alt=\"\" title=\"\"><\/a><\/li><li><a data-fancybox=\"gallery380\" href=\"https:\/\/zxdoll.com\/wp-content\/uploads\/2023\/04\/strapon-dolls-4e5v14-533x800.jpg\" class=\"eig-popup\" title=\"\" data-caption=\"\" target=\"_blank\"><i class=\"icon-view\"><\/i><span class=\"overlay\"><\/span><img loading=\"lazy\" decoding=\"async\" width=\"150\" height=\"150\" src=\"https:\/\/zxdoll.com\/wp-content\/uploads\/2023\/04\/strapon-dolls-4e5v14-150x150.jpg\" class=\"attachment-thumbnail size-thumbnail\" alt=\"\" title=\"\"><\/a><\/li><li><a data-fancybox=\"gallery380\" href=\"https:\/\/zxdoll.com\/wp-content\/uploads\/2023\/04\/strapon-dolls-4e5v15-533x800.jpg\" class=\"eig-popup\" title=\"\" data-caption=\"\" target=\"_blank\"><i class=\"icon-view\"><\/i><span class=\"overlay\"><\/span><img loading=\"lazy\" decoding=\"async\" width=\"150\" height=\"150\" src=\"https:\/\/zxdoll.com\/wp-content\/uploads\/2023\/04\/strapon-dolls-4e5v15-150x150.jpg\" class=\"attachment-thumbnail size-thumbnail\" alt=\"\" title=\"\"><\/a><\/li><li><a data-fancybox=\"gallery380\" href=\"https:\/\/zxdoll.com\/wp-content\/uploads\/2023\/04\/strapon-dolls-4e5v16-533x800.jpg\" class=\"eig-popup\" title=\"\" data-caption=\"\" target=\"_blank\"><i class=\"icon-view\"><\/i><span class=\"overlay\"><\/span><img loading=\"lazy\" decoding=\"async\" width=\"150\" height=\"150\" src=\"https:\/\/zxdoll.com\/wp-content\/uploads\/2023\/04\/strapon-dolls-4e5v16-150x150.jpg\" class=\"attachment-thumbnail size-thumbnail\" alt=\"\" title=\"\"><\/a><\/li><li><a data-fancybox=\"gallery380\" href=\"https:\/\/zxdoll.com\/wp-content\/uploads\/2023\/04\/strapon-dolls-4e5v17-533x800.jpg\" class=\"eig-popup\" title=\"\" data-caption=\"\" target=\"_blank\"><i class=\"icon-view\"><\/i><span class=\"overlay\"><\/span><img loading=\"lazy\" decoding=\"async\" width=\"150\" height=\"150\" src=\"https:\/\/zxdoll.com\/wp-content\/uploads\/2023\/04\/strapon-dolls-4e5v17-150x150.jpg\" class=\"attachment-thumbnail size-thumbnail\" alt=\"\" title=\"\"><\/a><\/li><li><a data-fancybox=\"gallery380\" href=\"https:\/\/zxdoll.com\/wp-content\/uploads\/2023\/04\/strapon-dolls-4e5v18-533x800.jpg\" class=\"eig-popup\" title=\"\" data-caption=\"\" target=\"_blank\"><i class=\"icon-view\"><\/i><span class=\"overlay\"><\/span><img loading=\"lazy\" decoding=\"async\" width=\"150\" height=\"150\" src=\"https:\/\/zxdoll.com\/wp-content\/uploads\/2023\/04\/strapon-dolls-4e5v18-150x150.jpg\" class=\"attachment-thumbnail size-thumbnail\" alt=\"\" title=\"\"><\/a><\/li><li><a data-fancybox=\"gallery380\" href=\"https:\/\/zxdoll.com\/wp-content\/uploads\/2023\/04\/strapon-dolls-4e5v20-533x800.jpg\" class=\"eig-popup\" title=\"\" data-caption=\"\" target=\"_blank\"><i class=\"icon-view\"><\/i><span class=\"overlay\"><\/span><img loading=\"lazy\" decoding=\"async\" width=\"150\" height=\"150\" src=\"https:\/\/zxdoll.com\/wp-content\/uploads\/2023\/04\/strapon-dolls-4e5v20-150x150.jpg\" class=\"attachment-thumbnail size-thumbnail\" alt=\"\" title=\"\"><\/a><\/li><li><a data-fancybox=\"gallery380\" href=\"https:\/\/zxdoll.com\/wp-content\/uploads\/2023\/04\/strapon-dolls-4e5v21-523x800.jpg\" class=\"eig-popup\" title=\"\" data-caption=\"\" target=\"_blank\"><i class=\"icon-view\"><\/i><span class=\"overlay\"><\/span><img loading=\"lazy\" decoding=\"async\" width=\"150\" height=\"150\" src=\"https:\/\/zxdoll.com\/wp-content\/uploads\/2023\/04\/strapon-dolls-4e5v21-150x150.jpg\" class=\"attachment-thumbnail size-thumbnail\" alt=\"\" title=\"\"><\/a><\/li><li><a data-fancybox=\"gallery380\" href=\"https:\/\/zxdoll.com\/wp-content\/uploads\/2023\/04\/strapon-dolls-4e5v22-533x800.jpg\" class=\"eig-popup\" title=\"\" data-caption=\"\" target=\"_blank\"><i class=\"icon-view\"><\/i><span class=\"overlay\"><\/span><img loading=\"lazy\" decoding=\"async\" width=\"150\" height=\"150\" src=\"https:\/\/zxdoll.com\/wp-content\/uploads\/2023\/04\/strapon-dolls-4e5v22-150x150.jpg\" class=\"attachment-thumbnail size-thumbnail\" alt=\"\" title=\"\"><\/a><\/li><li><a data-fancybox=\"gallery380\" href=\"https:\/\/zxdoll.com\/wp-content\/uploads\/2023\/04\/strapon-dolls-4e5v24-533x800.jpg\" class=\"eig-popup\" title=\"\" data-caption=\"\" target=\"_blank\"><i class=\"icon-view\"><\/i><span class=\"overlay\"><\/span><img loading=\"lazy\" decoding=\"async\" width=\"150\" height=\"150\" src=\"https:\/\/zxdoll.com\/wp-content\/uploads\/2023\/04\/strapon-dolls-4e5v24-150x150.jpg\" class=\"attachment-thumbnail size-thumbnail\" alt=\"\" title=\"\"><\/a><\/li><\/ul>\n<h4>Tabele rozmiar\u00f3w<\/h4>\n<table width=\"292\">\n<tbody>\n<tr>\n<td width=\"153\">Materia\u0142<\/td>\n<td width=\"139\">TPE<\/td>\n<\/tr>\n<tr>\n<td>Wysoko\u015b\u0107<\/td>\n<td>158 cm<\/td>\n<\/tr>\n<tr>\n<td>Linia piersi<\/td>\n<td>85 cm<\/td>\n<\/tr>\n<tr>\n<td>Linia talii<\/td>\n<td>60 cm<\/td>\n<\/tr>\n<tr>\n<td>Linia bioder<\/td>\n<td>85 cm<\/td>\n<\/tr>\n<tr>\n<td>Szeroko\u015b\u0107 ramienia<\/td>\n<td>36cm<\/td>\n<\/tr>\n<tr>\n<td>D\u0142ugo\u015b\u0107 ramienia<\/td>\n<td>65cm<\/td>\n<\/tr>\n<tr>\n<td>D\u0142ugo\u015b\u0107 n\u00f3g<\/td>\n<td>94cm<\/td>\n<\/tr>\n<tr>\n<td>Rozmiar stopy<\/td>\n<td>22cm<\/td>\n<\/tr>\n<tr>\n<td>Linia uda<\/td>\n<td>48cm<\/td>\n<\/tr>\n<tr>\n<td>Linia \u0142ydek<\/td>\n<td>28 cm<\/td>\n<\/tr>\n<tr>\n<td>Waga netto<\/td>\n<td>35kg<\/td>\n<\/tr>\n<tr>\n<td>G\u0142\u0119bia jamy ustnej<\/td>\n<td>13 cm<\/td>\n<\/tr>\n<tr>\n<td>G\u0142\u0119boko\u015b\u0107 pochwy<\/td>\n<td>18 cm<\/td>\n<\/tr>\n<tr>\n<td>G\u0142\u0119boko\u015b\u0107 odbytu<\/td>\n<td>16cm<\/td>\n<\/tr>\n<\/tbody>\n<\/table>\n<h4>O Sex Doll<\/h4>\n<p>Czy Twoja lokalizacja jest gdzie\u015b w pobli\u017cu prawdziwej lalki we Francji? Wejd\u017a i sprawd\u017a nasze nowe lalki erotyczne. Ta osza\u0142amiaj\u0105co pi\u0119kna brunetka jest jedyna w swoim rodzaju i nie mo\u017cesz przesta\u0107 si\u0119 na ni\u0105 gapi\u0107. Prawdziwa lalka erotyczna naturalnej wielko\u015bci ma ma\u0142\u0105 twarz, kt\u00f3ra pasuje do jej idealnego cia\u0142a \u015bredniej wielko\u015bci. Seksowna twarz lalki jest bardzo przyjemna dla oka, jasna i pe\u0142na zapa\u0142u, z uroczym rumie\u0144cem.<\/p>\n<p>Zosta\u0142a starannie wykonana i bardzo szczeg\u00f3\u0142owa, od por\u00f3w po \u0142o\u017cysko paznokcia. Robotyczna lalka erotyczna jest ubrana w sweter i na pierwszy rzut oka nie wydaje si\u0119 zbyt du\u017ca. Ale je\u015bli spojrzysz na ni\u0105 wystarczaj\u0105co d\u0142ugo, mo\u017cesz zgodzi\u0107 si\u0119, \u017ce lalki erotyczne ze sztuczn\u0105 inteligencj\u0105 s\u0105 najlepsze.<\/p>\n<p>Seksapil tej lalki mo\u017ce by\u0107 wysoki, ale tak samo jak jej IQ, i jest w stanie przeprowadzi\u0107 z tob\u0105 skomplikowan\u0105 rozmow\u0119 poza sypialni\u0105. lalki erotyczne dla doros\u0142ych ruchaj\u0105 si\u0119 jak profesjonali\u015bci i musi to mie\u0107 co\u015b wsp\u00f3lnego z ich m\u0142odo\u015bci\u0105. Lalek erotycznych Cat Doll nie mo\u017cna nawet por\u00f3wna\u0107.<\/p>\n<p>Ta lalka mi\u0142o\u015bci jest dost\u0119pna wsz\u0119dzie tam, gdzie maj\u0105 na sprzeda\u017c m\u0119skie lalki bjd, a ona jest r\u00f3wnie\u017c lalk\u0105 j\u0119cz\u0105c\u0105 i jest w stanie j\u0119cze\u0107 w czasie twoich uderze\u0144. Potrafi r\u00f3wnie\u017c replikowa\u0107 wi\u0119kszo\u015b\u0107 pozycji seksualnych na \u017c\u0105danie. Co wiecej?<\/p>","protected":false},"excerpt":{"rendered":"<p>Sex Doll Obrazy Tabele rozmiar\u00f3w Materia\u0142 TPE Wysoko\u015b\u0107 158 cm Linia piersi 85 cm Linia talii 60 cm Linia bioder 85 cm Szeroko\u015b\u0107 ramion<\/p>","protected":false},"featured_media":42232,"comment_status":"open","ping_status":"closed","template":"","meta":[],"product_brand":[],"product_cat":[119,112,229,116,115,102],"product_tag":[],"class_list":{"0":"post-42218","1":"product","2":"type-product","3":"status-publish","4":"has-post-thumbnail","6":"product_cat-tpe-sex-doll","7":"product_cat-150cm-159cm-sex-dolls","8":"product_cat-31kg-35kg","9":"product_cat-big-boobs-sex-doll","10":"product_cat-big-booty-sex-doll","11":"product_cat-fantasy-sex-dolls","12":"pa_brand-fire-doll","13":"tm-has-options","15":"first","16":"instock","17":"sale","18":"shipping-taxable","19":"purchasable","20":"product-type-simple"},"_links":{"self":[{"href":"https:\/\/zxdoll.com\/pl\/wp-json\/wp\/v2\/product\/42218","targetHints":{"allow":["GET"]}}],"collection":[{"href":"https:\/\/zxdoll.com\/pl\/wp-json\/wp\/v2\/product"}],"about":[{"href":"https:\/\/zxdoll.com\/pl\/wp-json\/wp\/v2\/types\/product"}],"replies":[{"embeddable":true,"href":"https:\/\/zxdoll.com\/pl\/wp-json\/wp\/v2\/comments?post=42218"}],"version-history":[{"count":3,"href":"https:\/\/zxdoll.com\/pl\/wp-json\/wp\/v2\/product\/42218\/revisions"}],"predecessor-version":[{"id":155414,"href":"https:\/\/zxdoll.com\/pl\/wp-json\/wp\/v2\/product\/42218\/revisions\/155414"}],"wp:featuredmedia":[{"embeddable":true,"href":"https:\/\/zxdoll.com\/pl\/wp-json\/wp\/v2\/media\/42232"}],"wp:attachment":[{"href":"https:\/\/zxdoll.com\/pl\/wp-json\/wp\/v2\/media?parent=42218"}],"wp:term":[{"taxonomy":"product_brand","embeddable":true,"href":"https:\/\/zxdoll.com\/pl\/wp-json\/wp\/v2\/product_brand?post=42218"},{"taxonomy":"product_cat","embeddable":true,"href":"https:\/\/zxdoll.com\/pl\/wp-json\/wp\/v2\/product_cat?post=42218"},{"taxonomy":"product_tag","embeddable":true,"href":"https:\/\/zxdoll.com\/pl\/wp-json\/wp\/v2\/product_tag?post=42218"}],"curies":[{"name":"wp","href":"https:\/\/api.w.org\/{rel}","templated":true}]}}