{"id":41530,"date":"2023-04-14T04:52:03","date_gmt":"2023-04-13T20:52:03","guid":{"rendered":"https:\/\/zxdoll.com\/?post_type=product&#038;p=41530"},"modified":"2025-09-10T00:55:02","modified_gmt":"2025-09-09T16:55:02","slug":"customizable-realistic-life-size-female-dolls","status":"publish","type":"product","link":"https:\/\/zxdoll.com\/pl\/product\/customizable-realistic-life-size-female-dolls\/","title":{"rendered":"Konfigurowalne realistyczne kobiece lalki naturalnej wielko\u015bci Ilene 145 cm"},"content":{"rendered":"<h4><strong>Zdj\u0119cia lalek erotycznych<\/strong><\/h4>\n\t                <ul class=\"easy-image-gallery thumbnails-17 linked\">\r\n                    <li><a data-fancybox=\"gallery308\" href=\"https:\/\/zxdoll.com\/wp-content\/uploads\/2023\/04\/realdoll-fuck-7u8i1-533x800.jpg\" class=\"eig-popup\" title=\"\" data-caption=\"\" target=\"_blank\"><i class=\"icon-view\"><\/i><span class=\"overlay\"><\/span><img decoding=\"async\" width=\"150\" height=\"150\" src=\"https:\/\/zxdoll.com\/wp-content\/uploads\/2023\/04\/realdoll-fuck-7u8i1-150x150.jpg\" class=\"attachment-thumbnail size-thumbnail\" alt=\"\" title=\"\"><\/a><\/li><li><a data-fancybox=\"gallery308\" href=\"https:\/\/zxdoll.com\/wp-content\/uploads\/2023\/04\/realdoll-fuck-7u8i2-533x800.jpg\" class=\"eig-popup\" title=\"\" data-caption=\"\" target=\"_blank\"><i class=\"icon-view\"><\/i><span class=\"overlay\"><\/span><img decoding=\"async\" width=\"150\" height=\"150\" src=\"https:\/\/zxdoll.com\/wp-content\/uploads\/2023\/04\/realdoll-fuck-7u8i2-150x150.jpg\" class=\"attachment-thumbnail size-thumbnail\" alt=\"\" title=\"\"><\/a><\/li><li><a data-fancybox=\"gallery308\" href=\"https:\/\/zxdoll.com\/wp-content\/uploads\/2023\/04\/realdoll-fuck-7u8i3-533x800.jpg\" class=\"eig-popup\" title=\"\" data-caption=\"\" target=\"_blank\"><i class=\"icon-view\"><\/i><span class=\"overlay\"><\/span><img decoding=\"async\" width=\"150\" height=\"150\" src=\"https:\/\/zxdoll.com\/wp-content\/uploads\/2023\/04\/realdoll-fuck-7u8i3-150x150.jpg\" class=\"attachment-thumbnail size-thumbnail\" alt=\"\" title=\"\"><\/a><\/li><li><a data-fancybox=\"gallery308\" href=\"https:\/\/zxdoll.com\/wp-content\/uploads\/2023\/04\/realdoll-fuck-7u8i4-533x800.jpg\" class=\"eig-popup\" title=\"\" data-caption=\"\" target=\"_blank\"><i class=\"icon-view\"><\/i><span class=\"overlay\"><\/span><img loading=\"lazy\" decoding=\"async\" width=\"150\" height=\"150\" src=\"https:\/\/zxdoll.com\/wp-content\/uploads\/2023\/04\/realdoll-fuck-7u8i4-150x150.jpg\" class=\"attachment-thumbnail size-thumbnail\" alt=\"\" title=\"\"><\/a><\/li><li><a data-fancybox=\"gallery308\" href=\"https:\/\/zxdoll.com\/wp-content\/uploads\/2023\/04\/realdoll-fuck-7u8i5-533x800.jpg\" class=\"eig-popup\" title=\"\" data-caption=\"\" target=\"_blank\"><i class=\"icon-view\"><\/i><span class=\"overlay\"><\/span><img loading=\"lazy\" decoding=\"async\" width=\"150\" height=\"150\" src=\"https:\/\/zxdoll.com\/wp-content\/uploads\/2023\/04\/realdoll-fuck-7u8i5-150x150.jpg\" class=\"attachment-thumbnail size-thumbnail\" alt=\"\" title=\"\"><\/a><\/li><li><a data-fancybox=\"gallery308\" href=\"https:\/\/zxdoll.com\/wp-content\/uploads\/2023\/04\/realdoll-fuck-7u8i6-533x800.jpg\" class=\"eig-popup\" title=\"\" data-caption=\"\" target=\"_blank\"><i class=\"icon-view\"><\/i><span class=\"overlay\"><\/span><img loading=\"lazy\" decoding=\"async\" width=\"150\" height=\"150\" src=\"https:\/\/zxdoll.com\/wp-content\/uploads\/2023\/04\/realdoll-fuck-7u8i6-150x150.jpg\" class=\"attachment-thumbnail size-thumbnail\" alt=\"\" title=\"\"><\/a><\/li><li><a data-fancybox=\"gallery308\" href=\"https:\/\/zxdoll.com\/wp-content\/uploads\/2023\/04\/realdoll-fuck-7u8i7-533x800.jpg\" class=\"eig-popup\" title=\"\" data-caption=\"\" target=\"_blank\"><i class=\"icon-view\"><\/i><span class=\"overlay\"><\/span><img loading=\"lazy\" decoding=\"async\" width=\"150\" height=\"150\" src=\"https:\/\/zxdoll.com\/wp-content\/uploads\/2023\/04\/realdoll-fuck-7u8i7-150x150.jpg\" class=\"attachment-thumbnail size-thumbnail\" alt=\"\" title=\"\"><\/a><\/li><li><a data-fancybox=\"gallery308\" href=\"https:\/\/zxdoll.com\/wp-content\/uploads\/2023\/04\/realdoll-fuck-7u8i8-533x800.jpg\" class=\"eig-popup\" title=\"\" data-caption=\"\" target=\"_blank\"><i class=\"icon-view\"><\/i><span class=\"overlay\"><\/span><img loading=\"lazy\" decoding=\"async\" width=\"150\" height=\"150\" src=\"https:\/\/zxdoll.com\/wp-content\/uploads\/2023\/04\/realdoll-fuck-7u8i8-150x150.jpg\" class=\"attachment-thumbnail size-thumbnail\" alt=\"\" title=\"\"><\/a><\/li><li><a data-fancybox=\"gallery308\" href=\"https:\/\/zxdoll.com\/wp-content\/uploads\/2023\/04\/realdoll-fuck-7u8i9-533x800.jpg\" class=\"eig-popup\" title=\"\" data-caption=\"\" target=\"_blank\"><i class=\"icon-view\"><\/i><span class=\"overlay\"><\/span><img loading=\"lazy\" decoding=\"async\" width=\"150\" height=\"150\" src=\"https:\/\/zxdoll.com\/wp-content\/uploads\/2023\/04\/realdoll-fuck-7u8i9-150x150.jpg\" class=\"attachment-thumbnail size-thumbnail\" alt=\"\" title=\"\"><\/a><\/li><li><a data-fancybox=\"gallery308\" href=\"https:\/\/zxdoll.com\/wp-content\/uploads\/2023\/04\/realdoll-fuck-7u8i10-533x800.jpg\" class=\"eig-popup\" title=\"\" data-caption=\"\" target=\"_blank\"><i class=\"icon-view\"><\/i><span class=\"overlay\"><\/span><img loading=\"lazy\" decoding=\"async\" width=\"150\" height=\"150\" src=\"https:\/\/zxdoll.com\/wp-content\/uploads\/2023\/04\/realdoll-fuck-7u8i10-150x150.jpg\" class=\"attachment-thumbnail size-thumbnail\" alt=\"\" title=\"\"><\/a><\/li><li><a data-fancybox=\"gallery308\" href=\"https:\/\/zxdoll.com\/wp-content\/uploads\/2023\/04\/realdoll-fuck-7u8i11-533x800.jpg\" class=\"eig-popup\" title=\"\" data-caption=\"\" target=\"_blank\"><i class=\"icon-view\"><\/i><span class=\"overlay\"><\/span><img loading=\"lazy\" decoding=\"async\" width=\"150\" height=\"150\" src=\"https:\/\/zxdoll.com\/wp-content\/uploads\/2023\/04\/realdoll-fuck-7u8i11-150x150.jpg\" class=\"attachment-thumbnail size-thumbnail\" alt=\"\" title=\"\"><\/a><\/li><li><a data-fancybox=\"gallery308\" href=\"https:\/\/zxdoll.com\/wp-content\/uploads\/2023\/04\/realdoll-fuck-7u8i13-533x800.jpg\" class=\"eig-popup\" title=\"\" data-caption=\"\" target=\"_blank\"><i class=\"icon-view\"><\/i><span class=\"overlay\"><\/span><img loading=\"lazy\" decoding=\"async\" width=\"150\" height=\"150\" src=\"https:\/\/zxdoll.com\/wp-content\/uploads\/2023\/04\/realdoll-fuck-7u8i13-150x150.jpg\" class=\"attachment-thumbnail size-thumbnail\" alt=\"\" title=\"\"><\/a><\/li><li><a data-fancybox=\"gallery308\" href=\"https:\/\/zxdoll.com\/wp-content\/uploads\/2023\/04\/realdoll-fuck-7u8i14-533x800.jpg\" class=\"eig-popup\" title=\"\" data-caption=\"\" target=\"_blank\"><i class=\"icon-view\"><\/i><span class=\"overlay\"><\/span><img loading=\"lazy\" decoding=\"async\" width=\"150\" height=\"150\" src=\"https:\/\/zxdoll.com\/wp-content\/uploads\/2023\/04\/realdoll-fuck-7u8i14-150x150.jpg\" class=\"attachment-thumbnail size-thumbnail\" alt=\"\" title=\"\"><\/a><\/li><li><a data-fancybox=\"gallery308\" href=\"https:\/\/zxdoll.com\/wp-content\/uploads\/2023\/04\/realdoll-fuck-7u8i15-533x800.jpg\" class=\"eig-popup\" title=\"\" data-caption=\"\" target=\"_blank\"><i class=\"icon-view\"><\/i><span class=\"overlay\"><\/span><img loading=\"lazy\" decoding=\"async\" width=\"150\" height=\"150\" src=\"https:\/\/zxdoll.com\/wp-content\/uploads\/2023\/04\/realdoll-fuck-7u8i15-150x150.jpg\" class=\"attachment-thumbnail size-thumbnail\" alt=\"\" title=\"\"><\/a><\/li><li><a data-fancybox=\"gallery308\" href=\"https:\/\/zxdoll.com\/wp-content\/uploads\/2023\/04\/realdoll-fuck-7u8i17.jpg\" class=\"eig-popup\" title=\"\" data-caption=\"\" target=\"_blank\"><i class=\"icon-view\"><\/i><span class=\"overlay\"><\/span><img loading=\"lazy\" decoding=\"async\" width=\"100\" height=\"150\" src=\"https:\/\/zxdoll.com\/wp-content\/uploads\/2023\/04\/realdoll-fuck-7u8i17.jpg\" class=\"attachment-thumbnail size-thumbnail\" alt=\"\" title=\"\"><\/a><\/li><li><a data-fancybox=\"gallery308\" href=\"https:\/\/zxdoll.com\/wp-content\/uploads\/2023\/04\/realdoll-fuck-7u8i18-533x800.jpg\" class=\"eig-popup\" title=\"\" data-caption=\"\" target=\"_blank\"><i class=\"icon-view\"><\/i><span class=\"overlay\"><\/span><img loading=\"lazy\" decoding=\"async\" width=\"150\" height=\"150\" src=\"https:\/\/zxdoll.com\/wp-content\/uploads\/2023\/04\/realdoll-fuck-7u8i18-150x150.jpg\" class=\"attachment-thumbnail size-thumbnail\" alt=\"\" title=\"\"><\/a><\/li><li><a data-fancybox=\"gallery308\" href=\"https:\/\/zxdoll.com\/wp-content\/uploads\/2023\/04\/realdoll-fuck-7u8i19-533x800.jpg\" class=\"eig-popup\" title=\"\" data-caption=\"\" target=\"_blank\"><i class=\"icon-view\"><\/i><span class=\"overlay\"><\/span><img loading=\"lazy\" decoding=\"async\" width=\"150\" height=\"150\" src=\"https:\/\/zxdoll.com\/wp-content\/uploads\/2023\/04\/realdoll-fuck-7u8i19-150x150.jpg\" class=\"attachment-thumbnail size-thumbnail\" alt=\"\" title=\"\"><\/a><\/li><\/ul>\n<h4>Tabele rozmiar\u00f3w<\/h4>\n<table width=\"292\">\n<tbody>\n<tr>\n<td width=\"153\">Materia\u0142<\/td>\n<td width=\"139\">TPE<\/td>\n<\/tr>\n<tr>\n<td>Wysoko\u015b\u0107<\/td>\n<td>145 cm<\/td>\n<\/tr>\n<tr>\n<td>Linia piersi<\/td>\n<td>77 cm<\/td>\n<\/tr>\n<tr>\n<td>Linia talii<\/td>\n<td>53cm<\/td>\n<\/tr>\n<tr>\n<td>Linia bioder<\/td>\n<td>80cm<\/td>\n<\/tr>\n<tr>\n<td>Szeroko\u015b\u0107 ramienia<\/td>\n<td>35cm<\/td>\n<\/tr>\n<tr>\n<td>D\u0142ugo\u015b\u0107 ramienia<\/td>\n<td>57 cm<\/td>\n<\/tr>\n<tr>\n<td>D\u0142ugo\u015b\u0107 n\u00f3g<\/td>\n<td>89cm<\/td>\n<\/tr>\n<tr>\n<td>Rozmiar stopy<\/td>\n<td>22cm<\/td>\n<\/tr>\n<tr>\n<td>Linia uda<\/td>\n<td>43cm<\/td>\n<\/tr>\n<tr>\n<td>Linia \u0142ydek<\/td>\n<td>30cm<\/td>\n<\/tr>\n<tr>\n<td>Waga netto<\/td>\n<td>30 kg<\/td>\n<\/tr>\n<tr>\n<td>G\u0142\u0119bia jamy ustnej<\/td>\n<td>13 cm<\/td>\n<\/tr>\n<tr>\n<td>G\u0142\u0119boko\u015b\u0107 pochwy<\/td>\n<td>18 cm<\/td>\n<\/tr>\n<tr>\n<td>G\u0142\u0119boko\u015b\u0107 odbytu<\/td>\n<td>16cm<\/td>\n<\/tr>\n<\/tbody>\n<\/table>\n<h4>O Sex Doll<\/h4>\n<p>Mo\u017cesz by\u0107 nowy i niedo\u015bwiadczony w korzystaniu z lalek erotycznych, ale ta naturalnej wielko\u015bci lalka erotyczna TPE jest tak \u0142atwa w u\u017cyciu, \u017ce nie musisz si\u0119 o to martwi\u0107. Jest r\u00f3wnie\u017c przyst\u0119pna cenowo, poniewa\u017c ile kosztuje prawdziwa lalka? Je\u015bli kiedykolwiek fantazjowa\u0142e\u015b o wiejskich dziewczynach lub aktywnych dziewczynach, ta realistyczna lalka erotyczna naturalnej wielko\u015bci jest dla Ciebie idealna.<\/p>\n<p>Ubrana w kapelusz przeciws\u0142oneczny, kombinezon i koszulk\u0119 z kwiatowym nadrukiem, ta seks-lalka kobieca jest stonowana i j\u0119drna, a Ty b\u0119dziesz cieszy\u0107 si\u0119 si\u0142\u0105 jej r\u0105k i n\u00f3g. Jest transseksualn\u0105 lalk\u0105 mi\u0142osn\u0105 z cz\u0119\u015bciami m\u0119skimi i \u017ce\u0144skimi i spodoba ci si\u0119, w przeciwie\u0144stwie do innych fa\u0142szywych lalek erotycznych dost\u0119pnych na rynku. Realistyczna lalka erotyczna ma trzy funkcjonalne otwory z trzema r\u00f3\u017cnymi wra\u017ceniami i od\u0142\u0105czanego penisa.<\/p>\n<p>Mo\u017ce funkcjonowa\u0107 jako lalka erotyczna dla kobiet lub m\u0119\u017cczyzn i jest tak dobra w towarzystwie, \u017ce je\u015bli chcesz, b\u0119dzie twoj\u0105 plotkark\u0105, s\u0142uchaj\u0105c\u0105 wszystkiego, co masz do powiedzenia. Prawdziw\u0105 lalk\u0119 erotyczn\u0105 naturalnej wielko\u015bci mo\u017cna r\u00f3wnie\u017c do pewnego stopnia dostosowa\u0107 \u2014 mo\u017cesz wybra\u0107 jej kolor oczu, w\u0142osy, a tak\u017ce kolory, w jakich chcesz mie\u0107 jej str\u00f3j.<\/p>","protected":false},"excerpt":{"rendered":"<p>Sex Doll Obrazy Tabele rozmiar\u00f3w Materia\u0142 TPE Wysoko\u015b\u0107 145 cm Linia piersi 77 cm Linia talii 53 cm Linia bioder 80 cm Szeroko\u015b\u0107 ramion<\/p>","protected":false},"featured_media":41552,"comment_status":"open","ping_status":"closed","template":"","meta":[],"product_brand":[],"product_cat":[119,74,228,102,107,117],"product_tag":[],"class_list":{"0":"post-41530","1":"product","2":"type-product","3":"status-publish","4":"has-post-thumbnail","6":"product_cat-tpe-sex-doll","7":"product_cat-140cm-149cm-sex-dolls","8":"product_cat-26kg-30kg","9":"product_cat-fantasy-sex-dolls","10":"product_cat-skinny-sex-dolls","11":"product_cat-small-breast-sex-doll","12":"pa_brand-fire-doll","13":"tm-has-options","15":"first","16":"instock","17":"sale","18":"shipping-taxable","19":"purchasable","20":"product-type-simple"},"_links":{"self":[{"href":"https:\/\/zxdoll.com\/pl\/wp-json\/wp\/v2\/product\/41530","targetHints":{"allow":["GET"]}}],"collection":[{"href":"https:\/\/zxdoll.com\/pl\/wp-json\/wp\/v2\/product"}],"about":[{"href":"https:\/\/zxdoll.com\/pl\/wp-json\/wp\/v2\/types\/product"}],"replies":[{"embeddable":true,"href":"https:\/\/zxdoll.com\/pl\/wp-json\/wp\/v2\/comments?post=41530"}],"version-history":[{"count":1,"href":"https:\/\/zxdoll.com\/pl\/wp-json\/wp\/v2\/product\/41530\/revisions"}],"predecessor-version":[{"id":101704,"href":"https:\/\/zxdoll.com\/pl\/wp-json\/wp\/v2\/product\/41530\/revisions\/101704"}],"wp:featuredmedia":[{"embeddable":true,"href":"https:\/\/zxdoll.com\/pl\/wp-json\/wp\/v2\/media\/41552"}],"wp:attachment":[{"href":"https:\/\/zxdoll.com\/pl\/wp-json\/wp\/v2\/media?parent=41530"}],"wp:term":[{"taxonomy":"product_brand","embeddable":true,"href":"https:\/\/zxdoll.com\/pl\/wp-json\/wp\/v2\/product_brand?post=41530"},{"taxonomy":"product_cat","embeddable":true,"href":"https:\/\/zxdoll.com\/pl\/wp-json\/wp\/v2\/product_cat?post=41530"},{"taxonomy":"product_tag","embeddable":true,"href":"https:\/\/zxdoll.com\/pl\/wp-json\/wp\/v2\/product_tag?post=41530"}],"curies":[{"name":"wp","href":"https:\/\/api.w.org\/{rel}","templated":true}]}}