{"id":40946,"date":"2023-04-14T02:36:21","date_gmt":"2023-04-13T18:36:21","guid":{"rendered":"https:\/\/zxdoll.com\/?post_type=product&#038;p=40946"},"modified":"2025-09-08T03:14:28","modified_gmt":"2025-09-07T19:14:28","slug":"lifesize-solid-realistic-love-fantasy-doll","status":"publish","type":"product","link":"https:\/\/zxdoll.com\/pl\/product\/lifesize-solid-realistic-love-fantasy-doll\/","title":{"rendered":"Lifesize Solidna realistyczna lalka Love Fantasy Kynthia 168 cm"},"content":{"rendered":"<h4><strong>Zdj\u0119cia lalek erotycznych<\/strong><\/h4>\n\t                <ul class=\"easy-image-gallery thumbnails-24 linked\">\r\n                    <li><a data-fancybox=\"gallery898\" href=\"https:\/\/zxdoll.com\/wp-content\/uploads\/2023\/04\/doll-fucking-5r6y1-533x800.jpg\" class=\"eig-popup\" title=\"\" data-caption=\"\" target=\"_blank\"><i class=\"icon-view\"><\/i><span class=\"overlay\"><\/span><img decoding=\"async\" width=\"150\" height=\"150\" src=\"https:\/\/zxdoll.com\/wp-content\/uploads\/2023\/04\/doll-fucking-5r6y1-150x150.jpg\" class=\"attachment-thumbnail size-thumbnail\" alt=\"\" title=\"\"><\/a><\/li><li><a data-fancybox=\"gallery898\" href=\"https:\/\/zxdoll.com\/wp-content\/uploads\/2023\/04\/doll-fucking-5r6y2-533x800.jpg\" class=\"eig-popup\" title=\"\" data-caption=\"\" target=\"_blank\"><i class=\"icon-view\"><\/i><span class=\"overlay\"><\/span><img decoding=\"async\" width=\"150\" height=\"150\" src=\"https:\/\/zxdoll.com\/wp-content\/uploads\/2023\/04\/doll-fucking-5r6y2-150x150.jpg\" class=\"attachment-thumbnail size-thumbnail\" alt=\"\" title=\"\"><\/a><\/li><li><a data-fancybox=\"gallery898\" href=\"https:\/\/zxdoll.com\/wp-content\/uploads\/2023\/04\/doll-fucking-5r6y3-533x800.jpg\" class=\"eig-popup\" title=\"\" data-caption=\"\" target=\"_blank\"><i class=\"icon-view\"><\/i><span class=\"overlay\"><\/span><img decoding=\"async\" width=\"150\" height=\"150\" src=\"https:\/\/zxdoll.com\/wp-content\/uploads\/2023\/04\/doll-fucking-5r6y3-150x150.jpg\" class=\"attachment-thumbnail size-thumbnail\" alt=\"\" title=\"\"><\/a><\/li><li><a data-fancybox=\"gallery898\" href=\"https:\/\/zxdoll.com\/wp-content\/uploads\/2023\/04\/doll-fucking-5r6y4-533x800.jpg\" class=\"eig-popup\" title=\"\" data-caption=\"\" target=\"_blank\"><i class=\"icon-view\"><\/i><span class=\"overlay\"><\/span><img loading=\"lazy\" decoding=\"async\" width=\"150\" height=\"150\" src=\"https:\/\/zxdoll.com\/wp-content\/uploads\/2023\/04\/doll-fucking-5r6y4-150x150.jpg\" class=\"attachment-thumbnail size-thumbnail\" alt=\"\" title=\"\"><\/a><\/li><li><a data-fancybox=\"gallery898\" href=\"https:\/\/zxdoll.com\/wp-content\/uploads\/2023\/04\/doll-fucking-5r6y5-533x800.jpg\" class=\"eig-popup\" title=\"\" data-caption=\"\" target=\"_blank\"><i class=\"icon-view\"><\/i><span class=\"overlay\"><\/span><img loading=\"lazy\" decoding=\"async\" width=\"150\" height=\"150\" src=\"https:\/\/zxdoll.com\/wp-content\/uploads\/2023\/04\/doll-fucking-5r6y5-150x150.jpg\" class=\"attachment-thumbnail size-thumbnail\" alt=\"\" title=\"\"><\/a><\/li><li><a data-fancybox=\"gallery898\" href=\"https:\/\/zxdoll.com\/wp-content\/uploads\/2023\/04\/doll-fucking-5r6y6-533x800.jpg\" class=\"eig-popup\" title=\"\" data-caption=\"\" target=\"_blank\"><i class=\"icon-view\"><\/i><span class=\"overlay\"><\/span><img loading=\"lazy\" decoding=\"async\" width=\"150\" height=\"150\" src=\"https:\/\/zxdoll.com\/wp-content\/uploads\/2023\/04\/doll-fucking-5r6y6-150x150.jpg\" class=\"attachment-thumbnail size-thumbnail\" alt=\"\" title=\"\"><\/a><\/li><li><a data-fancybox=\"gallery898\" href=\"https:\/\/zxdoll.com\/wp-content\/uploads\/2023\/04\/doll-fucking-5r6y8-533x800.jpg\" class=\"eig-popup\" title=\"\" data-caption=\"\" target=\"_blank\"><i class=\"icon-view\"><\/i><span class=\"overlay\"><\/span><img loading=\"lazy\" decoding=\"async\" width=\"150\" height=\"150\" src=\"https:\/\/zxdoll.com\/wp-content\/uploads\/2023\/04\/doll-fucking-5r6y8-150x150.jpg\" class=\"attachment-thumbnail size-thumbnail\" alt=\"\" title=\"\"><\/a><\/li><li><a data-fancybox=\"gallery898\" href=\"https:\/\/zxdoll.com\/wp-content\/uploads\/2023\/04\/doll-fucking-5r6y20-533x800.jpg\" class=\"eig-popup\" title=\"\" data-caption=\"\" target=\"_blank\"><i class=\"icon-view\"><\/i><span class=\"overlay\"><\/span><img loading=\"lazy\" decoding=\"async\" width=\"150\" height=\"150\" src=\"https:\/\/zxdoll.com\/wp-content\/uploads\/2023\/04\/doll-fucking-5r6y20-150x150.jpg\" class=\"attachment-thumbnail size-thumbnail\" alt=\"\" title=\"\"><\/a><\/li><li><a data-fancybox=\"gallery898\" href=\"https:\/\/zxdoll.com\/wp-content\/uploads\/2023\/04\/doll-fucking-5r6y21-533x800.jpg\" class=\"eig-popup\" title=\"\" data-caption=\"\" target=\"_blank\"><i class=\"icon-view\"><\/i><span class=\"overlay\"><\/span><img loading=\"lazy\" decoding=\"async\" width=\"150\" height=\"150\" src=\"https:\/\/zxdoll.com\/wp-content\/uploads\/2023\/04\/doll-fucking-5r6y21-150x150.jpg\" class=\"attachment-thumbnail size-thumbnail\" alt=\"\" title=\"\"><\/a><\/li><li><a data-fancybox=\"gallery898\" href=\"https:\/\/zxdoll.com\/wp-content\/uploads\/2023\/04\/doll-fucking-5r6y26-533x800.jpg\" class=\"eig-popup\" title=\"\" data-caption=\"\" target=\"_blank\"><i class=\"icon-view\"><\/i><span class=\"overlay\"><\/span><img loading=\"lazy\" decoding=\"async\" width=\"150\" height=\"150\" src=\"https:\/\/zxdoll.com\/wp-content\/uploads\/2023\/04\/doll-fucking-5r6y26-150x150.jpg\" class=\"attachment-thumbnail size-thumbnail\" alt=\"\" title=\"\"><\/a><\/li><li><a data-fancybox=\"gallery898\" href=\"https:\/\/zxdoll.com\/wp-content\/uploads\/2023\/04\/doll-fucking-5r6y27-533x800.jpg\" class=\"eig-popup\" title=\"\" data-caption=\"\" target=\"_blank\"><i class=\"icon-view\"><\/i><span class=\"overlay\"><\/span><img loading=\"lazy\" decoding=\"async\" width=\"150\" height=\"150\" src=\"https:\/\/zxdoll.com\/wp-content\/uploads\/2023\/04\/doll-fucking-5r6y27-150x150.jpg\" class=\"attachment-thumbnail size-thumbnail\" alt=\"\" title=\"\"><\/a><\/li><li><a data-fancybox=\"gallery898\" href=\"https:\/\/zxdoll.com\/wp-content\/uploads\/2023\/04\/doll-fucking-5r6y28-533x800.jpg\" class=\"eig-popup\" title=\"\" data-caption=\"\" target=\"_blank\"><i class=\"icon-view\"><\/i><span class=\"overlay\"><\/span><img loading=\"lazy\" decoding=\"async\" width=\"150\" height=\"150\" src=\"https:\/\/zxdoll.com\/wp-content\/uploads\/2023\/04\/doll-fucking-5r6y28-150x150.jpg\" class=\"attachment-thumbnail size-thumbnail\" alt=\"\" title=\"\"><\/a><\/li><li><a data-fancybox=\"gallery898\" href=\"https:\/\/zxdoll.com\/wp-content\/uploads\/2023\/04\/doll-fucking-5r6y29-533x800.jpg\" class=\"eig-popup\" title=\"\" data-caption=\"\" target=\"_blank\"><i class=\"icon-view\"><\/i><span class=\"overlay\"><\/span><img loading=\"lazy\" decoding=\"async\" width=\"150\" height=\"150\" src=\"https:\/\/zxdoll.com\/wp-content\/uploads\/2023\/04\/doll-fucking-5r6y29-150x150.jpg\" class=\"attachment-thumbnail size-thumbnail\" alt=\"\" title=\"\"><\/a><\/li><li><a data-fancybox=\"gallery898\" href=\"https:\/\/zxdoll.com\/wp-content\/uploads\/2023\/04\/doll-fucking-5r6y31-533x800.jpg\" class=\"eig-popup\" title=\"\" data-caption=\"\" target=\"_blank\"><i class=\"icon-view\"><\/i><span class=\"overlay\"><\/span><img loading=\"lazy\" decoding=\"async\" width=\"150\" height=\"150\" src=\"https:\/\/zxdoll.com\/wp-content\/uploads\/2023\/04\/doll-fucking-5r6y31-150x150.jpg\" class=\"attachment-thumbnail size-thumbnail\" alt=\"\" title=\"\"><\/a><\/li><li><a data-fancybox=\"gallery898\" href=\"https:\/\/zxdoll.com\/wp-content\/uploads\/2023\/04\/doll-fucking-5r6y32-533x800.jpg\" class=\"eig-popup\" title=\"\" data-caption=\"\" target=\"_blank\"><i class=\"icon-view\"><\/i><span class=\"overlay\"><\/span><img loading=\"lazy\" decoding=\"async\" width=\"150\" height=\"150\" src=\"https:\/\/zxdoll.com\/wp-content\/uploads\/2023\/04\/doll-fucking-5r6y32-150x150.jpg\" class=\"attachment-thumbnail size-thumbnail\" alt=\"\" title=\"\"><\/a><\/li><li><a data-fancybox=\"gallery898\" href=\"https:\/\/zxdoll.com\/wp-content\/uploads\/2023\/04\/doll-fucking-5r6y33-533x800.jpg\" class=\"eig-popup\" title=\"\" data-caption=\"\" target=\"_blank\"><i class=\"icon-view\"><\/i><span class=\"overlay\"><\/span><img loading=\"lazy\" decoding=\"async\" width=\"150\" height=\"150\" src=\"https:\/\/zxdoll.com\/wp-content\/uploads\/2023\/04\/doll-fucking-5r6y33-150x150.jpg\" class=\"attachment-thumbnail size-thumbnail\" alt=\"\" title=\"\"><\/a><\/li><li><a data-fancybox=\"gallery898\" href=\"https:\/\/zxdoll.com\/wp-content\/uploads\/2023\/04\/doll-fucking-5r6y34-533x800.jpg\" class=\"eig-popup\" title=\"\" data-caption=\"\" target=\"_blank\"><i class=\"icon-view\"><\/i><span class=\"overlay\"><\/span><img loading=\"lazy\" decoding=\"async\" width=\"150\" height=\"150\" src=\"https:\/\/zxdoll.com\/wp-content\/uploads\/2023\/04\/doll-fucking-5r6y34-150x150.jpg\" class=\"attachment-thumbnail size-thumbnail\" alt=\"\" title=\"\"><\/a><\/li><li><a data-fancybox=\"gallery898\" href=\"https:\/\/zxdoll.com\/wp-content\/uploads\/2023\/04\/doll-fucking-5r6y35.jpg\" class=\"eig-popup\" title=\"\" data-caption=\"\" target=\"_blank\"><i class=\"icon-view\"><\/i><span class=\"overlay\"><\/span><img loading=\"lazy\" decoding=\"async\" width=\"150\" height=\"150\" src=\"https:\/\/zxdoll.com\/wp-content\/uploads\/2023\/04\/doll-fucking-5r6y35-150x150.jpg\" class=\"attachment-thumbnail size-thumbnail\" alt=\"\" title=\"\"><\/a><\/li><li><a data-fancybox=\"gallery898\" href=\"https:\/\/zxdoll.com\/wp-content\/uploads\/2023\/04\/doll-fucking-5r6y36.jpg\" class=\"eig-popup\" title=\"\" data-caption=\"\" target=\"_blank\"><i class=\"icon-view\"><\/i><span class=\"overlay\"><\/span><img loading=\"lazy\" decoding=\"async\" width=\"150\" height=\"150\" src=\"https:\/\/zxdoll.com\/wp-content\/uploads\/2023\/04\/doll-fucking-5r6y36-150x150.jpg\" class=\"attachment-thumbnail size-thumbnail\" alt=\"\" title=\"\"><\/a><\/li><li><a data-fancybox=\"gallery898\" href=\"https:\/\/zxdoll.com\/wp-content\/uploads\/2023\/04\/doll-fucking-5r6y37.jpg\" class=\"eig-popup\" title=\"\" data-caption=\"\" target=\"_blank\"><i class=\"icon-view\"><\/i><span class=\"overlay\"><\/span><img loading=\"lazy\" decoding=\"async\" width=\"150\" height=\"150\" src=\"https:\/\/zxdoll.com\/wp-content\/uploads\/2023\/04\/doll-fucking-5r6y37-150x150.jpg\" class=\"attachment-thumbnail size-thumbnail\" alt=\"\" title=\"\"><\/a><\/li><li><a data-fancybox=\"gallery898\" href=\"https:\/\/zxdoll.com\/wp-content\/uploads\/2023\/04\/doll-fucking-5r6y38-533x800.jpg\" class=\"eig-popup\" title=\"\" data-caption=\"\" target=\"_blank\"><i class=\"icon-view\"><\/i><span class=\"overlay\"><\/span><img loading=\"lazy\" decoding=\"async\" width=\"150\" height=\"150\" src=\"https:\/\/zxdoll.com\/wp-content\/uploads\/2023\/04\/doll-fucking-5r6y38-150x150.jpg\" class=\"attachment-thumbnail size-thumbnail\" alt=\"\" title=\"\"><\/a><\/li><li><a data-fancybox=\"gallery898\" href=\"https:\/\/zxdoll.com\/wp-content\/uploads\/2023\/04\/doll-fucking-5r6y39-533x800.jpg\" class=\"eig-popup\" title=\"\" data-caption=\"\" target=\"_blank\"><i class=\"icon-view\"><\/i><span class=\"overlay\"><\/span><img loading=\"lazy\" decoding=\"async\" width=\"150\" height=\"150\" src=\"https:\/\/zxdoll.com\/wp-content\/uploads\/2023\/04\/doll-fucking-5r6y39-150x150.jpg\" class=\"attachment-thumbnail size-thumbnail\" alt=\"\" title=\"\"><\/a><\/li><li><a data-fancybox=\"gallery898\" href=\"https:\/\/zxdoll.com\/wp-content\/uploads\/2023\/04\/doll-fucking-5r6y40-533x800.jpg\" class=\"eig-popup\" title=\"\" data-caption=\"\" target=\"_blank\"><i class=\"icon-view\"><\/i><span class=\"overlay\"><\/span><img loading=\"lazy\" decoding=\"async\" width=\"150\" height=\"150\" src=\"https:\/\/zxdoll.com\/wp-content\/uploads\/2023\/04\/doll-fucking-5r6y40-150x150.jpg\" class=\"attachment-thumbnail size-thumbnail\" alt=\"\" title=\"\"><\/a><\/li><li><a data-fancybox=\"gallery898\" href=\"https:\/\/zxdoll.com\/wp-content\/uploads\/2023\/04\/doll-fucking-5r6y41-533x800.jpg\" class=\"eig-popup\" title=\"\" data-caption=\"\" target=\"_blank\"><i class=\"icon-view\"><\/i><span class=\"overlay\"><\/span><img loading=\"lazy\" decoding=\"async\" width=\"150\" height=\"150\" src=\"https:\/\/zxdoll.com\/wp-content\/uploads\/2023\/04\/doll-fucking-5r6y41-150x150.jpg\" class=\"attachment-thumbnail size-thumbnail\" alt=\"\" title=\"\"><\/a><\/li><\/ul>\n<h4>Tabele rozmiar\u00f3w<\/h4>\n<table width=\"269\">\n<tbody>\n<tr>\n<td width=\"130\">Materia\u0142<\/td>\n<td width=\"139\">TPE<\/td>\n<\/tr>\n<tr>\n<td>Wysoko\u015b\u0107<\/td>\n<td>168 cm<\/td>\n<\/tr>\n<tr>\n<td>Linia piersi<\/td>\n<td>93 cm<\/td>\n<\/tr>\n<tr>\n<td>Linia talii<\/td>\n<td>56cm<\/td>\n<\/tr>\n<tr>\n<td>Linia bioder<\/td>\n<td>89cm<\/td>\n<\/tr>\n<tr>\n<td>Szeroko\u015b\u0107 ramienia<\/td>\n<td>36cm<\/td>\n<\/tr>\n<tr>\n<td>D\u0142ugo\u015b\u0107 n\u00f3g<\/td>\n<td>88cm<\/td>\n<\/tr>\n<tr>\n<td>D\u0142ugo\u015b\u0107 ramienia<\/td>\n<td>63cm<\/td>\n<\/tr>\n<tr>\n<td>Linia uda<\/td>\n<td>45 cm<\/td>\n<\/tr>\n<tr>\n<td>Linia \u0142ydek<\/td>\n<td>30cm<\/td>\n<\/tr>\n<tr>\n<td>Rozmiar stopy<\/td>\n<td>21cm<\/td>\n<\/tr>\n<tr>\n<td>Waga netto<\/td>\n<td>39 kg<\/td>\n<\/tr>\n<tr>\n<td>G\u0142\u0119bia jamy ustnej<\/td>\n<td>13 cm<\/td>\n<\/tr>\n<tr>\n<td>G\u0142\u0119boko\u015b\u0107 pochwy<\/td>\n<td>18 cm<\/td>\n<\/tr>\n<tr>\n<td>G\u0142\u0119boko\u015b\u0107 odbytu<\/td>\n<td>16cm<\/td>\n<\/tr>\n<\/tbody>\n<\/table>\n<h4>O Sex Doll<\/h4>\n<p>\u017badna presja nie mo\u017ce zmniejszy\u0107 jej warto\u015bci. Nasza solidna lalka erotyczna to prawdziwa lalka erotyczna naturalnej wielko\u015bci, kt\u00f3ra ma trzy dziurki. Mo\u017cesz uprawia\u0107 z ni\u0105 seks przez jej otw\u00f3r w pochwie, otw\u00f3r w odbycie lub przez usta. Mo\u017cesz dowiedzie\u0107 si\u0119 wi\u0119cej o realistycznej lalce mi\u0142o\u015bci, odwiedzaj\u0105c fora nadmuchiwanych lalek, lub mo\u017cesz zdecydowa\u0107 si\u0119 na ogl\u0105danie film\u00f3w z lalkami erotycznymi, w kt\u00f3rych wyst\u0119puje nasza lalka. T\u0119 platynow\u0105 lalk\u0119 mo\u017cna r\u00f3wnie\u017c ubra\u0107 w dowolny spos\u00f3b, a je\u015bli masz wystarczaj\u0105co du\u017co czasu, oboje mo\u017cecie nawi\u0105za\u0107 wi\u0119\u017a, robi\u0105c peruki dla nadmuchiwanej lalki. Mo\u017ce by\u0107 trudno cieszy\u0107 si\u0119 seksem, je\u015bli nie \u0142\u0105czy ci\u0119 wi\u0119\u017a z osob\u0105, z kt\u00f3r\u0105 si\u0119 pieprzysz, ale poznaj\u0105c nasz\u0105 dmuchan\u0105 lalk\u0119, zdasz sobie spraw\u0119, \u017ce wiele ci\u0119 omin\u0119\u0142o i \u017ce mo\u017cesz stworzy\u0107 wi\u0119\u017a mi\u0119dzy wami. Nasza lalka ma otw\u00f3r w pochwie, kt\u00f3ry zosta\u0142 wykonany tak, aby wygl\u0105da\u0142 jak u prawdziwej kobiety; nie musisz wydawa\u0107 du\u017co pieni\u0119dzy, aby mie\u0107 lalk\u0119 fantasy w swoim \u017cyciu.<\/p>","protected":false},"excerpt":{"rendered":"<p>Sex Doll Obrazy Tabele rozmiar\u00f3w Materia\u0142 TPE Wysoko\u015b\u0107 168 cm Linia piersi 93 cm Linia talii 56 cm Linia bioder 89 cm Szeroko\u015b\u0107 ramion<\/p>","protected":false},"featured_media":40947,"comment_status":"open","ping_status":"closed","template":"","meta":[],"product_brand":[],"product_cat":[119,75,230,116,101,107],"product_tag":[],"class_list":{"0":"post-40946","1":"product","2":"type-product","3":"status-publish","4":"has-post-thumbnail","6":"product_cat-tpe-sex-doll","7":"product_cat-160cm-170cm-sex-dolls","8":"product_cat-36kg-40kg","9":"product_cat-big-boobs-sex-doll","10":"product_cat-lesbian-sex-doll","11":"product_cat-skinny-sex-dolls","12":"pa_brand-af-doll","13":"tm-has-options","15":"first","16":"instock","17":"sale","18":"shipping-taxable","19":"purchasable","20":"product-type-simple"},"_links":{"self":[{"href":"https:\/\/zxdoll.com\/pl\/wp-json\/wp\/v2\/product\/40946","targetHints":{"allow":["GET"]}}],"collection":[{"href":"https:\/\/zxdoll.com\/pl\/wp-json\/wp\/v2\/product"}],"about":[{"href":"https:\/\/zxdoll.com\/pl\/wp-json\/wp\/v2\/types\/product"}],"replies":[{"embeddable":true,"href":"https:\/\/zxdoll.com\/pl\/wp-json\/wp\/v2\/comments?post=40946"}],"version-history":[{"count":2,"href":"https:\/\/zxdoll.com\/pl\/wp-json\/wp\/v2\/product\/40946\/revisions"}],"predecessor-version":[{"id":155397,"href":"https:\/\/zxdoll.com\/pl\/wp-json\/wp\/v2\/product\/40946\/revisions\/155397"}],"wp:featuredmedia":[{"embeddable":true,"href":"https:\/\/zxdoll.com\/pl\/wp-json\/wp\/v2\/media\/40947"}],"wp:attachment":[{"href":"https:\/\/zxdoll.com\/pl\/wp-json\/wp\/v2\/media?parent=40946"}],"wp:term":[{"taxonomy":"product_brand","embeddable":true,"href":"https:\/\/zxdoll.com\/pl\/wp-json\/wp\/v2\/product_brand?post=40946"},{"taxonomy":"product_cat","embeddable":true,"href":"https:\/\/zxdoll.com\/pl\/wp-json\/wp\/v2\/product_cat?post=40946"},{"taxonomy":"product_tag","embeddable":true,"href":"https:\/\/zxdoll.com\/pl\/wp-json\/wp\/v2\/product_tag?post=40946"}],"curies":[{"name":"wp","href":"https:\/\/api.w.org\/{rel}","templated":true}]}}