{"id":31726,"date":"2023-04-04T03:06:58","date_gmt":"2023-04-03T19:06:58","guid":{"rendered":"https:\/\/zxdoll.com\/?post_type=product&#038;p=31726"},"modified":"2025-09-12T10:41:51","modified_gmt":"2025-09-12T02:41:51","slug":"big-huge-lifelike-boobs-love-sex-doll","status":"publish","type":"product","link":"https:\/\/zxdoll.com\/pl\/product\/big-huge-lifelike-boobs-love-sex-doll\/","title":{"rendered":"Du\u017ce, ogromne, realistyczne cycki Love Sex Doll Kally 163 cm"},"content":{"rendered":"<h4><strong>Zdj\u0119cia lalek erotycznych<\/strong><\/h4>\n\t                <ul class=\"easy-image-gallery thumbnails-21 linked\">\r\n                    <li><a data-fancybox=\"gallery929\" href=\"https:\/\/zxdoll.com\/wp-content\/uploads\/2023\/04\/have-sex-with-doll-5e3s2-533x800.jpg\" class=\"eig-popup\" title=\"\" data-caption=\"\" target=\"_blank\"><i class=\"icon-view\"><\/i><span class=\"overlay\"><\/span><img decoding=\"async\" width=\"150\" height=\"150\" src=\"https:\/\/zxdoll.com\/wp-content\/uploads\/2023\/04\/have-sex-with-doll-5e3s2-150x150.jpg\" class=\"attachment-thumbnail size-thumbnail\" alt=\"\" title=\"\"><\/a><\/li><li><a data-fancybox=\"gallery929\" href=\"https:\/\/zxdoll.com\/wp-content\/uploads\/2023\/04\/have-sex-with-doll-5e3s3-533x800.jpg\" class=\"eig-popup\" title=\"\" data-caption=\"\" target=\"_blank\"><i class=\"icon-view\"><\/i><span class=\"overlay\"><\/span><img decoding=\"async\" width=\"150\" height=\"150\" src=\"https:\/\/zxdoll.com\/wp-content\/uploads\/2023\/04\/have-sex-with-doll-5e3s3-150x150.jpg\" class=\"attachment-thumbnail size-thumbnail\" alt=\"\" title=\"\"><\/a><\/li><li><a data-fancybox=\"gallery929\" href=\"https:\/\/zxdoll.com\/wp-content\/uploads\/2023\/04\/have-sex-with-doll-5e3s7-533x800.jpg\" class=\"eig-popup\" title=\"\" data-caption=\"\" target=\"_blank\"><i class=\"icon-view\"><\/i><span class=\"overlay\"><\/span><img decoding=\"async\" width=\"150\" height=\"150\" src=\"https:\/\/zxdoll.com\/wp-content\/uploads\/2023\/04\/have-sex-with-doll-5e3s7-150x150.jpg\" class=\"attachment-thumbnail size-thumbnail\" alt=\"\" title=\"\"><\/a><\/li><li><a data-fancybox=\"gallery929\" href=\"https:\/\/zxdoll.com\/wp-content\/uploads\/2023\/04\/have-sex-with-doll-5e3s8-533x800.jpg\" class=\"eig-popup\" title=\"\" data-caption=\"\" target=\"_blank\"><i class=\"icon-view\"><\/i><span class=\"overlay\"><\/span><img loading=\"lazy\" decoding=\"async\" width=\"150\" height=\"150\" src=\"https:\/\/zxdoll.com\/wp-content\/uploads\/2023\/04\/have-sex-with-doll-5e3s8-150x150.jpg\" class=\"attachment-thumbnail size-thumbnail\" alt=\"\" title=\"\"><\/a><\/li><li><a data-fancybox=\"gallery929\" href=\"https:\/\/zxdoll.com\/wp-content\/uploads\/2023\/04\/have-sex-with-doll-5e3s9-533x800.jpg\" class=\"eig-popup\" title=\"\" data-caption=\"\" target=\"_blank\"><i class=\"icon-view\"><\/i><span class=\"overlay\"><\/span><img loading=\"lazy\" decoding=\"async\" width=\"150\" height=\"150\" src=\"https:\/\/zxdoll.com\/wp-content\/uploads\/2023\/04\/have-sex-with-doll-5e3s9-150x150.jpg\" class=\"attachment-thumbnail size-thumbnail\" alt=\"\" title=\"\"><\/a><\/li><li><a data-fancybox=\"gallery929\" href=\"https:\/\/zxdoll.com\/wp-content\/uploads\/2023\/04\/have-sex-with-doll-5e3s14-533x800.jpg\" class=\"eig-popup\" title=\"\" data-caption=\"\" target=\"_blank\"><i class=\"icon-view\"><\/i><span class=\"overlay\"><\/span><img loading=\"lazy\" decoding=\"async\" width=\"150\" height=\"150\" src=\"https:\/\/zxdoll.com\/wp-content\/uploads\/2023\/04\/have-sex-with-doll-5e3s14-150x150.jpg\" class=\"attachment-thumbnail size-thumbnail\" alt=\"\" title=\"\"><\/a><\/li><li><a data-fancybox=\"gallery929\" href=\"https:\/\/zxdoll.com\/wp-content\/uploads\/2023\/04\/have-sex-with-doll-5e3s15-533x800.jpg\" class=\"eig-popup\" title=\"\" data-caption=\"\" target=\"_blank\"><i class=\"icon-view\"><\/i><span class=\"overlay\"><\/span><img loading=\"lazy\" decoding=\"async\" width=\"150\" height=\"150\" src=\"https:\/\/zxdoll.com\/wp-content\/uploads\/2023\/04\/have-sex-with-doll-5e3s15-150x150.jpg\" class=\"attachment-thumbnail size-thumbnail\" alt=\"\" title=\"\"><\/a><\/li><li><a data-fancybox=\"gallery929\" href=\"https:\/\/zxdoll.com\/wp-content\/uploads\/2023\/04\/have-sex-with-doll-5e3s16-533x800.jpg\" class=\"eig-popup\" title=\"\" data-caption=\"\" target=\"_blank\"><i class=\"icon-view\"><\/i><span class=\"overlay\"><\/span><img loading=\"lazy\" decoding=\"async\" width=\"150\" height=\"150\" src=\"https:\/\/zxdoll.com\/wp-content\/uploads\/2023\/04\/have-sex-with-doll-5e3s16-150x150.jpg\" class=\"attachment-thumbnail size-thumbnail\" alt=\"\" title=\"\"><\/a><\/li><li><a data-fancybox=\"gallery929\" href=\"https:\/\/zxdoll.com\/wp-content\/uploads\/2023\/04\/have-sex-with-doll-5e3s17-533x800.jpg\" class=\"eig-popup\" title=\"\" data-caption=\"\" target=\"_blank\"><i class=\"icon-view\"><\/i><span class=\"overlay\"><\/span><img loading=\"lazy\" decoding=\"async\" width=\"150\" height=\"150\" src=\"https:\/\/zxdoll.com\/wp-content\/uploads\/2023\/04\/have-sex-with-doll-5e3s17-150x150.jpg\" class=\"attachment-thumbnail size-thumbnail\" alt=\"\" title=\"\"><\/a><\/li><li><a data-fancybox=\"gallery929\" href=\"https:\/\/zxdoll.com\/wp-content\/uploads\/2023\/04\/have-sex-with-doll-5e3s18-533x800.jpg\" class=\"eig-popup\" title=\"\" data-caption=\"\" target=\"_blank\"><i class=\"icon-view\"><\/i><span class=\"overlay\"><\/span><img loading=\"lazy\" decoding=\"async\" width=\"150\" height=\"150\" src=\"https:\/\/zxdoll.com\/wp-content\/uploads\/2023\/04\/have-sex-with-doll-5e3s18-150x150.jpg\" class=\"attachment-thumbnail size-thumbnail\" alt=\"\" title=\"\"><\/a><\/li><li><a data-fancybox=\"gallery929\" href=\"https:\/\/zxdoll.com\/wp-content\/uploads\/2023\/04\/have-sex-with-doll-5e3s22-533x800.jpg\" class=\"eig-popup\" title=\"\" data-caption=\"\" target=\"_blank\"><i class=\"icon-view\"><\/i><span class=\"overlay\"><\/span><img loading=\"lazy\" decoding=\"async\" width=\"150\" height=\"150\" src=\"https:\/\/zxdoll.com\/wp-content\/uploads\/2023\/04\/have-sex-with-doll-5e3s22-150x150.jpg\" class=\"attachment-thumbnail size-thumbnail\" alt=\"\" title=\"\"><\/a><\/li><li><a data-fancybox=\"gallery929\" href=\"https:\/\/zxdoll.com\/wp-content\/uploads\/2023\/04\/have-sex-with-doll-5e3s26-533x800.jpg\" class=\"eig-popup\" title=\"\" data-caption=\"\" target=\"_blank\"><i class=\"icon-view\"><\/i><span class=\"overlay\"><\/span><img loading=\"lazy\" decoding=\"async\" width=\"150\" height=\"150\" src=\"https:\/\/zxdoll.com\/wp-content\/uploads\/2023\/04\/have-sex-with-doll-5e3s26-150x150.jpg\" class=\"attachment-thumbnail size-thumbnail\" alt=\"\" title=\"\"><\/a><\/li><li><a data-fancybox=\"gallery929\" href=\"https:\/\/zxdoll.com\/wp-content\/uploads\/2023\/04\/have-sex-with-doll-5e3s27-533x800.jpg\" class=\"eig-popup\" title=\"\" data-caption=\"\" target=\"_blank\"><i class=\"icon-view\"><\/i><span class=\"overlay\"><\/span><img loading=\"lazy\" decoding=\"async\" width=\"150\" height=\"150\" src=\"https:\/\/zxdoll.com\/wp-content\/uploads\/2023\/04\/have-sex-with-doll-5e3s27-150x150.jpg\" class=\"attachment-thumbnail size-thumbnail\" alt=\"\" title=\"\"><\/a><\/li><li><a data-fancybox=\"gallery929\" href=\"https:\/\/zxdoll.com\/wp-content\/uploads\/2023\/04\/have-sex-with-doll-5e3s29-533x800.jpg\" class=\"eig-popup\" title=\"\" data-caption=\"\" target=\"_blank\"><i class=\"icon-view\"><\/i><span class=\"overlay\"><\/span><img loading=\"lazy\" decoding=\"async\" width=\"150\" height=\"150\" src=\"https:\/\/zxdoll.com\/wp-content\/uploads\/2023\/04\/have-sex-with-doll-5e3s29-150x150.jpg\" class=\"attachment-thumbnail size-thumbnail\" alt=\"\" title=\"\"><\/a><\/li><li><a data-fancybox=\"gallery929\" href=\"https:\/\/zxdoll.com\/wp-content\/uploads\/2023\/04\/have-sex-with-doll-5e3s30-533x800.jpg\" class=\"eig-popup\" title=\"\" data-caption=\"\" target=\"_blank\"><i class=\"icon-view\"><\/i><span class=\"overlay\"><\/span><img loading=\"lazy\" decoding=\"async\" width=\"150\" height=\"150\" src=\"https:\/\/zxdoll.com\/wp-content\/uploads\/2023\/04\/have-sex-with-doll-5e3s30-150x150.jpg\" class=\"attachment-thumbnail size-thumbnail\" alt=\"\" title=\"\"><\/a><\/li><li><a data-fancybox=\"gallery929\" href=\"https:\/\/zxdoll.com\/wp-content\/uploads\/2023\/04\/have-sex-with-doll-5e3s32-533x800.jpg\" class=\"eig-popup\" title=\"\" data-caption=\"\" target=\"_blank\"><i class=\"icon-view\"><\/i><span class=\"overlay\"><\/span><img loading=\"lazy\" decoding=\"async\" width=\"150\" height=\"150\" src=\"https:\/\/zxdoll.com\/wp-content\/uploads\/2023\/04\/have-sex-with-doll-5e3s32-150x150.jpg\" class=\"attachment-thumbnail size-thumbnail\" alt=\"\" title=\"\"><\/a><\/li><li><a data-fancybox=\"gallery929\" href=\"https:\/\/zxdoll.com\/wp-content\/uploads\/2023\/04\/have-sex-with-doll-5e3s33-533x800.jpg\" class=\"eig-popup\" title=\"\" data-caption=\"\" target=\"_blank\"><i class=\"icon-view\"><\/i><span class=\"overlay\"><\/span><img loading=\"lazy\" decoding=\"async\" width=\"150\" height=\"150\" src=\"https:\/\/zxdoll.com\/wp-content\/uploads\/2023\/04\/have-sex-with-doll-5e3s33-150x150.jpg\" class=\"attachment-thumbnail size-thumbnail\" alt=\"\" title=\"\"><\/a><\/li><li><a data-fancybox=\"gallery929\" href=\"https:\/\/zxdoll.com\/wp-content\/uploads\/2023\/04\/have-sex-with-doll-5e3s34-533x800.jpg\" class=\"eig-popup\" title=\"\" data-caption=\"\" target=\"_blank\"><i class=\"icon-view\"><\/i><span class=\"overlay\"><\/span><img loading=\"lazy\" decoding=\"async\" width=\"150\" height=\"150\" src=\"https:\/\/zxdoll.com\/wp-content\/uploads\/2023\/04\/have-sex-with-doll-5e3s34-150x150.jpg\" class=\"attachment-thumbnail size-thumbnail\" alt=\"\" title=\"\"><\/a><\/li><li><a data-fancybox=\"gallery929\" href=\"https:\/\/zxdoll.com\/wp-content\/uploads\/2023\/04\/have-sex-with-doll-5e3s36-533x800.jpg\" class=\"eig-popup\" title=\"\" data-caption=\"\" target=\"_blank\"><i class=\"icon-view\"><\/i><span class=\"overlay\"><\/span><img loading=\"lazy\" decoding=\"async\" width=\"150\" height=\"150\" src=\"https:\/\/zxdoll.com\/wp-content\/uploads\/2023\/04\/have-sex-with-doll-5e3s36-150x150.jpg\" class=\"attachment-thumbnail size-thumbnail\" alt=\"\" title=\"\"><\/a><\/li><li><a data-fancybox=\"gallery929\" href=\"https:\/\/zxdoll.com\/wp-content\/uploads\/2023\/04\/have-sex-with-doll-5e3s38-533x800.jpg\" class=\"eig-popup\" title=\"\" data-caption=\"\" target=\"_blank\"><i class=\"icon-view\"><\/i><span class=\"overlay\"><\/span><img loading=\"lazy\" decoding=\"async\" width=\"150\" height=\"150\" src=\"https:\/\/zxdoll.com\/wp-content\/uploads\/2023\/04\/have-sex-with-doll-5e3s38-150x150.jpg\" class=\"attachment-thumbnail size-thumbnail\" alt=\"\" title=\"\"><\/a><\/li><li><a data-fancybox=\"gallery929\" href=\"https:\/\/zxdoll.com\/wp-content\/uploads\/2023\/04\/have-sex-with-doll-5e3s39-533x800.jpg\" class=\"eig-popup\" title=\"\" data-caption=\"\" target=\"_blank\"><i class=\"icon-view\"><\/i><span class=\"overlay\"><\/span><img loading=\"lazy\" decoding=\"async\" width=\"150\" height=\"150\" src=\"https:\/\/zxdoll.com\/wp-content\/uploads\/2023\/04\/have-sex-with-doll-5e3s39-150x150.jpg\" class=\"attachment-thumbnail size-thumbnail\" alt=\"\" title=\"\"><\/a><\/li><\/ul>\n<h4>Tabele rozmiar\u00f3w<\/h4>\n<table width=\"269\">\n<tbody>\n<tr>\n<td width=\"130\">Materia\u0142<\/td>\n<td width=\"139\">TPE<\/td>\n<\/tr>\n<tr>\n<td>Wysoko\u015b\u0107<\/td>\n<td>163 CM<\/td>\n<\/tr>\n<tr>\n<td>Pier\u015b<\/td>\n<td>86cm<\/td>\n<\/tr>\n<tr>\n<td>Talia<\/td>\n<td>62cm<\/td>\n<\/tr>\n<tr>\n<td>Biodra<\/td>\n<td>94cm<\/td>\n<\/tr>\n<tr>\n<td>D\u0142ugo\u015b\u0107 ramienia<\/td>\n<td>67 cm<\/td>\n<\/tr>\n<tr>\n<td>Szeroko\u015b\u0107 ramienia<\/td>\n<td>35cm<\/td>\n<\/tr>\n<tr>\n<td>Obw\u00f3d \u0142ydki<\/td>\n<td>31 cm<\/td>\n<\/tr>\n<tr>\n<td>Obw\u00f3d uda<\/td>\n<td>51 cm<\/td>\n<\/tr>\n<tr>\n<td>D\u0142ugo\u015b\u0107 n\u00f3g<\/td>\n<td>88cm<\/td>\n<\/tr>\n<tr>\n<td>D\u0142ugo\u015b\u0107 stopy<\/td>\n<td>22,5 cm<\/td>\n<\/tr>\n<tr>\n<td>Waga netto<\/td>\n<td>36 kg<\/td>\n<\/tr>\n<tr>\n<td>G\u0142\u0119bia jamy ustnej<\/td>\n<td>12cm<\/td>\n<\/tr>\n<tr>\n<td>G\u0142\u0119boko\u015b\u0107 pochwy<\/td>\n<td>18 cm<\/td>\n<\/tr>\n<tr>\n<td>G\u0142\u0119boko\u015b\u0107 odbytu<\/td>\n<td>16cm<\/td>\n<\/tr>\n<\/tbody>\n<\/table>\n<h4>O Sex Doll<\/h4>\n<p>Du\u017ce lalki erotyczne to inna rasa; s\u0105 zawsze wi\u0119ksze ni\u017c inne lalki erotyczne i to dobrze, poniewa\u017c je\u015bli chodzi o zbieranie rzeczy, ka\u017cdy ma inny wyb\u00f3r. Nasza du\u017ca lalka erotyczna to lalka erotyczna z du\u017cymi cyckami, a je\u015bli lubisz lalki z du\u017cymi cyckami, \u0142atwiej b\u0119dzie ci wybra\u0107 pasuj\u0105c\u0105 lalk\u0119. Nasze lalki erotyczne z du\u017cymi cyckami s\u0105 jednymi z najwi\u0119kszych dodatk\u00f3w do naszej galerii, a ona jest lalk\u0105 Hentai, co oznacza, \u017ce ma dwie g\u0142\u00f3wne seksualne cz\u0119\u015bci cia\u0142a. Te du\u017ce lalki erotyczne s\u0105 troch\u0119 ci\u0119\u017csze ni\u017c zwyk\u0142e lalki, a to z powodu narzuconego im dodatkowego rozmiaru. Jednak seks z du\u017cymi lalkami erotycznymi jest przyjemny, poniewa\u017c masz co\u015b, czego mo\u017cesz si\u0119 trzyma\u0107, pchaj\u0105c j\u0105 swoim penisem. Je\u015bli chcesz cieszy\u0107 si\u0119 przyjemnym seksem lub towarzystwem, mo\u017cesz u\u0142atwi\u0107 sobie \u017cycie, kupuj\u0105c du\u017ce lalki erotyczne, zw\u0142aszcza je\u015bli poci\u0105gaj\u0105 Ci\u0119 grube i mi\u0119siste kobiety. Du\u017ca lalka erotyczna zajmuje wi\u0119cej miejsca; jej piersi mo\u017cna ssa\u0107, bawi\u0107 si\u0119 nimi lub pie\u015bci\u0107 podczas gry wst\u0119pnej; a jej twarz jest bardzo pulchna i pe\u0142na.<\/p>","protected":false},"excerpt":{"rendered":"<p>Sex Doll Obrazy Tabele rozmiar\u00f3w Materia\u0142 TPE Wysoko\u015b\u0107 163 cm Pier\u015b 86 cm Talia 62 cm Biodra 94 cm D\u0142ugo\u015b\u0107 ramienia 67 cm Szeroko\u015b\u0107 ramion<\/p>","protected":false},"featured_media":31744,"comment_status":"open","ping_status":"closed","template":"","meta":[],"product_brand":[],"product_cat":[97,75,230,107,117,119],"product_tag":[],"class_list":{"0":"post-31726","1":"product","2":"type-product","3":"status-publish","4":"has-post-thumbnail","6":"product_cat-real-life-sex-dolls","7":"product_cat-160cm-170cm-sex-dolls","8":"product_cat-36kg-40kg","9":"product_cat-skinny-sex-dolls","10":"product_cat-small-breast-sex-doll","11":"product_cat-tpe-sex-doll","12":"pa_brand-irontech-doll","13":"tm-has-options","15":"first","16":"instock","17":"sale","18":"shipping-taxable","19":"purchasable","20":"product-type-simple"},"_links":{"self":[{"href":"https:\/\/zxdoll.com\/pl\/wp-json\/wp\/v2\/product\/31726","targetHints":{"allow":["GET"]}}],"collection":[{"href":"https:\/\/zxdoll.com\/pl\/wp-json\/wp\/v2\/product"}],"about":[{"href":"https:\/\/zxdoll.com\/pl\/wp-json\/wp\/v2\/types\/product"}],"replies":[{"embeddable":true,"href":"https:\/\/zxdoll.com\/pl\/wp-json\/wp\/v2\/comments?post=31726"}],"version-history":[{"count":2,"href":"https:\/\/zxdoll.com\/pl\/wp-json\/wp\/v2\/product\/31726\/revisions"}],"predecessor-version":[{"id":101276,"href":"https:\/\/zxdoll.com\/pl\/wp-json\/wp\/v2\/product\/31726\/revisions\/101276"}],"wp:featuredmedia":[{"embeddable":true,"href":"https:\/\/zxdoll.com\/pl\/wp-json\/wp\/v2\/media\/31744"}],"wp:attachment":[{"href":"https:\/\/zxdoll.com\/pl\/wp-json\/wp\/v2\/media?parent=31726"}],"wp:term":[{"taxonomy":"product_brand","embeddable":true,"href":"https:\/\/zxdoll.com\/pl\/wp-json\/wp\/v2\/product_brand?post=31726"},{"taxonomy":"product_cat","embeddable":true,"href":"https:\/\/zxdoll.com\/pl\/wp-json\/wp\/v2\/product_cat?post=31726"},{"taxonomy":"product_tag","embeddable":true,"href":"https:\/\/zxdoll.com\/pl\/wp-json\/wp\/v2\/product_tag?post=31726"}],"curies":[{"name":"wp","href":"https:\/\/api.w.org\/{rel}","templated":true}]}}