{"id":30204,"date":"2023-04-02T05:19:29","date_gmt":"2023-04-01T21:19:29","guid":{"rendered":"https:\/\/zxdoll.com\/?post_type=product&#038;p=30204"},"modified":"2025-09-12T09:27:54","modified_gmt":"2025-09-12T01:27:54","slug":"affordable-blowjob-realistic-love-doll","status":"publish","type":"product","link":"https:\/\/zxdoll.com\/pl\/product\/affordable-blowjob-realistic-love-doll\/","title":{"rendered":"Niedrogie lodzik Realistyczna lalka mi\u0142o\u015bci Ofelia 159 cm"},"content":{"rendered":"<h4><strong>Zdj\u0119cia lalek erotycznych<\/strong><\/h4>\n\t                <ul class=\"easy-image-gallery thumbnails-23 linked\">\r\n                    <li><a data-fancybox=\"gallery453\" href=\"https:\/\/zxdoll.com\/wp-content\/uploads\/2023\/04\/madonn-doll-3e9k1-533x800.jpg\" class=\"eig-popup\" title=\"\" data-caption=\"\" target=\"_blank\"><i class=\"icon-view\"><\/i><span class=\"overlay\"><\/span><img decoding=\"async\" width=\"150\" height=\"150\" src=\"https:\/\/zxdoll.com\/wp-content\/uploads\/2023\/04\/madonn-doll-3e9k1-150x150.jpg\" class=\"attachment-thumbnail size-thumbnail\" alt=\"\" title=\"\"><\/a><\/li><li><a data-fancybox=\"gallery453\" href=\"https:\/\/zxdoll.com\/wp-content\/uploads\/2023\/04\/madonn-doll-3e9k2-533x800.jpg\" class=\"eig-popup\" title=\"\" data-caption=\"\" target=\"_blank\"><i class=\"icon-view\"><\/i><span class=\"overlay\"><\/span><img decoding=\"async\" width=\"150\" height=\"150\" src=\"https:\/\/zxdoll.com\/wp-content\/uploads\/2023\/04\/madonn-doll-3e9k2-150x150.jpg\" class=\"attachment-thumbnail size-thumbnail\" alt=\"\" title=\"\"><\/a><\/li><li><a data-fancybox=\"gallery453\" href=\"https:\/\/zxdoll.com\/wp-content\/uploads\/2023\/04\/madonn-doll-3e9k7-533x800.jpg\" class=\"eig-popup\" title=\"\" data-caption=\"\" target=\"_blank\"><i class=\"icon-view\"><\/i><span class=\"overlay\"><\/span><img decoding=\"async\" width=\"150\" height=\"150\" src=\"https:\/\/zxdoll.com\/wp-content\/uploads\/2023\/04\/madonn-doll-3e9k7-150x150.jpg\" class=\"attachment-thumbnail size-thumbnail\" alt=\"\" title=\"\"><\/a><\/li><li><a data-fancybox=\"gallery453\" href=\"https:\/\/zxdoll.com\/wp-content\/uploads\/2023\/04\/madonn-doll-3e9k11-533x800.jpg\" class=\"eig-popup\" title=\"\" data-caption=\"\" target=\"_blank\"><i class=\"icon-view\"><\/i><span class=\"overlay\"><\/span><img loading=\"lazy\" decoding=\"async\" width=\"150\" height=\"150\" src=\"https:\/\/zxdoll.com\/wp-content\/uploads\/2023\/04\/madonn-doll-3e9k11-150x150.jpg\" class=\"attachment-thumbnail size-thumbnail\" alt=\"\" title=\"\"><\/a><\/li><li><a data-fancybox=\"gallery453\" href=\"https:\/\/zxdoll.com\/wp-content\/uploads\/2023\/04\/madonn-doll-3e9k19-533x800.jpg\" class=\"eig-popup\" title=\"\" data-caption=\"\" target=\"_blank\"><i class=\"icon-view\"><\/i><span class=\"overlay\"><\/span><img loading=\"lazy\" decoding=\"async\" width=\"150\" height=\"150\" src=\"https:\/\/zxdoll.com\/wp-content\/uploads\/2023\/04\/madonn-doll-3e9k19-150x150.jpg\" class=\"attachment-thumbnail size-thumbnail\" alt=\"\" title=\"\"><\/a><\/li><li><a data-fancybox=\"gallery453\" href=\"https:\/\/zxdoll.com\/wp-content\/uploads\/2023\/04\/madonn-doll-3e9k20-533x800.jpg\" class=\"eig-popup\" title=\"\" data-caption=\"\" target=\"_blank\"><i class=\"icon-view\"><\/i><span class=\"overlay\"><\/span><img loading=\"lazy\" decoding=\"async\" width=\"150\" height=\"150\" src=\"https:\/\/zxdoll.com\/wp-content\/uploads\/2023\/04\/madonn-doll-3e9k20-150x150.jpg\" class=\"attachment-thumbnail size-thumbnail\" alt=\"\" title=\"\"><\/a><\/li><li><a data-fancybox=\"gallery453\" href=\"https:\/\/zxdoll.com\/wp-content\/uploads\/2023\/04\/madonn-doll-3e9k22-533x800.jpg\" class=\"eig-popup\" title=\"\" data-caption=\"\" target=\"_blank\"><i class=\"icon-view\"><\/i><span class=\"overlay\"><\/span><img loading=\"lazy\" decoding=\"async\" width=\"150\" height=\"150\" src=\"https:\/\/zxdoll.com\/wp-content\/uploads\/2023\/04\/madonn-doll-3e9k22-150x150.jpg\" class=\"attachment-thumbnail size-thumbnail\" alt=\"\" title=\"\"><\/a><\/li><li><a data-fancybox=\"gallery453\" href=\"https:\/\/zxdoll.com\/wp-content\/uploads\/2023\/04\/madonn-doll-3e9k25-533x800.jpg\" class=\"eig-popup\" title=\"\" data-caption=\"\" target=\"_blank\"><i class=\"icon-view\"><\/i><span class=\"overlay\"><\/span><img loading=\"lazy\" decoding=\"async\" width=\"150\" height=\"150\" src=\"https:\/\/zxdoll.com\/wp-content\/uploads\/2023\/04\/madonn-doll-3e9k25-150x150.jpg\" class=\"attachment-thumbnail size-thumbnail\" alt=\"\" title=\"\"><\/a><\/li><li><a data-fancybox=\"gallery453\" href=\"https:\/\/zxdoll.com\/wp-content\/uploads\/2023\/04\/madonn-doll-3e9k27-533x800.jpg\" class=\"eig-popup\" title=\"\" data-caption=\"\" target=\"_blank\"><i class=\"icon-view\"><\/i><span class=\"overlay\"><\/span><img loading=\"lazy\" decoding=\"async\" width=\"150\" height=\"150\" src=\"https:\/\/zxdoll.com\/wp-content\/uploads\/2023\/04\/madonn-doll-3e9k27-150x150.jpg\" class=\"attachment-thumbnail size-thumbnail\" alt=\"\" title=\"\"><\/a><\/li><li><a data-fancybox=\"gallery453\" href=\"https:\/\/zxdoll.com\/wp-content\/uploads\/2023\/04\/madonn-doll-3e9k29-533x800.jpg\" class=\"eig-popup\" title=\"\" data-caption=\"\" target=\"_blank\"><i class=\"icon-view\"><\/i><span class=\"overlay\"><\/span><img loading=\"lazy\" decoding=\"async\" width=\"150\" height=\"150\" src=\"https:\/\/zxdoll.com\/wp-content\/uploads\/2023\/04\/madonn-doll-3e9k29-150x150.jpg\" class=\"attachment-thumbnail size-thumbnail\" alt=\"\" title=\"\"><\/a><\/li><li><a data-fancybox=\"gallery453\" href=\"https:\/\/zxdoll.com\/wp-content\/uploads\/2023\/04\/madonn-doll-3e9k31-533x800.jpg\" class=\"eig-popup\" title=\"\" data-caption=\"\" target=\"_blank\"><i class=\"icon-view\"><\/i><span class=\"overlay\"><\/span><img loading=\"lazy\" decoding=\"async\" width=\"150\" height=\"150\" src=\"https:\/\/zxdoll.com\/wp-content\/uploads\/2023\/04\/madonn-doll-3e9k31-150x150.jpg\" class=\"attachment-thumbnail size-thumbnail\" alt=\"\" title=\"\"><\/a><\/li><li><a data-fancybox=\"gallery453\" href=\"https:\/\/zxdoll.com\/wp-content\/uploads\/2023\/04\/madonn-doll-3e9k33-533x800.jpg\" class=\"eig-popup\" title=\"\" data-caption=\"\" target=\"_blank\"><i class=\"icon-view\"><\/i><span class=\"overlay\"><\/span><img loading=\"lazy\" decoding=\"async\" width=\"150\" height=\"150\" src=\"https:\/\/zxdoll.com\/wp-content\/uploads\/2023\/04\/madonn-doll-3e9k33-150x150.jpg\" class=\"attachment-thumbnail size-thumbnail\" alt=\"\" title=\"\"><\/a><\/li><li><a data-fancybox=\"gallery453\" href=\"https:\/\/zxdoll.com\/wp-content\/uploads\/2023\/04\/madonn-doll-3e9k35-533x800.jpg\" class=\"eig-popup\" title=\"\" data-caption=\"\" target=\"_blank\"><i class=\"icon-view\"><\/i><span class=\"overlay\"><\/span><img loading=\"lazy\" decoding=\"async\" width=\"150\" height=\"150\" src=\"https:\/\/zxdoll.com\/wp-content\/uploads\/2023\/04\/madonn-doll-3e9k35-150x150.jpg\" class=\"attachment-thumbnail size-thumbnail\" alt=\"\" title=\"\"><\/a><\/li><li><a data-fancybox=\"gallery453\" href=\"https:\/\/zxdoll.com\/wp-content\/uploads\/2023\/04\/madonn-doll-3e9k39-533x800.jpg\" class=\"eig-popup\" title=\"\" data-caption=\"\" target=\"_blank\"><i class=\"icon-view\"><\/i><span class=\"overlay\"><\/span><img loading=\"lazy\" decoding=\"async\" width=\"150\" height=\"150\" src=\"https:\/\/zxdoll.com\/wp-content\/uploads\/2023\/04\/madonn-doll-3e9k39-150x150.jpg\" class=\"attachment-thumbnail size-thumbnail\" alt=\"\" title=\"\"><\/a><\/li><li><a data-fancybox=\"gallery453\" href=\"https:\/\/zxdoll.com\/wp-content\/uploads\/2023\/04\/madonn-doll-3e9k41-533x800.jpg\" class=\"eig-popup\" title=\"\" data-caption=\"\" target=\"_blank\"><i class=\"icon-view\"><\/i><span class=\"overlay\"><\/span><img loading=\"lazy\" decoding=\"async\" width=\"150\" height=\"150\" src=\"https:\/\/zxdoll.com\/wp-content\/uploads\/2023\/04\/madonn-doll-3e9k41-150x150.jpg\" class=\"attachment-thumbnail size-thumbnail\" alt=\"\" title=\"\"><\/a><\/li><li><a data-fancybox=\"gallery453\" href=\"https:\/\/zxdoll.com\/wp-content\/uploads\/2023\/04\/madonn-doll-3e9k43-533x800.jpg\" class=\"eig-popup\" title=\"\" data-caption=\"\" target=\"_blank\"><i class=\"icon-view\"><\/i><span class=\"overlay\"><\/span><img loading=\"lazy\" decoding=\"async\" width=\"150\" height=\"150\" src=\"https:\/\/zxdoll.com\/wp-content\/uploads\/2023\/04\/madonn-doll-3e9k43-150x150.jpg\" class=\"attachment-thumbnail size-thumbnail\" alt=\"\" title=\"\"><\/a><\/li><li><a data-fancybox=\"gallery453\" href=\"https:\/\/zxdoll.com\/wp-content\/uploads\/2023\/04\/madonn-doll-3e9k45-533x800.jpg\" class=\"eig-popup\" title=\"\" data-caption=\"\" target=\"_blank\"><i class=\"icon-view\"><\/i><span class=\"overlay\"><\/span><img loading=\"lazy\" decoding=\"async\" width=\"150\" height=\"150\" src=\"https:\/\/zxdoll.com\/wp-content\/uploads\/2023\/04\/madonn-doll-3e9k45-150x150.jpg\" class=\"attachment-thumbnail size-thumbnail\" alt=\"\" title=\"\"><\/a><\/li><li><a data-fancybox=\"gallery453\" href=\"https:\/\/zxdoll.com\/wp-content\/uploads\/2023\/04\/madonn-doll-3e9k47-533x800.jpg\" class=\"eig-popup\" title=\"\" data-caption=\"\" target=\"_blank\"><i class=\"icon-view\"><\/i><span class=\"overlay\"><\/span><img loading=\"lazy\" decoding=\"async\" width=\"150\" height=\"150\" src=\"https:\/\/zxdoll.com\/wp-content\/uploads\/2023\/04\/madonn-doll-3e9k47-150x150.jpg\" class=\"attachment-thumbnail size-thumbnail\" alt=\"\" title=\"\"><\/a><\/li><li><a data-fancybox=\"gallery453\" href=\"https:\/\/zxdoll.com\/wp-content\/uploads\/2023\/04\/madonn-doll-3e9k49-533x800.jpg\" class=\"eig-popup\" title=\"\" data-caption=\"\" target=\"_blank\"><i class=\"icon-view\"><\/i><span class=\"overlay\"><\/span><img loading=\"lazy\" decoding=\"async\" width=\"150\" height=\"150\" src=\"https:\/\/zxdoll.com\/wp-content\/uploads\/2023\/04\/madonn-doll-3e9k49-150x150.jpg\" class=\"attachment-thumbnail size-thumbnail\" alt=\"\" title=\"\"><\/a><\/li><li><a data-fancybox=\"gallery453\" href=\"https:\/\/zxdoll.com\/wp-content\/uploads\/2023\/04\/madonn-doll-3e9k50-533x800.jpg\" class=\"eig-popup\" title=\"\" data-caption=\"\" target=\"_blank\"><i class=\"icon-view\"><\/i><span class=\"overlay\"><\/span><img loading=\"lazy\" decoding=\"async\" width=\"150\" height=\"150\" src=\"https:\/\/zxdoll.com\/wp-content\/uploads\/2023\/04\/madonn-doll-3e9k50-150x150.jpg\" class=\"attachment-thumbnail size-thumbnail\" alt=\"\" title=\"\"><\/a><\/li><li><a data-fancybox=\"gallery453\" href=\"https:\/\/zxdoll.com\/wp-content\/uploads\/2023\/04\/madonn-doll-3e9k55-533x800.jpg\" class=\"eig-popup\" title=\"\" data-caption=\"\" target=\"_blank\"><i class=\"icon-view\"><\/i><span class=\"overlay\"><\/span><img loading=\"lazy\" decoding=\"async\" width=\"150\" height=\"150\" src=\"https:\/\/zxdoll.com\/wp-content\/uploads\/2023\/04\/madonn-doll-3e9k55-150x150.jpg\" class=\"attachment-thumbnail size-thumbnail\" alt=\"\" title=\"\"><\/a><\/li><li><a data-fancybox=\"gallery453\" href=\"https:\/\/zxdoll.com\/wp-content\/uploads\/2023\/04\/madonn-doll-3e9k57-533x800.jpg\" class=\"eig-popup\" title=\"\" data-caption=\"\" target=\"_blank\"><i class=\"icon-view\"><\/i><span class=\"overlay\"><\/span><img loading=\"lazy\" decoding=\"async\" width=\"150\" height=\"150\" src=\"https:\/\/zxdoll.com\/wp-content\/uploads\/2023\/04\/madonn-doll-3e9k57-150x150.jpg\" class=\"attachment-thumbnail size-thumbnail\" alt=\"\" title=\"\"><\/a><\/li><li><a data-fancybox=\"gallery453\" href=\"https:\/\/zxdoll.com\/wp-content\/uploads\/2023\/04\/madonn-doll-3e9k59-533x800.jpg\" class=\"eig-popup\" title=\"\" data-caption=\"\" target=\"_blank\"><i class=\"icon-view\"><\/i><span class=\"overlay\"><\/span><img loading=\"lazy\" decoding=\"async\" width=\"150\" height=\"150\" src=\"https:\/\/zxdoll.com\/wp-content\/uploads\/2023\/04\/madonn-doll-3e9k59-150x150.jpg\" class=\"attachment-thumbnail size-thumbnail\" alt=\"\" title=\"\"><\/a><\/li><\/ul>\n<h4>Tabele rozmiar\u00f3w<\/h4>\n<table width=\"269\">\n<tbody>\n<tr>\n<td width=\"130\">Materia\u0142<\/td>\n<td width=\"139\">TPE<\/td>\n<\/tr>\n<tr>\n<td>Wysoko\u015b\u0107<\/td>\n<td>159 cm<\/td>\n<\/tr>\n<tr>\n<td>Linia piersi<\/td>\n<td>85 cm<\/td>\n<\/tr>\n<tr>\n<td>Linia talii<\/td>\n<td>65cm<\/td>\n<\/tr>\n<tr>\n<td>Linia bioder<\/td>\n<td>100cm<\/td>\n<\/tr>\n<tr>\n<td>D\u0142ugo\u015b\u0107 ramienia<\/td>\n<td>66cm<\/td>\n<\/tr>\n<tr>\n<td>Szeroko\u015b\u0107 ramienia<\/td>\n<td>36,5 cm<\/td>\n<\/tr>\n<tr>\n<td>Linia \u0142ydek<\/td>\n<td>33cm<\/td>\n<\/tr>\n<tr>\n<td>Linia uda<\/td>\n<td>51,5 cm<\/td>\n<\/tr>\n<tr>\n<td>D\u0142ugo\u015b\u0107 n\u00f3g<\/td>\n<td>85,5 cm<\/td>\n<\/tr>\n<tr>\n<td>Rozmiar stopy<\/td>\n<td>22cm<\/td>\n<\/tr>\n<tr>\n<td>Waga netto<\/td>\n<td>38 kg<\/td>\n<\/tr>\n<tr>\n<td>G\u0142\u0119bia jamy ustnej<\/td>\n<td>12cm<\/td>\n<\/tr>\n<tr>\n<td>G\u0142\u0119boko\u015b\u0107 pochwy<\/td>\n<td>18 cm<\/td>\n<\/tr>\n<tr>\n<td>G\u0142\u0119boko\u015b\u0107 odbytu<\/td>\n<td>16cm<\/td>\n<\/tr>\n<\/tbody>\n<\/table>\n<h4>O Sex Doll<\/h4>\n<p>Ta azjatycka lalka mi\u0142osna zosta\u0142a zaprojektowana tak, aby odzwierciedla\u0142a wysoki poziom szczeg\u00f3\u0142owo\u015bci oraz realistyczne cechy. Rezultatem jest wysokiej jako\u015bci prawdziwa lalka kobieca, kt\u00f3ra zosta\u0142a zaprojektowana tak, aby zapewni\u0107 najwy\u017cszy poziom jako\u015bci i realizmu. W ten spos\u00f3b ufundujesz wiele pozytywnych recenzji na naszych forach lalek erotycznych. Dzi\u0119ki wysokiej jako\u015bci konstrukcji i realistycznym detalom ta lovedoll xxx gwarantuje bardzo przyjemne i g\u0142\u0119boko stymuluj\u0105ce spotkanie seksualne. Dzi\u0119ki po\u0142\u0105czeniu seksownego wygl\u0105du do wizualnej stymulacji, dodatkowo mo\u017cesz poczu\u0107 realistyczne tekstury, kt\u00f3re odpowiadaj\u0105 wysokim poziomom realistycznych efekt\u00f3w wizualnych.<\/p>\n<p>Co wi\u0119cej, ta japo\u0144ska prawdziwa lalka ma \u0142adn\u0105 buzi\u0119, cudowne w\u0142osy azjatyckiej lalki erotycznej i seksowne kobiece cia\u0142o, kt\u00f3re dope\u0142niaj\u0105 jej seksowny wygl\u0105d. Dzi\u0119ki temu uzyskasz ten sam poziom jako\u015bci, jakiego mo\u017cna oczekiwa\u0107 od najlepszych lalek do robienia loda w Internecie. Opr\u00f3cz kupowania na najlepszej stronie z lalkami erotycznymi, otrzymujesz r\u00f3wnie\u017c pewno\u015b\u0107, \u017ce otrzymasz tylko pozytywn\u0105 recenzj\u0119 lalek erotycznych. Hwene, z t\u0105 realistyczn\u0105 lalk\u0105 mi\u0142osn\u0105, mo\u017cesz mie\u0107 pewno\u015b\u0107, \u017ce b\u0119dziesz mie\u0107 naprawd\u0119 satysfakcjonuj\u0105ce spotkanie seksualne. Dlatego to \u017cycie jak lalka erotyczna jest idealne do realistycznego porno z lalkami erotycznymi.<\/p>","protected":false},"excerpt":{"rendered":"<p>Sex Doll Obrazy Tabele rozmiar\u00f3w Materia\u0142 TPE Wysoko\u015b\u0107 159 cm Linia piersi 85 cm Linia talii 65 cm Linia bioder 100 cm D\u0142ugo\u015b\u0107 ramienia<\/p>","protected":false},"featured_media":30205,"comment_status":"open","ping_status":"closed","template":"","meta":[],"product_brand":[],"product_cat":[97,112,230,116,115,119],"product_tag":[],"class_list":{"0":"post-30204","1":"product","2":"type-product","3":"status-publish","4":"has-post-thumbnail","6":"product_cat-real-life-sex-dolls","7":"product_cat-150cm-159cm-sex-dolls","8":"product_cat-36kg-40kg","9":"product_cat-big-boobs-sex-doll","10":"product_cat-big-booty-sex-doll","11":"product_cat-tpe-sex-doll","12":"pa_brand-irontech-doll","13":"tm-has-options","15":"first","16":"instock","17":"sale","18":"shipping-taxable","19":"purchasable","20":"product-type-simple"},"_links":{"self":[{"href":"https:\/\/zxdoll.com\/pl\/wp-json\/wp\/v2\/product\/30204","targetHints":{"allow":["GET"]}}],"collection":[{"href":"https:\/\/zxdoll.com\/pl\/wp-json\/wp\/v2\/product"}],"about":[{"href":"https:\/\/zxdoll.com\/pl\/wp-json\/wp\/v2\/types\/product"}],"replies":[{"embeddable":true,"href":"https:\/\/zxdoll.com\/pl\/wp-json\/wp\/v2\/comments?post=30204"}],"version-history":[{"count":3,"href":"https:\/\/zxdoll.com\/pl\/wp-json\/wp\/v2\/product\/30204\/revisions"}],"predecessor-version":[{"id":197762,"href":"https:\/\/zxdoll.com\/pl\/wp-json\/wp\/v2\/product\/30204\/revisions\/197762"}],"wp:featuredmedia":[{"embeddable":true,"href":"https:\/\/zxdoll.com\/pl\/wp-json\/wp\/v2\/media\/30205"}],"wp:attachment":[{"href":"https:\/\/zxdoll.com\/pl\/wp-json\/wp\/v2\/media?parent=30204"}],"wp:term":[{"taxonomy":"product_brand","embeddable":true,"href":"https:\/\/zxdoll.com\/pl\/wp-json\/wp\/v2\/product_brand?post=30204"},{"taxonomy":"product_cat","embeddable":true,"href":"https:\/\/zxdoll.com\/pl\/wp-json\/wp\/v2\/product_cat?post=30204"},{"taxonomy":"product_tag","embeddable":true,"href":"https:\/\/zxdoll.com\/pl\/wp-json\/wp\/v2\/product_tag?post=30204"}],"curies":[{"name":"wp","href":"https:\/\/api.w.org\/{rel}","templated":true}]}}