{"id":27901,"date":"2023-04-01T02:19:00","date_gmt":"2023-03-31T18:19:00","guid":{"rendered":"https:\/\/zxdoll.com\/?post_type=product&#038;p=27901"},"modified":"2025-09-16T03:26:52","modified_gmt":"2025-09-15T19:26:52","slug":"sexy-ass-affordable-sex-dolls-for-men","status":"publish","type":"product","link":"https:\/\/zxdoll.com\/pl\/product\/sexy-ass-affordable-sex-dolls-for-men\/","title":{"rendered":"Sexy Ass Niedrogie lalki erotyczne dla m\u0119\u017cczyzn Dusty 173 cm"},"content":{"rendered":"<h4><strong>Zdj\u0119cia lalek erotycznych<\/strong><\/h4>\n\t                <ul class=\"easy-image-gallery thumbnails-19 linked\">\r\n                    <li><a data-fancybox=\"gallery885\" href=\"https:\/\/zxdoll.com\/wp-content\/uploads\/2023\/04\/joy-love-dolls-q8it1-533x800.jpg\" class=\"eig-popup\" title=\"\" data-caption=\"\" target=\"_blank\"><i class=\"icon-view\"><\/i><span class=\"overlay\"><\/span><img decoding=\"async\" width=\"150\" height=\"150\" src=\"https:\/\/zxdoll.com\/wp-content\/uploads\/2023\/04\/joy-love-dolls-q8it1-150x150.jpg\" class=\"attachment-thumbnail size-thumbnail\" alt=\"\" title=\"\"><\/a><\/li><li><a data-fancybox=\"gallery885\" href=\"https:\/\/zxdoll.com\/wp-content\/uploads\/2023\/04\/joy-love-dolls-q8it2-533x800.jpg\" class=\"eig-popup\" title=\"\" data-caption=\"\" target=\"_blank\"><i class=\"icon-view\"><\/i><span class=\"overlay\"><\/span><img decoding=\"async\" width=\"150\" height=\"150\" src=\"https:\/\/zxdoll.com\/wp-content\/uploads\/2023\/04\/joy-love-dolls-q8it2-150x150.jpg\" class=\"attachment-thumbnail size-thumbnail\" alt=\"\" title=\"\"><\/a><\/li><li><a data-fancybox=\"gallery885\" href=\"https:\/\/zxdoll.com\/wp-content\/uploads\/2023\/04\/joy-love-dolls-q8it3-533x800.jpg\" class=\"eig-popup\" title=\"\" data-caption=\"\" target=\"_blank\"><i class=\"icon-view\"><\/i><span class=\"overlay\"><\/span><img decoding=\"async\" width=\"150\" height=\"150\" src=\"https:\/\/zxdoll.com\/wp-content\/uploads\/2023\/04\/joy-love-dolls-q8it3-150x150.jpg\" class=\"attachment-thumbnail size-thumbnail\" alt=\"\" title=\"\"><\/a><\/li><li><a data-fancybox=\"gallery885\" href=\"https:\/\/zxdoll.com\/wp-content\/uploads\/2023\/04\/joy-love-dolls-q8it4-533x800.jpg\" class=\"eig-popup\" title=\"\" data-caption=\"\" target=\"_blank\"><i class=\"icon-view\"><\/i><span class=\"overlay\"><\/span><img loading=\"lazy\" decoding=\"async\" width=\"150\" height=\"150\" src=\"https:\/\/zxdoll.com\/wp-content\/uploads\/2023\/04\/joy-love-dolls-q8it4-150x150.jpg\" class=\"attachment-thumbnail size-thumbnail\" alt=\"\" title=\"\"><\/a><\/li><li><a data-fancybox=\"gallery885\" href=\"https:\/\/zxdoll.com\/wp-content\/uploads\/2023\/04\/joy-love-dolls-q8it6-533x800.jpg\" class=\"eig-popup\" title=\"\" data-caption=\"\" target=\"_blank\"><i class=\"icon-view\"><\/i><span class=\"overlay\"><\/span><img loading=\"lazy\" decoding=\"async\" width=\"150\" height=\"150\" src=\"https:\/\/zxdoll.com\/wp-content\/uploads\/2023\/04\/joy-love-dolls-q8it6-150x150.jpg\" class=\"attachment-thumbnail size-thumbnail\" alt=\"\" title=\"\"><\/a><\/li><li><a data-fancybox=\"gallery885\" href=\"https:\/\/zxdoll.com\/wp-content\/uploads\/2023\/04\/joy-love-dolls-q8it7-533x800.jpg\" class=\"eig-popup\" title=\"\" data-caption=\"\" target=\"_blank\"><i class=\"icon-view\"><\/i><span class=\"overlay\"><\/span><img loading=\"lazy\" decoding=\"async\" width=\"150\" height=\"150\" src=\"https:\/\/zxdoll.com\/wp-content\/uploads\/2023\/04\/joy-love-dolls-q8it7-150x150.jpg\" class=\"attachment-thumbnail size-thumbnail\" alt=\"\" title=\"\"><\/a><\/li><li><a data-fancybox=\"gallery885\" href=\"https:\/\/zxdoll.com\/wp-content\/uploads\/2023\/04\/joy-love-dolls-q8it8-533x800.jpg\" class=\"eig-popup\" title=\"\" data-caption=\"\" target=\"_blank\"><i class=\"icon-view\"><\/i><span class=\"overlay\"><\/span><img loading=\"lazy\" decoding=\"async\" width=\"150\" height=\"150\" src=\"https:\/\/zxdoll.com\/wp-content\/uploads\/2023\/04\/joy-love-dolls-q8it8-150x150.jpg\" class=\"attachment-thumbnail size-thumbnail\" alt=\"\" title=\"\"><\/a><\/li><li><a data-fancybox=\"gallery885\" href=\"https:\/\/zxdoll.com\/wp-content\/uploads\/2023\/04\/joy-love-dolls-q8it9-533x800.jpg\" class=\"eig-popup\" title=\"\" data-caption=\"\" target=\"_blank\"><i class=\"icon-view\"><\/i><span class=\"overlay\"><\/span><img loading=\"lazy\" decoding=\"async\" width=\"150\" height=\"150\" src=\"https:\/\/zxdoll.com\/wp-content\/uploads\/2023\/04\/joy-love-dolls-q8it9-150x150.jpg\" class=\"attachment-thumbnail size-thumbnail\" alt=\"\" title=\"\"><\/a><\/li><li><a data-fancybox=\"gallery885\" href=\"https:\/\/zxdoll.com\/wp-content\/uploads\/2023\/04\/joy-love-dolls-q8it10-533x800.jpg\" class=\"eig-popup\" title=\"\" data-caption=\"\" target=\"_blank\"><i class=\"icon-view\"><\/i><span class=\"overlay\"><\/span><img loading=\"lazy\" decoding=\"async\" width=\"150\" height=\"150\" src=\"https:\/\/zxdoll.com\/wp-content\/uploads\/2023\/04\/joy-love-dolls-q8it10-150x150.jpg\" class=\"attachment-thumbnail size-thumbnail\" alt=\"\" title=\"\"><\/a><\/li><li><a data-fancybox=\"gallery885\" href=\"https:\/\/zxdoll.com\/wp-content\/uploads\/2023\/04\/joy-love-dolls-q8it11-533x800.jpg\" class=\"eig-popup\" title=\"\" data-caption=\"\" target=\"_blank\"><i class=\"icon-view\"><\/i><span class=\"overlay\"><\/span><img loading=\"lazy\" decoding=\"async\" width=\"150\" height=\"150\" src=\"https:\/\/zxdoll.com\/wp-content\/uploads\/2023\/04\/joy-love-dolls-q8it11-150x150.jpg\" class=\"attachment-thumbnail size-thumbnail\" alt=\"\" title=\"\"><\/a><\/li><li><a data-fancybox=\"gallery885\" href=\"https:\/\/zxdoll.com\/wp-content\/uploads\/2023\/04\/joy-love-dolls-q8it12-533x800.jpg\" class=\"eig-popup\" title=\"\" data-caption=\"\" target=\"_blank\"><i class=\"icon-view\"><\/i><span class=\"overlay\"><\/span><img loading=\"lazy\" decoding=\"async\" width=\"150\" height=\"150\" src=\"https:\/\/zxdoll.com\/wp-content\/uploads\/2023\/04\/joy-love-dolls-q8it12-150x150.jpg\" class=\"attachment-thumbnail size-thumbnail\" alt=\"\" title=\"\"><\/a><\/li><li><a data-fancybox=\"gallery885\" href=\"https:\/\/zxdoll.com\/wp-content\/uploads\/2023\/04\/joy-love-dolls-q8it13-533x800.jpg\" class=\"eig-popup\" title=\"\" data-caption=\"\" target=\"_blank\"><i class=\"icon-view\"><\/i><span class=\"overlay\"><\/span><img loading=\"lazy\" decoding=\"async\" width=\"150\" height=\"150\" src=\"https:\/\/zxdoll.com\/wp-content\/uploads\/2023\/04\/joy-love-dolls-q8it13-150x150.jpg\" class=\"attachment-thumbnail size-thumbnail\" alt=\"\" title=\"\"><\/a><\/li><li><a data-fancybox=\"gallery885\" href=\"https:\/\/zxdoll.com\/wp-content\/uploads\/2023\/04\/joy-love-dolls-q8it15-533x800.jpg\" class=\"eig-popup\" title=\"\" data-caption=\"\" target=\"_blank\"><i class=\"icon-view\"><\/i><span class=\"overlay\"><\/span><img loading=\"lazy\" decoding=\"async\" width=\"150\" height=\"150\" src=\"https:\/\/zxdoll.com\/wp-content\/uploads\/2023\/04\/joy-love-dolls-q8it15-150x150.jpg\" class=\"attachment-thumbnail size-thumbnail\" alt=\"\" title=\"\"><\/a><\/li><li><a data-fancybox=\"gallery885\" href=\"https:\/\/zxdoll.com\/wp-content\/uploads\/2023\/04\/joy-love-dolls-q8it16-533x800.jpg\" class=\"eig-popup\" title=\"\" data-caption=\"\" target=\"_blank\"><i class=\"icon-view\"><\/i><span class=\"overlay\"><\/span><img loading=\"lazy\" decoding=\"async\" width=\"150\" height=\"150\" src=\"https:\/\/zxdoll.com\/wp-content\/uploads\/2023\/04\/joy-love-dolls-q8it16-150x150.jpg\" class=\"attachment-thumbnail size-thumbnail\" alt=\"\" title=\"\"><\/a><\/li><li><a data-fancybox=\"gallery885\" href=\"https:\/\/zxdoll.com\/wp-content\/uploads\/2023\/04\/joy-love-dolls-q8it18-533x800.jpg\" class=\"eig-popup\" title=\"\" data-caption=\"\" target=\"_blank\"><i class=\"icon-view\"><\/i><span class=\"overlay\"><\/span><img loading=\"lazy\" decoding=\"async\" width=\"150\" height=\"150\" src=\"https:\/\/zxdoll.com\/wp-content\/uploads\/2023\/04\/joy-love-dolls-q8it18-150x150.jpg\" class=\"attachment-thumbnail size-thumbnail\" alt=\"\" title=\"\"><\/a><\/li><li><a data-fancybox=\"gallery885\" href=\"https:\/\/zxdoll.com\/wp-content\/uploads\/2023\/04\/joy-love-dolls-q8it19-533x800.jpg\" class=\"eig-popup\" title=\"\" data-caption=\"\" target=\"_blank\"><i class=\"icon-view\"><\/i><span class=\"overlay\"><\/span><img loading=\"lazy\" decoding=\"async\" width=\"150\" height=\"150\" src=\"https:\/\/zxdoll.com\/wp-content\/uploads\/2023\/04\/joy-love-dolls-q8it19-150x150.jpg\" class=\"attachment-thumbnail size-thumbnail\" alt=\"\" title=\"\"><\/a><\/li><li><a data-fancybox=\"gallery885\" href=\"https:\/\/zxdoll.com\/wp-content\/uploads\/2023\/04\/joy-love-dolls-q8it20-533x800.jpg\" class=\"eig-popup\" title=\"\" data-caption=\"\" target=\"_blank\"><i class=\"icon-view\"><\/i><span class=\"overlay\"><\/span><img loading=\"lazy\" decoding=\"async\" width=\"150\" height=\"150\" src=\"https:\/\/zxdoll.com\/wp-content\/uploads\/2023\/04\/joy-love-dolls-q8it20-150x150.jpg\" class=\"attachment-thumbnail size-thumbnail\" alt=\"\" title=\"\"><\/a><\/li><li><a data-fancybox=\"gallery885\" href=\"https:\/\/zxdoll.com\/wp-content\/uploads\/2023\/04\/joy-love-dolls-q8it22-533x800.jpg\" class=\"eig-popup\" title=\"\" data-caption=\"\" target=\"_blank\"><i class=\"icon-view\"><\/i><span class=\"overlay\"><\/span><img loading=\"lazy\" decoding=\"async\" width=\"150\" height=\"150\" src=\"https:\/\/zxdoll.com\/wp-content\/uploads\/2023\/04\/joy-love-dolls-q8it22-150x150.jpg\" class=\"attachment-thumbnail size-thumbnail\" alt=\"\" title=\"\"><\/a><\/li><li><a data-fancybox=\"gallery885\" href=\"https:\/\/zxdoll.com\/wp-content\/uploads\/2023\/04\/joy-love-dolls-q8it23-533x800.jpg\" class=\"eig-popup\" title=\"\" data-caption=\"\" target=\"_blank\"><i class=\"icon-view\"><\/i><span class=\"overlay\"><\/span><img loading=\"lazy\" decoding=\"async\" width=\"150\" height=\"150\" src=\"https:\/\/zxdoll.com\/wp-content\/uploads\/2023\/04\/joy-love-dolls-q8it23-150x150.jpg\" class=\"attachment-thumbnail size-thumbnail\" alt=\"\" title=\"\"><\/a><\/li><\/ul>\n<h4>Tabele rozmiar\u00f3w<\/h4>\n<table width=\"203\">\n<tbody>\n<tr>\n<td width=\"124\">Materia\u0142<\/td>\n<td width=\"79\">TPE<\/td>\n<\/tr>\n<tr>\n<td>Wysoko\u015b\u0107<\/td>\n<td>173 cm<\/td>\n<\/tr>\n<tr>\n<td>Biust<\/td>\n<td>86cm<\/td>\n<\/tr>\n<tr>\n<td>Talia<\/td>\n<td>68 cm<\/td>\n<\/tr>\n<tr>\n<td>Biodro<\/td>\n<td>91 cm<\/td>\n<\/tr>\n<tr>\n<td>Rami\u0119<\/td>\n<td>37 cm<\/td>\n<\/tr>\n<tr>\n<td>Rami\u0119<\/td>\n<td>71cm<\/td>\n<\/tr>\n<tr>\n<td>Noga<\/td>\n<td>97 cm<\/td>\n<\/tr>\n<tr>\n<td width=\"124\">Stopa<\/td>\n<td>22cm<\/td>\n<\/tr>\n<tr>\n<td width=\"124\">Waga netto<\/td>\n<td>43 kg<\/td>\n<\/tr>\n<tr>\n<td>G\u0142\u0119bia jamy ustnej<\/td>\n<td>13 cm<\/td>\n<\/tr>\n<tr>\n<td>G\u0142\u0119boko\u015b\u0107 pochwy<\/td>\n<td>18 cm<\/td>\n<\/tr>\n<tr>\n<td>G\u0142\u0119boko\u015b\u0107 odbytu<\/td>\n<td>17cm<\/td>\n<\/tr>\n<\/tbody>\n<\/table>\n<h4>O Sex Doll<\/h4>\n<p>Lalki Nova to \u017cywe lalki, kt\u00f3re mo\u017cna znale\u017a\u0107 w ciemnej sieci; s\u0105 bardzo rzadkie, a znalezienie ich wymaga czego\u015b wi\u0119cej ni\u017c zwyk\u0142ego wyszukiwania w Google. Lalka Nova cieszy si\u0119 szacunkiem, a wi\u0119kszo\u015b\u0107 os\u00f3b, kt\u00f3re j\u0105 posiadaj\u0105, uwa\u017ca si\u0119 za szcz\u0119\u015bciarzy.<\/p>\n<p>Lalka Nova to naga lalka mi\u0142o\u015bci. Ma seksowne cia\u0142o, a kiedy spojrzysz na jej pi\u0119kne cia\u0142o, natychmiast si\u0119 podniecasz. Jest klasyfikowana jako jedna z mega-seksownych lalek; jest tak\u017ce lalk\u0105 striptizerk\u0105, co wyja\u015bnia, dlaczego jej nagie cia\u0142o tak dzia\u0142a na ludzi; ona na to pracowa\u0142a. Ta lalka erotyczna pokimane jest r\u00f3wnie\u017c nazywana \u201eoddychaj\u0105c\u0105 lalk\u0105\u201d. Jest lalk\u0105, ale wygl\u0105da bardzo ludzko, co dodatkowo podkre\u015bla jej du\u017cy ty\u0142ek. Jest lalk\u0105 z du\u017cym ty\u0142kiem, bardzo poszukiwan\u0105 przez m\u0119\u017cczyzn, kt\u00f3rzy maj\u0105 fetysz na kobiety z du\u017cymi pupami. Zamiast siedzie\u0107 i czeka\u0107 na kobiet\u0119 swoich marze\u0144, kup sobie lalk\u0119 Nova i obserwuj, jak zmienia si\u0119 Twoje \u017cycie. Po z\u0142o\u017ceniu zam\u00f3wienia lalka zostanie natychmiast wys\u0142ana do Ciebie, a jej dotarcie do Twojej lokalizacji zajmuje co najmniej trzy do pi\u0119ciu dni.<\/p>","protected":false},"excerpt":{"rendered":"<p>Sex Doll Obrazy Tabele rozmiar\u00f3w Materia\u0142 TPE Wysoko\u015b\u0107 173 cm Biust 86 cm Talia 68 cm Biodra 91 cm Rami\u0119 37 cm Rami\u0119 71 cm Noga<\/p>","protected":false},"featured_media":27904,"comment_status":"open","ping_status":"closed","template":"","meta":[],"product_brand":[],"product_cat":[96,231,124,107,117,119],"product_tag":[],"class_list":{"0":"post-27901","1":"product","2":"type-product","3":"status-publish","4":"has-post-thumbnail","6":"product_cat-real-sex-dolls","7":"product_cat-41kg-45kg","8":"product_cat-above-171cm-sex-dolls","9":"product_cat-skinny-sex-dolls","10":"product_cat-small-breast-sex-doll","11":"product_cat-tpe-sex-doll","12":"pa_brand-sy-doll","13":"tm-has-options","15":"first","16":"instock","17":"sale","18":"shipping-taxable","19":"purchasable","20":"product-type-simple"},"_links":{"self":[{"href":"https:\/\/zxdoll.com\/pl\/wp-json\/wp\/v2\/product\/27901","targetHints":{"allow":["GET"]}}],"collection":[{"href":"https:\/\/zxdoll.com\/pl\/wp-json\/wp\/v2\/product"}],"about":[{"href":"https:\/\/zxdoll.com\/pl\/wp-json\/wp\/v2\/types\/product"}],"replies":[{"embeddable":true,"href":"https:\/\/zxdoll.com\/pl\/wp-json\/wp\/v2\/comments?post=27901"}],"version-history":[{"count":2,"href":"https:\/\/zxdoll.com\/pl\/wp-json\/wp\/v2\/product\/27901\/revisions"}],"predecessor-version":[{"id":100726,"href":"https:\/\/zxdoll.com\/pl\/wp-json\/wp\/v2\/product\/27901\/revisions\/100726"}],"wp:featuredmedia":[{"embeddable":true,"href":"https:\/\/zxdoll.com\/pl\/wp-json\/wp\/v2\/media\/27904"}],"wp:attachment":[{"href":"https:\/\/zxdoll.com\/pl\/wp-json\/wp\/v2\/media?parent=27901"}],"wp:term":[{"taxonomy":"product_brand","embeddable":true,"href":"https:\/\/zxdoll.com\/pl\/wp-json\/wp\/v2\/product_brand?post=27901"},{"taxonomy":"product_cat","embeddable":true,"href":"https:\/\/zxdoll.com\/pl\/wp-json\/wp\/v2\/product_cat?post=27901"},{"taxonomy":"product_tag","embeddable":true,"href":"https:\/\/zxdoll.com\/pl\/wp-json\/wp\/v2\/product_tag?post=27901"}],"curies":[{"name":"wp","href":"https:\/\/api.w.org\/{rel}","templated":true}]}}