{"id":24144,"date":"2023-03-27T03:11:58","date_gmt":"2023-03-26T19:11:58","guid":{"rendered":"https:\/\/zxdoll.com\/?post_type=product&#038;p=24144"},"modified":"2025-09-15T02:24:29","modified_gmt":"2025-09-14T18:24:29","slug":"big-booty-thick-lust-doll-plus-size","status":"publish","type":"product","link":"https:\/\/zxdoll.com\/pl\/product\/big-booty-thick-lust-doll-plus-size\/","title":{"rendered":"Big Booty Gruba Lust Doll Plus Size Reiko 152cm"},"content":{"rendered":"<h4><strong>Zdj\u0119cia lalek erotycznych<\/strong><\/h4>\n\t                <ul class=\"easy-image-gallery thumbnails-16 linked\">\r\n                    <li><a data-fancybox=\"gallery352\" href=\"https:\/\/zxdoll.com\/wp-content\/uploads\/2023\/03\/real-doll-vagina-s2ki1-533x800.jpg\" class=\"eig-popup\" title=\"\" data-caption=\"\" target=\"_blank\"><i class=\"icon-view\"><\/i><span class=\"overlay\"><\/span><img decoding=\"async\" width=\"150\" height=\"150\" src=\"https:\/\/zxdoll.com\/wp-content\/uploads\/2023\/03\/real-doll-vagina-s2ki1-150x150.jpg\" class=\"attachment-thumbnail size-thumbnail\" alt=\"\" title=\"\"><\/a><\/li><li><a data-fancybox=\"gallery352\" href=\"https:\/\/zxdoll.com\/wp-content\/uploads\/2023\/03\/real-doll-vagina-s2ki3-1-533x800.jpg\" class=\"eig-popup\" title=\"\" data-caption=\"\" target=\"_blank\"><i class=\"icon-view\"><\/i><span class=\"overlay\"><\/span><img decoding=\"async\" width=\"150\" height=\"150\" src=\"https:\/\/zxdoll.com\/wp-content\/uploads\/2023\/03\/real-doll-vagina-s2ki3-1-150x150.jpg\" class=\"attachment-thumbnail size-thumbnail\" alt=\"\" title=\"\"><\/a><\/li><li><a data-fancybox=\"gallery352\" href=\"https:\/\/zxdoll.com\/wp-content\/uploads\/2023\/03\/real-doll-vagina-s2ki4-533x800.jpg\" class=\"eig-popup\" title=\"\" data-caption=\"\" target=\"_blank\"><i class=\"icon-view\"><\/i><span class=\"overlay\"><\/span><img decoding=\"async\" width=\"150\" height=\"150\" src=\"https:\/\/zxdoll.com\/wp-content\/uploads\/2023\/03\/real-doll-vagina-s2ki4-150x150.jpg\" class=\"attachment-thumbnail size-thumbnail\" alt=\"\" title=\"\"><\/a><\/li><li><a data-fancybox=\"gallery352\" href=\"https:\/\/zxdoll.com\/wp-content\/uploads\/2023\/03\/real-doll-vagina-s2ki5-533x800.jpg\" class=\"eig-popup\" title=\"\" data-caption=\"\" target=\"_blank\"><i class=\"icon-view\"><\/i><span class=\"overlay\"><\/span><img loading=\"lazy\" decoding=\"async\" width=\"150\" height=\"150\" src=\"https:\/\/zxdoll.com\/wp-content\/uploads\/2023\/03\/real-doll-vagina-s2ki5-150x150.jpg\" class=\"attachment-thumbnail size-thumbnail\" alt=\"\" title=\"\"><\/a><\/li><li><a data-fancybox=\"gallery352\" href=\"https:\/\/zxdoll.com\/wp-content\/uploads\/2023\/03\/real-doll-vagina-s2ki8-533x800.jpg\" class=\"eig-popup\" title=\"\" data-caption=\"\" target=\"_blank\"><i class=\"icon-view\"><\/i><span class=\"overlay\"><\/span><img loading=\"lazy\" decoding=\"async\" width=\"150\" height=\"150\" src=\"https:\/\/zxdoll.com\/wp-content\/uploads\/2023\/03\/real-doll-vagina-s2ki8-150x150.jpg\" class=\"attachment-thumbnail size-thumbnail\" alt=\"\" title=\"\"><\/a><\/li><li><a data-fancybox=\"gallery352\" href=\"https:\/\/zxdoll.com\/wp-content\/uploads\/2023\/03\/real-doll-vagina-s2ki9-533x800.jpg\" class=\"eig-popup\" title=\"\" data-caption=\"\" target=\"_blank\"><i class=\"icon-view\"><\/i><span class=\"overlay\"><\/span><img loading=\"lazy\" decoding=\"async\" width=\"150\" height=\"150\" src=\"https:\/\/zxdoll.com\/wp-content\/uploads\/2023\/03\/real-doll-vagina-s2ki9-150x150.jpg\" class=\"attachment-thumbnail size-thumbnail\" alt=\"\" title=\"\"><\/a><\/li><li><a data-fancybox=\"gallery352\" href=\"https:\/\/zxdoll.com\/wp-content\/uploads\/2023\/03\/real-doll-vagina-s2ki10-533x800.jpg\" class=\"eig-popup\" title=\"\" data-caption=\"\" target=\"_blank\"><i class=\"icon-view\"><\/i><span class=\"overlay\"><\/span><img loading=\"lazy\" decoding=\"async\" width=\"150\" height=\"150\" src=\"https:\/\/zxdoll.com\/wp-content\/uploads\/2023\/03\/real-doll-vagina-s2ki10-150x150.jpg\" class=\"attachment-thumbnail size-thumbnail\" alt=\"\" title=\"\"><\/a><\/li><li><a data-fancybox=\"gallery352\" href=\"https:\/\/zxdoll.com\/wp-content\/uploads\/2023\/03\/real-doll-vagina-s2ki11-533x800.jpg\" class=\"eig-popup\" title=\"\" data-caption=\"\" target=\"_blank\"><i class=\"icon-view\"><\/i><span class=\"overlay\"><\/span><img loading=\"lazy\" decoding=\"async\" width=\"150\" height=\"150\" src=\"https:\/\/zxdoll.com\/wp-content\/uploads\/2023\/03\/real-doll-vagina-s2ki11-150x150.jpg\" class=\"attachment-thumbnail size-thumbnail\" alt=\"\" title=\"\"><\/a><\/li><li><a data-fancybox=\"gallery352\" href=\"https:\/\/zxdoll.com\/wp-content\/uploads\/2023\/03\/real-doll-vagina-s2ki12-533x800.jpg\" class=\"eig-popup\" title=\"\" data-caption=\"\" target=\"_blank\"><i class=\"icon-view\"><\/i><span class=\"overlay\"><\/span><img loading=\"lazy\" decoding=\"async\" width=\"150\" height=\"150\" src=\"https:\/\/zxdoll.com\/wp-content\/uploads\/2023\/03\/real-doll-vagina-s2ki12-150x150.jpg\" class=\"attachment-thumbnail size-thumbnail\" alt=\"\" title=\"\"><\/a><\/li><li><a data-fancybox=\"gallery352\" href=\"https:\/\/zxdoll.com\/wp-content\/uploads\/2023\/03\/real-doll-vagina-s2ki21-533x800.jpg\" class=\"eig-popup\" title=\"\" data-caption=\"\" target=\"_blank\"><i class=\"icon-view\"><\/i><span class=\"overlay\"><\/span><img loading=\"lazy\" decoding=\"async\" width=\"150\" height=\"150\" src=\"https:\/\/zxdoll.com\/wp-content\/uploads\/2023\/03\/real-doll-vagina-s2ki21-150x150.jpg\" class=\"attachment-thumbnail size-thumbnail\" alt=\"\" title=\"\"><\/a><\/li><li><a data-fancybox=\"gallery352\" href=\"https:\/\/zxdoll.com\/wp-content\/uploads\/2023\/03\/real-doll-vagina-s2ki22-533x800.jpg\" class=\"eig-popup\" title=\"\" data-caption=\"\" target=\"_blank\"><i class=\"icon-view\"><\/i><span class=\"overlay\"><\/span><img loading=\"lazy\" decoding=\"async\" width=\"150\" height=\"150\" src=\"https:\/\/zxdoll.com\/wp-content\/uploads\/2023\/03\/real-doll-vagina-s2ki22-150x150.jpg\" class=\"attachment-thumbnail size-thumbnail\" alt=\"\" title=\"\"><\/a><\/li><li><a data-fancybox=\"gallery352\" href=\"https:\/\/zxdoll.com\/wp-content\/uploads\/2023\/03\/real-doll-vagina-s2ki23-533x800.jpg\" class=\"eig-popup\" title=\"\" data-caption=\"\" target=\"_blank\"><i class=\"icon-view\"><\/i><span class=\"overlay\"><\/span><img loading=\"lazy\" decoding=\"async\" width=\"150\" height=\"150\" src=\"https:\/\/zxdoll.com\/wp-content\/uploads\/2023\/03\/real-doll-vagina-s2ki23-150x150.jpg\" class=\"attachment-thumbnail size-thumbnail\" alt=\"\" title=\"\"><\/a><\/li><li><a data-fancybox=\"gallery352\" href=\"https:\/\/zxdoll.com\/wp-content\/uploads\/2023\/03\/real-doll-vagina-s2ki24-533x800.jpg\" class=\"eig-popup\" title=\"\" data-caption=\"\" target=\"_blank\"><i class=\"icon-view\"><\/i><span class=\"overlay\"><\/span><img loading=\"lazy\" decoding=\"async\" width=\"150\" height=\"150\" src=\"https:\/\/zxdoll.com\/wp-content\/uploads\/2023\/03\/real-doll-vagina-s2ki24-150x150.jpg\" class=\"attachment-thumbnail size-thumbnail\" alt=\"\" title=\"\"><\/a><\/li><li><a data-fancybox=\"gallery352\" href=\"https:\/\/zxdoll.com\/wp-content\/uploads\/2023\/03\/real-doll-vagina-s2ki25-533x800.jpg\" class=\"eig-popup\" title=\"\" data-caption=\"\" target=\"_blank\"><i class=\"icon-view\"><\/i><span class=\"overlay\"><\/span><img loading=\"lazy\" decoding=\"async\" width=\"150\" height=\"150\" src=\"https:\/\/zxdoll.com\/wp-content\/uploads\/2023\/03\/real-doll-vagina-s2ki25-150x150.jpg\" class=\"attachment-thumbnail size-thumbnail\" alt=\"\" title=\"\"><\/a><\/li><li><a data-fancybox=\"gallery352\" href=\"https:\/\/zxdoll.com\/wp-content\/uploads\/2023\/03\/real-doll-vagina-s2ki27-533x800.jpg\" class=\"eig-popup\" title=\"\" data-caption=\"\" target=\"_blank\"><i class=\"icon-view\"><\/i><span class=\"overlay\"><\/span><img loading=\"lazy\" decoding=\"async\" width=\"150\" height=\"150\" src=\"https:\/\/zxdoll.com\/wp-content\/uploads\/2023\/03\/real-doll-vagina-s2ki27-150x150.jpg\" class=\"attachment-thumbnail size-thumbnail\" alt=\"\" title=\"\"><\/a><\/li><li><a data-fancybox=\"gallery352\" href=\"https:\/\/zxdoll.com\/wp-content\/uploads\/2023\/03\/real-doll-vagina-s2ki28-533x800.jpg\" class=\"eig-popup\" title=\"\" data-caption=\"\" target=\"_blank\"><i class=\"icon-view\"><\/i><span class=\"overlay\"><\/span><img loading=\"lazy\" decoding=\"async\" width=\"150\" height=\"150\" src=\"https:\/\/zxdoll.com\/wp-content\/uploads\/2023\/03\/real-doll-vagina-s2ki28-150x150.jpg\" class=\"attachment-thumbnail size-thumbnail\" alt=\"\" title=\"\"><\/a><\/li><\/ul>\n<h4>Tabele rozmiar\u00f3w<\/h4>\n<table width=\"203\">\n<tbody>\n<tr>\n<td width=\"124\">Materia\u0142<\/td>\n<td width=\"79\">TPE<\/td>\n<\/tr>\n<tr>\n<td>Wysoko\u015b\u0107<\/td>\n<td>152 cm<\/td>\n<\/tr>\n<tr>\n<td>Biust<\/td>\n<td>80cm<\/td>\n<\/tr>\n<tr>\n<td>Talia<\/td>\n<td>59 cm<\/td>\n<\/tr>\n<tr>\n<td>Biodro<\/td>\n<td>97 cm<\/td>\n<\/tr>\n<tr>\n<td>Rami\u0119<\/td>\n<td>37 cm<\/td>\n<\/tr>\n<tr>\n<td>Rami\u0119<\/td>\n<td>57 cm<\/td>\n<\/tr>\n<tr>\n<td>Noga<\/td>\n<td>85 cm<\/td>\n<\/tr>\n<tr>\n<td width=\"124\">Stopa<\/td>\n<td>18 cm<\/td>\n<\/tr>\n<tr>\n<td width=\"124\">Waga netto<\/td>\n<td>38 kg<\/td>\n<\/tr>\n<tr>\n<td>G\u0142\u0119bia jamy ustnej<\/td>\n<td>13 cm<\/td>\n<\/tr>\n<tr>\n<td>G\u0142\u0119boko\u015b\u0107 pochwy<\/td>\n<td>18 cm<\/td>\n<\/tr>\n<tr>\n<td>G\u0142\u0119boko\u015b\u0107 odbytu<\/td>\n<td>17cm<\/td>\n<\/tr>\n<\/tbody>\n<\/table>\n<h4>O Sex Doll<\/h4>\n<p>M\u0119\u017cczy\u017ani kochaj\u0105 kobiety z d\u0142ugimi w\u0142osami; chocia\u017c mo\u017ce to nie dotyczy\u0107 wszystkich, wi\u0119kszo\u015b\u0107 m\u0119\u017cczyzn odkry\u0142a, \u017ce poci\u0105gaj\u0105 ich kobiety z d\u0142ugimi w\u0142osami. Wprowadzili\u015bmy lalki d\u0142ugow\u0142ose; jest r\u00f3wnie\u017c znana jako \u201elaleczka erotyczna z du\u017cymi ty\u0142kami\u201d ze wzgl\u0119du na to, jak du\u017ca jest.<\/p>\n<p>Nie wszyscy m\u0119\u017cczy\u017ani chc\u0105 w swoim \u017cyciu szczup\u0142ej kobiety; niekt\u00f3rzy z nich chc\u0105 grubej kobiety i to jest pow\u00f3d, dla kt\u00f3rego wprowadzono grub\u0105 lalk\u0119 erotyczn\u0105, kt\u00f3ra daje m\u0119\u017cczyznom przywilej robienia wszystkiego, na co maj\u0105 ochot\u0119. Grube dziewczyny powoli zaw\u0142adn\u0119\u0142y \u015bwiatem, a grube lalki s\u0105 dost\u0119pne w r\u00f3\u017cnych typach i wyznaniach.<\/p>\n<p>Grube dziewczyny sta\u0142y si\u0119 bardzo popularne ze wzgl\u0119du na sw\u00f3j rozmiar. S\u0105 to lalki erotyczne gwiazd porno i mo\u017cesz ich u\u017cywa\u0107 w swoich filmach porno.<\/p>\n<p>Kolejn\u0105 cudown\u0105 rzecz\u0105 w grubej lalce erotycznej jest to, \u017ce jest doros\u0142\u0105 lalk\u0105; ona ma dziur\u0119 w pochwie; a ona jest analn\u0105 seks-lalk\u0105. Zdobycie prawdziwej lalki erotycznej mo\u017ce wydawa\u0107 si\u0119 \u0142atwe, ale tak naprawd\u0119 nie jest. Ale mo\u017cesz zdoby\u0107 Lust Doll Plus. Mamy kilka lalek w rozmiarze plus, kt\u00f3re s\u0105 gotowe na imprez\u0119 i wkr\u00f3tce musimy si\u0119 nimi zaj\u0105\u0107.<\/p>","protected":false},"excerpt":{"rendered":"<p>Sex Doll Obrazy Tabele rozmiar\u00f3w Materia\u0142 TPE Wysoko\u015b\u0107 152 cm Biust 80 cm Talia 59 cm Biodra 97 cm Rami\u0119 37 cm Rami\u0119 57 cm Noga<\/p>","protected":false},"featured_media":24145,"comment_status":"open","ping_status":"closed","template":"","meta":[],"product_brand":[],"product_cat":[96,112,230,107,117,119],"product_tag":[],"class_list":{"0":"post-24144","1":"product","2":"type-product","3":"status-publish","4":"has-post-thumbnail","6":"product_cat-real-sex-dolls","7":"product_cat-150cm-159cm-sex-dolls","8":"product_cat-36kg-40kg","9":"product_cat-skinny-sex-dolls","10":"product_cat-small-breast-sex-doll","11":"product_cat-tpe-sex-doll","12":"pa_brand-sy-doll","13":"tm-has-options","15":"first","16":"instock","17":"sale","18":"shipping-taxable","19":"purchasable","20":"product-type-simple"},"_links":{"self":[{"href":"https:\/\/zxdoll.com\/pl\/wp-json\/wp\/v2\/product\/24144","targetHints":{"allow":["GET"]}}],"collection":[{"href":"https:\/\/zxdoll.com\/pl\/wp-json\/wp\/v2\/product"}],"about":[{"href":"https:\/\/zxdoll.com\/pl\/wp-json\/wp\/v2\/types\/product"}],"replies":[{"embeddable":true,"href":"https:\/\/zxdoll.com\/pl\/wp-json\/wp\/v2\/comments?post=24144"}],"version-history":[{"count":1,"href":"https:\/\/zxdoll.com\/pl\/wp-json\/wp\/v2\/product\/24144\/revisions"}],"predecessor-version":[{"id":101569,"href":"https:\/\/zxdoll.com\/pl\/wp-json\/wp\/v2\/product\/24144\/revisions\/101569"}],"wp:featuredmedia":[{"embeddable":true,"href":"https:\/\/zxdoll.com\/pl\/wp-json\/wp\/v2\/media\/24145"}],"wp:attachment":[{"href":"https:\/\/zxdoll.com\/pl\/wp-json\/wp\/v2\/media?parent=24144"}],"wp:term":[{"taxonomy":"product_brand","embeddable":true,"href":"https:\/\/zxdoll.com\/pl\/wp-json\/wp\/v2\/product_brand?post=24144"},{"taxonomy":"product_cat","embeddable":true,"href":"https:\/\/zxdoll.com\/pl\/wp-json\/wp\/v2\/product_cat?post=24144"},{"taxonomy":"product_tag","embeddable":true,"href":"https:\/\/zxdoll.com\/pl\/wp-json\/wp\/v2\/product_tag?post=24144"}],"curies":[{"name":"wp","href":"https:\/\/api.w.org\/{rel}","templated":true}]}}