{"id":191516,"date":"2025-08-29T13:05:49","date_gmt":"2025-08-29T05:05:49","guid":{"rendered":"https:\/\/zxdoll.com\/?post_type=product&#038;p=191516"},"modified":"2025-09-03T02:02:43","modified_gmt":"2025-09-02T18:02:43","slug":"harmon-has-sex-with-doll","status":"publish","type":"product","link":"https:\/\/zxdoll.com\/pl\/product\/harmon-has-sex-with-doll\/","title":{"rendered":"Harmon Has Sex With Doll Jannette 165cm"},"content":{"rendered":"<h4><strong>Zdj\u0119cia lalek erotycznych<\/strong><\/h4>\n\t                <ul class=\"easy-image-gallery thumbnails-19 linked\">\r\n                    <li><a data-fancybox=\"gallery217\" href=\"https:\/\/zxdoll.com\/wp-content\/uploads\/2025\/08\/real-sex-doll-bbw-kMw79b1-533x800.jpg\" class=\"eig-popup\" title=\"\" data-caption=\"\" target=\"_blank\"><i class=\"icon-view\"><\/i><span class=\"overlay\"><\/span><img decoding=\"async\" width=\"150\" height=\"150\" src=\"https:\/\/zxdoll.com\/wp-content\/uploads\/2025\/08\/real-sex-doll-bbw-kMw79b1-150x150.jpg\" class=\"attachment-thumbnail size-thumbnail\" alt=\"\" title=\"\"><\/a><\/li><li><a data-fancybox=\"gallery217\" href=\"https:\/\/zxdoll.com\/wp-content\/uploads\/2025\/08\/real-sex-doll-bbw-kMw79b2-533x800.jpg\" class=\"eig-popup\" title=\"\" data-caption=\"\" target=\"_blank\"><i class=\"icon-view\"><\/i><span class=\"overlay\"><\/span><img decoding=\"async\" width=\"150\" height=\"150\" src=\"https:\/\/zxdoll.com\/wp-content\/uploads\/2025\/08\/real-sex-doll-bbw-kMw79b2-150x150.jpg\" class=\"attachment-thumbnail size-thumbnail\" alt=\"\" title=\"\"><\/a><\/li><li><a data-fancybox=\"gallery217\" href=\"https:\/\/zxdoll.com\/wp-content\/uploads\/2025\/08\/real-sex-doll-bbw-kMw79b3-533x800.jpg\" class=\"eig-popup\" title=\"\" data-caption=\"\" target=\"_blank\"><i class=\"icon-view\"><\/i><span class=\"overlay\"><\/span><img decoding=\"async\" width=\"150\" height=\"150\" src=\"https:\/\/zxdoll.com\/wp-content\/uploads\/2025\/08\/real-sex-doll-bbw-kMw79b3-150x150.jpg\" class=\"attachment-thumbnail size-thumbnail\" alt=\"\" title=\"\"><\/a><\/li><li><a data-fancybox=\"gallery217\" href=\"https:\/\/zxdoll.com\/wp-content\/uploads\/2025\/08\/real-sex-doll-bbw-kMw79b4-496x800.jpg\" class=\"eig-popup\" title=\"\" data-caption=\"\" target=\"_blank\"><i class=\"icon-view\"><\/i><span class=\"overlay\"><\/span><img loading=\"lazy\" decoding=\"async\" width=\"150\" height=\"150\" src=\"https:\/\/zxdoll.com\/wp-content\/uploads\/2025\/08\/real-sex-doll-bbw-kMw79b4-150x150.jpg\" class=\"attachment-thumbnail size-thumbnail\" alt=\"\" title=\"\"><\/a><\/li><li><a data-fancybox=\"gallery217\" href=\"https:\/\/zxdoll.com\/wp-content\/uploads\/2025\/08\/real-sex-doll-bbw-kMw79b5-533x800.jpg\" class=\"eig-popup\" title=\"\" data-caption=\"\" target=\"_blank\"><i class=\"icon-view\"><\/i><span class=\"overlay\"><\/span><img loading=\"lazy\" decoding=\"async\" width=\"150\" height=\"150\" src=\"https:\/\/zxdoll.com\/wp-content\/uploads\/2025\/08\/real-sex-doll-bbw-kMw79b5-150x150.jpg\" class=\"attachment-thumbnail size-thumbnail\" alt=\"\" title=\"\"><\/a><\/li><li><a data-fancybox=\"gallery217\" href=\"https:\/\/zxdoll.com\/wp-content\/uploads\/2025\/08\/real-sex-doll-bbw-kMw79b6-533x800.jpg\" class=\"eig-popup\" title=\"\" data-caption=\"\" target=\"_blank\"><i class=\"icon-view\"><\/i><span class=\"overlay\"><\/span><img loading=\"lazy\" decoding=\"async\" width=\"150\" height=\"150\" src=\"https:\/\/zxdoll.com\/wp-content\/uploads\/2025\/08\/real-sex-doll-bbw-kMw79b6-150x150.jpg\" class=\"attachment-thumbnail size-thumbnail\" alt=\"\" title=\"\"><\/a><\/li><li><a data-fancybox=\"gallery217\" href=\"https:\/\/zxdoll.com\/wp-content\/uploads\/2025\/08\/real-sex-doll-bbw-kMw79b7-533x800.jpg\" class=\"eig-popup\" title=\"\" data-caption=\"\" target=\"_blank\"><i class=\"icon-view\"><\/i><span class=\"overlay\"><\/span><img loading=\"lazy\" decoding=\"async\" width=\"150\" height=\"150\" src=\"https:\/\/zxdoll.com\/wp-content\/uploads\/2025\/08\/real-sex-doll-bbw-kMw79b7-150x150.jpg\" class=\"attachment-thumbnail size-thumbnail\" alt=\"\" title=\"\"><\/a><\/li><li><a data-fancybox=\"gallery217\" href=\"https:\/\/zxdoll.com\/wp-content\/uploads\/2025\/08\/real-sex-doll-bbw-kMw79b8-533x800.jpg\" class=\"eig-popup\" title=\"\" data-caption=\"\" target=\"_blank\"><i class=\"icon-view\"><\/i><span class=\"overlay\"><\/span><img loading=\"lazy\" decoding=\"async\" width=\"150\" height=\"150\" src=\"https:\/\/zxdoll.com\/wp-content\/uploads\/2025\/08\/real-sex-doll-bbw-kMw79b8-150x150.jpg\" class=\"attachment-thumbnail size-thumbnail\" alt=\"\" title=\"\"><\/a><\/li><li><a data-fancybox=\"gallery217\" href=\"https:\/\/zxdoll.com\/wp-content\/uploads\/2025\/08\/real-sex-doll-bbw-kMw79b9-533x800.jpg\" class=\"eig-popup\" title=\"\" data-caption=\"\" target=\"_blank\"><i class=\"icon-view\"><\/i><span class=\"overlay\"><\/span><img loading=\"lazy\" decoding=\"async\" width=\"150\" height=\"150\" src=\"https:\/\/zxdoll.com\/wp-content\/uploads\/2025\/08\/real-sex-doll-bbw-kMw79b9-150x150.jpg\" class=\"attachment-thumbnail size-thumbnail\" alt=\"\" title=\"\"><\/a><\/li><li><a data-fancybox=\"gallery217\" href=\"https:\/\/zxdoll.com\/wp-content\/uploads\/2025\/08\/real-sex-doll-bbw-kMw79b10-533x800.jpg\" class=\"eig-popup\" title=\"\" data-caption=\"\" target=\"_blank\"><i class=\"icon-view\"><\/i><span class=\"overlay\"><\/span><img loading=\"lazy\" decoding=\"async\" width=\"150\" height=\"150\" src=\"https:\/\/zxdoll.com\/wp-content\/uploads\/2025\/08\/real-sex-doll-bbw-kMw79b10-150x150.jpg\" class=\"attachment-thumbnail size-thumbnail\" alt=\"\" title=\"\"><\/a><\/li><li><a data-fancybox=\"gallery217\" href=\"https:\/\/zxdoll.com\/wp-content\/uploads\/2025\/08\/real-sex-doll-bbw-kMw79b11-533x800.jpg\" class=\"eig-popup\" title=\"\" data-caption=\"\" target=\"_blank\"><i class=\"icon-view\"><\/i><span class=\"overlay\"><\/span><img loading=\"lazy\" decoding=\"async\" width=\"150\" height=\"150\" src=\"https:\/\/zxdoll.com\/wp-content\/uploads\/2025\/08\/real-sex-doll-bbw-kMw79b11-150x150.jpg\" class=\"attachment-thumbnail size-thumbnail\" alt=\"\" title=\"\"><\/a><\/li><li><a data-fancybox=\"gallery217\" href=\"https:\/\/zxdoll.com\/wp-content\/uploads\/2025\/08\/real-sex-doll-bbw-kMw79b12-533x800.jpg\" class=\"eig-popup\" title=\"\" data-caption=\"\" target=\"_blank\"><i class=\"icon-view\"><\/i><span class=\"overlay\"><\/span><img loading=\"lazy\" decoding=\"async\" width=\"150\" height=\"150\" src=\"https:\/\/zxdoll.com\/wp-content\/uploads\/2025\/08\/real-sex-doll-bbw-kMw79b12-150x150.jpg\" class=\"attachment-thumbnail size-thumbnail\" alt=\"\" title=\"\"><\/a><\/li><li><a data-fancybox=\"gallery217\" href=\"https:\/\/zxdoll.com\/wp-content\/uploads\/2025\/08\/real-sex-doll-bbw-kMw79b13.jpg\" class=\"eig-popup\" title=\"\" data-caption=\"\" target=\"_blank\"><i class=\"icon-view\"><\/i><span class=\"overlay\"><\/span><img loading=\"lazy\" decoding=\"async\" width=\"150\" height=\"150\" src=\"https:\/\/zxdoll.com\/wp-content\/uploads\/2025\/08\/real-sex-doll-bbw-kMw79b13-150x150.jpg\" class=\"attachment-thumbnail size-thumbnail\" alt=\"\" title=\"\"><\/a><\/li><li><a data-fancybox=\"gallery217\" href=\"https:\/\/zxdoll.com\/wp-content\/uploads\/2025\/08\/real-sex-doll-bbw-kMw79b14.jpg\" class=\"eig-popup\" title=\"\" data-caption=\"\" target=\"_blank\"><i class=\"icon-view\"><\/i><span class=\"overlay\"><\/span><img loading=\"lazy\" decoding=\"async\" width=\"150\" height=\"150\" src=\"https:\/\/zxdoll.com\/wp-content\/uploads\/2025\/08\/real-sex-doll-bbw-kMw79b14-150x150.jpg\" class=\"attachment-thumbnail size-thumbnail\" alt=\"\" title=\"\"><\/a><\/li><li><a data-fancybox=\"gallery217\" href=\"https:\/\/zxdoll.com\/wp-content\/uploads\/2025\/08\/real-sex-doll-bbw-kMw79b15-533x800.jpg\" class=\"eig-popup\" title=\"\" data-caption=\"\" target=\"_blank\"><i class=\"icon-view\"><\/i><span class=\"overlay\"><\/span><img loading=\"lazy\" decoding=\"async\" width=\"150\" height=\"150\" src=\"https:\/\/zxdoll.com\/wp-content\/uploads\/2025\/08\/real-sex-doll-bbw-kMw79b15-150x150.jpg\" class=\"attachment-thumbnail size-thumbnail\" alt=\"\" title=\"\"><\/a><\/li><li><a data-fancybox=\"gallery217\" href=\"https:\/\/zxdoll.com\/wp-content\/uploads\/2025\/08\/real-sex-doll-bbw-kMw79b16-533x800.jpg\" class=\"eig-popup\" title=\"\" data-caption=\"\" target=\"_blank\"><i class=\"icon-view\"><\/i><span class=\"overlay\"><\/span><img loading=\"lazy\" decoding=\"async\" width=\"150\" height=\"150\" src=\"https:\/\/zxdoll.com\/wp-content\/uploads\/2025\/08\/real-sex-doll-bbw-kMw79b16-150x150.jpg\" class=\"attachment-thumbnail size-thumbnail\" alt=\"\" title=\"\"><\/a><\/li><li><a data-fancybox=\"gallery217\" href=\"https:\/\/zxdoll.com\/wp-content\/uploads\/2025\/08\/real-sex-doll-bbw-kMw79b17-1-533x800.jpg\" class=\"eig-popup\" title=\"\" data-caption=\"\" target=\"_blank\"><i class=\"icon-view\"><\/i><span class=\"overlay\"><\/span><img loading=\"lazy\" decoding=\"async\" width=\"150\" height=\"150\" src=\"https:\/\/zxdoll.com\/wp-content\/uploads\/2025\/08\/real-sex-doll-bbw-kMw79b17-1-150x150.jpg\" class=\"attachment-thumbnail size-thumbnail\" alt=\"\" title=\"\"><\/a><\/li><li><a data-fancybox=\"gallery217\" href=\"https:\/\/zxdoll.com\/wp-content\/uploads\/2025\/08\/real-sex-doll-bbw-kMw79b18-533x800.jpg\" class=\"eig-popup\" title=\"\" data-caption=\"\" target=\"_blank\"><i class=\"icon-view\"><\/i><span class=\"overlay\"><\/span><img loading=\"lazy\" decoding=\"async\" width=\"150\" height=\"150\" src=\"https:\/\/zxdoll.com\/wp-content\/uploads\/2025\/08\/real-sex-doll-bbw-kMw79b18-150x150.jpg\" class=\"attachment-thumbnail size-thumbnail\" alt=\"\" title=\"\"><\/a><\/li><li><a data-fancybox=\"gallery217\" href=\"https:\/\/zxdoll.com\/wp-content\/uploads\/2025\/08\/real-sex-doll-bbw-kMw79b19-533x800.jpg\" class=\"eig-popup\" title=\"\" data-caption=\"\" target=\"_blank\"><i class=\"icon-view\"><\/i><span class=\"overlay\"><\/span><img loading=\"lazy\" decoding=\"async\" width=\"150\" height=\"150\" src=\"https:\/\/zxdoll.com\/wp-content\/uploads\/2025\/08\/real-sex-doll-bbw-kMw79b19-150x150.jpg\" class=\"attachment-thumbnail size-thumbnail\" alt=\"\" title=\"\"><\/a><\/li><\/ul>\n<h4>Tabele rozmiar\u00f3w<\/h4>\n<table width=\"298\">\n<tbody>\n<tr>\n<td width=\"143\">Materia\u0142<\/td>\n<td width=\"155\">Pe\u0142ny silikon<\/td>\n<\/tr>\n<tr>\n<td width=\"143\">Wysoko\u015b\u0107<\/td>\n<td>165 cm<\/td>\n<\/tr>\n<tr>\n<td width=\"143\">Fili\u017canka<\/td>\n<td>C<\/td>\n<\/tr>\n<tr>\n<td width=\"143\">Biust<\/td>\n<td>83,5 cm<\/td>\n<\/tr>\n<tr>\n<td width=\"143\">Pod biustem<\/td>\n<td>61 cm<\/td>\n<\/tr>\n<tr>\n<td width=\"143\">Talia<\/td>\n<td>56cm<\/td>\n<\/tr>\n<tr>\n<td width=\"143\">Biodro<\/td>\n<td>101 cm<\/td>\n<\/tr>\n<tr>\n<td width=\"143\">Rami\u0119<\/td>\n<td>37 cm<\/td>\n<\/tr>\n<tr>\n<td width=\"143\">D\u0142ugo\u015b\u0107 ramienia<\/td>\n<td>46cm<\/td>\n<\/tr>\n<tr>\n<td width=\"143\">Palma<\/td>\n<td>17cm<\/td>\n<\/tr>\n<tr>\n<td width=\"143\">D\u0142ugo\u015b\u0107 n\u00f3g<\/td>\n<td>102 cm<\/td>\n<\/tr>\n<tr>\n<td width=\"143\">Stopa<\/td>\n<td>21cm<\/td>\n<\/tr>\n<tr>\n<td width=\"143\">Pochwa<\/td>\n<td>18 cm<\/td>\n<\/tr>\n<tr>\n<td width=\"143\">Odbyt<\/td>\n<td>16cm<\/td>\n<\/tr>\n<tr>\n<td width=\"143\">Waga<\/td>\n<td>35,5 kg<\/td>\n<\/tr>\n<\/tbody>\n<\/table>\n<h4>O Sex Doll<\/h4>\n<p>&nbsp;<\/p>","protected":false},"excerpt":{"rendered":"<p>Zdj\u0119cia seks lalek Tabele rozmiar\u00f3w Materia\u0142 Pe\u0142ny silikon Wysoko\u015b\u0107 165 cm Miseczka C Biust 83,5 cm Pod biustem 61 cm Talia 56 cm Biodra<\/p>","protected":false},"featured_media":191527,"comment_status":"open","ping_status":"closed","template":"","meta":[],"product_brand":[],"product_cat":[253,75,230,80,116,110,107,214],"product_tag":[],"class_list":{"0":"post-191516","1":"product","2":"type-product","3":"status-publish","4":"has-post-thumbnail","6":"product_cat-253","7":"product_cat-160cm-170cm-sex-dolls","8":"product_cat-36kg-40kg","9":"product_cat-asian-sex-doll","10":"product_cat-big-boobs-sex-doll","11":"product_cat-silicone-sex-doll","12":"product_cat-skinny-sex-dolls","13":"product_cat-ultra-realistic-sex-doll","14":"pa_brand-jarliet-doll","15":"tm-has-options","17":"first","18":"instock","19":"sale","20":"shipping-taxable","21":"purchasable","22":"product-type-simple"},"_links":{"self":[{"href":"https:\/\/zxdoll.com\/pl\/wp-json\/wp\/v2\/product\/191516","targetHints":{"allow":["GET"]}}],"collection":[{"href":"https:\/\/zxdoll.com\/pl\/wp-json\/wp\/v2\/product"}],"about":[{"href":"https:\/\/zxdoll.com\/pl\/wp-json\/wp\/v2\/types\/product"}],"replies":[{"embeddable":true,"href":"https:\/\/zxdoll.com\/pl\/wp-json\/wp\/v2\/comments?post=191516"}],"version-history":[{"count":2,"href":"https:\/\/zxdoll.com\/pl\/wp-json\/wp\/v2\/product\/191516\/revisions"}],"predecessor-version":[{"id":191561,"href":"https:\/\/zxdoll.com\/pl\/wp-json\/wp\/v2\/product\/191516\/revisions\/191561"}],"wp:featuredmedia":[{"embeddable":true,"href":"https:\/\/zxdoll.com\/pl\/wp-json\/wp\/v2\/media\/191527"}],"wp:attachment":[{"href":"https:\/\/zxdoll.com\/pl\/wp-json\/wp\/v2\/media?parent=191516"}],"wp:term":[{"taxonomy":"product_brand","embeddable":true,"href":"https:\/\/zxdoll.com\/pl\/wp-json\/wp\/v2\/product_brand?post=191516"},{"taxonomy":"product_cat","embeddable":true,"href":"https:\/\/zxdoll.com\/pl\/wp-json\/wp\/v2\/product_cat?post=191516"},{"taxonomy":"product_tag","embeddable":true,"href":"https:\/\/zxdoll.com\/pl\/wp-json\/wp\/v2\/product_tag?post=191516"}],"curies":[{"name":"wp","href":"https:\/\/api.w.org\/{rel}","templated":true}]}}