{"id":183941,"date":"2024-09-27T02:51:03","date_gmt":"2024-09-26T18:51:03","guid":{"rendered":"https:\/\/zxdoll.com\/?post_type=product&#038;p=183941"},"modified":"2024-10-02T23:49:02","modified_gmt":"2024-10-02T15:49:02","slug":"realistic-sex-doll-jasmine","status":"publish","type":"product","link":"https:\/\/zxdoll.com\/pl\/product\/realistic-sex-doll-jasmine\/","title":{"rendered":"Realistyczna lalka seksualna Jasmine Phyllis 160cm"},"content":{"rendered":"<h4><strong>Zdj\u0119cia lalek erotycznych<\/strong><\/h4>\n\t                <ul class=\"easy-image-gallery thumbnails-13 linked\">\r\n                    <li><a data-fancybox=\"gallery636\" href=\"https:\/\/zxdoll.com\/wp-content\/uploads\/2024\/09\/redhead-sex-doll-eWz07m1-533x800.jpg\" class=\"eig-popup\" title=\"\" data-caption=\"\" target=\"_blank\"><i class=\"icon-view\"><\/i><span class=\"overlay\"><\/span><img decoding=\"async\" width=\"150\" height=\"150\" src=\"https:\/\/zxdoll.com\/wp-content\/uploads\/2024\/09\/redhead-sex-doll-eWz07m1-150x150.jpg\" class=\"attachment-thumbnail size-thumbnail\" alt=\"\" title=\"\"><\/a><\/li><li><a data-fancybox=\"gallery636\" href=\"https:\/\/zxdoll.com\/wp-content\/uploads\/2024\/09\/redhead-sex-doll-eWz07m2-533x800.jpg\" class=\"eig-popup\" title=\"\" data-caption=\"\" target=\"_blank\"><i class=\"icon-view\"><\/i><span class=\"overlay\"><\/span><img decoding=\"async\" width=\"150\" height=\"150\" src=\"https:\/\/zxdoll.com\/wp-content\/uploads\/2024\/09\/redhead-sex-doll-eWz07m2-150x150.jpg\" class=\"attachment-thumbnail size-thumbnail\" alt=\"\" title=\"\"><\/a><\/li><li><a data-fancybox=\"gallery636\" href=\"https:\/\/zxdoll.com\/wp-content\/uploads\/2024\/09\/redhead-sex-doll-eWz07m3.jpg\" class=\"eig-popup\" title=\"\" data-caption=\"\" target=\"_blank\"><i class=\"icon-view\"><\/i><span class=\"overlay\"><\/span><img decoding=\"async\" width=\"150\" height=\"150\" src=\"https:\/\/zxdoll.com\/wp-content\/uploads\/2024\/09\/redhead-sex-doll-eWz07m3-150x150.jpg\" class=\"attachment-thumbnail size-thumbnail\" alt=\"\" title=\"\"><\/a><\/li><li><a data-fancybox=\"gallery636\" href=\"https:\/\/zxdoll.com\/wp-content\/uploads\/2024\/09\/redhead-sex-doll-eWz07m4-533x800.jpg\" class=\"eig-popup\" title=\"\" data-caption=\"\" target=\"_blank\"><i class=\"icon-view\"><\/i><span class=\"overlay\"><\/span><img loading=\"lazy\" decoding=\"async\" width=\"150\" height=\"150\" src=\"https:\/\/zxdoll.com\/wp-content\/uploads\/2024\/09\/redhead-sex-doll-eWz07m4-150x150.jpg\" class=\"attachment-thumbnail size-thumbnail\" alt=\"\" title=\"\"><\/a><\/li><li><a data-fancybox=\"gallery636\" href=\"https:\/\/zxdoll.com\/wp-content\/uploads\/2024\/09\/redhead-sex-doll-eWz07m5-533x800.jpg\" class=\"eig-popup\" title=\"\" data-caption=\"\" target=\"_blank\"><i class=\"icon-view\"><\/i><span class=\"overlay\"><\/span><img loading=\"lazy\" decoding=\"async\" width=\"150\" height=\"150\" src=\"https:\/\/zxdoll.com\/wp-content\/uploads\/2024\/09\/redhead-sex-doll-eWz07m5-150x150.jpg\" class=\"attachment-thumbnail size-thumbnail\" alt=\"\" title=\"\"><\/a><\/li><li><a data-fancybox=\"gallery636\" href=\"https:\/\/zxdoll.com\/wp-content\/uploads\/2024\/09\/redhead-sex-doll-eWz07m6-533x800.jpg\" class=\"eig-popup\" title=\"\" data-caption=\"\" target=\"_blank\"><i class=\"icon-view\"><\/i><span class=\"overlay\"><\/span><img loading=\"lazy\" decoding=\"async\" width=\"150\" height=\"150\" src=\"https:\/\/zxdoll.com\/wp-content\/uploads\/2024\/09\/redhead-sex-doll-eWz07m6-150x150.jpg\" class=\"attachment-thumbnail size-thumbnail\" alt=\"\" title=\"\"><\/a><\/li><li><a data-fancybox=\"gallery636\" href=\"https:\/\/zxdoll.com\/wp-content\/uploads\/2024\/09\/redhead-sex-doll-eWz07m7-533x800.jpg\" class=\"eig-popup\" title=\"\" data-caption=\"\" target=\"_blank\"><i class=\"icon-view\"><\/i><span class=\"overlay\"><\/span><img loading=\"lazy\" decoding=\"async\" width=\"150\" height=\"150\" src=\"https:\/\/zxdoll.com\/wp-content\/uploads\/2024\/09\/redhead-sex-doll-eWz07m7-150x150.jpg\" class=\"attachment-thumbnail size-thumbnail\" alt=\"\" title=\"\"><\/a><\/li><li><a data-fancybox=\"gallery636\" href=\"https:\/\/zxdoll.com\/wp-content\/uploads\/2024\/09\/redhead-sex-doll-eWz07m8-533x800.jpg\" class=\"eig-popup\" title=\"\" data-caption=\"\" target=\"_blank\"><i class=\"icon-view\"><\/i><span class=\"overlay\"><\/span><img loading=\"lazy\" decoding=\"async\" width=\"150\" height=\"150\" src=\"https:\/\/zxdoll.com\/wp-content\/uploads\/2024\/09\/redhead-sex-doll-eWz07m8-150x150.jpg\" class=\"attachment-thumbnail size-thumbnail\" alt=\"\" title=\"\"><\/a><\/li><li><a data-fancybox=\"gallery636\" href=\"https:\/\/zxdoll.com\/wp-content\/uploads\/2024\/09\/redhead-sex-doll-eWz07m9-533x800.jpg\" class=\"eig-popup\" title=\"\" data-caption=\"\" target=\"_blank\"><i class=\"icon-view\"><\/i><span class=\"overlay\"><\/span><img loading=\"lazy\" decoding=\"async\" width=\"150\" height=\"150\" src=\"https:\/\/zxdoll.com\/wp-content\/uploads\/2024\/09\/redhead-sex-doll-eWz07m9-150x150.jpg\" class=\"attachment-thumbnail size-thumbnail\" alt=\"\" title=\"\"><\/a><\/li><li><a data-fancybox=\"gallery636\" href=\"https:\/\/zxdoll.com\/wp-content\/uploads\/2024\/09\/redhead-sex-doll-eWz07m10-533x800.jpg\" class=\"eig-popup\" title=\"\" data-caption=\"\" target=\"_blank\"><i class=\"icon-view\"><\/i><span class=\"overlay\"><\/span><img loading=\"lazy\" decoding=\"async\" width=\"150\" height=\"150\" src=\"https:\/\/zxdoll.com\/wp-content\/uploads\/2024\/09\/redhead-sex-doll-eWz07m10-150x150.jpg\" class=\"attachment-thumbnail size-thumbnail\" alt=\"\" title=\"\"><\/a><\/li><li><a data-fancybox=\"gallery636\" href=\"https:\/\/zxdoll.com\/wp-content\/uploads\/2024\/09\/redhead-sex-doll-eWz07m27-533x800.jpg\" class=\"eig-popup\" title=\"\" data-caption=\"\" target=\"_blank\"><i class=\"icon-view\"><\/i><span class=\"overlay\"><\/span><img loading=\"lazy\" decoding=\"async\" width=\"150\" height=\"150\" src=\"https:\/\/zxdoll.com\/wp-content\/uploads\/2024\/09\/redhead-sex-doll-eWz07m27-150x150.jpg\" class=\"attachment-thumbnail size-thumbnail\" alt=\"\" title=\"\"><\/a><\/li><li><a data-fancybox=\"gallery636\" href=\"https:\/\/zxdoll.com\/wp-content\/uploads\/2024\/09\/redhead-sex-doll-eWz07m28.jpg\" class=\"eig-popup\" title=\"\" data-caption=\"\" target=\"_blank\"><i class=\"icon-view\"><\/i><span class=\"overlay\"><\/span><img loading=\"lazy\" decoding=\"async\" width=\"150\" height=\"150\" src=\"https:\/\/zxdoll.com\/wp-content\/uploads\/2024\/09\/redhead-sex-doll-eWz07m28-150x150.jpg\" class=\"attachment-thumbnail size-thumbnail\" alt=\"\" title=\"\"><\/a><\/li><li><a data-fancybox=\"gallery636\" href=\"https:\/\/zxdoll.com\/wp-content\/uploads\/2024\/09\/redhead-sex-doll-eWz07m29-533x800.jpg\" class=\"eig-popup\" title=\"\" data-caption=\"\" target=\"_blank\"><i class=\"icon-view\"><\/i><span class=\"overlay\"><\/span><img loading=\"lazy\" decoding=\"async\" width=\"150\" height=\"150\" src=\"https:\/\/zxdoll.com\/wp-content\/uploads\/2024\/09\/redhead-sex-doll-eWz07m29-150x150.jpg\" class=\"attachment-thumbnail size-thumbnail\" alt=\"\" title=\"\"><\/a><\/li><\/ul>\n<h4>Tabele rozmiar\u00f3w<\/h4>\n<table width=\"298\">\n<tbody>\n<tr>\n<td width=\"143\">Materia\u0142<\/td>\n<td width=\"155\">Pe\u0142ny silikon<\/td>\n<\/tr>\n<tr>\n<td width=\"143\">Wysoko\u015b\u0107<\/td>\n<td width=\"155\">160 cm<\/td>\n<\/tr>\n<tr>\n<td width=\"143\">Fili\u017canka<\/td>\n<td width=\"155\">C<\/td>\n<\/tr>\n<tr>\n<td width=\"143\">Biust<\/td>\n<td width=\"155\">80cm<\/td>\n<\/tr>\n<tr>\n<td width=\"143\">Pod biustem<\/td>\n<td width=\"155\">61 cm<\/td>\n<\/tr>\n<tr>\n<td width=\"143\">Talia<\/td>\n<td width=\"155\">55cm<\/td>\n<\/tr>\n<tr>\n<td width=\"143\">Biodro<\/td>\n<td width=\"155\">80cm<\/td>\n<\/tr>\n<tr>\n<td width=\"143\">Rami\u0119<\/td>\n<td width=\"155\">34cm<\/td>\n<\/tr>\n<tr>\n<td width=\"143\">D\u0142ugo\u015b\u0107 ramienia<\/td>\n<td width=\"155\">48cm<\/td>\n<\/tr>\n<tr>\n<td width=\"143\">Palma<\/td>\n<td width=\"155\">17cm<\/td>\n<\/tr>\n<tr>\n<td width=\"143\">D\u0142ugo\u015b\u0107 n\u00f3g<\/td>\n<td width=\"155\">93 cm<\/td>\n<\/tr>\n<tr>\n<td width=\"143\">Stopa<\/td>\n<td width=\"155\">20 cm<\/td>\n<\/tr>\n<tr>\n<td width=\"143\">Pochwa<\/td>\n<td width=\"155\">18 cm<\/td>\n<\/tr>\n<tr>\n<td width=\"143\">Odbyt<\/td>\n<td width=\"155\">16cm<\/td>\n<\/tr>\n<tr>\n<td width=\"143\">Waga<\/td>\n<td>30.18kg<\/td>\n<\/tr>\n<\/tbody>\n<\/table>\n<h4>O Sex Doll<\/h4>\n<p>&nbsp;<\/p>","protected":false},"excerpt":{"rendered":"<p>Sex Doll Images Size Charts Material Full Silicone Height 160cm Cup C Bust 80cm Under Bust 61cm Waist 55cm Hip<\/p>","protected":false},"featured_media":183964,"comment_status":"open","ping_status":"closed","template":"","meta":[],"product_brand":[],"product_cat":[234,75,228,80,110,107,117,214],"product_tag":[],"class_list":{"0":"post-183941","1":"product","2":"type-product","3":"status-publish","4":"has-post-thumbnail","6":"product_cat-234","7":"product_cat-160cm-170cm-sex-dolls","8":"product_cat-26kg-30kg","9":"product_cat-asian-sex-doll","10":"product_cat-silicone-sex-doll","11":"product_cat-skinny-sex-dolls","12":"product_cat-small-breast-sex-doll","13":"product_cat-ultra-realistic-sex-doll","14":"pa_brand-jarliet-doll","15":"tm-has-options","17":"first","18":"instock","19":"sale","20":"shipping-taxable","21":"purchasable","22":"product-type-simple"},"_links":{"self":[{"href":"https:\/\/zxdoll.com\/pl\/wp-json\/wp\/v2\/product\/183941","targetHints":{"allow":["GET"]}}],"collection":[{"href":"https:\/\/zxdoll.com\/pl\/wp-json\/wp\/v2\/product"}],"about":[{"href":"https:\/\/zxdoll.com\/pl\/wp-json\/wp\/v2\/types\/product"}],"replies":[{"embeddable":true,"href":"https:\/\/zxdoll.com\/pl\/wp-json\/wp\/v2\/comments?post=183941"}],"version-history":[{"count":2,"href":"https:\/\/zxdoll.com\/pl\/wp-json\/wp\/v2\/product\/183941\/revisions"}],"predecessor-version":[{"id":184000,"href":"https:\/\/zxdoll.com\/pl\/wp-json\/wp\/v2\/product\/183941\/revisions\/184000"}],"wp:featuredmedia":[{"embeddable":true,"href":"https:\/\/zxdoll.com\/pl\/wp-json\/wp\/v2\/media\/183964"}],"wp:attachment":[{"href":"https:\/\/zxdoll.com\/pl\/wp-json\/wp\/v2\/media?parent=183941"}],"wp:term":[{"taxonomy":"product_brand","embeddable":true,"href":"https:\/\/zxdoll.com\/pl\/wp-json\/wp\/v2\/product_brand?post=183941"},{"taxonomy":"product_cat","embeddable":true,"href":"https:\/\/zxdoll.com\/pl\/wp-json\/wp\/v2\/product_cat?post=183941"},{"taxonomy":"product_tag","embeddable":true,"href":"https:\/\/zxdoll.com\/pl\/wp-json\/wp\/v2\/product_tag?post=183941"}],"curies":[{"name":"wp","href":"https:\/\/api.w.org\/{rel}","templated":true}]}}