{"id":177965,"date":"2024-09-22T02:49:47","date_gmt":"2024-09-21T18:49:47","guid":{"rendered":"https:\/\/zxdoll.com\/?post_type=product&#038;p=177965"},"modified":"2024-10-02T00:23:24","modified_gmt":"2024-10-01T16:23:24","slug":"girl-turns-into-hot-sex-doll","status":"publish","type":"product","link":"https:\/\/zxdoll.com\/pl\/product\/girl-turns-into-hot-sex-doll\/","title":{"rendered":"Dziewczyna zamienia si\u0119 w gor\u0105c\u0105 seks lalk\u0119 Rahal 168cm"},"content":{"rendered":"<h4><strong>Zdj\u0119cia lalek erotycznych<\/strong><\/h4>\n\t                <ul class=\"easy-image-gallery thumbnails-12 linked\">\r\n                    <li><a data-fancybox=\"gallery863\" href=\"https:\/\/zxdoll.com\/wp-content\/uploads\/2024\/09\/minka-sex-doll-dWw19b1-533x800.jpg\" class=\"eig-popup\" title=\"\" data-caption=\"\" target=\"_blank\"><i class=\"icon-view\"><\/i><span class=\"overlay\"><\/span><img decoding=\"async\" width=\"150\" height=\"150\" src=\"https:\/\/zxdoll.com\/wp-content\/uploads\/2024\/09\/minka-sex-doll-dWw19b1-150x150.jpg\" class=\"attachment-thumbnail size-thumbnail\" alt=\"\" title=\"\"><\/a><\/li><li><a data-fancybox=\"gallery863\" href=\"https:\/\/zxdoll.com\/wp-content\/uploads\/2024\/09\/minka-sex-doll-dWw19b2-533x800.jpg\" class=\"eig-popup\" title=\"\" data-caption=\"\" target=\"_blank\"><i class=\"icon-view\"><\/i><span class=\"overlay\"><\/span><img decoding=\"async\" width=\"150\" height=\"150\" src=\"https:\/\/zxdoll.com\/wp-content\/uploads\/2024\/09\/minka-sex-doll-dWw19b2-150x150.jpg\" class=\"attachment-thumbnail size-thumbnail\" alt=\"\" title=\"\"><\/a><\/li><li><a data-fancybox=\"gallery863\" href=\"https:\/\/zxdoll.com\/wp-content\/uploads\/2024\/09\/minka-sex-doll-dWw19b3-533x800.jpg\" class=\"eig-popup\" title=\"\" data-caption=\"\" target=\"_blank\"><i class=\"icon-view\"><\/i><span class=\"overlay\"><\/span><img decoding=\"async\" width=\"150\" height=\"150\" src=\"https:\/\/zxdoll.com\/wp-content\/uploads\/2024\/09\/minka-sex-doll-dWw19b3-150x150.jpg\" class=\"attachment-thumbnail size-thumbnail\" alt=\"\" title=\"\"><\/a><\/li><li><a data-fancybox=\"gallery863\" href=\"https:\/\/zxdoll.com\/wp-content\/uploads\/2024\/09\/minka-sex-doll-dWw19b5-533x800.jpg\" class=\"eig-popup\" title=\"\" data-caption=\"\" target=\"_blank\"><i class=\"icon-view\"><\/i><span class=\"overlay\"><\/span><img loading=\"lazy\" decoding=\"async\" width=\"150\" height=\"150\" src=\"https:\/\/zxdoll.com\/wp-content\/uploads\/2024\/09\/minka-sex-doll-dWw19b5-150x150.jpg\" class=\"attachment-thumbnail size-thumbnail\" alt=\"\" title=\"\"><\/a><\/li><li><a data-fancybox=\"gallery863\" href=\"https:\/\/zxdoll.com\/wp-content\/uploads\/2024\/09\/minka-sex-doll-dWw19b6-533x800.jpg\" class=\"eig-popup\" title=\"\" data-caption=\"\" target=\"_blank\"><i class=\"icon-view\"><\/i><span class=\"overlay\"><\/span><img loading=\"lazy\" decoding=\"async\" width=\"150\" height=\"150\" src=\"https:\/\/zxdoll.com\/wp-content\/uploads\/2024\/09\/minka-sex-doll-dWw19b6-150x150.jpg\" class=\"attachment-thumbnail size-thumbnail\" alt=\"\" title=\"\"><\/a><\/li><li><a data-fancybox=\"gallery863\" href=\"https:\/\/zxdoll.com\/wp-content\/uploads\/2024\/09\/minka-sex-doll-dWw19b7-533x800.jpg\" class=\"eig-popup\" title=\"\" data-caption=\"\" target=\"_blank\"><i class=\"icon-view\"><\/i><span class=\"overlay\"><\/span><img loading=\"lazy\" decoding=\"async\" width=\"150\" height=\"150\" src=\"https:\/\/zxdoll.com\/wp-content\/uploads\/2024\/09\/minka-sex-doll-dWw19b7-150x150.jpg\" class=\"attachment-thumbnail size-thumbnail\" alt=\"\" title=\"\"><\/a><\/li><li><a data-fancybox=\"gallery863\" href=\"https:\/\/zxdoll.com\/wp-content\/uploads\/2024\/09\/minka-sex-doll-dWw19b8-533x800.jpg\" class=\"eig-popup\" title=\"\" data-caption=\"\" target=\"_blank\"><i class=\"icon-view\"><\/i><span class=\"overlay\"><\/span><img loading=\"lazy\" decoding=\"async\" width=\"150\" height=\"150\" src=\"https:\/\/zxdoll.com\/wp-content\/uploads\/2024\/09\/minka-sex-doll-dWw19b8-150x150.jpg\" class=\"attachment-thumbnail size-thumbnail\" alt=\"\" title=\"\"><\/a><\/li><li><a data-fancybox=\"gallery863\" href=\"https:\/\/zxdoll.com\/wp-content\/uploads\/2024\/09\/minka-sex-doll-dWw19b17-533x800.jpg\" class=\"eig-popup\" title=\"\" data-caption=\"\" target=\"_blank\"><i class=\"icon-view\"><\/i><span class=\"overlay\"><\/span><img loading=\"lazy\" decoding=\"async\" width=\"150\" height=\"150\" src=\"https:\/\/zxdoll.com\/wp-content\/uploads\/2024\/09\/minka-sex-doll-dWw19b17-150x150.jpg\" class=\"attachment-thumbnail size-thumbnail\" alt=\"\" title=\"\"><\/a><\/li><li><a data-fancybox=\"gallery863\" href=\"https:\/\/zxdoll.com\/wp-content\/uploads\/2024\/09\/minka-sex-doll-dWw19b18-533x800.jpg\" class=\"eig-popup\" title=\"\" data-caption=\"\" target=\"_blank\"><i class=\"icon-view\"><\/i><span class=\"overlay\"><\/span><img loading=\"lazy\" decoding=\"async\" width=\"150\" height=\"150\" src=\"https:\/\/zxdoll.com\/wp-content\/uploads\/2024\/09\/minka-sex-doll-dWw19b18-150x150.jpg\" class=\"attachment-thumbnail size-thumbnail\" alt=\"\" title=\"\"><\/a><\/li><li><a data-fancybox=\"gallery863\" href=\"https:\/\/zxdoll.com\/wp-content\/uploads\/2024\/09\/minka-sex-doll-dWw19b19-533x800.jpg\" class=\"eig-popup\" title=\"\" data-caption=\"\" target=\"_blank\"><i class=\"icon-view\"><\/i><span class=\"overlay\"><\/span><img loading=\"lazy\" decoding=\"async\" width=\"150\" height=\"150\" src=\"https:\/\/zxdoll.com\/wp-content\/uploads\/2024\/09\/minka-sex-doll-dWw19b19-150x150.jpg\" class=\"attachment-thumbnail size-thumbnail\" alt=\"\" title=\"\"><\/a><\/li><li><a data-fancybox=\"gallery863\" href=\"https:\/\/zxdoll.com\/wp-content\/uploads\/2024\/09\/minka-sex-doll-dWw19b20-533x800.jpg\" class=\"eig-popup\" title=\"\" data-caption=\"\" target=\"_blank\"><i class=\"icon-view\"><\/i><span class=\"overlay\"><\/span><img loading=\"lazy\" decoding=\"async\" width=\"150\" height=\"150\" src=\"https:\/\/zxdoll.com\/wp-content\/uploads\/2024\/09\/minka-sex-doll-dWw19b20-150x150.jpg\" class=\"attachment-thumbnail size-thumbnail\" alt=\"\" title=\"\"><\/a><\/li><li><a data-fancybox=\"gallery863\" href=\"https:\/\/zxdoll.com\/wp-content\/uploads\/2024\/09\/minka-sex-doll-dWw19b21-533x800.jpg\" class=\"eig-popup\" title=\"\" data-caption=\"\" target=\"_blank\"><i class=\"icon-view\"><\/i><span class=\"overlay\"><\/span><img loading=\"lazy\" decoding=\"async\" width=\"150\" height=\"150\" src=\"https:\/\/zxdoll.com\/wp-content\/uploads\/2024\/09\/minka-sex-doll-dWw19b21-150x150.jpg\" class=\"attachment-thumbnail size-thumbnail\" alt=\"\" title=\"\"><\/a><\/li><\/ul>\n<h4>Tabele rozmiar\u00f3w<\/h4>\n<table width=\"256\">\n<tbody>\n<tr>\n<td width=\"129\">Materia\u0142<\/td>\n<td width=\"127\">Pe\u0142ny silikon<\/td>\n<\/tr>\n<tr>\n<td>Wysoko\u015b\u0107<\/td>\n<td>168 cm<\/td>\n<\/tr>\n<tr>\n<td>G\u00f3rna klatka piersiowa<\/td>\n<td>89cm<\/td>\n<\/tr>\n<tr>\n<td>Dolna klatka piersiowa<\/td>\n<td>62cm<\/td>\n<\/tr>\n<tr>\n<td>Talia<\/td>\n<td>56cm<\/td>\n<\/tr>\n<tr>\n<td>Biodro<\/td>\n<td>86cm<\/td>\n<\/tr>\n<tr>\n<td>Rami\u0119<\/td>\n<td>33cm<\/td>\n<\/tr>\n<tr>\n<td>Rami\u0119<\/td>\n<td>68 cm<\/td>\n<\/tr>\n<tr>\n<td>Noga<\/td>\n<td>87cm<\/td>\n<\/tr>\n<tr>\n<td width=\"129\">Stopa<\/td>\n<td>22cm<\/td>\n<\/tr>\n<tr>\n<td width=\"129\">Waga netto<\/td>\n<td>40 kg<\/td>\n<\/tr>\n<tr>\n<td>G\u0142\u0119boko\u015b\u0107 pochwy<\/td>\n<td>18 cm<\/td>\n<\/tr>\n<tr>\n<td>G\u0142\u0119boko\u015b\u0107 odbytu<\/td>\n<td>15cm<\/td>\n<\/tr>\n<\/tbody>\n<\/table>\n<h4>O Sex Doll<\/h4>\n<p>&nbsp;<\/p>","protected":false},"excerpt":{"rendered":"<p>Zdj\u0119cia lalek seksualnych Tabele rozmiar\u00f3w Materia\u0142 Pe\u0142ny silikon Wysoko\u015b\u0107 168 cm G\u00f3rna cz\u0119\u015b\u0107 klatki piersiowej 89 cm Dolna cz\u0119\u015b\u0107 klatki piersiowej 62 cm Talia 56 cm Biodra 86 cm<\/p>","protected":false},"featured_media":177982,"comment_status":"open","ping_status":"closed","template":"","meta":[],"product_brand":[],"product_cat":[234,75,230,80,116,219,110,107],"product_tag":[],"class_list":{"0":"post-177965","1":"product","2":"type-product","3":"status-publish","4":"has-post-thumbnail","6":"product_cat-234","7":"product_cat-160cm-170cm-sex-dolls","8":"product_cat-36kg-40kg","9":"product_cat-asian-sex-doll","10":"product_cat-big-boobs-sex-doll","11":"product_cat-sex-doll-xxx","12":"product_cat-silicone-sex-doll","13":"product_cat-skinny-sex-dolls","14":"pa_brand-doll-castle","15":"tm-has-options","17":"first","18":"instock","19":"sale","20":"shipping-taxable","21":"purchasable","22":"product-type-simple"},"_links":{"self":[{"href":"https:\/\/zxdoll.com\/pl\/wp-json\/wp\/v2\/product\/177965","targetHints":{"allow":["GET"]}}],"collection":[{"href":"https:\/\/zxdoll.com\/pl\/wp-json\/wp\/v2\/product"}],"about":[{"href":"https:\/\/zxdoll.com\/pl\/wp-json\/wp\/v2\/types\/product"}],"replies":[{"embeddable":true,"href":"https:\/\/zxdoll.com\/pl\/wp-json\/wp\/v2\/comments?post=177965"}],"version-history":[{"count":2,"href":"https:\/\/zxdoll.com\/pl\/wp-json\/wp\/v2\/product\/177965\/revisions"}],"predecessor-version":[{"id":178019,"href":"https:\/\/zxdoll.com\/pl\/wp-json\/wp\/v2\/product\/177965\/revisions\/178019"}],"wp:featuredmedia":[{"embeddable":true,"href":"https:\/\/zxdoll.com\/pl\/wp-json\/wp\/v2\/media\/177982"}],"wp:attachment":[{"href":"https:\/\/zxdoll.com\/pl\/wp-json\/wp\/v2\/media?parent=177965"}],"wp:term":[{"taxonomy":"product_brand","embeddable":true,"href":"https:\/\/zxdoll.com\/pl\/wp-json\/wp\/v2\/product_brand?post=177965"},{"taxonomy":"product_cat","embeddable":true,"href":"https:\/\/zxdoll.com\/pl\/wp-json\/wp\/v2\/product_cat?post=177965"},{"taxonomy":"product_tag","embeddable":true,"href":"https:\/\/zxdoll.com\/pl\/wp-json\/wp\/v2\/product_tag?post=177965"}],"curies":[{"name":"wp","href":"https:\/\/api.w.org\/{rel}","templated":true}]}}