{"id":177920,"date":"2024-09-22T02:44:26","date_gmt":"2024-09-21T18:44:26","guid":{"rendered":"https:\/\/zxdoll.com\/?post_type=product&#038;p=177920"},"modified":"2024-10-02T00:22:08","modified_gmt":"2024-10-01T16:22:08","slug":"ass-fucking-hot-sex-doll","status":"publish","type":"product","link":"https:\/\/zxdoll.com\/pl\/product\/ass-fucking-hot-sex-doll\/","title":{"rendered":"Dupa Ruchanie Gor\u0105ca Seks Lalka Phebe 165 cm"},"content":{"rendered":"<h4><strong>Zdj\u0119cia lalek erotycznych<\/strong><\/h4>\n\t                <ul class=\"easy-image-gallery thumbnails-14 linked\">\r\n                    <li><a data-fancybox=\"gallery888\" href=\"https:\/\/zxdoll.com\/wp-content\/uploads\/2024\/09\/beast-sex-doll-jAq10b1-533x800.jpg\" class=\"eig-popup\" title=\"\" data-caption=\"\" target=\"_blank\"><i class=\"icon-view\"><\/i><span class=\"overlay\"><\/span><img decoding=\"async\" width=\"150\" height=\"150\" src=\"https:\/\/zxdoll.com\/wp-content\/uploads\/2024\/09\/beast-sex-doll-jAq10b1-150x150.jpg\" class=\"attachment-thumbnail size-thumbnail\" alt=\"\" title=\"\"><\/a><\/li><li><a data-fancybox=\"gallery888\" href=\"https:\/\/zxdoll.com\/wp-content\/uploads\/2024\/09\/beast-sex-doll-jAq10b2-533x800.jpg\" class=\"eig-popup\" title=\"\" data-caption=\"\" target=\"_blank\"><i class=\"icon-view\"><\/i><span class=\"overlay\"><\/span><img decoding=\"async\" width=\"150\" height=\"150\" src=\"https:\/\/zxdoll.com\/wp-content\/uploads\/2024\/09\/beast-sex-doll-jAq10b2-150x150.jpg\" class=\"attachment-thumbnail size-thumbnail\" alt=\"\" title=\"\"><\/a><\/li><li><a data-fancybox=\"gallery888\" href=\"https:\/\/zxdoll.com\/wp-content\/uploads\/2024\/09\/beast-sex-doll-jAq10b3-533x800.jpg\" class=\"eig-popup\" title=\"\" data-caption=\"\" target=\"_blank\"><i class=\"icon-view\"><\/i><span class=\"overlay\"><\/span><img decoding=\"async\" width=\"150\" height=\"150\" src=\"https:\/\/zxdoll.com\/wp-content\/uploads\/2024\/09\/beast-sex-doll-jAq10b3-150x150.jpg\" class=\"attachment-thumbnail size-thumbnail\" alt=\"\" title=\"\"><\/a><\/li><li><a data-fancybox=\"gallery888\" href=\"https:\/\/zxdoll.com\/wp-content\/uploads\/2024\/09\/beast-sex-doll-jAq10b4-533x800.jpg\" class=\"eig-popup\" title=\"\" data-caption=\"\" target=\"_blank\"><i class=\"icon-view\"><\/i><span class=\"overlay\"><\/span><img loading=\"lazy\" decoding=\"async\" width=\"150\" height=\"150\" src=\"https:\/\/zxdoll.com\/wp-content\/uploads\/2024\/09\/beast-sex-doll-jAq10b4-150x150.jpg\" class=\"attachment-thumbnail size-thumbnail\" alt=\"\" title=\"\"><\/a><\/li><li><a data-fancybox=\"gallery888\" href=\"https:\/\/zxdoll.com\/wp-content\/uploads\/2024\/09\/beast-sex-doll-jAq10b5-533x800.jpg\" class=\"eig-popup\" title=\"\" data-caption=\"\" target=\"_blank\"><i class=\"icon-view\"><\/i><span class=\"overlay\"><\/span><img loading=\"lazy\" decoding=\"async\" width=\"150\" height=\"150\" src=\"https:\/\/zxdoll.com\/wp-content\/uploads\/2024\/09\/beast-sex-doll-jAq10b5-150x150.jpg\" class=\"attachment-thumbnail size-thumbnail\" alt=\"\" title=\"\"><\/a><\/li><li><a data-fancybox=\"gallery888\" href=\"https:\/\/zxdoll.com\/wp-content\/uploads\/2024\/09\/beast-sex-doll-jAq10b6-533x800.jpg\" class=\"eig-popup\" title=\"\" data-caption=\"\" target=\"_blank\"><i class=\"icon-view\"><\/i><span class=\"overlay\"><\/span><img loading=\"lazy\" decoding=\"async\" width=\"150\" height=\"150\" src=\"https:\/\/zxdoll.com\/wp-content\/uploads\/2024\/09\/beast-sex-doll-jAq10b6-150x150.jpg\" class=\"attachment-thumbnail size-thumbnail\" alt=\"\" title=\"\"><\/a><\/li><li><a data-fancybox=\"gallery888\" href=\"https:\/\/zxdoll.com\/wp-content\/uploads\/2024\/09\/beast-sex-doll-jAq10b8-533x800.jpg\" class=\"eig-popup\" title=\"\" data-caption=\"\" target=\"_blank\"><i class=\"icon-view\"><\/i><span class=\"overlay\"><\/span><img loading=\"lazy\" decoding=\"async\" width=\"150\" height=\"150\" src=\"https:\/\/zxdoll.com\/wp-content\/uploads\/2024\/09\/beast-sex-doll-jAq10b8-150x150.jpg\" class=\"attachment-thumbnail size-thumbnail\" alt=\"\" title=\"\"><\/a><\/li><li><a data-fancybox=\"gallery888\" href=\"https:\/\/zxdoll.com\/wp-content\/uploads\/2024\/09\/beast-sex-doll-jAq10b21-533x800.jpg\" class=\"eig-popup\" title=\"\" data-caption=\"\" target=\"_blank\"><i class=\"icon-view\"><\/i><span class=\"overlay\"><\/span><img loading=\"lazy\" decoding=\"async\" width=\"150\" height=\"150\" src=\"https:\/\/zxdoll.com\/wp-content\/uploads\/2024\/09\/beast-sex-doll-jAq10b21-150x150.jpg\" class=\"attachment-thumbnail size-thumbnail\" alt=\"\" title=\"\"><\/a><\/li><li><a data-fancybox=\"gallery888\" href=\"https:\/\/zxdoll.com\/wp-content\/uploads\/2024\/09\/beast-sex-doll-jAq10b22-533x800.jpg\" class=\"eig-popup\" title=\"\" data-caption=\"\" target=\"_blank\"><i class=\"icon-view\"><\/i><span class=\"overlay\"><\/span><img loading=\"lazy\" decoding=\"async\" width=\"150\" height=\"150\" src=\"https:\/\/zxdoll.com\/wp-content\/uploads\/2024\/09\/beast-sex-doll-jAq10b22-150x150.jpg\" class=\"attachment-thumbnail size-thumbnail\" alt=\"\" title=\"\"><\/a><\/li><li><a data-fancybox=\"gallery888\" href=\"https:\/\/zxdoll.com\/wp-content\/uploads\/2024\/09\/beast-sex-doll-jAq10b23-533x800.jpg\" class=\"eig-popup\" title=\"\" data-caption=\"\" target=\"_blank\"><i class=\"icon-view\"><\/i><span class=\"overlay\"><\/span><img loading=\"lazy\" decoding=\"async\" width=\"150\" height=\"150\" src=\"https:\/\/zxdoll.com\/wp-content\/uploads\/2024\/09\/beast-sex-doll-jAq10b23-150x150.jpg\" class=\"attachment-thumbnail size-thumbnail\" alt=\"\" title=\"\"><\/a><\/li><li><a data-fancybox=\"gallery888\" href=\"https:\/\/zxdoll.com\/wp-content\/uploads\/2024\/09\/beast-sex-doll-jAq10b24-533x800.jpg\" class=\"eig-popup\" title=\"\" data-caption=\"\" target=\"_blank\"><i class=\"icon-view\"><\/i><span class=\"overlay\"><\/span><img loading=\"lazy\" decoding=\"async\" width=\"150\" height=\"150\" src=\"https:\/\/zxdoll.com\/wp-content\/uploads\/2024\/09\/beast-sex-doll-jAq10b24-150x150.jpg\" class=\"attachment-thumbnail size-thumbnail\" alt=\"\" title=\"\"><\/a><\/li><li><a data-fancybox=\"gallery888\" href=\"https:\/\/zxdoll.com\/wp-content\/uploads\/2024\/09\/beast-sex-doll-jAq10b25-533x800.jpg\" class=\"eig-popup\" title=\"\" data-caption=\"\" target=\"_blank\"><i class=\"icon-view\"><\/i><span class=\"overlay\"><\/span><img loading=\"lazy\" decoding=\"async\" width=\"150\" height=\"150\" src=\"https:\/\/zxdoll.com\/wp-content\/uploads\/2024\/09\/beast-sex-doll-jAq10b25-150x150.jpg\" class=\"attachment-thumbnail size-thumbnail\" alt=\"\" title=\"\"><\/a><\/li><li><a data-fancybox=\"gallery888\" href=\"https:\/\/zxdoll.com\/wp-content\/uploads\/2024\/09\/beast-sex-doll-jAq10b26-533x800.jpg\" class=\"eig-popup\" title=\"\" data-caption=\"\" target=\"_blank\"><i class=\"icon-view\"><\/i><span class=\"overlay\"><\/span><img loading=\"lazy\" decoding=\"async\" width=\"150\" height=\"150\" src=\"https:\/\/zxdoll.com\/wp-content\/uploads\/2024\/09\/beast-sex-doll-jAq10b26-150x150.jpg\" class=\"attachment-thumbnail size-thumbnail\" alt=\"\" title=\"\"><\/a><\/li><li><a data-fancybox=\"gallery888\" href=\"https:\/\/zxdoll.com\/wp-content\/uploads\/2024\/09\/beast-sex-doll-jAq10b27-533x800.jpg\" class=\"eig-popup\" title=\"\" data-caption=\"\" target=\"_blank\"><i class=\"icon-view\"><\/i><span class=\"overlay\"><\/span><img loading=\"lazy\" decoding=\"async\" width=\"150\" height=\"150\" src=\"https:\/\/zxdoll.com\/wp-content\/uploads\/2024\/09\/beast-sex-doll-jAq10b27-150x150.jpg\" class=\"attachment-thumbnail size-thumbnail\" alt=\"\" title=\"\"><\/a><\/li><\/ul>\n<h4>Tabele rozmiar\u00f3w<\/h4>\n<table width=\"256\">\n<tbody>\n<tr>\n<td width=\"129\">Materia\u0142<\/td>\n<td width=\"127\">Pe\u0142ny silikon<\/td>\n<\/tr>\n<tr>\n<td>Wysoko\u015b\u0107<\/td>\n<td>165 cm<\/td>\n<\/tr>\n<tr>\n<td>G\u00f3rna klatka piersiowa<\/td>\n<td>80cm<\/td>\n<\/tr>\n<tr>\n<td>Dolna klatka piersiowa<\/td>\n<td>60 cm<\/td>\n<\/tr>\n<tr>\n<td>Talia<\/td>\n<td>51 cm<\/td>\n<\/tr>\n<tr>\n<td>Biodro<\/td>\n<td>90cm<\/td>\n<\/tr>\n<tr>\n<td>Rami\u0119<\/td>\n<td>33cm<\/td>\n<\/tr>\n<tr>\n<td>Rami\u0119<\/td>\n<td>65cm<\/td>\n<\/tr>\n<tr>\n<td>Noga<\/td>\n<td>84cm<\/td>\n<\/tr>\n<tr>\n<td width=\"129\">Stopa<\/td>\n<td>21cm<\/td>\n<\/tr>\n<tr>\n<td width=\"129\">Waga netto<\/td>\n<td>35kg<\/td>\n<\/tr>\n<tr>\n<td>G\u0142\u0119boko\u015b\u0107 pochwy<\/td>\n<td>18 cm<\/td>\n<\/tr>\n<tr>\n<td>G\u0142\u0119boko\u015b\u0107 odbytu<\/td>\n<td>15cm<\/td>\n<\/tr>\n<\/tbody>\n<\/table>\n<h4>O Sex Doll<\/h4>\n<p>&nbsp;<\/p>","protected":false},"excerpt":{"rendered":"<p>Zdj\u0119cia lalek seksualnych Tabele rozmiar\u00f3w Materia\u0142 Pe\u0142ny silikon Wysoko\u015b\u0107 165 cm G\u00f3rna cz\u0119\u015b\u0107 klatki piersiowej 80 cm Dolna cz\u0119\u015b\u0107 klatki piersiowej 60 cm Talia 51 cm Biodra 90 cm<\/p>","protected":false},"featured_media":177928,"comment_status":"open","ping_status":"closed","template":"","meta":[],"product_brand":[],"product_cat":[234,75,229,219,110,107,117],"product_tag":[],"class_list":{"0":"post-177920","1":"product","2":"type-product","3":"status-publish","4":"has-post-thumbnail","6":"product_cat-234","7":"product_cat-160cm-170cm-sex-dolls","8":"product_cat-31kg-35kg","9":"product_cat-sex-doll-xxx","10":"product_cat-silicone-sex-doll","11":"product_cat-skinny-sex-dolls","12":"product_cat-small-breast-sex-doll","13":"pa_brand-doll-castle","14":"tm-has-options","16":"first","17":"instock","18":"sale","19":"shipping-taxable","20":"purchasable","21":"product-type-simple"},"_links":{"self":[{"href":"https:\/\/zxdoll.com\/pl\/wp-json\/wp\/v2\/product\/177920","targetHints":{"allow":["GET"]}}],"collection":[{"href":"https:\/\/zxdoll.com\/pl\/wp-json\/wp\/v2\/product"}],"about":[{"href":"https:\/\/zxdoll.com\/pl\/wp-json\/wp\/v2\/types\/product"}],"replies":[{"embeddable":true,"href":"https:\/\/zxdoll.com\/pl\/wp-json\/wp\/v2\/comments?post=177920"}],"version-history":[{"count":2,"href":"https:\/\/zxdoll.com\/pl\/wp-json\/wp\/v2\/product\/177920\/revisions"}],"predecessor-version":[{"id":177950,"href":"https:\/\/zxdoll.com\/pl\/wp-json\/wp\/v2\/product\/177920\/revisions\/177950"}],"wp:featuredmedia":[{"embeddable":true,"href":"https:\/\/zxdoll.com\/pl\/wp-json\/wp\/v2\/media\/177928"}],"wp:attachment":[{"href":"https:\/\/zxdoll.com\/pl\/wp-json\/wp\/v2\/media?parent=177920"}],"wp:term":[{"taxonomy":"product_brand","embeddable":true,"href":"https:\/\/zxdoll.com\/pl\/wp-json\/wp\/v2\/product_brand?post=177920"},{"taxonomy":"product_cat","embeddable":true,"href":"https:\/\/zxdoll.com\/pl\/wp-json\/wp\/v2\/product_cat?post=177920"},{"taxonomy":"product_tag","embeddable":true,"href":"https:\/\/zxdoll.com\/pl\/wp-json\/wp\/v2\/product_tag?post=177920"}],"curies":[{"name":"wp","href":"https:\/\/api.w.org\/{rel}","templated":true}]}}