{"id":174614,"date":"2024-09-20T02:36:46","date_gmt":"2024-09-19T18:36:46","guid":{"rendered":"https:\/\/zxdoll.com\/?post_type=product&#038;p=174614"},"modified":"2024-10-04T04:04:29","modified_gmt":"2024-10-03T20:04:29","slug":"gwen-tennyson-sex-doll-ben-10","status":"publish","type":"product","link":"https:\/\/zxdoll.com\/pl\/product\/gwen-tennyson-sex-doll-ben-10\/","title":{"rendered":"Gwen Tennyson Seks Lalka Ben 10 Elayne 160 cm"},"content":{"rendered":"<h4><strong>Zdj\u0119cia lalek erotycznych<\/strong><\/h4>\n\t                <ul class=\"easy-image-gallery thumbnails-25 linked\">\r\n                    <li><a data-fancybox=\"gallery485\" href=\"https:\/\/zxdoll.com\/wp-content\/uploads\/2024\/09\/ruby-sex-doll-hy6tgx1-533x800.jpg\" class=\"eig-popup\" title=\"\" data-caption=\"\" target=\"_blank\"><i class=\"icon-view\"><\/i><span class=\"overlay\"><\/span><img decoding=\"async\" width=\"150\" height=\"150\" src=\"https:\/\/zxdoll.com\/wp-content\/uploads\/2024\/09\/ruby-sex-doll-hy6tgx1-150x150.jpg\" class=\"attachment-thumbnail size-thumbnail\" alt=\"\" title=\"\"><\/a><\/li><li><a data-fancybox=\"gallery485\" href=\"https:\/\/zxdoll.com\/wp-content\/uploads\/2024\/09\/ruby-sex-doll-hy6tgx2-533x800.jpg\" class=\"eig-popup\" title=\"\" data-caption=\"\" target=\"_blank\"><i class=\"icon-view\"><\/i><span class=\"overlay\"><\/span><img decoding=\"async\" width=\"150\" height=\"150\" src=\"https:\/\/zxdoll.com\/wp-content\/uploads\/2024\/09\/ruby-sex-doll-hy6tgx2-150x150.jpg\" class=\"attachment-thumbnail size-thumbnail\" alt=\"\" title=\"\"><\/a><\/li><li><a data-fancybox=\"gallery485\" href=\"https:\/\/zxdoll.com\/wp-content\/uploads\/2024\/09\/ruby-sex-doll-hy6tgx3-533x800.jpg\" class=\"eig-popup\" title=\"\" data-caption=\"\" target=\"_blank\"><i class=\"icon-view\"><\/i><span class=\"overlay\"><\/span><img decoding=\"async\" width=\"150\" height=\"150\" src=\"https:\/\/zxdoll.com\/wp-content\/uploads\/2024\/09\/ruby-sex-doll-hy6tgx3-150x150.jpg\" class=\"attachment-thumbnail size-thumbnail\" alt=\"\" title=\"\"><\/a><\/li><li><a data-fancybox=\"gallery485\" href=\"https:\/\/zxdoll.com\/wp-content\/uploads\/2024\/09\/ruby-sex-doll-hy6tgx4.jpg\" class=\"eig-popup\" title=\"\" data-caption=\"\" target=\"_blank\"><i class=\"icon-view\"><\/i><span class=\"overlay\"><\/span><img loading=\"lazy\" decoding=\"async\" width=\"150\" height=\"150\" src=\"https:\/\/zxdoll.com\/wp-content\/uploads\/2024\/09\/ruby-sex-doll-hy6tgx4-150x150.jpg\" class=\"attachment-thumbnail size-thumbnail\" alt=\"\" title=\"\"><\/a><\/li><li><a data-fancybox=\"gallery485\" href=\"https:\/\/zxdoll.com\/wp-content\/uploads\/2024\/09\/ruby-sex-doll-hy6tgx5-533x800.jpg\" class=\"eig-popup\" title=\"\" data-caption=\"\" target=\"_blank\"><i class=\"icon-view\"><\/i><span class=\"overlay\"><\/span><img loading=\"lazy\" decoding=\"async\" width=\"150\" height=\"150\" src=\"https:\/\/zxdoll.com\/wp-content\/uploads\/2024\/09\/ruby-sex-doll-hy6tgx5-150x150.jpg\" class=\"attachment-thumbnail size-thumbnail\" alt=\"\" title=\"\"><\/a><\/li><li><a data-fancybox=\"gallery485\" href=\"https:\/\/zxdoll.com\/wp-content\/uploads\/2024\/09\/ruby-sex-doll-hy6tgx6.jpg\" class=\"eig-popup\" title=\"\" data-caption=\"\" target=\"_blank\"><i class=\"icon-view\"><\/i><span class=\"overlay\"><\/span><img loading=\"lazy\" decoding=\"async\" width=\"150\" height=\"150\" src=\"https:\/\/zxdoll.com\/wp-content\/uploads\/2024\/09\/ruby-sex-doll-hy6tgx6-150x150.jpg\" class=\"attachment-thumbnail size-thumbnail\" alt=\"\" title=\"\"><\/a><\/li><li><a data-fancybox=\"gallery485\" href=\"https:\/\/zxdoll.com\/wp-content\/uploads\/2024\/09\/ruby-sex-doll-hy6tgx7-533x800.jpg\" class=\"eig-popup\" title=\"\" data-caption=\"\" target=\"_blank\"><i class=\"icon-view\"><\/i><span class=\"overlay\"><\/span><img loading=\"lazy\" decoding=\"async\" width=\"150\" height=\"150\" src=\"https:\/\/zxdoll.com\/wp-content\/uploads\/2024\/09\/ruby-sex-doll-hy6tgx7-150x150.jpg\" class=\"attachment-thumbnail size-thumbnail\" alt=\"\" title=\"\"><\/a><\/li><li><a data-fancybox=\"gallery485\" href=\"https:\/\/zxdoll.com\/wp-content\/uploads\/2024\/09\/ruby-sex-doll-hy6tgx8-533x800.jpg\" class=\"eig-popup\" title=\"\" data-caption=\"\" target=\"_blank\"><i class=\"icon-view\"><\/i><span class=\"overlay\"><\/span><img loading=\"lazy\" decoding=\"async\" width=\"150\" height=\"150\" src=\"https:\/\/zxdoll.com\/wp-content\/uploads\/2024\/09\/ruby-sex-doll-hy6tgx8-150x150.jpg\" class=\"attachment-thumbnail size-thumbnail\" alt=\"\" title=\"\"><\/a><\/li><li><a data-fancybox=\"gallery485\" href=\"https:\/\/zxdoll.com\/wp-content\/uploads\/2024\/09\/ruby-sex-doll-hy6tgx9-533x800.jpg\" class=\"eig-popup\" title=\"\" data-caption=\"\" target=\"_blank\"><i class=\"icon-view\"><\/i><span class=\"overlay\"><\/span><img loading=\"lazy\" decoding=\"async\" width=\"150\" height=\"150\" src=\"https:\/\/zxdoll.com\/wp-content\/uploads\/2024\/09\/ruby-sex-doll-hy6tgx9-150x150.jpg\" class=\"attachment-thumbnail size-thumbnail\" alt=\"\" title=\"\"><\/a><\/li><li><a data-fancybox=\"gallery485\" href=\"https:\/\/zxdoll.com\/wp-content\/uploads\/2024\/09\/ruby-sex-doll-hy6tgx10-1-533x800.jpg\" class=\"eig-popup\" title=\"\" data-caption=\"\" target=\"_blank\"><i class=\"icon-view\"><\/i><span class=\"overlay\"><\/span><img loading=\"lazy\" decoding=\"async\" width=\"150\" height=\"150\" src=\"https:\/\/zxdoll.com\/wp-content\/uploads\/2024\/09\/ruby-sex-doll-hy6tgx10-1-150x150.jpg\" class=\"attachment-thumbnail size-thumbnail\" alt=\"\" title=\"\"><\/a><\/li><li><a data-fancybox=\"gallery485\" href=\"https:\/\/zxdoll.com\/wp-content\/uploads\/2024\/09\/ruby-sex-doll-hy6tgx11-533x800.jpg\" class=\"eig-popup\" title=\"\" data-caption=\"\" target=\"_blank\"><i class=\"icon-view\"><\/i><span class=\"overlay\"><\/span><img loading=\"lazy\" decoding=\"async\" width=\"150\" height=\"150\" src=\"https:\/\/zxdoll.com\/wp-content\/uploads\/2024\/09\/ruby-sex-doll-hy6tgx11-150x150.jpg\" class=\"attachment-thumbnail size-thumbnail\" alt=\"\" title=\"\"><\/a><\/li><li><a data-fancybox=\"gallery485\" href=\"https:\/\/zxdoll.com\/wp-content\/uploads\/2024\/09\/ruby-sex-doll-hy6tgx12-533x800.jpg\" class=\"eig-popup\" title=\"\" data-caption=\"\" target=\"_blank\"><i class=\"icon-view\"><\/i><span class=\"overlay\"><\/span><img loading=\"lazy\" decoding=\"async\" width=\"150\" height=\"150\" src=\"https:\/\/zxdoll.com\/wp-content\/uploads\/2024\/09\/ruby-sex-doll-hy6tgx12-150x150.jpg\" class=\"attachment-thumbnail size-thumbnail\" alt=\"\" title=\"\"><\/a><\/li><li><a data-fancybox=\"gallery485\" href=\"https:\/\/zxdoll.com\/wp-content\/uploads\/2024\/09\/ruby-sex-doll-hy6tgx13-533x800.jpg\" class=\"eig-popup\" title=\"\" data-caption=\"\" target=\"_blank\"><i class=\"icon-view\"><\/i><span class=\"overlay\"><\/span><img loading=\"lazy\" decoding=\"async\" width=\"150\" height=\"150\" src=\"https:\/\/zxdoll.com\/wp-content\/uploads\/2024\/09\/ruby-sex-doll-hy6tgx13-150x150.jpg\" class=\"attachment-thumbnail size-thumbnail\" alt=\"\" title=\"\"><\/a><\/li><li><a data-fancybox=\"gallery485\" href=\"https:\/\/zxdoll.com\/wp-content\/uploads\/2024\/09\/ruby-sex-doll-hy6tgx14-533x800.jpg\" class=\"eig-popup\" title=\"\" data-caption=\"\" target=\"_blank\"><i class=\"icon-view\"><\/i><span class=\"overlay\"><\/span><img loading=\"lazy\" decoding=\"async\" width=\"150\" height=\"150\" src=\"https:\/\/zxdoll.com\/wp-content\/uploads\/2024\/09\/ruby-sex-doll-hy6tgx14-150x150.jpg\" class=\"attachment-thumbnail size-thumbnail\" alt=\"\" title=\"\"><\/a><\/li><li><a data-fancybox=\"gallery485\" href=\"https:\/\/zxdoll.com\/wp-content\/uploads\/2024\/09\/ruby-sex-doll-hy6tgx15.jpg\" class=\"eig-popup\" title=\"\" data-caption=\"\" target=\"_blank\"><i class=\"icon-view\"><\/i><span class=\"overlay\"><\/span><img loading=\"lazy\" decoding=\"async\" width=\"150\" height=\"150\" src=\"https:\/\/zxdoll.com\/wp-content\/uploads\/2024\/09\/ruby-sex-doll-hy6tgx15-150x150.jpg\" class=\"attachment-thumbnail size-thumbnail\" alt=\"\" title=\"\"><\/a><\/li><li><a data-fancybox=\"gallery485\" href=\"https:\/\/zxdoll.com\/wp-content\/uploads\/2024\/09\/ruby-sex-doll-hy6tgx16-533x800.jpg\" class=\"eig-popup\" title=\"\" data-caption=\"\" target=\"_blank\"><i class=\"icon-view\"><\/i><span class=\"overlay\"><\/span><img loading=\"lazy\" decoding=\"async\" width=\"150\" height=\"150\" src=\"https:\/\/zxdoll.com\/wp-content\/uploads\/2024\/09\/ruby-sex-doll-hy6tgx16-150x150.jpg\" class=\"attachment-thumbnail size-thumbnail\" alt=\"\" title=\"\"><\/a><\/li><li><a data-fancybox=\"gallery485\" href=\"https:\/\/zxdoll.com\/wp-content\/uploads\/2024\/09\/ruby-sex-doll-hy6tgx17-533x800.jpg\" class=\"eig-popup\" title=\"\" data-caption=\"\" target=\"_blank\"><i class=\"icon-view\"><\/i><span class=\"overlay\"><\/span><img loading=\"lazy\" decoding=\"async\" width=\"150\" height=\"150\" src=\"https:\/\/zxdoll.com\/wp-content\/uploads\/2024\/09\/ruby-sex-doll-hy6tgx17-150x150.jpg\" class=\"attachment-thumbnail size-thumbnail\" alt=\"\" title=\"\"><\/a><\/li><li><a data-fancybox=\"gallery485\" href=\"https:\/\/zxdoll.com\/wp-content\/uploads\/2024\/09\/ruby-sex-doll-hy6tgx18-533x800.jpg\" class=\"eig-popup\" title=\"\" data-caption=\"\" target=\"_blank\"><i class=\"icon-view\"><\/i><span class=\"overlay\"><\/span><img loading=\"lazy\" decoding=\"async\" width=\"150\" height=\"150\" src=\"https:\/\/zxdoll.com\/wp-content\/uploads\/2024\/09\/ruby-sex-doll-hy6tgx18-150x150.jpg\" class=\"attachment-thumbnail size-thumbnail\" alt=\"\" title=\"\"><\/a><\/li><li><a data-fancybox=\"gallery485\" href=\"https:\/\/zxdoll.com\/wp-content\/uploads\/2024\/09\/ruby-sex-doll-hy6tgx19-533x800.jpg\" class=\"eig-popup\" title=\"\" data-caption=\"\" target=\"_blank\"><i class=\"icon-view\"><\/i><span class=\"overlay\"><\/span><img loading=\"lazy\" decoding=\"async\" width=\"150\" height=\"150\" src=\"https:\/\/zxdoll.com\/wp-content\/uploads\/2024\/09\/ruby-sex-doll-hy6tgx19-150x150.jpg\" class=\"attachment-thumbnail size-thumbnail\" alt=\"\" title=\"\"><\/a><\/li><li><a data-fancybox=\"gallery485\" href=\"https:\/\/zxdoll.com\/wp-content\/uploads\/2024\/09\/ruby-sex-doll-hy6tgx20-533x800.jpg\" class=\"eig-popup\" title=\"\" data-caption=\"\" target=\"_blank\"><i class=\"icon-view\"><\/i><span class=\"overlay\"><\/span><img loading=\"lazy\" decoding=\"async\" width=\"150\" height=\"150\" src=\"https:\/\/zxdoll.com\/wp-content\/uploads\/2024\/09\/ruby-sex-doll-hy6tgx20-150x150.jpg\" class=\"attachment-thumbnail size-thumbnail\" alt=\"\" title=\"\"><\/a><\/li><li><a data-fancybox=\"gallery485\" href=\"https:\/\/zxdoll.com\/wp-content\/uploads\/2024\/09\/ruby-sex-doll-hy6tgx21.jpg\" class=\"eig-popup\" title=\"\" data-caption=\"\" target=\"_blank\"><i class=\"icon-view\"><\/i><span class=\"overlay\"><\/span><img loading=\"lazy\" decoding=\"async\" width=\"150\" height=\"150\" src=\"https:\/\/zxdoll.com\/wp-content\/uploads\/2024\/09\/ruby-sex-doll-hy6tgx21-150x150.jpg\" class=\"attachment-thumbnail size-thumbnail\" alt=\"\" title=\"\"><\/a><\/li><li><a data-fancybox=\"gallery485\" href=\"https:\/\/zxdoll.com\/wp-content\/uploads\/2024\/09\/ruby-sex-doll-hy6tgx22-533x800.jpg\" class=\"eig-popup\" title=\"\" data-caption=\"\" target=\"_blank\"><i class=\"icon-view\"><\/i><span class=\"overlay\"><\/span><img loading=\"lazy\" decoding=\"async\" width=\"150\" height=\"150\" src=\"https:\/\/zxdoll.com\/wp-content\/uploads\/2024\/09\/ruby-sex-doll-hy6tgx22-150x150.jpg\" class=\"attachment-thumbnail size-thumbnail\" alt=\"\" title=\"\"><\/a><\/li><li><a data-fancybox=\"gallery485\" href=\"https:\/\/zxdoll.com\/wp-content\/uploads\/2024\/09\/ruby-sex-doll-hy6tgx23-533x800.jpg\" class=\"eig-popup\" title=\"\" data-caption=\"\" target=\"_blank\"><i class=\"icon-view\"><\/i><span class=\"overlay\"><\/span><img loading=\"lazy\" decoding=\"async\" width=\"150\" height=\"150\" src=\"https:\/\/zxdoll.com\/wp-content\/uploads\/2024\/09\/ruby-sex-doll-hy6tgx23-150x150.jpg\" class=\"attachment-thumbnail size-thumbnail\" alt=\"\" title=\"\"><\/a><\/li><li><a data-fancybox=\"gallery485\" href=\"https:\/\/zxdoll.com\/wp-content\/uploads\/2024\/09\/ruby-sex-doll-hy6tgx24.jpg\" class=\"eig-popup\" title=\"\" data-caption=\"\" target=\"_blank\"><i class=\"icon-view\"><\/i><span class=\"overlay\"><\/span><img loading=\"lazy\" decoding=\"async\" width=\"150\" height=\"150\" src=\"https:\/\/zxdoll.com\/wp-content\/uploads\/2024\/09\/ruby-sex-doll-hy6tgx24-150x150.jpg\" class=\"attachment-thumbnail size-thumbnail\" alt=\"\" title=\"\"><\/a><\/li><li><a data-fancybox=\"gallery485\" href=\"https:\/\/zxdoll.com\/wp-content\/uploads\/2024\/09\/ruby-sex-doll-hy6tgx25-533x800.jpg\" class=\"eig-popup\" title=\"\" data-caption=\"\" target=\"_blank\"><i class=\"icon-view\"><\/i><span class=\"overlay\"><\/span><img loading=\"lazy\" decoding=\"async\" width=\"150\" height=\"150\" src=\"https:\/\/zxdoll.com\/wp-content\/uploads\/2024\/09\/ruby-sex-doll-hy6tgx25-150x150.jpg\" class=\"attachment-thumbnail size-thumbnail\" alt=\"\" title=\"\"><\/a><\/li><\/ul>\n<h4>Tabele rozmiar\u00f3w<\/h4>\n<table width=\"336\">\n<tbody>\n<tr>\n<td width=\"163\">Materia\u0142<\/td>\n<td width=\"173\">G\u0142owa TPE + cia\u0142o TPE<\/td>\n<\/tr>\n<tr>\n<td width=\"163\">Wysoko\u015b\u0107<\/td>\n<td>Miseczka D 160 cm<\/td>\n<\/tr>\n<tr>\n<td width=\"163\">Rami\u0119<\/td>\n<td>33cm<\/td>\n<\/tr>\n<tr>\n<td width=\"163\">G\u00f3rna cz\u0119\u015b\u0107 piersi<\/td>\n<td>86cm<\/td>\n<\/tr>\n<tr>\n<td width=\"163\">Dolna cz\u0119\u015b\u0107 piersi<\/td>\n<td>58,5 cm<\/td>\n<\/tr>\n<tr>\n<td>Talia<\/td>\n<td>53cm<\/td>\n<\/tr>\n<tr>\n<td>Biodro<\/td>\n<td>83cm<\/td>\n<\/tr>\n<tr>\n<td width=\"163\">Obw\u00f3d uda<\/td>\n<td>45,5 cm<\/td>\n<\/tr>\n<tr>\n<td width=\"163\">Obw\u00f3d \u0142ydki<\/td>\n<td>27,5 cm<\/td>\n<\/tr>\n<tr>\n<td width=\"163\">D\u0142ugo\u015b\u0107 nogi<\/td>\n<td>85 cm<\/td>\n<\/tr>\n<tr>\n<td width=\"163\">D\u0142ugo\u015b\u0107 stopy<\/td>\n<td>22cm<\/td>\n<\/tr>\n<tr>\n<td width=\"163\">Waga netto<\/td>\n<td>33,5 kg<\/td>\n<\/tr>\n<tr>\n<td>G\u0142\u0119boko\u015b\u0107 ust<\/td>\n<td>12cm<\/td>\n<\/tr>\n<tr>\n<td>G\u0142\u0119boko\u015b\u0107 pochwy<\/td>\n<td>18 cm<\/td>\n<\/tr>\n<tr>\n<td>G\u0142\u0119boko\u015b\u0107 odbytu<\/td>\n<td>16cm<\/td>\n<\/tr>\n<\/tbody>\n<\/table>\n<h4>O Sex Doll<\/h4>\n<p>&nbsp;<\/p>","protected":false},"excerpt":{"rendered":"<p>Zdj\u0119cia lalek seksualnych Tabele rozmiar\u00f3w Materia\u0142 TPE G\u0142owa + TPE Wysoko\u015b\u0107 cia\u0142a 160 cm Miseczka D Ramiona 33 cm G\u00f3rna cz\u0119\u015b\u0107 piersi 86 cm Dolna cz\u0119\u015b\u0107<\/p>","protected":false},"featured_media":174622,"comment_status":"open","ping_status":"closed","template":"","meta":[],"product_brand":[],"product_cat":[234,75,229,80,208,107,117,119],"product_tag":[],"class_list":{"0":"post-174614","1":"product","2":"type-product","3":"status-publish","4":"has-post-thumbnail","6":"product_cat-234","7":"product_cat-160cm-170cm-sex-dolls","8":"product_cat-31kg-35kg","9":"product_cat-asian-sex-doll","10":"product_cat-furry-sex-doll","11":"product_cat-skinny-sex-dolls","12":"product_cat-small-breast-sex-doll","13":"product_cat-tpe-sex-doll","14":"pa_brand-jx-doll","15":"tm-has-options","17":"first","18":"instock","19":"sale","20":"shipping-taxable","21":"purchasable","22":"product-type-simple"},"_links":{"self":[{"href":"https:\/\/zxdoll.com\/pl\/wp-json\/wp\/v2\/product\/174614","targetHints":{"allow":["GET"]}}],"collection":[{"href":"https:\/\/zxdoll.com\/pl\/wp-json\/wp\/v2\/product"}],"about":[{"href":"https:\/\/zxdoll.com\/pl\/wp-json\/wp\/v2\/types\/product"}],"replies":[{"embeddable":true,"href":"https:\/\/zxdoll.com\/pl\/wp-json\/wp\/v2\/comments?post=174614"}],"version-history":[{"count":1,"href":"https:\/\/zxdoll.com\/pl\/wp-json\/wp\/v2\/product\/174614\/revisions"}],"predecessor-version":[{"id":174736,"href":"https:\/\/zxdoll.com\/pl\/wp-json\/wp\/v2\/product\/174614\/revisions\/174736"}],"wp:featuredmedia":[{"embeddable":true,"href":"https:\/\/zxdoll.com\/pl\/wp-json\/wp\/v2\/media\/174622"}],"wp:attachment":[{"href":"https:\/\/zxdoll.com\/pl\/wp-json\/wp\/v2\/media?parent=174614"}],"wp:term":[{"taxonomy":"product_brand","embeddable":true,"href":"https:\/\/zxdoll.com\/pl\/wp-json\/wp\/v2\/product_brand?post=174614"},{"taxonomy":"product_cat","embeddable":true,"href":"https:\/\/zxdoll.com\/pl\/wp-json\/wp\/v2\/product_cat?post=174614"},{"taxonomy":"product_tag","embeddable":true,"href":"https:\/\/zxdoll.com\/pl\/wp-json\/wp\/v2\/product_tag?post=174614"}],"curies":[{"name":"wp","href":"https:\/\/api.w.org\/{rel}","templated":true}]}}