{"id":174254,"date":"2024-09-20T01:45:04","date_gmt":"2024-09-19T17:45:04","guid":{"rendered":"https:\/\/zxdoll.com\/?post_type=product&#038;p=174254"},"modified":"2024-10-09T15:54:11","modified_gmt":"2024-10-09T07:54:11","slug":"sex-doll-with-automatic-mouth","status":"publish","type":"product","link":"https:\/\/zxdoll.com\/pl\/product\/sex-doll-with-automatic-mouth\/","title":{"rendered":"Seks Lalka Z Automatycznymi Ustami Dorthy 160cm"},"content":{"rendered":"<h4><strong>Zdj\u0119cia lalek erotycznych<\/strong><\/h4>\n\t                <ul class=\"easy-image-gallery thumbnails-12 linked\">\r\n                    <li><a data-fancybox=\"gallery627\" href=\"https:\/\/zxdoll.com\/wp-content\/uploads\/2024\/09\/chunky-doll-sex-t7uyxc1-533x800.jpg\" class=\"eig-popup\" title=\"\" data-caption=\"\" target=\"_blank\"><i class=\"icon-view\"><\/i><span class=\"overlay\"><\/span><img decoding=\"async\" width=\"150\" height=\"150\" src=\"https:\/\/zxdoll.com\/wp-content\/uploads\/2024\/09\/chunky-doll-sex-t7uyxc1-150x150.jpg\" class=\"attachment-thumbnail size-thumbnail\" alt=\"\" title=\"\"><\/a><\/li><li><a data-fancybox=\"gallery627\" href=\"https:\/\/zxdoll.com\/wp-content\/uploads\/2024\/09\/chunky-doll-sex-t7uyxc2-533x800.jpg\" class=\"eig-popup\" title=\"\" data-caption=\"\" target=\"_blank\"><i class=\"icon-view\"><\/i><span class=\"overlay\"><\/span><img decoding=\"async\" width=\"150\" height=\"150\" src=\"https:\/\/zxdoll.com\/wp-content\/uploads\/2024\/09\/chunky-doll-sex-t7uyxc2-150x150.jpg\" class=\"attachment-thumbnail size-thumbnail\" alt=\"\" title=\"\"><\/a><\/li><li><a data-fancybox=\"gallery627\" href=\"https:\/\/zxdoll.com\/wp-content\/uploads\/2024\/09\/chunky-doll-sex-t7uyxc3-1-533x800.jpg\" class=\"eig-popup\" title=\"\" data-caption=\"\" target=\"_blank\"><i class=\"icon-view\"><\/i><span class=\"overlay\"><\/span><img decoding=\"async\" width=\"150\" height=\"150\" src=\"https:\/\/zxdoll.com\/wp-content\/uploads\/2024\/09\/chunky-doll-sex-t7uyxc3-1-150x150.jpg\" class=\"attachment-thumbnail size-thumbnail\" alt=\"\" title=\"\"><\/a><\/li><li><a data-fancybox=\"gallery627\" href=\"https:\/\/zxdoll.com\/wp-content\/uploads\/2024\/09\/chunky-doll-sex-t7uyxc4-533x800.jpg\" class=\"eig-popup\" title=\"\" data-caption=\"\" target=\"_blank\"><i class=\"icon-view\"><\/i><span class=\"overlay\"><\/span><img loading=\"lazy\" decoding=\"async\" width=\"150\" height=\"150\" src=\"https:\/\/zxdoll.com\/wp-content\/uploads\/2024\/09\/chunky-doll-sex-t7uyxc4-150x150.jpg\" class=\"attachment-thumbnail size-thumbnail\" alt=\"\" title=\"\"><\/a><\/li><li><a data-fancybox=\"gallery627\" href=\"https:\/\/zxdoll.com\/wp-content\/uploads\/2024\/09\/chunky-doll-sex-t7uyxc5-533x800.jpg\" class=\"eig-popup\" title=\"\" data-caption=\"\" target=\"_blank\"><i class=\"icon-view\"><\/i><span class=\"overlay\"><\/span><img loading=\"lazy\" decoding=\"async\" width=\"150\" height=\"150\" src=\"https:\/\/zxdoll.com\/wp-content\/uploads\/2024\/09\/chunky-doll-sex-t7uyxc5-150x150.jpg\" class=\"attachment-thumbnail size-thumbnail\" alt=\"\" title=\"\"><\/a><\/li><li><a data-fancybox=\"gallery627\" href=\"https:\/\/zxdoll.com\/wp-content\/uploads\/2024\/09\/chunky-doll-sex-t7uyxc6-533x800.jpg\" class=\"eig-popup\" title=\"\" data-caption=\"\" target=\"_blank\"><i class=\"icon-view\"><\/i><span class=\"overlay\"><\/span><img loading=\"lazy\" decoding=\"async\" width=\"150\" height=\"150\" src=\"https:\/\/zxdoll.com\/wp-content\/uploads\/2024\/09\/chunky-doll-sex-t7uyxc6-150x150.jpg\" class=\"attachment-thumbnail size-thumbnail\" alt=\"\" title=\"\"><\/a><\/li><li><a data-fancybox=\"gallery627\" href=\"https:\/\/zxdoll.com\/wp-content\/uploads\/2024\/09\/chunky-doll-sex-t7uyxc7-533x800.jpg\" class=\"eig-popup\" title=\"\" data-caption=\"\" target=\"_blank\"><i class=\"icon-view\"><\/i><span class=\"overlay\"><\/span><img loading=\"lazy\" decoding=\"async\" width=\"150\" height=\"150\" src=\"https:\/\/zxdoll.com\/wp-content\/uploads\/2024\/09\/chunky-doll-sex-t7uyxc7-150x150.jpg\" class=\"attachment-thumbnail size-thumbnail\" alt=\"\" title=\"\"><\/a><\/li><li><a data-fancybox=\"gallery627\" href=\"https:\/\/zxdoll.com\/wp-content\/uploads\/2024\/09\/chunky-doll-sex-t7uyxc8-533x800.jpg\" class=\"eig-popup\" title=\"\" data-caption=\"\" target=\"_blank\"><i class=\"icon-view\"><\/i><span class=\"overlay\"><\/span><img loading=\"lazy\" decoding=\"async\" width=\"150\" height=\"150\" src=\"https:\/\/zxdoll.com\/wp-content\/uploads\/2024\/09\/chunky-doll-sex-t7uyxc8-150x150.jpg\" class=\"attachment-thumbnail size-thumbnail\" alt=\"\" title=\"\"><\/a><\/li><li><a data-fancybox=\"gallery627\" href=\"https:\/\/zxdoll.com\/wp-content\/uploads\/2024\/09\/chunky-doll-sex-t7uyxc9-533x800.jpg\" class=\"eig-popup\" title=\"\" data-caption=\"\" target=\"_blank\"><i class=\"icon-view\"><\/i><span class=\"overlay\"><\/span><img loading=\"lazy\" decoding=\"async\" width=\"150\" height=\"150\" src=\"https:\/\/zxdoll.com\/wp-content\/uploads\/2024\/09\/chunky-doll-sex-t7uyxc9-150x150.jpg\" class=\"attachment-thumbnail size-thumbnail\" alt=\"\" title=\"\"><\/a><\/li><li><a data-fancybox=\"gallery627\" href=\"https:\/\/zxdoll.com\/wp-content\/uploads\/2024\/09\/chunky-doll-sex-t7uyxc10-533x800.jpg\" class=\"eig-popup\" title=\"\" data-caption=\"\" target=\"_blank\"><i class=\"icon-view\"><\/i><span class=\"overlay\"><\/span><img loading=\"lazy\" decoding=\"async\" width=\"150\" height=\"150\" src=\"https:\/\/zxdoll.com\/wp-content\/uploads\/2024\/09\/chunky-doll-sex-t7uyxc10-150x150.jpg\" class=\"attachment-thumbnail size-thumbnail\" alt=\"\" title=\"\"><\/a><\/li><li><a data-fancybox=\"gallery627\" href=\"https:\/\/zxdoll.com\/wp-content\/uploads\/2024\/09\/chunky-doll-sex-t7uyxc11-533x800.jpg\" class=\"eig-popup\" title=\"\" data-caption=\"\" target=\"_blank\"><i class=\"icon-view\"><\/i><span class=\"overlay\"><\/span><img loading=\"lazy\" decoding=\"async\" width=\"150\" height=\"150\" src=\"https:\/\/zxdoll.com\/wp-content\/uploads\/2024\/09\/chunky-doll-sex-t7uyxc11-150x150.jpg\" class=\"attachment-thumbnail size-thumbnail\" alt=\"\" title=\"\"><\/a><\/li><li><a data-fancybox=\"gallery627\" href=\"https:\/\/zxdoll.com\/wp-content\/uploads\/2024\/09\/chunky-doll-sex-t7uyxc12-533x800.jpg\" class=\"eig-popup\" title=\"\" data-caption=\"\" target=\"_blank\"><i class=\"icon-view\"><\/i><span class=\"overlay\"><\/span><img loading=\"lazy\" decoding=\"async\" width=\"150\" height=\"150\" src=\"https:\/\/zxdoll.com\/wp-content\/uploads\/2024\/09\/chunky-doll-sex-t7uyxc12-150x150.jpg\" class=\"attachment-thumbnail size-thumbnail\" alt=\"\" title=\"\"><\/a><\/li><\/ul>\n<h4>Tabele rozmiar\u00f3w<\/h4>\n<table width=\"336\">\n<tbody>\n<tr>\n<td width=\"163\">Materia\u0142<\/td>\n<td width=\"173\">G\u0142owica silikonowa + korpus TPE<\/td>\n<\/tr>\n<tr>\n<td width=\"163\">Wysoko\u015b\u0107<\/td>\n<td>Miseczka D 160 cm<\/td>\n<\/tr>\n<tr>\n<td width=\"163\">Rami\u0119<\/td>\n<td>33cm<\/td>\n<\/tr>\n<tr>\n<td width=\"163\">G\u00f3rna cz\u0119\u015b\u0107 piersi<\/td>\n<td>86cm<\/td>\n<\/tr>\n<tr>\n<td width=\"163\">Dolna cz\u0119\u015b\u0107 piersi<\/td>\n<td>58,5 cm<\/td>\n<\/tr>\n<tr>\n<td>Talia<\/td>\n<td>53cm<\/td>\n<\/tr>\n<tr>\n<td>Biodro<\/td>\n<td>83cm<\/td>\n<\/tr>\n<tr>\n<td width=\"163\">Obw\u00f3d uda<\/td>\n<td>45,5 cm<\/td>\n<\/tr>\n<tr>\n<td width=\"163\">Obw\u00f3d \u0142ydki<\/td>\n<td>27,5 cm<\/td>\n<\/tr>\n<tr>\n<td width=\"163\">D\u0142ugo\u015b\u0107 nogi<\/td>\n<td>85 cm<\/td>\n<\/tr>\n<tr>\n<td width=\"163\">D\u0142ugo\u015b\u0107 stopy<\/td>\n<td>22cm<\/td>\n<\/tr>\n<tr>\n<td width=\"163\">Waga netto<\/td>\n<td>33,5 kg<\/td>\n<\/tr>\n<tr>\n<td>G\u0142\u0119boko\u015b\u0107 ust<\/td>\n<td>Niedost\u0119pne<\/td>\n<\/tr>\n<tr>\n<td>G\u0142\u0119boko\u015b\u0107 pochwy<\/td>\n<td>18 cm<\/td>\n<\/tr>\n<tr>\n<td>G\u0142\u0119boko\u015b\u0107 odbytu<\/td>\n<td>16cm<\/td>\n<\/tr>\n<\/tbody>\n<\/table>\n<h4>O Sex Doll<\/h4>\n<p>&nbsp;<\/p>","protected":false},"excerpt":{"rendered":"<p>Zdj\u0119cia lalek seksualnych Tabele rozmiar\u00f3w Materia\u0142 Silikon G\u0142owa + TPE Wysoko\u015b\u0107 cia\u0142a 160 cm Miseczka D Ramiona 33 cm G\u00f3rna cz\u0119\u015b\u0107 piersi 86 cm Dolna cz\u0119\u015b\u0107<\/p>","protected":false},"featured_media":174279,"comment_status":"open","ping_status":"closed","template":"","meta":[],"product_brand":[],"product_cat":[207,75,229,234,80,192,107,117],"product_tag":[],"class_list":{"0":"post-174254","1":"product","2":"type-product","3":"status-publish","4":"has-post-thumbnail","6":"product_cat-toy-sex-doll","7":"product_cat-160cm-170cm-sex-dolls","8":"product_cat-31kg-35kg","9":"product_cat-234","10":"product_cat-asian-sex-doll","11":"product_cat-hybrid-doll","12":"product_cat-skinny-sex-dolls","13":"product_cat-small-breast-sex-doll","14":"pa_brand-jx-doll","15":"tm-has-options","17":"first","18":"instock","19":"sale","20":"shipping-taxable","21":"purchasable","22":"product-type-simple"},"_links":{"self":[{"href":"https:\/\/zxdoll.com\/pl\/wp-json\/wp\/v2\/product\/174254","targetHints":{"allow":["GET"]}}],"collection":[{"href":"https:\/\/zxdoll.com\/pl\/wp-json\/wp\/v2\/product"}],"about":[{"href":"https:\/\/zxdoll.com\/pl\/wp-json\/wp\/v2\/types\/product"}],"replies":[{"embeddable":true,"href":"https:\/\/zxdoll.com\/pl\/wp-json\/wp\/v2\/comments?post=174254"}],"version-history":[{"count":1,"href":"https:\/\/zxdoll.com\/pl\/wp-json\/wp\/v2\/product\/174254\/revisions"}],"predecessor-version":[{"id":174443,"href":"https:\/\/zxdoll.com\/pl\/wp-json\/wp\/v2\/product\/174254\/revisions\/174443"}],"wp:featuredmedia":[{"embeddable":true,"href":"https:\/\/zxdoll.com\/pl\/wp-json\/wp\/v2\/media\/174279"}],"wp:attachment":[{"href":"https:\/\/zxdoll.com\/pl\/wp-json\/wp\/v2\/media?parent=174254"}],"wp:term":[{"taxonomy":"product_brand","embeddable":true,"href":"https:\/\/zxdoll.com\/pl\/wp-json\/wp\/v2\/product_brand?post=174254"},{"taxonomy":"product_cat","embeddable":true,"href":"https:\/\/zxdoll.com\/pl\/wp-json\/wp\/v2\/product_cat?post=174254"},{"taxonomy":"product_tag","embeddable":true,"href":"https:\/\/zxdoll.com\/pl\/wp-json\/wp\/v2\/product_tag?post=174254"}],"curies":[{"name":"wp","href":"https:\/\/api.w.org\/{rel}","templated":true}]}}