{"id":172834,"date":"2024-09-19T04:27:53","date_gmt":"2024-09-18T20:27:53","guid":{"rendered":"https:\/\/zxdoll.com\/?post_type=product&#038;p=172834"},"modified":"2024-10-01T04:37:49","modified_gmt":"2024-09-30T20:37:49","slug":"list-of-sex-doll-manufacturers","status":"publish","type":"product","link":"https:\/\/zxdoll.com\/pl\/product\/list-of-sex-doll-manufacturers\/","title":{"rendered":"Lista producent\u00f3w lalek erotycznych Koral 159cm"},"content":{"rendered":"<h4><strong>Zdj\u0119cia lalek erotycznych<\/strong><\/h4>\n\t                <ul class=\"easy-image-gallery thumbnails-27 linked\">\r\n                    <li><a data-fancybox=\"gallery466\" href=\"https:\/\/zxdoll.com\/wp-content\/uploads\/2024\/09\/share-sex-doll-tBw49y1.jpg\" class=\"eig-popup\" title=\"\" data-caption=\"\" target=\"_blank\"><i class=\"icon-view\"><\/i><span class=\"overlay\"><\/span><img decoding=\"async\" width=\"150\" height=\"150\" src=\"https:\/\/zxdoll.com\/wp-content\/uploads\/2024\/09\/share-sex-doll-tBw49y1-150x150.jpg\" class=\"attachment-thumbnail size-thumbnail\" alt=\"\" title=\"\"><\/a><\/li><li><a data-fancybox=\"gallery466\" href=\"https:\/\/zxdoll.com\/wp-content\/uploads\/2024\/09\/share-sex-doll-tBw49y2.jpg\" class=\"eig-popup\" title=\"\" data-caption=\"\" target=\"_blank\"><i class=\"icon-view\"><\/i><span class=\"overlay\"><\/span><img decoding=\"async\" width=\"150\" height=\"150\" src=\"https:\/\/zxdoll.com\/wp-content\/uploads\/2024\/09\/share-sex-doll-tBw49y2-150x150.jpg\" class=\"attachment-thumbnail size-thumbnail\" alt=\"\" title=\"\"><\/a><\/li><li><a data-fancybox=\"gallery466\" href=\"https:\/\/zxdoll.com\/wp-content\/uploads\/2024\/09\/share-sex-doll-tBw49y3.jpg\" class=\"eig-popup\" title=\"\" data-caption=\"\" target=\"_blank\"><i class=\"icon-view\"><\/i><span class=\"overlay\"><\/span><img decoding=\"async\" width=\"150\" height=\"150\" src=\"https:\/\/zxdoll.com\/wp-content\/uploads\/2024\/09\/share-sex-doll-tBw49y3-150x150.jpg\" class=\"attachment-thumbnail size-thumbnail\" alt=\"\" title=\"\"><\/a><\/li><li><a data-fancybox=\"gallery466\" href=\"https:\/\/zxdoll.com\/wp-content\/uploads\/2024\/09\/share-sex-doll-tBw49y5-1-533x800.jpg\" class=\"eig-popup\" title=\"\" data-caption=\"\" target=\"_blank\"><i class=\"icon-view\"><\/i><span class=\"overlay\"><\/span><img loading=\"lazy\" decoding=\"async\" width=\"150\" height=\"150\" src=\"https:\/\/zxdoll.com\/wp-content\/uploads\/2024\/09\/share-sex-doll-tBw49y5-1-150x150.jpg\" class=\"attachment-thumbnail size-thumbnail\" alt=\"\" title=\"\"><\/a><\/li><li><a data-fancybox=\"gallery466\" href=\"https:\/\/zxdoll.com\/wp-content\/uploads\/2024\/09\/share-sex-doll-tBw49y6-533x800.jpg\" class=\"eig-popup\" title=\"\" data-caption=\"\" target=\"_blank\"><i class=\"icon-view\"><\/i><span class=\"overlay\"><\/span><img loading=\"lazy\" decoding=\"async\" width=\"150\" height=\"150\" src=\"https:\/\/zxdoll.com\/wp-content\/uploads\/2024\/09\/share-sex-doll-tBw49y6-150x150.jpg\" class=\"attachment-thumbnail size-thumbnail\" alt=\"\" title=\"\"><\/a><\/li><li><a data-fancybox=\"gallery466\" href=\"https:\/\/zxdoll.com\/wp-content\/uploads\/2024\/09\/share-sex-doll-tBw49y7-533x800.jpg\" class=\"eig-popup\" title=\"\" data-caption=\"\" target=\"_blank\"><i class=\"icon-view\"><\/i><span class=\"overlay\"><\/span><img loading=\"lazy\" decoding=\"async\" width=\"150\" height=\"150\" src=\"https:\/\/zxdoll.com\/wp-content\/uploads\/2024\/09\/share-sex-doll-tBw49y7-150x150.jpg\" class=\"attachment-thumbnail size-thumbnail\" alt=\"\" title=\"\"><\/a><\/li><li><a data-fancybox=\"gallery466\" href=\"https:\/\/zxdoll.com\/wp-content\/uploads\/2024\/09\/share-sex-doll-tBw49y8-533x800.jpg\" class=\"eig-popup\" title=\"\" data-caption=\"\" target=\"_blank\"><i class=\"icon-view\"><\/i><span class=\"overlay\"><\/span><img loading=\"lazy\" decoding=\"async\" width=\"150\" height=\"150\" src=\"https:\/\/zxdoll.com\/wp-content\/uploads\/2024\/09\/share-sex-doll-tBw49y8-150x150.jpg\" class=\"attachment-thumbnail size-thumbnail\" alt=\"\" title=\"\"><\/a><\/li><li><a data-fancybox=\"gallery466\" href=\"https:\/\/zxdoll.com\/wp-content\/uploads\/2024\/09\/share-sex-doll-tBw49y9-533x800.jpg\" class=\"eig-popup\" title=\"\" data-caption=\"\" target=\"_blank\"><i class=\"icon-view\"><\/i><span class=\"overlay\"><\/span><img loading=\"lazy\" decoding=\"async\" width=\"150\" height=\"150\" src=\"https:\/\/zxdoll.com\/wp-content\/uploads\/2024\/09\/share-sex-doll-tBw49y9-150x150.jpg\" class=\"attachment-thumbnail size-thumbnail\" alt=\"\" title=\"\"><\/a><\/li><li><a data-fancybox=\"gallery466\" href=\"https:\/\/zxdoll.com\/wp-content\/uploads\/2024\/09\/share-sex-doll-tBw49y10-533x800.jpg\" class=\"eig-popup\" title=\"\" data-caption=\"\" target=\"_blank\"><i class=\"icon-view\"><\/i><span class=\"overlay\"><\/span><img loading=\"lazy\" decoding=\"async\" width=\"150\" height=\"150\" src=\"https:\/\/zxdoll.com\/wp-content\/uploads\/2024\/09\/share-sex-doll-tBw49y10-150x150.jpg\" class=\"attachment-thumbnail size-thumbnail\" alt=\"\" title=\"\"><\/a><\/li><li><a data-fancybox=\"gallery466\" href=\"https:\/\/zxdoll.com\/wp-content\/uploads\/2024\/09\/share-sex-doll-tBw49y11-533x800.jpg\" class=\"eig-popup\" title=\"\" data-caption=\"\" target=\"_blank\"><i class=\"icon-view\"><\/i><span class=\"overlay\"><\/span><img loading=\"lazy\" decoding=\"async\" width=\"150\" height=\"150\" src=\"https:\/\/zxdoll.com\/wp-content\/uploads\/2024\/09\/share-sex-doll-tBw49y11-150x150.jpg\" class=\"attachment-thumbnail size-thumbnail\" alt=\"\" title=\"\"><\/a><\/li><li><a data-fancybox=\"gallery466\" href=\"https:\/\/zxdoll.com\/wp-content\/uploads\/2024\/09\/share-sex-doll-tBw49y12-533x800.jpg\" class=\"eig-popup\" title=\"\" data-caption=\"\" target=\"_blank\"><i class=\"icon-view\"><\/i><span class=\"overlay\"><\/span><img loading=\"lazy\" decoding=\"async\" width=\"150\" height=\"150\" src=\"https:\/\/zxdoll.com\/wp-content\/uploads\/2024\/09\/share-sex-doll-tBw49y12-150x150.jpg\" class=\"attachment-thumbnail size-thumbnail\" alt=\"\" title=\"\"><\/a><\/li><li><a data-fancybox=\"gallery466\" href=\"https:\/\/zxdoll.com\/wp-content\/uploads\/2024\/09\/share-sex-doll-tBw49y13-533x800.jpg\" class=\"eig-popup\" title=\"\" data-caption=\"\" target=\"_blank\"><i class=\"icon-view\"><\/i><span class=\"overlay\"><\/span><img loading=\"lazy\" decoding=\"async\" width=\"150\" height=\"150\" src=\"https:\/\/zxdoll.com\/wp-content\/uploads\/2024\/09\/share-sex-doll-tBw49y13-150x150.jpg\" class=\"attachment-thumbnail size-thumbnail\" alt=\"\" title=\"\"><\/a><\/li><li><a data-fancybox=\"gallery466\" href=\"https:\/\/zxdoll.com\/wp-content\/uploads\/2024\/09\/share-sex-doll-tBw49y14-533x800.jpg\" class=\"eig-popup\" title=\"\" data-caption=\"\" target=\"_blank\"><i class=\"icon-view\"><\/i><span class=\"overlay\"><\/span><img loading=\"lazy\" decoding=\"async\" width=\"150\" height=\"150\" src=\"https:\/\/zxdoll.com\/wp-content\/uploads\/2024\/09\/share-sex-doll-tBw49y14-150x150.jpg\" class=\"attachment-thumbnail size-thumbnail\" alt=\"\" title=\"\"><\/a><\/li><li><a data-fancybox=\"gallery466\" href=\"https:\/\/zxdoll.com\/wp-content\/uploads\/2024\/09\/share-sex-doll-tBw49y15-533x800.jpg\" class=\"eig-popup\" title=\"\" data-caption=\"\" target=\"_blank\"><i class=\"icon-view\"><\/i><span class=\"overlay\"><\/span><img loading=\"lazy\" decoding=\"async\" width=\"150\" height=\"150\" src=\"https:\/\/zxdoll.com\/wp-content\/uploads\/2024\/09\/share-sex-doll-tBw49y15-150x150.jpg\" class=\"attachment-thumbnail size-thumbnail\" alt=\"\" title=\"\"><\/a><\/li><li><a data-fancybox=\"gallery466\" href=\"https:\/\/zxdoll.com\/wp-content\/uploads\/2024\/09\/share-sex-doll-tBw49y16.jpg\" class=\"eig-popup\" title=\"\" data-caption=\"\" target=\"_blank\"><i class=\"icon-view\"><\/i><span class=\"overlay\"><\/span><img loading=\"lazy\" decoding=\"async\" width=\"150\" height=\"150\" src=\"https:\/\/zxdoll.com\/wp-content\/uploads\/2024\/09\/share-sex-doll-tBw49y16-150x150.jpg\" class=\"attachment-thumbnail size-thumbnail\" alt=\"\" title=\"\"><\/a><\/li><li><a data-fancybox=\"gallery466\" href=\"https:\/\/zxdoll.com\/wp-content\/uploads\/2024\/09\/share-sex-doll-tBw49y17.jpg\" class=\"eig-popup\" title=\"\" data-caption=\"\" target=\"_blank\"><i class=\"icon-view\"><\/i><span class=\"overlay\"><\/span><img loading=\"lazy\" decoding=\"async\" width=\"150\" height=\"150\" src=\"https:\/\/zxdoll.com\/wp-content\/uploads\/2024\/09\/share-sex-doll-tBw49y17-150x150.jpg\" class=\"attachment-thumbnail size-thumbnail\" alt=\"\" title=\"\"><\/a><\/li><li><a data-fancybox=\"gallery466\" href=\"https:\/\/zxdoll.com\/wp-content\/uploads\/2024\/09\/share-sex-doll-tBw49y18-533x800.jpg\" class=\"eig-popup\" title=\"\" data-caption=\"\" target=\"_blank\"><i class=\"icon-view\"><\/i><span class=\"overlay\"><\/span><img loading=\"lazy\" decoding=\"async\" width=\"150\" height=\"150\" src=\"https:\/\/zxdoll.com\/wp-content\/uploads\/2024\/09\/share-sex-doll-tBw49y18-150x150.jpg\" class=\"attachment-thumbnail size-thumbnail\" alt=\"\" title=\"\"><\/a><\/li><li><a data-fancybox=\"gallery466\" href=\"https:\/\/zxdoll.com\/wp-content\/uploads\/2024\/09\/share-sex-doll-tBw49y19-533x800.jpg\" class=\"eig-popup\" title=\"\" data-caption=\"\" target=\"_blank\"><i class=\"icon-view\"><\/i><span class=\"overlay\"><\/span><img loading=\"lazy\" decoding=\"async\" width=\"150\" height=\"150\" src=\"https:\/\/zxdoll.com\/wp-content\/uploads\/2024\/09\/share-sex-doll-tBw49y19-150x150.jpg\" class=\"attachment-thumbnail size-thumbnail\" alt=\"\" title=\"\"><\/a><\/li><li><a data-fancybox=\"gallery466\" href=\"https:\/\/zxdoll.com\/wp-content\/uploads\/2024\/09\/share-sex-doll-tBw49y20.jpg\" class=\"eig-popup\" title=\"\" data-caption=\"\" target=\"_blank\"><i class=\"icon-view\"><\/i><span class=\"overlay\"><\/span><img loading=\"lazy\" decoding=\"async\" width=\"150\" height=\"150\" src=\"https:\/\/zxdoll.com\/wp-content\/uploads\/2024\/09\/share-sex-doll-tBw49y20-150x150.jpg\" class=\"attachment-thumbnail size-thumbnail\" alt=\"\" title=\"\"><\/a><\/li><li><a data-fancybox=\"gallery466\" href=\"https:\/\/zxdoll.com\/wp-content\/uploads\/2024\/09\/share-sex-doll-tBw49y21-533x800.jpg\" class=\"eig-popup\" title=\"\" data-caption=\"\" target=\"_blank\"><i class=\"icon-view\"><\/i><span class=\"overlay\"><\/span><img loading=\"lazy\" decoding=\"async\" width=\"150\" height=\"150\" src=\"https:\/\/zxdoll.com\/wp-content\/uploads\/2024\/09\/share-sex-doll-tBw49y21-150x150.jpg\" class=\"attachment-thumbnail size-thumbnail\" alt=\"\" title=\"\"><\/a><\/li><li><a data-fancybox=\"gallery466\" href=\"https:\/\/zxdoll.com\/wp-content\/uploads\/2024\/09\/share-sex-doll-tBw49y22-533x800.jpg\" class=\"eig-popup\" title=\"\" data-caption=\"\" target=\"_blank\"><i class=\"icon-view\"><\/i><span class=\"overlay\"><\/span><img loading=\"lazy\" decoding=\"async\" width=\"150\" height=\"150\" src=\"https:\/\/zxdoll.com\/wp-content\/uploads\/2024\/09\/share-sex-doll-tBw49y22-150x150.jpg\" class=\"attachment-thumbnail size-thumbnail\" alt=\"\" title=\"\"><\/a><\/li><li><a data-fancybox=\"gallery466\" href=\"https:\/\/zxdoll.com\/wp-content\/uploads\/2024\/09\/share-sex-doll-tBw49y23.jpg\" class=\"eig-popup\" title=\"\" data-caption=\"\" target=\"_blank\"><i class=\"icon-view\"><\/i><span class=\"overlay\"><\/span><img loading=\"lazy\" decoding=\"async\" width=\"150\" height=\"150\" src=\"https:\/\/zxdoll.com\/wp-content\/uploads\/2024\/09\/share-sex-doll-tBw49y23-150x150.jpg\" class=\"attachment-thumbnail size-thumbnail\" alt=\"\" title=\"\"><\/a><\/li><li><a data-fancybox=\"gallery466\" href=\"https:\/\/zxdoll.com\/wp-content\/uploads\/2024\/09\/share-sex-doll-tBw49y24.jpg\" class=\"eig-popup\" title=\"\" data-caption=\"\" target=\"_blank\"><i class=\"icon-view\"><\/i><span class=\"overlay\"><\/span><img loading=\"lazy\" decoding=\"async\" width=\"150\" height=\"150\" src=\"https:\/\/zxdoll.com\/wp-content\/uploads\/2024\/09\/share-sex-doll-tBw49y24-150x150.jpg\" class=\"attachment-thumbnail size-thumbnail\" alt=\"\" title=\"\"><\/a><\/li><li><a data-fancybox=\"gallery466\" href=\"https:\/\/zxdoll.com\/wp-content\/uploads\/2024\/09\/share-sex-doll-tBw49y25-533x800.jpg\" class=\"eig-popup\" title=\"\" data-caption=\"\" target=\"_blank\"><i class=\"icon-view\"><\/i><span class=\"overlay\"><\/span><img loading=\"lazy\" decoding=\"async\" width=\"150\" height=\"150\" src=\"https:\/\/zxdoll.com\/wp-content\/uploads\/2024\/09\/share-sex-doll-tBw49y25-150x150.jpg\" class=\"attachment-thumbnail size-thumbnail\" alt=\"\" title=\"\"><\/a><\/li><li><a data-fancybox=\"gallery466\" href=\"https:\/\/zxdoll.com\/wp-content\/uploads\/2024\/09\/share-sex-doll-tBw49y26-533x800.jpg\" class=\"eig-popup\" title=\"\" data-caption=\"\" target=\"_blank\"><i class=\"icon-view\"><\/i><span class=\"overlay\"><\/span><img loading=\"lazy\" decoding=\"async\" width=\"150\" height=\"150\" src=\"https:\/\/zxdoll.com\/wp-content\/uploads\/2024\/09\/share-sex-doll-tBw49y26-150x150.jpg\" class=\"attachment-thumbnail size-thumbnail\" alt=\"\" title=\"\"><\/a><\/li><li><a data-fancybox=\"gallery466\" href=\"https:\/\/zxdoll.com\/wp-content\/uploads\/2024\/09\/share-sex-doll-tBw49y27-533x800.jpg\" class=\"eig-popup\" title=\"\" data-caption=\"\" target=\"_blank\"><i class=\"icon-view\"><\/i><span class=\"overlay\"><\/span><img loading=\"lazy\" decoding=\"async\" width=\"150\" height=\"150\" src=\"https:\/\/zxdoll.com\/wp-content\/uploads\/2024\/09\/share-sex-doll-tBw49y27-150x150.jpg\" class=\"attachment-thumbnail size-thumbnail\" alt=\"\" title=\"\"><\/a><\/li><li><a data-fancybox=\"gallery466\" href=\"https:\/\/zxdoll.com\/wp-content\/uploads\/2024\/09\/share-sex-doll-tBw49y28-533x800.jpg\" class=\"eig-popup\" title=\"\" data-caption=\"\" target=\"_blank\"><i class=\"icon-view\"><\/i><span class=\"overlay\"><\/span><img loading=\"lazy\" decoding=\"async\" width=\"150\" height=\"150\" src=\"https:\/\/zxdoll.com\/wp-content\/uploads\/2024\/09\/share-sex-doll-tBw49y28-150x150.jpg\" class=\"attachment-thumbnail size-thumbnail\" alt=\"\" title=\"\"><\/a><\/li><\/ul>\n<h4>Tabele rozmiar\u00f3w<\/h4>\n<table width=\"349\">\n<tbody>\n<tr>\n<td width=\"210\">Materia\u0142<\/td>\n<td width=\"139\">Pe\u0142ny silikon<\/td>\n<\/tr>\n<tr>\n<td>Wysoko\u015b\u0107<\/td>\n<td>159 cm<\/td>\n<\/tr>\n<tr>\n<td>Pier\u015b<\/td>\n<td>82cm<\/td>\n<\/tr>\n<tr>\n<td>Pod piersi\u0105<\/td>\n<td>59 cm<\/td>\n<\/tr>\n<tr>\n<td>Talia<\/td>\n<td>58cm<\/td>\n<\/tr>\n<tr>\n<td>Biodro<\/td>\n<td>94cm<\/td>\n<\/tr>\n<tr>\n<td>D\u0142ugo\u015b\u0107 ramienia<\/td>\n<td>49 cm<\/td>\n<\/tr>\n<tr>\n<td>Szeroko\u015b\u0107 ramienia<\/td>\n<td>30cm<\/td>\n<\/tr>\n<tr>\n<td>Linia uda<\/td>\n<td>52cm<\/td>\n<\/tr>\n<tr>\n<td>D\u0142ugo\u015b\u0107 n\u00f3g<\/td>\n<td>92cm<\/td>\n<\/tr>\n<tr>\n<td>Rozmiar stopy<\/td>\n<td>21cm<\/td>\n<\/tr>\n<tr>\n<td>G\u0142\u0119boko\u015b\u0107 jamy ustnej (tylko mi\u0119kka g\u0142\u00f3wka)<\/td>\n<td>12cm<\/td>\n<\/tr>\n<tr>\n<td>G\u0142\u0119boko\u015b\u0107 pochwy<\/td>\n<td>18 cm<\/td>\n<\/tr>\n<tr>\n<td>G\u0142\u0119boko\u015b\u0107 odbytu<\/td>\n<td>16cm<\/td>\n<\/tr>\n<tr>\n<td>Waga netto<\/td>\n<td>33.7kg<\/td>\n<\/tr>\n<\/tbody>\n<\/table>\n<h4>O Sex Doll<\/h4>\n<p>&nbsp;<\/p>","protected":false},"excerpt":{"rendered":"<p>Sex Doll Images Size Charts Material Full Silicone Height 159cm Breast 82cm Under Breast 59cm Waist 58cm Hip 94cm Arm<\/p>","protected":false},"featured_media":172845,"comment_status":"open","ping_status":"closed","template":"","meta":[],"product_brand":[],"product_cat":[234,112,229,80,116,166,110,107],"product_tag":[],"class_list":{"0":"post-172834","1":"product","2":"type-product","3":"status-publish","4":"has-post-thumbnail","6":"product_cat-234","7":"product_cat-150cm-159cm-sex-dolls","8":"product_cat-31kg-35kg","9":"product_cat-asian-sex-doll","10":"product_cat-big-boobs-sex-doll","11":"product_cat-sexy-sex-dolls","12":"product_cat-silicone-sex-doll","13":"product_cat-skinny-sex-dolls","14":"pa_brand-irontech-doll","15":"tm-has-options","17":"first","18":"instock","19":"sale","20":"shipping-taxable","21":"purchasable","22":"product-type-simple"},"_links":{"self":[{"href":"https:\/\/zxdoll.com\/pl\/wp-json\/wp\/v2\/product\/172834","targetHints":{"allow":["GET"]}}],"collection":[{"href":"https:\/\/zxdoll.com\/pl\/wp-json\/wp\/v2\/product"}],"about":[{"href":"https:\/\/zxdoll.com\/pl\/wp-json\/wp\/v2\/types\/product"}],"replies":[{"embeddable":true,"href":"https:\/\/zxdoll.com\/pl\/wp-json\/wp\/v2\/comments?post=172834"}],"version-history":[{"count":2,"href":"https:\/\/zxdoll.com\/pl\/wp-json\/wp\/v2\/product\/172834\/revisions"}],"predecessor-version":[{"id":172922,"href":"https:\/\/zxdoll.com\/pl\/wp-json\/wp\/v2\/product\/172834\/revisions\/172922"}],"wp:featuredmedia":[{"embeddable":true,"href":"https:\/\/zxdoll.com\/pl\/wp-json\/wp\/v2\/media\/172845"}],"wp:attachment":[{"href":"https:\/\/zxdoll.com\/pl\/wp-json\/wp\/v2\/media?parent=172834"}],"wp:term":[{"taxonomy":"product_brand","embeddable":true,"href":"https:\/\/zxdoll.com\/pl\/wp-json\/wp\/v2\/product_brand?post=172834"},{"taxonomy":"product_cat","embeddable":true,"href":"https:\/\/zxdoll.com\/pl\/wp-json\/wp\/v2\/product_cat?post=172834"},{"taxonomy":"product_tag","embeddable":true,"href":"https:\/\/zxdoll.com\/pl\/wp-json\/wp\/v2\/product_tag?post=172834"}],"curies":[{"name":"wp","href":"https:\/\/api.w.org\/{rel}","templated":true}]}}