{"id":165468,"date":"2024-09-16T00:02:14","date_gmt":"2024-09-15T16:02:14","guid":{"rendered":"https:\/\/zxdoll.com\/?post_type=product&#038;p=165468"},"modified":"2024-10-01T02:57:02","modified_gmt":"2024-09-30T18:57:02","slug":"rough-fucking-sex-doll-heavy","status":"publish","type":"product","link":"https:\/\/zxdoll.com\/pl\/product\/rough-fucking-sex-doll-heavy\/","title":{"rendered":"Lalka do seksu z brutalnym pieprzeniem, ci\u0119\u017cka, s\u0142ona, 49 cm"},"content":{"rendered":"<h4><strong>Zdj\u0119cia lalek erotycznych<\/strong><\/h4>\n\t                <ul class=\"easy-image-gallery thumbnails-9 linked\">\r\n                    <li><a data-fancybox=\"gallery932\" href=\"https:\/\/zxdoll.com\/wp-content\/uploads\/2024\/09\/centaur-sex-doll-uIw97c2-533x800.jpg\" class=\"eig-popup\" title=\"\" data-caption=\"\" target=\"_blank\"><i class=\"icon-view\"><\/i><span class=\"overlay\"><\/span><img decoding=\"async\" width=\"150\" height=\"150\" src=\"https:\/\/zxdoll.com\/wp-content\/uploads\/2024\/09\/centaur-sex-doll-uIw97c2-150x150.jpg\" class=\"attachment-thumbnail size-thumbnail\" alt=\"\" title=\"\"><\/a><\/li><li><a data-fancybox=\"gallery932\" href=\"https:\/\/zxdoll.com\/wp-content\/uploads\/2024\/09\/centaur-sex-doll-uIw97c3-533x800.jpg\" class=\"eig-popup\" title=\"\" data-caption=\"\" target=\"_blank\"><i class=\"icon-view\"><\/i><span class=\"overlay\"><\/span><img decoding=\"async\" width=\"150\" height=\"150\" src=\"https:\/\/zxdoll.com\/wp-content\/uploads\/2024\/09\/centaur-sex-doll-uIw97c3-150x150.jpg\" class=\"attachment-thumbnail size-thumbnail\" alt=\"\" title=\"\"><\/a><\/li><li><a data-fancybox=\"gallery932\" href=\"https:\/\/zxdoll.com\/wp-content\/uploads\/2024\/09\/centaur-sex-doll-uIw97c4-533x800.jpg\" class=\"eig-popup\" title=\"\" data-caption=\"\" target=\"_blank\"><i class=\"icon-view\"><\/i><span class=\"overlay\"><\/span><img decoding=\"async\" width=\"150\" height=\"150\" src=\"https:\/\/zxdoll.com\/wp-content\/uploads\/2024\/09\/centaur-sex-doll-uIw97c4-150x150.jpg\" class=\"attachment-thumbnail size-thumbnail\" alt=\"\" title=\"\"><\/a><\/li><li><a data-fancybox=\"gallery932\" href=\"https:\/\/zxdoll.com\/wp-content\/uploads\/2024\/09\/centaur-sex-doll-uIw97c5-533x800.jpg\" class=\"eig-popup\" title=\"\" data-caption=\"\" target=\"_blank\"><i class=\"icon-view\"><\/i><span class=\"overlay\"><\/span><img loading=\"lazy\" decoding=\"async\" width=\"150\" height=\"150\" src=\"https:\/\/zxdoll.com\/wp-content\/uploads\/2024\/09\/centaur-sex-doll-uIw97c5-150x150.jpg\" class=\"attachment-thumbnail size-thumbnail\" alt=\"\" title=\"\"><\/a><\/li><li><a data-fancybox=\"gallery932\" href=\"https:\/\/zxdoll.com\/wp-content\/uploads\/2024\/09\/centaur-sex-doll-uIw97c6-533x800.jpg\" class=\"eig-popup\" title=\"\" data-caption=\"\" target=\"_blank\"><i class=\"icon-view\"><\/i><span class=\"overlay\"><\/span><img loading=\"lazy\" decoding=\"async\" width=\"150\" height=\"150\" src=\"https:\/\/zxdoll.com\/wp-content\/uploads\/2024\/09\/centaur-sex-doll-uIw97c6-150x150.jpg\" class=\"attachment-thumbnail size-thumbnail\" alt=\"\" title=\"\"><\/a><\/li><li><a data-fancybox=\"gallery932\" href=\"https:\/\/zxdoll.com\/wp-content\/uploads\/2024\/09\/centaur-sex-doll-uIw97c7-533x800.jpg\" class=\"eig-popup\" title=\"\" data-caption=\"\" target=\"_blank\"><i class=\"icon-view\"><\/i><span class=\"overlay\"><\/span><img loading=\"lazy\" decoding=\"async\" width=\"150\" height=\"150\" src=\"https:\/\/zxdoll.com\/wp-content\/uploads\/2024\/09\/centaur-sex-doll-uIw97c7-150x150.jpg\" class=\"attachment-thumbnail size-thumbnail\" alt=\"\" title=\"\"><\/a><\/li><li><a data-fancybox=\"gallery932\" href=\"https:\/\/zxdoll.com\/wp-content\/uploads\/2024\/09\/centaur-sex-doll-uIw97c8-533x800.jpg\" class=\"eig-popup\" title=\"\" data-caption=\"\" target=\"_blank\"><i class=\"icon-view\"><\/i><span class=\"overlay\"><\/span><img loading=\"lazy\" decoding=\"async\" width=\"150\" height=\"150\" src=\"https:\/\/zxdoll.com\/wp-content\/uploads\/2024\/09\/centaur-sex-doll-uIw97c8-150x150.jpg\" class=\"attachment-thumbnail size-thumbnail\" alt=\"\" title=\"\"><\/a><\/li><li><a data-fancybox=\"gallery932\" href=\"https:\/\/zxdoll.com\/wp-content\/uploads\/2024\/09\/centaur-sex-doll-uIw97c9-533x800.jpg\" class=\"eig-popup\" title=\"\" data-caption=\"\" target=\"_blank\"><i class=\"icon-view\"><\/i><span class=\"overlay\"><\/span><img loading=\"lazy\" decoding=\"async\" width=\"150\" height=\"150\" src=\"https:\/\/zxdoll.com\/wp-content\/uploads\/2024\/09\/centaur-sex-doll-uIw97c9-150x150.jpg\" class=\"attachment-thumbnail size-thumbnail\" alt=\"\" title=\"\"><\/a><\/li><li><a data-fancybox=\"gallery932\" href=\"https:\/\/zxdoll.com\/wp-content\/uploads\/2024\/09\/centaur-sex-doll-uIw97c10-533x800.jpg\" class=\"eig-popup\" title=\"\" data-caption=\"\" target=\"_blank\"><i class=\"icon-view\"><\/i><span class=\"overlay\"><\/span><img loading=\"lazy\" decoding=\"async\" width=\"150\" height=\"150\" src=\"https:\/\/zxdoll.com\/wp-content\/uploads\/2024\/09\/centaur-sex-doll-uIw97c10-150x150.jpg\" class=\"attachment-thumbnail size-thumbnail\" alt=\"\" title=\"\"><\/a><\/li><\/ul>\n<h4>Tabele rozmiar\u00f3w<\/h4>\n<table width=\"332\">\n<tbody>\n<tr>\n<td width=\"143\">Wysoko\u015b\u0107<\/td>\n<td width=\"189\">19.29 in\/49cm<\/td>\n<\/tr>\n<tr>\n<td>Rozmiar klatki piersiowej<\/td>\n<td>25.98 in\/66cm<\/td>\n<\/tr>\n<tr>\n<td>Rozmiar bioder<\/td>\n<td>25.2 in\/64 cm<\/td>\n<\/tr>\n<tr>\n<td>Obw\u00f3d talii<\/td>\n<td>40cm\/15.75in<\/td>\n<\/tr>\n<tr>\n<td>D\u0142ugo\u015b\u0107 n\u00f3g<\/td>\n<td>8cm<\/td>\n<\/tr>\n<tr>\n<td>Waga netto<\/td>\n<td>8,5 kg<\/td>\n<\/tr>\n<tr>\n<td>Pochwowy<\/td>\n<td>16.96cm\/6.68in<\/td>\n<\/tr>\n<tr>\n<td>Odbyt<\/td>\n<td>13.5cm\/5.33in<\/td>\n<\/tr>\n<\/tbody>\n<\/table>\n<h4>O Sex Doll<\/h4>\n<p>&nbsp;<\/p>","protected":false},"excerpt":{"rendered":"<p>Sex Doll Images Size Charts Height 19.29 in\/49cm Chest size 25.98 in\/66cm Hip size 25.2 in\/64 cm Waist size 40cm\/15.75in<\/p>","protected":false},"featured_media":165477,"comment_status":"open","ping_status":"closed","template":"","meta":[],"product_brand":[],"product_cat":[234,149,116,196,227],"product_tag":[],"class_list":{"0":"post-165468","1":"product","2":"type-product","3":"status-publish","4":"has-post-thumbnail","6":"product_cat-234","7":"product_cat-below-139cm-sex-dolls","8":"product_cat-big-boobs-sex-doll","9":"product_cat-realistic-sex-doll-torso","10":"product_cat-under-25kg","11":"pa_brand-joyotoy-doll","12":"tm-has-options","14":"first","15":"instock","16":"shipping-taxable","17":"purchasable","18":"product-type-simple"},"_links":{"self":[{"href":"https:\/\/zxdoll.com\/pl\/wp-json\/wp\/v2\/product\/165468","targetHints":{"allow":["GET"]}}],"collection":[{"href":"https:\/\/zxdoll.com\/pl\/wp-json\/wp\/v2\/product"}],"about":[{"href":"https:\/\/zxdoll.com\/pl\/wp-json\/wp\/v2\/types\/product"}],"replies":[{"embeddable":true,"href":"https:\/\/zxdoll.com\/pl\/wp-json\/wp\/v2\/comments?post=165468"}],"version-history":[{"count":1,"href":"https:\/\/zxdoll.com\/pl\/wp-json\/wp\/v2\/product\/165468\/revisions"}],"predecessor-version":[{"id":165503,"href":"https:\/\/zxdoll.com\/pl\/wp-json\/wp\/v2\/product\/165468\/revisions\/165503"}],"wp:featuredmedia":[{"embeddable":true,"href":"https:\/\/zxdoll.com\/pl\/wp-json\/wp\/v2\/media\/165477"}],"wp:attachment":[{"href":"https:\/\/zxdoll.com\/pl\/wp-json\/wp\/v2\/media?parent=165468"}],"wp:term":[{"taxonomy":"product_brand","embeddable":true,"href":"https:\/\/zxdoll.com\/pl\/wp-json\/wp\/v2\/product_brand?post=165468"},{"taxonomy":"product_cat","embeddable":true,"href":"https:\/\/zxdoll.com\/pl\/wp-json\/wp\/v2\/product_cat?post=165468"},{"taxonomy":"product_tag","embeddable":true,"href":"https:\/\/zxdoll.com\/pl\/wp-json\/wp\/v2\/product_tag?post=165468"}],"curies":[{"name":"wp","href":"https:\/\/api.w.org\/{rel}","templated":true}]}}