{"id":16119,"date":"2023-02-28T04:57:59","date_gmt":"2023-02-27T20:57:59","guid":{"rendered":"https:\/\/zxdoll.com\/?post_type=product&#038;p=16119"},"modified":"2025-09-17T00:32:38","modified_gmt":"2025-09-16T16:32:38","slug":"perfect-durable-inexpensive-sex-dolls","status":"publish","type":"product","link":"https:\/\/zxdoll.com\/pl\/product\/perfect-durable-inexpensive-sex-dolls\/","title":{"rendered":"Idealne trwa\u0142e niedrogie lalki erotyczne Johnie 150 cm"},"content":{"rendered":"<h4><strong>Zdj\u0119cia lalek erotycznych<\/strong><\/h4>\n\t                <ul class=\"easy-image-gallery thumbnails-9 linked\">\r\n                    <li><a data-fancybox=\"gallery770\" href=\"https:\/\/zxdoll.com\/wp-content\/uploads\/2023\/02\/bunny-sex-doll-s4r1-533x800.jpg\" class=\"eig-popup\" title=\"\" data-caption=\"\" target=\"_blank\"><i class=\"icon-view\"><\/i><span class=\"overlay\"><\/span><img decoding=\"async\" width=\"150\" height=\"150\" src=\"https:\/\/zxdoll.com\/wp-content\/uploads\/2023\/02\/bunny-sex-doll-s4r1-150x150.jpg\" class=\"attachment-thumbnail size-thumbnail\" alt=\"\" title=\"\"><\/a><\/li><li><a data-fancybox=\"gallery770\" href=\"https:\/\/zxdoll.com\/wp-content\/uploads\/2023\/02\/bunny-sex-doll-s4r2-1-533x800.jpg\" class=\"eig-popup\" title=\"\" data-caption=\"\" target=\"_blank\"><i class=\"icon-view\"><\/i><span class=\"overlay\"><\/span><img decoding=\"async\" width=\"150\" height=\"150\" src=\"https:\/\/zxdoll.com\/wp-content\/uploads\/2023\/02\/bunny-sex-doll-s4r2-1-150x150.jpg\" class=\"attachment-thumbnail size-thumbnail\" alt=\"\" title=\"\"><\/a><\/li><li><a data-fancybox=\"gallery770\" href=\"https:\/\/zxdoll.com\/wp-content\/uploads\/2023\/02\/bunny-sex-doll-s4r3-533x800.jpg\" class=\"eig-popup\" title=\"\" data-caption=\"\" target=\"_blank\"><i class=\"icon-view\"><\/i><span class=\"overlay\"><\/span><img decoding=\"async\" width=\"150\" height=\"150\" src=\"https:\/\/zxdoll.com\/wp-content\/uploads\/2023\/02\/bunny-sex-doll-s4r3-150x150.jpg\" class=\"attachment-thumbnail size-thumbnail\" alt=\"\" title=\"\"><\/a><\/li><li><a data-fancybox=\"gallery770\" href=\"https:\/\/zxdoll.com\/wp-content\/uploads\/2023\/02\/bunny-sex-doll-s4r4-800x800.jpg\" class=\"eig-popup\" title=\"\" data-caption=\"\" target=\"_blank\"><i class=\"icon-view\"><\/i><span class=\"overlay\"><\/span><img loading=\"lazy\" decoding=\"async\" width=\"150\" height=\"150\" src=\"https:\/\/zxdoll.com\/wp-content\/uploads\/2023\/02\/bunny-sex-doll-s4r4-150x150.jpg\" class=\"attachment-thumbnail size-thumbnail\" alt=\"\" srcset=\"https:\/\/zxdoll.com\/wp-content\/uploads\/2023\/02\/bunny-sex-doll-s4r4-150x150.jpg 150w, https:\/\/zxdoll.com\/wp-content\/uploads\/2023\/02\/bunny-sex-doll-s4r4-300x300.jpg 300w, https:\/\/zxdoll.com\/wp-content\/uploads\/2023\/02\/bunny-sex-doll-s4r4-800x800.jpg 800w, https:\/\/zxdoll.com\/wp-content\/uploads\/2023\/02\/bunny-sex-doll-s4r4-768x768.jpg 768w, https:\/\/zxdoll.com\/wp-content\/uploads\/2023\/02\/bunny-sex-doll-s4r4-12x12.jpg 12w, https:\/\/zxdoll.com\/wp-content\/uploads\/2023\/02\/bunny-sex-doll-s4r4-860x860.jpg 860w, https:\/\/zxdoll.com\/wp-content\/uploads\/2023\/02\/bunny-sex-doll-s4r4-430x430.jpg 430w, https:\/\/zxdoll.com\/wp-content\/uploads\/2023\/02\/bunny-sex-doll-s4r4-700x700.jpg 700w, https:\/\/zxdoll.com\/wp-content\/uploads\/2023\/02\/bunny-sex-doll-s4r4.jpg 900w\" sizes=\"(max-width: 150px) 100vw, 150px\" title=\"\"><\/a><\/li><li><a data-fancybox=\"gallery770\" href=\"https:\/\/zxdoll.com\/wp-content\/uploads\/2023\/02\/bunny-sex-doll-s4r5-800x800.jpg\" class=\"eig-popup\" title=\"\" data-caption=\"\" target=\"_blank\"><i class=\"icon-view\"><\/i><span class=\"overlay\"><\/span><img loading=\"lazy\" decoding=\"async\" width=\"150\" height=\"150\" src=\"https:\/\/zxdoll.com\/wp-content\/uploads\/2023\/02\/bunny-sex-doll-s4r5-150x150.jpg\" class=\"attachment-thumbnail size-thumbnail\" alt=\"\" srcset=\"https:\/\/zxdoll.com\/wp-content\/uploads\/2023\/02\/bunny-sex-doll-s4r5-150x150.jpg 150w, https:\/\/zxdoll.com\/wp-content\/uploads\/2023\/02\/bunny-sex-doll-s4r5-300x300.jpg 300w, https:\/\/zxdoll.com\/wp-content\/uploads\/2023\/02\/bunny-sex-doll-s4r5-800x800.jpg 800w, https:\/\/zxdoll.com\/wp-content\/uploads\/2023\/02\/bunny-sex-doll-s4r5-768x768.jpg 768w, https:\/\/zxdoll.com\/wp-content\/uploads\/2023\/02\/bunny-sex-doll-s4r5-12x12.jpg 12w, https:\/\/zxdoll.com\/wp-content\/uploads\/2023\/02\/bunny-sex-doll-s4r5-860x860.jpg 860w, https:\/\/zxdoll.com\/wp-content\/uploads\/2023\/02\/bunny-sex-doll-s4r5-430x430.jpg 430w, https:\/\/zxdoll.com\/wp-content\/uploads\/2023\/02\/bunny-sex-doll-s4r5-700x700.jpg 700w, https:\/\/zxdoll.com\/wp-content\/uploads\/2023\/02\/bunny-sex-doll-s4r5.jpg 900w\" sizes=\"(max-width: 150px) 100vw, 150px\" title=\"\"><\/a><\/li><li><a data-fancybox=\"gallery770\" href=\"https:\/\/zxdoll.com\/wp-content\/uploads\/2023\/02\/bunny-sex-doll-s4r6-533x800.jpg\" class=\"eig-popup\" title=\"\" data-caption=\"\" target=\"_blank\"><i class=\"icon-view\"><\/i><span class=\"overlay\"><\/span><img loading=\"lazy\" decoding=\"async\" width=\"150\" height=\"150\" src=\"https:\/\/zxdoll.com\/wp-content\/uploads\/2023\/02\/bunny-sex-doll-s4r6-150x150.jpg\" class=\"attachment-thumbnail size-thumbnail\" alt=\"\" title=\"\"><\/a><\/li><li><a data-fancybox=\"gallery770\" href=\"https:\/\/zxdoll.com\/wp-content\/uploads\/2023\/02\/bunny-sex-doll-s4r7-800x800.jpg\" class=\"eig-popup\" title=\"\" data-caption=\"\" target=\"_blank\"><i class=\"icon-view\"><\/i><span class=\"overlay\"><\/span><img loading=\"lazy\" decoding=\"async\" width=\"150\" height=\"150\" src=\"https:\/\/zxdoll.com\/wp-content\/uploads\/2023\/02\/bunny-sex-doll-s4r7-150x150.jpg\" class=\"attachment-thumbnail size-thumbnail\" alt=\"\" srcset=\"https:\/\/zxdoll.com\/wp-content\/uploads\/2023\/02\/bunny-sex-doll-s4r7-150x150.jpg 150w, https:\/\/zxdoll.com\/wp-content\/uploads\/2023\/02\/bunny-sex-doll-s4r7-300x300.jpg 300w, https:\/\/zxdoll.com\/wp-content\/uploads\/2023\/02\/bunny-sex-doll-s4r7-800x800.jpg 800w, https:\/\/zxdoll.com\/wp-content\/uploads\/2023\/02\/bunny-sex-doll-s4r7-768x768.jpg 768w, https:\/\/zxdoll.com\/wp-content\/uploads\/2023\/02\/bunny-sex-doll-s4r7-12x12.jpg 12w, https:\/\/zxdoll.com\/wp-content\/uploads\/2023\/02\/bunny-sex-doll-s4r7-860x860.jpg 860w, https:\/\/zxdoll.com\/wp-content\/uploads\/2023\/02\/bunny-sex-doll-s4r7-430x430.jpg 430w, https:\/\/zxdoll.com\/wp-content\/uploads\/2023\/02\/bunny-sex-doll-s4r7-700x700.jpg 700w, https:\/\/zxdoll.com\/wp-content\/uploads\/2023\/02\/bunny-sex-doll-s4r7.jpg 900w\" sizes=\"(max-width: 150px) 100vw, 150px\" title=\"\"><\/a><\/li><li><a data-fancybox=\"gallery770\" href=\"https:\/\/zxdoll.com\/wp-content\/uploads\/2023\/02\/bunny-sex-doll-s4r8-800x800.jpg\" class=\"eig-popup\" title=\"\" data-caption=\"\" target=\"_blank\"><i class=\"icon-view\"><\/i><span class=\"overlay\"><\/span><img loading=\"lazy\" decoding=\"async\" width=\"150\" height=\"150\" src=\"https:\/\/zxdoll.com\/wp-content\/uploads\/2023\/02\/bunny-sex-doll-s4r8-150x150.jpg\" class=\"attachment-thumbnail size-thumbnail\" alt=\"\" srcset=\"https:\/\/zxdoll.com\/wp-content\/uploads\/2023\/02\/bunny-sex-doll-s4r8-150x150.jpg 150w, https:\/\/zxdoll.com\/wp-content\/uploads\/2023\/02\/bunny-sex-doll-s4r8-300x300.jpg 300w, https:\/\/zxdoll.com\/wp-content\/uploads\/2023\/02\/bunny-sex-doll-s4r8-800x800.jpg 800w, https:\/\/zxdoll.com\/wp-content\/uploads\/2023\/02\/bunny-sex-doll-s4r8-768x768.jpg 768w, https:\/\/zxdoll.com\/wp-content\/uploads\/2023\/02\/bunny-sex-doll-s4r8-12x12.jpg 12w, https:\/\/zxdoll.com\/wp-content\/uploads\/2023\/02\/bunny-sex-doll-s4r8-860x860.jpg 860w, https:\/\/zxdoll.com\/wp-content\/uploads\/2023\/02\/bunny-sex-doll-s4r8-430x430.jpg 430w, https:\/\/zxdoll.com\/wp-content\/uploads\/2023\/02\/bunny-sex-doll-s4r8-700x700.jpg 700w, https:\/\/zxdoll.com\/wp-content\/uploads\/2023\/02\/bunny-sex-doll-s4r8.jpg 900w\" sizes=\"(max-width: 150px) 100vw, 150px\" title=\"\"><\/a><\/li><li><a data-fancybox=\"gallery770\" href=\"https:\/\/zxdoll.com\/wp-content\/uploads\/2023\/02\/bunny-sex-doll-s4r9.jpg\" class=\"eig-popup\" title=\"\" data-caption=\"\" target=\"_blank\"><i class=\"icon-view\"><\/i><span class=\"overlay\"><\/span><img loading=\"lazy\" decoding=\"async\" width=\"100\" height=\"150\" src=\"https:\/\/zxdoll.com\/wp-content\/uploads\/2023\/02\/bunny-sex-doll-s4r9.jpg\" class=\"attachment-thumbnail size-thumbnail\" alt=\"\" title=\"\"><\/a><\/li><\/ul>\n<h4>Tabele rozmiar\u00f3w<\/h4>\n<table width=\"269\">\n<tbody>\n<tr>\n<td width=\"130\">Materia\u0142<\/td>\n<td width=\"139\">TPE<\/td>\n<\/tr>\n<tr>\n<td width=\"130\">Wysoko\u015b\u0107<\/td>\n<td width=\"139\">150 cm<\/td>\n<\/tr>\n<tr>\n<td>Pier\u015b<\/td>\n<td>75 cm<\/td>\n<\/tr>\n<tr>\n<td>Talia<\/td>\n<td>54cm<\/td>\n<\/tr>\n<tr>\n<td>Biodro<\/td>\n<td>77 cm<\/td>\n<\/tr>\n<tr>\n<td>Rami\u0119<\/td>\n<td>32cm<\/td>\n<\/tr>\n<tr>\n<td>D\u0142ugo\u015b\u0107 n\u00f3g<\/td>\n<td>89cm<\/td>\n<\/tr>\n<tr>\n<td>D\u0142ugo\u015b\u0107 ramienia<\/td>\n<td>54cm<\/td>\n<\/tr>\n<tr>\n<td>D\u0142ugo\u015b\u0107 stopy<\/td>\n<td>19cm<\/td>\n<\/tr>\n<tr>\n<td>Waga netto<\/td>\n<td>27 KG<\/td>\n<\/tr>\n<tr>\n<td>G\u0142\u0119bia jamy ustnej<\/td>\n<td>13 cm<\/td>\n<\/tr>\n<tr>\n<td>G\u0142\u0119boko\u015b\u0107 pochwy<\/td>\n<td>17cm<\/td>\n<\/tr>\n<tr>\n<td>G\u0142\u0119boko\u015b\u0107 odbytu<\/td>\n<td>16cm<\/td>\n<\/tr>\n<\/tbody>\n<\/table>\n<h4>O Sex Doll<\/h4>\n<p>Kiedy partner narzeka na to, jak d\u0142ugo wytrzymujesz lub nie trafiasz w idealne miejsca, mo\u017ce obni\u017cy\u0107 Twoj\u0105 samoocen\u0119. Co powiesz na zdobycie doros\u0142ych lalek erotycznych dla m\u0119\u017cczyzn, aby pom\u00f3c?<\/p>\n<p>Mo\u017cesz zosta\u0107 mistrzem i po drodze podnie\u015b\u0107 swoje ego. Zdobycie idealnej lalki erotycznej mo\u017ce by\u0107 ci\u0119\u017ck\u0105 pr\u00f3b\u0105, ale mo\u017cesz odwiedzi\u0107 najlepsz\u0105 witryn\u0119 z lalkami erotycznymi dla najlepszej fabryki lalek erotycznych, aby dokona\u0107 wyboru ze specyfikacjami. Ka\u017cdy ma inne wybory, ty te\u017c. Je\u015bli lubisz lalki erotyczne dla kulturyst\u00f3w lub szczuplejsze modelki, takie jak te, wierzymy w r\u00f3\u017cnorodno\u015b\u0107.<\/p>\n<p>Niedrogie lalki erotyczne s\u0105 trwa\u0142e. Mo\u017cesz tak\u017ce uprawia\u0107 z nimi seks bez obawy o choroby przenoszone drog\u0105 p\u0142ciow\u0105 lub ci\u0105\u017c\u0119. Te przypominaj\u0105ce ludzi lalki erotyczne dodaj\u0105 podniecenia do twojego \u017cycia seksualnego. Swoboda \u0107wiczenia dowolnej liczby pozycji i wykonywania wielu rund jest niezast\u0105piona.<\/p>\n<p>Mo\u017cesz dosta\u0107 \u017cycie jak lalka erotyczna jako partner na zawsze. Nie ma absolutnie \u017cadnych obaw, \u017ce jest oszustem. Lalk\u0119 erotyczn\u0105 naturalnej wielko\u015bci nale\u017cy tylko do Ciebie. Oto wskaz\u00f3wka: je\u015bli nie wiesz, jak w\u0142a\u015bciwie cieszy\u0107 si\u0119 sesj\u0105 ze swoj\u0105 lalk\u0105 erotyczn\u0105, pomocne s\u0105 filmy z prawdziwymi lalkami erotycznymi.<\/p>","protected":false},"excerpt":{"rendered":"<p>Sex Doll Obrazy Tabele rozmiar\u00f3w Materia\u0142 TPE Wysoko\u015b\u0107 150 cm Piersi 75 cm Talia 54 cm Biodra 77 cm Rami\u0119 32 cm D\u0142ugo\u015b\u0107 nogawki 89 cm<\/p>","protected":false},"featured_media":16129,"comment_status":"open","ping_status":"closed","template":"","meta":[],"product_brand":[],"product_cat":[112,228,99,107,117,119],"product_tag":[],"class_list":{"0":"post-16119","1":"product","2":"type-product","3":"status-publish","4":"has-post-thumbnail","6":"product_cat-150cm-159cm-sex-dolls","7":"product_cat-26kg-30kg","8":"product_cat-life-size-sex-dolls","9":"product_cat-skinny-sex-dolls","10":"product_cat-small-breast-sex-doll","11":"product_cat-tpe-sex-doll","12":"pa_brand-6ye-doll","13":"tm-has-options","15":"first","16":"instock","17":"sale","18":"shipping-taxable","19":"purchasable","20":"product-type-simple"},"_links":{"self":[{"href":"https:\/\/zxdoll.com\/pl\/wp-json\/wp\/v2\/product\/16119","targetHints":{"allow":["GET"]}}],"collection":[{"href":"https:\/\/zxdoll.com\/pl\/wp-json\/wp\/v2\/product"}],"about":[{"href":"https:\/\/zxdoll.com\/pl\/wp-json\/wp\/v2\/types\/product"}],"replies":[{"embeddable":true,"href":"https:\/\/zxdoll.com\/pl\/wp-json\/wp\/v2\/comments?post=16119"}],"version-history":[{"count":1,"href":"https:\/\/zxdoll.com\/pl\/wp-json\/wp\/v2\/product\/16119\/revisions"}],"predecessor-version":[{"id":197837,"href":"https:\/\/zxdoll.com\/pl\/wp-json\/wp\/v2\/product\/16119\/revisions\/197837"}],"wp:featuredmedia":[{"embeddable":true,"href":"https:\/\/zxdoll.com\/pl\/wp-json\/wp\/v2\/media\/16129"}],"wp:attachment":[{"href":"https:\/\/zxdoll.com\/pl\/wp-json\/wp\/v2\/media?parent=16119"}],"wp:term":[{"taxonomy":"product_brand","embeddable":true,"href":"https:\/\/zxdoll.com\/pl\/wp-json\/wp\/v2\/product_brand?post=16119"},{"taxonomy":"product_cat","embeddable":true,"href":"https:\/\/zxdoll.com\/pl\/wp-json\/wp\/v2\/product_cat?post=16119"},{"taxonomy":"product_tag","embeddable":true,"href":"https:\/\/zxdoll.com\/pl\/wp-json\/wp\/v2\/product_tag?post=16119"}],"curies":[{"name":"wp","href":"https:\/\/api.w.org\/{rel}","templated":true}]}}