{"id":157037,"date":"2024-09-13T01:38:38","date_gmt":"2024-09-12T17:38:38","guid":{"rendered":"https:\/\/zxdoll.com\/?post_type=product&#038;p=157037"},"modified":"2024-10-01T02:22:19","modified_gmt":"2024-09-30T18:22:19","slug":"sex-doll-made-from-human-bones","status":"publish","type":"product","link":"https:\/\/zxdoll.com\/pl\/product\/sex-doll-made-from-human-bones\/","title":{"rendered":"Seks Lalka Wykonana Z Ludzkich Ko\u015bci Zaria 30 cm"},"content":{"rendered":"<h4><strong>Zdj\u0119cia lalek erotycznych<\/strong><\/h4>\n\t                <ul class=\"easy-image-gallery thumbnails-13 linked\">\r\n                    <li><a data-fancybox=\"gallery899\" href=\"https:\/\/zxdoll.com\/wp-content\/uploads\/2024\/09\/sex-doll-balloon-cYm15z1.jpg\" class=\"eig-popup\" title=\"\" data-caption=\"\" target=\"_blank\"><i class=\"icon-view\"><\/i><span class=\"overlay\"><\/span><img decoding=\"async\" width=\"150\" height=\"150\" src=\"https:\/\/zxdoll.com\/wp-content\/uploads\/2024\/09\/sex-doll-balloon-cYm15z1-150x150.jpg\" class=\"attachment-thumbnail size-thumbnail\" alt=\"\" srcset=\"https:\/\/zxdoll.com\/wp-content\/uploads\/2024\/09\/sex-doll-balloon-cYm15z1-150x150.jpg 150w, https:\/\/zxdoll.com\/wp-content\/uploads\/2024\/09\/sex-doll-balloon-cYm15z1-300x300.jpg 300w, https:\/\/zxdoll.com\/wp-content\/uploads\/2024\/09\/sex-doll-balloon-cYm15z1-768x768.jpg 768w, https:\/\/zxdoll.com\/wp-content\/uploads\/2024\/09\/sex-doll-balloon-cYm15z1-12x12.jpg 12w, https:\/\/zxdoll.com\/wp-content\/uploads\/2024\/09\/sex-doll-balloon-cYm15z1-430x430.jpg 430w, https:\/\/zxdoll.com\/wp-content\/uploads\/2024\/09\/sex-doll-balloon-cYm15z1-700x700.jpg 700w, https:\/\/zxdoll.com\/wp-content\/uploads\/2024\/09\/sex-doll-balloon-cYm15z1.jpg 800w\" sizes=\"(max-width: 150px) 100vw, 150px\" title=\"\"><\/a><\/li><li><a data-fancybox=\"gallery899\" href=\"https:\/\/zxdoll.com\/wp-content\/uploads\/2024\/09\/sex-doll-balloon-cYm15z2.jpg\" class=\"eig-popup\" title=\"\" data-caption=\"\" target=\"_blank\"><i class=\"icon-view\"><\/i><span class=\"overlay\"><\/span><img decoding=\"async\" width=\"150\" height=\"150\" src=\"https:\/\/zxdoll.com\/wp-content\/uploads\/2024\/09\/sex-doll-balloon-cYm15z2-150x150.jpg\" class=\"attachment-thumbnail size-thumbnail\" alt=\"\" srcset=\"https:\/\/zxdoll.com\/wp-content\/uploads\/2024\/09\/sex-doll-balloon-cYm15z2-150x150.jpg 150w, https:\/\/zxdoll.com\/wp-content\/uploads\/2024\/09\/sex-doll-balloon-cYm15z2-300x300.jpg 300w, https:\/\/zxdoll.com\/wp-content\/uploads\/2024\/09\/sex-doll-balloon-cYm15z2-768x768.jpg 768w, https:\/\/zxdoll.com\/wp-content\/uploads\/2024\/09\/sex-doll-balloon-cYm15z2-12x12.jpg 12w, https:\/\/zxdoll.com\/wp-content\/uploads\/2024\/09\/sex-doll-balloon-cYm15z2-430x430.jpg 430w, https:\/\/zxdoll.com\/wp-content\/uploads\/2024\/09\/sex-doll-balloon-cYm15z2-700x700.jpg 700w, https:\/\/zxdoll.com\/wp-content\/uploads\/2024\/09\/sex-doll-balloon-cYm15z2.jpg 800w\" sizes=\"(max-width: 150px) 100vw, 150px\" title=\"\"><\/a><\/li><li><a data-fancybox=\"gallery899\" href=\"https:\/\/zxdoll.com\/wp-content\/uploads\/2024\/09\/sex-doll-balloon-cYm15z3.jpg\" class=\"eig-popup\" title=\"\" data-caption=\"\" target=\"_blank\"><i class=\"icon-view\"><\/i><span class=\"overlay\"><\/span><img decoding=\"async\" width=\"150\" height=\"150\" src=\"https:\/\/zxdoll.com\/wp-content\/uploads\/2024\/09\/sex-doll-balloon-cYm15z3-150x150.jpg\" class=\"attachment-thumbnail size-thumbnail\" alt=\"\" srcset=\"https:\/\/zxdoll.com\/wp-content\/uploads\/2024\/09\/sex-doll-balloon-cYm15z3-150x150.jpg 150w, https:\/\/zxdoll.com\/wp-content\/uploads\/2024\/09\/sex-doll-balloon-cYm15z3-300x300.jpg 300w, https:\/\/zxdoll.com\/wp-content\/uploads\/2024\/09\/sex-doll-balloon-cYm15z3-768x768.jpg 768w, https:\/\/zxdoll.com\/wp-content\/uploads\/2024\/09\/sex-doll-balloon-cYm15z3-12x12.jpg 12w, https:\/\/zxdoll.com\/wp-content\/uploads\/2024\/09\/sex-doll-balloon-cYm15z3-430x430.jpg 430w, https:\/\/zxdoll.com\/wp-content\/uploads\/2024\/09\/sex-doll-balloon-cYm15z3-700x700.jpg 700w, https:\/\/zxdoll.com\/wp-content\/uploads\/2024\/09\/sex-doll-balloon-cYm15z3.jpg 800w\" sizes=\"(max-width: 150px) 100vw, 150px\" title=\"\"><\/a><\/li><li><a data-fancybox=\"gallery899\" href=\"https:\/\/zxdoll.com\/wp-content\/uploads\/2024\/09\/sex-doll-balloon-cYm15z4.jpg\" class=\"eig-popup\" title=\"\" data-caption=\"\" target=\"_blank\"><i class=\"icon-view\"><\/i><span class=\"overlay\"><\/span><img loading=\"lazy\" decoding=\"async\" width=\"150\" height=\"150\" src=\"https:\/\/zxdoll.com\/wp-content\/uploads\/2024\/09\/sex-doll-balloon-cYm15z4-150x150.jpg\" class=\"attachment-thumbnail size-thumbnail\" alt=\"\" srcset=\"https:\/\/zxdoll.com\/wp-content\/uploads\/2024\/09\/sex-doll-balloon-cYm15z4-150x150.jpg 150w, https:\/\/zxdoll.com\/wp-content\/uploads\/2024\/09\/sex-doll-balloon-cYm15z4-300x300.jpg 300w, https:\/\/zxdoll.com\/wp-content\/uploads\/2024\/09\/sex-doll-balloon-cYm15z4-768x768.jpg 768w, https:\/\/zxdoll.com\/wp-content\/uploads\/2024\/09\/sex-doll-balloon-cYm15z4-12x12.jpg 12w, https:\/\/zxdoll.com\/wp-content\/uploads\/2024\/09\/sex-doll-balloon-cYm15z4-430x430.jpg 430w, https:\/\/zxdoll.com\/wp-content\/uploads\/2024\/09\/sex-doll-balloon-cYm15z4-700x700.jpg 700w, https:\/\/zxdoll.com\/wp-content\/uploads\/2024\/09\/sex-doll-balloon-cYm15z4.jpg 800w\" sizes=\"(max-width: 150px) 100vw, 150px\" title=\"\"><\/a><\/li><li><a data-fancybox=\"gallery899\" href=\"https:\/\/zxdoll.com\/wp-content\/uploads\/2024\/09\/sex-doll-balloon-cYm15z5.jpg\" class=\"eig-popup\" title=\"\" data-caption=\"\" target=\"_blank\"><i class=\"icon-view\"><\/i><span class=\"overlay\"><\/span><img loading=\"lazy\" decoding=\"async\" width=\"150\" height=\"150\" src=\"https:\/\/zxdoll.com\/wp-content\/uploads\/2024\/09\/sex-doll-balloon-cYm15z5-150x150.jpg\" class=\"attachment-thumbnail size-thumbnail\" alt=\"\" srcset=\"https:\/\/zxdoll.com\/wp-content\/uploads\/2024\/09\/sex-doll-balloon-cYm15z5-150x150.jpg 150w, https:\/\/zxdoll.com\/wp-content\/uploads\/2024\/09\/sex-doll-balloon-cYm15z5-300x300.jpg 300w, https:\/\/zxdoll.com\/wp-content\/uploads\/2024\/09\/sex-doll-balloon-cYm15z5-768x768.jpg 768w, https:\/\/zxdoll.com\/wp-content\/uploads\/2024\/09\/sex-doll-balloon-cYm15z5-12x12.jpg 12w, https:\/\/zxdoll.com\/wp-content\/uploads\/2024\/09\/sex-doll-balloon-cYm15z5-430x430.jpg 430w, https:\/\/zxdoll.com\/wp-content\/uploads\/2024\/09\/sex-doll-balloon-cYm15z5-700x700.jpg 700w, https:\/\/zxdoll.com\/wp-content\/uploads\/2024\/09\/sex-doll-balloon-cYm15z5.jpg 800w\" sizes=\"(max-width: 150px) 100vw, 150px\" title=\"\"><\/a><\/li><li><a data-fancybox=\"gallery899\" href=\"https:\/\/zxdoll.com\/wp-content\/uploads\/2024\/09\/sex-doll-balloon-cYm15z6.jpg\" class=\"eig-popup\" title=\"\" data-caption=\"\" target=\"_blank\"><i class=\"icon-view\"><\/i><span class=\"overlay\"><\/span><img loading=\"lazy\" decoding=\"async\" width=\"150\" height=\"150\" src=\"https:\/\/zxdoll.com\/wp-content\/uploads\/2024\/09\/sex-doll-balloon-cYm15z6-150x150.jpg\" class=\"attachment-thumbnail size-thumbnail\" alt=\"\" srcset=\"https:\/\/zxdoll.com\/wp-content\/uploads\/2024\/09\/sex-doll-balloon-cYm15z6-150x150.jpg 150w, https:\/\/zxdoll.com\/wp-content\/uploads\/2024\/09\/sex-doll-balloon-cYm15z6-300x300.jpg 300w, https:\/\/zxdoll.com\/wp-content\/uploads\/2024\/09\/sex-doll-balloon-cYm15z6-768x768.jpg 768w, https:\/\/zxdoll.com\/wp-content\/uploads\/2024\/09\/sex-doll-balloon-cYm15z6-12x12.jpg 12w, https:\/\/zxdoll.com\/wp-content\/uploads\/2024\/09\/sex-doll-balloon-cYm15z6-430x430.jpg 430w, https:\/\/zxdoll.com\/wp-content\/uploads\/2024\/09\/sex-doll-balloon-cYm15z6-700x700.jpg 700w, https:\/\/zxdoll.com\/wp-content\/uploads\/2024\/09\/sex-doll-balloon-cYm15z6.jpg 800w\" sizes=\"(max-width: 150px) 100vw, 150px\" title=\"\"><\/a><\/li><li><a data-fancybox=\"gallery899\" href=\"https:\/\/zxdoll.com\/wp-content\/uploads\/2024\/09\/sex-doll-balloon-cYm15z7.jpg\" class=\"eig-popup\" title=\"\" data-caption=\"\" target=\"_blank\"><i class=\"icon-view\"><\/i><span class=\"overlay\"><\/span><img loading=\"lazy\" decoding=\"async\" width=\"150\" height=\"150\" src=\"https:\/\/zxdoll.com\/wp-content\/uploads\/2024\/09\/sex-doll-balloon-cYm15z7-150x150.jpg\" class=\"attachment-thumbnail size-thumbnail\" alt=\"\" srcset=\"https:\/\/zxdoll.com\/wp-content\/uploads\/2024\/09\/sex-doll-balloon-cYm15z7-150x150.jpg 150w, https:\/\/zxdoll.com\/wp-content\/uploads\/2024\/09\/sex-doll-balloon-cYm15z7-300x300.jpg 300w, https:\/\/zxdoll.com\/wp-content\/uploads\/2024\/09\/sex-doll-balloon-cYm15z7-768x768.jpg 768w, https:\/\/zxdoll.com\/wp-content\/uploads\/2024\/09\/sex-doll-balloon-cYm15z7-12x12.jpg 12w, https:\/\/zxdoll.com\/wp-content\/uploads\/2024\/09\/sex-doll-balloon-cYm15z7-430x430.jpg 430w, https:\/\/zxdoll.com\/wp-content\/uploads\/2024\/09\/sex-doll-balloon-cYm15z7-700x700.jpg 700w, https:\/\/zxdoll.com\/wp-content\/uploads\/2024\/09\/sex-doll-balloon-cYm15z7.jpg 800w\" sizes=\"(max-width: 150px) 100vw, 150px\" title=\"\"><\/a><\/li><li><a data-fancybox=\"gallery899\" href=\"https:\/\/zxdoll.com\/wp-content\/uploads\/2024\/09\/sex-doll-balloon-cYm15z8.jpg\" class=\"eig-popup\" title=\"\" data-caption=\"\" target=\"_blank\"><i class=\"icon-view\"><\/i><span class=\"overlay\"><\/span><img loading=\"lazy\" decoding=\"async\" width=\"150\" height=\"150\" src=\"https:\/\/zxdoll.com\/wp-content\/uploads\/2024\/09\/sex-doll-balloon-cYm15z8-150x150.jpg\" class=\"attachment-thumbnail size-thumbnail\" alt=\"\" srcset=\"https:\/\/zxdoll.com\/wp-content\/uploads\/2024\/09\/sex-doll-balloon-cYm15z8-150x150.jpg 150w, https:\/\/zxdoll.com\/wp-content\/uploads\/2024\/09\/sex-doll-balloon-cYm15z8-300x300.jpg 300w, https:\/\/zxdoll.com\/wp-content\/uploads\/2024\/09\/sex-doll-balloon-cYm15z8-768x768.jpg 768w, https:\/\/zxdoll.com\/wp-content\/uploads\/2024\/09\/sex-doll-balloon-cYm15z8-12x12.jpg 12w, https:\/\/zxdoll.com\/wp-content\/uploads\/2024\/09\/sex-doll-balloon-cYm15z8-430x430.jpg 430w, https:\/\/zxdoll.com\/wp-content\/uploads\/2024\/09\/sex-doll-balloon-cYm15z8-700x700.jpg 700w, https:\/\/zxdoll.com\/wp-content\/uploads\/2024\/09\/sex-doll-balloon-cYm15z8.jpg 800w\" sizes=\"(max-width: 150px) 100vw, 150px\" title=\"\"><\/a><\/li><li><a data-fancybox=\"gallery899\" href=\"https:\/\/zxdoll.com\/wp-content\/uploads\/2024\/09\/sex-doll-balloon-cYm15z9.jpg\" class=\"eig-popup\" title=\"\" data-caption=\"\" target=\"_blank\"><i class=\"icon-view\"><\/i><span class=\"overlay\"><\/span><img loading=\"lazy\" decoding=\"async\" width=\"150\" height=\"150\" src=\"https:\/\/zxdoll.com\/wp-content\/uploads\/2024\/09\/sex-doll-balloon-cYm15z9-150x150.jpg\" class=\"attachment-thumbnail size-thumbnail\" alt=\"\" srcset=\"https:\/\/zxdoll.com\/wp-content\/uploads\/2024\/09\/sex-doll-balloon-cYm15z9-150x150.jpg 150w, https:\/\/zxdoll.com\/wp-content\/uploads\/2024\/09\/sex-doll-balloon-cYm15z9-300x300.jpg 300w, https:\/\/zxdoll.com\/wp-content\/uploads\/2024\/09\/sex-doll-balloon-cYm15z9-768x768.jpg 768w, https:\/\/zxdoll.com\/wp-content\/uploads\/2024\/09\/sex-doll-balloon-cYm15z9-12x12.jpg 12w, https:\/\/zxdoll.com\/wp-content\/uploads\/2024\/09\/sex-doll-balloon-cYm15z9-430x430.jpg 430w, https:\/\/zxdoll.com\/wp-content\/uploads\/2024\/09\/sex-doll-balloon-cYm15z9-700x700.jpg 700w, https:\/\/zxdoll.com\/wp-content\/uploads\/2024\/09\/sex-doll-balloon-cYm15z9.jpg 800w\" sizes=\"(max-width: 150px) 100vw, 150px\" title=\"\"><\/a><\/li><li><a data-fancybox=\"gallery899\" href=\"https:\/\/zxdoll.com\/wp-content\/uploads\/2024\/09\/sex-doll-balloon-cYm15z10.jpg\" class=\"eig-popup\" title=\"\" data-caption=\"\" target=\"_blank\"><i class=\"icon-view\"><\/i><span class=\"overlay\"><\/span><img loading=\"lazy\" decoding=\"async\" width=\"150\" height=\"150\" src=\"https:\/\/zxdoll.com\/wp-content\/uploads\/2024\/09\/sex-doll-balloon-cYm15z10-150x150.jpg\" class=\"attachment-thumbnail size-thumbnail\" alt=\"\" srcset=\"https:\/\/zxdoll.com\/wp-content\/uploads\/2024\/09\/sex-doll-balloon-cYm15z10-150x150.jpg 150w, https:\/\/zxdoll.com\/wp-content\/uploads\/2024\/09\/sex-doll-balloon-cYm15z10-300x300.jpg 300w, https:\/\/zxdoll.com\/wp-content\/uploads\/2024\/09\/sex-doll-balloon-cYm15z10-768x768.jpg 768w, https:\/\/zxdoll.com\/wp-content\/uploads\/2024\/09\/sex-doll-balloon-cYm15z10-12x12.jpg 12w, https:\/\/zxdoll.com\/wp-content\/uploads\/2024\/09\/sex-doll-balloon-cYm15z10-430x430.jpg 430w, https:\/\/zxdoll.com\/wp-content\/uploads\/2024\/09\/sex-doll-balloon-cYm15z10-700x700.jpg 700w, https:\/\/zxdoll.com\/wp-content\/uploads\/2024\/09\/sex-doll-balloon-cYm15z10.jpg 800w\" sizes=\"(max-width: 150px) 100vw, 150px\" title=\"\"><\/a><\/li><li><a data-fancybox=\"gallery899\" href=\"https:\/\/zxdoll.com\/wp-content\/uploads\/2024\/09\/sex-doll-balloon-cYm15z11.jpg\" class=\"eig-popup\" title=\"\" data-caption=\"\" target=\"_blank\"><i class=\"icon-view\"><\/i><span class=\"overlay\"><\/span><img loading=\"lazy\" decoding=\"async\" width=\"150\" height=\"150\" src=\"https:\/\/zxdoll.com\/wp-content\/uploads\/2024\/09\/sex-doll-balloon-cYm15z11-150x150.jpg\" class=\"attachment-thumbnail size-thumbnail\" alt=\"\" srcset=\"https:\/\/zxdoll.com\/wp-content\/uploads\/2024\/09\/sex-doll-balloon-cYm15z11-150x150.jpg 150w, https:\/\/zxdoll.com\/wp-content\/uploads\/2024\/09\/sex-doll-balloon-cYm15z11-300x300.jpg 300w, https:\/\/zxdoll.com\/wp-content\/uploads\/2024\/09\/sex-doll-balloon-cYm15z11-768x768.jpg 768w, https:\/\/zxdoll.com\/wp-content\/uploads\/2024\/09\/sex-doll-balloon-cYm15z11-12x12.jpg 12w, https:\/\/zxdoll.com\/wp-content\/uploads\/2024\/09\/sex-doll-balloon-cYm15z11-430x430.jpg 430w, https:\/\/zxdoll.com\/wp-content\/uploads\/2024\/09\/sex-doll-balloon-cYm15z11-700x700.jpg 700w, https:\/\/zxdoll.com\/wp-content\/uploads\/2024\/09\/sex-doll-balloon-cYm15z11.jpg 800w\" sizes=\"(max-width: 150px) 100vw, 150px\" title=\"\"><\/a><\/li><li><a data-fancybox=\"gallery899\" href=\"https:\/\/zxdoll.com\/wp-content\/uploads\/2024\/09\/sex-doll-balloon-cYm15z12.jpg\" class=\"eig-popup\" title=\"\" data-caption=\"\" target=\"_blank\"><i class=\"icon-view\"><\/i><span class=\"overlay\"><\/span><img loading=\"lazy\" decoding=\"async\" width=\"150\" height=\"150\" src=\"https:\/\/zxdoll.com\/wp-content\/uploads\/2024\/09\/sex-doll-balloon-cYm15z12-150x150.jpg\" class=\"attachment-thumbnail size-thumbnail\" alt=\"\" srcset=\"https:\/\/zxdoll.com\/wp-content\/uploads\/2024\/09\/sex-doll-balloon-cYm15z12-150x150.jpg 150w, https:\/\/zxdoll.com\/wp-content\/uploads\/2024\/09\/sex-doll-balloon-cYm15z12-300x300.jpg 300w, https:\/\/zxdoll.com\/wp-content\/uploads\/2024\/09\/sex-doll-balloon-cYm15z12-768x768.jpg 768w, https:\/\/zxdoll.com\/wp-content\/uploads\/2024\/09\/sex-doll-balloon-cYm15z12-12x12.jpg 12w, https:\/\/zxdoll.com\/wp-content\/uploads\/2024\/09\/sex-doll-balloon-cYm15z12-430x430.jpg 430w, https:\/\/zxdoll.com\/wp-content\/uploads\/2024\/09\/sex-doll-balloon-cYm15z12-700x700.jpg 700w, https:\/\/zxdoll.com\/wp-content\/uploads\/2024\/09\/sex-doll-balloon-cYm15z12.jpg 800w\" sizes=\"(max-width: 150px) 100vw, 150px\" title=\"\"><\/a><\/li><li><a data-fancybox=\"gallery899\" href=\"https:\/\/zxdoll.com\/wp-content\/uploads\/2024\/09\/sex-doll-balloon-cYm15z13.jpg\" class=\"eig-popup\" title=\"\" data-caption=\"\" target=\"_blank\"><i class=\"icon-view\"><\/i><span class=\"overlay\"><\/span><img loading=\"lazy\" decoding=\"async\" width=\"150\" height=\"150\" src=\"https:\/\/zxdoll.com\/wp-content\/uploads\/2024\/09\/sex-doll-balloon-cYm15z13-150x150.jpg\" class=\"attachment-thumbnail size-thumbnail\" alt=\"\" srcset=\"https:\/\/zxdoll.com\/wp-content\/uploads\/2024\/09\/sex-doll-balloon-cYm15z13-150x150.jpg 150w, https:\/\/zxdoll.com\/wp-content\/uploads\/2024\/09\/sex-doll-balloon-cYm15z13-300x300.jpg 300w, https:\/\/zxdoll.com\/wp-content\/uploads\/2024\/09\/sex-doll-balloon-cYm15z13-768x768.jpg 768w, https:\/\/zxdoll.com\/wp-content\/uploads\/2024\/09\/sex-doll-balloon-cYm15z13-12x12.jpg 12w, https:\/\/zxdoll.com\/wp-content\/uploads\/2024\/09\/sex-doll-balloon-cYm15z13-430x430.jpg 430w, https:\/\/zxdoll.com\/wp-content\/uploads\/2024\/09\/sex-doll-balloon-cYm15z13-700x700.jpg 700w, https:\/\/zxdoll.com\/wp-content\/uploads\/2024\/09\/sex-doll-balloon-cYm15z13.jpg 800w\" sizes=\"(max-width: 150px) 100vw, 150px\" title=\"\"><\/a><\/li><\/ul>\n<h4>Tabele rozmiar\u00f3w<\/h4>\n<table width=\"332\">\n<tbody>\n<tr>\n<td width=\"143\">Waga netto<\/td>\n<td width=\"189\">38.85lbs \/ 17.62kg<\/td>\n<\/tr>\n<tr>\n<td>Masa brutto<\/td>\n<td>44.15lbs \/ 21.84kg<\/td>\n<\/tr>\n<tr>\n<td>D\u0142ugo\u015b\u0107 pochwy<\/td>\n<td>6.8in \/ 17.5cm<\/td>\n<\/tr>\n<tr>\n<td>D\u0142ugo\u015b\u0107 odbytu<\/td>\n<td>6,3 cala \/ 16 cm<\/td>\n<\/tr>\n<tr>\n<td>Obw\u00f3d bioder<\/td>\n<td>44.88in \/ 114cm<\/td>\n<\/tr>\n<tr>\n<td>Obw\u00f3d talii<\/td>\n<td>24.21in \/ 61.5cm<\/td>\n<\/tr>\n<tr>\n<td>Obw\u00f3d nogi<\/td>\n<td>21.06in \/ 53.5cm<\/td>\n<\/tr>\n<tr>\n<td>D\u0142ugo\u015b\u0107 n\u00f3g<\/td>\n<td>1.97in \/ 5cm<\/td>\n<\/tr>\n<tr>\n<td>Wysoko\u015b\u0107 siedz\u0105ca<\/td>\n<td>11.81in \/ 30cm<\/td>\n<\/tr>\n<tr>\n<td>Szeroko\u015b\u0107 bioder<\/td>\n<td>16.93in \/ 43cm<\/td>\n<\/tr>\n<\/tbody>\n<\/table>\n<h4>O Sex Doll<\/h4>\n<p>&nbsp;<\/p>","protected":false},"excerpt":{"rendered":"<p>Sex Doll Images Size Charts Net Weight 38.85lbs \/ 17.62kg Gross Weight 44.15lbs \/ 21.84kg Vaginal Length 6.8in \/ 17.5cm<\/p>","protected":false},"featured_media":157047,"comment_status":"open","ping_status":"closed","template":"","meta":[],"product_brand":[],"product_cat":[234,149,195,227],"product_tag":[],"class_list":{"0":"post-157037","1":"product","2":"type-product","3":"status-publish","4":"has-post-thumbnail","6":"product_cat-234","7":"product_cat-below-139cm-sex-dolls","8":"product_cat-half-torso-sex-doll","9":"product_cat-under-25kg","10":"pa_brand-tantaly-doll","11":"tm-has-options","13":"first","14":"instock","15":"shipping-taxable","16":"purchasable","17":"product-type-simple"},"_links":{"self":[{"href":"https:\/\/zxdoll.com\/pl\/wp-json\/wp\/v2\/product\/157037","targetHints":{"allow":["GET"]}}],"collection":[{"href":"https:\/\/zxdoll.com\/pl\/wp-json\/wp\/v2\/product"}],"about":[{"href":"https:\/\/zxdoll.com\/pl\/wp-json\/wp\/v2\/types\/product"}],"replies":[{"embeddable":true,"href":"https:\/\/zxdoll.com\/pl\/wp-json\/wp\/v2\/comments?post=157037"}],"version-history":[{"count":2,"href":"https:\/\/zxdoll.com\/pl\/wp-json\/wp\/v2\/product\/157037\/revisions"}],"predecessor-version":[{"id":157065,"href":"https:\/\/zxdoll.com\/pl\/wp-json\/wp\/v2\/product\/157037\/revisions\/157065"}],"wp:featuredmedia":[{"embeddable":true,"href":"https:\/\/zxdoll.com\/pl\/wp-json\/wp\/v2\/media\/157047"}],"wp:attachment":[{"href":"https:\/\/zxdoll.com\/pl\/wp-json\/wp\/v2\/media?parent=157037"}],"wp:term":[{"taxonomy":"product_brand","embeddable":true,"href":"https:\/\/zxdoll.com\/pl\/wp-json\/wp\/v2\/product_brand?post=157037"},{"taxonomy":"product_cat","embeddable":true,"href":"https:\/\/zxdoll.com\/pl\/wp-json\/wp\/v2\/product_cat?post=157037"},{"taxonomy":"product_tag","embeddable":true,"href":"https:\/\/zxdoll.com\/pl\/wp-json\/wp\/v2\/product_tag?post=157037"}],"curies":[{"name":"wp","href":"https:\/\/api.w.org\/{rel}","templated":true}]}}