{"id":157014,"date":"2024-09-13T01:31:32","date_gmt":"2024-09-12T17:31:32","guid":{"rendered":"https:\/\/zxdoll.com\/?post_type=product&#038;p=157014"},"modified":"2024-10-01T02:21:58","modified_gmt":"2024-09-30T18:21:58","slug":"af-sex-doll-fat-chubby","status":"publish","type":"product","link":"https:\/\/zxdoll.com\/pl\/product\/af-sex-doll-fat-chubby\/","title":{"rendered":"Af Sex Doll Gruba Chubby Zahra 52 cm"},"content":{"rendered":"<h4><strong>Zdj\u0119cia lalek erotycznych<\/strong><\/h4>\n\t                <ul class=\"easy-image-gallery thumbnails-11 linked\">\r\n                    <li><a data-fancybox=\"gallery897\" href=\"https:\/\/zxdoll.com\/wp-content\/uploads\/2024\/09\/sex-doll-package-kVt40u1-1.jpg\" class=\"eig-popup\" title=\"\" data-caption=\"\" target=\"_blank\"><i class=\"icon-view\"><\/i><span class=\"overlay\"><\/span><img decoding=\"async\" width=\"150\" height=\"150\" src=\"https:\/\/zxdoll.com\/wp-content\/uploads\/2024\/09\/sex-doll-package-kVt40u1-1-150x150.jpg\" class=\"attachment-thumbnail size-thumbnail\" alt=\"\" srcset=\"https:\/\/zxdoll.com\/wp-content\/uploads\/2024\/09\/sex-doll-package-kVt40u1-1-150x150.jpg 150w, https:\/\/zxdoll.com\/wp-content\/uploads\/2024\/09\/sex-doll-package-kVt40u1-1-300x300.jpg 300w, https:\/\/zxdoll.com\/wp-content\/uploads\/2024\/09\/sex-doll-package-kVt40u1-1-768x768.jpg 768w, https:\/\/zxdoll.com\/wp-content\/uploads\/2024\/09\/sex-doll-package-kVt40u1-1-12x12.jpg 12w, https:\/\/zxdoll.com\/wp-content\/uploads\/2024\/09\/sex-doll-package-kVt40u1-1-430x430.jpg 430w, https:\/\/zxdoll.com\/wp-content\/uploads\/2024\/09\/sex-doll-package-kVt40u1-1-700x700.jpg 700w, https:\/\/zxdoll.com\/wp-content\/uploads\/2024\/09\/sex-doll-package-kVt40u1-1.jpg 800w\" sizes=\"(max-width: 150px) 100vw, 150px\" title=\"\"><\/a><\/li><li><a data-fancybox=\"gallery897\" href=\"https:\/\/zxdoll.com\/wp-content\/uploads\/2024\/09\/sex-doll-package-kVt40u2.jpg\" class=\"eig-popup\" title=\"\" data-caption=\"\" target=\"_blank\"><i class=\"icon-view\"><\/i><span class=\"overlay\"><\/span><img decoding=\"async\" width=\"150\" height=\"150\" src=\"https:\/\/zxdoll.com\/wp-content\/uploads\/2024\/09\/sex-doll-package-kVt40u2-150x150.jpg\" class=\"attachment-thumbnail size-thumbnail\" alt=\"\" srcset=\"https:\/\/zxdoll.com\/wp-content\/uploads\/2024\/09\/sex-doll-package-kVt40u2-150x150.jpg 150w, https:\/\/zxdoll.com\/wp-content\/uploads\/2024\/09\/sex-doll-package-kVt40u2-300x300.jpg 300w, https:\/\/zxdoll.com\/wp-content\/uploads\/2024\/09\/sex-doll-package-kVt40u2-768x768.jpg 768w, https:\/\/zxdoll.com\/wp-content\/uploads\/2024\/09\/sex-doll-package-kVt40u2-12x12.jpg 12w, https:\/\/zxdoll.com\/wp-content\/uploads\/2024\/09\/sex-doll-package-kVt40u2-430x430.jpg 430w, https:\/\/zxdoll.com\/wp-content\/uploads\/2024\/09\/sex-doll-package-kVt40u2-700x700.jpg 700w, https:\/\/zxdoll.com\/wp-content\/uploads\/2024\/09\/sex-doll-package-kVt40u2.jpg 800w\" sizes=\"(max-width: 150px) 100vw, 150px\" title=\"\"><\/a><\/li><li><a data-fancybox=\"gallery897\" href=\"https:\/\/zxdoll.com\/wp-content\/uploads\/2024\/09\/sex-doll-package-kVt40u3.jpg\" class=\"eig-popup\" title=\"\" data-caption=\"\" target=\"_blank\"><i class=\"icon-view\"><\/i><span class=\"overlay\"><\/span><img decoding=\"async\" width=\"150\" height=\"150\" src=\"https:\/\/zxdoll.com\/wp-content\/uploads\/2024\/09\/sex-doll-package-kVt40u3-150x150.jpg\" class=\"attachment-thumbnail size-thumbnail\" alt=\"\" srcset=\"https:\/\/zxdoll.com\/wp-content\/uploads\/2024\/09\/sex-doll-package-kVt40u3-150x150.jpg 150w, https:\/\/zxdoll.com\/wp-content\/uploads\/2024\/09\/sex-doll-package-kVt40u3-300x300.jpg 300w, https:\/\/zxdoll.com\/wp-content\/uploads\/2024\/09\/sex-doll-package-kVt40u3-768x768.jpg 768w, https:\/\/zxdoll.com\/wp-content\/uploads\/2024\/09\/sex-doll-package-kVt40u3-12x12.jpg 12w, https:\/\/zxdoll.com\/wp-content\/uploads\/2024\/09\/sex-doll-package-kVt40u3-430x430.jpg 430w, https:\/\/zxdoll.com\/wp-content\/uploads\/2024\/09\/sex-doll-package-kVt40u3-700x700.jpg 700w, https:\/\/zxdoll.com\/wp-content\/uploads\/2024\/09\/sex-doll-package-kVt40u3.jpg 800w\" sizes=\"(max-width: 150px) 100vw, 150px\" title=\"\"><\/a><\/li><li><a data-fancybox=\"gallery897\" href=\"https:\/\/zxdoll.com\/wp-content\/uploads\/2024\/09\/sex-doll-package-kVt40u4.jpg\" class=\"eig-popup\" title=\"\" data-caption=\"\" target=\"_blank\"><i class=\"icon-view\"><\/i><span class=\"overlay\"><\/span><img loading=\"lazy\" decoding=\"async\" width=\"150\" height=\"150\" src=\"https:\/\/zxdoll.com\/wp-content\/uploads\/2024\/09\/sex-doll-package-kVt40u4-150x150.jpg\" class=\"attachment-thumbnail size-thumbnail\" alt=\"\" srcset=\"https:\/\/zxdoll.com\/wp-content\/uploads\/2024\/09\/sex-doll-package-kVt40u4-150x150.jpg 150w, https:\/\/zxdoll.com\/wp-content\/uploads\/2024\/09\/sex-doll-package-kVt40u4-300x300.jpg 300w, https:\/\/zxdoll.com\/wp-content\/uploads\/2024\/09\/sex-doll-package-kVt40u4-768x768.jpg 768w, https:\/\/zxdoll.com\/wp-content\/uploads\/2024\/09\/sex-doll-package-kVt40u4-12x12.jpg 12w, https:\/\/zxdoll.com\/wp-content\/uploads\/2024\/09\/sex-doll-package-kVt40u4-430x430.jpg 430w, https:\/\/zxdoll.com\/wp-content\/uploads\/2024\/09\/sex-doll-package-kVt40u4-700x700.jpg 700w, https:\/\/zxdoll.com\/wp-content\/uploads\/2024\/09\/sex-doll-package-kVt40u4.jpg 800w\" sizes=\"(max-width: 150px) 100vw, 150px\" title=\"\"><\/a><\/li><li><a data-fancybox=\"gallery897\" href=\"https:\/\/zxdoll.com\/wp-content\/uploads\/2024\/09\/sex-doll-package-kVt40u5.jpg\" class=\"eig-popup\" title=\"\" data-caption=\"\" target=\"_blank\"><i class=\"icon-view\"><\/i><span class=\"overlay\"><\/span><img loading=\"lazy\" decoding=\"async\" width=\"150\" height=\"150\" src=\"https:\/\/zxdoll.com\/wp-content\/uploads\/2024\/09\/sex-doll-package-kVt40u5-150x150.jpg\" class=\"attachment-thumbnail size-thumbnail\" alt=\"\" srcset=\"https:\/\/zxdoll.com\/wp-content\/uploads\/2024\/09\/sex-doll-package-kVt40u5-150x150.jpg 150w, https:\/\/zxdoll.com\/wp-content\/uploads\/2024\/09\/sex-doll-package-kVt40u5-300x300.jpg 300w, https:\/\/zxdoll.com\/wp-content\/uploads\/2024\/09\/sex-doll-package-kVt40u5-768x768.jpg 768w, https:\/\/zxdoll.com\/wp-content\/uploads\/2024\/09\/sex-doll-package-kVt40u5-12x12.jpg 12w, https:\/\/zxdoll.com\/wp-content\/uploads\/2024\/09\/sex-doll-package-kVt40u5-430x430.jpg 430w, https:\/\/zxdoll.com\/wp-content\/uploads\/2024\/09\/sex-doll-package-kVt40u5-700x700.jpg 700w, https:\/\/zxdoll.com\/wp-content\/uploads\/2024\/09\/sex-doll-package-kVt40u5.jpg 800w\" sizes=\"(max-width: 150px) 100vw, 150px\" title=\"\"><\/a><\/li><li><a data-fancybox=\"gallery897\" href=\"https:\/\/zxdoll.com\/wp-content\/uploads\/2024\/09\/sex-doll-package-kVt40u6.jpg\" class=\"eig-popup\" title=\"\" data-caption=\"\" target=\"_blank\"><i class=\"icon-view\"><\/i><span class=\"overlay\"><\/span><img loading=\"lazy\" decoding=\"async\" width=\"150\" height=\"150\" src=\"https:\/\/zxdoll.com\/wp-content\/uploads\/2024\/09\/sex-doll-package-kVt40u6-150x150.jpg\" class=\"attachment-thumbnail size-thumbnail\" alt=\"\" srcset=\"https:\/\/zxdoll.com\/wp-content\/uploads\/2024\/09\/sex-doll-package-kVt40u6-150x150.jpg 150w, https:\/\/zxdoll.com\/wp-content\/uploads\/2024\/09\/sex-doll-package-kVt40u6-300x300.jpg 300w, https:\/\/zxdoll.com\/wp-content\/uploads\/2024\/09\/sex-doll-package-kVt40u6-768x768.jpg 768w, https:\/\/zxdoll.com\/wp-content\/uploads\/2024\/09\/sex-doll-package-kVt40u6-12x12.jpg 12w, https:\/\/zxdoll.com\/wp-content\/uploads\/2024\/09\/sex-doll-package-kVt40u6-430x430.jpg 430w, https:\/\/zxdoll.com\/wp-content\/uploads\/2024\/09\/sex-doll-package-kVt40u6-700x700.jpg 700w, https:\/\/zxdoll.com\/wp-content\/uploads\/2024\/09\/sex-doll-package-kVt40u6.jpg 800w\" sizes=\"(max-width: 150px) 100vw, 150px\" title=\"\"><\/a><\/li><li><a data-fancybox=\"gallery897\" href=\"https:\/\/zxdoll.com\/wp-content\/uploads\/2024\/09\/sex-doll-package-kVt40u7.jpg\" class=\"eig-popup\" title=\"\" data-caption=\"\" target=\"_blank\"><i class=\"icon-view\"><\/i><span class=\"overlay\"><\/span><img loading=\"lazy\" decoding=\"async\" width=\"150\" height=\"150\" src=\"https:\/\/zxdoll.com\/wp-content\/uploads\/2024\/09\/sex-doll-package-kVt40u7-150x150.jpg\" class=\"attachment-thumbnail size-thumbnail\" alt=\"\" srcset=\"https:\/\/zxdoll.com\/wp-content\/uploads\/2024\/09\/sex-doll-package-kVt40u7-150x150.jpg 150w, https:\/\/zxdoll.com\/wp-content\/uploads\/2024\/09\/sex-doll-package-kVt40u7-300x300.jpg 300w, https:\/\/zxdoll.com\/wp-content\/uploads\/2024\/09\/sex-doll-package-kVt40u7-768x768.jpg 768w, https:\/\/zxdoll.com\/wp-content\/uploads\/2024\/09\/sex-doll-package-kVt40u7-12x12.jpg 12w, https:\/\/zxdoll.com\/wp-content\/uploads\/2024\/09\/sex-doll-package-kVt40u7-430x430.jpg 430w, https:\/\/zxdoll.com\/wp-content\/uploads\/2024\/09\/sex-doll-package-kVt40u7-700x700.jpg 700w, https:\/\/zxdoll.com\/wp-content\/uploads\/2024\/09\/sex-doll-package-kVt40u7.jpg 800w\" sizes=\"(max-width: 150px) 100vw, 150px\" title=\"\"><\/a><\/li><li><a data-fancybox=\"gallery897\" href=\"https:\/\/zxdoll.com\/wp-content\/uploads\/2024\/09\/sex-doll-package-kVt40u8.jpg\" class=\"eig-popup\" title=\"\" data-caption=\"\" target=\"_blank\"><i class=\"icon-view\"><\/i><span class=\"overlay\"><\/span><img loading=\"lazy\" decoding=\"async\" width=\"150\" height=\"150\" src=\"https:\/\/zxdoll.com\/wp-content\/uploads\/2024\/09\/sex-doll-package-kVt40u8-150x150.jpg\" class=\"attachment-thumbnail size-thumbnail\" alt=\"\" srcset=\"https:\/\/zxdoll.com\/wp-content\/uploads\/2024\/09\/sex-doll-package-kVt40u8-150x150.jpg 150w, https:\/\/zxdoll.com\/wp-content\/uploads\/2024\/09\/sex-doll-package-kVt40u8-300x300.jpg 300w, https:\/\/zxdoll.com\/wp-content\/uploads\/2024\/09\/sex-doll-package-kVt40u8-768x768.jpg 768w, https:\/\/zxdoll.com\/wp-content\/uploads\/2024\/09\/sex-doll-package-kVt40u8-12x12.jpg 12w, https:\/\/zxdoll.com\/wp-content\/uploads\/2024\/09\/sex-doll-package-kVt40u8-430x430.jpg 430w, https:\/\/zxdoll.com\/wp-content\/uploads\/2024\/09\/sex-doll-package-kVt40u8-700x700.jpg 700w, https:\/\/zxdoll.com\/wp-content\/uploads\/2024\/09\/sex-doll-package-kVt40u8.jpg 800w\" sizes=\"(max-width: 150px) 100vw, 150px\" title=\"\"><\/a><\/li><li><a data-fancybox=\"gallery897\" href=\"https:\/\/zxdoll.com\/wp-content\/uploads\/2024\/09\/sex-doll-package-kVt40u9.jpg\" class=\"eig-popup\" title=\"\" data-caption=\"\" target=\"_blank\"><i class=\"icon-view\"><\/i><span class=\"overlay\"><\/span><img loading=\"lazy\" decoding=\"async\" width=\"150\" height=\"150\" src=\"https:\/\/zxdoll.com\/wp-content\/uploads\/2024\/09\/sex-doll-package-kVt40u9-150x150.jpg\" class=\"attachment-thumbnail size-thumbnail\" alt=\"\" srcset=\"https:\/\/zxdoll.com\/wp-content\/uploads\/2024\/09\/sex-doll-package-kVt40u9-150x150.jpg 150w, https:\/\/zxdoll.com\/wp-content\/uploads\/2024\/09\/sex-doll-package-kVt40u9-300x300.jpg 300w, https:\/\/zxdoll.com\/wp-content\/uploads\/2024\/09\/sex-doll-package-kVt40u9-768x768.jpg 768w, https:\/\/zxdoll.com\/wp-content\/uploads\/2024\/09\/sex-doll-package-kVt40u9-12x12.jpg 12w, https:\/\/zxdoll.com\/wp-content\/uploads\/2024\/09\/sex-doll-package-kVt40u9-430x430.jpg 430w, https:\/\/zxdoll.com\/wp-content\/uploads\/2024\/09\/sex-doll-package-kVt40u9-700x700.jpg 700w, https:\/\/zxdoll.com\/wp-content\/uploads\/2024\/09\/sex-doll-package-kVt40u9.jpg 800w\" sizes=\"(max-width: 150px) 100vw, 150px\" title=\"\"><\/a><\/li><li><a data-fancybox=\"gallery897\" href=\"https:\/\/zxdoll.com\/wp-content\/uploads\/2024\/09\/sex-doll-package-kVt40u10.jpg\" class=\"eig-popup\" title=\"\" data-caption=\"\" target=\"_blank\"><i class=\"icon-view\"><\/i><span class=\"overlay\"><\/span><img loading=\"lazy\" decoding=\"async\" width=\"150\" height=\"150\" src=\"https:\/\/zxdoll.com\/wp-content\/uploads\/2024\/09\/sex-doll-package-kVt40u10-150x150.jpg\" class=\"attachment-thumbnail size-thumbnail\" alt=\"\" srcset=\"https:\/\/zxdoll.com\/wp-content\/uploads\/2024\/09\/sex-doll-package-kVt40u10-150x150.jpg 150w, https:\/\/zxdoll.com\/wp-content\/uploads\/2024\/09\/sex-doll-package-kVt40u10-300x300.jpg 300w, https:\/\/zxdoll.com\/wp-content\/uploads\/2024\/09\/sex-doll-package-kVt40u10-768x768.jpg 768w, https:\/\/zxdoll.com\/wp-content\/uploads\/2024\/09\/sex-doll-package-kVt40u10-12x12.jpg 12w, https:\/\/zxdoll.com\/wp-content\/uploads\/2024\/09\/sex-doll-package-kVt40u10-430x430.jpg 430w, https:\/\/zxdoll.com\/wp-content\/uploads\/2024\/09\/sex-doll-package-kVt40u10-700x700.jpg 700w, https:\/\/zxdoll.com\/wp-content\/uploads\/2024\/09\/sex-doll-package-kVt40u10.jpg 800w\" sizes=\"(max-width: 150px) 100vw, 150px\" title=\"\"><\/a><\/li><li><a data-fancybox=\"gallery897\" href=\"https:\/\/zxdoll.com\/wp-content\/uploads\/2024\/09\/sex-doll-package-kVt40u11.jpg\" class=\"eig-popup\" title=\"\" data-caption=\"\" target=\"_blank\"><i class=\"icon-view\"><\/i><span class=\"overlay\"><\/span><img loading=\"lazy\" decoding=\"async\" width=\"150\" height=\"150\" src=\"https:\/\/zxdoll.com\/wp-content\/uploads\/2024\/09\/sex-doll-package-kVt40u11-150x150.jpg\" class=\"attachment-thumbnail size-thumbnail\" alt=\"\" srcset=\"https:\/\/zxdoll.com\/wp-content\/uploads\/2024\/09\/sex-doll-package-kVt40u11-150x150.jpg 150w, https:\/\/zxdoll.com\/wp-content\/uploads\/2024\/09\/sex-doll-package-kVt40u11-300x300.jpg 300w, https:\/\/zxdoll.com\/wp-content\/uploads\/2024\/09\/sex-doll-package-kVt40u11-768x768.jpg 768w, https:\/\/zxdoll.com\/wp-content\/uploads\/2024\/09\/sex-doll-package-kVt40u11-12x12.jpg 12w, https:\/\/zxdoll.com\/wp-content\/uploads\/2024\/09\/sex-doll-package-kVt40u11-430x430.jpg 430w, https:\/\/zxdoll.com\/wp-content\/uploads\/2024\/09\/sex-doll-package-kVt40u11-700x700.jpg 700w, https:\/\/zxdoll.com\/wp-content\/uploads\/2024\/09\/sex-doll-package-kVt40u11.jpg 800w\" sizes=\"(max-width: 150px) 100vw, 150px\" title=\"\"><\/a><\/li><\/ul>\n<h4>Tabele rozmiar\u00f3w<\/h4>\n<table width=\"332\">\n<tbody>\n<tr>\n<td width=\"143\">Waga netto<\/td>\n<td width=\"189\">42.99lbs \/ 19.5kg<\/td>\n<\/tr>\n<tr>\n<td>Masa brutto<\/td>\n<td>52.47lbs \/ 23.8kg<\/td>\n<\/tr>\n<tr>\n<td>D\u0142ugo\u015b\u0107 pochwy<\/td>\n<td>7.48in \/ 19cm<\/td>\n<\/tr>\n<tr>\n<td>D\u0142ugo\u015b\u0107 odbytu<\/td>\n<td>6,3 cala \/ 16 cm<\/td>\n<\/tr>\n<tr>\n<td>G\u00f3rny biust<\/td>\n<td>32.68in \/83cm<\/td>\n<\/tr>\n<tr>\n<td>Pod biustem<\/td>\n<td>24.21in \/ 61.5cm<\/td>\n<\/tr>\n<tr>\n<td>Obw\u00f3d nogi<\/td>\n<td>19.29in \/ 49cm<\/td>\n<\/tr>\n<tr>\n<td>D\u0142ugo\u015b\u0107 n\u00f3g<\/td>\n<td>1.97in \/ 5cm<\/td>\n<\/tr>\n<tr>\n<td>Wysoko\u015b\u0107 siedz\u0105ca<\/td>\n<td>20,47 cala \/ 52 cm<\/td>\n<\/tr>\n<\/tbody>\n<\/table>\n<h4>O Sex Doll<\/h4>\n<p>&nbsp;<\/p>","protected":false},"excerpt":{"rendered":"<p>Sex Doll Images Size Charts Net Weight 42.99lbs \/ 19.5kg Gross Weight 52.47lbs \/ 23.8kg Vaginal Length 7.48in \/ 19cm<\/p>","protected":false},"featured_media":157016,"comment_status":"open","ping_status":"closed","template":"","meta":[],"product_brand":[],"product_cat":[234,195,117],"product_tag":[],"class_list":{"0":"post-157014","1":"product","2":"type-product","3":"status-publish","4":"has-post-thumbnail","6":"product_cat-234","7":"product_cat-half-torso-sex-doll","8":"product_cat-small-breast-sex-doll","9":"pa_brand-tantaly-doll","10":"tm-has-options","12":"first","13":"instock","14":"shipping-taxable","15":"purchasable","16":"product-type-simple"},"_links":{"self":[{"href":"https:\/\/zxdoll.com\/pl\/wp-json\/wp\/v2\/product\/157014","targetHints":{"allow":["GET"]}}],"collection":[{"href":"https:\/\/zxdoll.com\/pl\/wp-json\/wp\/v2\/product"}],"about":[{"href":"https:\/\/zxdoll.com\/pl\/wp-json\/wp\/v2\/types\/product"}],"replies":[{"embeddable":true,"href":"https:\/\/zxdoll.com\/pl\/wp-json\/wp\/v2\/comments?post=157014"}],"version-history":[{"count":2,"href":"https:\/\/zxdoll.com\/pl\/wp-json\/wp\/v2\/product\/157014\/revisions"}],"predecessor-version":[{"id":157030,"href":"https:\/\/zxdoll.com\/pl\/wp-json\/wp\/v2\/product\/157014\/revisions\/157030"}],"wp:featuredmedia":[{"embeddable":true,"href":"https:\/\/zxdoll.com\/pl\/wp-json\/wp\/v2\/media\/157016"}],"wp:attachment":[{"href":"https:\/\/zxdoll.com\/pl\/wp-json\/wp\/v2\/media?parent=157014"}],"wp:term":[{"taxonomy":"product_brand","embeddable":true,"href":"https:\/\/zxdoll.com\/pl\/wp-json\/wp\/v2\/product_brand?post=157014"},{"taxonomy":"product_cat","embeddable":true,"href":"https:\/\/zxdoll.com\/pl\/wp-json\/wp\/v2\/product_cat?post=157014"},{"taxonomy":"product_tag","embeddable":true,"href":"https:\/\/zxdoll.com\/pl\/wp-json\/wp\/v2\/product_tag?post=157014"}],"curies":[{"name":"wp","href":"https:\/\/api.w.org\/{rel}","templated":true}]}}