{"id":120279,"date":"2023-07-27T01:04:14","date_gmt":"2023-07-26T17:04:14","guid":{"rendered":"https:\/\/zxdoll.com\/?post_type=product&#038;p=120279"},"modified":"2025-09-14T23:01:55","modified_gmt":"2025-09-14T15:01:55","slug":"porn-first-time-hot-sex-doll","status":"publish","type":"product","link":"https:\/\/zxdoll.com\/pl\/product\/porn-first-time-hot-sex-doll\/","title":{"rendered":"Gor\u0105ca lalka porno po raz pierwszy Karsyn 156 cm"},"content":{"rendered":"<h4><strong>Zdj\u0119cia lalek erotycznych<\/strong><\/h4>\n\t                <ul class=\"easy-image-gallery thumbnails-23 linked\">\r\n                    <li><a data-fancybox=\"gallery739\" href=\"https:\/\/zxdoll.com\/wp-content\/uploads\/2023\/07\/first-sex-doll-t8ujb1-600x800.jpg\" class=\"eig-popup\" title=\"\" data-caption=\"\" target=\"_blank\"><i class=\"icon-view\"><\/i><span class=\"overlay\"><\/span><img decoding=\"async\" width=\"150\" height=\"150\" src=\"https:\/\/zxdoll.com\/wp-content\/uploads\/2023\/07\/first-sex-doll-t8ujb1-e1690391842202-150x150.jpg\" class=\"attachment-thumbnail size-thumbnail\" alt=\"\" title=\"\"><\/a><\/li><li><a data-fancybox=\"gallery739\" href=\"https:\/\/zxdoll.com\/wp-content\/uploads\/2023\/07\/first-sex-doll-t8ujb2-600x800.jpg\" class=\"eig-popup\" title=\"\" data-caption=\"\" target=\"_blank\"><i class=\"icon-view\"><\/i><span class=\"overlay\"><\/span><img decoding=\"async\" width=\"150\" height=\"150\" src=\"https:\/\/zxdoll.com\/wp-content\/uploads\/2023\/07\/first-sex-doll-t8ujb2-150x150.jpg\" class=\"attachment-thumbnail size-thumbnail\" alt=\"\" title=\"\"><\/a><\/li><li><a data-fancybox=\"gallery739\" href=\"https:\/\/zxdoll.com\/wp-content\/uploads\/2023\/07\/first-sex-doll-t8ujb3-600x800.jpg\" class=\"eig-popup\" title=\"\" data-caption=\"\" target=\"_blank\"><i class=\"icon-view\"><\/i><span class=\"overlay\"><\/span><img decoding=\"async\" width=\"150\" height=\"150\" src=\"https:\/\/zxdoll.com\/wp-content\/uploads\/2023\/07\/first-sex-doll-t8ujb3-150x150.jpg\" class=\"attachment-thumbnail size-thumbnail\" alt=\"\" title=\"\"><\/a><\/li><li><a data-fancybox=\"gallery739\" href=\"https:\/\/zxdoll.com\/wp-content\/uploads\/2023\/07\/first-sex-doll-t8ujb4-600x800.jpg\" class=\"eig-popup\" title=\"\" data-caption=\"\" target=\"_blank\"><i class=\"icon-view\"><\/i><span class=\"overlay\"><\/span><img loading=\"lazy\" decoding=\"async\" width=\"150\" height=\"150\" src=\"https:\/\/zxdoll.com\/wp-content\/uploads\/2023\/07\/first-sex-doll-t8ujb4-150x150.jpg\" class=\"attachment-thumbnail size-thumbnail\" alt=\"\" title=\"\"><\/a><\/li><li><a data-fancybox=\"gallery739\" href=\"https:\/\/zxdoll.com\/wp-content\/uploads\/2023\/07\/first-sex-doll-t8ujb5-600x800.jpg\" class=\"eig-popup\" title=\"\" data-caption=\"\" target=\"_blank\"><i class=\"icon-view\"><\/i><span class=\"overlay\"><\/span><img loading=\"lazy\" decoding=\"async\" width=\"150\" height=\"150\" src=\"https:\/\/zxdoll.com\/wp-content\/uploads\/2023\/07\/first-sex-doll-t8ujb5-150x150.jpg\" class=\"attachment-thumbnail size-thumbnail\" alt=\"\" title=\"\"><\/a><\/li><li><a data-fancybox=\"gallery739\" href=\"https:\/\/zxdoll.com\/wp-content\/uploads\/2023\/07\/first-sex-doll-t8ujb6-600x800.jpg\" class=\"eig-popup\" title=\"\" data-caption=\"\" target=\"_blank\"><i class=\"icon-view\"><\/i><span class=\"overlay\"><\/span><img loading=\"lazy\" decoding=\"async\" width=\"150\" height=\"150\" src=\"https:\/\/zxdoll.com\/wp-content\/uploads\/2023\/07\/first-sex-doll-t8ujb6-150x150.jpg\" class=\"attachment-thumbnail size-thumbnail\" alt=\"\" title=\"\"><\/a><\/li><li><a data-fancybox=\"gallery739\" href=\"https:\/\/zxdoll.com\/wp-content\/uploads\/2023\/07\/first-sex-doll-t8ujb7-600x800.jpg\" class=\"eig-popup\" title=\"\" data-caption=\"\" target=\"_blank\"><i class=\"icon-view\"><\/i><span class=\"overlay\"><\/span><img loading=\"lazy\" decoding=\"async\" width=\"150\" height=\"150\" src=\"https:\/\/zxdoll.com\/wp-content\/uploads\/2023\/07\/first-sex-doll-t8ujb7-150x150.jpg\" class=\"attachment-thumbnail size-thumbnail\" alt=\"\" title=\"\"><\/a><\/li><li><a data-fancybox=\"gallery739\" href=\"https:\/\/zxdoll.com\/wp-content\/uploads\/2023\/07\/first-sex-doll-t8ujb8-600x800.jpg\" class=\"eig-popup\" title=\"\" data-caption=\"\" target=\"_blank\"><i class=\"icon-view\"><\/i><span class=\"overlay\"><\/span><img loading=\"lazy\" decoding=\"async\" width=\"150\" height=\"150\" src=\"https:\/\/zxdoll.com\/wp-content\/uploads\/2023\/07\/first-sex-doll-t8ujb8-150x150.jpg\" class=\"attachment-thumbnail size-thumbnail\" alt=\"\" title=\"\"><\/a><\/li><li><a data-fancybox=\"gallery739\" href=\"https:\/\/zxdoll.com\/wp-content\/uploads\/2023\/07\/first-sex-doll-t8ujb9-600x800.jpg\" class=\"eig-popup\" title=\"\" data-caption=\"\" target=\"_blank\"><i class=\"icon-view\"><\/i><span class=\"overlay\"><\/span><img loading=\"lazy\" decoding=\"async\" width=\"150\" height=\"150\" src=\"https:\/\/zxdoll.com\/wp-content\/uploads\/2023\/07\/first-sex-doll-t8ujb9-150x150.jpg\" class=\"attachment-thumbnail size-thumbnail\" alt=\"\" title=\"\"><\/a><\/li><li><a data-fancybox=\"gallery739\" href=\"https:\/\/zxdoll.com\/wp-content\/uploads\/2023\/07\/first-sex-doll-t8ujb10-600x800.jpg\" class=\"eig-popup\" title=\"\" data-caption=\"\" target=\"_blank\"><i class=\"icon-view\"><\/i><span class=\"overlay\"><\/span><img loading=\"lazy\" decoding=\"async\" width=\"150\" height=\"150\" src=\"https:\/\/zxdoll.com\/wp-content\/uploads\/2023\/07\/first-sex-doll-t8ujb10-150x150.jpg\" class=\"attachment-thumbnail size-thumbnail\" alt=\"\" title=\"\"><\/a><\/li><li><a data-fancybox=\"gallery739\" href=\"https:\/\/zxdoll.com\/wp-content\/uploads\/2023\/07\/first-sex-doll-t8ujb11-600x800.jpg\" class=\"eig-popup\" title=\"\" data-caption=\"\" target=\"_blank\"><i class=\"icon-view\"><\/i><span class=\"overlay\"><\/span><img loading=\"lazy\" decoding=\"async\" width=\"150\" height=\"150\" src=\"https:\/\/zxdoll.com\/wp-content\/uploads\/2023\/07\/first-sex-doll-t8ujb11-150x150.jpg\" class=\"attachment-thumbnail size-thumbnail\" alt=\"\" title=\"\"><\/a><\/li><li><a data-fancybox=\"gallery739\" href=\"https:\/\/zxdoll.com\/wp-content\/uploads\/2023\/07\/first-sex-doll-t8ujb12-600x800.jpg\" class=\"eig-popup\" title=\"\" data-caption=\"\" target=\"_blank\"><i class=\"icon-view\"><\/i><span class=\"overlay\"><\/span><img loading=\"lazy\" decoding=\"async\" width=\"150\" height=\"150\" src=\"https:\/\/zxdoll.com\/wp-content\/uploads\/2023\/07\/first-sex-doll-t8ujb12-150x150.jpg\" class=\"attachment-thumbnail size-thumbnail\" alt=\"\" title=\"\"><\/a><\/li><li><a data-fancybox=\"gallery739\" href=\"https:\/\/zxdoll.com\/wp-content\/uploads\/2023\/07\/first-sex-doll-t8ujb13-600x800.jpg\" class=\"eig-popup\" title=\"\" data-caption=\"\" target=\"_blank\"><i class=\"icon-view\"><\/i><span class=\"overlay\"><\/span><img loading=\"lazy\" decoding=\"async\" width=\"150\" height=\"150\" src=\"https:\/\/zxdoll.com\/wp-content\/uploads\/2023\/07\/first-sex-doll-t8ujb13-150x150.jpg\" class=\"attachment-thumbnail size-thumbnail\" alt=\"\" title=\"\"><\/a><\/li><li><a data-fancybox=\"gallery739\" href=\"https:\/\/zxdoll.com\/wp-content\/uploads\/2023\/07\/first-sex-doll-t8ujb14-600x800.jpg\" class=\"eig-popup\" title=\"\" data-caption=\"\" target=\"_blank\"><i class=\"icon-view\"><\/i><span class=\"overlay\"><\/span><img loading=\"lazy\" decoding=\"async\" width=\"150\" height=\"150\" src=\"https:\/\/zxdoll.com\/wp-content\/uploads\/2023\/07\/first-sex-doll-t8ujb14-150x150.jpg\" class=\"attachment-thumbnail size-thumbnail\" alt=\"\" title=\"\"><\/a><\/li><li><a data-fancybox=\"gallery739\" href=\"https:\/\/zxdoll.com\/wp-content\/uploads\/2023\/07\/first-sex-doll-t8ujb15-600x800.jpg\" class=\"eig-popup\" title=\"\" data-caption=\"\" target=\"_blank\"><i class=\"icon-view\"><\/i><span class=\"overlay\"><\/span><img loading=\"lazy\" decoding=\"async\" width=\"150\" height=\"150\" src=\"https:\/\/zxdoll.com\/wp-content\/uploads\/2023\/07\/first-sex-doll-t8ujb15-150x150.jpg\" class=\"attachment-thumbnail size-thumbnail\" alt=\"\" title=\"\"><\/a><\/li><li><a data-fancybox=\"gallery739\" href=\"https:\/\/zxdoll.com\/wp-content\/uploads\/2023\/07\/first-sex-doll-t8ujb16-600x800.jpg\" class=\"eig-popup\" title=\"\" data-caption=\"\" target=\"_blank\"><i class=\"icon-view\"><\/i><span class=\"overlay\"><\/span><img loading=\"lazy\" decoding=\"async\" width=\"150\" height=\"150\" src=\"https:\/\/zxdoll.com\/wp-content\/uploads\/2023\/07\/first-sex-doll-t8ujb16-150x150.jpg\" class=\"attachment-thumbnail size-thumbnail\" alt=\"\" title=\"\"><\/a><\/li><li><a data-fancybox=\"gallery739\" href=\"https:\/\/zxdoll.com\/wp-content\/uploads\/2023\/07\/first-sex-doll-t8ujb17-600x800.jpg\" class=\"eig-popup\" title=\"\" data-caption=\"\" target=\"_blank\"><i class=\"icon-view\"><\/i><span class=\"overlay\"><\/span><img loading=\"lazy\" decoding=\"async\" width=\"150\" height=\"150\" src=\"https:\/\/zxdoll.com\/wp-content\/uploads\/2023\/07\/first-sex-doll-t8ujb17-150x150.jpg\" class=\"attachment-thumbnail size-thumbnail\" alt=\"\" title=\"\"><\/a><\/li><li><a data-fancybox=\"gallery739\" href=\"https:\/\/zxdoll.com\/wp-content\/uploads\/2023\/07\/first-sex-doll-t8ujb18-600x800.jpg\" class=\"eig-popup\" title=\"\" data-caption=\"\" target=\"_blank\"><i class=\"icon-view\"><\/i><span class=\"overlay\"><\/span><img loading=\"lazy\" decoding=\"async\" width=\"150\" height=\"150\" src=\"https:\/\/zxdoll.com\/wp-content\/uploads\/2023\/07\/first-sex-doll-t8ujb18-150x150.jpg\" class=\"attachment-thumbnail size-thumbnail\" alt=\"\" title=\"\"><\/a><\/li><li><a data-fancybox=\"gallery739\" href=\"https:\/\/zxdoll.com\/wp-content\/uploads\/2023\/07\/first-sex-doll-t8ujb19-600x800.jpg\" class=\"eig-popup\" title=\"\" data-caption=\"\" target=\"_blank\"><i class=\"icon-view\"><\/i><span class=\"overlay\"><\/span><img loading=\"lazy\" decoding=\"async\" width=\"150\" height=\"150\" src=\"https:\/\/zxdoll.com\/wp-content\/uploads\/2023\/07\/first-sex-doll-t8ujb19-150x150.jpg\" class=\"attachment-thumbnail size-thumbnail\" alt=\"\" title=\"\"><\/a><\/li><li><a data-fancybox=\"gallery739\" href=\"https:\/\/zxdoll.com\/wp-content\/uploads\/2023\/07\/first-sex-doll-t8ujb20-600x800.jpg\" class=\"eig-popup\" title=\"\" data-caption=\"\" target=\"_blank\"><i class=\"icon-view\"><\/i><span class=\"overlay\"><\/span><img loading=\"lazy\" decoding=\"async\" width=\"150\" height=\"150\" src=\"https:\/\/zxdoll.com\/wp-content\/uploads\/2023\/07\/first-sex-doll-t8ujb20-150x150.jpg\" class=\"attachment-thumbnail size-thumbnail\" alt=\"\" title=\"\"><\/a><\/li><li><a data-fancybox=\"gallery739\" href=\"https:\/\/zxdoll.com\/wp-content\/uploads\/2023\/07\/first-sex-doll-t8ujb21-600x800.jpg\" class=\"eig-popup\" title=\"\" data-caption=\"\" target=\"_blank\"><i class=\"icon-view\"><\/i><span class=\"overlay\"><\/span><img loading=\"lazy\" decoding=\"async\" width=\"150\" height=\"150\" src=\"https:\/\/zxdoll.com\/wp-content\/uploads\/2023\/07\/first-sex-doll-t8ujb21-150x150.jpg\" class=\"attachment-thumbnail size-thumbnail\" alt=\"\" title=\"\"><\/a><\/li><li><a data-fancybox=\"gallery739\" href=\"https:\/\/zxdoll.com\/wp-content\/uploads\/2023\/07\/first-sex-doll-t8ujb22-533x800.jpg\" class=\"eig-popup\" title=\"\" data-caption=\"\" target=\"_blank\"><i class=\"icon-view\"><\/i><span class=\"overlay\"><\/span><img loading=\"lazy\" decoding=\"async\" width=\"150\" height=\"150\" src=\"https:\/\/zxdoll.com\/wp-content\/uploads\/2023\/07\/first-sex-doll-t8ujb22-150x150.jpg\" class=\"attachment-thumbnail size-thumbnail\" alt=\"\" title=\"\"><\/a><\/li><li><a data-fancybox=\"gallery739\" href=\"https:\/\/zxdoll.com\/wp-content\/uploads\/2023\/07\/first-sex-doll-t8ujb23-533x800.jpg\" class=\"eig-popup\" title=\"\" data-caption=\"\" target=\"_blank\"><i class=\"icon-view\"><\/i><span class=\"overlay\"><\/span><img loading=\"lazy\" decoding=\"async\" width=\"150\" height=\"150\" src=\"https:\/\/zxdoll.com\/wp-content\/uploads\/2023\/07\/first-sex-doll-t8ujb23-150x150.jpg\" class=\"attachment-thumbnail size-thumbnail\" alt=\"\" title=\"\"><\/a><\/li><\/ul>\n<h4>Tabele rozmiar\u00f3w<\/h4>\n<table width=\"236\">\n<tbody>\n<tr>\n<td width=\"129\">Materia\u0142<\/td>\n<td width=\"107\">TPE<\/td>\n<\/tr>\n<tr>\n<td>Rozmiar<\/td>\n<td>Miseczka G 156 cm<\/td>\n<\/tr>\n<tr>\n<td>Waga netto<\/td>\n<td>33 kg<\/td>\n<\/tr>\n<tr>\n<td>Pe\u0142ny biust<\/td>\n<td>90cm<\/td>\n<\/tr>\n<tr>\n<td>Pod biustem<\/td>\n<td>68 cm<\/td>\n<\/tr>\n<tr>\n<td>Talia<\/td>\n<td>59 cm<\/td>\n<\/tr>\n<tr>\n<td>Biodro<\/td>\n<td>86cm<\/td>\n<\/tr>\n<tr>\n<td>D\u0142ugo\u015b\u0107 stopy<\/td>\n<td>21cm<\/td>\n<\/tr>\n<tr>\n<td>Rami\u0119<\/td>\n<td>38 cm<\/td>\n<\/tr>\n<tr>\n<td>G\u0142\u0119boko\u015b\u0107 pochwy<\/td>\n<td>18 cm<\/td>\n<\/tr>\n<tr>\n<td>G\u0142\u0119boko\u015b\u0107 odbytu<\/td>\n<td>15cm<\/td>\n<\/tr>\n<tr>\n<td>G\u0142\u0119bia jamy ustnej<\/td>\n<td>12cm<\/td>\n<\/tr>\n<\/tbody>\n<\/table>\n<h4>O Sex Doll<\/h4>\n<p>&nbsp;<\/p>","protected":false},"excerpt":{"rendered":"<p>Obrazy lalki erotycznej Tabele rozmiar\u00f3w Materia\u0142 TPE Rozmiar cia\u0142a 156 cm Miseczka G Waga netto 33 kg Pe\u0142ny biust 90 cm pod biustem<\/p>","protected":false},"featured_media":154838,"comment_status":"open","ping_status":"closed","template":"","meta":[],"product_brand":[],"product_cat":[119,112,229,77,116,159,107],"product_tag":[],"class_list":{"0":"post-120279","1":"product","2":"type-product","3":"status-publish","4":"has-post-thumbnail","6":"product_cat-tpe-sex-doll","7":"product_cat-150cm-159cm-sex-dolls","8":"product_cat-31kg-35kg","9":"product_cat-bbw-sex-doll","10":"product_cat-big-boobs-sex-doll","11":"product_cat-porn-sex-dolls","12":"product_cat-skinny-sex-dolls","13":"pa_brand-or-doll","14":"tm-has-options","16":"first","17":"instock","18":"sale","19":"shipping-taxable","20":"purchasable","21":"product-type-simple"},"_links":{"self":[{"href":"https:\/\/zxdoll.com\/pl\/wp-json\/wp\/v2\/product\/120279","targetHints":{"allow":["GET"]}}],"collection":[{"href":"https:\/\/zxdoll.com\/pl\/wp-json\/wp\/v2\/product"}],"about":[{"href":"https:\/\/zxdoll.com\/pl\/wp-json\/wp\/v2\/types\/product"}],"replies":[{"embeddable":true,"href":"https:\/\/zxdoll.com\/pl\/wp-json\/wp\/v2\/comments?post=120279"}],"version-history":[{"count":1,"href":"https:\/\/zxdoll.com\/pl\/wp-json\/wp\/v2\/product\/120279\/revisions"}],"predecessor-version":[{"id":120644,"href":"https:\/\/zxdoll.com\/pl\/wp-json\/wp\/v2\/product\/120279\/revisions\/120644"}],"wp:featuredmedia":[{"embeddable":true,"href":"https:\/\/zxdoll.com\/pl\/wp-json\/wp\/v2\/media\/154838"}],"wp:attachment":[{"href":"https:\/\/zxdoll.com\/pl\/wp-json\/wp\/v2\/media?parent=120279"}],"wp:term":[{"taxonomy":"product_brand","embeddable":true,"href":"https:\/\/zxdoll.com\/pl\/wp-json\/wp\/v2\/product_brand?post=120279"},{"taxonomy":"product_cat","embeddable":true,"href":"https:\/\/zxdoll.com\/pl\/wp-json\/wp\/v2\/product_cat?post=120279"},{"taxonomy":"product_tag","embeddable":true,"href":"https:\/\/zxdoll.com\/pl\/wp-json\/wp\/v2\/product_tag?post=120279"}],"curies":[{"name":"wp","href":"https:\/\/api.w.org\/{rel}","templated":true}]}}