{"id":108758,"date":"2023-07-23T04:12:48","date_gmt":"2023-07-22T20:12:48","guid":{"rendered":"https:\/\/zxdoll.com\/?post_type=product&#038;p=108758"},"modified":"2025-09-16T03:32:41","modified_gmt":"2025-09-15T19:32:41","slug":"real-lufe-sex-doll-for-women","status":"publish","type":"product","link":"https:\/\/zxdoll.com\/pl\/product\/real-lufe-sex-doll-for-women\/","title":{"rendered":"Prawdziwa lalka erotyczna Lufe dla kobiet Carolin 156 cm"},"content":{"rendered":"<h4><strong>Zdj\u0119cia lalek erotycznych<\/strong><\/h4>\n\t                <ul class=\"easy-image-gallery thumbnails-9 linked\">\r\n                    <li><a data-fancybox=\"gallery981\" href=\"https:\/\/zxdoll.com\/wp-content\/uploads\/2023\/07\/sexdoll-shop-etion1.jpg\" class=\"eig-popup\" title=\"\" data-caption=\"\" target=\"_blank\"><i class=\"icon-view\"><\/i><span class=\"overlay\"><\/span><img decoding=\"async\" width=\"150\" height=\"150\" src=\"https:\/\/zxdoll.com\/wp-content\/uploads\/2023\/07\/sexdoll-shop-etion1-150x150.jpg\" class=\"attachment-thumbnail size-thumbnail\" alt=\"\" title=\"\"><\/a><\/li><li><a data-fancybox=\"gallery981\" href=\"https:\/\/zxdoll.com\/wp-content\/uploads\/2023\/07\/sexdoll-shop-etion2-532x800.jpg\" class=\"eig-popup\" title=\"\" data-caption=\"\" target=\"_blank\"><i class=\"icon-view\"><\/i><span class=\"overlay\"><\/span><img decoding=\"async\" width=\"150\" height=\"150\" src=\"https:\/\/zxdoll.com\/wp-content\/uploads\/2023\/07\/sexdoll-shop-etion2-150x150.jpg\" class=\"attachment-thumbnail size-thumbnail\" alt=\"\" title=\"\"><\/a><\/li><li><a data-fancybox=\"gallery981\" href=\"https:\/\/zxdoll.com\/wp-content\/uploads\/2023\/07\/sexdoll-shop-etion3.jpg\" class=\"eig-popup\" title=\"\" data-caption=\"\" target=\"_blank\"><i class=\"icon-view\"><\/i><span class=\"overlay\"><\/span><img decoding=\"async\" width=\"150\" height=\"150\" src=\"https:\/\/zxdoll.com\/wp-content\/uploads\/2023\/07\/sexdoll-shop-etion3-150x150.jpg\" class=\"attachment-thumbnail size-thumbnail\" alt=\"\" title=\"\"><\/a><\/li><li><a data-fancybox=\"gallery981\" href=\"https:\/\/zxdoll.com\/wp-content\/uploads\/2023\/07\/sexdoll-shop-etion4.jpg\" class=\"eig-popup\" title=\"\" data-caption=\"\" target=\"_blank\"><i class=\"icon-view\"><\/i><span class=\"overlay\"><\/span><img loading=\"lazy\" decoding=\"async\" width=\"150\" height=\"150\" src=\"https:\/\/zxdoll.com\/wp-content\/uploads\/2023\/07\/sexdoll-shop-etion4-150x150.jpg\" class=\"attachment-thumbnail size-thumbnail\" alt=\"\" title=\"\"><\/a><\/li><li><a data-fancybox=\"gallery981\" href=\"https:\/\/zxdoll.com\/wp-content\/uploads\/2023\/07\/sexdoll-shop-etion5.jpg\" class=\"eig-popup\" title=\"\" data-caption=\"\" target=\"_blank\"><i class=\"icon-view\"><\/i><span class=\"overlay\"><\/span><img loading=\"lazy\" decoding=\"async\" width=\"150\" height=\"150\" src=\"https:\/\/zxdoll.com\/wp-content\/uploads\/2023\/07\/sexdoll-shop-etion5-150x150.jpg\" class=\"attachment-thumbnail size-thumbnail\" alt=\"\" title=\"\"><\/a><\/li><li><a data-fancybox=\"gallery981\" href=\"https:\/\/zxdoll.com\/wp-content\/uploads\/2023\/07\/sexdoll-shop-etion6.jpg\" class=\"eig-popup\" title=\"\" data-caption=\"\" target=\"_blank\"><i class=\"icon-view\"><\/i><span class=\"overlay\"><\/span><img loading=\"lazy\" decoding=\"async\" width=\"150\" height=\"150\" src=\"https:\/\/zxdoll.com\/wp-content\/uploads\/2023\/07\/sexdoll-shop-etion6-150x150.jpg\" class=\"attachment-thumbnail size-thumbnail\" alt=\"\" title=\"\"><\/a><\/li><li><a data-fancybox=\"gallery981\" href=\"https:\/\/zxdoll.com\/wp-content\/uploads\/2023\/07\/sexdoll-shop-etion7.jpg\" class=\"eig-popup\" title=\"\" data-caption=\"\" target=\"_blank\"><i class=\"icon-view\"><\/i><span class=\"overlay\"><\/span><img loading=\"lazy\" decoding=\"async\" width=\"150\" height=\"150\" src=\"https:\/\/zxdoll.com\/wp-content\/uploads\/2023\/07\/sexdoll-shop-etion7-150x150.jpg\" class=\"attachment-thumbnail size-thumbnail\" alt=\"\" title=\"\"><\/a><\/li><li><a data-fancybox=\"gallery981\" href=\"https:\/\/zxdoll.com\/wp-content\/uploads\/2023\/07\/sexdoll-shop-etion8-532x800.jpg\" class=\"eig-popup\" title=\"\" data-caption=\"\" target=\"_blank\"><i class=\"icon-view\"><\/i><span class=\"overlay\"><\/span><img loading=\"lazy\" decoding=\"async\" width=\"150\" height=\"150\" src=\"https:\/\/zxdoll.com\/wp-content\/uploads\/2023\/07\/sexdoll-shop-etion8-150x150.jpg\" class=\"attachment-thumbnail size-thumbnail\" alt=\"\" title=\"\"><\/a><\/li><li><a data-fancybox=\"gallery981\" href=\"https:\/\/zxdoll.com\/wp-content\/uploads\/2023\/07\/sexdoll-shop-etion9-532x800.jpg\" class=\"eig-popup\" title=\"\" data-caption=\"\" target=\"_blank\"><i class=\"icon-view\"><\/i><span class=\"overlay\"><\/span><img loading=\"lazy\" decoding=\"async\" width=\"150\" height=\"150\" src=\"https:\/\/zxdoll.com\/wp-content\/uploads\/2023\/07\/sexdoll-shop-etion9-150x150.jpg\" class=\"attachment-thumbnail size-thumbnail\" alt=\"\" title=\"\"><\/a><\/li><\/ul>\n<h4>Tabele rozmiar\u00f3w<\/h4>\n<table width=\"236\">\n<tbody>\n<tr>\n<td width=\"129\">Materia\u0142<\/td>\n<td width=\"107\">TPE<\/td>\n<\/tr>\n<tr>\n<td>Rozmiar<\/td>\n<td>Miseczka C 156 cm<\/td>\n<\/tr>\n<tr>\n<td>Waga netto<\/td>\n<td>27 kg<\/td>\n<\/tr>\n<tr>\n<td>Pe\u0142ny biust<\/td>\n<td>64cm<\/td>\n<\/tr>\n<tr>\n<td>Pod biustem<\/td>\n<td>52cm<\/td>\n<\/tr>\n<tr>\n<td>Talia<\/td>\n<td>40 cm<\/td>\n<\/tr>\n<tr>\n<td>Biodro<\/td>\n<td>78 cm<\/td>\n<\/tr>\n<tr>\n<td>D\u0142ugo\u015b\u0107 stopy<\/td>\n<td>21cm<\/td>\n<\/tr>\n<tr>\n<td>Rami\u0119<\/td>\n<td>34cm<\/td>\n<\/tr>\n<tr>\n<td>G\u0142\u0119boko\u015b\u0107 pochwy<\/td>\n<td>18 cm<\/td>\n<\/tr>\n<tr>\n<td>G\u0142\u0119boko\u015b\u0107 odbytu<\/td>\n<td>15cm<\/td>\n<\/tr>\n<tr>\n<td>G\u0142\u0119bia jamy ustnej<\/td>\n<td>12cm<\/td>\n<\/tr>\n<\/tbody>\n<\/table>\n<h4>O Sex Doll<\/h4>\n<p>&nbsp;<\/p>","protected":false},"excerpt":{"rendered":"<p>Obrazy lalki erotycznej Tabele rozmiar\u00f3w Materia\u0142 TPE Rozmiar cia\u0142a 156 cm Miseczka C Waga netto 27 kg Pe\u0142ny biust 64 cm Pod biustem 52 cm<\/p>","protected":false},"featured_media":108930,"comment_status":"open","ping_status":"closed","template":"","meta":[],"product_brand":[],"product_cat":[119,112,228,156,107,117],"product_tag":[],"class_list":{"0":"post-108758","1":"product","2":"type-product","3":"status-publish","4":"has-post-thumbnail","6":"product_cat-tpe-sex-doll","7":"product_cat-150cm-159cm-sex-dolls","8":"product_cat-26kg-30kg","9":"product_cat-porn-sexdoll","10":"product_cat-skinny-sex-dolls","11":"product_cat-small-breast-sex-doll","12":"pa_brand-wm-doll","13":"tm-has-options","15":"first","16":"instock","17":"sale","18":"shipping-taxable","19":"purchasable","20":"product-type-simple"},"_links":{"self":[{"href":"https:\/\/zxdoll.com\/pl\/wp-json\/wp\/v2\/product\/108758","targetHints":{"allow":["GET"]}}],"collection":[{"href":"https:\/\/zxdoll.com\/pl\/wp-json\/wp\/v2\/product"}],"about":[{"href":"https:\/\/zxdoll.com\/pl\/wp-json\/wp\/v2\/types\/product"}],"replies":[{"embeddable":true,"href":"https:\/\/zxdoll.com\/pl\/wp-json\/wp\/v2\/comments?post=108758"}],"version-history":[{"count":2,"href":"https:\/\/zxdoll.com\/pl\/wp-json\/wp\/v2\/product\/108758\/revisions"}],"predecessor-version":[{"id":108949,"href":"https:\/\/zxdoll.com\/pl\/wp-json\/wp\/v2\/product\/108758\/revisions\/108949"}],"wp:featuredmedia":[{"embeddable":true,"href":"https:\/\/zxdoll.com\/pl\/wp-json\/wp\/v2\/media\/108930"}],"wp:attachment":[{"href":"https:\/\/zxdoll.com\/pl\/wp-json\/wp\/v2\/media?parent=108758"}],"wp:term":[{"taxonomy":"product_brand","embeddable":true,"href":"https:\/\/zxdoll.com\/pl\/wp-json\/wp\/v2\/product_brand?post=108758"},{"taxonomy":"product_cat","embeddable":true,"href":"https:\/\/zxdoll.com\/pl\/wp-json\/wp\/v2\/product_cat?post=108758"},{"taxonomy":"product_tag","embeddable":true,"href":"https:\/\/zxdoll.com\/pl\/wp-json\/wp\/v2\/product_tag?post=108758"}],"curies":[{"name":"wp","href":"https:\/\/api.w.org\/{rel}","templated":true}]}}