{"id":108644,"date":"2023-07-23T02:01:19","date_gmt":"2023-07-22T18:01:19","guid":{"rendered":"https:\/\/zxdoll.com\/?post_type=product&#038;p=108644"},"modified":"2025-09-12T20:52:37","modified_gmt":"2025-09-12T12:52:37","slug":"andy-adult-fucking-android-sex-doll","status":"publish","type":"product","link":"https:\/\/zxdoll.com\/pl\/product\/andy-adult-fucking-android-sex-doll\/","title":{"rendered":"Andy Doros\u0142a lalka seksu z Androidem Mikako 158 cm"},"content":{"rendered":"<h4><strong>Zdj\u0119cia lalek erotycznych<\/strong><\/h4>\n\t                <ul class=\"easy-image-gallery thumbnails-14 linked\">\r\n                    <li><a data-fancybox=\"gallery638\" href=\"https:\/\/zxdoll.com\/wp-content\/uploads\/2023\/07\/sex-head-doll-ewtgc1.jpg\" class=\"eig-popup\" title=\"\" data-caption=\"\" target=\"_blank\"><i class=\"icon-view\"><\/i><span class=\"overlay\"><\/span><img decoding=\"async\" width=\"150\" height=\"150\" src=\"https:\/\/zxdoll.com\/wp-content\/uploads\/2023\/07\/sex-head-doll-ewtgc1-150x150.jpg\" class=\"attachment-thumbnail size-thumbnail\" alt=\"\" title=\"\"><\/a><\/li><li><a data-fancybox=\"gallery638\" href=\"https:\/\/zxdoll.com\/wp-content\/uploads\/2023\/07\/sex-head-doll-ewtgc2.jpg\" class=\"eig-popup\" title=\"\" data-caption=\"\" target=\"_blank\"><i class=\"icon-view\"><\/i><span class=\"overlay\"><\/span><img decoding=\"async\" width=\"150\" height=\"150\" src=\"https:\/\/zxdoll.com\/wp-content\/uploads\/2023\/07\/sex-head-doll-ewtgc2-150x150.jpg\" class=\"attachment-thumbnail size-thumbnail\" alt=\"\" title=\"\"><\/a><\/li><li><a data-fancybox=\"gallery638\" href=\"https:\/\/zxdoll.com\/wp-content\/uploads\/2023\/07\/sex-head-doll-ewtgc3.jpg\" class=\"eig-popup\" title=\"\" data-caption=\"\" target=\"_blank\"><i class=\"icon-view\"><\/i><span class=\"overlay\"><\/span><img decoding=\"async\" width=\"150\" height=\"150\" src=\"https:\/\/zxdoll.com\/wp-content\/uploads\/2023\/07\/sex-head-doll-ewtgc3-150x150.jpg\" class=\"attachment-thumbnail size-thumbnail\" alt=\"\" title=\"\"><\/a><\/li><li><a data-fancybox=\"gallery638\" href=\"https:\/\/zxdoll.com\/wp-content\/uploads\/2023\/07\/sex-head-doll-ewtgc4.jpg\" class=\"eig-popup\" title=\"\" data-caption=\"\" target=\"_blank\"><i class=\"icon-view\"><\/i><span class=\"overlay\"><\/span><img loading=\"lazy\" decoding=\"async\" width=\"150\" height=\"150\" src=\"https:\/\/zxdoll.com\/wp-content\/uploads\/2023\/07\/sex-head-doll-ewtgc4-150x150.jpg\" class=\"attachment-thumbnail size-thumbnail\" alt=\"\" title=\"\"><\/a><\/li><li><a data-fancybox=\"gallery638\" href=\"https:\/\/zxdoll.com\/wp-content\/uploads\/2023\/07\/sex-head-doll-ewtgc5.jpg\" class=\"eig-popup\" title=\"\" data-caption=\"\" target=\"_blank\"><i class=\"icon-view\"><\/i><span class=\"overlay\"><\/span><img loading=\"lazy\" decoding=\"async\" width=\"150\" height=\"150\" src=\"https:\/\/zxdoll.com\/wp-content\/uploads\/2023\/07\/sex-head-doll-ewtgc5-150x150.jpg\" class=\"attachment-thumbnail size-thumbnail\" alt=\"\" title=\"\"><\/a><\/li><li><a data-fancybox=\"gallery638\" href=\"https:\/\/zxdoll.com\/wp-content\/uploads\/2023\/07\/sex-head-doll-ewtgc6.jpg\" class=\"eig-popup\" title=\"\" data-caption=\"\" target=\"_blank\"><i class=\"icon-view\"><\/i><span class=\"overlay\"><\/span><img loading=\"lazy\" decoding=\"async\" width=\"150\" height=\"150\" src=\"https:\/\/zxdoll.com\/wp-content\/uploads\/2023\/07\/sex-head-doll-ewtgc6-150x150.jpg\" class=\"attachment-thumbnail size-thumbnail\" alt=\"\" title=\"\"><\/a><\/li><li><a data-fancybox=\"gallery638\" href=\"https:\/\/zxdoll.com\/wp-content\/uploads\/2023\/07\/sex-head-doll-ewtgc7-532x800.jpg\" class=\"eig-popup\" title=\"\" data-caption=\"\" target=\"_blank\"><i class=\"icon-view\"><\/i><span class=\"overlay\"><\/span><img loading=\"lazy\" decoding=\"async\" width=\"150\" height=\"150\" src=\"https:\/\/zxdoll.com\/wp-content\/uploads\/2023\/07\/sex-head-doll-ewtgc7-150x150.jpg\" class=\"attachment-thumbnail size-thumbnail\" alt=\"\" title=\"\"><\/a><\/li><li><a data-fancybox=\"gallery638\" href=\"https:\/\/zxdoll.com\/wp-content\/uploads\/2023\/07\/sex-head-doll-ewtgc8-532x800.jpg\" class=\"eig-popup\" title=\"\" data-caption=\"\" target=\"_blank\"><i class=\"icon-view\"><\/i><span class=\"overlay\"><\/span><img loading=\"lazy\" decoding=\"async\" width=\"150\" height=\"150\" src=\"https:\/\/zxdoll.com\/wp-content\/uploads\/2023\/07\/sex-head-doll-ewtgc8-150x150.jpg\" class=\"attachment-thumbnail size-thumbnail\" alt=\"\" title=\"\"><\/a><\/li><li><a data-fancybox=\"gallery638\" href=\"https:\/\/zxdoll.com\/wp-content\/uploads\/2023\/07\/sex-head-doll-ewtgc9-532x800.jpg\" class=\"eig-popup\" title=\"\" data-caption=\"\" target=\"_blank\"><i class=\"icon-view\"><\/i><span class=\"overlay\"><\/span><img loading=\"lazy\" decoding=\"async\" width=\"150\" height=\"150\" src=\"https:\/\/zxdoll.com\/wp-content\/uploads\/2023\/07\/sex-head-doll-ewtgc9-150x150.jpg\" class=\"attachment-thumbnail size-thumbnail\" alt=\"\" title=\"\"><\/a><\/li><li><a data-fancybox=\"gallery638\" href=\"https:\/\/zxdoll.com\/wp-content\/uploads\/2023\/07\/sex-head-doll-ewtgc10-532x800.jpg\" class=\"eig-popup\" title=\"\" data-caption=\"\" target=\"_blank\"><i class=\"icon-view\"><\/i><span class=\"overlay\"><\/span><img loading=\"lazy\" decoding=\"async\" width=\"150\" height=\"150\" src=\"https:\/\/zxdoll.com\/wp-content\/uploads\/2023\/07\/sex-head-doll-ewtgc10-150x150.jpg\" class=\"attachment-thumbnail size-thumbnail\" alt=\"\" title=\"\"><\/a><\/li><li><a data-fancybox=\"gallery638\" href=\"https:\/\/zxdoll.com\/wp-content\/uploads\/2023\/07\/sex-head-doll-ewtgc11-532x800.jpg\" class=\"eig-popup\" title=\"\" data-caption=\"\" target=\"_blank\"><i class=\"icon-view\"><\/i><span class=\"overlay\"><\/span><img loading=\"lazy\" decoding=\"async\" width=\"150\" height=\"150\" src=\"https:\/\/zxdoll.com\/wp-content\/uploads\/2023\/07\/sex-head-doll-ewtgc11-150x150.jpg\" class=\"attachment-thumbnail size-thumbnail\" alt=\"\" title=\"\"><\/a><\/li><li><a data-fancybox=\"gallery638\" href=\"https:\/\/zxdoll.com\/wp-content\/uploads\/2023\/07\/sex-head-doll-ewtgc12-532x800.jpg\" class=\"eig-popup\" title=\"\" data-caption=\"\" target=\"_blank\"><i class=\"icon-view\"><\/i><span class=\"overlay\"><\/span><img loading=\"lazy\" decoding=\"async\" width=\"150\" height=\"150\" src=\"https:\/\/zxdoll.com\/wp-content\/uploads\/2023\/07\/sex-head-doll-ewtgc12-150x150.jpg\" class=\"attachment-thumbnail size-thumbnail\" alt=\"\" title=\"\"><\/a><\/li><li><a data-fancybox=\"gallery638\" href=\"https:\/\/zxdoll.com\/wp-content\/uploads\/2023\/07\/sex-head-doll-ewtgc13.jpg\" class=\"eig-popup\" title=\"\" data-caption=\"\" target=\"_blank\"><i class=\"icon-view\"><\/i><span class=\"overlay\"><\/span><img loading=\"lazy\" decoding=\"async\" width=\"150\" height=\"150\" src=\"https:\/\/zxdoll.com\/wp-content\/uploads\/2023\/07\/sex-head-doll-ewtgc13-150x150.jpg\" class=\"attachment-thumbnail size-thumbnail\" alt=\"\" title=\"\"><\/a><\/li><li><a data-fancybox=\"gallery638\" href=\"https:\/\/zxdoll.com\/wp-content\/uploads\/2023\/07\/sex-head-doll-ewtgc14.jpg\" class=\"eig-popup\" title=\"\" data-caption=\"\" target=\"_blank\"><i class=\"icon-view\"><\/i><span class=\"overlay\"><\/span><img loading=\"lazy\" decoding=\"async\" width=\"150\" height=\"150\" src=\"https:\/\/zxdoll.com\/wp-content\/uploads\/2023\/07\/sex-head-doll-ewtgc14-150x150.jpg\" class=\"attachment-thumbnail size-thumbnail\" alt=\"\" title=\"\"><\/a><\/li><\/ul>\n<h4>Tabele rozmiar\u00f3w<\/h4>\n<table width=\"203\">\n<tbody>\n<tr>\n<td width=\"124\">Materia\u0142<\/td>\n<td width=\"79\">TPE<\/td>\n<\/tr>\n<tr>\n<td>Wysoko\u015b\u0107<\/td>\n<td>158 cm<\/td>\n<\/tr>\n<tr>\n<td>Biust<\/td>\n<td>79cm<\/td>\n<\/tr>\n<tr>\n<td>Talia<\/td>\n<td>74cm<\/td>\n<\/tr>\n<tr>\n<td>Biodro<\/td>\n<td>99 cm<\/td>\n<\/tr>\n<tr>\n<td>Rami\u0119<\/td>\n<td>31 cm<\/td>\n<\/tr>\n<tr>\n<td>Rami\u0119<\/td>\n<td>44cm<\/td>\n<\/tr>\n<tr>\n<td>Noga<\/td>\n<td>83cm<\/td>\n<\/tr>\n<tr>\n<td width=\"124\">Stopa<\/td>\n<td>18 cm<\/td>\n<\/tr>\n<tr>\n<td width=\"124\">Waga netto<\/td>\n<td>40 kg<\/td>\n<\/tr>\n<tr>\n<td>G\u0142\u0119bia jamy ustnej<\/td>\n<td>13 cm<\/td>\n<\/tr>\n<tr>\n<td>G\u0142\u0119boko\u015b\u0107 pochwy<\/td>\n<td>18 cm<\/td>\n<\/tr>\n<tr>\n<td>G\u0142\u0119boko\u015b\u0107 odbytu<\/td>\n<td>17cm<\/td>\n<\/tr>\n<\/tbody>\n<\/table>\n<h4>O Sex Doll<\/h4>\n<p>&nbsp;<\/p>","protected":false},"excerpt":{"rendered":"<p>Sex Doll Obrazy Tabele rozmiar\u00f3w Materia\u0142 TPE Wysoko\u015b\u0107 158 cm Biust 79 cm Talia 74 cm Biodra 99 cm Rami\u0119 31 cm Rami\u0119 44 cm Noga<\/p>","protected":false},"featured_media":108654,"comment_status":"open","ping_status":"closed","template":"","meta":[],"product_brand":[],"product_cat":[119,112,230,77,153,117],"product_tag":[],"class_list":{"0":"post-108644","1":"product","2":"type-product","3":"status-publish","4":"has-post-thumbnail","6":"product_cat-tpe-sex-doll","7":"product_cat-150cm-159cm-sex-dolls","8":"product_cat-36kg-40kg","9":"product_cat-bbw-sex-doll","10":"product_cat-pregnant-sexdoll","11":"product_cat-small-breast-sex-doll","12":"tm-has-options","14":"first","15":"instock","16":"sale","17":"shipping-taxable","18":"purchasable","19":"product-type-simple"},"_links":{"self":[{"href":"https:\/\/zxdoll.com\/pl\/wp-json\/wp\/v2\/product\/108644","targetHints":{"allow":["GET"]}}],"collection":[{"href":"https:\/\/zxdoll.com\/pl\/wp-json\/wp\/v2\/product"}],"about":[{"href":"https:\/\/zxdoll.com\/pl\/wp-json\/wp\/v2\/types\/product"}],"replies":[{"embeddable":true,"href":"https:\/\/zxdoll.com\/pl\/wp-json\/wp\/v2\/comments?post=108644"}],"version-history":[{"count":1,"href":"https:\/\/zxdoll.com\/pl\/wp-json\/wp\/v2\/product\/108644\/revisions"}],"predecessor-version":[{"id":108689,"href":"https:\/\/zxdoll.com\/pl\/wp-json\/wp\/v2\/product\/108644\/revisions\/108689"}],"wp:featuredmedia":[{"embeddable":true,"href":"https:\/\/zxdoll.com\/pl\/wp-json\/wp\/v2\/media\/108654"}],"wp:attachment":[{"href":"https:\/\/zxdoll.com\/pl\/wp-json\/wp\/v2\/media?parent=108644"}],"wp:term":[{"taxonomy":"product_brand","embeddable":true,"href":"https:\/\/zxdoll.com\/pl\/wp-json\/wp\/v2\/product_brand?post=108644"},{"taxonomy":"product_cat","embeddable":true,"href":"https:\/\/zxdoll.com\/pl\/wp-json\/wp\/v2\/product_cat?post=108644"},{"taxonomy":"product_tag","embeddable":true,"href":"https:\/\/zxdoll.com\/pl\/wp-json\/wp\/v2\/product_tag?post=108644"}],"curies":[{"name":"wp","href":"https:\/\/api.w.org\/{rel}","templated":true}]}}