{"id":8534,"date":"2022-12-07T07:19:14","date_gmt":"2022-12-07T07:19:14","guid":{"rendered":"https:\/\/hoxdoll.com\/?page_id=8534"},"modified":"2024-04-03T14:00:52","modified_gmt":"2024-04-03T06:00:52","slug":"terms-and-conditions","status":"publish","type":"page","link":"https:\/\/zxdoll.com\/pl\/terms-and-conditions\/","title":{"rendered":"Regulamin"},"content":{"rendered":"<div data-elementor-type=\"wp-page\" data-elementor-id=\"8534\" class=\"elementor elementor-8534\" data-elementor-post-type=\"page\">\n\t\t\t\t\t\t<section class=\"wd-negative-gap elementor-section elementor-top-section elementor-element elementor-element-6c754541 elementor-section-boxed elementor-section-height-default elementor-section-height-default\" data-id=\"6c754541\" data-element_type=\"section\" data-e-type=\"section\">\n\t\t\t\t\t\t<div class=\"elementor-container elementor-column-gap-default\">\n\t\t\t\t\t<div class=\"elementor-column elementor-col-100 elementor-top-column elementor-element elementor-element-7446fdb\" data-id=\"7446fdb\" data-element_type=\"column\" data-e-type=\"column\">\n\t\t\t<div class=\"elementor-widget-wrap elementor-element-populated\">\n\t\t\t\t\t\t<div class=\"elementor-element elementor-element-4d0f3a76 color-scheme-inherit text-left elementor-widget elementor-widget-text-editor\" data-id=\"4d0f3a76\" data-element_type=\"widget\" data-e-type=\"widget\" data-widget_type=\"text-editor.default\">\n\t\t\t\t<div class=\"elementor-widget-container\">\n\t\t\t\t\t\t\t\t\t\n<h2 class=\"wp-block-heading\">Przegl\u0105d<\/h2>\n\n<p>Poni\u017csze warunki reguluj\u0105 korzystanie z tej witryny. Korzystaj\u0105c z serwisu, akceptujesz w ca\u0142o\u015bci niniejszy regulamin. Je\u015bli przypadkowo nie zgadzasz si\u0119 na kt\u00f3rykolwiek z tych warunk\u00f3w lub jak\u0105kolwiek ich cz\u0119\u015b\u0107, nie mo\u017cesz korzysta\u0107 z tej witryny.<\/p>\n<p>Ta witryna korzysta z plik\u00f3w cookie, a korzystaj\u0105c z niej i zgadzaj\u0105c si\u0119 na nasze warunki, wyra\u017casz zgod\u0119 na u\u017cywanie plik\u00f3w cookie przez zxdoll.com zgodnie z polityk\u0105 prywatno\u015bci \/ plik\u00f3w cookie zxdoll.com.<\/p>\n<p>Musisz mie\u0107 na uwadze, \u017ce adres strony internetowej zxdoll.com mo\u017ce zawiera\u0107 tre\u015bci, kt\u00f3re niekt\u00f3rym u\u017cytkownikom mog\u0105 si\u0119 nie podoba\u0107 i jest przeznaczona wy\u0142\u0105cznie dla os\u00f3b pe\u0142noletnich. Mo\u017cesz korzysta\u0107 z witryny tylko wtedy, gdy masz uko\u0144czone 18 lat.<\/p>\n\t\t\t\t\t\t\t\t<\/div>\n\t\t\t\t<\/div>\n\t\t\t\t<div class=\"elementor-element elementor-element-f327b42 color-scheme-inherit text-left elementor-widget elementor-widget-text-editor\" data-id=\"f327b42\" data-element_type=\"widget\" data-e-type=\"widget\" data-widget_type=\"text-editor.default\">\n\t\t\t\t<div class=\"elementor-widget-container\">\n\t\t\t\t\t\t\t\t\t\n<h2 class=\"wp-block-heading\">Nie wolno Ci:<\/h2>\n\n\n\n<ul>\n<li>Redagowanie lub ponowne wykorzystywanie jakichkolwiek naszych materia\u0142\u00f3w (w tym powielanie ich na witryn\u0119 na\u015bladowcz\u0105).<\/li>\n<li>\nSprzedawaj, wypo\u017cyczaj lub piralizuj jakiekolwiek materia\u0142y z naszej strony internetowej.\n<\/li>\n<li>\nWy\u015bwietlaj publicznie jakiekolwiek materia\u0142y z naszej strony internetowej.\n<\/li>\n<li>\nReplikowa\u0107, kopiowa\u0107 lub powiela\u0107 ani w inny spos\u00f3b wykorzystywa\u0107 jakichkolwiek materia\u0142\u00f3w na tej stronie w celach komercyjnych.\n<\/li>\n<li>\nEdytuj lub w jakikolwiek spos\u00f3b zmieniaj cokolwiek na stronie.\n<\/li>\n<li>\nRecykling materia\u0142\u00f3w ze strony internetowej, chyba \u017ce ich tre\u015b\u0107 jest przeznaczona do redystrybucji\/udost\u0119pniana do redystrybucji.\n<\/li>\n<\/ul>\n\t\t\t\t\t\t\t\t<\/div>\n\t\t\t\t<\/div>\n\t\t\t\t<div class=\"elementor-element elementor-element-9f37b95 color-scheme-inherit text-left elementor-widget elementor-widget-text-editor\" data-id=\"9f37b95\" data-element_type=\"widget\" data-e-type=\"widget\" data-widget_type=\"text-editor.default\">\n\t\t\t\t<div class=\"elementor-widget-container\">\n\t\t\t\t\t\t\t\t\t\n<h2 class=\"wp-block-heading\">Tre\u015b\u0107 u\u017cytkownika:<\/h2>\n\n<ul>\n<li>W warunkach korzystania z us\u0142ugi \u201etre\u015b\u0107 nale\u017c\u0105ca do u\u017cytkownika\u201d oznacza szczeg\u00f3\u0142y (w tym mi\u0119dzy innymi tekst, obrazy, szczeg\u00f3\u0142y audio, szczeg\u00f3\u0142y wideo i informacje audiowizualne) przes\u0142ane do witryny internetowej w dowolnym momencie.<\/li>\n<li>Udzielasz zxdoll.com og\u00f3lno\u015bwiatowych, wyra\u017anych, nieodp\u0142atnych licencji na u\u017cywanie, powielanie, modyfikowanie, t\u0142umaczenie, a tak\u017ce dystrybucj\u0119 tre\u015bci nale\u017c\u0105cych do u\u017cytkownika w istniej\u0105cych lub przysz\u0142ych mediach.<\/li>\n<li>Udzielasz r\u00f3wnie\u017c zxdoll.com prawa do udzielania sublicencji na te prawa oraz prawa do podejmowania dzia\u0142a\u0144 w przypadku naruszenia dowolnego rodzaju tych praw.<\/li>\n<li>Twoje tre\u015bci u\u017cytkownika musz\u0105 mie\u015bci\u0107 si\u0119 w granicach prawa i nie mog\u0105 narusza\u0107 praw os\u00f3b trzecich. Nie mo\u017ce to r\u00f3wnie\u017c prowadzi\u0107 do walki prawnej przeciwko tobie, zxdoll.com lub stronie trzeciej zgodnie z obowi\u0105zuj\u0105cymi przepisami.<\/li>\n<li>Nie mo\u017cesz przesy\u0142a\u0107 do witryny \u017cadnych tre\u015bci, kt\u00f3re by\u0142y przedmiotem gr\u00f3\u017ab lub skarg prawnych.<\/li>\n<li>Zdoll.com zastrzega sobie prawo do edytowania lub usuwania wszelkich materia\u0142\u00f3w przes\u0142anych lub przechowywanych na naszych serwerach, hostowanych lub publikowanych na naszej stronie internetowej.<\/li>\n<li>Niezale\u017cnie od praw zxdoll.com wynikaj\u0105cych z warunk\u00f3w dotycz\u0105cych tre\u015bci u\u017cytkownik\u00f3w, nigdy nie zobowi\u0105zujemy si\u0119 do monitorowania przesy\u0142ania lub publikowania takich tre\u015bci na naszej stronie internetowej.<\/li>\n<\/ul>\n\t\t\t\t\t\t\t\t<\/div>\n\t\t\t\t<\/div>\n\t\t\t\t<div class=\"elementor-element elementor-element-9cc508b color-scheme-inherit text-left elementor-widget elementor-widget-text-editor\" data-id=\"9cc508b\" data-element_type=\"widget\" data-e-type=\"widget\" data-widget_type=\"text-editor.default\">\n\t\t\t\t<div class=\"elementor-widget-container\">\n\t\t\t\t\t\t\t\t\t\n<h2 class=\"wp-block-heading\">Inne imprezy:<\/h2>\n\n<p>Zgadzasz si\u0119, \u017ce jako podmiot z ograniczon\u0105 odpowiedzialno\u015bci\u0105, zxdoll.com ma interes w ograniczeniu osobistej odpowiedzialno\u015bci wszystkich swoich funkcjonariuszy i pracownik\u00f3w. Zgadzamy si\u0119, \u017ce nie b\u0119dziesz wnosi\u0107 osobi\u015bcie \u017cadnych roszcze\u0144 do naszych funkcjonariuszy lub pracownik\u00f3w dotycz\u0105cych jakichkolwiek strat, kt\u00f3re mo\u017cesz ponie\u015b\u0107 w zwi\u0105zku ze stron\u0105 internetow\u0105.<\/p>\n<p>Bez uszczerbku dla poprzedniego akapitu, zgadzasz si\u0119, \u017ce gwarancje i zobowi\u0105zania okre\u015blone w wy\u0142\u0105czeniu odpowiedzialno\u015bci tej witryny internetowej b\u0119d\u0105 chroni\u0107 funkcjonariuszy, pracownik\u00f3w, agent\u00f3w, sp\u00f3\u0142ki zale\u017cne, cesjonariuszy, nast\u0119pc\u00f3w prawnych, podwykonawc\u00f3w i sam\u0105 zxdoll.com.<\/p>\n\t\t\t\t\t\t\t\t<\/div>\n\t\t\t\t<\/div>\n\t\t\t\t<div class=\"elementor-element elementor-element-1357fd3 color-scheme-inherit text-left elementor-widget elementor-widget-text-editor\" data-id=\"1357fd3\" data-element_type=\"widget\" data-e-type=\"widget\" data-widget_type=\"text-editor.default\">\n\t\t\t\t<div class=\"elementor-widget-container\">\n\t\t\t\t\t\t\t\t\t\n<h2 class=\"wp-block-heading\">Naruszenia niniejszych warunk\u00f3w:<\/h2>\n\n<p>Bez predysponowania do innych praw zxdoll.com wynikaj\u0105cych z regulaminu, je\u015bli w jakikolwiek spos\u00f3b dojdzie do naruszenia z Twojej strony, zxdoll.com mo\u017ce podj\u0105\u0107 wszelkie dzia\u0142ania, kt\u00f3re uzna za stosowne, aby zaradzi\u0107 naruszeniu, w tym:<\/p>\n<p>albo zawiesi\u0107 Tw\u00f3j dost\u0119p do strony internetowej, albo uniemo\u017cliwi\u0107 Ci wej\u015bcie, zablokowa\u0107 komputerom znaj\u0105cym Tw\u00f3j adres IP wej\u015bcie na stron\u0119 internetow\u0105, zwr\u00f3ci\u0107 si\u0119 do swojego us\u0142ugodawcy o zablokowanie dost\u0119pu do strony internetowej lub wszcz\u0105\u0107 przeciwko Tobie post\u0119powanie s\u0105dowe.<\/p>\n\t\t\t\t\t\t\t\t<\/div>\n\t\t\t\t<\/div>\n\t\t\t\t<div class=\"elementor-element elementor-element-1a84d8e color-scheme-inherit text-left elementor-widget elementor-widget-text-editor\" data-id=\"1a84d8e\" data-element_type=\"widget\" data-e-type=\"widget\" data-widget_type=\"text-editor.default\">\n\t\t\t\t<div class=\"elementor-widget-container\">\n\t\t\t\t\t\t\t\t\t\n<h2 class=\"wp-block-heading\">Zadanie:<\/h2>\n\n<p>zxdoll.com zachowuje prawa do przeniesienia, podnajmu lub innego post\u0119powania z prawami i\/lub obowi\u0105zkami zxdoll.com zgodnie z warunkami warunku, bez konieczno\u015bci powiadamiania Ci\u0119 lub proszenia o zgod\u0119.<\/p>\n<p>Nie mo\u017cesz przenosi\u0107, podnajmowa\u0107 ani w inny spos\u00f3b zajmowa\u0107 si\u0119 prawami i\/lub obowi\u0105zkami zxdoll na mocy niniejszych warunk\u00f3w.<\/p>\n\t\t\t\t\t\t\t\t<\/div>\n\t\t\t\t<\/div>\n\t\t\t\t<div class=\"elementor-element elementor-element-6ce1024 color-scheme-inherit text-left elementor-widget elementor-widget-text-editor\" data-id=\"6ce1024\" data-element_type=\"widget\" data-e-type=\"widget\" data-widget_type=\"text-editor.default\">\n\t\t\t\t<div class=\"elementor-widget-container\">\n\t\t\t\t\t\t\t\t\t\n<h2 class=\"wp-block-heading\">Ca\u0142o\u015b\u0107 porozumienia:<\/h2>\n\n<p>Niniejsze warunki wraz z Polityk\u0105 Prywatno\u015bci zxdoll stanowi\u0105 ca\u0142o\u015b\u0107 umowy mi\u0119dzy Tob\u0105 a zxdoll.com w odniesieniu do korzystania przez Ciebie z tej witryny i nak\u0142adaj\u0105 si\u0119 na wszystkie poprzednie umowy dotycz\u0105ce korzystania z witryny.<\/p>\n\t\t\t\t\t\t\t\t<\/div>\n\t\t\t\t<\/div>\n\t\t\t\t<div class=\"elementor-element elementor-element-5a0ea1b color-scheme-inherit text-left elementor-widget elementor-widget-text-editor\" data-id=\"5a0ea1b\" data-element_type=\"widget\" data-e-type=\"widget\" data-widget_type=\"text-editor.default\">\n\t\t\t\t<div class=\"elementor-widget-container\">\n\t\t\t\t\t\t\t\t\t\n<h2 class=\"wp-block-heading\">Licencja na korzystanie z serwisu:<\/h2>\n\n<p>O ile nie okre\u015blono inaczej, www.zxdoll.com i jej licencjodawcy s\u0105 w\u0142a\u015bcicielami materia\u0142\u00f3w i ca\u0142o\u015bci praw w\u0142asno\u015bci intelektualnej na stronie. Z zastrze\u017ceniem licencji, wszystkie te prawa w\u0142asno\u015bci intelektualnej s\u0105 w posiadaniu.<\/p>\n<p>Mo\u017cesz pobiera\u0107 i wy\u015bwietla\u0107 w celu buforowania (tylko!), drukowa\u0107 strony, instrukcje obs\u0142ugi i inne informacje o produktach do u\u017cytku osobistego, je\u015bli podlegasz ograniczeniom okre\u015blonym poni\u017cej w niniejszych warunkach.<\/p>\n\t\t\t\t\t\t\t\t<\/div>\n\t\t\t\t<\/div>\n\t\t\t\t<div class=\"elementor-element elementor-element-58dcb3e color-scheme-inherit text-left elementor-widget elementor-widget-text-editor\" data-id=\"58dcb3e\" data-element_type=\"widget\" data-e-type=\"widget\" data-widget_type=\"text-editor.default\">\n\t\t\t\t<div class=\"elementor-widget-container\">\n\t\t\t\t\t\t\t\t\t\n<h2 class=\"wp-block-heading\">Dopuszczalne u\u017cycie:<\/h2>\n<ul>\n<li>Nie wolno korzysta\u0107 ze strony internetowej w spos\u00f3b, kt\u00f3ry powoduje lub mo\u017ce spowodowa\u0107 uszkodzenie strony internetowej lub ograniczenie dost\u0119pno\u015bci lub dost\u0119pno\u015bci strony internetowej lub w jakikolwiek spos\u00f3b, kt\u00f3ry jest lub jest w zwi\u0105zku z niezgodnymi z prawem, nielegalnymi, oszuka\u0144czymi lub szkodliwych cel\u00f3w lub dzia\u0142a\u0144<\/li>\n<li>Nie wolno u\u017cywa\u0107 witryny do powielania, przechowywania, hostowania, wysy\u0142ania, wykorzystywania, otrzymywania, publikowania lub rozpowszechniania danych, kt\u00f3re zawieraj\u0105 oprogramowanie szpiegowskie, wirusy komputerowe, konie troja\u0144skie, robaki, programy typu rootkit, rejestratory naci\u015bni\u0119\u0107 klawiszy lub inne z\u0142o\u015bliwe oprogramowanie komputerowe (lub s\u0105 z nimi powi\u0105zane) oprogramowanie.<\/li>\n<li>Nie wolno Ci prowadzi\u0107 systematycznego lub zautomatyzowanego gromadzenia danych (w tym mi\u0119dzy innymi skrobania, eksploracji, ekstrakcji i zbierania danych) w odniesieniu do tej witryny bez naszej wyra\u017anej, pisemnej zgody.<\/li>\n<li>Nie wolno wykorzystywa\u0107 tej witryny do przesy\u0142ania lub wysy\u0142ania niezam\u00f3wionych rozm\u00f3w handlowych.<\/li>\n<li>Nie wolno u\u017cywa\u0107 tej witryny do cel\u00f3w zwi\u0105zanych z marketingiem bez absolutnej pisemnej zgody zxdoll.com.<\/li>\n<\/ul>\n\t\t\t\t\t\t\t\t<\/div>\n\t\t\t\t<\/div>\n\t\t\t\t<div class=\"elementor-element elementor-element-d382a76 color-scheme-inherit text-left elementor-widget elementor-widget-text-editor\" data-id=\"d382a76\" data-element_type=\"widget\" data-e-type=\"widget\" data-widget_type=\"text-editor.default\">\n\t\t\t\t<div class=\"elementor-widget-container\">\n\t\t\t\t\t\t\t\t\t\n<h2 class=\"wp-block-heading\">Granice odpowiedzialnosci:<\/h2>\n\n<p>Zxdoll nie ponosi wobec ciebie odpowiedzialno\u015bci (na mocy prawa deliktowego, prawa o kontaktach lub w inny spos\u00f3b) w zwi\u0105zku z tre\u015bci\u0105 lub w inny spos\u00f3b w zwi\u0105zku z t\u0105 witryn\u0105, zw\u0142aszcza \u017ce witryna jest udost\u0119pniana bezp\u0142atnie za jakiekolwiek bezpo\u015brednie straty.<\/p>\n<p>Za wszelkie po\u015brednie, specjalne lub istotne straty lub za jakiekolwiek straty biznesowe, straty w dochodach, dochodach, zyskach lub przewidywanych oszcz\u0119dno\u015bciach, utrat\u0119 kontrakt\u00f3w lub relacji biznesowych, nadszarpni\u0119cie reputacji lub dobrej firmy, utrat\u0119 lub uszkodzenie informacji lub danych.<\/p>\n<p>Te ograniczenia maj\u0105 zastosowanie do odpowiedzialno\u015bci, nawet je\u015bli zxdoll.com zosta\u0142 wyra\u017anie i uczciwie poinformowany o potencjalnej stracie.<\/p>\n\t\t\t\t\t\t\t\t<\/div>\n\t\t\t\t<\/div>\n\t\t\t\t<div class=\"elementor-element elementor-element-092f8a7 color-scheme-inherit text-left elementor-widget elementor-widget-text-editor\" data-id=\"092f8a7\" data-element_type=\"widget\" data-e-type=\"widget\" data-widget_type=\"text-editor.default\">\n\t\t\t\t<div class=\"elementor-widget-container\">\n\t\t\t\t\t\t\t\t\t\n<h2 class=\"wp-block-heading\">rozs\u0105dek:<\/h2>\n\n\n\n<p>Korzystaj\u0105c z tej witryny, zgadzasz si\u0119, \u017ce wy\u0142\u0105czenia i ograniczenia odpowiedzialno\u015bci okre\u015blone w wy\u0142\u0105czeniu odpowiedzialno\u015bci witryny s\u0105 uzasadnione.<\/p>\n<p>Je\u015bli si\u0119 z tym nie zgadzasz, nie mo\u017cesz korzysta\u0107 z tej witryny. <\/p>\n\t\t\t\t\t\t\t\t<\/div>\n\t\t\t\t<\/div>\n\t\t\t\t<div class=\"elementor-element elementor-element-9900a6d color-scheme-inherit text-left elementor-widget elementor-widget-text-editor\" data-id=\"9900a6d\" data-element_type=\"widget\" data-e-type=\"widget\" data-widget_type=\"text-editor.default\">\n\t\t\t\t<div class=\"elementor-widget-container\">\n\t\t\t\t\t\t\t\t\t\n<h2 class=\"wp-block-heading\">Postanowienia niewykonalne:<\/h2>\n\n\n\n<p>Je\u015bli jakiekolwiek postanowienia wy\u0142\u0105czenia odpowiedzialno\u015bci witryny oka\u017c\u0105 si\u0119 niewykonalne w \u015bwietle obowi\u0105zuj\u0105cych przepis\u00f3w, pozosta\u0142e postanowienia wy\u0142\u0105czenia odpowiedzialno\u015bci witryny b\u0119d\u0105 obowi\u0105zywa\u0107, poniewa\u017c nie b\u0119d\u0105 mia\u0142y na nie wp\u0142ywu.<\/p>\n\t\t\t\t\t\t\t\t<\/div>\n\t\t\t\t<\/div>\n\t\t\t\t<div class=\"elementor-element elementor-element-81b2ecb color-scheme-inherit text-left elementor-widget elementor-widget-text-editor\" data-id=\"81b2ecb\" data-element_type=\"widget\" data-e-type=\"widget\" data-widget_type=\"text-editor.default\">\n\t\t\t\t<div class=\"elementor-widget-container\">\n\t\t\t\t\t\t\t\t\t\n<h2 class=\"wp-block-heading\">Odszkodowanie:<\/h2>\n\n<p>Id\u0105c dalej, zwalniasz zxdoll.com i zobowi\u0105zujesz si\u0119 chroni\u0107 zxdoll.com przed wszelkimi stratami, szkodami, kosztami, odpowiedzialno\u015bci\u0105 i wydatkami (bez ogranicze\u0144 wydatk\u00f3w prawnych lub kwot wyp\u0142aconych przez zxdoll.com stronie trzeciej w celu rozstrzygni\u0119cia roszcze\u0144 lub spor\u00f3w za rad\u0105 radc\u00f3w prawnych zxdoll.com) nabytych lub poniesionych przez zxdoll.com z powodu jakiegokolwiek b\u0142\u0119dnego dzia\u0142ania z Twojej strony w niniejszych warunkach lub powsta\u0142ych w wyniku jakichkolwiek roszcze\u0144 dotycz\u0105cych naruszenia kt\u00f3regokolwiek z tych warunk\u00f3w.<\/p>\n\t\t\t\t\t\t\t\t<\/div>\n\t\t\t\t<\/div>\n\t\t\t\t<div class=\"elementor-element elementor-element-2c7d2f2 color-scheme-inherit text-left elementor-widget elementor-widget-text-editor\" data-id=\"2c7d2f2\" data-element_type=\"widget\" data-e-type=\"widget\" data-widget_type=\"text-editor.default\">\n\t\t\t\t<div class=\"elementor-widget-container\">\n\t\t\t\t\t\t\t\t\t\n<h2 class=\"wp-block-heading\">Zmiana:<\/h2>\n\n<p>Zxdoll.com mo\u017ce od czasu do czasu zmienia\u0107 te warunki. Zmienione warunki zaczn\u0105 obowi\u0105zywa\u0107 od daty publikacji zmienionych warunk\u00f3w na tej stronie. Prosimy o regularne sprawdzanie strony, aby upewni\u0107 si\u0119, \u017ce zawsze znasz aktualne wersje.<\/p>\n\t\t\t\t\t\t\t\t<\/div>\n\t\t\t\t<\/div>\n\t\t\t\t<div class=\"elementor-element elementor-element-e355b0c color-scheme-inherit text-left elementor-widget elementor-widget-text-editor\" data-id=\"e355b0c\" data-element_type=\"widget\" data-e-type=\"widget\" data-widget_type=\"text-editor.default\">\n\t\t\t\t<div class=\"elementor-widget-container\">\n\t\t\t\t\t\t\t\t\t\n<h2 class=\"wp-block-heading\">Rozdzielno\u015b\u0107:<\/h2>\n\n\n\n<p>Je\u017celi dostarczenie niniejszych warunk\u00f3w zostanie uznane przez s\u0105d lub organ \u015bcigania za niezgodne z prawem lub niewykonalne, pozosta\u0142e kodycyle b\u0119d\u0105 nadal obowi\u0105zywa\u0107. Je\u015bli jakakolwiek jego cz\u0119\u015b\u0107 zosta\u0142aby uznana za niefunkcjonaln\u0105 lub niezgodn\u0105 z prawem, ta cz\u0119\u015b\u0107 zosta\u0142aby uznana za usuni\u0119t\u0105, ale pozosta\u0142a cz\u0119\u015b\u0107 postanowienia nadal b\u0119dzie obowi\u0105zywa\u0107.<\/p>\n\t\t\t\t\t\t\t\t<\/div>\n\t\t\t\t<\/div>\n\t\t\t\t<div class=\"elementor-element elementor-element-800a0e3 color-scheme-inherit text-left elementor-widget elementor-widget-text-editor\" data-id=\"800a0e3\" data-element_type=\"widget\" data-e-type=\"widget\" data-widget_type=\"text-editor.default\">\n\t\t\t\t<div class=\"elementor-widget-container\">\n\t\t\t\t\t\t\t\t\t\n<h2 class=\"wp-block-heading\">Prawo i jurysdykcja:<\/h2>\n\n\n\n<p>Niniejsze Warunki \u015bwiadczenia us\u0142ug i wszelkie inne umowy, kt\u00f3re ci zapewniamy, b\u0119d\u0105 podlega\u0107 prawu Wielkiej Brytanii i b\u0119d\u0105 wykonywane zgodnie z nim, a wszelkie spory dotycz\u0105ce tych warunk\u00f3w b\u0119d\u0105 teraz podlega\u0107 odr\u0119bnej jurysdykcji s\u0105d\u00f3w lokalnych.<\/p>\n\t\t\t\t\t\t\t\t<\/div>\n\t\t\t\t<\/div>\n\t\t\t\t\t<\/div>\n\t\t<\/div>\n\t\t\t\t\t<\/div>\n\t\t<\/section>\n\t\t\t\t<\/div>","protected":false},"excerpt":{"rendered":"<p>Przegl\u0105d Poni\u017csze warunki reguluj\u0105 korzystanie z tej witryny. Korzystaj\u0105c z witryny, ty<\/p>","protected":false},"author":4,"featured_media":0,"parent":0,"menu_order":0,"comment_status":"closed","ping_status":"closed","template":"","meta":{"footnotes":""},"class_list":["post-8534","page","type-page","status-publish","hentry"],"_links":{"self":[{"href":"https:\/\/zxdoll.com\/pl\/wp-json\/wp\/v2\/pages\/8534","targetHints":{"allow":["GET"]}}],"collection":[{"href":"https:\/\/zxdoll.com\/pl\/wp-json\/wp\/v2\/pages"}],"about":[{"href":"https:\/\/zxdoll.com\/pl\/wp-json\/wp\/v2\/types\/page"}],"author":[{"embeddable":true,"href":"https:\/\/zxdoll.com\/pl\/wp-json\/wp\/v2\/users\/4"}],"replies":[{"embeddable":true,"href":"https:\/\/zxdoll.com\/pl\/wp-json\/wp\/v2\/comments?post=8534"}],"version-history":[{"count":1,"href":"https:\/\/zxdoll.com\/pl\/wp-json\/wp\/v2\/pages\/8534\/revisions"}],"predecessor-version":[{"id":155674,"href":"https:\/\/zxdoll.com\/pl\/wp-json\/wp\/v2\/pages\/8534\/revisions\/155674"}],"wp:attachment":[{"href":"https:\/\/zxdoll.com\/pl\/wp-json\/wp\/v2\/media?parent=8534"}],"curies":[{"name":"wp","href":"https:\/\/api.w.org\/{rel}","templated":true}]}}