{"id":12,"date":"2022-12-08T13:39:14","date_gmt":"2022-12-08T13:39:14","guid":{"rendered":"https:\/\/hoxdoll.com\/?page_id=12"},"modified":"2024-04-03T13:55:38","modified_gmt":"2024-04-03T05:55:38","slug":"payment-guide","status":"publish","type":"page","link":"https:\/\/zxdoll.com\/pl\/payment-guide\/","title":{"rendered":"Przewodnik po p\u0142atno\u015bciach"},"content":{"rendered":"<div data-elementor-type=\"wp-page\" data-elementor-id=\"12\" class=\"elementor elementor-12\" data-elementor-post-type=\"page\">\n\t\t\t\t\t\t<section class=\"wd-negative-gap elementor-section elementor-top-section elementor-element elementor-element-5d010537 elementor-section-boxed elementor-section-height-default elementor-section-height-default\" data-id=\"5d010537\" data-element_type=\"section\" data-e-type=\"section\">\n\t\t\t\t\t\t<div class=\"elementor-container elementor-column-gap-default\">\n\t\t\t\t\t<div class=\"elementor-column elementor-col-100 elementor-top-column elementor-element elementor-element-26fff623\" data-id=\"26fff623\" data-element_type=\"column\" data-e-type=\"column\">\n\t\t\t<div class=\"elementor-widget-wrap elementor-element-populated\">\n\t\t\t\t\t\t<div class=\"elementor-element elementor-element-4b8f7ed1 color-scheme-inherit text-left elementor-widget elementor-widget-text-editor\" data-id=\"4b8f7ed1\" data-element_type=\"widget\" data-e-type=\"widget\" data-widget_type=\"text-editor.default\">\n\t\t\t\t<div class=\"elementor-widget-container\">\n\t\t\t\t\t\t\t\t\t\n<h3>Dokonywanie zakup\u00f3w w sklepie zx doll jest bezpieczne, szybkie i wygodne. Metody p\u0142atno\u015bci s\u0105 wymienione poni\u017cej:<\/h3>\n\n<p>\u00a0<\/p>\t\t\t\t\t\t\t\t<\/div>\n\t\t\t\t<\/div>\n\t\t\t\t<div class=\"elementor-element elementor-element-2383ab1 wd-width-100 elementor-widget elementor-widget-wd_title\" data-id=\"2383ab1\" data-element_type=\"widget\" data-e-type=\"widget\" data-widget_type=\"wd_title.default\">\n\t\t\t\t<div class=\"elementor-widget-container\">\n\t\t\t\t\t\t\t<div class=\"title-wrapper wd-set-mb reset-last-child wd-title-color-primary wd-title-style-underlined wd-title-size-custom text-left\">\n\n\t\t\t\n\t\t\t<div class=\"liner-continer\">\n\t\t\t\t<h4 class=\"woodmart-title-container title\">1. PayPal<\/h4> \n\t\t\t\t\t\t\t<\/div>\n\n\t\t\t\t\t<\/div>\n\t\t\t\t\t\t<\/div>\n\t\t\t\t<\/div>\n\t\t\t\t<div class=\"elementor-element elementor-element-05a5752 elementor-widget elementor-widget-wd_text_block\" data-id=\"05a5752\" data-element_type=\"widget\" data-e-type=\"widget\" data-widget_type=\"wd_text_block.default\">\n\t\t\t\t<div class=\"elementor-widget-container\">\n\t\t\t\t\t\t\t<div class=\"wd-text-block reset-last-child text-left\">\n\t\t\t\n\t\t\t<p>Mo\u017cesz dokonywa\u0107 p\u0142atno\u015bci przez PayPal; przez PayPal mo\u017cesz p\u0142aci\u0107 kart\u0105 debetow\u0105\/kredytow\u0105 nawet bez otwierania konta na platformie.<\/p>\n<p>Pami\u0119taj, \u017ce je\u015bli p\u0142atno\u015b\u0107 si\u0119 nie powiedzie, mo\u017cesz zamiast tego dokona\u0107 przelewu na nasze konto PayPal. Aby to zadzia\u0142a\u0142o, musisz zanotowa\u0107 numer swojego zam\u00f3wienia, poniewa\u017c wra\u017cliwe s\u0142owa dotycz\u0105ce lalek erotycznych nie mog\u0105 si\u0119 pojawi\u0107.<\/p>\n<p>Jest bezpieczny i jeste\u015b chroniony przez polityk\u0119 ochrony kupuj\u0105cych stosowan\u0105 przez PayPal.<\/p>\n\t\t\t\t\t<\/div>\n\t\t\t\t\t\t<\/div>\n\t\t\t\t<\/div>\n\t\t\t\t<div class=\"elementor-element elementor-element-284b90e wd-width-100 elementor-widget elementor-widget-wd_title\" data-id=\"284b90e\" data-element_type=\"widget\" data-e-type=\"widget\" data-widget_type=\"wd_title.default\">\n\t\t\t\t<div class=\"elementor-widget-container\">\n\t\t\t\t\t\t\t<div class=\"title-wrapper wd-set-mb reset-last-child wd-title-color-primary wd-title-style-underlined wd-title-size-custom text-left\">\n\n\t\t\t\n\t\t\t<div class=\"liner-continer\">\n\t\t\t\t<h4 class=\"woodmart-title-container title\">2. Karta kredytowa<\/h4> \n\t\t\t\t\t\t\t<\/div>\n\n\t\t\t\t\t<\/div>\n\t\t\t\t\t\t<\/div>\n\t\t\t\t<\/div>\n\t\t\t\t<div class=\"elementor-element elementor-element-50a1f1a elementor-widget elementor-widget-wd_text_block\" data-id=\"50a1f1a\" data-element_type=\"widget\" data-e-type=\"widget\" data-widget_type=\"wd_text_block.default\">\n\t\t\t\t<div class=\"elementor-widget-container\">\n\t\t\t\t\t\t\t<div class=\"wd-text-block reset-last-child text-left\">\n\t\t\t\n\t\t\t<p>Akceptujemy p\u0142atno\u015bci za pomoc\u0105 niekt\u00f3rych g\u0142\u00f3wnych kart kredytowych: MasterCard, Visa, American Express, Verve itp. Korzystamy z najbardziej zaawansowanych protoko\u0142\u00f3w bezpiecze\u0144stwa SSL do szyfrowania, wi\u0119c mo\u017cesz mie\u0107 pewno\u015b\u0107, \u017ce Twoja p\u0142atno\u015b\u0107 jest bezpieczna.<\/p>\n<h5>Wskaz\u00f3wki, kt\u00f3re mog\u0105 wspom\u00f3c Tw\u00f3j proces:<\/h5>\n<p>Je\u015bli p\u0142atno\u015b\u0107 si\u0119 nie powiedzie, nasz dzia\u0142 obs\u0142ugi klienta skontaktuje si\u0119 z Tob\u0105 i znajdzie mo\u017cliwe rozwi\u0105zanie, aby\u015b m\u00f3g\u0142 spr\u00f3bowa\u0107 ponownie. <br \/>LUB <br \/>Mo\u017cesz wybra\u0107 PayPal, aby doko\u0144czy\u0107 p\u0142atno\u015b\u0107. Ta metoda jest bardzo wygodna i ma wska\u017anik sukcesu 100%.<\/p>\n\t\t\t\t\t<\/div>\n\t\t\t\t\t\t<\/div>\n\t\t\t\t<\/div>\n\t\t\t\t<div class=\"elementor-element elementor-element-901f0a3 wd-width-100 elementor-widget elementor-widget-wd_title\" data-id=\"901f0a3\" data-element_type=\"widget\" data-e-type=\"widget\" data-widget_type=\"wd_title.default\">\n\t\t\t\t<div class=\"elementor-widget-container\">\n\t\t\t\t\t\t\t<div class=\"title-wrapper wd-set-mb reset-last-child wd-title-color-primary wd-title-style-underlined wd-title-size-custom text-left\">\n\n\t\t\t\n\t\t\t<div class=\"liner-continer\">\n\t\t\t\t<h4 class=\"woodmart-title-container title\">3. Przelew bankowy w euro.<\/h4> \n\t\t\t\t\t\t\t<\/div>\n\n\t\t\t\t\t<\/div>\n\t\t\t\t\t\t<\/div>\n\t\t\t\t<\/div>\n\t\t\t\t<div class=\"elementor-element elementor-element-0734c77 elementor-widget elementor-widget-wd_text_block\" data-id=\"0734c77\" data-element_type=\"widget\" data-e-type=\"widget\" data-widget_type=\"wd_text_block.default\">\n\t\t\t\t<div class=\"elementor-widget-container\">\n\t\t\t\t\t\t\t<div class=\"wd-text-block reset-last-child text-left\">\n\t\t\t\n\t\t\t<p>Po z\u0142o\u017ceniu zam\u00f3wienia nasz system prze\u015ble Ci dane bankowe szczeg\u00f3\u0142y zam\u00f3wienia e-mailem.<\/p>\n\t\t\t\t\t<\/div>\n\t\t\t\t\t\t<\/div>\n\t\t\t\t<\/div>\n\t\t\t\t<div class=\"elementor-element elementor-element-c84a550 wd-width-100 elementor-widget elementor-widget-wd_title\" data-id=\"c84a550\" data-element_type=\"widget\" data-e-type=\"widget\" data-widget_type=\"wd_title.default\">\n\t\t\t\t<div class=\"elementor-widget-container\">\n\t\t\t\t\t\t\t<div class=\"title-wrapper wd-set-mb reset-last-child wd-title-color-primary wd-title-style-underlined wd-title-size-custom text-left\">\n\n\t\t\t\n\t\t\t<div class=\"liner-continer\">\n\t\t\t\t<h4 class=\"woodmart-title-container title\">Co zrobi\u0107, je\u015bli p\u0142atno\u015b\u0107 si\u0119 nie powiedzie?<\/h4> \n\t\t\t\t\t\t\t<\/div>\n\n\t\t\t\t\t<\/div>\n\t\t\t\t\t\t<\/div>\n\t\t\t\t<\/div>\n\t\t\t\t<div class=\"elementor-element elementor-element-41d0db2 elementor-widget elementor-widget-wd_text_block\" data-id=\"41d0db2\" data-element_type=\"widget\" data-e-type=\"widget\" data-widget_type=\"wd_text_block.default\">\n\t\t\t\t<div class=\"elementor-widget-container\">\n\t\t\t\t\t\t\t<div class=\"wd-text-block reset-last-child text-left\">\n\t\t\t\n\t\t\t<p>Skontaktuj si\u0119 ze swoim bankiem w celu uzyskania informacji i spr\u00f3buj ponownie lub skorzystaj z naszego systemu p\u0142atno\u015bci PayPal.<\/p>\n\t\t\t\t\t<\/div>\n\t\t\t\t\t\t<\/div>\n\t\t\t\t<\/div>\n\t\t\t\t<div class=\"elementor-element elementor-element-5bcaa8d wd-width-100 elementor-widget elementor-widget-wd_title\" data-id=\"5bcaa8d\" data-element_type=\"widget\" data-e-type=\"widget\" data-widget_type=\"wd_title.default\">\n\t\t\t\t<div class=\"elementor-widget-container\">\n\t\t\t\t\t\t\t<div class=\"title-wrapper wd-set-mb reset-last-child wd-title-color-primary wd-title-style-underlined wd-title-size-custom text-left\">\n\n\t\t\t\n\t\t\t<div class=\"liner-continer\">\n\t\t\t\t<h4 class=\"woodmart-title-container title\">Internet Explorer nie jest obs\u0142ugiwany.<\/h4> \n\t\t\t\t\t\t\t<\/div>\n\n\t\t\t\t\t\t\t<div class=\"title-after_title reset-last-child\">\n\t\t\t\t\tNale\u017cy pami\u0119ta\u0107, \u017ce w tej chwili nasz system nie dzia\u0142a dobrze z przegl\u0105dark\u0105 Internet Explorer. Je\u015bli z niego korzystasz, witryna mo\u017ce si\u0119 nie \u0142adowa\u0107. Firefox i Google Chrome to najlepszy wyb\u00f3r do korzystania z serwisu. Je\u015bli wyst\u0105pi ten sam problem, zapoznaj si\u0119 z poni\u017cszymi szczeg\u00f3\u0142ami.\t\t\t\t<\/div>\n\t\t\t\t\t<\/div>\n\t\t\t\t\t\t<\/div>\n\t\t\t\t<\/div>\n\t\t\t\t<div class=\"elementor-element elementor-element-696735a wd-width-100 elementor-widget elementor-widget-wd_title\" data-id=\"696735a\" data-element_type=\"widget\" data-e-type=\"widget\" data-widget_type=\"wd_title.default\">\n\t\t\t\t<div class=\"elementor-widget-container\">\n\t\t\t\t\t\t\t<div class=\"title-wrapper wd-set-mb reset-last-child wd-title-color-primary wd-title-style-underlined wd-title-size-custom text-left\">\n\n\t\t\t\n\t\t\t<div class=\"liner-continer\">\n\t\t\t\t<h4 class=\"woodmart-title-container title\">PayPal blokuje zakup.<\/h4> \n\t\t\t\t\t\t\t<\/div>\n\n\t\t\t\t\t<\/div>\n\t\t\t\t\t\t<\/div>\n\t\t\t\t<\/div>\n\t\t\t\t\t<\/div>\n\t\t<\/div>\n\t\t\t\t\t<\/div>\n\t\t<\/section>\n\t\t\t\t<section class=\"wd-negative-gap elementor-section elementor-top-section elementor-element elementor-element-efd7b2e elementor-section-boxed elementor-section-height-default elementor-section-height-default\" data-id=\"efd7b2e\" data-element_type=\"section\" data-e-type=\"section\">\n\t\t\t\t\t\t<div class=\"elementor-container elementor-column-gap-default\">\n\t\t\t\t\t<div class=\"elementor-column elementor-col-100 elementor-top-column elementor-element elementor-element-5484bf5\" data-id=\"5484bf5\" data-element_type=\"column\" data-e-type=\"column\">\n\t\t\t<div class=\"elementor-widget-wrap elementor-element-populated\">\n\t\t\t\t\t\t<div class=\"elementor-element elementor-element-0ba4f96 elementor-widget elementor-widget-wd_text_block\" data-id=\"0ba4f96\" data-element_type=\"widget\" data-e-type=\"widget\" data-widget_type=\"wd_text_block.default\">\n\t\t\t\t<div class=\"elementor-widget-container\">\n\t\t\t\t\t\t\t<div class=\"wd-text-block reset-last-child text-left\">\n\t\t\t\n\t\t\tTwoja karta kredytowa lub karta debetowa jest niewa\u017cna. Przyk\u0142ady <p>w tym scenariuszu s\u0105 to karty niewa\u017cne, karty przeterminowane, karty wy\u0142\u0105czone lub karty prze\u0142adowane. <\/p>\n<p>\nTwoja karta kredytowa lub karta debetowa nie jest autoryzowana do transakcji mi\u0119dzynarodowych. Upewnij si\u0119, \u017ce Twoje karty umo\u017cliwiaj\u0105 kupowanie przedmiot\u00f3w od zagranicznych sprzedawc\u00f3w.<\/p>\n<p>Je\u015bli otrzymujesz b\u0142\u0105d paragonu z PayPal, oznacza to, \u017ce wyst\u0105pi\u0142 b\u0142\u0105d w Twoim \u017ar\u00f3dle finansowania. Skontaktuj si\u0119 z obs\u0142ug\u0105 PayPal.com, aby uzyska\u0107 wi\u0119cej informacji.<\/p>\n\n\t\t\t\t\t<\/div>\n\t\t\t\t\t\t<\/div>\n\t\t\t\t<\/div>\n\t\t\t\t<div class=\"elementor-element elementor-element-feac807 wd-width-100 elementor-widget elementor-widget-wd_title\" data-id=\"feac807\" data-element_type=\"widget\" data-e-type=\"widget\" data-widget_type=\"wd_title.default\">\n\t\t\t\t<div class=\"elementor-widget-container\">\n\t\t\t\t\t\t\t<div class=\"title-wrapper wd-set-mb reset-last-child wd-title-color-primary wd-title-style-underlined wd-title-size-custom text-left\">\n\n\t\t\t\n\t\t\t<div class=\"liner-continer\">\n\t\t\t\t<h4 class=\"woodmart-title-container title\">Sprawd\u017a swoj\u0105 kart\u0119.<\/h4> \n\t\t\t\t\t\t\t<\/div>\n\n\t\t\t\t\t<\/div>\n\t\t\t\t\t\t<\/div>\n\t\t\t\t<\/div>\n\t\t\t\t<div class=\"elementor-element elementor-element-8ebe305 elementor-widget elementor-widget-wd_text_block\" data-id=\"8ebe305\" data-element_type=\"widget\" data-e-type=\"widget\" data-widget_type=\"wd_text_block.default\">\n\t\t\t\t<div class=\"elementor-widget-container\">\n\t\t\t\t\t\t\t<div class=\"wd-text-block reset-last-child text-left\">\n\t\t\t\n\t\t\t<p><strong>Nie honorowa\u0107:<\/strong> Bank nie wyra\u017ca zgody na transakcj\u0119. Zadzwo\u0144 do swojego banku, je\u015bli p\u0142atno\u015b\u0107 si\u0119 nie powiedzie i wyja\u015bnij, dlaczego p\u0142atno\u015b\u0107 zosta\u0142a odrzucona i za\u017c\u0105daj jej zwolnienia. Nast\u0119pnie powiadom nas, a my ponownie prze\u015blemy obci\u0105\u017cenie do zatwierdzenia.<\/p>\n<p><strong>Wysokie ryzyko:<\/strong> Bank wymaga dalszych potwierdze\u0144, aby unikn\u0105\u0107 ryzyka. Zr\u00f3b zdj\u0119cie swojej karty i wy\u015blij do nas e-mail, a nast\u0119pnie przeka\u017cemy j\u0105 do banku w celu weryfikacji i pr\u00f3by obci\u0105\u017cenia us\u0142ugi. Mo\u017cesz zablokowa\u0107 numer w \u015brodku, ale upewnij si\u0119, \u017ce widoczne s\u0105 cztery ostatnie cyfry.<\/p>\n<p><strong>Niewystarczaj\u0105ce \u015brodki:<\/strong> Konto nie zapewnia wystarczaj\u0105cych \u015brodk\u00f3w na pokrycie transakcji w tym czasie.<\/p>\n<p><strong>Limit przekroczony:<\/strong> Pr\u00f3bowana transakcja przekracza limit wyp\u0142at na koncie.<\/p>\n<p><strong>Karta wygas\u0142a:<\/strong> U\u017cyj innej karty, wa\u017cno\u015b\u0107 karty wygas\u0142a.<\/p>\n<p><strong>Nieprawid\u0142owy numer karty kredytowej:<\/strong> Wprowadzi\u0142e\u015b nieprawid\u0142ow\u0105 metod\u0119 p\u0142atno\u015bci lub wcisn\u0105\u0142e\u015b z\u0142e cyfry karty.<\/p>\n<p><strong>Nieprawid\u0142owa data wa\u017cno\u015bci:<\/strong> Nieprawid\u0142owa metoda p\u0142atno\u015bci lub pope\u0142ni\u0142e\u015b b\u0142\u0105d podczas wpisywania daty wa\u017cno\u015bci karty. Popraw informacje o p\u0142atno\u015bci i podejmij kolejn\u0105 pr\u00f3b\u0119. Je\u015bli jest to d\u0142ugotrwa\u0142y problem, skontaktuj si\u0119 ze swoim bankiem.<\/p>\n<p><strong>Na podstawie lokalizacji:<\/strong> Transakcja zosta\u0142a odrzucona ze wzgl\u0119du na lokalizacj\u0119.<\/p>\n<p><strong>Bankowe zasady oszustw:<\/strong> Przepisy banku dotycz\u0105ce oszustw zablokowa\u0142y transakcj\u0119.<\/p>\n\t\t\t\t\t<\/div>\n\t\t\t\t\t\t<\/div>\n\t\t\t\t<\/div>\n\t\t\t\t<div class=\"elementor-element elementor-element-769c870 wd-width-100 elementor-widget elementor-widget-wd_title\" data-id=\"769c870\" data-element_type=\"widget\" data-e-type=\"widget\" data-widget_type=\"wd_title.default\">\n\t\t\t\t<div class=\"elementor-widget-container\">\n\t\t\t\t\t\t\t<div class=\"title-wrapper wd-set-mb reset-last-child wd-title-color-primary wd-title-style-underlined wd-title-size-custom text-left\">\n\n\t\t\t\n\t\t\t<div class=\"liner-continer\">\n\t\t\t\t<h4 class=\"woodmart-title-container title\">Je\u015bli te problemy nadal wyst\u0119puj\u0105 lub Twoja p\u0142atno\u015b\u0107 nie jest przetwarzana przez PayPal, spr\u00f3buj: <\/h4> \n\t\t\t\t\t\t\t<\/div>\n\n\t\t\t\t\t<\/div>\n\t\t\t\t\t\t<\/div>\n\t\t\t\t<\/div>\n\t\t\t\t<div class=\"elementor-element elementor-element-1b81e5f elementor-widget elementor-widget-wd_text_block\" data-id=\"1b81e5f\" data-element_type=\"widget\" data-e-type=\"widget\" data-widget_type=\"wd_text_block.default\">\n\t\t\t\t<div class=\"elementor-widget-container\">\n\t\t\t\t\t\t\t<div class=\"wd-text-block reset-last-child text-left\">\n\t\t\t\n\t\t\t<p>Ponowne dokonanie p\u0142atno\u015bci w przegl\u0105darce dzia\u0142aj\u0105cej w trybie incognito. <\/p>\n<p>Lub zmieni\u0107 metod\u0119 p\u0142atno\u015bci przy kasie lub u\u017cy\u0107 innej karty lub konta PayPal. <\/p>\n<p>Je\u015bli \u017caden z tych problem\u00f3w nie dotyczy, skontaktuj si\u0119 z nami, podaj\u0105c numer zam\u00f3wienia, nazw\u0119 i adres oraz zrzut ekranu z powiadomieniem o b\u0142\u0119dzie, aby\u015bmy mogli pom\u00f3c Ci kontynuowa\u0107 zam\u00f3wienie i potwierdzi\u0107 problem z b\u0142\u0119dem. <\/p>\n<p>Na koniec pami\u0119taj, \u017ce masz prawo do otrzymywania szczeg\u00f3\u0142owych informacji o wszelkich nieudanych lub udanych transakcjach ze swojego banku. Niezale\u017cnie od tego, je\u015bli jakakolwiek p\u0142atno\u015b\u0107 nie zostanie zrealizowana, skontaktuj si\u0119 ze swoim bankiem lub z nami.<\/p>\n\t\t\t\t\t<\/div>\n\t\t\t\t\t\t<\/div>\n\t\t\t\t<\/div>\n\t\t\t\t\t<\/div>\n\t\t<\/div>\n\t\t\t\t\t<\/div>\n\t\t<\/section>\n\t\t\t\t<\/div>","protected":false},"excerpt":{"rendered":"<p>Dokonywanie zakup\u00f3w w sklepie zx doll jest bezpieczne, szybkie i wygodne. Metody p\u0142atno\u015bci s\u0105 wymienione poni\u017cej: 1. Paypal Mo\u017cesz<\/p>","protected":false},"author":4,"featured_media":0,"parent":0,"menu_order":0,"comment_status":"closed","ping_status":"closed","template":"","meta":{"footnotes":""},"class_list":["post-12","page","type-page","status-publish","hentry"],"_links":{"self":[{"href":"https:\/\/zxdoll.com\/pl\/wp-json\/wp\/v2\/pages\/12","targetHints":{"allow":["GET"]}}],"collection":[{"href":"https:\/\/zxdoll.com\/pl\/wp-json\/wp\/v2\/pages"}],"about":[{"href":"https:\/\/zxdoll.com\/pl\/wp-json\/wp\/v2\/types\/page"}],"author":[{"embeddable":true,"href":"https:\/\/zxdoll.com\/pl\/wp-json\/wp\/v2\/users\/4"}],"replies":[{"embeddable":true,"href":"https:\/\/zxdoll.com\/pl\/wp-json\/wp\/v2\/comments?post=12"}],"version-history":[{"count":1,"href":"https:\/\/zxdoll.com\/pl\/wp-json\/wp\/v2\/pages\/12\/revisions"}],"predecessor-version":[{"id":155668,"href":"https:\/\/zxdoll.com\/pl\/wp-json\/wp\/v2\/pages\/12\/revisions\/155668"}],"wp:attachment":[{"href":"https:\/\/zxdoll.com\/pl\/wp-json\/wp\/v2\/media?parent=12"}],"curies":[{"name":"wp","href":"https:\/\/api.w.org\/{rel}","templated":true}]}}