{"id":40923,"date":"2023-04-14T02:34:50","date_gmt":"2023-04-13T18:34:50","guid":{"rendered":"https:\/\/zxdoll.com\/?post_type=product&#038;p=40923"},"modified":"2025-09-17T08:25:35","modified_gmt":"2025-09-17T00:25:35","slug":"adult-stripper-gothic-lifelike-canada-doll","status":"publish","type":"product","link":"https:\/\/zxdoll.com\/nl\/product\/adult-stripper-gothic-lifelike-canada-doll\/","title":{"rendered":"Volwassen Stripper Gothic Levensechte Canada Pop Krystal 168cm"},"content":{"rendered":"<h4><strong>Afbeeldingen van sekspoppen<\/strong><\/h4>\n\t                <ul class=\"easy-image-gallery thumbnails-21 linked\">\r\n                    <li><a data-fancybox=\"gallery965\" href=\"https:\/\/zxdoll.com\/wp-content\/uploads\/2023\/04\/robot-dolls-5t6ui1-533x800.jpg\" class=\"eig-popup\" title=\"\" data-caption=\"\" target=\"_blank\"><i class=\"icon-view\"><\/i><span class=\"overlay\"><\/span><img decoding=\"async\" width=\"150\" height=\"150\" src=\"https:\/\/zxdoll.com\/wp-content\/uploads\/2023\/04\/robot-dolls-5t6ui1-150x150.jpg\" class=\"attachment-thumbnail size-thumbnail\" alt=\"\" title=\"\"><\/a><\/li><li><a data-fancybox=\"gallery965\" href=\"https:\/\/zxdoll.com\/wp-content\/uploads\/2023\/04\/robot-dolls-5t6ui2-533x800.jpg\" class=\"eig-popup\" title=\"\" data-caption=\"\" target=\"_blank\"><i class=\"icon-view\"><\/i><span class=\"overlay\"><\/span><img decoding=\"async\" width=\"150\" height=\"150\" src=\"https:\/\/zxdoll.com\/wp-content\/uploads\/2023\/04\/robot-dolls-5t6ui2-150x150.jpg\" class=\"attachment-thumbnail size-thumbnail\" alt=\"\" title=\"\"><\/a><\/li><li><a data-fancybox=\"gallery965\" href=\"https:\/\/zxdoll.com\/wp-content\/uploads\/2023\/04\/robot-dolls-5t6ui4-533x800.jpg\" class=\"eig-popup\" title=\"\" data-caption=\"\" target=\"_blank\"><i class=\"icon-view\"><\/i><span class=\"overlay\"><\/span><img decoding=\"async\" width=\"150\" height=\"150\" src=\"https:\/\/zxdoll.com\/wp-content\/uploads\/2023\/04\/robot-dolls-5t6ui4-150x150.jpg\" class=\"attachment-thumbnail size-thumbnail\" alt=\"\" title=\"\"><\/a><\/li><li><a data-fancybox=\"gallery965\" href=\"https:\/\/zxdoll.com\/wp-content\/uploads\/2023\/04\/robot-dolls-5t6ui5-533x800.jpg\" class=\"eig-popup\" title=\"\" data-caption=\"\" target=\"_blank\"><i class=\"icon-view\"><\/i><span class=\"overlay\"><\/span><img loading=\"lazy\" decoding=\"async\" width=\"150\" height=\"150\" src=\"https:\/\/zxdoll.com\/wp-content\/uploads\/2023\/04\/robot-dolls-5t6ui5-150x150.jpg\" class=\"attachment-thumbnail size-thumbnail\" alt=\"\" title=\"\"><\/a><\/li><li><a data-fancybox=\"gallery965\" href=\"https:\/\/zxdoll.com\/wp-content\/uploads\/2023\/04\/robot-dolls-5t6ui7-533x800.jpg\" class=\"eig-popup\" title=\"\" data-caption=\"\" target=\"_blank\"><i class=\"icon-view\"><\/i><span class=\"overlay\"><\/span><img loading=\"lazy\" decoding=\"async\" width=\"150\" height=\"150\" src=\"https:\/\/zxdoll.com\/wp-content\/uploads\/2023\/04\/robot-dolls-5t6ui7-150x150.jpg\" class=\"attachment-thumbnail size-thumbnail\" alt=\"\" title=\"\"><\/a><\/li><li><a data-fancybox=\"gallery965\" href=\"https:\/\/zxdoll.com\/wp-content\/uploads\/2023\/04\/robot-dolls-5t6ui8-533x800.jpg\" class=\"eig-popup\" title=\"\" data-caption=\"\" target=\"_blank\"><i class=\"icon-view\"><\/i><span class=\"overlay\"><\/span><img loading=\"lazy\" decoding=\"async\" width=\"150\" height=\"150\" src=\"https:\/\/zxdoll.com\/wp-content\/uploads\/2023\/04\/robot-dolls-5t6ui8-150x150.jpg\" class=\"attachment-thumbnail size-thumbnail\" alt=\"\" title=\"\"><\/a><\/li><li><a data-fancybox=\"gallery965\" href=\"https:\/\/zxdoll.com\/wp-content\/uploads\/2023\/04\/robot-dolls-5t6ui9-533x800.jpg\" class=\"eig-popup\" title=\"\" data-caption=\"\" target=\"_blank\"><i class=\"icon-view\"><\/i><span class=\"overlay\"><\/span><img loading=\"lazy\" decoding=\"async\" width=\"150\" height=\"150\" src=\"https:\/\/zxdoll.com\/wp-content\/uploads\/2023\/04\/robot-dolls-5t6ui9-150x150.jpg\" class=\"attachment-thumbnail size-thumbnail\" alt=\"\" title=\"\"><\/a><\/li><li><a data-fancybox=\"gallery965\" href=\"https:\/\/zxdoll.com\/wp-content\/uploads\/2023\/04\/robot-dolls-5t6ui11-533x800.jpg\" class=\"eig-popup\" title=\"\" data-caption=\"\" target=\"_blank\"><i class=\"icon-view\"><\/i><span class=\"overlay\"><\/span><img loading=\"lazy\" decoding=\"async\" width=\"150\" height=\"150\" src=\"https:\/\/zxdoll.com\/wp-content\/uploads\/2023\/04\/robot-dolls-5t6ui11-150x150.jpg\" class=\"attachment-thumbnail size-thumbnail\" alt=\"\" title=\"\"><\/a><\/li><li><a data-fancybox=\"gallery965\" href=\"https:\/\/zxdoll.com\/wp-content\/uploads\/2023\/04\/robot-dolls-5t6ui12-533x800.jpg\" class=\"eig-popup\" title=\"\" data-caption=\"\" target=\"_blank\"><i class=\"icon-view\"><\/i><span class=\"overlay\"><\/span><img loading=\"lazy\" decoding=\"async\" width=\"150\" height=\"150\" src=\"https:\/\/zxdoll.com\/wp-content\/uploads\/2023\/04\/robot-dolls-5t6ui12-150x150.jpg\" class=\"attachment-thumbnail size-thumbnail\" alt=\"\" title=\"\"><\/a><\/li><li><a data-fancybox=\"gallery965\" href=\"https:\/\/zxdoll.com\/wp-content\/uploads\/2023\/04\/robot-dolls-5t6ui13-533x800.jpg\" class=\"eig-popup\" title=\"\" data-caption=\"\" target=\"_blank\"><i class=\"icon-view\"><\/i><span class=\"overlay\"><\/span><img loading=\"lazy\" decoding=\"async\" width=\"150\" height=\"150\" src=\"https:\/\/zxdoll.com\/wp-content\/uploads\/2023\/04\/robot-dolls-5t6ui13-150x150.jpg\" class=\"attachment-thumbnail size-thumbnail\" alt=\"\" title=\"\"><\/a><\/li><li><a data-fancybox=\"gallery965\" href=\"https:\/\/zxdoll.com\/wp-content\/uploads\/2023\/04\/robot-dolls-5t6ui15-533x800.jpg\" class=\"eig-popup\" title=\"\" data-caption=\"\" target=\"_blank\"><i class=\"icon-view\"><\/i><span class=\"overlay\"><\/span><img loading=\"lazy\" decoding=\"async\" width=\"150\" height=\"150\" src=\"https:\/\/zxdoll.com\/wp-content\/uploads\/2023\/04\/robot-dolls-5t6ui15-150x150.jpg\" class=\"attachment-thumbnail size-thumbnail\" alt=\"\" title=\"\"><\/a><\/li><li><a data-fancybox=\"gallery965\" href=\"https:\/\/zxdoll.com\/wp-content\/uploads\/2023\/04\/robot-dolls-5t6ui17-533x800.jpg\" class=\"eig-popup\" title=\"\" data-caption=\"\" target=\"_blank\"><i class=\"icon-view\"><\/i><span class=\"overlay\"><\/span><img loading=\"lazy\" decoding=\"async\" width=\"150\" height=\"150\" src=\"https:\/\/zxdoll.com\/wp-content\/uploads\/2023\/04\/robot-dolls-5t6ui17-150x150.jpg\" class=\"attachment-thumbnail size-thumbnail\" alt=\"\" title=\"\"><\/a><\/li><li><a data-fancybox=\"gallery965\" href=\"https:\/\/zxdoll.com\/wp-content\/uploads\/2023\/04\/robot-dolls-5t6ui18-533x800.jpg\" class=\"eig-popup\" title=\"\" data-caption=\"\" target=\"_blank\"><i class=\"icon-view\"><\/i><span class=\"overlay\"><\/span><img loading=\"lazy\" decoding=\"async\" width=\"150\" height=\"150\" src=\"https:\/\/zxdoll.com\/wp-content\/uploads\/2023\/04\/robot-dolls-5t6ui18-150x150.jpg\" class=\"attachment-thumbnail size-thumbnail\" alt=\"\" title=\"\"><\/a><\/li><li><a data-fancybox=\"gallery965\" href=\"https:\/\/zxdoll.com\/wp-content\/uploads\/2023\/04\/robot-dolls-5t6ui20-533x800.jpg\" class=\"eig-popup\" title=\"\" data-caption=\"\" target=\"_blank\"><i class=\"icon-view\"><\/i><span class=\"overlay\"><\/span><img loading=\"lazy\" decoding=\"async\" width=\"150\" height=\"150\" src=\"https:\/\/zxdoll.com\/wp-content\/uploads\/2023\/04\/robot-dolls-5t6ui20-150x150.jpg\" class=\"attachment-thumbnail size-thumbnail\" alt=\"\" title=\"\"><\/a><\/li><li><a data-fancybox=\"gallery965\" href=\"https:\/\/zxdoll.com\/wp-content\/uploads\/2023\/04\/robot-dolls-5t6ui21-533x800.jpg\" class=\"eig-popup\" title=\"\" data-caption=\"\" target=\"_blank\"><i class=\"icon-view\"><\/i><span class=\"overlay\"><\/span><img loading=\"lazy\" decoding=\"async\" width=\"150\" height=\"150\" src=\"https:\/\/zxdoll.com\/wp-content\/uploads\/2023\/04\/robot-dolls-5t6ui21-150x150.jpg\" class=\"attachment-thumbnail size-thumbnail\" alt=\"\" title=\"\"><\/a><\/li><li><a data-fancybox=\"gallery965\" href=\"https:\/\/zxdoll.com\/wp-content\/uploads\/2023\/04\/robot-dolls-5t6ui22-533x800.jpg\" class=\"eig-popup\" title=\"\" data-caption=\"\" target=\"_blank\"><i class=\"icon-view\"><\/i><span class=\"overlay\"><\/span><img loading=\"lazy\" decoding=\"async\" width=\"150\" height=\"150\" src=\"https:\/\/zxdoll.com\/wp-content\/uploads\/2023\/04\/robot-dolls-5t6ui22-150x150.jpg\" class=\"attachment-thumbnail size-thumbnail\" alt=\"\" title=\"\"><\/a><\/li><li><a data-fancybox=\"gallery965\" href=\"https:\/\/zxdoll.com\/wp-content\/uploads\/2023\/04\/robot-dolls-5t6ui23-533x800.jpg\" class=\"eig-popup\" title=\"\" data-caption=\"\" target=\"_blank\"><i class=\"icon-view\"><\/i><span class=\"overlay\"><\/span><img loading=\"lazy\" decoding=\"async\" width=\"150\" height=\"150\" src=\"https:\/\/zxdoll.com\/wp-content\/uploads\/2023\/04\/robot-dolls-5t6ui23-150x150.jpg\" class=\"attachment-thumbnail size-thumbnail\" alt=\"\" title=\"\"><\/a><\/li><li><a data-fancybox=\"gallery965\" href=\"https:\/\/zxdoll.com\/wp-content\/uploads\/2023\/04\/robot-dolls-5t6ui24-533x800.jpg\" class=\"eig-popup\" title=\"\" data-caption=\"\" target=\"_blank\"><i class=\"icon-view\"><\/i><span class=\"overlay\"><\/span><img loading=\"lazy\" decoding=\"async\" width=\"150\" height=\"150\" src=\"https:\/\/zxdoll.com\/wp-content\/uploads\/2023\/04\/robot-dolls-5t6ui24-150x150.jpg\" class=\"attachment-thumbnail size-thumbnail\" alt=\"\" title=\"\"><\/a><\/li><li><a data-fancybox=\"gallery965\" href=\"https:\/\/zxdoll.com\/wp-content\/uploads\/2023\/04\/robot-dolls-5t6ui27-533x800.jpg\" class=\"eig-popup\" title=\"\" data-caption=\"\" target=\"_blank\"><i class=\"icon-view\"><\/i><span class=\"overlay\"><\/span><img loading=\"lazy\" decoding=\"async\" width=\"150\" height=\"150\" src=\"https:\/\/zxdoll.com\/wp-content\/uploads\/2023\/04\/robot-dolls-5t6ui27-150x150.jpg\" class=\"attachment-thumbnail size-thumbnail\" alt=\"\" title=\"\"><\/a><\/li><li><a data-fancybox=\"gallery965\" href=\"https:\/\/zxdoll.com\/wp-content\/uploads\/2023\/04\/robot-dolls-5t6ui28-533x800.jpg\" class=\"eig-popup\" title=\"\" data-caption=\"\" target=\"_blank\"><i class=\"icon-view\"><\/i><span class=\"overlay\"><\/span><img loading=\"lazy\" decoding=\"async\" width=\"150\" height=\"150\" src=\"https:\/\/zxdoll.com\/wp-content\/uploads\/2023\/04\/robot-dolls-5t6ui28-150x150.jpg\" class=\"attachment-thumbnail size-thumbnail\" alt=\"\" title=\"\"><\/a><\/li><li><a data-fancybox=\"gallery965\" href=\"https:\/\/zxdoll.com\/wp-content\/uploads\/2023\/04\/robot-dolls-5t6ui29-533x800.jpg\" class=\"eig-popup\" title=\"\" data-caption=\"\" target=\"_blank\"><i class=\"icon-view\"><\/i><span class=\"overlay\"><\/span><img loading=\"lazy\" decoding=\"async\" width=\"150\" height=\"150\" src=\"https:\/\/zxdoll.com\/wp-content\/uploads\/2023\/04\/robot-dolls-5t6ui29-150x150.jpg\" class=\"attachment-thumbnail size-thumbnail\" alt=\"\" title=\"\"><\/a><\/li><\/ul>\n<h4>Maattabellen<\/h4>\n<table width=\"269\">\n<tbody>\n<tr>\n<td width=\"130\">Materiaal<\/td>\n<td width=\"139\">TPE<\/td>\n<\/tr>\n<tr>\n<td>Hoogte<\/td>\n<td>168cm<\/td>\n<\/tr>\n<tr>\n<td>Borst lijn<\/td>\n<td>93 cm<\/td>\n<\/tr>\n<tr>\n<td>taille lijn<\/td>\n<td>56cm<\/td>\n<\/tr>\n<tr>\n<td>Hippe lijn<\/td>\n<td>89cm<\/td>\n<\/tr>\n<tr>\n<td>Schouder breedte<\/td>\n<td>36cm<\/td>\n<\/tr>\n<tr>\n<td>Been Lengte<\/td>\n<td>88cm<\/td>\n<\/tr>\n<tr>\n<td>Arm lengte<\/td>\n<td>63cm<\/td>\n<\/tr>\n<tr>\n<td>Dij lijn<\/td>\n<td>45cm<\/td>\n<\/tr>\n<tr>\n<td>Kalf lijn<\/td>\n<td>30cm<\/td>\n<\/tr>\n<tr>\n<td>Voeten Maat<\/td>\n<td>21cm<\/td>\n<\/tr>\n<tr>\n<td>Netto gewicht<\/td>\n<td>39kg<\/td>\n<\/tr>\n<tr>\n<td>Orale diepte<\/td>\n<td>13cm<\/td>\n<\/tr>\n<tr>\n<td>Vagina Diepte<\/td>\n<td>18cm<\/td>\n<\/tr>\n<tr>\n<td>Anale Diepte<\/td>\n<td>16cm<\/td>\n<\/tr>\n<\/tbody>\n<\/table>\n<h4>Over de sekspop<\/h4>\n<p>Sommige mannen vinden het aantrekkelijk om te zien hoe een stripper haar bewegingen uitvoert, en soms kan het moeilijk zijn om een stripper te vinden die klaar is om iets serieus met je te beginnen. De meeste mensen geven er de voorkeur aan om voor een menigte op te treden in plaats van voor \u00e9\u00e9n man. Sinds de sekspop-industrie is ge\u00ebvolueerd, zijn er echter meer soorten sekspoppen beschikbaar om het publiek te dienen. Onze Chinese sekspop is een pop uit Montreal en zij is een levensechte pop uit Canada; je kunt haar ook wel een gotische pop noemen vanwege haar unieke stijl. De opblaaspop is een volwassen pop op eBay en u kunt erop vertrouwen dat wij u alleen de beste poppen leveren. Als je een stripper als partner wilt, dan kun je de stripper-sekspop kopen; ze zou de slaapkamerervaring spannender maken, en je kunt erop vertrouwen dat ze je maximaal plezier zal bezorgen. De strippersekspop heeft veel potentie; haar lichaam is verleidelijk en ze weet hoe ze ervoor moet zorgen dat elke man haar wil. Ze is getalenteerd en seksueel ervaren. Als je slaapkamerplezier wilt hebben, koop dan een stripperpop en kijk hoe je seksuele relatie verandert.<\/p>","protected":false},"excerpt":{"rendered":"<p>Sekspop Afbeeldingen Maattabellen Materiaal TPE Hoogte 168cm Borstlijn 93cm Taillelijn 56cm Heuplijn 89cm Schouderbreedte<\/p>","protected":false},"featured_media":40924,"comment_status":"open","ping_status":"closed","template":"","meta":[],"product_brand":[],"product_cat":[119,75,230,101,107,117],"product_tag":[],"class_list":{"0":"post-40923","1":"product","2":"type-product","3":"status-publish","4":"has-post-thumbnail","6":"product_cat-tpe-sex-doll","7":"product_cat-160cm-170cm-sex-dolls","8":"product_cat-36kg-40kg","9":"product_cat-lesbian-sex-doll","10":"product_cat-skinny-sex-dolls","11":"product_cat-small-breast-sex-doll","12":"pa_brand-af-doll","13":"tm-has-options","15":"first","16":"instock","17":"sale","18":"shipping-taxable","19":"purchasable","20":"product-type-simple"},"_links":{"self":[{"href":"https:\/\/zxdoll.com\/nl\/wp-json\/wp\/v2\/product\/40923","targetHints":{"allow":["GET"]}}],"collection":[{"href":"https:\/\/zxdoll.com\/nl\/wp-json\/wp\/v2\/product"}],"about":[{"href":"https:\/\/zxdoll.com\/nl\/wp-json\/wp\/v2\/types\/product"}],"replies":[{"embeddable":true,"href":"https:\/\/zxdoll.com\/nl\/wp-json\/wp\/v2\/comments?post=40923"}],"version-history":[{"count":2,"href":"https:\/\/zxdoll.com\/nl\/wp-json\/wp\/v2\/product\/40923\/revisions"}],"predecessor-version":[{"id":155395,"href":"https:\/\/zxdoll.com\/nl\/wp-json\/wp\/v2\/product\/40923\/revisions\/155395"}],"wp:featuredmedia":[{"embeddable":true,"href":"https:\/\/zxdoll.com\/nl\/wp-json\/wp\/v2\/media\/40924"}],"wp:attachment":[{"href":"https:\/\/zxdoll.com\/nl\/wp-json\/wp\/v2\/media?parent=40923"}],"wp:term":[{"taxonomy":"product_brand","embeddable":true,"href":"https:\/\/zxdoll.com\/nl\/wp-json\/wp\/v2\/product_brand?post=40923"},{"taxonomy":"product_cat","embeddable":true,"href":"https:\/\/zxdoll.com\/nl\/wp-json\/wp\/v2\/product_cat?post=40923"},{"taxonomy":"product_tag","embeddable":true,"href":"https:\/\/zxdoll.com\/nl\/wp-json\/wp\/v2\/product_tag?post=40923"}],"curies":[{"name":"wp","href":"https:\/\/api.w.org\/{rel}","templated":true}]}}