{"id":43739,"date":"2023-04-17T03:32:16","date_gmt":"2023-04-16T19:32:16","guid":{"rendered":"https:\/\/zxdoll.com\/?post_type=product&#038;p=43739"},"modified":"2025-09-10T22:07:14","modified_gmt":"2025-09-10T14:07:14","slug":"super-small-breast-harmony-realdoll","status":"publish","type":"product","link":"https:\/\/zxdoll.com\/it\/product\/super-small-breast-harmony-realdoll\/","title":{"rendered":"Realdoll Loralie con seno super piccolo Harmony 168 cm"},"content":{"rendered":"<h4><strong>Immagini di bambole del sesso<\/strong><\/h4>\n\t                <ul class=\"easy-image-gallery thumbnails-18 linked\">\r\n                    <li><a data-fancybox=\"gallery334\" href=\"https:\/\/zxdoll.com\/wp-content\/uploads\/2023\/04\/sex-doll-shop-8u6v1-533x800.jpg\" class=\"eig-popup\" title=\"\" data-caption=\"\" target=\"_blank\"><i class=\"icon-view\"><\/i><span class=\"overlay\"><\/span><img decoding=\"async\" width=\"150\" height=\"150\" src=\"https:\/\/zxdoll.com\/wp-content\/uploads\/2023\/04\/sex-doll-shop-8u6v1-150x150.jpg\" class=\"attachment-thumbnail size-thumbnail\" alt=\"\" title=\"\"><\/a><\/li><li><a data-fancybox=\"gallery334\" href=\"https:\/\/zxdoll.com\/wp-content\/uploads\/2023\/04\/sex-doll-shop-8u6v2-533x800.jpg\" class=\"eig-popup\" title=\"\" data-caption=\"\" target=\"_blank\"><i class=\"icon-view\"><\/i><span class=\"overlay\"><\/span><img decoding=\"async\" width=\"150\" height=\"150\" src=\"https:\/\/zxdoll.com\/wp-content\/uploads\/2023\/04\/sex-doll-shop-8u6v2-150x150.jpg\" class=\"attachment-thumbnail size-thumbnail\" alt=\"\" title=\"\"><\/a><\/li><li><a data-fancybox=\"gallery334\" href=\"https:\/\/zxdoll.com\/wp-content\/uploads\/2023\/04\/sex-doll-shop-8u6v3-533x800.jpg\" class=\"eig-popup\" title=\"\" data-caption=\"\" target=\"_blank\"><i class=\"icon-view\"><\/i><span class=\"overlay\"><\/span><img decoding=\"async\" width=\"150\" height=\"150\" src=\"https:\/\/zxdoll.com\/wp-content\/uploads\/2023\/04\/sex-doll-shop-8u6v3-150x150.jpg\" class=\"attachment-thumbnail size-thumbnail\" alt=\"\" title=\"\"><\/a><\/li><li><a data-fancybox=\"gallery334\" href=\"https:\/\/zxdoll.com\/wp-content\/uploads\/2023\/04\/sex-doll-shop-8u6v4-533x800.jpg\" class=\"eig-popup\" title=\"\" data-caption=\"\" target=\"_blank\"><i class=\"icon-view\"><\/i><span class=\"overlay\"><\/span><img loading=\"lazy\" decoding=\"async\" width=\"150\" height=\"150\" src=\"https:\/\/zxdoll.com\/wp-content\/uploads\/2023\/04\/sex-doll-shop-8u6v4-150x150.jpg\" class=\"attachment-thumbnail size-thumbnail\" alt=\"\" title=\"\"><\/a><\/li><li><a data-fancybox=\"gallery334\" href=\"https:\/\/zxdoll.com\/wp-content\/uploads\/2023\/04\/sex-doll-shop-8u6v5-533x800.jpg\" class=\"eig-popup\" title=\"\" data-caption=\"\" target=\"_blank\"><i class=\"icon-view\"><\/i><span class=\"overlay\"><\/span><img loading=\"lazy\" decoding=\"async\" width=\"150\" height=\"150\" src=\"https:\/\/zxdoll.com\/wp-content\/uploads\/2023\/04\/sex-doll-shop-8u6v5-150x150.jpg\" class=\"attachment-thumbnail size-thumbnail\" alt=\"\" title=\"\"><\/a><\/li><li><a data-fancybox=\"gallery334\" href=\"https:\/\/zxdoll.com\/wp-content\/uploads\/2023\/04\/sex-doll-shop-8u6v6-533x800.jpg\" class=\"eig-popup\" title=\"\" data-caption=\"\" target=\"_blank\"><i class=\"icon-view\"><\/i><span class=\"overlay\"><\/span><img loading=\"lazy\" decoding=\"async\" width=\"150\" height=\"150\" src=\"https:\/\/zxdoll.com\/wp-content\/uploads\/2023\/04\/sex-doll-shop-8u6v6-150x150.jpg\" class=\"attachment-thumbnail size-thumbnail\" alt=\"\" title=\"\"><\/a><\/li><li><a data-fancybox=\"gallery334\" href=\"https:\/\/zxdoll.com\/wp-content\/uploads\/2023\/04\/sex-doll-shop-8u6v7-533x800.jpg\" class=\"eig-popup\" title=\"\" data-caption=\"\" target=\"_blank\"><i class=\"icon-view\"><\/i><span class=\"overlay\"><\/span><img loading=\"lazy\" decoding=\"async\" width=\"150\" height=\"150\" src=\"https:\/\/zxdoll.com\/wp-content\/uploads\/2023\/04\/sex-doll-shop-8u6v7-150x150.jpg\" class=\"attachment-thumbnail size-thumbnail\" alt=\"\" title=\"\"><\/a><\/li><li><a data-fancybox=\"gallery334\" href=\"https:\/\/zxdoll.com\/wp-content\/uploads\/2023\/04\/sex-doll-shop-8u6v8-508x800.jpg\" class=\"eig-popup\" title=\"\" data-caption=\"\" target=\"_blank\"><i class=\"icon-view\"><\/i><span class=\"overlay\"><\/span><img loading=\"lazy\" decoding=\"async\" width=\"150\" height=\"150\" src=\"https:\/\/zxdoll.com\/wp-content\/uploads\/2023\/04\/sex-doll-shop-8u6v8-150x150.jpg\" class=\"attachment-thumbnail size-thumbnail\" alt=\"\" title=\"\"><\/a><\/li><li><a data-fancybox=\"gallery334\" href=\"https:\/\/zxdoll.com\/wp-content\/uploads\/2023\/04\/sex-doll-shop-8u6v9-533x800.jpg\" class=\"eig-popup\" title=\"\" data-caption=\"\" target=\"_blank\"><i class=\"icon-view\"><\/i><span class=\"overlay\"><\/span><img loading=\"lazy\" decoding=\"async\" width=\"150\" height=\"150\" src=\"https:\/\/zxdoll.com\/wp-content\/uploads\/2023\/04\/sex-doll-shop-8u6v9-150x150.jpg\" class=\"attachment-thumbnail size-thumbnail\" alt=\"\" title=\"\"><\/a><\/li><li><a data-fancybox=\"gallery334\" href=\"https:\/\/zxdoll.com\/wp-content\/uploads\/2023\/04\/sex-doll-shop-8u6v10-497x800.jpg\" class=\"eig-popup\" title=\"\" data-caption=\"\" target=\"_blank\"><i class=\"icon-view\"><\/i><span class=\"overlay\"><\/span><img loading=\"lazy\" decoding=\"async\" width=\"150\" height=\"150\" src=\"https:\/\/zxdoll.com\/wp-content\/uploads\/2023\/04\/sex-doll-shop-8u6v10-150x150.jpg\" class=\"attachment-thumbnail size-thumbnail\" alt=\"\" title=\"\"><\/a><\/li><li><a data-fancybox=\"gallery334\" href=\"https:\/\/zxdoll.com\/wp-content\/uploads\/2023\/04\/sex-doll-shop-8u6v12-518x800.jpg\" class=\"eig-popup\" title=\"\" data-caption=\"\" target=\"_blank\"><i class=\"icon-view\"><\/i><span class=\"overlay\"><\/span><img loading=\"lazy\" decoding=\"async\" width=\"150\" height=\"150\" src=\"https:\/\/zxdoll.com\/wp-content\/uploads\/2023\/04\/sex-doll-shop-8u6v12-150x150.jpg\" class=\"attachment-thumbnail size-thumbnail\" alt=\"\" title=\"\"><\/a><\/li><li><a data-fancybox=\"gallery334\" href=\"https:\/\/zxdoll.com\/wp-content\/uploads\/2023\/04\/sex-doll-shop-8u6v13-481x800.jpg\" class=\"eig-popup\" title=\"\" data-caption=\"\" target=\"_blank\"><i class=\"icon-view\"><\/i><span class=\"overlay\"><\/span><img loading=\"lazy\" decoding=\"async\" width=\"150\" height=\"150\" src=\"https:\/\/zxdoll.com\/wp-content\/uploads\/2023\/04\/sex-doll-shop-8u6v13-150x150.jpg\" class=\"attachment-thumbnail size-thumbnail\" alt=\"\" title=\"\"><\/a><\/li><li><a data-fancybox=\"gallery334\" href=\"https:\/\/zxdoll.com\/wp-content\/uploads\/2023\/04\/sex-doll-shop-8u6v14-491x800.jpg\" class=\"eig-popup\" title=\"\" data-caption=\"\" target=\"_blank\"><i class=\"icon-view\"><\/i><span class=\"overlay\"><\/span><img loading=\"lazy\" decoding=\"async\" width=\"150\" height=\"150\" src=\"https:\/\/zxdoll.com\/wp-content\/uploads\/2023\/04\/sex-doll-shop-8u6v14-150x150.jpg\" class=\"attachment-thumbnail size-thumbnail\" alt=\"\" title=\"\"><\/a><\/li><li><a data-fancybox=\"gallery334\" href=\"https:\/\/zxdoll.com\/wp-content\/uploads\/2023\/04\/sex-doll-shop-8u6v15-524x800.jpg\" class=\"eig-popup\" title=\"\" data-caption=\"\" target=\"_blank\"><i class=\"icon-view\"><\/i><span class=\"overlay\"><\/span><img loading=\"lazy\" decoding=\"async\" width=\"150\" height=\"150\" src=\"https:\/\/zxdoll.com\/wp-content\/uploads\/2023\/04\/sex-doll-shop-8u6v15-150x150.jpg\" class=\"attachment-thumbnail size-thumbnail\" alt=\"\" title=\"\"><\/a><\/li><li><a data-fancybox=\"gallery334\" href=\"https:\/\/zxdoll.com\/wp-content\/uploads\/2023\/04\/sex-doll-shop-8u6v16-533x800.jpg\" class=\"eig-popup\" title=\"\" data-caption=\"\" target=\"_blank\"><i class=\"icon-view\"><\/i><span class=\"overlay\"><\/span><img loading=\"lazy\" decoding=\"async\" width=\"150\" height=\"150\" src=\"https:\/\/zxdoll.com\/wp-content\/uploads\/2023\/04\/sex-doll-shop-8u6v16-150x150.jpg\" class=\"attachment-thumbnail size-thumbnail\" alt=\"\" title=\"\"><\/a><\/li><li><a data-fancybox=\"gallery334\" href=\"https:\/\/zxdoll.com\/wp-content\/uploads\/2023\/04\/sex-doll-shop-8u6v17-1-533x800.jpg\" class=\"eig-popup\" title=\"\" data-caption=\"\" target=\"_blank\"><i class=\"icon-view\"><\/i><span class=\"overlay\"><\/span><img loading=\"lazy\" decoding=\"async\" width=\"150\" height=\"150\" src=\"https:\/\/zxdoll.com\/wp-content\/uploads\/2023\/04\/sex-doll-shop-8u6v17-1-150x150.jpg\" class=\"attachment-thumbnail size-thumbnail\" alt=\"\" title=\"\"><\/a><\/li><li><a data-fancybox=\"gallery334\" href=\"https:\/\/zxdoll.com\/wp-content\/uploads\/2023\/04\/sex-doll-shop-8u6v18-533x800.jpg\" class=\"eig-popup\" title=\"\" data-caption=\"\" target=\"_blank\"><i class=\"icon-view\"><\/i><span class=\"overlay\"><\/span><img loading=\"lazy\" decoding=\"async\" width=\"150\" height=\"150\" src=\"https:\/\/zxdoll.com\/wp-content\/uploads\/2023\/04\/sex-doll-shop-8u6v18-150x150.jpg\" class=\"attachment-thumbnail size-thumbnail\" alt=\"\" title=\"\"><\/a><\/li><li><a data-fancybox=\"gallery334\" href=\"https:\/\/zxdoll.com\/wp-content\/uploads\/2023\/04\/sex-doll-shop-8u6v19-531x800.jpg\" class=\"eig-popup\" title=\"\" data-caption=\"\" target=\"_blank\"><i class=\"icon-view\"><\/i><span class=\"overlay\"><\/span><img loading=\"lazy\" decoding=\"async\" width=\"150\" height=\"150\" src=\"https:\/\/zxdoll.com\/wp-content\/uploads\/2023\/04\/sex-doll-shop-8u6v19-150x150.jpg\" class=\"attachment-thumbnail size-thumbnail\" alt=\"\" title=\"\"><\/a><\/li><\/ul>\n<h4>Tabelle delle taglie<\/h4>\n<table width=\"292\">\n<tbody>\n<tr>\n<td width=\"153\">Materiale<\/td>\n<td width=\"139\">TPE<\/td>\n<\/tr>\n<tr>\n<td>Altezza<\/td>\n<td>168 cm<\/td>\n<\/tr>\n<tr>\n<td>Linea seno<\/td>\n<td>67cm<\/td>\n<\/tr>\n<tr>\n<td>Linea di cintura<\/td>\n<td>53 cm<\/td>\n<\/tr>\n<tr>\n<td>Linea dell&#039;anca<\/td>\n<td>73cm<\/td>\n<\/tr>\n<tr>\n<td>Larghezza delle spalle<\/td>\n<td>32cm<\/td>\n<\/tr>\n<tr>\n<td>Lunghezza del braccio<\/td>\n<td>58 cm<\/td>\n<\/tr>\n<tr>\n<td>Lunghezza della gamba<\/td>\n<td>109 cm<\/td>\n<\/tr>\n<tr>\n<td>Dimensione dei piedi<\/td>\n<td>22 cm<\/td>\n<\/tr>\n<tr>\n<td>Linea della coscia<\/td>\n<td>44cm<\/td>\n<\/tr>\n<tr>\n<td>Linea Vitello<\/td>\n<td>27 cm<\/td>\n<\/tr>\n<tr>\n<td>Peso netto<\/td>\n<td>28,5 kg<\/td>\n<\/tr>\n<tr>\n<td>Profondit\u00e0 orale<\/td>\n<td>13 cm<\/td>\n<\/tr>\n<tr>\n<td>Profondit\u00e0 della vagina<\/td>\n<td>18 cm<\/td>\n<\/tr>\n<tr>\n<td>Profondit\u00e0 anale<\/td>\n<td>16 cm<\/td>\n<\/tr>\n<\/tbody>\n<\/table>\n<h4>Informazioni sulla bambola del sesso<\/h4>\n<p>Se ti sei chiesto com&#039;\u00e8 scopare una bambola stravagante, sei fortunato. Incontra Ray, la bambola del sesso dal seno piccolo del momento. La maggior parte delle bambole del sesso TPE non sono cos\u00ec flessibili o sexy o addirittura seducenti come questa bellezza.<\/p>\n<p>Non lasciarti ingannare dai suoi lunghi capelli e dal suo comportamento calmo; questa super bambola del sesso \u00e8 pi\u00f9 che disposta a tentare qualsiasi posizione sessuale, ed \u00e8 anche abile in quelle. In effetti, molto raramente troverai una vita come una bambola dell&#039;amore come lei, e non lo diciamo alla leggera. Questa bambola potrebbe non essere una bambola piper, ma ne ha il fisico.<\/p>\n<p>Seni considerevoli, una carnagione chiara, un viso sbalorditivo e capelli sorprendenti. Queste non sono le uniche caratteristiche che rendono unica questa bambola dell&#039;amore. \u00c8 una bambola del sesso transessuale e ha un pene staccabile a parte la figa e il culo della bambola. La rende una bambola per usi diversi, perfetta per uomini, donne e persone al di fuori di questi due sessi.<\/p>\n<p>E nella familiare armonia delle bambole reali, questa bambola dell&#039;amore ha una testa perfettamente attaccata che pu\u00f2 essere facilmente staccata per un cambiamento, cos\u00ec puoi ottenere pi\u00f9 teste di bambola come la sua e cambiarle, mantenendo il suo fisico perfettamente tonico. Non \u00e8 fantastico?<\/p>","protected":false},"excerpt":{"rendered":"<p>Immagini della bambola del sesso Tabelle delle taglie Materiale TPE Altezza 168 cm Linea del seno 67 cm Linea della vita 53 cm Linea dell&#039;anca 73 cm Larghezza della spalla<\/p>","protected":false},"featured_media":43740,"comment_status":"open","ping_status":"closed","template":"","meta":[],"product_brand":[],"product_cat":[119,75,228,102,107,117],"product_tag":[],"class_list":{"0":"post-43739","1":"product","2":"type-product","3":"status-publish","4":"has-post-thumbnail","6":"product_cat-tpe-sex-doll","7":"product_cat-160cm-170cm-sex-dolls","8":"product_cat-26kg-30kg","9":"product_cat-fantasy-sex-dolls","10":"product_cat-skinny-sex-dolls","11":"product_cat-small-breast-sex-doll","12":"pa_brand-fire-doll","13":"tm-has-options","15":"first","16":"instock","17":"sale","18":"shipping-taxable","19":"purchasable","20":"product-type-simple"},"_links":{"self":[{"href":"https:\/\/zxdoll.com\/it\/wp-json\/wp\/v2\/product\/43739","targetHints":{"allow":["GET"]}}],"collection":[{"href":"https:\/\/zxdoll.com\/it\/wp-json\/wp\/v2\/product"}],"about":[{"href":"https:\/\/zxdoll.com\/it\/wp-json\/wp\/v2\/types\/product"}],"replies":[{"embeddable":true,"href":"https:\/\/zxdoll.com\/it\/wp-json\/wp\/v2\/comments?post=43739"}],"version-history":[{"count":2,"href":"https:\/\/zxdoll.com\/it\/wp-json\/wp\/v2\/product\/43739\/revisions"}],"predecessor-version":[{"id":155438,"href":"https:\/\/zxdoll.com\/it\/wp-json\/wp\/v2\/product\/43739\/revisions\/155438"}],"wp:featuredmedia":[{"embeddable":true,"href":"https:\/\/zxdoll.com\/it\/wp-json\/wp\/v2\/media\/43740"}],"wp:attachment":[{"href":"https:\/\/zxdoll.com\/it\/wp-json\/wp\/v2\/media?parent=43739"}],"wp:term":[{"taxonomy":"product_brand","embeddable":true,"href":"https:\/\/zxdoll.com\/it\/wp-json\/wp\/v2\/product_brand?post=43739"},{"taxonomy":"product_cat","embeddable":true,"href":"https:\/\/zxdoll.com\/it\/wp-json\/wp\/v2\/product_cat?post=43739"},{"taxonomy":"product_tag","embeddable":true,"href":"https:\/\/zxdoll.com\/it\/wp-json\/wp\/v2\/product_tag?post=43739"}],"curies":[{"name":"wp","href":"https:\/\/api.w.org\/{rel}","templated":true}]}}