{"id":40946,"date":"2023-04-14T02:36:21","date_gmt":"2023-04-13T18:36:21","guid":{"rendered":"https:\/\/zxdoll.com\/?post_type=product&#038;p=40946"},"modified":"2025-09-08T03:14:28","modified_gmt":"2025-09-07T19:14:28","slug":"lifesize-solid-realistic-love-fantasy-doll","status":"publish","type":"product","link":"https:\/\/zxdoll.com\/it\/product\/lifesize-solid-realistic-love-fantasy-doll\/","title":{"rendered":"Kynthia, bambola realistica a grandezza naturale, solida e realistica, di fantasia d&#039;amore, 168 cm"},"content":{"rendered":"<h4><strong>Immagini di bambole del sesso<\/strong><\/h4>\n\t                <ul class=\"easy-image-gallery thumbnails-24 linked\">\r\n                    <li><a data-fancybox=\"gallery898\" href=\"https:\/\/zxdoll.com\/wp-content\/uploads\/2023\/04\/doll-fucking-5r6y1-533x800.jpg\" class=\"eig-popup\" title=\"\" data-caption=\"\" target=\"_blank\"><i class=\"icon-view\"><\/i><span class=\"overlay\"><\/span><img decoding=\"async\" width=\"150\" height=\"150\" src=\"https:\/\/zxdoll.com\/wp-content\/uploads\/2023\/04\/doll-fucking-5r6y1-150x150.jpg\" class=\"attachment-thumbnail size-thumbnail\" alt=\"\" title=\"\"><\/a><\/li><li><a data-fancybox=\"gallery898\" href=\"https:\/\/zxdoll.com\/wp-content\/uploads\/2023\/04\/doll-fucking-5r6y2-533x800.jpg\" class=\"eig-popup\" title=\"\" data-caption=\"\" target=\"_blank\"><i class=\"icon-view\"><\/i><span class=\"overlay\"><\/span><img decoding=\"async\" width=\"150\" height=\"150\" src=\"https:\/\/zxdoll.com\/wp-content\/uploads\/2023\/04\/doll-fucking-5r6y2-150x150.jpg\" class=\"attachment-thumbnail size-thumbnail\" alt=\"\" title=\"\"><\/a><\/li><li><a data-fancybox=\"gallery898\" href=\"https:\/\/zxdoll.com\/wp-content\/uploads\/2023\/04\/doll-fucking-5r6y3-533x800.jpg\" class=\"eig-popup\" title=\"\" data-caption=\"\" target=\"_blank\"><i class=\"icon-view\"><\/i><span class=\"overlay\"><\/span><img decoding=\"async\" width=\"150\" height=\"150\" src=\"https:\/\/zxdoll.com\/wp-content\/uploads\/2023\/04\/doll-fucking-5r6y3-150x150.jpg\" class=\"attachment-thumbnail size-thumbnail\" alt=\"\" title=\"\"><\/a><\/li><li><a data-fancybox=\"gallery898\" href=\"https:\/\/zxdoll.com\/wp-content\/uploads\/2023\/04\/doll-fucking-5r6y4-533x800.jpg\" class=\"eig-popup\" title=\"\" data-caption=\"\" target=\"_blank\"><i class=\"icon-view\"><\/i><span class=\"overlay\"><\/span><img loading=\"lazy\" decoding=\"async\" width=\"150\" height=\"150\" src=\"https:\/\/zxdoll.com\/wp-content\/uploads\/2023\/04\/doll-fucking-5r6y4-150x150.jpg\" class=\"attachment-thumbnail size-thumbnail\" alt=\"\" title=\"\"><\/a><\/li><li><a data-fancybox=\"gallery898\" href=\"https:\/\/zxdoll.com\/wp-content\/uploads\/2023\/04\/doll-fucking-5r6y5-533x800.jpg\" class=\"eig-popup\" title=\"\" data-caption=\"\" target=\"_blank\"><i class=\"icon-view\"><\/i><span class=\"overlay\"><\/span><img loading=\"lazy\" decoding=\"async\" width=\"150\" height=\"150\" src=\"https:\/\/zxdoll.com\/wp-content\/uploads\/2023\/04\/doll-fucking-5r6y5-150x150.jpg\" class=\"attachment-thumbnail size-thumbnail\" alt=\"\" title=\"\"><\/a><\/li><li><a data-fancybox=\"gallery898\" href=\"https:\/\/zxdoll.com\/wp-content\/uploads\/2023\/04\/doll-fucking-5r6y6-533x800.jpg\" class=\"eig-popup\" title=\"\" data-caption=\"\" target=\"_blank\"><i class=\"icon-view\"><\/i><span class=\"overlay\"><\/span><img loading=\"lazy\" decoding=\"async\" width=\"150\" height=\"150\" src=\"https:\/\/zxdoll.com\/wp-content\/uploads\/2023\/04\/doll-fucking-5r6y6-150x150.jpg\" class=\"attachment-thumbnail size-thumbnail\" alt=\"\" title=\"\"><\/a><\/li><li><a data-fancybox=\"gallery898\" href=\"https:\/\/zxdoll.com\/wp-content\/uploads\/2023\/04\/doll-fucking-5r6y8-533x800.jpg\" class=\"eig-popup\" title=\"\" data-caption=\"\" target=\"_blank\"><i class=\"icon-view\"><\/i><span class=\"overlay\"><\/span><img loading=\"lazy\" decoding=\"async\" width=\"150\" height=\"150\" src=\"https:\/\/zxdoll.com\/wp-content\/uploads\/2023\/04\/doll-fucking-5r6y8-150x150.jpg\" class=\"attachment-thumbnail size-thumbnail\" alt=\"\" title=\"\"><\/a><\/li><li><a data-fancybox=\"gallery898\" href=\"https:\/\/zxdoll.com\/wp-content\/uploads\/2023\/04\/doll-fucking-5r6y20-533x800.jpg\" class=\"eig-popup\" title=\"\" data-caption=\"\" target=\"_blank\"><i class=\"icon-view\"><\/i><span class=\"overlay\"><\/span><img loading=\"lazy\" decoding=\"async\" width=\"150\" height=\"150\" src=\"https:\/\/zxdoll.com\/wp-content\/uploads\/2023\/04\/doll-fucking-5r6y20-150x150.jpg\" class=\"attachment-thumbnail size-thumbnail\" alt=\"\" title=\"\"><\/a><\/li><li><a data-fancybox=\"gallery898\" href=\"https:\/\/zxdoll.com\/wp-content\/uploads\/2023\/04\/doll-fucking-5r6y21-533x800.jpg\" class=\"eig-popup\" title=\"\" data-caption=\"\" target=\"_blank\"><i class=\"icon-view\"><\/i><span class=\"overlay\"><\/span><img loading=\"lazy\" decoding=\"async\" width=\"150\" height=\"150\" src=\"https:\/\/zxdoll.com\/wp-content\/uploads\/2023\/04\/doll-fucking-5r6y21-150x150.jpg\" class=\"attachment-thumbnail size-thumbnail\" alt=\"\" title=\"\"><\/a><\/li><li><a data-fancybox=\"gallery898\" href=\"https:\/\/zxdoll.com\/wp-content\/uploads\/2023\/04\/doll-fucking-5r6y26-533x800.jpg\" class=\"eig-popup\" title=\"\" data-caption=\"\" target=\"_blank\"><i class=\"icon-view\"><\/i><span class=\"overlay\"><\/span><img loading=\"lazy\" decoding=\"async\" width=\"150\" height=\"150\" src=\"https:\/\/zxdoll.com\/wp-content\/uploads\/2023\/04\/doll-fucking-5r6y26-150x150.jpg\" class=\"attachment-thumbnail size-thumbnail\" alt=\"\" title=\"\"><\/a><\/li><li><a data-fancybox=\"gallery898\" href=\"https:\/\/zxdoll.com\/wp-content\/uploads\/2023\/04\/doll-fucking-5r6y27-533x800.jpg\" class=\"eig-popup\" title=\"\" data-caption=\"\" target=\"_blank\"><i class=\"icon-view\"><\/i><span class=\"overlay\"><\/span><img loading=\"lazy\" decoding=\"async\" width=\"150\" height=\"150\" src=\"https:\/\/zxdoll.com\/wp-content\/uploads\/2023\/04\/doll-fucking-5r6y27-150x150.jpg\" class=\"attachment-thumbnail size-thumbnail\" alt=\"\" title=\"\"><\/a><\/li><li><a data-fancybox=\"gallery898\" href=\"https:\/\/zxdoll.com\/wp-content\/uploads\/2023\/04\/doll-fucking-5r6y28-533x800.jpg\" class=\"eig-popup\" title=\"\" data-caption=\"\" target=\"_blank\"><i class=\"icon-view\"><\/i><span class=\"overlay\"><\/span><img loading=\"lazy\" decoding=\"async\" width=\"150\" height=\"150\" src=\"https:\/\/zxdoll.com\/wp-content\/uploads\/2023\/04\/doll-fucking-5r6y28-150x150.jpg\" class=\"attachment-thumbnail size-thumbnail\" alt=\"\" title=\"\"><\/a><\/li><li><a data-fancybox=\"gallery898\" href=\"https:\/\/zxdoll.com\/wp-content\/uploads\/2023\/04\/doll-fucking-5r6y29-533x800.jpg\" class=\"eig-popup\" title=\"\" data-caption=\"\" target=\"_blank\"><i class=\"icon-view\"><\/i><span class=\"overlay\"><\/span><img loading=\"lazy\" decoding=\"async\" width=\"150\" height=\"150\" src=\"https:\/\/zxdoll.com\/wp-content\/uploads\/2023\/04\/doll-fucking-5r6y29-150x150.jpg\" class=\"attachment-thumbnail size-thumbnail\" alt=\"\" title=\"\"><\/a><\/li><li><a data-fancybox=\"gallery898\" href=\"https:\/\/zxdoll.com\/wp-content\/uploads\/2023\/04\/doll-fucking-5r6y31-533x800.jpg\" class=\"eig-popup\" title=\"\" data-caption=\"\" target=\"_blank\"><i class=\"icon-view\"><\/i><span class=\"overlay\"><\/span><img loading=\"lazy\" decoding=\"async\" width=\"150\" height=\"150\" src=\"https:\/\/zxdoll.com\/wp-content\/uploads\/2023\/04\/doll-fucking-5r6y31-150x150.jpg\" class=\"attachment-thumbnail size-thumbnail\" alt=\"\" title=\"\"><\/a><\/li><li><a data-fancybox=\"gallery898\" href=\"https:\/\/zxdoll.com\/wp-content\/uploads\/2023\/04\/doll-fucking-5r6y32-533x800.jpg\" class=\"eig-popup\" title=\"\" data-caption=\"\" target=\"_blank\"><i class=\"icon-view\"><\/i><span class=\"overlay\"><\/span><img loading=\"lazy\" decoding=\"async\" width=\"150\" height=\"150\" src=\"https:\/\/zxdoll.com\/wp-content\/uploads\/2023\/04\/doll-fucking-5r6y32-150x150.jpg\" class=\"attachment-thumbnail size-thumbnail\" alt=\"\" title=\"\"><\/a><\/li><li><a data-fancybox=\"gallery898\" href=\"https:\/\/zxdoll.com\/wp-content\/uploads\/2023\/04\/doll-fucking-5r6y33-533x800.jpg\" class=\"eig-popup\" title=\"\" data-caption=\"\" target=\"_blank\"><i class=\"icon-view\"><\/i><span class=\"overlay\"><\/span><img loading=\"lazy\" decoding=\"async\" width=\"150\" height=\"150\" src=\"https:\/\/zxdoll.com\/wp-content\/uploads\/2023\/04\/doll-fucking-5r6y33-150x150.jpg\" class=\"attachment-thumbnail size-thumbnail\" alt=\"\" title=\"\"><\/a><\/li><li><a data-fancybox=\"gallery898\" href=\"https:\/\/zxdoll.com\/wp-content\/uploads\/2023\/04\/doll-fucking-5r6y34-533x800.jpg\" class=\"eig-popup\" title=\"\" data-caption=\"\" target=\"_blank\"><i class=\"icon-view\"><\/i><span class=\"overlay\"><\/span><img loading=\"lazy\" decoding=\"async\" width=\"150\" height=\"150\" src=\"https:\/\/zxdoll.com\/wp-content\/uploads\/2023\/04\/doll-fucking-5r6y34-150x150.jpg\" class=\"attachment-thumbnail size-thumbnail\" alt=\"\" title=\"\"><\/a><\/li><li><a data-fancybox=\"gallery898\" href=\"https:\/\/zxdoll.com\/wp-content\/uploads\/2023\/04\/doll-fucking-5r6y35.jpg\" class=\"eig-popup\" title=\"\" data-caption=\"\" target=\"_blank\"><i class=\"icon-view\"><\/i><span class=\"overlay\"><\/span><img loading=\"lazy\" decoding=\"async\" width=\"150\" height=\"150\" src=\"https:\/\/zxdoll.com\/wp-content\/uploads\/2023\/04\/doll-fucking-5r6y35-150x150.jpg\" class=\"attachment-thumbnail size-thumbnail\" alt=\"\" title=\"\"><\/a><\/li><li><a data-fancybox=\"gallery898\" href=\"https:\/\/zxdoll.com\/wp-content\/uploads\/2023\/04\/doll-fucking-5r6y36.jpg\" class=\"eig-popup\" title=\"\" data-caption=\"\" target=\"_blank\"><i class=\"icon-view\"><\/i><span class=\"overlay\"><\/span><img loading=\"lazy\" decoding=\"async\" width=\"150\" height=\"150\" src=\"https:\/\/zxdoll.com\/wp-content\/uploads\/2023\/04\/doll-fucking-5r6y36-150x150.jpg\" class=\"attachment-thumbnail size-thumbnail\" alt=\"\" title=\"\"><\/a><\/li><li><a data-fancybox=\"gallery898\" href=\"https:\/\/zxdoll.com\/wp-content\/uploads\/2023\/04\/doll-fucking-5r6y37.jpg\" class=\"eig-popup\" title=\"\" data-caption=\"\" target=\"_blank\"><i class=\"icon-view\"><\/i><span class=\"overlay\"><\/span><img loading=\"lazy\" decoding=\"async\" width=\"150\" height=\"150\" src=\"https:\/\/zxdoll.com\/wp-content\/uploads\/2023\/04\/doll-fucking-5r6y37-150x150.jpg\" class=\"attachment-thumbnail size-thumbnail\" alt=\"\" title=\"\"><\/a><\/li><li><a data-fancybox=\"gallery898\" href=\"https:\/\/zxdoll.com\/wp-content\/uploads\/2023\/04\/doll-fucking-5r6y38-533x800.jpg\" class=\"eig-popup\" title=\"\" data-caption=\"\" target=\"_blank\"><i class=\"icon-view\"><\/i><span class=\"overlay\"><\/span><img loading=\"lazy\" decoding=\"async\" width=\"150\" height=\"150\" src=\"https:\/\/zxdoll.com\/wp-content\/uploads\/2023\/04\/doll-fucking-5r6y38-150x150.jpg\" class=\"attachment-thumbnail size-thumbnail\" alt=\"\" title=\"\"><\/a><\/li><li><a data-fancybox=\"gallery898\" href=\"https:\/\/zxdoll.com\/wp-content\/uploads\/2023\/04\/doll-fucking-5r6y39-533x800.jpg\" class=\"eig-popup\" title=\"\" data-caption=\"\" target=\"_blank\"><i class=\"icon-view\"><\/i><span class=\"overlay\"><\/span><img loading=\"lazy\" decoding=\"async\" width=\"150\" height=\"150\" src=\"https:\/\/zxdoll.com\/wp-content\/uploads\/2023\/04\/doll-fucking-5r6y39-150x150.jpg\" class=\"attachment-thumbnail size-thumbnail\" alt=\"\" title=\"\"><\/a><\/li><li><a data-fancybox=\"gallery898\" href=\"https:\/\/zxdoll.com\/wp-content\/uploads\/2023\/04\/doll-fucking-5r6y40-533x800.jpg\" class=\"eig-popup\" title=\"\" data-caption=\"\" target=\"_blank\"><i class=\"icon-view\"><\/i><span class=\"overlay\"><\/span><img loading=\"lazy\" decoding=\"async\" width=\"150\" height=\"150\" src=\"https:\/\/zxdoll.com\/wp-content\/uploads\/2023\/04\/doll-fucking-5r6y40-150x150.jpg\" class=\"attachment-thumbnail size-thumbnail\" alt=\"\" title=\"\"><\/a><\/li><li><a data-fancybox=\"gallery898\" href=\"https:\/\/zxdoll.com\/wp-content\/uploads\/2023\/04\/doll-fucking-5r6y41-533x800.jpg\" class=\"eig-popup\" title=\"\" data-caption=\"\" target=\"_blank\"><i class=\"icon-view\"><\/i><span class=\"overlay\"><\/span><img loading=\"lazy\" decoding=\"async\" width=\"150\" height=\"150\" src=\"https:\/\/zxdoll.com\/wp-content\/uploads\/2023\/04\/doll-fucking-5r6y41-150x150.jpg\" class=\"attachment-thumbnail size-thumbnail\" alt=\"\" title=\"\"><\/a><\/li><\/ul>\n<h4>Tabelle delle taglie<\/h4>\n<table width=\"269\">\n<tbody>\n<tr>\n<td width=\"130\">Materiale<\/td>\n<td width=\"139\">TPE<\/td>\n<\/tr>\n<tr>\n<td>Altezza<\/td>\n<td>168 cm<\/td>\n<\/tr>\n<tr>\n<td>Linea seno<\/td>\n<td>93cm<\/td>\n<\/tr>\n<tr>\n<td>Linea di cintura<\/td>\n<td>56 cm<\/td>\n<\/tr>\n<tr>\n<td>Linea dell&#039;anca<\/td>\n<td>89 cm<\/td>\n<\/tr>\n<tr>\n<td>Larghezza delle spalle<\/td>\n<td>36 cm<\/td>\n<\/tr>\n<tr>\n<td>Lunghezza della gamba<\/td>\n<td>88 cm<\/td>\n<\/tr>\n<tr>\n<td>Lunghezza del braccio<\/td>\n<td>63 cm<\/td>\n<\/tr>\n<tr>\n<td>Linea della coscia<\/td>\n<td>45 cm<\/td>\n<\/tr>\n<tr>\n<td>Linea Vitello<\/td>\n<td>30 cm<\/td>\n<\/tr>\n<tr>\n<td>Dimensione dei piedi<\/td>\n<td>21 cm<\/td>\n<\/tr>\n<tr>\n<td>Peso netto<\/td>\n<td>39 kg<\/td>\n<\/tr>\n<tr>\n<td>Profondit\u00e0 orale<\/td>\n<td>13 cm<\/td>\n<\/tr>\n<tr>\n<td>Profondit\u00e0 della vagina<\/td>\n<td>18 cm<\/td>\n<\/tr>\n<tr>\n<td>Profondit\u00e0 anale<\/td>\n<td>16 cm<\/td>\n<\/tr>\n<\/tbody>\n<\/table>\n<h4>Informazioni sulla bambola del sesso<\/h4>\n<p>Nessuna quantit\u00e0 di pressione potrebbe ridurre il suo valore. La nostra solida bambola del sesso \u00e8 una vera bambola del sesso a grandezza naturale e viene fornita con tre fori. Puoi fare sesso con lei attraverso il suo buco vaginale, il suo buco anale o attraverso la bocca. Puoi saperne di pi\u00f9 sulla bambola dell&#039;amore realistica visitando forum di bambole gonfiabili, oppure puoi decidere di guardare film di bambole del sesso con la nostra bambola presente in essi. Questa bambola di platino pu\u00f2 anche essere vestita come preferisci e, se hai abbastanza tempo a disposizione, potete legarvi entrambi quando realizzate parrucche per bambole per la bambola gonfiabile. Pu\u00f2 essere difficile godersi il sesso se non condividi una connessione con la persona che stai scopando, ma incontrando la nostra bambola gonfiabile, ti renderai conto che ti sei perso molto e puoi anche creare un legame tra di voi. La nostra bambola \u00e8 dotata di un foro vaginale che \u00e8 stato creato per assomigliare a quello di una vera donna; non \u00e8 necessario spendere molti soldi prima di poter avere una bambola fantasy nella tua vita.<\/p>","protected":false},"excerpt":{"rendered":"<p>Immagini della bambola del sesso Tabelle delle taglie Materiale TPE Altezza 168 cm Linea del seno 93 cm Linea della vita 56 cm Linea dell&#039;anca 89 cm Larghezza della spalla<\/p>","protected":false},"featured_media":40947,"comment_status":"open","ping_status":"closed","template":"","meta":[],"product_brand":[],"product_cat":[119,75,230,116,101,107],"product_tag":[],"class_list":{"0":"post-40946","1":"product","2":"type-product","3":"status-publish","4":"has-post-thumbnail","6":"product_cat-tpe-sex-doll","7":"product_cat-160cm-170cm-sex-dolls","8":"product_cat-36kg-40kg","9":"product_cat-big-boobs-sex-doll","10":"product_cat-lesbian-sex-doll","11":"product_cat-skinny-sex-dolls","12":"pa_brand-af-doll","13":"tm-has-options","15":"first","16":"instock","17":"sale","18":"shipping-taxable","19":"purchasable","20":"product-type-simple"},"_links":{"self":[{"href":"https:\/\/zxdoll.com\/it\/wp-json\/wp\/v2\/product\/40946","targetHints":{"allow":["GET"]}}],"collection":[{"href":"https:\/\/zxdoll.com\/it\/wp-json\/wp\/v2\/product"}],"about":[{"href":"https:\/\/zxdoll.com\/it\/wp-json\/wp\/v2\/types\/product"}],"replies":[{"embeddable":true,"href":"https:\/\/zxdoll.com\/it\/wp-json\/wp\/v2\/comments?post=40946"}],"version-history":[{"count":2,"href":"https:\/\/zxdoll.com\/it\/wp-json\/wp\/v2\/product\/40946\/revisions"}],"predecessor-version":[{"id":155397,"href":"https:\/\/zxdoll.com\/it\/wp-json\/wp\/v2\/product\/40946\/revisions\/155397"}],"wp:featuredmedia":[{"embeddable":true,"href":"https:\/\/zxdoll.com\/it\/wp-json\/wp\/v2\/media\/40947"}],"wp:attachment":[{"href":"https:\/\/zxdoll.com\/it\/wp-json\/wp\/v2\/media?parent=40946"}],"wp:term":[{"taxonomy":"product_brand","embeddable":true,"href":"https:\/\/zxdoll.com\/it\/wp-json\/wp\/v2\/product_brand?post=40946"},{"taxonomy":"product_cat","embeddable":true,"href":"https:\/\/zxdoll.com\/it\/wp-json\/wp\/v2\/product_cat?post=40946"},{"taxonomy":"product_tag","embeddable":true,"href":"https:\/\/zxdoll.com\/it\/wp-json\/wp\/v2\/product_tag?post=40946"}],"curies":[{"name":"wp","href":"https:\/\/api.w.org\/{rel}","templated":true}]}}