{"id":38076,"date":"2023-04-12T03:05:12","date_gmt":"2023-04-11T19:05:12","guid":{"rendered":"https:\/\/zxdoll.com\/?post_type=product&#038;p=38076"},"modified":"2025-09-08T01:47:17","modified_gmt":"2025-09-07T17:47:17","slug":"affordable-price-full-sex-dolls-for-men","status":"publish","type":"product","link":"https:\/\/zxdoll.com\/it\/product\/affordable-price-full-sex-dolls-for-men\/","title":{"rendered":"Prezzo accessibile Bambole del sesso completo per uomini Olene 163 cm"},"content":{"rendered":"<h4><strong>Immagini di bambole del sesso<\/strong><\/h4>\n\t                <ul class=\"easy-image-gallery thumbnails-18 linked\">\r\n                    <li><a data-fancybox=\"gallery747\" href=\"https:\/\/zxdoll.com\/wp-content\/uploads\/2023\/04\/realistic-fuck-dolls-6t7b1-533x800.jpg\" class=\"eig-popup\" title=\"\" data-caption=\"\" target=\"_blank\"><i class=\"icon-view\"><\/i><span class=\"overlay\"><\/span><img decoding=\"async\" width=\"150\" height=\"150\" src=\"https:\/\/zxdoll.com\/wp-content\/uploads\/2023\/04\/realistic-fuck-dolls-6t7b1-150x150.jpg\" class=\"attachment-thumbnail size-thumbnail\" alt=\"\" title=\"\"><\/a><\/li><li><a data-fancybox=\"gallery747\" href=\"https:\/\/zxdoll.com\/wp-content\/uploads\/2023\/04\/realistic-fuck-dolls-6t7b2-533x800.jpg\" class=\"eig-popup\" title=\"\" data-caption=\"\" target=\"_blank\"><i class=\"icon-view\"><\/i><span class=\"overlay\"><\/span><img decoding=\"async\" width=\"150\" height=\"150\" src=\"https:\/\/zxdoll.com\/wp-content\/uploads\/2023\/04\/realistic-fuck-dolls-6t7b2-150x150.jpg\" class=\"attachment-thumbnail size-thumbnail\" alt=\"\" title=\"\"><\/a><\/li><li><a data-fancybox=\"gallery747\" href=\"https:\/\/zxdoll.com\/wp-content\/uploads\/2023\/04\/realistic-fuck-dolls-6t7b4-533x800.jpg\" class=\"eig-popup\" title=\"\" data-caption=\"\" target=\"_blank\"><i class=\"icon-view\"><\/i><span class=\"overlay\"><\/span><img decoding=\"async\" width=\"150\" height=\"150\" src=\"https:\/\/zxdoll.com\/wp-content\/uploads\/2023\/04\/realistic-fuck-dolls-6t7b4-150x150.jpg\" class=\"attachment-thumbnail size-thumbnail\" alt=\"\" title=\"\"><\/a><\/li><li><a data-fancybox=\"gallery747\" href=\"https:\/\/zxdoll.com\/wp-content\/uploads\/2023\/04\/realistic-fuck-dolls-6t7b5-533x800.jpg\" class=\"eig-popup\" title=\"\" data-caption=\"\" target=\"_blank\"><i class=\"icon-view\"><\/i><span class=\"overlay\"><\/span><img loading=\"lazy\" decoding=\"async\" width=\"150\" height=\"150\" src=\"https:\/\/zxdoll.com\/wp-content\/uploads\/2023\/04\/realistic-fuck-dolls-6t7b5-150x150.jpg\" class=\"attachment-thumbnail size-thumbnail\" alt=\"\" title=\"\"><\/a><\/li><li><a data-fancybox=\"gallery747\" href=\"https:\/\/zxdoll.com\/wp-content\/uploads\/2023\/04\/realistic-fuck-dolls-6t7b6-533x800.jpg\" class=\"eig-popup\" title=\"\" data-caption=\"\" target=\"_blank\"><i class=\"icon-view\"><\/i><span class=\"overlay\"><\/span><img loading=\"lazy\" decoding=\"async\" width=\"150\" height=\"150\" src=\"https:\/\/zxdoll.com\/wp-content\/uploads\/2023\/04\/realistic-fuck-dolls-6t7b6-150x150.jpg\" class=\"attachment-thumbnail size-thumbnail\" alt=\"\" title=\"\"><\/a><\/li><li><a data-fancybox=\"gallery747\" href=\"https:\/\/zxdoll.com\/wp-content\/uploads\/2023\/04\/realistic-fuck-dolls-6t7b7-533x800.jpg\" class=\"eig-popup\" title=\"\" data-caption=\"\" target=\"_blank\"><i class=\"icon-view\"><\/i><span class=\"overlay\"><\/span><img loading=\"lazy\" decoding=\"async\" width=\"150\" height=\"150\" src=\"https:\/\/zxdoll.com\/wp-content\/uploads\/2023\/04\/realistic-fuck-dolls-6t7b7-150x150.jpg\" class=\"attachment-thumbnail size-thumbnail\" alt=\"\" title=\"\"><\/a><\/li><li><a data-fancybox=\"gallery747\" href=\"https:\/\/zxdoll.com\/wp-content\/uploads\/2023\/04\/realistic-fuck-dolls-6t7b8-533x800.jpg\" class=\"eig-popup\" title=\"\" data-caption=\"\" target=\"_blank\"><i class=\"icon-view\"><\/i><span class=\"overlay\"><\/span><img loading=\"lazy\" decoding=\"async\" width=\"150\" height=\"150\" src=\"https:\/\/zxdoll.com\/wp-content\/uploads\/2023\/04\/realistic-fuck-dolls-6t7b8-150x150.jpg\" class=\"attachment-thumbnail size-thumbnail\" alt=\"\" title=\"\"><\/a><\/li><li><a data-fancybox=\"gallery747\" href=\"https:\/\/zxdoll.com\/wp-content\/uploads\/2023\/04\/realistic-fuck-dolls-6t7b11-533x800.jpg\" class=\"eig-popup\" title=\"\" data-caption=\"\" target=\"_blank\"><i class=\"icon-view\"><\/i><span class=\"overlay\"><\/span><img loading=\"lazy\" decoding=\"async\" width=\"150\" height=\"150\" src=\"https:\/\/zxdoll.com\/wp-content\/uploads\/2023\/04\/realistic-fuck-dolls-6t7b11-150x150.jpg\" class=\"attachment-thumbnail size-thumbnail\" alt=\"\" title=\"\"><\/a><\/li><li><a data-fancybox=\"gallery747\" href=\"https:\/\/zxdoll.com\/wp-content\/uploads\/2023\/04\/realistic-fuck-dolls-6t7b12.jpg\" class=\"eig-popup\" title=\"\" data-caption=\"\" target=\"_blank\"><i class=\"icon-view\"><\/i><span class=\"overlay\"><\/span><img loading=\"lazy\" decoding=\"async\" width=\"150\" height=\"150\" src=\"https:\/\/zxdoll.com\/wp-content\/uploads\/2023\/04\/realistic-fuck-dolls-6t7b12-150x150.jpg\" class=\"attachment-thumbnail size-thumbnail\" alt=\"\" title=\"\"><\/a><\/li><li><a data-fancybox=\"gallery747\" href=\"https:\/\/zxdoll.com\/wp-content\/uploads\/2023\/04\/realistic-fuck-dolls-6t7b13-533x800.jpg\" class=\"eig-popup\" title=\"\" data-caption=\"\" target=\"_blank\"><i class=\"icon-view\"><\/i><span class=\"overlay\"><\/span><img loading=\"lazy\" decoding=\"async\" width=\"150\" height=\"150\" src=\"https:\/\/zxdoll.com\/wp-content\/uploads\/2023\/04\/realistic-fuck-dolls-6t7b13-150x150.jpg\" class=\"attachment-thumbnail size-thumbnail\" alt=\"\" title=\"\"><\/a><\/li><li><a data-fancybox=\"gallery747\" href=\"https:\/\/zxdoll.com\/wp-content\/uploads\/2023\/04\/realistic-fuck-dolls-6t7b16-533x800.jpg\" class=\"eig-popup\" title=\"\" data-caption=\"\" target=\"_blank\"><i class=\"icon-view\"><\/i><span class=\"overlay\"><\/span><img loading=\"lazy\" decoding=\"async\" width=\"150\" height=\"150\" src=\"https:\/\/zxdoll.com\/wp-content\/uploads\/2023\/04\/realistic-fuck-dolls-6t7b16-150x150.jpg\" class=\"attachment-thumbnail size-thumbnail\" alt=\"\" title=\"\"><\/a><\/li><li><a data-fancybox=\"gallery747\" href=\"https:\/\/zxdoll.com\/wp-content\/uploads\/2023\/04\/realistic-fuck-dolls-6t7b18-533x800.jpg\" class=\"eig-popup\" title=\"\" data-caption=\"\" target=\"_blank\"><i class=\"icon-view\"><\/i><span class=\"overlay\"><\/span><img loading=\"lazy\" decoding=\"async\" width=\"150\" height=\"150\" src=\"https:\/\/zxdoll.com\/wp-content\/uploads\/2023\/04\/realistic-fuck-dolls-6t7b18-150x150.jpg\" class=\"attachment-thumbnail size-thumbnail\" alt=\"\" title=\"\"><\/a><\/li><li><a data-fancybox=\"gallery747\" href=\"https:\/\/zxdoll.com\/wp-content\/uploads\/2023\/04\/realistic-fuck-dolls-6t7b19-533x800.jpg\" class=\"eig-popup\" title=\"\" data-caption=\"\" target=\"_blank\"><i class=\"icon-view\"><\/i><span class=\"overlay\"><\/span><img loading=\"lazy\" decoding=\"async\" width=\"150\" height=\"150\" src=\"https:\/\/zxdoll.com\/wp-content\/uploads\/2023\/04\/realistic-fuck-dolls-6t7b19-150x150.jpg\" class=\"attachment-thumbnail size-thumbnail\" alt=\"\" title=\"\"><\/a><\/li><li><a data-fancybox=\"gallery747\" href=\"https:\/\/zxdoll.com\/wp-content\/uploads\/2023\/04\/realistic-fuck-dolls-6t7b20-533x800.jpg\" class=\"eig-popup\" title=\"\" data-caption=\"\" target=\"_blank\"><i class=\"icon-view\"><\/i><span class=\"overlay\"><\/span><img loading=\"lazy\" decoding=\"async\" width=\"150\" height=\"150\" src=\"https:\/\/zxdoll.com\/wp-content\/uploads\/2023\/04\/realistic-fuck-dolls-6t7b20-150x150.jpg\" class=\"attachment-thumbnail size-thumbnail\" alt=\"\" title=\"\"><\/a><\/li><li><a data-fancybox=\"gallery747\" href=\"https:\/\/zxdoll.com\/wp-content\/uploads\/2023\/04\/realistic-fuck-dolls-6t7b21-533x800.jpg\" class=\"eig-popup\" title=\"\" data-caption=\"\" target=\"_blank\"><i class=\"icon-view\"><\/i><span class=\"overlay\"><\/span><img loading=\"lazy\" decoding=\"async\" width=\"150\" height=\"150\" src=\"https:\/\/zxdoll.com\/wp-content\/uploads\/2023\/04\/realistic-fuck-dolls-6t7b21-150x150.jpg\" class=\"attachment-thumbnail size-thumbnail\" alt=\"\" title=\"\"><\/a><\/li><li><a data-fancybox=\"gallery747\" href=\"https:\/\/zxdoll.com\/wp-content\/uploads\/2023\/04\/realistic-fuck-dolls-6t7b22-533x800.jpg\" class=\"eig-popup\" title=\"\" data-caption=\"\" target=\"_blank\"><i class=\"icon-view\"><\/i><span class=\"overlay\"><\/span><img loading=\"lazy\" decoding=\"async\" width=\"150\" height=\"150\" src=\"https:\/\/zxdoll.com\/wp-content\/uploads\/2023\/04\/realistic-fuck-dolls-6t7b22-150x150.jpg\" class=\"attachment-thumbnail size-thumbnail\" alt=\"\" title=\"\"><\/a><\/li><li><a data-fancybox=\"gallery747\" href=\"https:\/\/zxdoll.com\/wp-content\/uploads\/2023\/04\/realistic-fuck-dolls-6t7b23-533x800.jpg\" class=\"eig-popup\" title=\"\" data-caption=\"\" target=\"_blank\"><i class=\"icon-view\"><\/i><span class=\"overlay\"><\/span><img loading=\"lazy\" decoding=\"async\" width=\"150\" height=\"150\" src=\"https:\/\/zxdoll.com\/wp-content\/uploads\/2023\/04\/realistic-fuck-dolls-6t7b23-150x150.jpg\" class=\"attachment-thumbnail size-thumbnail\" alt=\"\" title=\"\"><\/a><\/li><li><a data-fancybox=\"gallery747\" href=\"https:\/\/zxdoll.com\/wp-content\/uploads\/2023\/04\/realistic-fuck-dolls-6t7b24-533x800.jpg\" class=\"eig-popup\" title=\"\" data-caption=\"\" target=\"_blank\"><i class=\"icon-view\"><\/i><span class=\"overlay\"><\/span><img loading=\"lazy\" decoding=\"async\" width=\"150\" height=\"150\" src=\"https:\/\/zxdoll.com\/wp-content\/uploads\/2023\/04\/realistic-fuck-dolls-6t7b24-150x150.jpg\" class=\"attachment-thumbnail size-thumbnail\" alt=\"\" title=\"\"><\/a><\/li><\/ul>\n<h4>Tabelle delle taglie<\/h4>\n<table width=\"292\">\n<tbody>\n<tr>\n<td width=\"153\">Materiale<\/td>\n<td width=\"139\">TPE<\/td>\n<\/tr>\n<tr>\n<td>Altezza<\/td>\n<td>163 cm<\/td>\n<\/tr>\n<tr>\n<td>Torace<\/td>\n<td>100 cm<\/td>\n<\/tr>\n<tr>\n<td>Vita<\/td>\n<td>66 cm<\/td>\n<\/tr>\n<tr>\n<td>Anca<\/td>\n<td>110 cm<\/td>\n<\/tr>\n<tr>\n<td>Lunghezza del braccio<\/td>\n<td>69 cm<\/td>\n<\/tr>\n<tr>\n<td>Piede<\/td>\n<td>21 cm<\/td>\n<\/tr>\n<tr>\n<td>Peso netto<\/td>\n<td>52 kg<\/td>\n<\/tr>\n<tr>\n<td>Profondit\u00e0 orale<\/td>\n<td>13 cm<\/td>\n<\/tr>\n<tr>\n<td>Profondit\u00e0 della vagina<\/td>\n<td>18 cm<\/td>\n<\/tr>\n<tr>\n<td>Profondit\u00e0 anale<\/td>\n<td>16 cm<\/td>\n<\/tr>\n<\/tbody>\n<\/table>\n<h4>Informazioni sulla bambola del sesso<\/h4>\n<p>Stai cercando vere bambole del sesso in vendita. Questa linea di bambole gonfiabili da donna costruite su un design compatto ha molto da offrire. Nonostante un design cos\u00ec compatto, questa linea di bambole del sesso femminile realistiche offre tutte le caratteristiche e le funzionalit\u00e0 di cui godresti in una bambola dai capelli rossi a grandezza naturale. Quindi, se stai cercando di ottenere un regalo bavaglio per bambola gonfiabile di alta qualit\u00e0. Quindi non cercare oltre, perch\u00e9 questa splendida bambola del sesso della vita reale \u00e8 la scelta migliore per soddisfare le tue esigenze sessuali.<\/p>\n<p>Inoltre, questa vita come una bambola del sesso \u00e8 fantastica per gli uomini con scene porno di bambole gonfiabili. Quindi, se vuoi ricreare le tue scene porno preferite con un uomo con una bambola gonfiabile. Questa sexy bambola dell&#039;amore ha tutte le migliori caratteristiche di cui puoi godere. Da una base per bambole anime a un design completamente realistico e funzionale. Questa bambola del sesso della vita reale offre una combinazione di stimolazione visiva e funzionalit\u00e0. Quindi, mentre esplori piaceri sessuali pi\u00f9 profondi e coinvolgenti con questa bambola del sesso a grandezza naturale. Puoi stare certo di avere un partner sessuale duraturo con il quale puoi aspettarti innumerevoli sessioni di intenso fare l&#039;amore.<\/p>","protected":false},"excerpt":{"rendered":"<p>Immagini della bambola del sesso Tabelle delle taglie Materiale TPE Altezza 163 cm Busto 100 cm Vita 66 cm Anca 110 cm Lunghezza del braccio 69 cm Piede 21 cm<\/p>","protected":false},"featured_media":38099,"comment_status":"open","ping_status":"closed","template":"","meta":[],"product_brand":[],"product_cat":[103,75,77,115,233,117,119],"product_tag":[],"class_list":{"0":"post-38076","1":"product","2":"type-product","3":"status-publish","4":"has-post-thumbnail","6":"product_cat-2b-sex-doll","7":"product_cat-160cm-170cm-sex-dolls","8":"product_cat-bbw-sex-doll","9":"product_cat-big-booty-sex-doll","10":"product_cat-over-51kg","11":"product_cat-small-breast-sex-doll","12":"product_cat-tpe-sex-doll","13":"pa_brand-aibei-doll","14":"tm-has-options","16":"first","17":"instock","18":"sale","19":"shipping-taxable","20":"purchasable","21":"product-type-simple"},"_links":{"self":[{"href":"https:\/\/zxdoll.com\/it\/wp-json\/wp\/v2\/product\/38076","targetHints":{"allow":["GET"]}}],"collection":[{"href":"https:\/\/zxdoll.com\/it\/wp-json\/wp\/v2\/product"}],"about":[{"href":"https:\/\/zxdoll.com\/it\/wp-json\/wp\/v2\/types\/product"}],"replies":[{"embeddable":true,"href":"https:\/\/zxdoll.com\/it\/wp-json\/wp\/v2\/comments?post=38076"}],"version-history":[{"count":2,"href":"https:\/\/zxdoll.com\/it\/wp-json\/wp\/v2\/product\/38076\/revisions"}],"predecessor-version":[{"id":100333,"href":"https:\/\/zxdoll.com\/it\/wp-json\/wp\/v2\/product\/38076\/revisions\/100333"}],"wp:featuredmedia":[{"embeddable":true,"href":"https:\/\/zxdoll.com\/it\/wp-json\/wp\/v2\/media\/38099"}],"wp:attachment":[{"href":"https:\/\/zxdoll.com\/it\/wp-json\/wp\/v2\/media?parent=38076"}],"wp:term":[{"taxonomy":"product_brand","embeddable":true,"href":"https:\/\/zxdoll.com\/it\/wp-json\/wp\/v2\/product_brand?post=38076"},{"taxonomy":"product_cat","embeddable":true,"href":"https:\/\/zxdoll.com\/it\/wp-json\/wp\/v2\/product_cat?post=38076"},{"taxonomy":"product_tag","embeddable":true,"href":"https:\/\/zxdoll.com\/it\/wp-json\/wp\/v2\/product_tag?post=38076"}],"curies":[{"name":"wp","href":"https:\/\/api.w.org\/{rel}","templated":true}]}}