{"id":35024,"date":"2023-04-08T03:02:09","date_gmt":"2023-04-07T19:02:09","guid":{"rendered":"https:\/\/zxdoll.com\/?post_type=product&#038;p=35024"},"modified":"2025-09-12T16:50:05","modified_gmt":"2025-09-12T08:50:05","slug":"beautiful-skinny-blowjob-female-dolls","status":"publish","type":"product","link":"https:\/\/zxdoll.com\/it\/product\/beautiful-skinny-blowjob-female-dolls\/","title":{"rendered":"Belle bambole femminili con pompino magro Enedina 175 cm"},"content":{"rendered":"<h4><strong>Immagini di bambole del sesso<\/strong><\/h4>\n\t                <ul class=\"easy-image-gallery thumbnails-13 linked\">\r\n                    <li><a data-fancybox=\"gallery555\" href=\"https:\/\/zxdoll.com\/wp-content\/uploads\/2023\/04\/realistic-doll-eyes-5r3s1-533x800.jpg\" class=\"eig-popup\" title=\"\" data-caption=\"\" target=\"_blank\"><i class=\"icon-view\"><\/i><span class=\"overlay\"><\/span><img decoding=\"async\" width=\"150\" height=\"150\" src=\"https:\/\/zxdoll.com\/wp-content\/uploads\/2023\/04\/realistic-doll-eyes-5r3s1-150x150.jpg\" class=\"attachment-thumbnail size-thumbnail\" alt=\"\" title=\"\"><\/a><\/li><li><a data-fancybox=\"gallery555\" href=\"https:\/\/zxdoll.com\/wp-content\/uploads\/2023\/04\/realistic-doll-eyes-5r3s3-533x800.jpg\" class=\"eig-popup\" title=\"\" data-caption=\"\" target=\"_blank\"><i class=\"icon-view\"><\/i><span class=\"overlay\"><\/span><img decoding=\"async\" width=\"150\" height=\"150\" src=\"https:\/\/zxdoll.com\/wp-content\/uploads\/2023\/04\/realistic-doll-eyes-5r3s3-150x150.jpg\" class=\"attachment-thumbnail size-thumbnail\" alt=\"\" title=\"\"><\/a><\/li><li><a data-fancybox=\"gallery555\" href=\"https:\/\/zxdoll.com\/wp-content\/uploads\/2023\/04\/realistic-doll-eyes-5r3s4-533x800.jpg\" class=\"eig-popup\" title=\"\" data-caption=\"\" target=\"_blank\"><i class=\"icon-view\"><\/i><span class=\"overlay\"><\/span><img decoding=\"async\" width=\"150\" height=\"150\" src=\"https:\/\/zxdoll.com\/wp-content\/uploads\/2023\/04\/realistic-doll-eyes-5r3s4-150x150.jpg\" class=\"attachment-thumbnail size-thumbnail\" alt=\"\" title=\"\"><\/a><\/li><li><a data-fancybox=\"gallery555\" href=\"https:\/\/zxdoll.com\/wp-content\/uploads\/2023\/04\/realistic-doll-eyes-5r3s6-533x800.jpg\" class=\"eig-popup\" title=\"\" data-caption=\"\" target=\"_blank\"><i class=\"icon-view\"><\/i><span class=\"overlay\"><\/span><img loading=\"lazy\" decoding=\"async\" width=\"150\" height=\"150\" src=\"https:\/\/zxdoll.com\/wp-content\/uploads\/2023\/04\/realistic-doll-eyes-5r3s6-150x150.jpg\" class=\"attachment-thumbnail size-thumbnail\" alt=\"\" title=\"\"><\/a><\/li><li><a data-fancybox=\"gallery555\" href=\"https:\/\/zxdoll.com\/wp-content\/uploads\/2023\/04\/realistic-doll-eyes-5r3s9-533x800.jpg\" class=\"eig-popup\" title=\"\" data-caption=\"\" target=\"_blank\"><i class=\"icon-view\"><\/i><span class=\"overlay\"><\/span><img loading=\"lazy\" decoding=\"async\" width=\"150\" height=\"150\" src=\"https:\/\/zxdoll.com\/wp-content\/uploads\/2023\/04\/realistic-doll-eyes-5r3s9-150x150.jpg\" class=\"attachment-thumbnail size-thumbnail\" alt=\"\" title=\"\"><\/a><\/li><li><a data-fancybox=\"gallery555\" href=\"https:\/\/zxdoll.com\/wp-content\/uploads\/2023\/04\/realistic-doll-eyes-5r3s10-533x800.jpg\" class=\"eig-popup\" title=\"\" data-caption=\"\" target=\"_blank\"><i class=\"icon-view\"><\/i><span class=\"overlay\"><\/span><img loading=\"lazy\" decoding=\"async\" width=\"150\" height=\"150\" src=\"https:\/\/zxdoll.com\/wp-content\/uploads\/2023\/04\/realistic-doll-eyes-5r3s10-150x150.jpg\" class=\"attachment-thumbnail size-thumbnail\" alt=\"\" title=\"\"><\/a><\/li><li><a data-fancybox=\"gallery555\" href=\"https:\/\/zxdoll.com\/wp-content\/uploads\/2023\/04\/realistic-doll-eyes-5r3s11-533x800.jpg\" class=\"eig-popup\" title=\"\" data-caption=\"\" target=\"_blank\"><i class=\"icon-view\"><\/i><span class=\"overlay\"><\/span><img loading=\"lazy\" decoding=\"async\" width=\"150\" height=\"150\" src=\"https:\/\/zxdoll.com\/wp-content\/uploads\/2023\/04\/realistic-doll-eyes-5r3s11-150x150.jpg\" class=\"attachment-thumbnail size-thumbnail\" alt=\"\" title=\"\"><\/a><\/li><li><a data-fancybox=\"gallery555\" href=\"https:\/\/zxdoll.com\/wp-content\/uploads\/2023\/04\/realistic-doll-eyes-5r3s12-533x800.jpg\" class=\"eig-popup\" title=\"\" data-caption=\"\" target=\"_blank\"><i class=\"icon-view\"><\/i><span class=\"overlay\"><\/span><img loading=\"lazy\" decoding=\"async\" width=\"150\" height=\"150\" src=\"https:\/\/zxdoll.com\/wp-content\/uploads\/2023\/04\/realistic-doll-eyes-5r3s12-150x150.jpg\" class=\"attachment-thumbnail size-thumbnail\" alt=\"\" title=\"\"><\/a><\/li><li><a data-fancybox=\"gallery555\" href=\"https:\/\/zxdoll.com\/wp-content\/uploads\/2023\/04\/realistic-doll-eyes-5r3s13-533x800.jpg\" class=\"eig-popup\" title=\"\" data-caption=\"\" target=\"_blank\"><i class=\"icon-view\"><\/i><span class=\"overlay\"><\/span><img loading=\"lazy\" decoding=\"async\" width=\"150\" height=\"150\" src=\"https:\/\/zxdoll.com\/wp-content\/uploads\/2023\/04\/realistic-doll-eyes-5r3s13-150x150.jpg\" class=\"attachment-thumbnail size-thumbnail\" alt=\"\" title=\"\"><\/a><\/li><li><a data-fancybox=\"gallery555\" href=\"https:\/\/zxdoll.com\/wp-content\/uploads\/2023\/04\/realistic-doll-eyes-5r3s14-533x800.jpg\" class=\"eig-popup\" title=\"\" data-caption=\"\" target=\"_blank\"><i class=\"icon-view\"><\/i><span class=\"overlay\"><\/span><img loading=\"lazy\" decoding=\"async\" width=\"150\" height=\"150\" src=\"https:\/\/zxdoll.com\/wp-content\/uploads\/2023\/04\/realistic-doll-eyes-5r3s14-150x150.jpg\" class=\"attachment-thumbnail size-thumbnail\" alt=\"\" title=\"\"><\/a><\/li><li><a data-fancybox=\"gallery555\" href=\"https:\/\/zxdoll.com\/wp-content\/uploads\/2023\/04\/realistic-doll-eyes-5r3s16-533x800.jpg\" class=\"eig-popup\" title=\"\" data-caption=\"\" target=\"_blank\"><i class=\"icon-view\"><\/i><span class=\"overlay\"><\/span><img loading=\"lazy\" decoding=\"async\" width=\"150\" height=\"150\" src=\"https:\/\/zxdoll.com\/wp-content\/uploads\/2023\/04\/realistic-doll-eyes-5r3s16-150x150.jpg\" class=\"attachment-thumbnail size-thumbnail\" alt=\"\" title=\"\"><\/a><\/li><li><a data-fancybox=\"gallery555\" href=\"https:\/\/zxdoll.com\/wp-content\/uploads\/2023\/04\/realistic-doll-eyes-5r3s18-533x800.jpg\" class=\"eig-popup\" title=\"\" data-caption=\"\" target=\"_blank\"><i class=\"icon-view\"><\/i><span class=\"overlay\"><\/span><img loading=\"lazy\" decoding=\"async\" width=\"150\" height=\"150\" src=\"https:\/\/zxdoll.com\/wp-content\/uploads\/2023\/04\/realistic-doll-eyes-5r3s18-150x150.jpg\" class=\"attachment-thumbnail size-thumbnail\" alt=\"\" title=\"\"><\/a><\/li><li><a data-fancybox=\"gallery555\" href=\"https:\/\/zxdoll.com\/wp-content\/uploads\/2023\/04\/realistic-doll-eyes-5r3s20-533x800.jpg\" class=\"eig-popup\" title=\"\" data-caption=\"\" target=\"_blank\"><i class=\"icon-view\"><\/i><span class=\"overlay\"><\/span><img loading=\"lazy\" decoding=\"async\" width=\"150\" height=\"150\" src=\"https:\/\/zxdoll.com\/wp-content\/uploads\/2023\/04\/realistic-doll-eyes-5r3s20-150x150.jpg\" class=\"attachment-thumbnail size-thumbnail\" alt=\"\" title=\"\"><\/a><\/li><\/ul>\n<h4>Tabelle delle taglie<\/h4>\n<table width=\"269\">\n<tbody>\n<tr>\n<td width=\"130\">Materiale<\/td>\n<td width=\"139\">TPE<\/td>\n<\/tr>\n<tr>\n<td>Altezza<\/td>\n<td>175 cm<\/td>\n<\/tr>\n<tr>\n<td>Linea seno<\/td>\n<td>85 cm<\/td>\n<\/tr>\n<tr>\n<td>Linea di cintura<\/td>\n<td>57 cm<\/td>\n<\/tr>\n<tr>\n<td>Linea dell&#039;anca<\/td>\n<td>88 cm<\/td>\n<\/tr>\n<tr>\n<td>Lunghezza del braccio<\/td>\n<td>65 cm<\/td>\n<\/tr>\n<tr>\n<td>Larghezza delle spalle<\/td>\n<td>38 cm<\/td>\n<\/tr>\n<tr>\n<td>Linea Vitello<\/td>\n<td>30 cm<\/td>\n<\/tr>\n<tr>\n<td>Linea della coscia<\/td>\n<td>50cm<\/td>\n<\/tr>\n<tr>\n<td>Lunghezza della gamba<\/td>\n<td>82 cm<\/td>\n<\/tr>\n<tr>\n<td>Dimensione dei piedi<\/td>\n<td>22 cm<\/td>\n<\/tr>\n<tr>\n<td>Peso netto<\/td>\n<td>39,5 kg<\/td>\n<\/tr>\n<tr>\n<td>Profondit\u00e0 orale<\/td>\n<td>12 cm<\/td>\n<\/tr>\n<tr>\n<td>Profondit\u00e0 della vagina<\/td>\n<td>18 cm<\/td>\n<\/tr>\n<tr>\n<td>Profondit\u00e0 anale<\/td>\n<td>16 cm<\/td>\n<\/tr>\n<\/tbody>\n<\/table>\n<h4>Informazioni sulla bambola del sesso<\/h4>\n<p>Questa bambola sexy con una camicia bianca aperta e la gonna nera a pois \u00e8 una vera bambola cattiva. Una cosa di questa vita come una bambola del sesso \u00e8 la sua taglia, \u00e8 una vita come una bambola del sesso, e sembra che si romper\u00e0 con un tocco, ma non lo far\u00e0. \u00c8 conosciuta come Anastasia.<\/p>\n<p>Questa bambola gonfiabile femminile \u00e8 perfetta per un pompino. La sua piccola bocca carina \u00e8 pronta a succhiare e le sue labbra rosse sono perfette da leccare. Potresti pensare che questa bambola del sesso realistica sia solo una bambola del sesso magra, ma lei \u00e8 pi\u00f9 di questo, \u00e8 una vera bambola del sesso, una bambola magica di Mia, e ti porterebbe in una terra magica con le sue abilit\u00e0 sessuali.<\/p>\n<p>Questo pompino della bambola Anastasia non \u00e8 secondo a nessuno, fa il miglior pompino di sempre e il modo in cui la sua bocca rimbalza sul tuo pene \u00e8 sufficiente per farti raggiungere l&#039;orgasmo.<\/p>\n<p>Una bambola wm, questa sexy bambola dell&#039;amore deve essere accoppiata con un vero partner umano o un vero uomo bambola per liberare tutte le sue abilit\u00e0.<\/p>\n<p>Questa bambola del sesso nera \u00e8 appositamente progettata per dare tutte le azioni. Cos&#039;altro pu\u00f2 fare? Potresti infastidirla per scoprire di pi\u00f9 su cosa pu\u00f2 fare.<\/p>","protected":false},"excerpt":{"rendered":"<p>Immagini della bambola del sesso Tabelle delle taglie Materiale TPE Altezza 175 cm Linea del seno 85 cm Linea della vita 57 cm Linea dell&#039;anca 88 cm Lunghezza del braccio<\/p>","protected":false},"featured_media":35025,"comment_status":"open","ping_status":"closed","template":"","meta":[],"product_brand":[],"product_cat":[97,230,124,107,117,119],"product_tag":[],"class_list":{"0":"post-35024","1":"product","2":"type-product","3":"status-publish","4":"has-post-thumbnail","6":"product_cat-real-life-sex-dolls","7":"product_cat-36kg-40kg","8":"product_cat-above-171cm-sex-dolls","9":"product_cat-skinny-sex-dolls","10":"product_cat-small-breast-sex-doll","11":"product_cat-tpe-sex-doll","12":"pa_brand-irontech-doll","13":"tm-has-options","15":"first","16":"instock","17":"sale","18":"shipping-taxable","19":"purchasable","20":"product-type-simple"},"_links":{"self":[{"href":"https:\/\/zxdoll.com\/it\/wp-json\/wp\/v2\/product\/35024","targetHints":{"allow":["GET"]}}],"collection":[{"href":"https:\/\/zxdoll.com\/it\/wp-json\/wp\/v2\/product"}],"about":[{"href":"https:\/\/zxdoll.com\/it\/wp-json\/wp\/v2\/types\/product"}],"replies":[{"embeddable":true,"href":"https:\/\/zxdoll.com\/it\/wp-json\/wp\/v2\/comments?post=35024"}],"version-history":[{"count":2,"href":"https:\/\/zxdoll.com\/it\/wp-json\/wp\/v2\/product\/35024\/revisions"}],"predecessor-version":[{"id":100375,"href":"https:\/\/zxdoll.com\/it\/wp-json\/wp\/v2\/product\/35024\/revisions\/100375"}],"wp:featuredmedia":[{"embeddable":true,"href":"https:\/\/zxdoll.com\/it\/wp-json\/wp\/v2\/media\/35025"}],"wp:attachment":[{"href":"https:\/\/zxdoll.com\/it\/wp-json\/wp\/v2\/media?parent=35024"}],"wp:term":[{"taxonomy":"product_brand","embeddable":true,"href":"https:\/\/zxdoll.com\/it\/wp-json\/wp\/v2\/product_brand?post=35024"},{"taxonomy":"product_cat","embeddable":true,"href":"https:\/\/zxdoll.com\/it\/wp-json\/wp\/v2\/product_cat?post=35024"},{"taxonomy":"product_tag","embeddable":true,"href":"https:\/\/zxdoll.com\/it\/wp-json\/wp\/v2\/product_tag?post=35024"}],"curies":[{"name":"wp","href":"https:\/\/api.w.org\/{rel}","templated":true}]}}