{"id":34471,"date":"2023-04-06T04:22:51","date_gmt":"2023-04-05T20:22:51","guid":{"rendered":"https:\/\/zxdoll.com\/?post_type=product&#038;p=34471"},"modified":"2025-09-12T16:33:25","modified_gmt":"2025-09-12T08:33:25","slug":"impressive-affordable-lifelike-sex-doll","status":"publish","type":"product","link":"https:\/\/zxdoll.com\/it\/product\/impressive-affordable-lifelike-sex-doll\/","title":{"rendered":"Impressionante bambola del sesso realistica a prezzi accessibili Aisha 168 cm"},"content":{"rendered":"<h4><strong>Immagini di bambole del sesso<\/strong><\/h4>\n\t                <ul class=\"easy-image-gallery thumbnails-21 linked\">\r\n                    <li><a data-fancybox=\"gallery899\" href=\"https:\/\/zxdoll.com\/wp-content\/uploads\/2023\/04\/cleaning-sex-doll-8u7h1-533x800.jpg\" class=\"eig-popup\" title=\"\" data-caption=\"\" target=\"_blank\"><i class=\"icon-view\"><\/i><span class=\"overlay\"><\/span><img decoding=\"async\" width=\"150\" height=\"150\" src=\"https:\/\/zxdoll.com\/wp-content\/uploads\/2023\/04\/cleaning-sex-doll-8u7h1-150x150.jpg\" class=\"attachment-thumbnail size-thumbnail\" alt=\"\" title=\"\"><\/a><\/li><li><a data-fancybox=\"gallery899\" href=\"https:\/\/zxdoll.com\/wp-content\/uploads\/2023\/04\/cleaning-sex-doll-8u7h2-533x800.jpg\" class=\"eig-popup\" title=\"\" data-caption=\"\" target=\"_blank\"><i class=\"icon-view\"><\/i><span class=\"overlay\"><\/span><img decoding=\"async\" width=\"150\" height=\"150\" src=\"https:\/\/zxdoll.com\/wp-content\/uploads\/2023\/04\/cleaning-sex-doll-8u7h2-150x150.jpg\" class=\"attachment-thumbnail size-thumbnail\" alt=\"\" title=\"\"><\/a><\/li><li><a data-fancybox=\"gallery899\" href=\"https:\/\/zxdoll.com\/wp-content\/uploads\/2023\/04\/cleaning-sex-doll-8u7h3-533x800.jpg\" class=\"eig-popup\" title=\"\" data-caption=\"\" target=\"_blank\"><i class=\"icon-view\"><\/i><span class=\"overlay\"><\/span><img decoding=\"async\" width=\"150\" height=\"150\" src=\"https:\/\/zxdoll.com\/wp-content\/uploads\/2023\/04\/cleaning-sex-doll-8u7h3-150x150.jpg\" class=\"attachment-thumbnail size-thumbnail\" alt=\"\" title=\"\"><\/a><\/li><li><a data-fancybox=\"gallery899\" href=\"https:\/\/zxdoll.com\/wp-content\/uploads\/2023\/04\/cleaning-sex-doll-8u7h7-533x800.jpg\" class=\"eig-popup\" title=\"\" data-caption=\"\" target=\"_blank\"><i class=\"icon-view\"><\/i><span class=\"overlay\"><\/span><img loading=\"lazy\" decoding=\"async\" width=\"150\" height=\"150\" src=\"https:\/\/zxdoll.com\/wp-content\/uploads\/2023\/04\/cleaning-sex-doll-8u7h7-150x150.jpg\" class=\"attachment-thumbnail size-thumbnail\" alt=\"\" title=\"\"><\/a><\/li><li><a data-fancybox=\"gallery899\" href=\"https:\/\/zxdoll.com\/wp-content\/uploads\/2023\/04\/cleaning-sex-doll-8u7h8-533x800.jpg\" class=\"eig-popup\" title=\"\" data-caption=\"\" target=\"_blank\"><i class=\"icon-view\"><\/i><span class=\"overlay\"><\/span><img loading=\"lazy\" decoding=\"async\" width=\"150\" height=\"150\" src=\"https:\/\/zxdoll.com\/wp-content\/uploads\/2023\/04\/cleaning-sex-doll-8u7h8-150x150.jpg\" class=\"attachment-thumbnail size-thumbnail\" alt=\"\" title=\"\"><\/a><\/li><li><a data-fancybox=\"gallery899\" href=\"https:\/\/zxdoll.com\/wp-content\/uploads\/2023\/04\/cleaning-sex-doll-8u7h16-533x800.jpg\" class=\"eig-popup\" title=\"\" data-caption=\"\" target=\"_blank\"><i class=\"icon-view\"><\/i><span class=\"overlay\"><\/span><img loading=\"lazy\" decoding=\"async\" width=\"150\" height=\"150\" src=\"https:\/\/zxdoll.com\/wp-content\/uploads\/2023\/04\/cleaning-sex-doll-8u7h16-150x150.jpg\" class=\"attachment-thumbnail size-thumbnail\" alt=\"\" title=\"\"><\/a><\/li><li><a data-fancybox=\"gallery899\" href=\"https:\/\/zxdoll.com\/wp-content\/uploads\/2023\/04\/cleaning-sex-doll-8u7h20-533x800.jpg\" class=\"eig-popup\" title=\"\" data-caption=\"\" target=\"_blank\"><i class=\"icon-view\"><\/i><span class=\"overlay\"><\/span><img loading=\"lazy\" decoding=\"async\" width=\"150\" height=\"150\" src=\"https:\/\/zxdoll.com\/wp-content\/uploads\/2023\/04\/cleaning-sex-doll-8u7h20-150x150.jpg\" class=\"attachment-thumbnail size-thumbnail\" alt=\"\" title=\"\"><\/a><\/li><li><a data-fancybox=\"gallery899\" href=\"https:\/\/zxdoll.com\/wp-content\/uploads\/2023\/04\/cleaning-sex-doll-8u7h23-533x800.jpg\" class=\"eig-popup\" title=\"\" data-caption=\"\" target=\"_blank\"><i class=\"icon-view\"><\/i><span class=\"overlay\"><\/span><img loading=\"lazy\" decoding=\"async\" width=\"150\" height=\"150\" src=\"https:\/\/zxdoll.com\/wp-content\/uploads\/2023\/04\/cleaning-sex-doll-8u7h23-150x150.jpg\" class=\"attachment-thumbnail size-thumbnail\" alt=\"\" title=\"\"><\/a><\/li><li><a data-fancybox=\"gallery899\" href=\"https:\/\/zxdoll.com\/wp-content\/uploads\/2023\/04\/cleaning-sex-doll-8u7h39-533x800.jpg\" class=\"eig-popup\" title=\"\" data-caption=\"\" target=\"_blank\"><i class=\"icon-view\"><\/i><span class=\"overlay\"><\/span><img loading=\"lazy\" decoding=\"async\" width=\"150\" height=\"150\" src=\"https:\/\/zxdoll.com\/wp-content\/uploads\/2023\/04\/cleaning-sex-doll-8u7h39-150x150.jpg\" class=\"attachment-thumbnail size-thumbnail\" alt=\"\" title=\"\"><\/a><\/li><li><a data-fancybox=\"gallery899\" href=\"https:\/\/zxdoll.com\/wp-content\/uploads\/2023\/04\/cleaning-sex-doll-8u7h43-533x800.jpg\" class=\"eig-popup\" title=\"\" data-caption=\"\" target=\"_blank\"><i class=\"icon-view\"><\/i><span class=\"overlay\"><\/span><img loading=\"lazy\" decoding=\"async\" width=\"150\" height=\"150\" src=\"https:\/\/zxdoll.com\/wp-content\/uploads\/2023\/04\/cleaning-sex-doll-8u7h43-150x150.jpg\" class=\"attachment-thumbnail size-thumbnail\" alt=\"\" title=\"\"><\/a><\/li><li><a data-fancybox=\"gallery899\" href=\"https:\/\/zxdoll.com\/wp-content\/uploads\/2023\/04\/cleaning-sex-doll-8u7h44-533x800.jpg\" class=\"eig-popup\" title=\"\" data-caption=\"\" target=\"_blank\"><i class=\"icon-view\"><\/i><span class=\"overlay\"><\/span><img loading=\"lazy\" decoding=\"async\" width=\"150\" height=\"150\" src=\"https:\/\/zxdoll.com\/wp-content\/uploads\/2023\/04\/cleaning-sex-doll-8u7h44-150x150.jpg\" class=\"attachment-thumbnail size-thumbnail\" alt=\"\" title=\"\"><\/a><\/li><li><a data-fancybox=\"gallery899\" href=\"https:\/\/zxdoll.com\/wp-content\/uploads\/2023\/04\/cleaning-sex-doll-8u7h45-533x800.jpg\" class=\"eig-popup\" title=\"\" data-caption=\"\" target=\"_blank\"><i class=\"icon-view\"><\/i><span class=\"overlay\"><\/span><img loading=\"lazy\" decoding=\"async\" width=\"150\" height=\"150\" src=\"https:\/\/zxdoll.com\/wp-content\/uploads\/2023\/04\/cleaning-sex-doll-8u7h45-150x150.jpg\" class=\"attachment-thumbnail size-thumbnail\" alt=\"\" title=\"\"><\/a><\/li><li><a data-fancybox=\"gallery899\" href=\"https:\/\/zxdoll.com\/wp-content\/uploads\/2023\/04\/cleaning-sex-doll-8u7h46-533x800.jpg\" class=\"eig-popup\" title=\"\" data-caption=\"\" target=\"_blank\"><i class=\"icon-view\"><\/i><span class=\"overlay\"><\/span><img loading=\"lazy\" decoding=\"async\" width=\"150\" height=\"150\" src=\"https:\/\/zxdoll.com\/wp-content\/uploads\/2023\/04\/cleaning-sex-doll-8u7h46-150x150.jpg\" class=\"attachment-thumbnail size-thumbnail\" alt=\"\" title=\"\"><\/a><\/li><li><a data-fancybox=\"gallery899\" href=\"https:\/\/zxdoll.com\/wp-content\/uploads\/2023\/04\/cleaning-sex-doll-8u7h47-533x800.jpg\" class=\"eig-popup\" title=\"\" data-caption=\"\" target=\"_blank\"><i class=\"icon-view\"><\/i><span class=\"overlay\"><\/span><img loading=\"lazy\" decoding=\"async\" width=\"150\" height=\"150\" src=\"https:\/\/zxdoll.com\/wp-content\/uploads\/2023\/04\/cleaning-sex-doll-8u7h47-150x150.jpg\" class=\"attachment-thumbnail size-thumbnail\" alt=\"\" title=\"\"><\/a><\/li><li><a data-fancybox=\"gallery899\" href=\"https:\/\/zxdoll.com\/wp-content\/uploads\/2023\/04\/cleaning-sex-doll-8u7h48-533x800.jpg\" class=\"eig-popup\" title=\"\" data-caption=\"\" target=\"_blank\"><i class=\"icon-view\"><\/i><span class=\"overlay\"><\/span><img loading=\"lazy\" decoding=\"async\" width=\"150\" height=\"150\" src=\"https:\/\/zxdoll.com\/wp-content\/uploads\/2023\/04\/cleaning-sex-doll-8u7h48-150x150.jpg\" class=\"attachment-thumbnail size-thumbnail\" alt=\"\" title=\"\"><\/a><\/li><li><a data-fancybox=\"gallery899\" href=\"https:\/\/zxdoll.com\/wp-content\/uploads\/2023\/04\/cleaning-sex-doll-8u7h52-533x800.jpg\" class=\"eig-popup\" title=\"\" data-caption=\"\" target=\"_blank\"><i class=\"icon-view\"><\/i><span class=\"overlay\"><\/span><img loading=\"lazy\" decoding=\"async\" width=\"150\" height=\"150\" src=\"https:\/\/zxdoll.com\/wp-content\/uploads\/2023\/04\/cleaning-sex-doll-8u7h52-150x150.jpg\" class=\"attachment-thumbnail size-thumbnail\" alt=\"\" title=\"\"><\/a><\/li><li><a data-fancybox=\"gallery899\" href=\"https:\/\/zxdoll.com\/wp-content\/uploads\/2023\/04\/cleaning-sex-doll-8u7h53-533x800.jpg\" class=\"eig-popup\" title=\"\" data-caption=\"\" target=\"_blank\"><i class=\"icon-view\"><\/i><span class=\"overlay\"><\/span><img loading=\"lazy\" decoding=\"async\" width=\"150\" height=\"150\" src=\"https:\/\/zxdoll.com\/wp-content\/uploads\/2023\/04\/cleaning-sex-doll-8u7h53-150x150.jpg\" class=\"attachment-thumbnail size-thumbnail\" alt=\"\" title=\"\"><\/a><\/li><li><a data-fancybox=\"gallery899\" href=\"https:\/\/zxdoll.com\/wp-content\/uploads\/2023\/04\/cleaning-sex-doll-8u7h54-533x800.jpg\" class=\"eig-popup\" title=\"\" data-caption=\"\" target=\"_blank\"><i class=\"icon-view\"><\/i><span class=\"overlay\"><\/span><img loading=\"lazy\" decoding=\"async\" width=\"150\" height=\"150\" src=\"https:\/\/zxdoll.com\/wp-content\/uploads\/2023\/04\/cleaning-sex-doll-8u7h54-150x150.jpg\" class=\"attachment-thumbnail size-thumbnail\" alt=\"\" title=\"\"><\/a><\/li><li><a data-fancybox=\"gallery899\" href=\"https:\/\/zxdoll.com\/wp-content\/uploads\/2023\/04\/cleaning-sex-doll-8u7h55-533x800.jpg\" class=\"eig-popup\" title=\"\" data-caption=\"\" target=\"_blank\"><i class=\"icon-view\"><\/i><span class=\"overlay\"><\/span><img loading=\"lazy\" decoding=\"async\" width=\"150\" height=\"150\" src=\"https:\/\/zxdoll.com\/wp-content\/uploads\/2023\/04\/cleaning-sex-doll-8u7h55-150x150.jpg\" class=\"attachment-thumbnail size-thumbnail\" alt=\"\" title=\"\"><\/a><\/li><li><a data-fancybox=\"gallery899\" href=\"https:\/\/zxdoll.com\/wp-content\/uploads\/2023\/04\/cleaning-sex-doll-8u7h59-533x800.jpg\" class=\"eig-popup\" title=\"\" data-caption=\"\" target=\"_blank\"><i class=\"icon-view\"><\/i><span class=\"overlay\"><\/span><img loading=\"lazy\" decoding=\"async\" width=\"150\" height=\"150\" src=\"https:\/\/zxdoll.com\/wp-content\/uploads\/2023\/04\/cleaning-sex-doll-8u7h59-150x150.jpg\" class=\"attachment-thumbnail size-thumbnail\" alt=\"\" title=\"\"><\/a><\/li><li><a data-fancybox=\"gallery899\" href=\"https:\/\/zxdoll.com\/wp-content\/uploads\/2023\/04\/cleaning-sex-doll-8u7h60-533x800.jpg\" class=\"eig-popup\" title=\"\" data-caption=\"\" target=\"_blank\"><i class=\"icon-view\"><\/i><span class=\"overlay\"><\/span><img loading=\"lazy\" decoding=\"async\" width=\"150\" height=\"150\" src=\"https:\/\/zxdoll.com\/wp-content\/uploads\/2023\/04\/cleaning-sex-doll-8u7h60-150x150.jpg\" class=\"attachment-thumbnail size-thumbnail\" alt=\"\" title=\"\"><\/a><\/li><\/ul>\n<h4>Tabelle delle taglie<\/h4>\n<table width=\"269\">\n<tbody>\n<tr>\n<td width=\"130\">Materiale<\/td>\n<td width=\"139\">TPE<\/td>\n<\/tr>\n<tr>\n<td>Altezza<\/td>\n<td>168 cm in pi\u00f9<\/td>\n<\/tr>\n<tr>\n<td>Linea seno<\/td>\n<td>85 cm<\/td>\n<\/tr>\n<tr>\n<td>Linea di cintura<\/td>\n<td>63 cm<\/td>\n<\/tr>\n<tr>\n<td>Linea dell&#039;anca<\/td>\n<td>97 cm<\/td>\n<\/tr>\n<tr>\n<td>Lunghezza del braccio<\/td>\n<td>71cm<\/td>\n<\/tr>\n<tr>\n<td>Larghezza delle spalle<\/td>\n<td>39 cm<\/td>\n<\/tr>\n<tr>\n<td>Linea Vitello<\/td>\n<td>31,5 cm<\/td>\n<\/tr>\n<tr>\n<td>Linea della coscia<\/td>\n<td>52,5 cm<\/td>\n<\/tr>\n<tr>\n<td>Lunghezza della gamba<\/td>\n<td>92 cm<\/td>\n<\/tr>\n<tr>\n<td>Dimensione dei piedi<\/td>\n<td>23cm<\/td>\n<\/tr>\n<tr>\n<td>Peso netto<\/td>\n<td>42 kg<\/td>\n<\/tr>\n<tr>\n<td>Profondit\u00e0 orale<\/td>\n<td>12 cm<\/td>\n<\/tr>\n<tr>\n<td>Profondit\u00e0 della vagina<\/td>\n<td>18 cm<\/td>\n<\/tr>\n<tr>\n<td>Profondit\u00e0 anale<\/td>\n<td>16 cm<\/td>\n<\/tr>\n<\/tbody>\n<\/table>\n<h4>Informazioni sulla bambola del sesso<\/h4>\n<p>Cosa ti viene in mente quando guardi questa bambola del sesso nuda di 128 cm? Certo, \u00e8 perfetto. Questo sex roll sintetico \u00e8 stato realizzato per essere perfetto per te. Riesci a sentire la sua pelle liscia solo guardandola? Questa bambola dell&#039;amore realistica potrebbe essere una bambola del sesso realistica, ma sicuramente viene fornita con un pacchetto considerevole.<\/p>\n<p>Dai un&#039;occhiata a quelle enormi tette; oh, come succhiare quei capezzoli perfetti. Guarda i capezzoli, aspettando che tu ci metta sopra la bocca. Questa bambola del sesso con tette enormi non si preoccupa di essere risucchiata tutto il giorno, dentro e fuori.<\/p>\n<p>La sua bocca rossa rimane in attesa del fortunato ragazzo che pogger\u00e0 le sue labbra su di lei; lascia che sia tu. \u00c8 una bambola del sesso poco costosa ma tosta a letto. Non confondere il fatto che sia una bambola del sesso realistica per pigrizia o mancanza di abilit\u00e0; se non si presta attenzione, ti ferir\u00e0 a letto.<\/p>\n<p>Henixa, la vera bambola del sesso con un girocollo nero, \u00e8 la bambola discreta perfetta per te e la cosa fantastica di questo \u00e8; ottieni la tua bambola del sesso realistica a buon mercato e trovi anche pi\u00f9 facile conservare questa bambola del sesso, con i suoi capelli dorati e gli occhi sexy, dovresti ottenere questa bambola del sesso com.<\/p>","protected":false},"excerpt":{"rendered":"<p>Immagini della bambola del sesso Tabelle delle taglie Materiale TPE Altezza 168 cm Plus Linea del seno 85 cm Linea della vita 63 cm Linea dell&#039;anca 97 cm Braccio<\/p>","protected":false},"featured_media":34486,"comment_status":"open","ping_status":"closed","template":"","meta":[],"product_brand":[],"product_cat":[97,75,231,107,117,119],"product_tag":[],"class_list":{"0":"post-34471","1":"product","2":"type-product","3":"status-publish","4":"has-post-thumbnail","6":"product_cat-real-life-sex-dolls","7":"product_cat-160cm-170cm-sex-dolls","8":"product_cat-41kg-45kg","9":"product_cat-skinny-sex-dolls","10":"product_cat-small-breast-sex-doll","11":"product_cat-tpe-sex-doll","12":"pa_brand-irontech-doll","13":"tm-has-options","15":"first","16":"instock","17":"sale","18":"shipping-taxable","19":"purchasable","20":"product-type-simple"},"_links":{"self":[{"href":"https:\/\/zxdoll.com\/it\/wp-json\/wp\/v2\/product\/34471","targetHints":{"allow":["GET"]}}],"collection":[{"href":"https:\/\/zxdoll.com\/it\/wp-json\/wp\/v2\/product"}],"about":[{"href":"https:\/\/zxdoll.com\/it\/wp-json\/wp\/v2\/types\/product"}],"replies":[{"embeddable":true,"href":"https:\/\/zxdoll.com\/it\/wp-json\/wp\/v2\/comments?post=34471"}],"version-history":[{"count":1,"href":"https:\/\/zxdoll.com\/it\/wp-json\/wp\/v2\/product\/34471\/revisions"}],"predecessor-version":[{"id":100415,"href":"https:\/\/zxdoll.com\/it\/wp-json\/wp\/v2\/product\/34471\/revisions\/100415"}],"wp:featuredmedia":[{"embeddable":true,"href":"https:\/\/zxdoll.com\/it\/wp-json\/wp\/v2\/media\/34486"}],"wp:attachment":[{"href":"https:\/\/zxdoll.com\/it\/wp-json\/wp\/v2\/media?parent=34471"}],"wp:term":[{"taxonomy":"product_brand","embeddable":true,"href":"https:\/\/zxdoll.com\/it\/wp-json\/wp\/v2\/product_brand?post=34471"},{"taxonomy":"product_cat","embeddable":true,"href":"https:\/\/zxdoll.com\/it\/wp-json\/wp\/v2\/product_cat?post=34471"},{"taxonomy":"product_tag","embeddable":true,"href":"https:\/\/zxdoll.com\/it\/wp-json\/wp\/v2\/product_tag?post=34471"}],"curies":[{"name":"wp","href":"https:\/\/api.w.org\/{rel}","templated":true}]}}