{"id":33593,"date":"2023-04-06T01:40:12","date_gmt":"2023-04-05T17:40:12","guid":{"rendered":"https:\/\/zxdoll.com\/?post_type=product&#038;p=33593"},"modified":"2025-09-12T12:01:08","modified_gmt":"2025-09-12T04:01:08","slug":"beautiful-affordable-lifelike-sex-dolls","status":"publish","type":"product","link":"https:\/\/zxdoll.com\/it\/product\/beautiful-affordable-lifelike-sex-dolls\/","title":{"rendered":"Belle bambole sessuali realistiche a prezzi accessibili Emelina 165 cm"},"content":{"rendered":"<h4><strong>Immagini di bambole del sesso<\/strong><\/h4>\n\t                <ul class=\"easy-image-gallery thumbnails-21 linked\">\r\n                    <li><a data-fancybox=\"gallery167\" href=\"https:\/\/zxdoll.com\/wp-content\/uploads\/2023\/04\/real-lifelike-sex-doll-8e4n2-533x800.jpg\" class=\"eig-popup\" title=\"\" data-caption=\"\" target=\"_blank\"><i class=\"icon-view\"><\/i><span class=\"overlay\"><\/span><img decoding=\"async\" width=\"150\" height=\"150\" src=\"https:\/\/zxdoll.com\/wp-content\/uploads\/2023\/04\/real-lifelike-sex-doll-8e4n2-150x150.jpg\" class=\"attachment-thumbnail size-thumbnail\" alt=\"\" title=\"\"><\/a><\/li><li><a data-fancybox=\"gallery167\" href=\"https:\/\/zxdoll.com\/wp-content\/uploads\/2023\/04\/real-lifelike-sex-doll-8e4n3-533x800.jpg\" class=\"eig-popup\" title=\"\" data-caption=\"\" target=\"_blank\"><i class=\"icon-view\"><\/i><span class=\"overlay\"><\/span><img decoding=\"async\" width=\"150\" height=\"150\" src=\"https:\/\/zxdoll.com\/wp-content\/uploads\/2023\/04\/real-lifelike-sex-doll-8e4n3-150x150.jpg\" class=\"attachment-thumbnail size-thumbnail\" alt=\"\" title=\"\"><\/a><\/li><li><a data-fancybox=\"gallery167\" href=\"https:\/\/zxdoll.com\/wp-content\/uploads\/2023\/04\/real-lifelike-sex-doll-8e4n4-533x800.jpg\" class=\"eig-popup\" title=\"\" data-caption=\"\" target=\"_blank\"><i class=\"icon-view\"><\/i><span class=\"overlay\"><\/span><img decoding=\"async\" width=\"150\" height=\"150\" src=\"https:\/\/zxdoll.com\/wp-content\/uploads\/2023\/04\/real-lifelike-sex-doll-8e4n4-150x150.jpg\" class=\"attachment-thumbnail size-thumbnail\" alt=\"\" title=\"\"><\/a><\/li><li><a data-fancybox=\"gallery167\" href=\"https:\/\/zxdoll.com\/wp-content\/uploads\/2023\/04\/real-lifelike-sex-doll-8e4n6-533x800.jpg\" class=\"eig-popup\" title=\"\" data-caption=\"\" target=\"_blank\"><i class=\"icon-view\"><\/i><span class=\"overlay\"><\/span><img loading=\"lazy\" decoding=\"async\" width=\"150\" height=\"150\" src=\"https:\/\/zxdoll.com\/wp-content\/uploads\/2023\/04\/real-lifelike-sex-doll-8e4n6-150x150.jpg\" class=\"attachment-thumbnail size-thumbnail\" alt=\"\" title=\"\"><\/a><\/li><li><a data-fancybox=\"gallery167\" href=\"https:\/\/zxdoll.com\/wp-content\/uploads\/2023\/04\/real-lifelike-sex-doll-8e4n7-533x800.jpg\" class=\"eig-popup\" title=\"\" data-caption=\"\" target=\"_blank\"><i class=\"icon-view\"><\/i><span class=\"overlay\"><\/span><img loading=\"lazy\" decoding=\"async\" width=\"150\" height=\"150\" src=\"https:\/\/zxdoll.com\/wp-content\/uploads\/2023\/04\/real-lifelike-sex-doll-8e4n7-150x150.jpg\" class=\"attachment-thumbnail size-thumbnail\" alt=\"\" title=\"\"><\/a><\/li><li><a data-fancybox=\"gallery167\" href=\"https:\/\/zxdoll.com\/wp-content\/uploads\/2023\/04\/real-lifelike-sex-doll-8e4n8-533x800.jpg\" class=\"eig-popup\" title=\"\" data-caption=\"\" target=\"_blank\"><i class=\"icon-view\"><\/i><span class=\"overlay\"><\/span><img loading=\"lazy\" decoding=\"async\" width=\"150\" height=\"150\" src=\"https:\/\/zxdoll.com\/wp-content\/uploads\/2023\/04\/real-lifelike-sex-doll-8e4n8-150x150.jpg\" class=\"attachment-thumbnail size-thumbnail\" alt=\"\" title=\"\"><\/a><\/li><li><a data-fancybox=\"gallery167\" href=\"https:\/\/zxdoll.com\/wp-content\/uploads\/2023\/04\/real-lifelike-sex-doll-8e4n9-533x800.jpg\" class=\"eig-popup\" title=\"\" data-caption=\"\" target=\"_blank\"><i class=\"icon-view\"><\/i><span class=\"overlay\"><\/span><img loading=\"lazy\" decoding=\"async\" width=\"150\" height=\"150\" src=\"https:\/\/zxdoll.com\/wp-content\/uploads\/2023\/04\/real-lifelike-sex-doll-8e4n9-150x150.jpg\" class=\"attachment-thumbnail size-thumbnail\" alt=\"\" title=\"\"><\/a><\/li><li><a data-fancybox=\"gallery167\" href=\"https:\/\/zxdoll.com\/wp-content\/uploads\/2023\/04\/real-lifelike-sex-doll-8e4n10-533x800.jpg\" class=\"eig-popup\" title=\"\" data-caption=\"\" target=\"_blank\"><i class=\"icon-view\"><\/i><span class=\"overlay\"><\/span><img loading=\"lazy\" decoding=\"async\" width=\"150\" height=\"150\" src=\"https:\/\/zxdoll.com\/wp-content\/uploads\/2023\/04\/real-lifelike-sex-doll-8e4n10-150x150.jpg\" class=\"attachment-thumbnail size-thumbnail\" alt=\"\" title=\"\"><\/a><\/li><li><a data-fancybox=\"gallery167\" href=\"https:\/\/zxdoll.com\/wp-content\/uploads\/2023\/04\/real-lifelike-sex-doll-8e4n11-533x800.jpg\" class=\"eig-popup\" title=\"\" data-caption=\"\" target=\"_blank\"><i class=\"icon-view\"><\/i><span class=\"overlay\"><\/span><img loading=\"lazy\" decoding=\"async\" width=\"150\" height=\"150\" src=\"https:\/\/zxdoll.com\/wp-content\/uploads\/2023\/04\/real-lifelike-sex-doll-8e4n11-150x150.jpg\" class=\"attachment-thumbnail size-thumbnail\" alt=\"\" title=\"\"><\/a><\/li><li><a data-fancybox=\"gallery167\" href=\"https:\/\/zxdoll.com\/wp-content\/uploads\/2023\/04\/real-lifelike-sex-doll-8e4n12-533x800.jpg\" class=\"eig-popup\" title=\"\" data-caption=\"\" target=\"_blank\"><i class=\"icon-view\"><\/i><span class=\"overlay\"><\/span><img loading=\"lazy\" decoding=\"async\" width=\"150\" height=\"150\" src=\"https:\/\/zxdoll.com\/wp-content\/uploads\/2023\/04\/real-lifelike-sex-doll-8e4n12-150x150.jpg\" class=\"attachment-thumbnail size-thumbnail\" alt=\"\" title=\"\"><\/a><\/li><li><a data-fancybox=\"gallery167\" href=\"https:\/\/zxdoll.com\/wp-content\/uploads\/2023\/04\/real-lifelike-sex-doll-8e4n13-533x800.jpg\" class=\"eig-popup\" title=\"\" data-caption=\"\" target=\"_blank\"><i class=\"icon-view\"><\/i><span class=\"overlay\"><\/span><img loading=\"lazy\" decoding=\"async\" width=\"150\" height=\"150\" src=\"https:\/\/zxdoll.com\/wp-content\/uploads\/2023\/04\/real-lifelike-sex-doll-8e4n13-150x150.jpg\" class=\"attachment-thumbnail size-thumbnail\" alt=\"\" title=\"\"><\/a><\/li><li><a data-fancybox=\"gallery167\" href=\"https:\/\/zxdoll.com\/wp-content\/uploads\/2023\/04\/real-lifelike-sex-doll-8e4n14-533x800.jpg\" class=\"eig-popup\" title=\"\" data-caption=\"\" target=\"_blank\"><i class=\"icon-view\"><\/i><span class=\"overlay\"><\/span><img loading=\"lazy\" decoding=\"async\" width=\"150\" height=\"150\" src=\"https:\/\/zxdoll.com\/wp-content\/uploads\/2023\/04\/real-lifelike-sex-doll-8e4n14-150x150.jpg\" class=\"attachment-thumbnail size-thumbnail\" alt=\"\" title=\"\"><\/a><\/li><li><a data-fancybox=\"gallery167\" href=\"https:\/\/zxdoll.com\/wp-content\/uploads\/2023\/04\/real-lifelike-sex-doll-8e4n15-533x800.jpg\" class=\"eig-popup\" title=\"\" data-caption=\"\" target=\"_blank\"><i class=\"icon-view\"><\/i><span class=\"overlay\"><\/span><img loading=\"lazy\" decoding=\"async\" width=\"150\" height=\"150\" src=\"https:\/\/zxdoll.com\/wp-content\/uploads\/2023\/04\/real-lifelike-sex-doll-8e4n15-150x150.jpg\" class=\"attachment-thumbnail size-thumbnail\" alt=\"\" title=\"\"><\/a><\/li><li><a data-fancybox=\"gallery167\" href=\"https:\/\/zxdoll.com\/wp-content\/uploads\/2023\/04\/real-lifelike-sex-doll-8e4n16-533x800.jpg\" class=\"eig-popup\" title=\"\" data-caption=\"\" target=\"_blank\"><i class=\"icon-view\"><\/i><span class=\"overlay\"><\/span><img loading=\"lazy\" decoding=\"async\" width=\"150\" height=\"150\" src=\"https:\/\/zxdoll.com\/wp-content\/uploads\/2023\/04\/real-lifelike-sex-doll-8e4n16-150x150.jpg\" class=\"attachment-thumbnail size-thumbnail\" alt=\"\" title=\"\"><\/a><\/li><li><a data-fancybox=\"gallery167\" href=\"https:\/\/zxdoll.com\/wp-content\/uploads\/2023\/04\/real-lifelike-sex-doll-8e4n17-533x800.jpg\" class=\"eig-popup\" title=\"\" data-caption=\"\" target=\"_blank\"><i class=\"icon-view\"><\/i><span class=\"overlay\"><\/span><img loading=\"lazy\" decoding=\"async\" width=\"150\" height=\"150\" src=\"https:\/\/zxdoll.com\/wp-content\/uploads\/2023\/04\/real-lifelike-sex-doll-8e4n17-150x150.jpg\" class=\"attachment-thumbnail size-thumbnail\" alt=\"\" title=\"\"><\/a><\/li><li><a data-fancybox=\"gallery167\" href=\"https:\/\/zxdoll.com\/wp-content\/uploads\/2023\/04\/real-lifelike-sex-doll-8e4n18-533x800.jpg\" class=\"eig-popup\" title=\"\" data-caption=\"\" target=\"_blank\"><i class=\"icon-view\"><\/i><span class=\"overlay\"><\/span><img loading=\"lazy\" decoding=\"async\" width=\"150\" height=\"150\" src=\"https:\/\/zxdoll.com\/wp-content\/uploads\/2023\/04\/real-lifelike-sex-doll-8e4n18-150x150.jpg\" class=\"attachment-thumbnail size-thumbnail\" alt=\"\" title=\"\"><\/a><\/li><li><a data-fancybox=\"gallery167\" href=\"https:\/\/zxdoll.com\/wp-content\/uploads\/2023\/04\/real-lifelike-sex-doll-8e4n19-533x800.jpg\" class=\"eig-popup\" title=\"\" data-caption=\"\" target=\"_blank\"><i class=\"icon-view\"><\/i><span class=\"overlay\"><\/span><img loading=\"lazy\" decoding=\"async\" width=\"150\" height=\"150\" src=\"https:\/\/zxdoll.com\/wp-content\/uploads\/2023\/04\/real-lifelike-sex-doll-8e4n19-150x150.jpg\" class=\"attachment-thumbnail size-thumbnail\" alt=\"\" title=\"\"><\/a><\/li><li><a data-fancybox=\"gallery167\" href=\"https:\/\/zxdoll.com\/wp-content\/uploads\/2023\/04\/real-lifelike-sex-doll-8e4n21-533x800.jpg\" class=\"eig-popup\" title=\"\" data-caption=\"\" target=\"_blank\"><i class=\"icon-view\"><\/i><span class=\"overlay\"><\/span><img loading=\"lazy\" decoding=\"async\" width=\"150\" height=\"150\" src=\"https:\/\/zxdoll.com\/wp-content\/uploads\/2023\/04\/real-lifelike-sex-doll-8e4n21-150x150.jpg\" class=\"attachment-thumbnail size-thumbnail\" alt=\"\" title=\"\"><\/a><\/li><li><a data-fancybox=\"gallery167\" href=\"https:\/\/zxdoll.com\/wp-content\/uploads\/2023\/04\/real-lifelike-sex-doll-8e4n22-533x800.jpg\" class=\"eig-popup\" title=\"\" data-caption=\"\" target=\"_blank\"><i class=\"icon-view\"><\/i><span class=\"overlay\"><\/span><img loading=\"lazy\" decoding=\"async\" width=\"150\" height=\"150\" src=\"https:\/\/zxdoll.com\/wp-content\/uploads\/2023\/04\/real-lifelike-sex-doll-8e4n22-150x150.jpg\" class=\"attachment-thumbnail size-thumbnail\" alt=\"\" title=\"\"><\/a><\/li><li><a data-fancybox=\"gallery167\" href=\"https:\/\/zxdoll.com\/wp-content\/uploads\/2023\/04\/real-lifelike-sex-doll-8e4n23-533x800.jpg\" class=\"eig-popup\" title=\"\" data-caption=\"\" target=\"_blank\"><i class=\"icon-view\"><\/i><span class=\"overlay\"><\/span><img loading=\"lazy\" decoding=\"async\" width=\"150\" height=\"150\" src=\"https:\/\/zxdoll.com\/wp-content\/uploads\/2023\/04\/real-lifelike-sex-doll-8e4n23-150x150.jpg\" class=\"attachment-thumbnail size-thumbnail\" alt=\"\" title=\"\"><\/a><\/li><li><a data-fancybox=\"gallery167\" href=\"https:\/\/zxdoll.com\/wp-content\/uploads\/2023\/04\/real-lifelike-sex-doll-8e4n24-533x800.jpg\" class=\"eig-popup\" title=\"\" data-caption=\"\" target=\"_blank\"><i class=\"icon-view\"><\/i><span class=\"overlay\"><\/span><img loading=\"lazy\" decoding=\"async\" width=\"150\" height=\"150\" src=\"https:\/\/zxdoll.com\/wp-content\/uploads\/2023\/04\/real-lifelike-sex-doll-8e4n24-150x150.jpg\" class=\"attachment-thumbnail size-thumbnail\" alt=\"\" title=\"\"><\/a><\/li><\/ul>\n<h4>Tabelle delle taglie<\/h4>\n<table width=\"269\">\n<tbody>\n<tr>\n<td width=\"130\">Materiale<\/td>\n<td width=\"139\">TPE<\/td>\n<\/tr>\n<tr>\n<td>Altezza<\/td>\n<td>165 cm meno<\/td>\n<\/tr>\n<tr>\n<td>Linea seno<\/td>\n<td>75 cm<\/td>\n<\/tr>\n<tr>\n<td>Linea di cintura<\/td>\n<td>64 cm<\/td>\n<\/tr>\n<tr>\n<td>Linea dell&#039;anca<\/td>\n<td>89 cm<\/td>\n<\/tr>\n<tr>\n<td>Lunghezza del braccio<\/td>\n<td>66 cm<\/td>\n<\/tr>\n<tr>\n<td>Larghezza delle spalle<\/td>\n<td>36 cm<\/td>\n<\/tr>\n<tr>\n<td>Linea Vitello<\/td>\n<td>29cm<\/td>\n<\/tr>\n<tr>\n<td>Linea della coscia<\/td>\n<td>45,5 cm<\/td>\n<\/tr>\n<tr>\n<td>Lunghezza della gamba<\/td>\n<td>82 cm<\/td>\n<\/tr>\n<tr>\n<td>Dimensione dei piedi<\/td>\n<td>23cm<\/td>\n<\/tr>\n<tr>\n<td>Peso netto<\/td>\n<td>35 kg<\/td>\n<\/tr>\n<tr>\n<td>Profondit\u00e0 orale<\/td>\n<td>12 cm<\/td>\n<\/tr>\n<tr>\n<td>Profondit\u00e0 della vagina<\/td>\n<td>18 cm<\/td>\n<\/tr>\n<tr>\n<td>Profondit\u00e0 anale<\/td>\n<td>16 cm<\/td>\n<\/tr>\n<\/tbody>\n<\/table>\n<h4>Informazioni sulla bambola del sesso<\/h4>\n<p>\u00c8 una bella giornata e questa vera bambola Jasmine \u00e8 pronta per una cattura; sei pronto per la corsa? Questa bambola del sesso usata in vendita, una bambola del sesso carina e tatuata in carne e ossa, adora qualsiasi uomo che sia disposto a tenere in mano il suo corpo da sballo, e questa bambola xy non si preoccupa di fotterti ogni giorno, ogni settimana e ogni ora, e se pesante il sesso \u00e8 la tua specifica, quindi, in ogni caso, scegli questa transessuale bambola del sesso.<\/p>\n<p>Poich\u00e9 \u00e8 l&#039;unica a darti quel sesso da sballo per iniziare la giornata in modo brillante, cogli ogni opportunit\u00e0 per possedere questa vera bambola da 165 cm; solo un piccolo consiglio; gelsomino, la bambola del sesso in silicone, d\u00e0 solo l&#039;apice della soddisfazione sessuale che ti farebbe ignorare come si sente il sesso con un vero essere umano. Questa bambola del sesso femminile con l&#039;alluce pi\u00f9 sensibile e bello \u00e8 sempre allettante.<\/p>\n<p>Jasmine ha cos\u00ec tanti tratti eccezionali, uno dei quali \u00e8 la sua gamba straordinariamente dritta e liscia. \u00c8 davvero l&#039;incarnazione della vera bellezza con un dito del piede sottile. Questa bambola dell&#039;amore \u00e8 un&#039;enorme bambola del sesso con grandi tette abbastanza da metterti in vena di sesso. Sai che possiamo creare una bambola del sesso per soddisfare le tue specifiche? S\u00ec, e sar\u00e0 ancora una bambola del sesso realistica, proprio come la vuoi tu.<\/p>","protected":false},"excerpt":{"rendered":"<p>Immagini della bambola del sesso Tabelle delle taglie Materiale TPE Altezza 165 cm meno Linea del seno 75 cm Linea della vita 64 cm Linea dell&#039;anca 89 cm Braccio<\/p>","protected":false},"featured_media":33595,"comment_status":"open","ping_status":"closed","template":"","meta":[],"product_brand":[],"product_cat":[97,75,229,80,115,117,119],"product_tag":[],"class_list":{"0":"post-33593","1":"product","2":"type-product","3":"status-publish","4":"has-post-thumbnail","6":"product_cat-real-life-sex-dolls","7":"product_cat-160cm-170cm-sex-dolls","8":"product_cat-31kg-35kg","9":"product_cat-asian-sex-doll","10":"product_cat-big-booty-sex-doll","11":"product_cat-small-breast-sex-doll","12":"product_cat-tpe-sex-doll","13":"pa_brand-irontech-doll","14":"tm-has-options","16":"first","17":"instock","18":"sale","19":"shipping-taxable","20":"purchasable","21":"product-type-simple"},"_links":{"self":[{"href":"https:\/\/zxdoll.com\/it\/wp-json\/wp\/v2\/product\/33593","targetHints":{"allow":["GET"]}}],"collection":[{"href":"https:\/\/zxdoll.com\/it\/wp-json\/wp\/v2\/product"}],"about":[{"href":"https:\/\/zxdoll.com\/it\/wp-json\/wp\/v2\/types\/product"}],"replies":[{"embeddable":true,"href":"https:\/\/zxdoll.com\/it\/wp-json\/wp\/v2\/comments?post=33593"}],"version-history":[{"count":1,"href":"https:\/\/zxdoll.com\/it\/wp-json\/wp\/v2\/product\/33593\/revisions"}],"predecessor-version":[{"id":100449,"href":"https:\/\/zxdoll.com\/it\/wp-json\/wp\/v2\/product\/33593\/revisions\/100449"}],"wp:featuredmedia":[{"embeddable":true,"href":"https:\/\/zxdoll.com\/it\/wp-json\/wp\/v2\/media\/33595"}],"wp:attachment":[{"href":"https:\/\/zxdoll.com\/it\/wp-json\/wp\/v2\/media?parent=33593"}],"wp:term":[{"taxonomy":"product_brand","embeddable":true,"href":"https:\/\/zxdoll.com\/it\/wp-json\/wp\/v2\/product_brand?post=33593"},{"taxonomy":"product_cat","embeddable":true,"href":"https:\/\/zxdoll.com\/it\/wp-json\/wp\/v2\/product_cat?post=33593"},{"taxonomy":"product_tag","embeddable":true,"href":"https:\/\/zxdoll.com\/it\/wp-json\/wp\/v2\/product_tag?post=33593"}],"curies":[{"name":"wp","href":"https:\/\/api.w.org\/{rel}","templated":true}]}}