{"id":24369,"date":"2023-03-27T23:28:28","date_gmt":"2023-03-27T15:28:28","guid":{"rendered":"https:\/\/zxdoll.com\/?post_type=product&#038;p=24369"},"modified":"2025-09-15T02:28:13","modified_gmt":"2025-09-14T18:28:13","slug":"realistic-handheld-animated-sex-dolls","status":"publish","type":"product","link":"https:\/\/zxdoll.com\/it\/product\/realistic-handheld-animated-sex-dolls\/","title":{"rendered":"Bambole sessuali animate portatili realistiche Jorry 155 cm"},"content":{"rendered":"<h4><strong>Immagini di bambole del sesso<\/strong><\/h4>\n\t                <ul class=\"easy-image-gallery thumbnails-18 linked\">\r\n                    <li><a data-fancybox=\"gallery202\" href=\"https:\/\/zxdoll.com\/wp-content\/uploads\/2023\/03\/tumblr-rubber-doll-s8ki1.jpg\" class=\"eig-popup\" title=\"\" data-caption=\"\" target=\"_blank\"><i class=\"icon-view\"><\/i><span class=\"overlay\"><\/span><img decoding=\"async\" width=\"150\" height=\"150\" src=\"https:\/\/zxdoll.com\/wp-content\/uploads\/2023\/03\/tumblr-rubber-doll-s8ki1-150x150.jpg\" class=\"attachment-thumbnail size-thumbnail\" alt=\"\" title=\"\"><\/a><\/li><li><a data-fancybox=\"gallery202\" href=\"https:\/\/zxdoll.com\/wp-content\/uploads\/2023\/03\/tumblr-rubber-doll-s8ki3-533x800.jpg\" class=\"eig-popup\" title=\"\" data-caption=\"\" target=\"_blank\"><i class=\"icon-view\"><\/i><span class=\"overlay\"><\/span><img decoding=\"async\" width=\"150\" height=\"150\" src=\"https:\/\/zxdoll.com\/wp-content\/uploads\/2023\/03\/tumblr-rubber-doll-s8ki3-150x150.jpg\" class=\"attachment-thumbnail size-thumbnail\" alt=\"\" title=\"\"><\/a><\/li><li><a data-fancybox=\"gallery202\" href=\"https:\/\/zxdoll.com\/wp-content\/uploads\/2023\/03\/tumblr-rubber-doll-s8ki4-533x800.jpg\" class=\"eig-popup\" title=\"\" data-caption=\"\" target=\"_blank\"><i class=\"icon-view\"><\/i><span class=\"overlay\"><\/span><img decoding=\"async\" width=\"150\" height=\"150\" src=\"https:\/\/zxdoll.com\/wp-content\/uploads\/2023\/03\/tumblr-rubber-doll-s8ki4-150x150.jpg\" class=\"attachment-thumbnail size-thumbnail\" alt=\"\" title=\"\"><\/a><\/li><li><a data-fancybox=\"gallery202\" href=\"https:\/\/zxdoll.com\/wp-content\/uploads\/2023\/03\/tumblr-rubber-doll-s8ki5-533x800.jpg\" class=\"eig-popup\" title=\"\" data-caption=\"\" target=\"_blank\"><i class=\"icon-view\"><\/i><span class=\"overlay\"><\/span><img loading=\"lazy\" decoding=\"async\" width=\"150\" height=\"150\" src=\"https:\/\/zxdoll.com\/wp-content\/uploads\/2023\/03\/tumblr-rubber-doll-s8ki5-150x150.jpg\" class=\"attachment-thumbnail size-thumbnail\" alt=\"\" title=\"\"><\/a><\/li><li><a data-fancybox=\"gallery202\" href=\"https:\/\/zxdoll.com\/wp-content\/uploads\/2023\/03\/tumblr-rubber-doll-s8ki6-533x800.jpg\" class=\"eig-popup\" title=\"\" data-caption=\"\" target=\"_blank\"><i class=\"icon-view\"><\/i><span class=\"overlay\"><\/span><img loading=\"lazy\" decoding=\"async\" width=\"150\" height=\"150\" src=\"https:\/\/zxdoll.com\/wp-content\/uploads\/2023\/03\/tumblr-rubber-doll-s8ki6-150x150.jpg\" class=\"attachment-thumbnail size-thumbnail\" alt=\"\" title=\"\"><\/a><\/li><li><a data-fancybox=\"gallery202\" href=\"https:\/\/zxdoll.com\/wp-content\/uploads\/2023\/03\/tumblr-rubber-doll-s8ki7-533x800.jpg\" class=\"eig-popup\" title=\"\" data-caption=\"\" target=\"_blank\"><i class=\"icon-view\"><\/i><span class=\"overlay\"><\/span><img loading=\"lazy\" decoding=\"async\" width=\"150\" height=\"150\" src=\"https:\/\/zxdoll.com\/wp-content\/uploads\/2023\/03\/tumblr-rubber-doll-s8ki7-150x150.jpg\" class=\"attachment-thumbnail size-thumbnail\" alt=\"\" title=\"\"><\/a><\/li><li><a data-fancybox=\"gallery202\" href=\"https:\/\/zxdoll.com\/wp-content\/uploads\/2023\/03\/tumblr-rubber-doll-s8ki8-533x800.jpg\" class=\"eig-popup\" title=\"\" data-caption=\"\" target=\"_blank\"><i class=\"icon-view\"><\/i><span class=\"overlay\"><\/span><img loading=\"lazy\" decoding=\"async\" width=\"150\" height=\"150\" src=\"https:\/\/zxdoll.com\/wp-content\/uploads\/2023\/03\/tumblr-rubber-doll-s8ki8-150x150.jpg\" class=\"attachment-thumbnail size-thumbnail\" alt=\"\" title=\"\"><\/a><\/li><li><a data-fancybox=\"gallery202\" href=\"https:\/\/zxdoll.com\/wp-content\/uploads\/2023\/03\/tumblr-rubber-doll-s8ki9-533x800.jpg\" class=\"eig-popup\" title=\"\" data-caption=\"\" target=\"_blank\"><i class=\"icon-view\"><\/i><span class=\"overlay\"><\/span><img loading=\"lazy\" decoding=\"async\" width=\"150\" height=\"150\" src=\"https:\/\/zxdoll.com\/wp-content\/uploads\/2023\/03\/tumblr-rubber-doll-s8ki9-150x150.jpg\" class=\"attachment-thumbnail size-thumbnail\" alt=\"\" title=\"\"><\/a><\/li><li><a data-fancybox=\"gallery202\" href=\"https:\/\/zxdoll.com\/wp-content\/uploads\/2023\/03\/tumblr-rubber-doll-s8ki10-533x800.jpg\" class=\"eig-popup\" title=\"\" data-caption=\"\" target=\"_blank\"><i class=\"icon-view\"><\/i><span class=\"overlay\"><\/span><img loading=\"lazy\" decoding=\"async\" width=\"150\" height=\"150\" src=\"https:\/\/zxdoll.com\/wp-content\/uploads\/2023\/03\/tumblr-rubber-doll-s8ki10-150x150.jpg\" class=\"attachment-thumbnail size-thumbnail\" alt=\"\" title=\"\"><\/a><\/li><li><a data-fancybox=\"gallery202\" href=\"https:\/\/zxdoll.com\/wp-content\/uploads\/2023\/03\/tumblr-rubber-doll-s8ki11-533x800.jpg\" class=\"eig-popup\" title=\"\" data-caption=\"\" target=\"_blank\"><i class=\"icon-view\"><\/i><span class=\"overlay\"><\/span><img loading=\"lazy\" decoding=\"async\" width=\"150\" height=\"150\" src=\"https:\/\/zxdoll.com\/wp-content\/uploads\/2023\/03\/tumblr-rubber-doll-s8ki11-150x150.jpg\" class=\"attachment-thumbnail size-thumbnail\" alt=\"\" title=\"\"><\/a><\/li><li><a data-fancybox=\"gallery202\" href=\"https:\/\/zxdoll.com\/wp-content\/uploads\/2023\/03\/tumblr-rubber-doll-s8ki12-533x800.jpg\" class=\"eig-popup\" title=\"\" data-caption=\"\" target=\"_blank\"><i class=\"icon-view\"><\/i><span class=\"overlay\"><\/span><img loading=\"lazy\" decoding=\"async\" width=\"150\" height=\"150\" src=\"https:\/\/zxdoll.com\/wp-content\/uploads\/2023\/03\/tumblr-rubber-doll-s8ki12-150x150.jpg\" class=\"attachment-thumbnail size-thumbnail\" alt=\"\" title=\"\"><\/a><\/li><li><a data-fancybox=\"gallery202\" href=\"https:\/\/zxdoll.com\/wp-content\/uploads\/2023\/03\/tumblr-rubber-doll-s8ki13-533x800.jpg\" class=\"eig-popup\" title=\"\" data-caption=\"\" target=\"_blank\"><i class=\"icon-view\"><\/i><span class=\"overlay\"><\/span><img loading=\"lazy\" decoding=\"async\" width=\"150\" height=\"150\" src=\"https:\/\/zxdoll.com\/wp-content\/uploads\/2023\/03\/tumblr-rubber-doll-s8ki13-150x150.jpg\" class=\"attachment-thumbnail size-thumbnail\" alt=\"\" title=\"\"><\/a><\/li><li><a data-fancybox=\"gallery202\" href=\"https:\/\/zxdoll.com\/wp-content\/uploads\/2023\/03\/tumblr-rubber-doll-s8ki14-533x800.jpg\" class=\"eig-popup\" title=\"\" data-caption=\"\" target=\"_blank\"><i class=\"icon-view\"><\/i><span class=\"overlay\"><\/span><img loading=\"lazy\" decoding=\"async\" width=\"150\" height=\"150\" src=\"https:\/\/zxdoll.com\/wp-content\/uploads\/2023\/03\/tumblr-rubber-doll-s8ki14-150x150.jpg\" class=\"attachment-thumbnail size-thumbnail\" alt=\"\" title=\"\"><\/a><\/li><li><a data-fancybox=\"gallery202\" href=\"https:\/\/zxdoll.com\/wp-content\/uploads\/2023\/03\/tumblr-rubber-doll-s8ki15-533x800.jpg\" class=\"eig-popup\" title=\"\" data-caption=\"\" target=\"_blank\"><i class=\"icon-view\"><\/i><span class=\"overlay\"><\/span><img loading=\"lazy\" decoding=\"async\" width=\"150\" height=\"150\" src=\"https:\/\/zxdoll.com\/wp-content\/uploads\/2023\/03\/tumblr-rubber-doll-s8ki15-150x150.jpg\" class=\"attachment-thumbnail size-thumbnail\" alt=\"\" title=\"\"><\/a><\/li><li><a data-fancybox=\"gallery202\" href=\"https:\/\/zxdoll.com\/wp-content\/uploads\/2023\/03\/tumblr-rubber-doll-s8ki16-533x800.jpg\" class=\"eig-popup\" title=\"\" data-caption=\"\" target=\"_blank\"><i class=\"icon-view\"><\/i><span class=\"overlay\"><\/span><img loading=\"lazy\" decoding=\"async\" width=\"150\" height=\"150\" src=\"https:\/\/zxdoll.com\/wp-content\/uploads\/2023\/03\/tumblr-rubber-doll-s8ki16-150x150.jpg\" class=\"attachment-thumbnail size-thumbnail\" alt=\"\" title=\"\"><\/a><\/li><li><a data-fancybox=\"gallery202\" href=\"https:\/\/zxdoll.com\/wp-content\/uploads\/2023\/03\/tumblr-rubber-doll-s8ki17-533x800.jpg\" class=\"eig-popup\" title=\"\" data-caption=\"\" target=\"_blank\"><i class=\"icon-view\"><\/i><span class=\"overlay\"><\/span><img loading=\"lazy\" decoding=\"async\" width=\"150\" height=\"150\" src=\"https:\/\/zxdoll.com\/wp-content\/uploads\/2023\/03\/tumblr-rubber-doll-s8ki17-150x150.jpg\" class=\"attachment-thumbnail size-thumbnail\" alt=\"\" title=\"\"><\/a><\/li><li><a data-fancybox=\"gallery202\" href=\"https:\/\/zxdoll.com\/wp-content\/uploads\/2023\/03\/tumblr-rubber-doll-s8ki18-533x800.jpg\" class=\"eig-popup\" title=\"\" data-caption=\"\" target=\"_blank\"><i class=\"icon-view\"><\/i><span class=\"overlay\"><\/span><img loading=\"lazy\" decoding=\"async\" width=\"150\" height=\"150\" src=\"https:\/\/zxdoll.com\/wp-content\/uploads\/2023\/03\/tumblr-rubber-doll-s8ki18-150x150.jpg\" class=\"attachment-thumbnail size-thumbnail\" alt=\"\" title=\"\"><\/a><\/li><li><a data-fancybox=\"gallery202\" href=\"https:\/\/zxdoll.com\/wp-content\/uploads\/2023\/03\/tumblr-rubber-doll-s8ki19.jpg\" class=\"eig-popup\" title=\"\" data-caption=\"\" target=\"_blank\"><i class=\"icon-view\"><\/i><span class=\"overlay\"><\/span><img loading=\"lazy\" decoding=\"async\" width=\"150\" height=\"150\" src=\"https:\/\/zxdoll.com\/wp-content\/uploads\/2023\/03\/tumblr-rubber-doll-s8ki19-150x150.jpg\" class=\"attachment-thumbnail size-thumbnail\" alt=\"\" title=\"\"><\/a><\/li><\/ul>\n<h4>Tabelle delle taglie<\/h4>\n<table width=\"203\">\n<tbody>\n<tr>\n<td width=\"124\">Materiale<\/td>\n<td width=\"79\">TPE<\/td>\n<\/tr>\n<tr>\n<td>Altezza<\/td>\n<td>155 cm<\/td>\n<\/tr>\n<tr>\n<td>Torace<\/td>\n<td>65 cm<\/td>\n<\/tr>\n<tr>\n<td>Vita<\/td>\n<td>40cm<\/td>\n<\/tr>\n<tr>\n<td>Anca<\/td>\n<td>75 cm<\/td>\n<\/tr>\n<tr>\n<td>Spalla<\/td>\n<td>31cm<\/td>\n<\/tr>\n<tr>\n<td>Braccio<\/td>\n<td>45 cm<\/td>\n<\/tr>\n<tr>\n<td>Gamba<\/td>\n<td>83 cm<\/td>\n<\/tr>\n<tr>\n<td width=\"124\">Piede<\/td>\n<td>18 cm<\/td>\n<\/tr>\n<tr>\n<td width=\"124\">Peso netto<\/td>\n<td>30 kg<\/td>\n<\/tr>\n<tr>\n<td>Profondit\u00e0 orale<\/td>\n<td>13 cm<\/td>\n<\/tr>\n<tr>\n<td>Profondit\u00e0 della vagina<\/td>\n<td>18 cm<\/td>\n<\/tr>\n<tr>\n<td>Profondit\u00e0 anale<\/td>\n<td>17 cm<\/td>\n<\/tr>\n<\/tbody>\n<\/table>\n<h4>Informazioni sulla bambola del sesso<\/h4>\n<p>Molti uomini hanno avuto la tendenza all&#039;uso di figure animate per soddisfare il loro desiderio sessuale. Questa bambola del sesso da 155 cm si adatta a quel ruolo molto animato ed \u00e8 progettata per soddisfarti al massimo. L&#039;amore per le bambole del sesso animate \u00e8 stato molto popolare, specialmente nei forum di bambole del sesso, e questo ha istigato la necessit\u00e0 di creare appositamente questo design per soddisfare la popolazione. Questa bambola del sesso \u00e8 realizzata con materiali in lattice, che garantiscono flessibilit\u00e0 e durata. Questa bambola dell&#039;amore hentai \u00e8 progettata con abili intagli che incantano ogni uomo che la vede.<\/p>\n<p>\u00c8 una bambola del sesso realistica anime che pu\u00f2 essere scopata in qualsiasi momento della giornata. Il suo effetto portatile lo fa trasudare pi\u00f9 sensualit\u00e0 e lo colloca tra le bambole del sesso realista che sono attualmente in voga. Nel processo del sesso, indipendentemente dalla posizione assunta da una donna, gli uomini sono solitamente inclini a tenersi sempre stretta alla donna. Ci\u00f2 fa s\u00ec che questa bambola del sesso portatile replichi la sensazione che deriva da un&#039;allegra cavalcata sessuale senza sentire i lati negativi. La forma degli occhi di questa bambola \u00e8 molto animata per attirare l&#039;attenzione di ogni uomo che cerca un&#039;estasi sincera.<\/p>","protected":false},"excerpt":{"rendered":"<p>Immagini della bambola del sesso Tabelle delle taglie Materiale TPE Altezza 155 cm Busto 65 cm Vita 40 cm Anca 75 cm Spalla 31 cm Braccio 45 cm Gamba<\/p>","protected":false},"featured_media":24382,"comment_status":"open","ping_status":"closed","template":"","meta":[],"product_brand":[],"product_cat":[96,112,228,115,107,117,119],"product_tag":[],"class_list":{"0":"post-24369","1":"product","2":"type-product","3":"status-publish","4":"has-post-thumbnail","6":"product_cat-real-sex-dolls","7":"product_cat-150cm-159cm-sex-dolls","8":"product_cat-26kg-30kg","9":"product_cat-big-booty-sex-doll","10":"product_cat-skinny-sex-dolls","11":"product_cat-small-breast-sex-doll","12":"product_cat-tpe-sex-doll","13":"pa_brand-sy-doll","14":"tm-has-options","16":"first","17":"instock","18":"sale","19":"shipping-taxable","20":"purchasable","21":"product-type-simple"},"_links":{"self":[{"href":"https:\/\/zxdoll.com\/it\/wp-json\/wp\/v2\/product\/24369","targetHints":{"allow":["GET"]}}],"collection":[{"href":"https:\/\/zxdoll.com\/it\/wp-json\/wp\/v2\/product"}],"about":[{"href":"https:\/\/zxdoll.com\/it\/wp-json\/wp\/v2\/types\/product"}],"replies":[{"embeddable":true,"href":"https:\/\/zxdoll.com\/it\/wp-json\/wp\/v2\/comments?post=24369"}],"version-history":[{"count":1,"href":"https:\/\/zxdoll.com\/it\/wp-json\/wp\/v2\/product\/24369\/revisions"}],"predecessor-version":[{"id":101264,"href":"https:\/\/zxdoll.com\/it\/wp-json\/wp\/v2\/product\/24369\/revisions\/101264"}],"wp:featuredmedia":[{"embeddable":true,"href":"https:\/\/zxdoll.com\/it\/wp-json\/wp\/v2\/media\/24382"}],"wp:attachment":[{"href":"https:\/\/zxdoll.com\/it\/wp-json\/wp\/v2\/media?parent=24369"}],"wp:term":[{"taxonomy":"product_brand","embeddable":true,"href":"https:\/\/zxdoll.com\/it\/wp-json\/wp\/v2\/product_brand?post=24369"},{"taxonomy":"product_cat","embeddable":true,"href":"https:\/\/zxdoll.com\/it\/wp-json\/wp\/v2\/product_cat?post=24369"},{"taxonomy":"product_tag","embeddable":true,"href":"https:\/\/zxdoll.com\/it\/wp-json\/wp\/v2\/product_tag?post=24369"}],"curies":[{"name":"wp","href":"https:\/\/api.w.org\/{rel}","templated":true}]}}