{"id":23215,"date":"2023-03-12T05:47:29","date_gmt":"2023-03-11T21:47:29","guid":{"rendered":"https:\/\/zxdoll.com\/?post_type=product&#038;p=23215"},"modified":"2025-09-10T23:31:20","modified_gmt":"2025-09-10T15:31:20","slug":"cheap-realistic-life-like-tpe-real-dolls","status":"publish","type":"product","link":"https:\/\/zxdoll.com\/it\/product\/cheap-realistic-life-like-tpe-real-dolls\/","title":{"rendered":"Vita realistica economica come TPE Real Dolls Kristian 164cm"},"content":{"rendered":"<h4><strong>Immagini di bambole del sesso<\/strong><\/h4>\n\t                <ul class=\"easy-image-gallery thumbnails-21 linked\">\r\n                    <li><a data-fancybox=\"gallery966\" href=\"https:\/\/zxdoll.com\/wp-content\/uploads\/2023\/03\/custom-sex-doll-head-s9k1-533x800.jpg\" class=\"eig-popup\" title=\"\" data-caption=\"\" target=\"_blank\"><i class=\"icon-view\"><\/i><span class=\"overlay\"><\/span><img decoding=\"async\" width=\"150\" height=\"150\" src=\"https:\/\/zxdoll.com\/wp-content\/uploads\/2023\/03\/custom-sex-doll-head-s9k1-150x150.jpg\" class=\"attachment-thumbnail size-thumbnail\" alt=\"\" title=\"\"><\/a><\/li><li><a data-fancybox=\"gallery966\" href=\"https:\/\/zxdoll.com\/wp-content\/uploads\/2023\/03\/custom-sex-doll-head-s9k3-533x800.jpg\" class=\"eig-popup\" title=\"\" data-caption=\"\" target=\"_blank\"><i class=\"icon-view\"><\/i><span class=\"overlay\"><\/span><img decoding=\"async\" width=\"150\" height=\"150\" src=\"https:\/\/zxdoll.com\/wp-content\/uploads\/2023\/03\/custom-sex-doll-head-s9k3-150x150.jpg\" class=\"attachment-thumbnail size-thumbnail\" alt=\"\" title=\"\"><\/a><\/li><li><a data-fancybox=\"gallery966\" href=\"https:\/\/zxdoll.com\/wp-content\/uploads\/2023\/03\/custom-sex-doll-head-s9k4-1.jpg\" class=\"eig-popup\" title=\"\" data-caption=\"\" target=\"_blank\"><i class=\"icon-view\"><\/i><span class=\"overlay\"><\/span><img decoding=\"async\" width=\"150\" height=\"150\" src=\"https:\/\/zxdoll.com\/wp-content\/uploads\/2023\/03\/custom-sex-doll-head-s9k4-1-150x150.jpg\" class=\"attachment-thumbnail size-thumbnail\" alt=\"\" title=\"\"><\/a><\/li><li><a data-fancybox=\"gallery966\" href=\"https:\/\/zxdoll.com\/wp-content\/uploads\/2023\/03\/custom-sex-doll-head-s9k5-533x800.jpg\" class=\"eig-popup\" title=\"\" data-caption=\"\" target=\"_blank\"><i class=\"icon-view\"><\/i><span class=\"overlay\"><\/span><img loading=\"lazy\" decoding=\"async\" width=\"150\" height=\"150\" src=\"https:\/\/zxdoll.com\/wp-content\/uploads\/2023\/03\/custom-sex-doll-head-s9k5-150x150.jpg\" class=\"attachment-thumbnail size-thumbnail\" alt=\"\" title=\"\"><\/a><\/li><li><a data-fancybox=\"gallery966\" href=\"https:\/\/zxdoll.com\/wp-content\/uploads\/2023\/03\/custom-sex-doll-head-s9k6-376x800.jpg\" class=\"eig-popup\" title=\"\" data-caption=\"\" target=\"_blank\"><i class=\"icon-view\"><\/i><span class=\"overlay\"><\/span><img loading=\"lazy\" decoding=\"async\" width=\"150\" height=\"150\" src=\"https:\/\/zxdoll.com\/wp-content\/uploads\/2023\/03\/custom-sex-doll-head-s9k6-150x150.jpg\" class=\"attachment-thumbnail size-thumbnail\" alt=\"\" title=\"\"><\/a><\/li><li><a data-fancybox=\"gallery966\" href=\"https:\/\/zxdoll.com\/wp-content\/uploads\/2023\/03\/custom-sex-doll-head-s9k7.jpg\" class=\"eig-popup\" title=\"\" data-caption=\"\" target=\"_blank\"><i class=\"icon-view\"><\/i><span class=\"overlay\"><\/span><img loading=\"lazy\" decoding=\"async\" width=\"150\" height=\"150\" src=\"https:\/\/zxdoll.com\/wp-content\/uploads\/2023\/03\/custom-sex-doll-head-s9k7-150x150.jpg\" class=\"attachment-thumbnail size-thumbnail\" alt=\"\" title=\"\"><\/a><\/li><li><a data-fancybox=\"gallery966\" href=\"https:\/\/zxdoll.com\/wp-content\/uploads\/2023\/03\/custom-sex-doll-head-s9k9.jpg\" class=\"eig-popup\" title=\"\" data-caption=\"\" target=\"_blank\"><i class=\"icon-view\"><\/i><span class=\"overlay\"><\/span><img loading=\"lazy\" decoding=\"async\" width=\"150\" height=\"150\" src=\"https:\/\/zxdoll.com\/wp-content\/uploads\/2023\/03\/custom-sex-doll-head-s9k9-150x150.jpg\" class=\"attachment-thumbnail size-thumbnail\" alt=\"\" title=\"\"><\/a><\/li><li><a data-fancybox=\"gallery966\" href=\"https:\/\/zxdoll.com\/wp-content\/uploads\/2023\/03\/custom-sex-doll-head-s9k10.jpg\" class=\"eig-popup\" title=\"\" data-caption=\"\" target=\"_blank\"><i class=\"icon-view\"><\/i><span class=\"overlay\"><\/span><img loading=\"lazy\" decoding=\"async\" width=\"150\" height=\"150\" src=\"https:\/\/zxdoll.com\/wp-content\/uploads\/2023\/03\/custom-sex-doll-head-s9k10-150x150.jpg\" class=\"attachment-thumbnail size-thumbnail\" alt=\"\" title=\"\"><\/a><\/li><li><a data-fancybox=\"gallery966\" href=\"https:\/\/zxdoll.com\/wp-content\/uploads\/2023\/03\/custom-sex-doll-head-s9k11.jpg\" class=\"eig-popup\" title=\"\" data-caption=\"\" target=\"_blank\"><i class=\"icon-view\"><\/i><span class=\"overlay\"><\/span><img loading=\"lazy\" decoding=\"async\" width=\"150\" height=\"150\" src=\"https:\/\/zxdoll.com\/wp-content\/uploads\/2023\/03\/custom-sex-doll-head-s9k11-150x150.jpg\" class=\"attachment-thumbnail size-thumbnail\" alt=\"\" title=\"\"><\/a><\/li><li><a data-fancybox=\"gallery966\" href=\"https:\/\/zxdoll.com\/wp-content\/uploads\/2023\/03\/custom-sex-doll-head-s9k13.jpg\" class=\"eig-popup\" title=\"\" data-caption=\"\" target=\"_blank\"><i class=\"icon-view\"><\/i><span class=\"overlay\"><\/span><img loading=\"lazy\" decoding=\"async\" width=\"150\" height=\"150\" src=\"https:\/\/zxdoll.com\/wp-content\/uploads\/2023\/03\/custom-sex-doll-head-s9k13-150x150.jpg\" class=\"attachment-thumbnail size-thumbnail\" alt=\"\" title=\"\"><\/a><\/li><li><a data-fancybox=\"gallery966\" href=\"https:\/\/zxdoll.com\/wp-content\/uploads\/2023\/03\/custom-sex-doll-head-s9k15.jpg\" class=\"eig-popup\" title=\"\" data-caption=\"\" target=\"_blank\"><i class=\"icon-view\"><\/i><span class=\"overlay\"><\/span><img loading=\"lazy\" decoding=\"async\" width=\"150\" height=\"150\" src=\"https:\/\/zxdoll.com\/wp-content\/uploads\/2023\/03\/custom-sex-doll-head-s9k15-150x150.jpg\" class=\"attachment-thumbnail size-thumbnail\" alt=\"\" title=\"\"><\/a><\/li><li><a data-fancybox=\"gallery966\" href=\"https:\/\/zxdoll.com\/wp-content\/uploads\/2023\/03\/custom-sex-doll-head-s9k16.jpg\" class=\"eig-popup\" title=\"\" data-caption=\"\" target=\"_blank\"><i class=\"icon-view\"><\/i><span class=\"overlay\"><\/span><img loading=\"lazy\" decoding=\"async\" width=\"150\" height=\"150\" src=\"https:\/\/zxdoll.com\/wp-content\/uploads\/2023\/03\/custom-sex-doll-head-s9k16-150x150.jpg\" class=\"attachment-thumbnail size-thumbnail\" alt=\"\" title=\"\"><\/a><\/li><li><a data-fancybox=\"gallery966\" href=\"https:\/\/zxdoll.com\/wp-content\/uploads\/2023\/03\/custom-sex-doll-head-s9k17.jpg\" class=\"eig-popup\" title=\"\" data-caption=\"\" target=\"_blank\"><i class=\"icon-view\"><\/i><span class=\"overlay\"><\/span><img loading=\"lazy\" decoding=\"async\" width=\"150\" height=\"150\" src=\"https:\/\/zxdoll.com\/wp-content\/uploads\/2023\/03\/custom-sex-doll-head-s9k17-150x150.jpg\" class=\"attachment-thumbnail size-thumbnail\" alt=\"\" title=\"\"><\/a><\/li><li><a data-fancybox=\"gallery966\" href=\"https:\/\/zxdoll.com\/wp-content\/uploads\/2023\/03\/custom-sex-doll-head-s9k18-533x800.jpg\" class=\"eig-popup\" title=\"\" data-caption=\"\" target=\"_blank\"><i class=\"icon-view\"><\/i><span class=\"overlay\"><\/span><img loading=\"lazy\" decoding=\"async\" width=\"150\" height=\"150\" src=\"https:\/\/zxdoll.com\/wp-content\/uploads\/2023\/03\/custom-sex-doll-head-s9k18-150x150.jpg\" class=\"attachment-thumbnail size-thumbnail\" alt=\"\" title=\"\"><\/a><\/li><li><a data-fancybox=\"gallery966\" href=\"https:\/\/zxdoll.com\/wp-content\/uploads\/2023\/03\/custom-sex-doll-head-s9k20-533x800.jpg\" class=\"eig-popup\" title=\"\" data-caption=\"\" target=\"_blank\"><i class=\"icon-view\"><\/i><span class=\"overlay\"><\/span><img loading=\"lazy\" decoding=\"async\" width=\"150\" height=\"150\" src=\"https:\/\/zxdoll.com\/wp-content\/uploads\/2023\/03\/custom-sex-doll-head-s9k20-150x150.jpg\" class=\"attachment-thumbnail size-thumbnail\" alt=\"\" title=\"\"><\/a><\/li><li><a data-fancybox=\"gallery966\" href=\"https:\/\/zxdoll.com\/wp-content\/uploads\/2023\/03\/custom-sex-doll-head-s9k21.jpg\" class=\"eig-popup\" title=\"\" data-caption=\"\" target=\"_blank\"><i class=\"icon-view\"><\/i><span class=\"overlay\"><\/span><img loading=\"lazy\" decoding=\"async\" width=\"150\" height=\"150\" src=\"https:\/\/zxdoll.com\/wp-content\/uploads\/2023\/03\/custom-sex-doll-head-s9k21-150x150.jpg\" class=\"attachment-thumbnail size-thumbnail\" alt=\"\" title=\"\"><\/a><\/li><li><a data-fancybox=\"gallery966\" href=\"https:\/\/zxdoll.com\/wp-content\/uploads\/2023\/03\/custom-sex-doll-head-s9k22.jpg\" class=\"eig-popup\" title=\"\" data-caption=\"\" target=\"_blank\"><i class=\"icon-view\"><\/i><span class=\"overlay\"><\/span><img loading=\"lazy\" decoding=\"async\" width=\"150\" height=\"150\" src=\"https:\/\/zxdoll.com\/wp-content\/uploads\/2023\/03\/custom-sex-doll-head-s9k22-150x150.jpg\" class=\"attachment-thumbnail size-thumbnail\" alt=\"\" title=\"\"><\/a><\/li><li><a data-fancybox=\"gallery966\" href=\"https:\/\/zxdoll.com\/wp-content\/uploads\/2023\/03\/custom-sex-doll-head-s9k23.jpg\" class=\"eig-popup\" title=\"\" data-caption=\"\" target=\"_blank\"><i class=\"icon-view\"><\/i><span class=\"overlay\"><\/span><img loading=\"lazy\" decoding=\"async\" width=\"150\" height=\"150\" src=\"https:\/\/zxdoll.com\/wp-content\/uploads\/2023\/03\/custom-sex-doll-head-s9k23-150x150.jpg\" class=\"attachment-thumbnail size-thumbnail\" alt=\"\" title=\"\"><\/a><\/li><li><a data-fancybox=\"gallery966\" href=\"https:\/\/zxdoll.com\/wp-content\/uploads\/2023\/03\/custom-sex-doll-head-s9k24-533x800.jpg\" class=\"eig-popup\" title=\"\" data-caption=\"\" target=\"_blank\"><i class=\"icon-view\"><\/i><span class=\"overlay\"><\/span><img loading=\"lazy\" decoding=\"async\" width=\"150\" height=\"150\" src=\"https:\/\/zxdoll.com\/wp-content\/uploads\/2023\/03\/custom-sex-doll-head-s9k24-150x150.jpg\" class=\"attachment-thumbnail size-thumbnail\" alt=\"\" title=\"\"><\/a><\/li><li><a data-fancybox=\"gallery966\" href=\"https:\/\/zxdoll.com\/wp-content\/uploads\/2023\/03\/custom-sex-doll-head-s9k25.jpg\" class=\"eig-popup\" title=\"\" data-caption=\"\" target=\"_blank\"><i class=\"icon-view\"><\/i><span class=\"overlay\"><\/span><img loading=\"lazy\" decoding=\"async\" width=\"100\" height=\"150\" src=\"https:\/\/zxdoll.com\/wp-content\/uploads\/2023\/03\/custom-sex-doll-head-s9k25.jpg\" class=\"attachment-thumbnail size-thumbnail\" alt=\"\" title=\"\"><\/a><\/li><li><a data-fancybox=\"gallery966\" href=\"https:\/\/zxdoll.com\/wp-content\/uploads\/2023\/03\/custom-sex-doll-head-s9k26.jpg\" class=\"eig-popup\" title=\"\" data-caption=\"\" target=\"_blank\"><i class=\"icon-view\"><\/i><span class=\"overlay\"><\/span><img loading=\"lazy\" decoding=\"async\" width=\"150\" height=\"150\" src=\"https:\/\/zxdoll.com\/wp-content\/uploads\/2023\/03\/custom-sex-doll-head-s9k26-150x150.jpg\" class=\"attachment-thumbnail size-thumbnail\" alt=\"\" title=\"\"><\/a><\/li><\/ul>\n<h4>Tabelle delle taglie<\/h4>\n<table width=\"269\">\n<tbody>\n<tr>\n<td width=\"130\">Materiale<\/td>\n<td width=\"139\">TPE<\/td>\n<\/tr>\n<tr>\n<td>Altezza<\/td>\n<td>164 cm<\/td>\n<\/tr>\n<tr>\n<td>Seno<\/td>\n<td>99 cm<\/td>\n<\/tr>\n<tr>\n<td>Vita<\/td>\n<td>62 cm<\/td>\n<\/tr>\n<tr>\n<td>Anca<\/td>\n<td>116 cm<\/td>\n<\/tr>\n<tr>\n<td>Spalla<\/td>\n<td>37cm<\/td>\n<\/tr>\n<tr>\n<td>Lunghezza della gamba<\/td>\n<td>71cm<\/td>\n<\/tr>\n<tr>\n<td>Lunghezza del braccio<\/td>\n<td>60 cm<\/td>\n<\/tr>\n<tr>\n<td>Lunghezza del piede<\/td>\n<td>22 cm<\/td>\n<\/tr>\n<tr>\n<td>Peso netto<\/td>\n<td>55 kg<\/td>\n<\/tr>\n<tr>\n<td>Profondit\u00e0 orale<\/td>\n<td>12 cm<\/td>\n<\/tr>\n<tr>\n<td>Profondit\u00e0 vaginale<\/td>\n<td>22 cm<\/td>\n<\/tr>\n<tr>\n<td>Profondit\u00e0 anale<\/td>\n<td>18 cm<\/td>\n<\/tr>\n<\/tbody>\n<\/table>\n<h4>Informazioni sulla bambola del sesso<\/h4>\n<p>Le bambole sessuali giapponesi della vita reale sono la scelta migliore per qualsiasi uomo in cerca di ampia soddisfazione. Non c&#039;\u00e8 limite alla quantit\u00e0 di abilit\u00e0 che questa piccola bellezza pu\u00f2 dare, \u00e8 piena di talento quando si tratta di essere una professionista a letto. Provala in diverse posizioni e vedi se non ti ascia con la sua vita come espressioni e abilit\u00e0 umane.<\/p>\n<p>Caricate con accessori carini, un viso pi\u00f9 carino e una figa molto calda insieme a tette vivaci, queste bambole del sesso realistiche e realistiche sono le migliori per divertirsi a letto. Sono le bambole della vita reale pi\u00f9 preziose in vendita. Niente \u00e8 paragonabile al tocco e alla sensazione di una vera bambola di tpe, e questa \u00e8 una delle bambole del sesso della vita reale economica pi\u00f9 scopabili che otterrai.<\/p>\n<p>Se vuoi una vera esperienza, una dolce esperienza, scegli queste bambole del sesso dal sapore reale. Una bambola che \u00e8 garantita per sentirsi esattamente come qualsiasi ragazza umana e anche meglio. Pensa a non dover nemmeno fare un buco in tasca, per una potente vita sessuale con la bambola pi\u00f9 dolce che ha la figa pi\u00f9 dolce di sempre!<\/p>","protected":false},"excerpt":{"rendered":"<p>Immagini della bambola del sesso Tabelle delle taglie Materiale TPE Altezza 164 cm Seno 99 cm Vita 62 cm Anca 116 cm Spalla 37 cm Lunghezza gamba 71 cm<\/p>","protected":false},"featured_media":23236,"comment_status":"open","ping_status":"closed","template":"","meta":[],"product_brand":[],"product_cat":[75,77,116,115,100,233,119],"product_tag":[],"class_list":{"0":"post-23215","1":"product","2":"type-product","3":"status-publish","4":"has-post-thumbnail","6":"product_cat-160cm-170cm-sex-dolls","7":"product_cat-bbw-sex-doll","8":"product_cat-big-boobs-sex-doll","9":"product_cat-big-booty-sex-doll","10":"product_cat-lifelike-love-dolls","11":"product_cat-over-51kg","12":"product_cat-tpe-sex-doll","13":"pa_brand-hr-doll","14":"tm-has-options","16":"first","17":"instock","18":"sale","19":"shipping-taxable","20":"purchasable","21":"product-type-simple"},"_links":{"self":[{"href":"https:\/\/zxdoll.com\/it\/wp-json\/wp\/v2\/product\/23215","targetHints":{"allow":["GET"]}}],"collection":[{"href":"https:\/\/zxdoll.com\/it\/wp-json\/wp\/v2\/product"}],"about":[{"href":"https:\/\/zxdoll.com\/it\/wp-json\/wp\/v2\/types\/product"}],"replies":[{"embeddable":true,"href":"https:\/\/zxdoll.com\/it\/wp-json\/wp\/v2\/comments?post=23215"}],"version-history":[{"count":1,"href":"https:\/\/zxdoll.com\/it\/wp-json\/wp\/v2\/product\/23215\/revisions"}],"predecessor-version":[{"id":197723,"href":"https:\/\/zxdoll.com\/it\/wp-json\/wp\/v2\/product\/23215\/revisions\/197723"}],"wp:featuredmedia":[{"embeddable":true,"href":"https:\/\/zxdoll.com\/it\/wp-json\/wp\/v2\/media\/23236"}],"wp:attachment":[{"href":"https:\/\/zxdoll.com\/it\/wp-json\/wp\/v2\/media?parent=23215"}],"wp:term":[{"taxonomy":"product_brand","embeddable":true,"href":"https:\/\/zxdoll.com\/it\/wp-json\/wp\/v2\/product_brand?post=23215"},{"taxonomy":"product_cat","embeddable":true,"href":"https:\/\/zxdoll.com\/it\/wp-json\/wp\/v2\/product_cat?post=23215"},{"taxonomy":"product_tag","embeddable":true,"href":"https:\/\/zxdoll.com\/it\/wp-json\/wp\/v2\/product_tag?post=23215"}],"curies":[{"name":"wp","href":"https:\/\/api.w.org\/{rel}","templated":true}]}}