{"id":22159,"date":"2023-03-11T05:32:18","date_gmt":"2023-03-10T21:32:18","guid":{"rendered":"https:\/\/zxdoll.com\/?post_type=product&#038;p=22159"},"modified":"2025-09-10T23:45:09","modified_gmt":"2025-09-10T15:45:09","slug":"most-realistic-fuckable-love-dolls-for-men","status":"publish","type":"product","link":"https:\/\/zxdoll.com\/it\/product\/most-realistic-fuckable-love-dolls-for-men\/","title":{"rendered":"Bambole d&#039;amore scopabili pi\u00f9 realistiche per uomini Katee 164 cm"},"content":{"rendered":"<h4><strong>Immagini di bambole del sesso<\/strong><\/h4>\n\t                <ul class=\"easy-image-gallery thumbnails-24 linked\">\r\n                    <li><a data-fancybox=\"gallery870\" href=\"https:\/\/zxdoll.com\/wp-content\/uploads\/2023\/03\/sex-doll-blonde-z4v1-533x800.jpg\" class=\"eig-popup\" title=\"\" data-caption=\"\" target=\"_blank\"><i class=\"icon-view\"><\/i><span class=\"overlay\"><\/span><img decoding=\"async\" width=\"150\" height=\"150\" src=\"https:\/\/zxdoll.com\/wp-content\/uploads\/2023\/03\/sex-doll-blonde-z4v1-150x150.jpg\" class=\"attachment-thumbnail size-thumbnail\" alt=\"\" title=\"\"><\/a><\/li><li><a data-fancybox=\"gallery870\" href=\"https:\/\/zxdoll.com\/wp-content\/uploads\/2023\/03\/sex-doll-blonde-z4v2-533x800.jpg\" class=\"eig-popup\" title=\"\" data-caption=\"\" target=\"_blank\"><i class=\"icon-view\"><\/i><span class=\"overlay\"><\/span><img decoding=\"async\" width=\"150\" height=\"150\" src=\"https:\/\/zxdoll.com\/wp-content\/uploads\/2023\/03\/sex-doll-blonde-z4v2-150x150.jpg\" class=\"attachment-thumbnail size-thumbnail\" alt=\"\" title=\"\"><\/a><\/li><li><a data-fancybox=\"gallery870\" href=\"https:\/\/zxdoll.com\/wp-content\/uploads\/2023\/03\/sex-doll-blonde-z4v3-1-533x800.jpg\" class=\"eig-popup\" title=\"\" data-caption=\"\" target=\"_blank\"><i class=\"icon-view\"><\/i><span class=\"overlay\"><\/span><img decoding=\"async\" width=\"150\" height=\"150\" src=\"https:\/\/zxdoll.com\/wp-content\/uploads\/2023\/03\/sex-doll-blonde-z4v3-1-150x150.jpg\" class=\"attachment-thumbnail size-thumbnail\" alt=\"\" title=\"\"><\/a><\/li><li><a data-fancybox=\"gallery870\" href=\"https:\/\/zxdoll.com\/wp-content\/uploads\/2023\/03\/sex-doll-blonde-z4v4-533x800.jpg\" class=\"eig-popup\" title=\"\" data-caption=\"\" target=\"_blank\"><i class=\"icon-view\"><\/i><span class=\"overlay\"><\/span><img loading=\"lazy\" decoding=\"async\" width=\"150\" height=\"150\" src=\"https:\/\/zxdoll.com\/wp-content\/uploads\/2023\/03\/sex-doll-blonde-z4v4-150x150.jpg\" class=\"attachment-thumbnail size-thumbnail\" alt=\"\" title=\"\"><\/a><\/li><li><a data-fancybox=\"gallery870\" href=\"https:\/\/zxdoll.com\/wp-content\/uploads\/2023\/03\/sex-doll-blonde-z4v5-533x800.jpg\" class=\"eig-popup\" title=\"\" data-caption=\"\" target=\"_blank\"><i class=\"icon-view\"><\/i><span class=\"overlay\"><\/span><img loading=\"lazy\" decoding=\"async\" width=\"150\" height=\"150\" src=\"https:\/\/zxdoll.com\/wp-content\/uploads\/2023\/03\/sex-doll-blonde-z4v5-150x150.jpg\" class=\"attachment-thumbnail size-thumbnail\" alt=\"\" title=\"\"><\/a><\/li><li><a data-fancybox=\"gallery870\" href=\"https:\/\/zxdoll.com\/wp-content\/uploads\/2023\/03\/sex-doll-blonde-z4v6-533x800.jpg\" class=\"eig-popup\" title=\"\" data-caption=\"\" target=\"_blank\"><i class=\"icon-view\"><\/i><span class=\"overlay\"><\/span><img loading=\"lazy\" decoding=\"async\" width=\"150\" height=\"150\" src=\"https:\/\/zxdoll.com\/wp-content\/uploads\/2023\/03\/sex-doll-blonde-z4v6-150x150.jpg\" class=\"attachment-thumbnail size-thumbnail\" alt=\"\" title=\"\"><\/a><\/li><li><a data-fancybox=\"gallery870\" href=\"https:\/\/zxdoll.com\/wp-content\/uploads\/2023\/03\/sex-doll-blonde-z4v7-533x800.jpg\" class=\"eig-popup\" title=\"\" data-caption=\"\" target=\"_blank\"><i class=\"icon-view\"><\/i><span class=\"overlay\"><\/span><img loading=\"lazy\" decoding=\"async\" width=\"150\" height=\"150\" src=\"https:\/\/zxdoll.com\/wp-content\/uploads\/2023\/03\/sex-doll-blonde-z4v7-150x150.jpg\" class=\"attachment-thumbnail size-thumbnail\" alt=\"\" title=\"\"><\/a><\/li><li><a data-fancybox=\"gallery870\" href=\"https:\/\/zxdoll.com\/wp-content\/uploads\/2023\/03\/sex-doll-blonde-z4v8-489x800.jpg\" class=\"eig-popup\" title=\"\" data-caption=\"\" target=\"_blank\"><i class=\"icon-view\"><\/i><span class=\"overlay\"><\/span><img loading=\"lazy\" decoding=\"async\" width=\"150\" height=\"150\" src=\"https:\/\/zxdoll.com\/wp-content\/uploads\/2023\/03\/sex-doll-blonde-z4v8-150x150.jpg\" class=\"attachment-thumbnail size-thumbnail\" alt=\"\" title=\"\"><\/a><\/li><li><a data-fancybox=\"gallery870\" href=\"https:\/\/zxdoll.com\/wp-content\/uploads\/2023\/03\/sex-doll-blonde-z4v9.jpg\" class=\"eig-popup\" title=\"\" data-caption=\"\" target=\"_blank\"><i class=\"icon-view\"><\/i><span class=\"overlay\"><\/span><img loading=\"lazy\" decoding=\"async\" width=\"150\" height=\"150\" src=\"https:\/\/zxdoll.com\/wp-content\/uploads\/2023\/03\/sex-doll-blonde-z4v9-150x150.jpg\" class=\"attachment-thumbnail size-thumbnail\" alt=\"\" title=\"\"><\/a><\/li><li><a data-fancybox=\"gallery870\" href=\"https:\/\/zxdoll.com\/wp-content\/uploads\/2023\/03\/sex-doll-blonde-z4v10-533x800.jpg\" class=\"eig-popup\" title=\"\" data-caption=\"\" target=\"_blank\"><i class=\"icon-view\"><\/i><span class=\"overlay\"><\/span><img loading=\"lazy\" decoding=\"async\" width=\"150\" height=\"150\" src=\"https:\/\/zxdoll.com\/wp-content\/uploads\/2023\/03\/sex-doll-blonde-z4v10-150x150.jpg\" class=\"attachment-thumbnail size-thumbnail\" alt=\"\" title=\"\"><\/a><\/li><li><a data-fancybox=\"gallery870\" href=\"https:\/\/zxdoll.com\/wp-content\/uploads\/2023\/03\/sex-doll-blonde-z4v11.jpg\" class=\"eig-popup\" title=\"\" data-caption=\"\" target=\"_blank\"><i class=\"icon-view\"><\/i><span class=\"overlay\"><\/span><img loading=\"lazy\" decoding=\"async\" width=\"150\" height=\"150\" src=\"https:\/\/zxdoll.com\/wp-content\/uploads\/2023\/03\/sex-doll-blonde-z4v11-150x150.jpg\" class=\"attachment-thumbnail size-thumbnail\" alt=\"\" title=\"\"><\/a><\/li><li><a data-fancybox=\"gallery870\" href=\"https:\/\/zxdoll.com\/wp-content\/uploads\/2023\/03\/sex-doll-blonde-z4v12-541x800.jpg\" class=\"eig-popup\" title=\"\" data-caption=\"\" target=\"_blank\"><i class=\"icon-view\"><\/i><span class=\"overlay\"><\/span><img loading=\"lazy\" decoding=\"async\" width=\"150\" height=\"150\" src=\"https:\/\/zxdoll.com\/wp-content\/uploads\/2023\/03\/sex-doll-blonde-z4v12-150x150.jpg\" class=\"attachment-thumbnail size-thumbnail\" alt=\"\" title=\"\"><\/a><\/li><li><a data-fancybox=\"gallery870\" href=\"https:\/\/zxdoll.com\/wp-content\/uploads\/2023\/03\/sex-doll-blonde-z4v13-499x800.jpg\" class=\"eig-popup\" title=\"\" data-caption=\"\" target=\"_blank\"><i class=\"icon-view\"><\/i><span class=\"overlay\"><\/span><img loading=\"lazy\" decoding=\"async\" width=\"150\" height=\"150\" src=\"https:\/\/zxdoll.com\/wp-content\/uploads\/2023\/03\/sex-doll-blonde-z4v13-150x150.jpg\" class=\"attachment-thumbnail size-thumbnail\" alt=\"\" title=\"\"><\/a><\/li><li><a data-fancybox=\"gallery870\" href=\"https:\/\/zxdoll.com\/wp-content\/uploads\/2023\/03\/sex-doll-blonde-z4v14-533x800.jpg\" class=\"eig-popup\" title=\"\" data-caption=\"\" target=\"_blank\"><i class=\"icon-view\"><\/i><span class=\"overlay\"><\/span><img loading=\"lazy\" decoding=\"async\" width=\"150\" height=\"150\" src=\"https:\/\/zxdoll.com\/wp-content\/uploads\/2023\/03\/sex-doll-blonde-z4v14-150x150.jpg\" class=\"attachment-thumbnail size-thumbnail\" alt=\"\" title=\"\"><\/a><\/li><li><a data-fancybox=\"gallery870\" href=\"https:\/\/zxdoll.com\/wp-content\/uploads\/2023\/03\/sex-doll-blonde-z4v15-533x800.jpg\" class=\"eig-popup\" title=\"\" data-caption=\"\" target=\"_blank\"><i class=\"icon-view\"><\/i><span class=\"overlay\"><\/span><img loading=\"lazy\" decoding=\"async\" width=\"150\" height=\"150\" src=\"https:\/\/zxdoll.com\/wp-content\/uploads\/2023\/03\/sex-doll-blonde-z4v15-150x150.jpg\" class=\"attachment-thumbnail size-thumbnail\" alt=\"\" title=\"\"><\/a><\/li><li><a data-fancybox=\"gallery870\" href=\"https:\/\/zxdoll.com\/wp-content\/uploads\/2023\/03\/sex-doll-blonde-z4v16-533x800.jpg\" class=\"eig-popup\" title=\"\" data-caption=\"\" target=\"_blank\"><i class=\"icon-view\"><\/i><span class=\"overlay\"><\/span><img loading=\"lazy\" decoding=\"async\" width=\"150\" height=\"150\" src=\"https:\/\/zxdoll.com\/wp-content\/uploads\/2023\/03\/sex-doll-blonde-z4v16-150x150.jpg\" class=\"attachment-thumbnail size-thumbnail\" alt=\"\" title=\"\"><\/a><\/li><li><a data-fancybox=\"gallery870\" href=\"https:\/\/zxdoll.com\/wp-content\/uploads\/2023\/03\/sex-doll-blonde-z4v17.jpg\" class=\"eig-popup\" title=\"\" data-caption=\"\" target=\"_blank\"><i class=\"icon-view\"><\/i><span class=\"overlay\"><\/span><img loading=\"lazy\" decoding=\"async\" width=\"150\" height=\"150\" src=\"https:\/\/zxdoll.com\/wp-content\/uploads\/2023\/03\/sex-doll-blonde-z4v17-150x150.jpg\" class=\"attachment-thumbnail size-thumbnail\" alt=\"\" title=\"\"><\/a><\/li><li><a data-fancybox=\"gallery870\" href=\"https:\/\/zxdoll.com\/wp-content\/uploads\/2023\/03\/sex-doll-blonde-z4v18-533x800.jpg\" class=\"eig-popup\" title=\"\" data-caption=\"\" target=\"_blank\"><i class=\"icon-view\"><\/i><span class=\"overlay\"><\/span><img loading=\"lazy\" decoding=\"async\" width=\"150\" height=\"150\" src=\"https:\/\/zxdoll.com\/wp-content\/uploads\/2023\/03\/sex-doll-blonde-z4v18-150x150.jpg\" class=\"attachment-thumbnail size-thumbnail\" alt=\"\" title=\"\"><\/a><\/li><li><a data-fancybox=\"gallery870\" href=\"https:\/\/zxdoll.com\/wp-content\/uploads\/2023\/03\/sex-doll-blonde-z4v19-533x800.jpg\" class=\"eig-popup\" title=\"\" data-caption=\"\" target=\"_blank\"><i class=\"icon-view\"><\/i><span class=\"overlay\"><\/span><img loading=\"lazy\" decoding=\"async\" width=\"150\" height=\"150\" src=\"https:\/\/zxdoll.com\/wp-content\/uploads\/2023\/03\/sex-doll-blonde-z4v19-150x150.jpg\" class=\"attachment-thumbnail size-thumbnail\" alt=\"\" title=\"\"><\/a><\/li><li><a data-fancybox=\"gallery870\" href=\"https:\/\/zxdoll.com\/wp-content\/uploads\/2023\/03\/sex-doll-blonde-z4v20-533x800.jpg\" class=\"eig-popup\" title=\"\" data-caption=\"\" target=\"_blank\"><i class=\"icon-view\"><\/i><span class=\"overlay\"><\/span><img loading=\"lazy\" decoding=\"async\" width=\"150\" height=\"150\" src=\"https:\/\/zxdoll.com\/wp-content\/uploads\/2023\/03\/sex-doll-blonde-z4v20-150x150.jpg\" class=\"attachment-thumbnail size-thumbnail\" alt=\"\" title=\"\"><\/a><\/li><li><a data-fancybox=\"gallery870\" href=\"https:\/\/zxdoll.com\/wp-content\/uploads\/2023\/03\/sex-doll-blonde-z4v21-533x800.jpg\" class=\"eig-popup\" title=\"\" data-caption=\"\" target=\"_blank\"><i class=\"icon-view\"><\/i><span class=\"overlay\"><\/span><img loading=\"lazy\" decoding=\"async\" width=\"150\" height=\"150\" src=\"https:\/\/zxdoll.com\/wp-content\/uploads\/2023\/03\/sex-doll-blonde-z4v21-150x150.jpg\" class=\"attachment-thumbnail size-thumbnail\" alt=\"\" title=\"\"><\/a><\/li><li><a data-fancybox=\"gallery870\" href=\"https:\/\/zxdoll.com\/wp-content\/uploads\/2023\/03\/sex-doll-blonde-z4v22.jpg\" class=\"eig-popup\" title=\"\" data-caption=\"\" target=\"_blank\"><i class=\"icon-view\"><\/i><span class=\"overlay\"><\/span><img loading=\"lazy\" decoding=\"async\" width=\"150\" height=\"150\" src=\"https:\/\/zxdoll.com\/wp-content\/uploads\/2023\/03\/sex-doll-blonde-z4v22-150x150.jpg\" class=\"attachment-thumbnail size-thumbnail\" alt=\"\" title=\"\"><\/a><\/li><li><a data-fancybox=\"gallery870\" href=\"https:\/\/zxdoll.com\/wp-content\/uploads\/2023\/03\/sex-doll-blonde-z4v23.jpg\" class=\"eig-popup\" title=\"\" data-caption=\"\" target=\"_blank\"><i class=\"icon-view\"><\/i><span class=\"overlay\"><\/span><img loading=\"lazy\" decoding=\"async\" width=\"150\" height=\"150\" src=\"https:\/\/zxdoll.com\/wp-content\/uploads\/2023\/03\/sex-doll-blonde-z4v23-150x150.jpg\" class=\"attachment-thumbnail size-thumbnail\" alt=\"\" title=\"\"><\/a><\/li><li><a data-fancybox=\"gallery870\" href=\"https:\/\/zxdoll.com\/wp-content\/uploads\/2023\/03\/sex-doll-blonde-z4v24-533x800.jpg\" class=\"eig-popup\" title=\"\" data-caption=\"\" target=\"_blank\"><i class=\"icon-view\"><\/i><span class=\"overlay\"><\/span><img loading=\"lazy\" decoding=\"async\" width=\"150\" height=\"150\" src=\"https:\/\/zxdoll.com\/wp-content\/uploads\/2023\/03\/sex-doll-blonde-z4v24-150x150.jpg\" class=\"attachment-thumbnail size-thumbnail\" alt=\"\" title=\"\"><\/a><\/li><\/ul>\n<h4>Tabelle delle taglie<\/h4>\n<table width=\"269\">\n<tbody>\n<tr>\n<td width=\"130\">Materiale<\/td>\n<td width=\"139\">TPE<\/td>\n<\/tr>\n<tr>\n<td>Altezza<\/td>\n<td>164 cm<\/td>\n<\/tr>\n<tr>\n<td>Seno<\/td>\n<td>85 cm<\/td>\n<\/tr>\n<tr>\n<td>Vita<\/td>\n<td>63 cm<\/td>\n<\/tr>\n<tr>\n<td>Anca<\/td>\n<td>97 cm<\/td>\n<\/tr>\n<tr>\n<td>Spalla<\/td>\n<td>40cm<\/td>\n<\/tr>\n<tr>\n<td>Lunghezza della gamba<\/td>\n<td>83 cm<\/td>\n<\/tr>\n<tr>\n<td>Lunghezza del braccio<\/td>\n<td>60 cm<\/td>\n<\/tr>\n<tr>\n<td>Lunghezza del piede<\/td>\n<td>23cm<\/td>\n<\/tr>\n<tr>\n<td>Peso netto<\/td>\n<td>43 kg<\/td>\n<\/tr>\n<tr>\n<td>Profondit\u00e0 orale<\/td>\n<td>12 cm<\/td>\n<\/tr>\n<tr>\n<td>Profondit\u00e0 vaginale<\/td>\n<td>22 cm<\/td>\n<\/tr>\n<tr>\n<td>Profondit\u00e0 anale<\/td>\n<td>18 cm<\/td>\n<\/tr>\n<\/tbody>\n<\/table>\n<h4>Informazioni sulla bambola del sesso<\/h4>\n<p>Queste bambole fottute non sono da prendere alla leggera a causa dell&#039;aspetto innocente che possiedono, il suo viso carino potrebbe ingannarti, ma non cambia il fatto che lei fa ancora quella fantastica scopata che vuoi. La graziosa bambola del sesso \u00e8 davvero la fantasia di molti uomini e la maggior parte farebbe qualsiasi cosa per assicurarsi di averla in loro possesso. Questo \u00e8 il potere che possiede. Gli occhi della bambola del sesso sono un fattore importante. Hanno un aspetto seducente, sessualmente allettante e molto promettente.<\/p>\n<p>Gli uomini con le bambole del sesso sono il vero affare e dovrebbero essere rispettati come tali. Possedere una bambola del sesso \u00e8 un compito cos\u00ec virile perch\u00e9 ti tiene occupato ed \u00e8 un buon compagno quando non hai nessuno su cui riposare o con cui sentirti rilassato. Sono le bambole d&#039;amore pi\u00f9 realistiche che troverai e il loro realismo \u00e8 tutto grazie ai produttori. La vera bambola a grandezza naturale \u00e8 accessibile solo agli uomini alla moda e alle persone che sanno cosa significa essere collocati su uno standard elevato. Se ritieni di meritare uno standard migliore quando si tratta di sesso, allora dovresti possederne uno.<\/p>","protected":false},"excerpt":{"rendered":"<p>Immagini della bambola del sesso Tabelle delle taglie Materiale TPE Altezza 164 cm Seno 85 cm Vita 63 cm Anca 97 cm Spalla 40 cm Lunghezza gamba 83 cm<\/p>","protected":false},"featured_media":22178,"comment_status":"open","ping_status":"closed","template":"","meta":[],"product_brand":[],"product_cat":[75,231,115,100,117,119],"product_tag":[],"class_list":{"0":"post-22159","1":"product","2":"type-product","3":"status-publish","4":"has-post-thumbnail","6":"product_cat-160cm-170cm-sex-dolls","7":"product_cat-41kg-45kg","8":"product_cat-big-booty-sex-doll","9":"product_cat-lifelike-love-dolls","10":"product_cat-small-breast-sex-doll","11":"product_cat-tpe-sex-doll","12":"pa_brand-hr-doll","13":"tm-has-options","15":"first","16":"instock","17":"sale","18":"shipping-taxable","19":"purchasable","20":"product-type-simple"},"_links":{"self":[{"href":"https:\/\/zxdoll.com\/it\/wp-json\/wp\/v2\/product\/22159","targetHints":{"allow":["GET"]}}],"collection":[{"href":"https:\/\/zxdoll.com\/it\/wp-json\/wp\/v2\/product"}],"about":[{"href":"https:\/\/zxdoll.com\/it\/wp-json\/wp\/v2\/types\/product"}],"replies":[{"embeddable":true,"href":"https:\/\/zxdoll.com\/it\/wp-json\/wp\/v2\/comments?post=22159"}],"version-history":[{"count":1,"href":"https:\/\/zxdoll.com\/it\/wp-json\/wp\/v2\/product\/22159\/revisions"}],"predecessor-version":[{"id":101285,"href":"https:\/\/zxdoll.com\/it\/wp-json\/wp\/v2\/product\/22159\/revisions\/101285"}],"wp:featuredmedia":[{"embeddable":true,"href":"https:\/\/zxdoll.com\/it\/wp-json\/wp\/v2\/media\/22178"}],"wp:attachment":[{"href":"https:\/\/zxdoll.com\/it\/wp-json\/wp\/v2\/media?parent=22159"}],"wp:term":[{"taxonomy":"product_brand","embeddable":true,"href":"https:\/\/zxdoll.com\/it\/wp-json\/wp\/v2\/product_brand?post=22159"},{"taxonomy":"product_cat","embeddable":true,"href":"https:\/\/zxdoll.com\/it\/wp-json\/wp\/v2\/product_cat?post=22159"},{"taxonomy":"product_tag","embeddable":true,"href":"https:\/\/zxdoll.com\/it\/wp-json\/wp\/v2\/product_tag?post=22159"}],"curies":[{"name":"wp","href":"https:\/\/api.w.org\/{rel}","templated":true}]}}