{"id":19982,"date":"2023-03-04T04:57:19","date_gmt":"2023-03-03T20:57:19","guid":{"rendered":"https:\/\/zxdoll.com\/?post_type=product&#038;p=19982"},"modified":"2025-09-08T22:45:28","modified_gmt":"2025-09-08T14:45:28","slug":"affordable-life-like-adult-fuck-doll","status":"publish","type":"product","link":"https:\/\/zxdoll.com\/it\/product\/affordable-life-like-adult-fuck-doll\/","title":{"rendered":"Vita economica come bambola da scopare per adulti Linda 166 cm"},"content":{"rendered":"<h4><strong>Immagini di bambole del sesso<\/strong><\/h4>\n\t                <ul class=\"easy-image-gallery thumbnails-15 linked\">\r\n                    <li><a data-fancybox=\"gallery472\" href=\"https:\/\/zxdoll.com\/wp-content\/uploads\/2023\/03\/human-sex-doll-k41-533x800.jpg\" class=\"eig-popup\" title=\"\" data-caption=\"\" target=\"_blank\"><i class=\"icon-view\"><\/i><span class=\"overlay\"><\/span><img decoding=\"async\" width=\"150\" height=\"150\" src=\"https:\/\/zxdoll.com\/wp-content\/uploads\/2023\/03\/human-sex-doll-k41-150x150.jpg\" class=\"attachment-thumbnail size-thumbnail\" alt=\"\" title=\"\"><\/a><\/li><li><a data-fancybox=\"gallery472\" href=\"https:\/\/zxdoll.com\/wp-content\/uploads\/2023\/03\/human-sex-doll-k42-1-533x800.jpg\" class=\"eig-popup\" title=\"\" data-caption=\"\" target=\"_blank\"><i class=\"icon-view\"><\/i><span class=\"overlay\"><\/span><img decoding=\"async\" width=\"150\" height=\"150\" src=\"https:\/\/zxdoll.com\/wp-content\/uploads\/2023\/03\/human-sex-doll-k42-1-150x150.jpg\" class=\"attachment-thumbnail size-thumbnail\" alt=\"\" title=\"\"><\/a><\/li><li><a data-fancybox=\"gallery472\" href=\"https:\/\/zxdoll.com\/wp-content\/uploads\/2023\/03\/human-sex-doll-k43-533x800.jpg\" class=\"eig-popup\" title=\"\" data-caption=\"\" target=\"_blank\"><i class=\"icon-view\"><\/i><span class=\"overlay\"><\/span><img decoding=\"async\" width=\"150\" height=\"150\" src=\"https:\/\/zxdoll.com\/wp-content\/uploads\/2023\/03\/human-sex-doll-k43-150x150.jpg\" class=\"attachment-thumbnail size-thumbnail\" alt=\"\" title=\"\"><\/a><\/li><li><a data-fancybox=\"gallery472\" href=\"https:\/\/zxdoll.com\/wp-content\/uploads\/2023\/03\/human-sex-doll-k44-533x800.jpg\" class=\"eig-popup\" title=\"\" data-caption=\"\" target=\"_blank\"><i class=\"icon-view\"><\/i><span class=\"overlay\"><\/span><img loading=\"lazy\" decoding=\"async\" width=\"150\" height=\"150\" src=\"https:\/\/zxdoll.com\/wp-content\/uploads\/2023\/03\/human-sex-doll-k44-150x150.jpg\" class=\"attachment-thumbnail size-thumbnail\" alt=\"\" title=\"\"><\/a><\/li><li><a data-fancybox=\"gallery472\" href=\"https:\/\/zxdoll.com\/wp-content\/uploads\/2023\/03\/human-sex-doll-k46-533x800.jpg\" class=\"eig-popup\" title=\"\" data-caption=\"\" target=\"_blank\"><i class=\"icon-view\"><\/i><span class=\"overlay\"><\/span><img loading=\"lazy\" decoding=\"async\" width=\"150\" height=\"150\" src=\"https:\/\/zxdoll.com\/wp-content\/uploads\/2023\/03\/human-sex-doll-k46-150x150.jpg\" class=\"attachment-thumbnail size-thumbnail\" alt=\"\" title=\"\"><\/a><\/li><li><a data-fancybox=\"gallery472\" href=\"https:\/\/zxdoll.com\/wp-content\/uploads\/2023\/03\/human-sex-doll-k47-533x800.jpg\" class=\"eig-popup\" title=\"\" data-caption=\"\" target=\"_blank\"><i class=\"icon-view\"><\/i><span class=\"overlay\"><\/span><img loading=\"lazy\" decoding=\"async\" width=\"150\" height=\"150\" src=\"https:\/\/zxdoll.com\/wp-content\/uploads\/2023\/03\/human-sex-doll-k47-150x150.jpg\" class=\"attachment-thumbnail size-thumbnail\" alt=\"\" title=\"\"><\/a><\/li><li><a data-fancybox=\"gallery472\" href=\"https:\/\/zxdoll.com\/wp-content\/uploads\/2023\/03\/human-sex-doll-k48-533x800.jpg\" class=\"eig-popup\" title=\"\" data-caption=\"\" target=\"_blank\"><i class=\"icon-view\"><\/i><span class=\"overlay\"><\/span><img loading=\"lazy\" decoding=\"async\" width=\"150\" height=\"150\" src=\"https:\/\/zxdoll.com\/wp-content\/uploads\/2023\/03\/human-sex-doll-k48-150x150.jpg\" class=\"attachment-thumbnail size-thumbnail\" alt=\"\" title=\"\"><\/a><\/li><li><a data-fancybox=\"gallery472\" href=\"https:\/\/zxdoll.com\/wp-content\/uploads\/2023\/03\/human-sex-doll-k49-533x800.jpg\" class=\"eig-popup\" title=\"\" data-caption=\"\" target=\"_blank\"><i class=\"icon-view\"><\/i><span class=\"overlay\"><\/span><img loading=\"lazy\" decoding=\"async\" width=\"150\" height=\"150\" src=\"https:\/\/zxdoll.com\/wp-content\/uploads\/2023\/03\/human-sex-doll-k49-150x150.jpg\" class=\"attachment-thumbnail size-thumbnail\" alt=\"\" title=\"\"><\/a><\/li><li><a data-fancybox=\"gallery472\" href=\"https:\/\/zxdoll.com\/wp-content\/uploads\/2023\/03\/human-sex-doll-k412-533x800.jpg\" class=\"eig-popup\" title=\"\" data-caption=\"\" target=\"_blank\"><i class=\"icon-view\"><\/i><span class=\"overlay\"><\/span><img loading=\"lazy\" decoding=\"async\" width=\"150\" height=\"150\" src=\"https:\/\/zxdoll.com\/wp-content\/uploads\/2023\/03\/human-sex-doll-k412-150x150.jpg\" class=\"attachment-thumbnail size-thumbnail\" alt=\"\" title=\"\"><\/a><\/li><li><a data-fancybox=\"gallery472\" href=\"https:\/\/zxdoll.com\/wp-content\/uploads\/2023\/03\/human-sex-doll-k413-533x800.jpg\" class=\"eig-popup\" title=\"\" data-caption=\"\" target=\"_blank\"><i class=\"icon-view\"><\/i><span class=\"overlay\"><\/span><img loading=\"lazy\" decoding=\"async\" width=\"150\" height=\"150\" src=\"https:\/\/zxdoll.com\/wp-content\/uploads\/2023\/03\/human-sex-doll-k413-150x150.jpg\" class=\"attachment-thumbnail size-thumbnail\" alt=\"\" title=\"\"><\/a><\/li><li><a data-fancybox=\"gallery472\" href=\"https:\/\/zxdoll.com\/wp-content\/uploads\/2023\/03\/human-sex-doll-k423-533x800.jpg\" class=\"eig-popup\" title=\"\" data-caption=\"\" target=\"_blank\"><i class=\"icon-view\"><\/i><span class=\"overlay\"><\/span><img loading=\"lazy\" decoding=\"async\" width=\"150\" height=\"150\" src=\"https:\/\/zxdoll.com\/wp-content\/uploads\/2023\/03\/human-sex-doll-k423-150x150.jpg\" class=\"attachment-thumbnail size-thumbnail\" alt=\"\" title=\"\"><\/a><\/li><li><a data-fancybox=\"gallery472\" href=\"https:\/\/zxdoll.com\/wp-content\/uploads\/2023\/03\/human-sex-doll-k424-533x800.jpg\" class=\"eig-popup\" title=\"\" data-caption=\"\" target=\"_blank\"><i class=\"icon-view\"><\/i><span class=\"overlay\"><\/span><img loading=\"lazy\" decoding=\"async\" width=\"150\" height=\"150\" src=\"https:\/\/zxdoll.com\/wp-content\/uploads\/2023\/03\/human-sex-doll-k424-150x150.jpg\" class=\"attachment-thumbnail size-thumbnail\" alt=\"\" title=\"\"><\/a><\/li><li><a data-fancybox=\"gallery472\" href=\"https:\/\/zxdoll.com\/wp-content\/uploads\/2023\/03\/human-sex-doll-k427-533x800.jpg\" class=\"eig-popup\" title=\"\" data-caption=\"\" target=\"_blank\"><i class=\"icon-view\"><\/i><span class=\"overlay\"><\/span><img loading=\"lazy\" decoding=\"async\" width=\"150\" height=\"150\" src=\"https:\/\/zxdoll.com\/wp-content\/uploads\/2023\/03\/human-sex-doll-k427-150x150.jpg\" class=\"attachment-thumbnail size-thumbnail\" alt=\"\" title=\"\"><\/a><\/li><li><a data-fancybox=\"gallery472\" href=\"https:\/\/zxdoll.com\/wp-content\/uploads\/2023\/03\/human-sex-doll-k428-533x800.jpg\" class=\"eig-popup\" title=\"\" data-caption=\"\" target=\"_blank\"><i class=\"icon-view\"><\/i><span class=\"overlay\"><\/span><img loading=\"lazy\" decoding=\"async\" width=\"150\" height=\"150\" src=\"https:\/\/zxdoll.com\/wp-content\/uploads\/2023\/03\/human-sex-doll-k428-150x150.jpg\" class=\"attachment-thumbnail size-thumbnail\" alt=\"\" title=\"\"><\/a><\/li><li><a data-fancybox=\"gallery472\" href=\"https:\/\/zxdoll.com\/wp-content\/uploads\/2023\/03\/human-sex-doll-k430-533x800.jpg\" class=\"eig-popup\" title=\"\" data-caption=\"\" target=\"_blank\"><i class=\"icon-view\"><\/i><span class=\"overlay\"><\/span><img loading=\"lazy\" decoding=\"async\" width=\"150\" height=\"150\" src=\"https:\/\/zxdoll.com\/wp-content\/uploads\/2023\/03\/human-sex-doll-k430-150x150.jpg\" class=\"attachment-thumbnail size-thumbnail\" alt=\"\" title=\"\"><\/a><\/li><\/ul>\n<h4>Tabelle delle taglie<\/h4>\n<table width=\"384\">\n<tbody>\n<tr>\n<td width=\"173\">Materiale<\/td>\n<td width=\"139\">TPE<\/td>\n<\/tr>\n<tr>\n<td width=\"173\">Altezza<\/td>\n<td width=\"139\">166 cm<\/td>\n<\/tr>\n<tr>\n<td>Torace<\/td>\n<td>85 cm<\/td>\n<\/tr>\n<tr>\n<td>Busto basso<\/td>\n<td>66 cm<\/td>\n<\/tr>\n<tr>\n<td>Anca<\/td>\n<td>90 cm<\/td>\n<\/tr>\n<tr>\n<td>Vita<\/td>\n<td>59 cm<\/td>\n<\/tr>\n<tr>\n<td>Spalla<\/td>\n<td>41 cm<\/td>\n<\/tr>\n<tr>\n<td>Lunghezza del braccio<\/td>\n<td>45 cm<\/td>\n<\/tr>\n<tr>\n<td>Lunghezza della mano<\/td>\n<td>16 cm<\/td>\n<\/tr>\n<tr>\n<td>Lunghezza della gamba<\/td>\n<td>86 cm<\/td>\n<\/tr>\n<tr>\n<td>Orale<\/td>\n<td>12 cm<\/td>\n<\/tr>\n<tr>\n<td>Vaginale<\/td>\n<td>16 cm<\/td>\n<\/tr>\n<tr>\n<td>Ano<\/td>\n<td>14 cm<\/td>\n<\/tr>\n<tr>\n<td>Lunghezza del piede<\/td>\n<td>22 cm<\/td>\n<\/tr>\n<tr>\n<td>Circonferenza del collo<\/td>\n<td>27 cm<\/td>\n<\/tr>\n<tr>\n<td>Peso netto<\/td>\n<td>38 kg<\/td>\n<\/tr>\n<\/tbody>\n<\/table>\n<h4>Informazioni sulla bambola del sesso<\/h4>\n<p>Potresti essere sopraffatto dalla nostra vasta gamma di collezioni di bambole per adulti e pensare che siano troppo care. Per un principiante, \u00e8 normale pensarla in questo modo. Sono convenienti e mai al di sopra del tuo budget, la vita come una bambola fatta di TPE va da poche centinaia a mille dollari. Possedere una bambola del sesso nella vita reale \u00e8 una delle cose migliori che possono capitare a un uomo, quindi non dovresti perderti queste dolci vendite di bambole del sesso per adulti. Pagare per sesso e comfort duraturi vale ogni dollaro che puoi spendere per acquistare una bambola del sesso realistica. Il vero prezzo della bambola del sesso \u00e8 conveniente e ottieni bambole realistiche di qualit\u00e0.<\/p>\n<p>Le bambole realistiche non sono solo dotate di caratteristiche create durante il processo di produzione. Puoi anche inserire il tipo di funzionalit\u00e0 che desideri nella tua bambola del sesso realistica. Tutto ci\u00f2 che desideri \u00e8 ci\u00f2 che siamo obbligati a fare.<\/p>\n<p>La tua scelta di stoffa \u00e8 tua da affrontare. I suoi capelli e i suoi accessori sono tutti da decidere. Tutto ci\u00f2 che va bene e si adatta ai tuoi gusti pu\u00f2 essere aggiunto alla tua bambola dell&#039;amore, anche la sua parrucca.<\/p>\n<p>La bambola del sesso rossa ti aspetta per fare il necessario e riempire tutti i suoi buchi che ti stanno aspettando. La sua vagina \u00e8 appositamente progettata in modo tale da farti sentire ogni colpo che fai e avere una buona presa attorno al tuo pene.<\/p>","protected":false},"excerpt":{"rendered":"<p>Immagini della bambola del sesso Tabelle delle taglie Materiale TPE Altezza 166 cm Busto 85 cm Gi\u00f9 busto 66 cm Anca 90 cm Vita 59 cm Spalla 41 cm<\/p>","protected":false},"featured_media":19983,"comment_status":"open","ping_status":"closed","template":"","meta":[],"product_brand":[],"product_cat":[75,230,116,98,107,119],"product_tag":[],"class_list":{"0":"post-19982","1":"product","2":"type-product","3":"status-publish","4":"has-post-thumbnail","6":"product_cat-160cm-170cm-sex-dolls","7":"product_cat-36kg-40kg","8":"product_cat-big-boobs-sex-doll","9":"product_cat-realistic-sex-dolls","10":"product_cat-skinny-sex-dolls","11":"product_cat-tpe-sex-doll","12":"pa_brand-as-doll","13":"tm-has-options","15":"first","16":"instock","17":"sale","18":"shipping-taxable","19":"purchasable","20":"product-type-simple"},"_links":{"self":[{"href":"https:\/\/zxdoll.com\/it\/wp-json\/wp\/v2\/product\/19982","targetHints":{"allow":["GET"]}}],"collection":[{"href":"https:\/\/zxdoll.com\/it\/wp-json\/wp\/v2\/product"}],"about":[{"href":"https:\/\/zxdoll.com\/it\/wp-json\/wp\/v2\/types\/product"}],"replies":[{"embeddable":true,"href":"https:\/\/zxdoll.com\/it\/wp-json\/wp\/v2\/comments?post=19982"}],"version-history":[{"count":1,"href":"https:\/\/zxdoll.com\/it\/wp-json\/wp\/v2\/product\/19982\/revisions"}],"predecessor-version":[{"id":197660,"href":"https:\/\/zxdoll.com\/it\/wp-json\/wp\/v2\/product\/19982\/revisions\/197660"}],"wp:featuredmedia":[{"embeddable":true,"href":"https:\/\/zxdoll.com\/it\/wp-json\/wp\/v2\/media\/19983"}],"wp:attachment":[{"href":"https:\/\/zxdoll.com\/it\/wp-json\/wp\/v2\/media?parent=19982"}],"wp:term":[{"taxonomy":"product_brand","embeddable":true,"href":"https:\/\/zxdoll.com\/it\/wp-json\/wp\/v2\/product_brand?post=19982"},{"taxonomy":"product_cat","embeddable":true,"href":"https:\/\/zxdoll.com\/it\/wp-json\/wp\/v2\/product_cat?post=19982"},{"taxonomy":"product_tag","embeddable":true,"href":"https:\/\/zxdoll.com\/it\/wp-json\/wp\/v2\/product_tag?post=19982"}],"curies":[{"name":"wp","href":"https:\/\/api.w.org\/{rel}","templated":true}]}}